{"id":4483,"date":"2025-10-30T06:42:12","date_gmt":"2025-10-30T06:42:12","guid":{"rendered":"https:\/\/vapestornado.com\/?post_type=product&#038;p=4483"},"modified":"2025-12-12T08:55:22","modified_gmt":"2025-12-12T08:55:22","slug":"jnr-falcon-pro-28k-28000-disposable-vape-puff-bar-rechargeable","status":"publish","type":"product","link":"https:\/\/vapestornado.com\/de\/product\/jnr-falcon-pro-28k-28000-disposable-vape-puff-bar-rechargeable\/","title":{"rendered":"JNR Falcon Pro 28k 28000 Einweg-Vape-Puff-Bar Wiederaufladbar"},"content":{"rendered":"<h2 data-pm-slice=\"1 1 []\">JNR Falcon Pro 28K wiederaufladbarer Puff Bar \u2013 28000 Puffs Einweg-Vape Gro\u00dfhandel<\/h2>\n<p data-start=\"73\" data-end=\"688\">Der <strong data-start=\"97\" data-end=\"119\">JNR Falcon Pro 28K<\/strong> ist ein wiederaufladbarer Einweg-Vape, der f\u00fcr Dampfer entwickelt wurde, die mehr als nur kurzfristigen Komfort erwarten. Mit <strong data-start=\"216\" data-end=\"238\">bis zu 28.000 Z\u00fcgen<\/strong>, einem <strong data-start=\"242\" data-end=\"268\">30 ml E-Liquid-Kapazit\u00e4t<\/strong>und ein <strong data-start=\"276\" data-end=\"294\">Doppel-Mesh-Coil<\/strong>, ist er darauf ausgelegt, \u00fcber l\u00e4ngere Nutzung hinweg stabilen Geschmack und Dampf zu liefern. F\u00fcgen Sie ein <strong data-start=\"372\" data-end=\"410\">950mAh Typ-C wiederaufladbare Batterie<\/strong> und einen <strong data-start=\"418\" data-end=\"446\">intelligentes Smart-Display<\/strong>hinzu, und Sie erhalten ein Ger\u00e4t, das sich eher an <strong data-start=\"500\" data-end=\"520\">kompakte E-Zigaretten-Mods<\/strong> als an einen einfachen Einweg-Vape anlehnt \u2014 ohne Einrichtung oder Wartung.<\/p>\n<h3 data-start=\"791\" data-end=\"864\">Warum bietet der JNR Falcon Pro 28k ein besseres Preis-Leistungs-Verh\u00e4ltnis als typische Einweg-Vapes?<\/h3>\n<ul data-start=\"866\" data-end=\"2179\">\n<li data-start=\"866\" data-end=\"1161\">\n<p data-start=\"868\" data-end=\"1161\"><strong data-start=\"868\" data-end=\"906\">Ausdauer, die echte Routinen passt.<\/strong> Der <strong data-start=\"911\" data-end=\"949\">JNR Falcon Pro 28K Einweg-Vape<\/strong> kombiniert eine hohe <strong data-start=\"963\" data-end=\"982\">28K Z\u00fcge Bewertung<\/strong> mit einem <strong data-start=\"990\" data-end=\"1003\">30ml Tank<\/strong>, was ihn f\u00fcr regelm\u00e4\u00dfige Nutzer in <strong data-start=\"1045\" data-end=\"1090\">Deutschland, Frankreich, Italien, Spanien und Polen<\/strong> geeignet macht, die weniger Ersatz ben\u00f6tigen und vorhersehbaren t\u00e4glichen Gebrauch von einem Ger\u00e4t erwarten.<\/p>\n<\/li>\n<li data-start=\"1163\" data-end=\"1428\">\n<p data-start=\"1165\" data-end=\"1428\"><strong data-start=\"1165\" data-end=\"1202\">Doppelte Mesh-Spule f\u00fcr stabile Ausgabe.<\/strong> Im Inneren des <strong data-start=\"1214\" data-end=\"1243\">JNR 28K Vapers, wiederaufladbar<\/strong> Design, verteilt sich die <strong data-start=\"1256\" data-end=\"1274\">Doppel-Mesh-Coil<\/strong> Hitze gleichm\u00e4\u00dfig \u00fcber den Docht. Das hilft, den Dampf glatt zu halten und den Geschmack auch bei l\u00e4ngerer Nutzung voll zu bewahren, anstatt sich nach intensivem Gebrauch zu verw\u00e4ssern.<\/p>\n<\/li>\n<li data-start=\"1430\" data-end=\"1649\">\n<p data-start=\"1432\" data-end=\"1649\"><strong data-start=\"1432\" data-end=\"1480\">Wiederaufladbare Energie, die die Fl\u00fcssigkeit sch\u00fctzt.<\/strong> A <strong data-start=\"1483\" data-end=\"1521\">950mAh Typ-C wiederaufladbare Batterie<\/strong> bedeutet, dass Sie bei Bedarf Energie nachf\u00fcllen k\u00f6nnen und weiter dampfen, bis die Fl\u00fcssigkeit aufgebraucht ist \u2014 keine vorzeitige Entsorgung, kein verschwendetes E-Liquid.<\/p>\n<\/li>\n<li data-start=\"1651\" data-end=\"1884\">\n<p data-start=\"1653\" data-end=\"1884\"><strong data-start=\"1653\" data-end=\"1689\">Intelligentes Display h\u00e4lt Sie auf dem Laufenden.<\/strong> Der <strong data-start=\"1694\" data-end=\"1747\">Intelligentes LED-Display am JNR Falcon Pro 28K<\/strong> zeigt Batteriestand und E-Liquid-Level in Echtzeit, sodass Sie wissen, ob das Ger\u00e4t einen langen Arbeitstag oder einen Abend ausgehen abdecken kann, ohne zu raten.<\/p>\n<\/li>\n<li data-start=\"1886\" data-end=\"2179\">\n<p data-start=\"1888\" data-end=\"2179\"><strong data-start=\"1888\" data-end=\"1939\">Starker Wert f\u00fcr Einzelhandel und Gro\u00dfhandelskan\u00e4le.<\/strong> Mit Funktionen, die normalerweise bei komplexeren Ger\u00e4ten zu finden sind, <strong data-start=\"1996\" data-end=\"2018\">JNR Falcon Pro 28000<\/strong>\u00a0leistet gute Dienste in jedem <strong data-start=\"2040\" data-end=\"2053\">Dampfershop<\/strong> und passt zu K\u00e4ufern, die Premium-Disposable mit <strong data-start=\"2108\" data-end=\"2138\">Billige Zigaretten im Gro\u00dfhandel<\/strong> Alternativen f\u00fcr bessere langfristige Werte vergleichen.<\/p>\n<\/li>\n<\/ul>\n<p><strong><span style=\"color: #ff0000;\">F\u00fcge Amy auf WhatsApp hinzu, um sofort eine Antwort und einen Vape-Gutschein zu erhalten!<\/span><\/strong><\/p>\n<p><img fetchpriority=\"high\" decoding=\"async\" class=\"size-full wp-image-2932\" src=\"https:\/\/vapestornado.com\/wp-content\/uploads\/2024\/12\/Vape-Wholesale.jpg\" alt=\"Vape-Gro\u00dfhandel\" width=\"229\" height=\"300\" \/><\/p>\n<h3><a href=\"https:\/\/wa.me\/8617776015835\" target=\"_blank\" rel=\"noopener\"><span style=\"color: #ff0000;\"><strong>WhatsApp: +86 17776015835<\/strong><\/span><\/a><\/h3>\n<p>&nbsp;<\/p>\n<h2><strong>JNR Falcon Pro 28k Produktmerkmale<\/strong><\/h2>\n<table>\n<thead>\n<tr>\n<th>Eigenschaft<\/th>\n<th>Spezifikation<\/th>\n<th>Details<\/th>\n<\/tr>\n<\/thead>\n<tbody>\n<tr>\n<td>Produktname<\/td>\n<td>JNR Falcon Pro 28K<\/td>\n<td>Hochkapazitiver wiederaufladbarer Einweg-Vape<\/td>\n<\/tr>\n<tr>\n<td>Zugkapazit\u00e4t<\/td>\n<td>Bis zu 28.000 Z\u00fcge<\/td>\n<td>Entwickelt f\u00fcr l\u00e4ngeren, mehrw\u00f6chigen Gebrauch<\/td>\n<\/tr>\n<tr>\n<td>E-Liquid-Volumen<\/td>\n<td>30ml vorgef\u00fcllt<\/td>\n<td>Gro\u00dfer Tank unterst\u00fctzt lange Sitzungen<\/td>\n<\/tr>\n<tr>\n<td>Spulentechnologie<\/td>\n<td>Doppelte Mesh-Spule<\/td>\n<td>Gleichm\u00e4\u00dfige Erw\u00e4rmung f\u00fcr sanften Dampf und intensiven Geschmack<\/td>\n<\/tr>\n<tr>\n<td>Batterie<\/td>\n<td>950mAh wiederaufladbar<\/td>\n<td>Unterst\u00fctzt wiederholtes Aufladen w\u00e4hrend der gesamten Lebensdauer des Ger\u00e4ts<\/td>\n<\/tr>\n<tr>\n<td>Aufladen<\/td>\n<td>Type-C Schnellladen<\/td>\n<td>Schnelles, modernes Aufladen mit EU-Standardkabeln<\/td>\n<\/tr>\n<tr>\n<td>Anzeige<\/td>\n<td>Intelligenter Smart-Bildschirm<\/td>\n<td>Echtzeit-Status von Batterie und E-Liquid<\/td>\n<\/tr>\n<tr>\n<td>Design<\/td>\n<td>Kristallartiger K\u00f6rper mit Falcon-Logo<\/td>\n<td>Modernes Design mit solidem Handgef\u00fchl<\/td>\n<\/tr>\n<tr>\n<td>Geschmacksoptionen<\/td>\n<td>Bis zu 20 Geschmacksrichtungen<\/td>\n<td>Verf\u00fcgbare Frucht-, Eis- und Mischprofile<\/td>\n<\/tr>\n<tr>\n<td>Positionierung<\/td>\n<td>Einzelhandel &amp; Gro\u00dfhandel<\/td>\n<td>Geeignet f\u00fcr Vape-Shops und Gro\u00dfvertrieb<\/td>\n<\/tr>\n<\/tbody>\n<\/table>\n<figure id=\"attachment_4478\" aria-describedby=\"caption-attachment-4478\" style=\"width: 800px\" class=\"wp-caption alignnone\"><img decoding=\"async\" class=\"wp-image-4478 size-full\" src=\"https:\/\/vapestornado.com\/wp-content\/uploads\/2025\/10\/JNR-Falcon-Pro-28000-2-Nicotine-Disposable-Vapes.webp\" alt=\"JNR Falcon Pro 28000 2% Nikotin Einweg-Vapes\" width=\"800\" height=\"800\" srcset=\"https:\/\/vapestornado.com\/wp-content\/uploads\/2025\/10\/JNR-Falcon-Pro-28000-2-Nicotine-Disposable-Vapes.webp 800w, https:\/\/vapestornado.com\/wp-content\/uploads\/2025\/10\/JNR-Falcon-Pro-28000-2-Nicotine-Disposable-Vapes-300x300.webp 300w, https:\/\/vapestornado.com\/wp-content\/uploads\/2025\/10\/JNR-Falcon-Pro-28000-2-Nicotine-Disposable-Vapes-150x150.webp 150w, https:\/\/vapestornado.com\/wp-content\/uploads\/2025\/10\/JNR-Falcon-Pro-28000-2-Nicotine-Disposable-Vapes-768x768.webp 768w, https:\/\/vapestornado.com\/wp-content\/uploads\/2025\/10\/JNR-Falcon-Pro-28000-2-Nicotine-Disposable-Vapes-12x12.webp 12w, https:\/\/vapestornado.com\/wp-content\/uploads\/2025\/10\/JNR-Falcon-Pro-28000-2-Nicotine-Disposable-Vapes-600x600.webp 600w, https:\/\/vapestornado.com\/wp-content\/uploads\/2025\/10\/JNR-Falcon-Pro-28000-2-Nicotine-Disposable-Vapes-100x100.webp 100w\" sizes=\"(max-width: 800px) 100vw, 800px\" \/><figcaption id=\"caption-attachment-4478\" class=\"wp-caption-text\">JNR Falcon Pro 28000 2% Nikotin Einweg-Vapes<\/figcaption><\/figure>\n<h2 class=\"product-title\"><strong>JNR Falcon Pro 28k Einweg-Vape Geschmacksliste<\/strong><\/h2>\n<p>1 Erdbeer-Eis<br \/>\n2 Kirsch-Cola<br \/>\n3 Wassermelonen-Eis<br \/>\n4 Blue Razz Kirsch<br \/>\n5 Erdbeer-Kiwi<br \/>\n6 Blaubeer-Himbeer-Kirsch<br \/>\n7 Erdbeer-Wassermelonen-Eis<br \/>\n8 Kiwi-Wassermelonen-Eis<br \/>\n9 Gemischte Beeren<br \/>\n10 Saftige Pfirsiche<br \/>\n11 Blaubeer-Eis<br \/>\n12 Blaubeere-Sauer-Raspberry<br \/>\n13 Wei\u00dfe Pfirsich Razz<br \/>\n14 Mango Passionsfrucht<br \/>\n15 Pfirsich Mango Wassermelone<br \/>\n16 Wassermelone Kaugummi<br \/>\n17 Erdbeer Banane<br \/>\n18 Doppelter Apfel<br \/>\n19 Kiwi Passion Guave<br \/>\n20 Kirschbeere<\/p>\n<div class=\"flex-shrink-0 flex flex-col relative items-end\">\n<div class=\"pt-0\">\n<div class=\"gizmo-bot-avatar flex h-8 w-8 items-center justify-center overflow-hidden rounded-full\">\n<div class=\"relative p-1 rounded-sm flex items-center justify-center bg-token-main-surface-primary text-token-text-primary h-8 w-8\">\n<h2 data-start=\"1200\" data-end=\"1487\">Vapes Tornado \u2013 Dein Gro\u00dfhandels-Online-Vape-Shop f\u00fcr Top-Vape-Marken<\/h2>\n<p data-start=\"1200\" data-end=\"1487\">Vapes Tornado Online Smoke Store ist Ihr zuverl\u00e4ssiges Ziel f\u00fcr <strong data-start=\"66\" data-end=\"94\">hochwertigen Einweg-Vapes<\/strong> und <strong data-start=\"99\" data-end=\"125\">Gro\u00dfhandel E-Zigaretten<\/strong> \u00fcber ganz Europa. Wir f\u00fchren beliebte Vape-Marken wie <a href=\"https:\/\/vapestornado.com\/de\/product\/elf-bar-raya-d3-25000-puffs-best-disposable-vape-wholesale-in-uk\/\">Elf Bar Vape<\/a>, <strong data-start=\"175\" data-end=\"228\"><a href=\"https:\/\/vapestornado.com\/de\/product\/fumot-randm-tornado-15000-puffs-rechargeable-disposable-vape-wholesale\/\">Fumot Vape<\/a>, <a href=\"https:\/\/vapestornado.com\/de\/product\/waspe-150k-150000-puff-6-in-1-disposable-vape-pen-cartridge-best-wholesale-price-in-poland\/\">Waspe Vape<\/a>, Vozol Bar Vape, <a href=\"https:\/\/vapestornado.com\/de\/product-category\/bang-vape\/\">Bang Vape<\/a><\/strong>, und viele andere\u2014mit au\u00dfergew\u00f6hnlicher Qualit\u00e4t, vielf\u00e4ltigen Geschmacksoptionen und innovativen Designs. Ob Sie ein privater Nutzer oder ein Gro\u00dfabnehmer sind, <strong data-start=\"372\" data-end=\"389\">Vapes Tornado<\/strong> bietet Hochleistungsger\u00e4te, elegantes Design und unschlagbare Gro\u00dfhandelspreise, um Ihre Vaping-Bed\u00fcrfnisse zu erf\u00fcllen.<\/p>\n<h2 data-start=\"2064\" data-end=\"2115\"><\/h2>\n<h2 data-start=\"2064\" data-end=\"2115\">FAQs zum JNR Falcon Pro 28k Vape Box<\/h2>\n<h3 data-start=\"3123\" data-end=\"3203\">1. Wie lange h\u00e4lt die Einweg-Vape JNR Falcon Pro 28K im t\u00e4glichen Gebrauch?<\/h3>\n<p data-start=\"3204\" data-end=\"3362\">Mit <strong data-start=\"3209\" data-end=\"3225\">28.000 Z\u00fcge<\/strong> und einem <strong data-start=\"3232\" data-end=\"3245\">30ml Tank<\/strong>, viele Stammnutzer finden die <strong data-start=\"3275\" data-end=\"3297\">JNR Falcon Pro 28K<\/strong> h\u00e4lt <strong data-start=\"3304\" data-end=\"3321\">mehreren Wochen<\/strong>, abh\u00e4ngig von Zugl\u00e4nge und -h\u00e4ufigkeit.<\/p>\n<h3 data-start=\"3369\" data-end=\"3461\">2. Welchen Vorteil bietet die Dual-Mesh-Spule im JNR 28K wiederaufladbaren Einweg-Vape?<\/h3>\n<p data-start=\"3462\" data-end=\"3614\">Der <strong data-start=\"3466\" data-end=\"3484\">Doppel-Mesh-Coil<\/strong> erhitzt gleichm\u00e4\u00dfiger als einzelne Dr\u00e4hte, was hilft, den Dampf dicht und den Geschmack w\u00e4hrend der gesamten Lebensdauer des Ger\u00e4ts konstant zu halten.<\/p>\n<h3 data-start=\"3621\" data-end=\"3722\">3. Ist die JNR Falcon Pro 28K in der Leistung n\u00e4her an E-Zigaretten-Mods oder an herk\u00f6mmlichen Einweg-Vapes?<\/h3>\n<p data-start=\"3723\" data-end=\"3861\">In Bezug auf Ausgangsstabilit\u00e4t und Kontrolle f\u00fchlt sie sich eher an wie kompakte <strong data-start=\"3792\" data-end=\"3812\">kompakte E-Zigaretten-Mods<\/strong>, aber ohne austauschbare Spulen oder nachf\u00fcllbare Tanks.<\/p>\n<h3 data-start=\"3868\" data-end=\"3943\">4. Wie n\u00fctzlich ist der Smart-Bildschirm beim JNR Falcon Pro 28K Puff Bar?<\/h3>\n<p data-start=\"3944\" data-end=\"4092\">Der <strong data-start=\"3948\" data-end=\"3964\">intelligenter Bildschirm<\/strong> zeigt Batteriestand und Fl\u00fcssigkeitsst\u00e4nde deutlich an, was eine bessere Planung f\u00fcr das Aufladen erm\u00f6glicht und unerwartete Abschaltungen w\u00e4hrend des Tages reduziert.<\/p>\n<h3 data-start=\"4099\" data-end=\"4232\">5. Ist die JNR Falcon Pro 28K eine gute Option f\u00fcr Vape-Shops oder Gro\u00dfhandelsk\u00e4ufer, die g\u00fcnstige Zigaretten-Gro\u00dfhandelsalternativen vergleichen?<\/h3>\n<p data-start=\"4233\" data-end=\"4467\">Ja. F\u00fcr <strong data-start=\"4242\" data-end=\"4255\">Dampfershop<\/strong> Eigent\u00fcmer und Gro\u00dfabnehmer, die <strong data-start=\"4284\" data-end=\"4306\">JNR Falcon Pro 28K<\/strong> bietet eine hohe Dampfzahl, wiederaufladbares Design und Premium-Funktionen, die Nutzer ansprechen, die langfristigen Wert suchen, \u00fcber <strong data-start=\"4427\" data-end=\"4457\">Billige Zigaretten im Gro\u00dfhandel<\/strong> Produkte hinaus.<\/p>\n<\/div>\n<\/div>\n<\/div>\n<\/div>","protected":false},"excerpt":{"rendered":"<ul>\n<li data-start=\"2055\" data-end=\"2134\">\n<p data-start=\"2058\" data-end=\"2134\">Kaufe JNR 28K Puff Bar online \u2013 Langlebiger wiederaufladbarer Einweg-Vape EU<\/p>\n<\/li>\n<li data-start=\"2055\" data-end=\"2134\">\n<p data-start=\"2058\" data-end=\"2134\">JNR Falcon 28000 Puffs Vape \u2013 Dual Mesh Coil Puff Bar zum Gro\u00dfhandelspreis<\/p>\n<\/li>\n<\/ul>\n<p><strong>F\u00fcgen Sie Amys WhatsApp hinzu, um eine korrekte Antwort und einen Rabattpreis zu erhalten!<\/strong><\/p>\n<p><img fetchpriority=\"high\" decoding=\"async\" class=\"size-full wp-image-2932\" src=\"https:\/\/vapestornado.com\/wp-content\/uploads\/2024\/12\/Vape-Wholesale.jpg\" alt=\"Vape-Gro\u00dfhandel\" width=\"229\" height=\"300\" \/><\/p>\n<h3><a href=\"https:\/\/wa.me\/8617776015835\"><span style=\"color: #ff0000;\"><strong>WhatsApp: +86 17776015835<\/strong><\/span><\/a><\/h3>","protected":false},"featured_media":4477,"comment_status":"open","ping_status":"closed","template":"","meta":{"_acf_changed":false,"_uag_custom_page_level_css":"","_lmt_disableupdate":"no","_lmt_disable":"","_monsterinsights_skip_tracking":false,"_monsterinsights_sitenote_active":false,"_monsterinsights_sitenote_note":"","_monsterinsights_sitenote_category":0,"site-sidebar-layout":"default","site-content-layout":"","ast-site-content-layout":"default","site-content-style":"default","site-sidebar-style":"default","ast-global-header-display":"","ast-banner-title-visibility":"","ast-main-header-display":"","ast-hfb-above-header-display":"","ast-hfb-below-header-display":"","ast-hfb-mobile-header-display":"","site-post-title":"","ast-breadcrumbs-content":"","ast-featured-img":"","footer-sml-layout":"","ast-disable-related-posts":"","theme-transparent-header-meta":"default","adv-header-id-meta":"","stick-header-meta":"","header-above-stick-meta":"","header-main-stick-meta":"","header-below-stick-meta":"","astra-migrate-meta-layouts":"set","ast-page-background-enabled":"default","ast-page-background-meta":{"desktop":{"background-color":"","background-image":"","background-repeat":"repeat","background-position":"center center","background-size":"auto","background-attachment":"scroll","background-type":"","background-media":"","overlay-type":"","overlay-color":"","overlay-opacity":"","overlay-gradient":""},"tablet":{"background-color":"","background-image":"","background-repeat":"repeat","background-position":"center center","background-size":"auto","background-attachment":"scroll","background-type":"","background-media":"","overlay-type":"","overlay-color":"","overlay-opacity":"","overlay-gradient":""},"mobile":{"background-color":"","background-image":"","background-repeat":"repeat","background-position":"center center","background-size":"auto","background-attachment":"scroll","background-type":"","background-media":"","overlay-type":"","overlay-color":"","overlay-opacity":"","overlay-gradient":""}},"ast-content-background-meta":{"desktop":{"background-color":"var(--ast-global-color-5)","background-image":"","background-repeat":"repeat","background-position":"center center","background-size":"auto","background-attachment":"scroll","background-type":"","background-media":"","overlay-type":"","overlay-color":"","overlay-opacity":"","overlay-gradient":""},"tablet":{"background-color":"var(--ast-global-color-5)","background-image":"","background-repeat":"repeat","background-position":"center center","background-size":"auto","background-attachment":"scroll","background-type":"","background-media":"","overlay-type":"","overlay-color":"","overlay-opacity":"","overlay-gradient":""},"mobile":{"background-color":"var(--ast-global-color-5)","background-image":"","background-repeat":"repeat","background-position":"center center","background-size":"auto","background-attachment":"scroll","background-type":"","background-media":"","overlay-type":"","overlay-color":"","overlay-opacity":"","overlay-gradient":""}},"_joinchat":[]},"product_brand":[],"product_cat":[235,149,150,151,154,141,142,76,144],"product_tag":[403,406,411,412,410,390,397],"class_list":{"0":"post-4483","1":"product","2":"type-product","3":"status-publish","4":"has-post-thumbnail","6":"product_cat-28000-puff","7":"product_cat-buy-disposable-vapes-in-austria","8":"product_cat-buy-disposable-vapes-in-belgium","9":"product_cat-buy-disposable-vapes-in-france","10":"product_cat-buy-disposable-vapes-in-netherlands","11":"product_cat-crystal-disposable-vapes","12":"product_cat-digital-box-disposable-vapes","13":"product_cat-jnr-vape","14":"product_cat-low-nicotine-disposable-vapes","15":"product_tag-disposable-vape-box","16":"product_tag-disposable-vape-fast-shipping","17":"product_tag-jnr-28k","18":"product_tag-jnr-falcon-pro-280000","19":"product_tag-jnr-falcon-pro-28k","20":"product_tag-online-vape-shop","21":"product_tag-vapor","22":"desktop-align-left","23":"tablet-align-left","24":"mobile-align-left","26":"first","27":"instock","28":"sale","29":"shipping-taxable","30":"purchasable","31":"product-type-simple"},"acf":[],"uagb_featured_image_src":{"full":["https:\/\/vapestornado.com\/wp-content\/uploads\/2025\/10\/JNR-Falcon-Pro-28K-Puff-Dispsoable-Vape-Wholesale-Price.webp",800,800,false],"thumbnail":["https:\/\/vapestornado.com\/wp-content\/uploads\/2025\/10\/JNR-Falcon-Pro-28K-Puff-Dispsoable-Vape-Wholesale-Price-150x150.webp",150,150,true],"medium":["https:\/\/vapestornado.com\/wp-content\/uploads\/2025\/10\/JNR-Falcon-Pro-28K-Puff-Dispsoable-Vape-Wholesale-Price-300x300.webp",300,300,true],"medium_large":["https:\/\/vapestornado.com\/wp-content\/uploads\/2025\/10\/JNR-Falcon-Pro-28K-Puff-Dispsoable-Vape-Wholesale-Price-768x768.webp",768,768,true],"large":["https:\/\/vapestornado.com\/wp-content\/uploads\/2025\/10\/JNR-Falcon-Pro-28K-Puff-Dispsoable-Vape-Wholesale-Price.webp",800,800,false],"1536x1536":["https:\/\/vapestornado.com\/wp-content\/uploads\/2025\/10\/JNR-Falcon-Pro-28K-Puff-Dispsoable-Vape-Wholesale-Price.webp",800,800,false],"2048x2048":["https:\/\/vapestornado.com\/wp-content\/uploads\/2025\/10\/JNR-Falcon-Pro-28K-Puff-Dispsoable-Vape-Wholesale-Price.webp",800,800,false],"trp-custom-language-flag":["https:\/\/vapestornado.com\/wp-content\/uploads\/2025\/10\/JNR-Falcon-Pro-28K-Puff-Dispsoable-Vape-Wholesale-Price-12x12.webp",12,12,true],"woocommerce_thumbnail":["https:\/\/vapestornado.com\/wp-content\/uploads\/2025\/10\/JNR-Falcon-Pro-28K-Puff-Dispsoable-Vape-Wholesale-Price-300x300.webp",300,300,true],"woocommerce_single":["https:\/\/vapestornado.com\/wp-content\/uploads\/2025\/10\/JNR-Falcon-Pro-28K-Puff-Dispsoable-Vape-Wholesale-Price-600x600.webp",600,600,true],"woocommerce_gallery_thumbnail":["https:\/\/vapestornado.com\/wp-content\/uploads\/2025\/10\/JNR-Falcon-Pro-28K-Puff-Dispsoable-Vape-Wholesale-Price-100x100.webp",100,100,true]},"uagb_author_info":{"display_name":"ESAMY","author_link":"https:\/\/vapestornado.com\/de\/author\/"},"uagb_comment_info":1,"uagb_excerpt":"Buy JNR 28K Puff Bar Online \u2013 Long-Lasting Rechargeable Disposable Vape EU JNR Falcon 28000 Puffs Vape \u2013 Dual Mesh Coil Puff Bar at Wholesale Price Add Amy's whatsapp to get right reply and discount price! WhatsApp: +86 17776015835","_links":{"self":[{"href":"https:\/\/vapestornado.com\/de\/wp-json\/wp\/v2\/product\/4483","targetHints":{"allow":["GET"]}}],"collection":[{"href":"https:\/\/vapestornado.com\/de\/wp-json\/wp\/v2\/product"}],"about":[{"href":"https:\/\/vapestornado.com\/de\/wp-json\/wp\/v2\/types\/product"}],"replies":[{"embeddable":true,"href":"https:\/\/vapestornado.com\/de\/wp-json\/wp\/v2\/comments?post=4483"}],"wp:featuredmedia":[{"embeddable":true,"href":"https:\/\/vapestornado.com\/de\/wp-json\/wp\/v2\/media\/4477"}],"wp:attachment":[{"href":"https:\/\/vapestornado.com\/de\/wp-json\/wp\/v2\/media?parent=4483"}],"wp:term":[{"taxonomy":"product_brand","embeddable":true,"href":"https:\/\/vapestornado.com\/de\/wp-json\/wp\/v2\/product_brand?post=4483"},{"taxonomy":"product_cat","embeddable":true,"href":"https:\/\/vapestornado.com\/de\/wp-json\/wp\/v2\/product_cat?post=4483"},{"taxonomy":"product_tag","embeddable":true,"href":"https:\/\/vapestornado.com\/de\/wp-json\/wp\/v2\/product_tag?post=4483"}],"curies":[{"name":"wp","href":"https:\/\/api.w.org\/{rel}","templated":true}]}}