{"id":4475,"date":"2025-10-29T06:41:52","date_gmt":"2025-10-29T06:41:52","guid":{"rendered":"https:\/\/vapestornado.com\/?post_type=product&#038;p=4475"},"modified":"2025-12-12T09:08:28","modified_gmt":"2025-12-12T09:08:28","slug":"uzy-50000-puff-50k-disposable-vape-2-in-1-double-flaovr-best-wholesale-online","status":"publish","type":"product","link":"https:\/\/vapestornado.com\/de\/product\/uzy-50000-puff-50k-disposable-vape-2-in-1-double-flaovr-best-wholesale-online\/","title":{"rendered":"UZY 50000 Z\u00fcge 50k Einweg-Vape 2 in 1 Doppelgeschmack Beste Gro\u00dfhandel Online"},"content":{"rendered":"<h2 data-pm-slice=\"1 1 []\">UZY 50000 Puff Einwegvape 2-in-1 Doppelgeschmack, Dual Mesh-Spulen &amp; Smart-LED-Display<\/h2>\n<p data-start=\"103\" data-end=\"597\"><strong data-start=\"103\" data-end=\"121\">UZY 50000 Zug<\/strong> ist ein Einweg-Vape mit hoher Kapazit\u00e4t <strong data-start=\"141\" data-end=\"162\">2-in-1 Einweg<\/strong> f\u00fcr lange Nutzung und null Aufwand gebaut. Es liefert <strong data-start=\"209\" data-end=\"231\">40ml Dual-Flavour-E-Liquid-System (20ml + 20ml)<\/strong> durch <strong data-start=\"238\" data-end=\"265\">dual 20ml Geschmacks-Tanks<\/strong> (insgesamt 40ml) und <strong data-start=\"283\" data-end=\"307\">Doppel 0,9\u03a9 Mesh Coils<\/strong> f\u00fcr sanften, geschmacksorientierten Dampf. Das <strong data-start=\"348\" data-end=\"363\">Crytal Vape<\/strong>-Stil Geh\u00e4use h\u00e4lt es schlank, w\u00e4hrend das <strong data-start=\"401\" data-end=\"422\">LED-Smart-Display<\/strong> den Batteriestatus und E-Liquid-Stand deutlich anzeigt. Ein <strong data-start=\"469\" data-end=\"507\">850mAh Typ-C wiederaufladbarer Akku<\/strong> h\u00e4lt das Ger\u00e4t am Laufen, bis die Tanks leer sind, nicht bis die Batterie fr\u00fchzeitig versagt.<\/p>\n<h3 data-start=\"844\" data-end=\"895\">Warum den UZY 50000 Puff w\u00e4hlen, wenn Sie Zuverl\u00e4ssigkeit und starke Leistung wollen?<\/h3>\n<ul data-start=\"897\" data-end=\"2254\">\n<li data-start=\"897\" data-end=\"1225\">\n<p data-start=\"899\" data-end=\"1225\"><strong data-start=\"899\" data-end=\"946\">50K Ausdauer, unterst\u00fctzt durch ein Doppel-Tank-Design.<\/strong> Der <strong data-start=\"951\" data-end=\"989\">UZY 50000 Puff 50k Einwegvape<\/strong> verwendet <strong data-start=\"995\" data-end=\"1013\">2 \u00d7 20ml Tanks<\/strong> zur Unterst\u00fctzung seiner langen Lebensdauer. F\u00fcr <strong data-start=\"1048\" data-end=\"1062\">Dampfer 50k<\/strong> Benutzer in <strong data-start=\"1072\" data-end=\"1127\">Deutschland, Spanien, Polen, Frankreich und den Niederlanden<\/strong>, das typischerweise weniger Austausch und weniger Last-Minute-Besuche bei einem <strong data-start=\"1202\" data-end=\"1224\">E-Zigaretten-Shop<\/strong>.<\/p>\n<\/li>\n<li data-start=\"1227\" data-end=\"1496\">\n<p data-start=\"1229\" data-end=\"1496\"><strong data-start=\"1229\" data-end=\"1280\">Zwei Geschmacksrichtungen in einem Ger\u00e4t, sofort wechselbar.<\/strong> Der <strong data-start=\"1285\" data-end=\"1323\">UZY 50K 2-in-1 Doppelgeschmacks-Vape<\/strong> Erm\u00f6glicht den Geschmacksaustausch, wann immer sich Ihr Geschmackssinn \u00e4ndert. Das ist bei einem langlebigen Ger\u00e4t wichtig\u2014Geschmackserm\u00fcdung ist der Hauptgrund, warum Menschen Hoch-Puff-Disposable-Produkte fr\u00fchzeitig aufgeben.<\/p>\n<\/li>\n<li data-start=\"1498\" data-end=\"1749\">\n<p data-start=\"1500\" data-end=\"1749\"><strong data-start=\"1500\" data-end=\"1554\">Dual-Mesh-Spule-Ausgang bleibt glatt und konstant.<\/strong> Mit <strong data-start=\"1560\" data-end=\"1591\">0,9\u03a9 + 0,9\u03a9 Dual-Mesh-Spulen<\/strong>, ist der <strong data-start=\"1597\" data-end=\"1615\">UZY 50000 Zug<\/strong> Erh\u00e4lt dichten Dampf und stabilen Geschmack \u00fcber lange Sitzungen, reduziert den harten Abfall, den viele gro\u00dfe Disposable-Produkte gegen Ende des Tanks zeigen.<\/p>\n<\/li>\n<li data-start=\"1751\" data-end=\"1968\">\n<p data-start=\"1753\" data-end=\"1968\"><strong data-start=\"1753\" data-end=\"1793\">Intelligente LED-Anzeige entfernt R\u00e4tselraten.<\/strong> Der Bildschirm auf diesem <strong data-start=\"1813\" data-end=\"1828\">Crytal Vape<\/strong> zeigt Batteriestand und E-Liquid-Level, sodass Sie das Aufladen planen k\u00f6nnen, bevor Sie ausgehen oder eine lange Schicht haben, anstatt von einem leeren Ger\u00e4t \u00fcberrascht zu werden.<\/p>\n<\/li>\n<li data-start=\"1970\" data-end=\"2254\">\n<p data-start=\"1972\" data-end=\"2254\"><strong data-start=\"1972\" data-end=\"2020\">Wert, der f\u00fcr Einzelh\u00e4ndler und Gro\u00dfabnehmer geeignet ist.<\/strong> Mit mehreren Nikotinst\u00e4rken und einem umfangreichen Funktionsset ist die <strong data-start=\"2084\" data-end=\"2123\">UZY 50K Einweg-Vape zum g\u00fcnstigen Preis<\/strong> Positionierung macht sowohl f\u00fcr private K\u00e4ufer als auch f\u00fcr Gesch\u00e4fte, die auf <strong data-start=\"2196\" data-end=\"2216\">g\u00fcnstige Vape-Preise<\/strong> angeboten, ohne die Benutzerfreundlichkeit zu opfern.<\/p>\n<\/li>\n<\/ul>\n<p><strong><span style=\"color: #ff0000;\">F\u00fcge Amy auf WhatsApp hinzu, um sofort eine Antwort und einen Vape-Gutschein zu erhalten!<\/span><\/strong><\/p>\n<p><img fetchpriority=\"high\" decoding=\"async\" class=\"size-full wp-image-2932\" src=\"https:\/\/vapestornado.com\/wp-content\/uploads\/2024\/12\/Vape-Wholesale.jpg\" alt=\"Vape-Gro\u00dfhandel\" width=\"229\" height=\"300\" \/><\/p>\n<h3><a href=\"https:\/\/wa.me\/8617776015835\" target=\"_blank\" rel=\"noopener\"><span style=\"color: #ff0000;\"><strong>WhatsApp: +86 17776015835<\/strong><\/span><\/a><\/h3>\n<p>&nbsp;<\/p>\n<h2><strong>UZY 50000 Zug 50k Produktmerkmale<\/strong><\/h2>\n<table>\n<thead>\n<tr>\n<th>Eigenschaft<\/th>\n<th>Spezifikation<\/th>\n<th>Details<\/th>\n<\/tr>\n<\/thead>\n<tbody>\n<tr>\n<td>Produktname<\/td>\n<td>UZY 50000 Z\u00fcge \/ UZY 50K<\/td>\n<td>2-in-1 Doppelgeschmacks-Einweg-Vape<\/td>\n<\/tr>\n<tr>\n<td>Zugkapazit\u00e4t<\/td>\n<td>Bis zu 50.000 Z\u00fcge<\/td>\n<td>Langlebiges Ger\u00e4t f\u00fcr den erweiterten t\u00e4glichen Gebrauch<\/td>\n<\/tr>\n<tr>\n<td>E-Liquid-System<\/td>\n<td>Doppelbeh\u00e4lter: 2 \u00d7 20ml (insgesamt 40ml)<\/td>\n<td>Unterst\u00fctzt die hohe Puffs-Rating und lange Sitzungen<\/td>\n<\/tr>\n<tr>\n<td>Spulentyp<\/td>\n<td>Duale Mesh-Spulen 0,9\u03a9 + 0,9\u03a9<\/td>\n<td>Gleichm\u00e4\u00dfige Erw\u00e4rmung f\u00fcr sanften Dampf und intensiven Geschmack<\/td>\n<\/tr>\n<tr>\n<td>Batterie<\/td>\n<td>850mAh wiederaufladbar<\/td>\n<td>Aufladen, um beide Beh\u00e4lter fertigzustellen, anstatt fr\u00fchzeitig zu entsorgen<\/td>\n<\/tr>\n<tr>\n<td>Aufladen<\/td>\n<td>Typ-C<\/td>\n<td>Schnellladung mit modernen EU-Kabeln<\/td>\n<\/tr>\n<tr>\n<td>Anzeige<\/td>\n<td>LED-Smart-Display<\/td>\n<td>Zeigt Batteriestand und E-Liquid-Level in Echtzeit<\/td>\n<\/tr>\n<tr>\n<td>Nikotin Optionen<\/td>\n<td>0% \/ 2% \/ 3% \/ 5%<\/td>\n<td>Passt f\u00fcr nikotinfreie, moderate und starke Nutzer<\/td>\n<\/tr>\n<tr>\n<td>Geh\u00e4usedesign<\/td>\n<td>Premium Kristallk\u00f6rper<\/td>\n<td>Elegantes \u201eCrytal Vape\u201c-Design mit handtaschenfreundlicher Bauweise<\/td>\n<\/tr>\n<\/tbody>\n<\/table>\n<figure id=\"attachment_4473\" aria-describedby=\"caption-attachment-4473\" style=\"width: 300px\" class=\"wp-caption alignnone\"><img decoding=\"async\" class=\"size-medium wp-image-4473\" src=\"https:\/\/vapestornado.com\/wp-content\/uploads\/2025\/10\/UZY-50000-Puffs-2-in-1-Disposable-Vapor-300x300.webp\" alt=\"UZY 50000 Z\u00fcge 2-in-1 Einweg-Dampf\" width=\"300\" height=\"300\" srcset=\"https:\/\/vapestornado.com\/wp-content\/uploads\/2025\/10\/UZY-50000-Puffs-2-in-1-Disposable-Vapor-300x300.webp 300w, https:\/\/vapestornado.com\/wp-content\/uploads\/2025\/10\/UZY-50000-Puffs-2-in-1-Disposable-Vapor-150x150.webp 150w, https:\/\/vapestornado.com\/wp-content\/uploads\/2025\/10\/UZY-50000-Puffs-2-in-1-Disposable-Vapor-768x768.webp 768w, https:\/\/vapestornado.com\/wp-content\/uploads\/2025\/10\/UZY-50000-Puffs-2-in-1-Disposable-Vapor-12x12.webp 12w, https:\/\/vapestornado.com\/wp-content\/uploads\/2025\/10\/UZY-50000-Puffs-2-in-1-Disposable-Vapor-600x600.webp 600w, https:\/\/vapestornado.com\/wp-content\/uploads\/2025\/10\/UZY-50000-Puffs-2-in-1-Disposable-Vapor-100x100.webp 100w, https:\/\/vapestornado.com\/wp-content\/uploads\/2025\/10\/UZY-50000-Puffs-2-in-1-Disposable-Vapor.webp 800w\" sizes=\"(max-width: 300px) 100vw, 300px\" \/><figcaption id=\"caption-attachment-4473\" class=\"wp-caption-text\">UZY 50000 Z\u00fcge 2-in-1 Einweg-Dampf<\/figcaption><\/figure>\n<h2 class=\"product-title\"><strong>UZY 50000 Zug 50k Einweg-Vape Geschmacksliste<\/strong><\/h2>\n<p>1.Blaubeere auf Eis &amp; Sommerpfirsich-Eis<br \/>\n2.Kiwi Passionsfrucht Guave &amp; Blaubeere Himbeere<br \/>\n3.Erdbeere Kiwi &amp; Trauben-Eis<br \/>\n4. Kiwi Passionsfrucht Guave<br \/>\n5.Erdbeere Wassermelone &amp; Zitrone Limette<br \/>\n6.Blaubeere Himbeere &amp; Kirsche Eis<br \/>\n7.Erdbeere Himbeere Kirsche &amp; Mr Blue<br \/>\n8.Pfirsich Mango Ananas &amp; Red Bull<br \/>\n9.Wassermelone Eis &amp; Gemischte Beeren<br \/>\n10.Erdbeere Banane &amp; Love 66<\/p>\n<div class=\"flex-shrink-0 flex flex-col relative items-end\">\n<div class=\"pt-0\">\n<div class=\"gizmo-bot-avatar flex h-8 w-8 items-center justify-center overflow-hidden rounded-full\">\n<div class=\"relative p-1 rounded-sm flex items-center justify-center bg-token-main-surface-primary text-token-text-primary h-8 w-8\">\n<h2 data-start=\"1200\" data-end=\"1487\">Vapes Tornado \u2013 Dein Gro\u00dfhandels-Online-Vape-Shop f\u00fcr Top-Vape-Marken<\/h2>\n<p data-start=\"1200\" data-end=\"1487\">Vapes Tornado Online Smoke Store ist Ihr zuverl\u00e4ssiges Ziel f\u00fcr <strong data-start=\"66\" data-end=\"94\">hochwertigen Einweg-Vapes<\/strong> und <strong data-start=\"99\" data-end=\"125\">Gro\u00dfhandel E-Zigaretten<\/strong> \u00fcber ganz Europa. Wir f\u00fchren beliebte Vape-Marken wie <a href=\"https:\/\/vapestornado.com\/de\/product\/elf-bar-raya-d3-25000-puffs-best-disposable-vape-wholesale-in-uk\/\">Elf Bar Vape<\/a>, <strong data-start=\"175\" data-end=\"228\"><a href=\"https:\/\/vapestornado.com\/de\/product\/fumot-randm-tornado-15000-puffs-rechargeable-disposable-vape-wholesale\/\">Fumot Vape<\/a>, <a href=\"https:\/\/vapestornado.com\/de\/product\/waspe-150k-150000-puff-6-in-1-disposable-vape-pen-cartridge-best-wholesale-price-in-poland\/\">Waspe Vape<\/a>, Vozol Bar Vape, <a href=\"https:\/\/vapestornado.com\/de\/product-category\/bang-vape\/\">Bang Vape<\/a><\/strong>, und viele andere\u2014mit au\u00dfergew\u00f6hnlicher Qualit\u00e4t, vielf\u00e4ltigen Geschmacksoptionen und innovativen Designs. Ob Sie ein privater Nutzer oder ein Gro\u00dfabnehmer sind, <strong data-start=\"372\" data-end=\"389\">Vapes Tornado<\/strong> bietet Hochleistungsger\u00e4te, elegantes Design und unschlagbare Gro\u00dfhandelspreise, um Ihre Vaping-Bed\u00fcrfnisse zu erf\u00fcllen.<\/p>\n<h2 data-start=\"2064\" data-end=\"2115\">FAQs zum UZY 50000 Puff 50k Vape Box<\/h2>\n<ol data-start=\"3177\" data-end=\"4488\">\n<li data-start=\"3177\" data-end=\"3447\">\n<p data-start=\"3180\" data-end=\"3447\"><strong data-start=\"3180\" data-end=\"3271\">Wie hilft das Design des UZY 50000 Puffs 2\u00d720ml Tanks, in der Praxis 50.000 Z\u00fcge zu erreichen?<\/strong><br data-start=\"3271\" data-end=\"3274\" \/>Zwei separate <strong data-start=\"3287\" data-end=\"3301\">20ml Beh\u00e4lter<\/strong> bieten eine gr\u00f6\u00dfere Gesamtkapazit\u00e4t und halten die Leistung bei l\u00e4ngerer Nutzung stabiler, was die Lebensdauer der 50K-Klasse besser unterst\u00fctzt als einzelne kleine Reservoirs.<\/p>\n<\/li>\n<li data-start=\"3449\" data-end=\"3695\">\n<p data-start=\"3452\" data-end=\"3695\"><strong data-start=\"3452\" data-end=\"3542\">Verbessert das UZY 50K Dual-Mesh-Spulen-Setup 0,9\u03a9+0,9\u03a9 den Geschmack \u00fcber die Zeit?<\/strong><br data-start=\"3542\" data-end=\"3545\" \/>Ja. Dual-Mesh-Spulen heizen gleichm\u00e4\u00dfig, wodurch der Geschmack voller bleibt und der Dampf auch bei l\u00e4ngerer Nutzung sanft bleibt, im Vergleich zu einfachen Einzelschicht-Disposables.<\/p>\n<\/li>\n<li data-start=\"3697\" data-end=\"3927\">\n<p data-start=\"3700\" data-end=\"3927\"><strong data-start=\"3700\" data-end=\"3780\">Ist die UZY 50000 Puff Type-C wiederaufladbare Funktion bei einem 50K-Ger\u00e4t notwendig?<\/strong><br data-start=\"3780\" data-end=\"3783\" \/>Absolut. Hochkapazitive Einwegger\u00e4te k\u00f6nnen ihre Batterie \u00fcbertreffen; Type-C-Aufladung verhindert vorzeitige Entsorgung und hilft, beide Beh\u00e4lter fertigzustellen.<\/p>\n<\/li>\n<li data-start=\"3929\" data-end=\"4194\">\n<p data-start=\"3932\" data-end=\"4194\"><strong data-start=\"3932\" data-end=\"4034\">Welchen praktischen Vorteil bietet das UZY 50000 Puff LED-Smart-Display gegen\u00fcber Disposables ohne Anzeige?<\/strong><br data-start=\"4034\" data-end=\"4037\" \/>Es zeigt Batteriestand und E-Liquid-Level, hilft beim Planen des Aufladens und vermeidet unerwartete Abschaltungen\u2014besonders n\u00fctzlich beim Reisen oder bei t\u00e4glicher Nutzung eines Ger\u00e4ts.<\/p>\n<\/li>\n<li data-start=\"4196\" data-end=\"4488\">\n<p data-start=\"4199\" data-end=\"4488\"><strong data-start=\"4199\" data-end=\"4315\">Ist der UZY 50K Kristall-Vape eine gute Wahl f\u00fcr K\u00e4ufer, die g\u00fcnstige Vape-Preise in einem E-Zigaretten-Shop vergleichen?<\/strong><br data-start=\"4315\" data-end=\"4318\" \/>Ja. Er kombiniert langlebige Kapazit\u00e4t, doppelte Geschmacksrichtungen und wiederaufladbare Nutzbarkeit\u2014Merkmale, die den Wert oft rechtfertigen, selbst wenn K\u00e4ufer auf Angebote fokussieren. <strong data-start=\"4461\" data-end=\"4481\">g\u00fcnstige Vape-Preise<\/strong> .<\/p>\n<\/li>\n<\/ol>\n<\/div>\n<\/div>\n<\/div>\n<\/div>","protected":false},"excerpt":{"rendered":"<p>UZY 50000 Puff (UZY 50K) 2-in-1 Doppelgeschmacks-Einwegvape mit dualen 20ml Tanks, dualen 0,9\u03a9 Mesh-Spulen, 850mAh Typ-C wiederaufladbarer Batterie und LED-Smart-Display. Kristallk\u00f6rper \u201eCrytal Vape\u201c f\u00fcr Dampfer, die 50k suchen, die lange Laufzeit und ein starkes Preis-Leistungs-Verh\u00e4ltnis bei g\u00fcnstigen Vapes bieten.<\/p>\n<p><strong>F\u00fcgen Sie Amys WhatsApp hinzu, um eine korrekte Antwort und einen Rabattpreis zu erhalten!<\/strong><\/p>\n<p><img fetchpriority=\"high\" decoding=\"async\" class=\"size-full wp-image-2932\" src=\"https:\/\/vapestornado.com\/wp-content\/uploads\/2024\/12\/Vape-Wholesale.jpg\" alt=\"Vape-Gro\u00dfhandel\" width=\"229\" height=\"300\" \/><\/p>\n<h3><a href=\"https:\/\/wa.me\/8617776015835\"><span style=\"color: #ff0000;\"><strong>WhatsApp: +86 17776015835<\/strong><\/span><\/a><\/h3>","protected":false},"featured_media":4474,"comment_status":"open","ping_status":"closed","template":"","meta":{"_acf_changed":false,"_uag_custom_page_level_css":"","_lmt_disableupdate":"no","_lmt_disable":"","_monsterinsights_skip_tracking":false,"_monsterinsights_sitenote_active":false,"_monsterinsights_sitenote_note":"","_monsterinsights_sitenote_category":0,"site-sidebar-layout":"default","site-content-layout":"","ast-site-content-layout":"default","site-content-style":"default","site-sidebar-style":"default","ast-global-header-display":"","ast-banner-title-visibility":"","ast-main-header-display":"","ast-hfb-above-header-display":"","ast-hfb-below-header-display":"","ast-hfb-mobile-header-display":"","site-post-title":"","ast-breadcrumbs-content":"","ast-featured-img":"","footer-sml-layout":"","ast-disable-related-posts":"","theme-transparent-header-meta":"default","adv-header-id-meta":"","stick-header-meta":"","header-above-stick-meta":"","header-main-stick-meta":"","header-below-stick-meta":"","astra-migrate-meta-layouts":"set","ast-page-background-enabled":"default","ast-page-background-meta":{"desktop":{"background-color":"","background-image":"","background-repeat":"repeat","background-position":"center center","background-size":"auto","background-attachment":"scroll","background-type":"","background-media":"","overlay-type":"","overlay-color":"","overlay-opacity":"","overlay-gradient":""},"tablet":{"background-color":"","background-image":"","background-repeat":"repeat","background-position":"center center","background-size":"auto","background-attachment":"scroll","background-type":"","background-media":"","overlay-type":"","overlay-color":"","overlay-opacity":"","overlay-gradient":""},"mobile":{"background-color":"","background-image":"","background-repeat":"repeat","background-position":"center center","background-size":"auto","background-attachment":"scroll","background-type":"","background-media":"","overlay-type":"","overlay-color":"","overlay-opacity":"","overlay-gradient":""}},"ast-content-background-meta":{"desktop":{"background-color":"var(--ast-global-color-5)","background-image":"","background-repeat":"repeat","background-position":"center center","background-size":"auto","background-attachment":"scroll","background-type":"","background-media":"","overlay-type":"","overlay-color":"","overlay-opacity":"","overlay-gradient":""},"tablet":{"background-color":"var(--ast-global-color-5)","background-image":"","background-repeat":"repeat","background-position":"center center","background-size":"auto","background-attachment":"scroll","background-type":"","background-media":"","overlay-type":"","overlay-color":"","overlay-opacity":"","overlay-gradient":""},"mobile":{"background-color":"var(--ast-global-color-5)","background-image":"","background-repeat":"repeat","background-position":"center center","background-size":"auto","background-attachment":"scroll","background-type":"","background-media":"","overlay-type":"","overlay-color":"","overlay-opacity":"","overlay-gradient":""}},"_joinchat":[]},"product_brand":[],"product_cat":[192,156,157,158,141,142,143,357,356],"product_tag":[403,406,390,408,397],"class_list":{"0":"post-4475","1":"product","2":"type-product","3":"status-publish","4":"has-post-thumbnail","6":"product_cat-50000-puff","7":"product_cat-buy-disposable-vapes-in-poland","8":"product_cat-buy-disposable-vapes-in-portugal","9":"product_cat-buy-disposable-vapes-in-spain","10":"product_cat-crystal-disposable-vapes","11":"product_cat-digital-box-disposable-vapes","12":"product_cat-dual-mesh-disposable-vapes","13":"product_cat-flavor-adjustable-vape","14":"product_cat-uzy-vape","15":"product_tag-disposable-vape-box","16":"product_tag-disposable-vape-fast-shipping","17":"product_tag-online-vape-shop","18":"product_tag-uzy-50000-puff","19":"product_tag-vapor","20":"desktop-align-left","21":"tablet-align-left","22":"mobile-align-left","24":"first","25":"instock","26":"sale","27":"shipping-taxable","28":"purchasable","29":"product-type-simple"},"acf":[],"uagb_featured_image_src":{"full":["https:\/\/vapestornado.com\/wp-content\/uploads\/2025\/10\/UZY-Crystal-Twin-50000-Puffs-Wholesale-Disposable-Vape.webp",800,800,false],"thumbnail":["https:\/\/vapestornado.com\/wp-content\/uploads\/2025\/10\/UZY-Crystal-Twin-50000-Puffs-Wholesale-Disposable-Vape-150x150.webp",150,150,true],"medium":["https:\/\/vapestornado.com\/wp-content\/uploads\/2025\/10\/UZY-Crystal-Twin-50000-Puffs-Wholesale-Disposable-Vape-300x300.webp",300,300,true],"medium_large":["https:\/\/vapestornado.com\/wp-content\/uploads\/2025\/10\/UZY-Crystal-Twin-50000-Puffs-Wholesale-Disposable-Vape-768x768.webp",768,768,true],"large":["https:\/\/vapestornado.com\/wp-content\/uploads\/2025\/10\/UZY-Crystal-Twin-50000-Puffs-Wholesale-Disposable-Vape.webp",800,800,false],"1536x1536":["https:\/\/vapestornado.com\/wp-content\/uploads\/2025\/10\/UZY-Crystal-Twin-50000-Puffs-Wholesale-Disposable-Vape.webp",800,800,false],"2048x2048":["https:\/\/vapestornado.com\/wp-content\/uploads\/2025\/10\/UZY-Crystal-Twin-50000-Puffs-Wholesale-Disposable-Vape.webp",800,800,false],"trp-custom-language-flag":["https:\/\/vapestornado.com\/wp-content\/uploads\/2025\/10\/UZY-Crystal-Twin-50000-Puffs-Wholesale-Disposable-Vape-12x12.webp",12,12,true],"woocommerce_thumbnail":["https:\/\/vapestornado.com\/wp-content\/uploads\/2025\/10\/UZY-Crystal-Twin-50000-Puffs-Wholesale-Disposable-Vape-300x300.webp",300,300,true],"woocommerce_single":["https:\/\/vapestornado.com\/wp-content\/uploads\/2025\/10\/UZY-Crystal-Twin-50000-Puffs-Wholesale-Disposable-Vape-600x600.webp",600,600,true],"woocommerce_gallery_thumbnail":["https:\/\/vapestornado.com\/wp-content\/uploads\/2025\/10\/UZY-Crystal-Twin-50000-Puffs-Wholesale-Disposable-Vape-100x100.webp",100,100,true]},"uagb_author_info":{"display_name":"ESAMY","author_link":"https:\/\/vapestornado.com\/de\/author\/"},"uagb_comment_info":1,"uagb_excerpt":"UZY 50000 Puff (UZY 50K) 2-in-1 double flavour disposable vape with dual 20ml tanks, dual 0.9\u03a9 mesh coils, 850mAh Type-C rechargeable battery and LED smart screen. Crystal-body \u201cCrytal vape\u201d for vapers 50k seeking long runtime and strong value at vape cheap price. Add Amy's whatsapp to get right reply and discount price! WhatsApp: +86 17776015835","_links":{"self":[{"href":"https:\/\/vapestornado.com\/de\/wp-json\/wp\/v2\/product\/4475","targetHints":{"allow":["GET"]}}],"collection":[{"href":"https:\/\/vapestornado.com\/de\/wp-json\/wp\/v2\/product"}],"about":[{"href":"https:\/\/vapestornado.com\/de\/wp-json\/wp\/v2\/types\/product"}],"replies":[{"embeddable":true,"href":"https:\/\/vapestornado.com\/de\/wp-json\/wp\/v2\/comments?post=4475"}],"wp:featuredmedia":[{"embeddable":true,"href":"https:\/\/vapestornado.com\/de\/wp-json\/wp\/v2\/media\/4474"}],"wp:attachment":[{"href":"https:\/\/vapestornado.com\/de\/wp-json\/wp\/v2\/media?parent=4475"}],"wp:term":[{"taxonomy":"product_brand","embeddable":true,"href":"https:\/\/vapestornado.com\/de\/wp-json\/wp\/v2\/product_brand?post=4475"},{"taxonomy":"product_cat","embeddable":true,"href":"https:\/\/vapestornado.com\/de\/wp-json\/wp\/v2\/product_cat?post=4475"},{"taxonomy":"product_tag","embeddable":true,"href":"https:\/\/vapestornado.com\/de\/wp-json\/wp\/v2\/product_tag?post=4475"}],"curies":[{"name":"wp","href":"https:\/\/api.w.org\/{rel}","templated":true}]}}