{"id":4438,"date":"2025-10-20T04:17:46","date_gmt":"2025-10-20T04:17:46","guid":{"rendered":"https:\/\/vapestornado.com\/?post_type=product&#038;p=4438"},"modified":"2025-12-12T09:51:23","modified_gmt":"2025-12-12T09:51:23","slug":"bang-legend-120000-120k-puff-5-in-1-flavor-switch-disposable-vape","status":"publish","type":"product","link":"https:\/\/vapestornado.com\/de\/product\/bang-legend-120000-120k-puff-5-in-1-flavor-switch-disposable-vape\/","title":{"rendered":"Bang Legend 120000 120.000 Z\u00fcge 5-in-1 Geschmackswechsel Einweg-Vape"},"content":{"rendered":"<h2 data-pm-slice=\"1 1 []\">Bang Legend 120000 Einweg-E-Zigarette \u2014 Bang Legend 120k 5-in-1 Geschmackswechsel &amp; 120.000 Z\u00fcge<\/h2>\n<p data-start=\"1107\" data-end=\"1364\"><strong data-start=\"103\" data-end=\"125\">Bang Legend 120000<\/strong> ist ein Einweg-Vape mit hoher Kapazit\u00e4t <strong data-start=\"145\" data-end=\"160\">E-Zigarette<\/strong> entwickelt f\u00fcr Nutzer, die ein Ger\u00e4t m\u00f6chten, das den ganzen Monat (und dar\u00fcber hinaus) abdeckt, ohne auf einen einzigen Geschmack beschr\u00e4nkt zu sein. Es liefert bis zu <strong data-start=\"301\" data-end=\"318\">120.000 Z\u00fcge<\/strong> und f\u00fcgt ein <strong data-start=\"330\" data-end=\"355\">5-in-1 Geschmackswechsel<\/strong> hinzu, damit Sie zwischen f\u00fcnf Mischungen sofort wechseln k\u00f6nnen. Ein <strong data-start=\"407\" data-end=\"427\">Mesh-Spulentriebwerk<\/strong> h\u00e4lt den Dampf dicht und den Geschmack kr\u00e4ftig, w\u00e4hrend <strong data-start=\"473\" data-end=\"495\">einstellbarer Luftstrom<\/strong> Sie zwischen einem engeren MTL-Zug und einem volleren, luftigen Zug wechseln lassen. Das <strong data-start=\"568\" data-end=\"599\">Typ-C-wiederaufladbarer Akku<\/strong> und <strong data-start=\"604\" data-end=\"625\">LED-Smart-Display<\/strong> bleibt praktisch: Schnell aufladen, Batterie und Fl\u00fcssigkeit \u00fcberwachen und weitermachen.<\/p>\n<h3 data-start=\"1136\" data-end=\"1187\">Leistungs-Highlights (SEO-reich, nutzerorientiert)<\/h3>\n<ul data-start=\"1189\" data-end=\"2704\">\n<li data-start=\"1189\" data-end=\"1518\">\n<p data-start=\"1191\" data-end=\"1518\"><strong data-start=\"1191\" data-end=\"1235\">120K Ausdauer, gebaut f\u00fcr intensive Routinen.<\/strong> Der <strong data-start=\"1240\" data-end=\"1285\">Bang Legend 120000 Einweg-E-Zigarette<\/strong> ist f\u00fcr Nutzer gedacht, die Standard-Einwegprodukte zu schnell aufbrauchen. In <strong data-start=\"1358\" data-end=\"1403\">Deutschland, Spanien, Polen, Frankreich und Italien<\/strong>gewinnen Ger\u00e4te in dieser Klasse, weil sie Wiederholungsk\u00e4ufe reduzieren und den t\u00e4glichen Gebrauch vereinfachen\u2014ein Ger\u00e4t, lange Laufzeit.<\/p>\n<\/li>\n<li data-start=\"1520\" data-end=\"1834\">\n<p data-start=\"1522\" data-end=\"1834\"><strong data-start=\"1522\" data-end=\"1566\">5 Geschmacksrichtungen verhindern \u201eGeschmacksmonotonie\u201c.<\/strong> Der <strong data-start=\"1571\" data-end=\"1613\">Bang Legend 120k 5-in-1 Geschmackswechsel<\/strong> l\u00f6st die Hauptschw\u00e4che ultra-hoher Zugzahlen-Ger\u00e4te: Langeweile. Das Rotieren der Geschmacksrichtungen in Sekunden h\u00e4lt das Ger\u00e4t bei l\u00e4ngerer Nutzung angenehm, was die tats\u00e4chlichen Abschlussraten im Vergleich zu Ein-Geschmacks-High-Puff-Bars verbessert.<\/p>\n<\/li>\n<li data-start=\"1836\" data-end=\"2060\">\n<p data-start=\"1838\" data-end=\"2060\"><strong data-start=\"1838\" data-end=\"1887\">Mesh-Spulentriebwerk bleibt dicht und geschmeidig.<\/strong> Der <strong data-start=\"1892\" data-end=\"1912\">Mesh-Spulentriebwerk<\/strong> verteilt die Hitze gleichm\u00e4\u00dfig, unterst\u00fctzt dichten Dampf und starken Geschmack, ohne die rauen, trockenen Z\u00fcge, die sp\u00e4t im Lebenszyklus eines Ger\u00e4ts auftreten k\u00f6nnen.<\/p>\n<\/li>\n<li data-start=\"2062\" data-end=\"2358\">\n<p data-start=\"2064\" data-end=\"2358\"><strong data-start=\"2064\" data-end=\"2111\">Verstellbare Luftzufuhr f\u00fcr MTL oder vollere Z\u00fcge.<\/strong> Die Luftstromregelung erm\u00f6glicht es, den Zug f\u00fcr ein Zigaretten-\u00e4hnliches Gef\u00fchl zu verengen oder f\u00fcr ein offeneres Inhalieren zu \u00f6ffnen. Diese Flexibilit\u00e4t hilft Ex-Rauchern und erfahrenen Vaper, dasselbe Ger\u00e4t in unterschiedlichen Situationen zu verwenden\u2014bei Arbeitspausen, Reisen oder Nachtleben.<\/p>\n<\/li>\n<li data-start=\"2360\" data-end=\"2704\">\n<p data-start=\"2362\" data-end=\"2704\"><strong data-start=\"2362\" data-end=\"2414\">Gro\u00dfhandelsbereiter Wert zu einem g\u00fcnstigen Preis pro Zug.<\/strong> F\u00fcr jeden <strong data-start=\"2423\" data-end=\"2447\">Zigaretten-Gro\u00dfh\u00e4ndler<\/strong> oder Einzelhandelsk\u00e4ufer, der Hochkapazit\u00e4tsoptionen vergleicht, ist das <strong data-start=\"2501\" data-end=\"2523\">Bang Legend 120000<\/strong> leicht zu positionieren: enorme Zuganzahl, Mehrfachgeschmackswechsel, intelligentes Display und Wiederaufladbarkeit\u2014Funktionen, die die Wiederholungsnachfrage rechtfertigen und gleichzeitig die Kosten pro Zug attraktiv halten.<\/p>\n<\/li>\n<\/ul>\n<p><strong><span style=\"color: #ff0000;\">F\u00fcge Amy auf WhatsApp hinzu, um sofort eine Antwort und einen Vape-Gutschein zu erhalten!<\/span><\/strong><\/p>\n<p><img fetchpriority=\"high\" decoding=\"async\" class=\"size-full wp-image-2932\" src=\"https:\/\/vapestornado.com\/wp-content\/uploads\/2024\/12\/Vape-Wholesale.jpg\" alt=\"Vape-Gro\u00dfhandel\" width=\"229\" height=\"300\" \/><\/p>\n<h3><a href=\"https:\/\/wa.me\/8617776015835\" target=\"_blank\" rel=\"noopener\"><span style=\"color: #ff0000;\"><strong>WhatsApp: +86 17776015835<\/strong><\/span><\/a><\/h3>\n<p>&nbsp;<\/p>\n<h2><strong>Bang Legend 120000 Zug 5 in 1 Highlight Produktmerkmale<\/strong><\/h2>\n<table>\n<thead>\n<tr>\n<th>Eigenschaft<\/th>\n<th>Spezifikation<\/th>\n<th>Details<\/th>\n<\/tr>\n<\/thead>\n<tbody>\n<tr>\n<td>Produktname<\/td>\n<td>Bang Legend 120000 \/ Bang Legend 120k<\/td>\n<td>5-in-1 Geschmackswechsel Einweg-E-Zigarette<\/td>\n<\/tr>\n<tr>\n<td>Zugkapazit\u00e4t<\/td>\n<td>Bis zu 120.000 Z\u00fcge<\/td>\n<td>Ultra-lange Lebensdauer f\u00fcr schwere oder h\u00e4ufige Nutzer<\/td>\n<\/tr>\n<tr>\n<td>Geschmacksystem<\/td>\n<td>5-in-1 Geschmackswechsel<\/td>\n<td>F\u00fcnf vorinstallierte Geschmacksrichtungen in einem Ger\u00e4t, sofortiger Wechsel<\/td>\n<\/tr>\n<tr>\n<td>Spulentyp<\/td>\n<td>Mesh-Spulentechnologie<\/td>\n<td>Gleichm\u00e4\u00dfige Erw\u00e4rmung f\u00fcr dichten Dampf und intensiven Geschmack<\/td>\n<\/tr>\n<tr>\n<td>Aufladen<\/td>\n<td>\u00fcber USB-C wiederaufladbar<\/td>\n<td>Schnelle Nachf\u00fcllungen, um das Ger\u00e4t w\u00e4hrend seiner gesamten Lebensdauer nutzbar zu halten<\/td>\n<\/tr>\n<tr>\n<td>Luftstrom<\/td>\n<td>Einstellbare Luftzirkulation<\/td>\n<td>Einstellbarer Zug von engerem MTL bis zu einem offeneren Inhalieren<\/td>\n<\/tr>\n<tr>\n<td>Anzeige<\/td>\n<td>LED-Smart-Display<\/td>\n<td>Zeigt Batteriestand und E-Liquid-Levels deutlich an<\/td>\n<\/tr>\n<tr>\n<td>Positionierung<\/td>\n<td>Einzelhandel + Gro\u00dfhandel<\/td>\n<td>Entwickelt f\u00fcr die Hochumschlag-Kategorie von Wechsel-Vapes und Gro\u00dfbestellungen<\/td>\n<\/tr>\n<\/tbody>\n<\/table>\n<figure id=\"attachment_4437\" aria-describedby=\"caption-attachment-4437\" style=\"width: 300px\" class=\"wp-caption alignnone\"><img decoding=\"async\" class=\"size-medium wp-image-4437\" src=\"https:\/\/vapestornado.com\/wp-content\/uploads\/2025\/10\/Newest-Bang-Legend-120K-Puff-5-In-1-Flavor-Switch-Vape-Cheap-Price-300x300.webp\" alt=\"Neuestes Bang Legend 120K Zug 5-in-1 Geschmackswechsel Vape G\u00fcnstiger Preis\" width=\"300\" height=\"300\" srcset=\"https:\/\/vapestornado.com\/wp-content\/uploads\/2025\/10\/Newest-Bang-Legend-120K-Puff-5-In-1-Flavor-Switch-Vape-Cheap-Price-300x300.webp 300w, https:\/\/vapestornado.com\/wp-content\/uploads\/2025\/10\/Newest-Bang-Legend-120K-Puff-5-In-1-Flavor-Switch-Vape-Cheap-Price-150x150.webp 150w, https:\/\/vapestornado.com\/wp-content\/uploads\/2025\/10\/Newest-Bang-Legend-120K-Puff-5-In-1-Flavor-Switch-Vape-Cheap-Price-768x768.webp 768w, https:\/\/vapestornado.com\/wp-content\/uploads\/2025\/10\/Newest-Bang-Legend-120K-Puff-5-In-1-Flavor-Switch-Vape-Cheap-Price-12x12.webp 12w, https:\/\/vapestornado.com\/wp-content\/uploads\/2025\/10\/Newest-Bang-Legend-120K-Puff-5-In-1-Flavor-Switch-Vape-Cheap-Price-600x600.webp 600w, https:\/\/vapestornado.com\/wp-content\/uploads\/2025\/10\/Newest-Bang-Legend-120K-Puff-5-In-1-Flavor-Switch-Vape-Cheap-Price-100x100.webp 100w, https:\/\/vapestornado.com\/wp-content\/uploads\/2025\/10\/Newest-Bang-Legend-120K-Puff-5-In-1-Flavor-Switch-Vape-Cheap-Price.webp 800w\" sizes=\"(max-width: 300px) 100vw, 300px\" \/><figcaption id=\"caption-attachment-4437\" class=\"wp-caption-text\">Neuestes Bang Legend 120K Zug 5-in-1 Geschmackswechsel Vape G\u00fcnstiger Preis<\/figcaption><\/figure>\n<figure id=\"attachment_4435\" aria-describedby=\"caption-attachment-4435\" style=\"width: 300px\" class=\"wp-caption alignnone\"><img decoding=\"async\" class=\"size-medium wp-image-4435\" src=\"https:\/\/vapestornado.com\/wp-content\/uploads\/2025\/10\/Bang-Legend-120000-Puff-120k-Disposable-Pod-300x300.webp\" alt=\"Bang Legend 120000 Zug 120k Einweg-Pod\" width=\"300\" height=\"300\" srcset=\"https:\/\/vapestornado.com\/wp-content\/uploads\/2025\/10\/Bang-Legend-120000-Puff-120k-Disposable-Pod-300x300.webp 300w, https:\/\/vapestornado.com\/wp-content\/uploads\/2025\/10\/Bang-Legend-120000-Puff-120k-Disposable-Pod-150x150.webp 150w, https:\/\/vapestornado.com\/wp-content\/uploads\/2025\/10\/Bang-Legend-120000-Puff-120k-Disposable-Pod-768x768.webp 768w, https:\/\/vapestornado.com\/wp-content\/uploads\/2025\/10\/Bang-Legend-120000-Puff-120k-Disposable-Pod-12x12.webp 12w, https:\/\/vapestornado.com\/wp-content\/uploads\/2025\/10\/Bang-Legend-120000-Puff-120k-Disposable-Pod-600x600.webp 600w, https:\/\/vapestornado.com\/wp-content\/uploads\/2025\/10\/Bang-Legend-120000-Puff-120k-Disposable-Pod-100x100.webp 100w, https:\/\/vapestornado.com\/wp-content\/uploads\/2025\/10\/Bang-Legend-120000-Puff-120k-Disposable-Pod.webp 800w\" sizes=\"(max-width: 300px) 100vw, 300px\" \/><figcaption id=\"caption-attachment-4435\" class=\"wp-caption-text\">Bang Legend 120000 Zug 120k Einweg-Pod<\/figcaption><\/figure>\n<h2 class=\"product-title\"><strong>Bang Legend 120000 Zug 5-in-1 Geschmacksliste<\/strong><\/h2>\n<p>1.Energiegetr\u00e4nk \/ Blaubeere Kirsche \/ Apfel Traube \/ Wassermelone Drachenfrucht \/ Mamba<\/p>\n<p>2.Energiegetr\u00e4nk \/ Pfirsich Eis \/ Mango Eis \/ Goji Beere \/ Schwarze Johannisbeere<\/p>\n<p>3.Blaubeere Himbeere \/ Pfirsich Mango Wassermelone \/ Kirsche Cola \/ Traube Brombeere Eis \/ Mango Pfirsich Aprikose.<\/p>\n<p>4.Blauheidbeere Himbeere\/Schwarzer Drache Eis\/Regenbogen S\u00fc\u00dfigkeit\/Fuji Eis\/Wassermelone Sauer Pfirsich<\/p>\n<p>5.Blauheidbeere Eis\/Kiwi Passionsfrucht Guave\/Dreifacher Melone\/Pfirsich Ananas\/Liebes Kuss<\/p>\n<p>6.Blauheidbeere Eis\/Wassermelone Kaugummi\/Saurer Apfel Himbeere\/Lotusfrucht Mango Melone\/Passionsfrucht Kiwi Limette<\/p>\n<p>7.Wassermelone Eis\/Mischfr\u00fcchte\/Apfel Birne\/Blauheidbeere Minze\/Sommerzeit<\/p>\n<p>8.Wassermelone Eis\/Erdbeer Mango\/California Kirsche\/Blauheidbeere Pfirsich Eis\/Berry Cool<\/p>\n<p>9.Erdbeer Wassermelone\/Traube Eis\/Roter Mojito\/Bananen Eis\/Zitrone Limette<\/p>\n<p>10.Erdbeer Wassermelone\/Cantaloupe Apfel\/Cola Eis\/Mango Pfirsich\/Liebe 66<\/p>\n<p>11.Erdbeer Kiwi \/Erdbeer Banane\/Litschi Eis\/Wassermelone Beere\/Passionsfrucht Mango<\/p>\n<p>12.Erdbeer Kiwi\/Blauheidbeere Wassermelone\/B\u00e4r Fudge\/Blauheidbeere Kaugummi\/Saurer Mango Ananas<\/p>\n<p>&nbsp;<\/p>\n<div class=\"flex-shrink-0 flex flex-col relative items-end\">\n<div class=\"pt-0\">\n<div class=\"gizmo-bot-avatar flex h-8 w-8 items-center justify-center overflow-hidden rounded-full\">\n<div class=\"relative p-1 rounded-sm flex items-center justify-center bg-token-main-surface-primary text-token-text-primary h-8 w-8\">\n<h2 data-start=\"1200\" data-end=\"1487\">Vapes Tornado \u2013 Dein Gro\u00dfhandels-Online-Vape-Shop f\u00fcr Top-Vape-Marken<\/h2>\n<p data-start=\"1200\" data-end=\"1487\"><strong data-start=\"141\" data-end=\"177\">Vapes Tornado Online Rauchladen<\/strong> ist Ihre vertrauensw\u00fcrdige Quelle f\u00fcr <strong data-start=\"205\" data-end=\"270\">Premium Einweg-Vapes und Gro\u00dfhandels-E-Zigaretten in Europa<\/strong>. Wir pr\u00e4sentieren Top-Selling-Marken wie <strong data-start=\"307\" data-end=\"362\"><a href=\"https:\/\/vapestornado.com\/de\/product\/randm-12000-puffs-fumot-digital-disposable-vape-wholesale-price\/\">Fumot VAPE<\/a>, <a href=\"https:\/\/vapestornado.com\/de\/product\/waspe-150k-150000-puff-6-in-1-disposable-vape-pen-cartridge-best-wholesale-price-in-poland\/\">WASPE VAPE<\/a>, <\/strong><strong data-start=\"307\" data-end=\"362\"><a href=\"https:\/\/vapestornado.com\/de\/product\/vozol-gear-shisha-25k-25000-puffs-best-dtl-disposable-vape-hookah-cheap-price\/\">VOZOL BAR VAPE<\/a>, \u00a0 Bang Vape<\/strong>, und mehr, um Qualit\u00e4t und Vielfalt f\u00fcr jeden Kunden zu gew\u00e4hrleisten. Ob Sie ein einzelner Dampfer oder ein Gro\u00dfhandelskunde sind, wir liefern <strong data-start=\"481\" data-end=\"550\">Hochleistungsger\u00e4te, stilvolles Design und wettbewerbsf\u00e4hige Preise<\/strong> um Ihre Bed\u00fcrfnisse zu erf\u00fcllen.<\/p>\n<h2 data-start=\"2064\" data-end=\"2115\">FAQs \u00fcber Bang Legend 120000 Puff Schalter Vape<\/h2>\n<ol data-start=\"3569\" data-end=\"4841\">\n<li data-start=\"3569\" data-end=\"3838\">\n<p data-start=\"3572\" data-end=\"3838\"><strong data-start=\"3572\" data-end=\"3675\">Wie bleibt der Bang Legend 120000 5-in-1 Geschmackswechsel Einweg-Vape bei langem Gebrauch angenehm?<\/strong><br data-start=\"3675\" data-end=\"3678\" \/>F\u00fcnf integrierte Geschmacksrichtungen verhindern Monotonie. Das Wechseln der Mischungen h\u00e4lt den Geschmack frisch, was bei einem Ger\u00e4t, das viel l\u00e4nger h\u00e4lt als typische Einwegprodukte, entscheidend ist.<\/p>\n<\/li>\n<li data-start=\"3840\" data-end=\"4081\">\n<p data-start=\"3843\" data-end=\"4081\"><strong data-start=\"3843\" data-end=\"3943\">Hilft der Mesh-Spulentechnologie, die Dampfdichte bei hoher Zugzahl aufrechtzuerhalten?<\/strong><br data-start=\"3943\" data-end=\"3946\" \/>Ja. Mesh-Spulen verteilen die Hitze gleichm\u00e4\u00dfiger als einfache Drahtspulen und unterst\u00fctzen einen glatten Dampf sowie einen konstanten Geschmack auch bei langfristigem Gebrauch.<\/p>\n<\/li>\n<li data-start=\"4083\" data-end=\"4341\">\n<p data-start=\"4086\" data-end=\"4341\"><strong data-start=\"4086\" data-end=\"4190\">Was ist der praktische Vorteil der verstellbaren Luftzufuhr beim Einweg-E-Zigarettenger\u00e4t Bang Legend 120000?<\/strong><br data-start=\"4190\" data-end=\"4193\" \/>Sie erm\u00f6glicht es, den Zug zu verengen f\u00fcr einen Zigaretten-\u00e4hnlichen Zug oder zu \u00f6ffnen f\u00fcr einen volleren Inhalation, sodass das Ger\u00e4t verschiedene Routinen ohne zus\u00e4tzliches Zubeh\u00f6r passt.<\/p>\n<\/li>\n<li data-start=\"4343\" data-end=\"4562\">\n<p data-start=\"4346\" data-end=\"4562\"><strong data-start=\"4346\" data-end=\"4433\">Ist eine Typ-C-Aufladung bei einem Ger\u00e4t mit 120.000 Z\u00fcgen wie Bang Legend 120k notwendig?<\/strong><br data-start=\"4433\" data-end=\"4436\" \/>Absolut. Die Wiederaufladbarkeit verhindert eine vorzeitige Entsorgung aufgrund eines niedrigen Akkustands und hilft dem Ger\u00e4t, seine volle vorgesehene Lebensdauer zu erreichen.<\/p>\n<\/li>\n<li data-start=\"4564\" data-end=\"4841\">\n<p data-start=\"4567\" data-end=\"4841\"><strong data-start=\"4567\" data-end=\"4674\">Warum bewerten Gro\u00dfh\u00e4ndler f\u00fcr Zigaretten den Bang Legend 120000 als eine g\u00fcnstige Preisoption pro Zug?<\/strong><br data-start=\"4674\" data-end=\"4677\" \/>Weil die sehr hohe Zuganzahl, das Multi-Geschmackswechsel-Feature und das wiederaufladbare Design die Kosten pro Zug wettbewerbsf\u00e4hig machen, w\u00e4hrend das Funktionsset die Verbrauchernachfrage hoch h\u00e4lt.<\/p>\n<\/li>\n<\/ol>\n<\/div>\n<\/div>\n<\/div>\n<\/div>","protected":false},"excerpt":{"rendered":"<div class=\"flex flex-col text-sm @w-xl\/main:pt-header-height pb-25\">\n<article class=\"text-token-text-primary w-full focus:outline-none [--shadow-height:45px] has-data-writing-block:pointer-events-none has-data-writing-block:-mt-(--shadow-height) has-data-writing-block:pt-(--shadow-height) [&amp;:has([data-writing-block])&gt;*]:pointer-events-auto scroll-mt-[calc(var(--header-height)+min(200px,max(70px,20svh)))]\" dir=\"auto\" tabindex=\"-1\" data-turn-id=\"1216eed0-d089-4251-926f-eb67c4e27f78\" data-testid=\"conversation-turn-54\" data-scroll-anchor=\"true\" data-turn=\"assistant\">\n<div class=\"text-base my-auto mx-auto pb-10 [--thread-content-margin:--spacing(4)] @w-sm\/main:[--thread-content-margin:--spacing(6)] @w-lg\/main:[--thread-content-margin:--spacing(16)] px-(--thread-content-margin)\">\n<div class=\"[--thread-content-max-width:40rem] @w-lg\/main:[--thread-content-max-width:48rem] mx-auto max-w-(--thread-content-max-width) flex-1 group\/turn-messages focus-visible:outline-hidden relative flex w-full min-w-0 flex-col agent-turn\" tabindex=\"-1\">\n<div class=\"flex max-w-full flex-col grow\">\n<div class=\"min-h-8 text-message relative flex w-full flex-col items-end gap-2 text-start break-words whitespace-normal [.text-message+&amp;]:mt-1\" dir=\"auto\" data-message-author-role=\"assistant\" data-message-id=\"d248b401-75f3-45e9-8935-fcbc0a13d11e\" data-message-model-slug=\"gpt-5-2-thinking\">\n<div class=\"flex w-full flex-col gap-1 empty:hidden first:pt-[1px]\">\n<div class=\"markdown prose dark:prose-invert w-full break-words light markdown-new-styling\">\n<p data-start=\"4871\" data-end=\"5142\" data-is-last-node=\"\" data-is-only-node=\"\">Bang Legend 120000 (Bang Legend 120k) Einweg-E-Zigarette mit 120.000 Z\u00fcgen, 5-in-1 Geschmackswechsel, Mesh-Spulen-Engine, einstellbare Luftzufuhr, Typ-C-Aufladung und LED-Smart-Display. Gro\u00dfhandelsfreundlicher g\u00fcnstiger Preis pro Zug f\u00fcr Zigaretten-Gro\u00dfh\u00e4ndler und EU-Vape-Shops.<\/p>\n<\/div>\n<\/div>\n<\/div>\n<\/div>\n<\/div>\n<\/div>\n<\/article>\n<\/div>\n<p><strong>F\u00fcgen Sie Amys WhatsApp hinzu, um eine korrekte Antwort und einen Rabattpreis zu erhalten!<\/strong><\/p>\n<p><img fetchpriority=\"high\" decoding=\"async\" class=\"size-full wp-image-2932\" src=\"https:\/\/vapestornado.com\/wp-content\/uploads\/2024\/12\/Vape-Wholesale.jpg\" alt=\"Vape-Gro\u00dfhandel\" width=\"229\" height=\"300\" \/><\/p>\n<h3><a href=\"https:\/\/wa.me\/8617776015835\"><span style=\"color: #ff0000;\"><strong>WhatsApp: +86 17776015835<\/strong><\/span><\/a><\/h3>","protected":false},"featured_media":4432,"comment_status":"open","ping_status":"closed","template":"","meta":{"_acf_changed":false,"_uag_custom_page_level_css":"","_lmt_disableupdate":"no","_lmt_disable":"","_monsterinsights_skip_tracking":false,"_monsterinsights_sitenote_active":false,"_monsterinsights_sitenote_note":"","_monsterinsights_sitenote_category":0,"site-sidebar-layout":"default","site-content-layout":"","ast-site-content-layout":"default","site-content-style":"default","site-sidebar-style":"default","ast-global-header-display":"","ast-banner-title-visibility":"","ast-main-header-display":"","ast-hfb-above-header-display":"","ast-hfb-below-header-display":"","ast-hfb-mobile-header-display":"","site-post-title":"","ast-breadcrumbs-content":"","ast-featured-img":"","footer-sml-layout":"","ast-disable-related-posts":"","theme-transparent-header-meta":"default","adv-header-id-meta":"","stick-header-meta":"","header-above-stick-meta":"","header-main-stick-meta":"","header-below-stick-meta":"","astra-migrate-meta-layouts":"set","ast-page-background-enabled":"default","ast-page-background-meta":{"desktop":{"background-color":"","background-image":"","background-repeat":"repeat","background-position":"center center","background-size":"auto","background-attachment":"scroll","background-type":"","background-media":"","overlay-type":"","overlay-color":"","overlay-opacity":"","overlay-gradient":""},"tablet":{"background-color":"","background-image":"","background-repeat":"repeat","background-position":"center center","background-size":"auto","background-attachment":"scroll","background-type":"","background-media":"","overlay-type":"","overlay-color":"","overlay-opacity":"","overlay-gradient":""},"mobile":{"background-color":"","background-image":"","background-repeat":"repeat","background-position":"center center","background-size":"auto","background-attachment":"scroll","background-type":"","background-media":"","overlay-type":"","overlay-color":"","overlay-opacity":"","overlay-gradient":""}},"ast-content-background-meta":{"desktop":{"background-color":"var(--ast-global-color-5)","background-image":"","background-repeat":"repeat","background-position":"center center","background-size":"auto","background-attachment":"scroll","background-type":"","background-media":"","overlay-type":"","overlay-color":"","overlay-opacity":"","overlay-gradient":""},"tablet":{"background-color":"var(--ast-global-color-5)","background-image":"","background-repeat":"repeat","background-position":"center center","background-size":"auto","background-attachment":"scroll","background-type":"","background-media":"","overlay-type":"","overlay-color":"","overlay-opacity":"","overlay-gradient":""},"mobile":{"background-color":"var(--ast-global-color-5)","background-image":"","background-repeat":"repeat","background-position":"center center","background-size":"auto","background-attachment":"scroll","background-type":"","background-media":"","overlay-type":"","overlay-color":"","overlay-opacity":"","overlay-gradient":""}},"_joinchat":[]},"product_brand":[],"product_cat":[347,62,152,156,142,357,146],"product_tag":[398,399,396,368,390,393,386,397],"class_list":{"0":"post-4438","1":"product","2":"type-product","3":"status-publish","4":"has-post-thumbnail","6":"product_cat-120000-puff","7":"product_cat-bang-vape","8":"product_cat-buy-disposable-vapes-in-cermany","9":"product_cat-buy-disposable-vapes-in-poland","10":"product_cat-digital-box-disposable-vapes","11":"product_cat-flavor-adjustable-vape","12":"product_cat-rechargeable-disposable-vapes","13":"product_tag-bang-legend-120000","14":"product_tag-bang-legend-120k","15":"product_tag-disposable-cigarette","16":"product_tag-disposable-vapor","17":"product_tag-online-vape-shop","18":"product_tag-vape-cartridge","19":"product_tag-vape-pen","20":"product_tag-vapor","21":"desktop-align-left","22":"tablet-align-left","23":"mobile-align-left","25":"first","26":"instock","27":"sale","28":"shipping-taxable","29":"purchasable","30":"product-type-simple"},"acf":[],"uagb_featured_image_src":{"full":["https:\/\/vapestornado.com\/wp-content\/uploads\/2025\/10\/BANG-LEGEND-120K-Puffs-Screen-Disposable-Vape.webp",800,800,false],"thumbnail":["https:\/\/vapestornado.com\/wp-content\/uploads\/2025\/10\/BANG-LEGEND-120K-Puffs-Screen-Disposable-Vape-150x150.webp",150,150,true],"medium":["https:\/\/vapestornado.com\/wp-content\/uploads\/2025\/10\/BANG-LEGEND-120K-Puffs-Screen-Disposable-Vape-300x300.webp",300,300,true],"medium_large":["https:\/\/vapestornado.com\/wp-content\/uploads\/2025\/10\/BANG-LEGEND-120K-Puffs-Screen-Disposable-Vape-768x768.webp",768,768,true],"large":["https:\/\/vapestornado.com\/wp-content\/uploads\/2025\/10\/BANG-LEGEND-120K-Puffs-Screen-Disposable-Vape.webp",800,800,false],"1536x1536":["https:\/\/vapestornado.com\/wp-content\/uploads\/2025\/10\/BANG-LEGEND-120K-Puffs-Screen-Disposable-Vape.webp",800,800,false],"2048x2048":["https:\/\/vapestornado.com\/wp-content\/uploads\/2025\/10\/BANG-LEGEND-120K-Puffs-Screen-Disposable-Vape.webp",800,800,false],"trp-custom-language-flag":["https:\/\/vapestornado.com\/wp-content\/uploads\/2025\/10\/BANG-LEGEND-120K-Puffs-Screen-Disposable-Vape-12x12.webp",12,12,true],"woocommerce_thumbnail":["https:\/\/vapestornado.com\/wp-content\/uploads\/2025\/10\/BANG-LEGEND-120K-Puffs-Screen-Disposable-Vape-300x300.webp",300,300,true],"woocommerce_single":["https:\/\/vapestornado.com\/wp-content\/uploads\/2025\/10\/BANG-LEGEND-120K-Puffs-Screen-Disposable-Vape-600x600.webp",600,600,true],"woocommerce_gallery_thumbnail":["https:\/\/vapestornado.com\/wp-content\/uploads\/2025\/10\/BANG-LEGEND-120K-Puffs-Screen-Disposable-Vape-100x100.webp",100,100,true]},"uagb_author_info":{"display_name":"ESAMY","author_link":"https:\/\/vapestornado.com\/de\/author\/"},"uagb_comment_info":0,"uagb_excerpt":"Bang Legend 120000 (Bang Legend 120k) disposable E-cigarette with 120,000 puffs, 5-in-1 flavour switch, mesh coil engine, adjustable airflow, Type-C recharge and LED smart display. Wholesale-friendly cheap price per puff option for Cigarette wholesaler and EU vape shops. Add Amy's whatsapp to get right reply and discount price! WhatsApp: +86 17776015835","_links":{"self":[{"href":"https:\/\/vapestornado.com\/de\/wp-json\/wp\/v2\/product\/4438","targetHints":{"allow":["GET"]}}],"collection":[{"href":"https:\/\/vapestornado.com\/de\/wp-json\/wp\/v2\/product"}],"about":[{"href":"https:\/\/vapestornado.com\/de\/wp-json\/wp\/v2\/types\/product"}],"replies":[{"embeddable":true,"href":"https:\/\/vapestornado.com\/de\/wp-json\/wp\/v2\/comments?post=4438"}],"wp:featuredmedia":[{"embeddable":true,"href":"https:\/\/vapestornado.com\/de\/wp-json\/wp\/v2\/media\/4432"}],"wp:attachment":[{"href":"https:\/\/vapestornado.com\/de\/wp-json\/wp\/v2\/media?parent=4438"}],"wp:term":[{"taxonomy":"product_brand","embeddable":true,"href":"https:\/\/vapestornado.com\/de\/wp-json\/wp\/v2\/product_brand?post=4438"},{"taxonomy":"product_cat","embeddable":true,"href":"https:\/\/vapestornado.com\/de\/wp-json\/wp\/v2\/product_cat?post=4438"},{"taxonomy":"product_tag","embeddable":true,"href":"https:\/\/vapestornado.com\/de\/wp-json\/wp\/v2\/product_tag?post=4438"}],"curies":[{"name":"wp","href":"https:\/\/api.w.org\/{rel}","templated":true}]}}