{"id":4422,"date":"2025-10-14T09:29:02","date_gmt":"2025-10-14T09:29:02","guid":{"rendered":"https:\/\/vapestornado.com\/?post_type=product&#038;p=4422"},"modified":"2025-12-16T09:53:51","modified_gmt":"2025-12-16T09:53:51","slug":"waspe-150k-150000-puff-6-in-1-disposable-vape-pen-cartridge-best-wholesale-price-in-poland","status":"publish","type":"product","link":"https:\/\/vapestornado.com\/de\/product\/waspe-150k-150000-puff-6-in-1-disposable-vape-pen-cartridge-best-wholesale-price-in-poland\/","title":{"rendered":"WASPE 150K 150000 Zug 6 in 1 Einweg Vape Pen Cartridge Beste Gro\u00dfhandelspreis in Deutschland"},"content":{"rendered":"<h2 data-pm-slice=\"1 1 []\">WASPE 150K 150000 Zug 6 in 1 Einweg Vape Pen Cartridge Beste Gro\u00dfhandelspreis in Deutschland<\/h2>\n<p data-start=\"112\" data-end=\"657\"><strong data-start=\"108\" data-end=\"134\">WASPE 150K 150000 Zug<\/strong> ist f\u00fcr eine Sache gebaut: <strong data-start=\"159\" data-end=\"204\">maximale Laufzeit mit echter Geschmacksvielfalt<\/strong> in einer Einheit. Es liefert bis zu <strong data-start=\"236\" data-end=\"253\">150.000 Z\u00fcge<\/strong>, verwendet ein <strong data-start=\"262\" data-end=\"300\">6-in-1 austauschbares Kartuschensystem<\/strong>, und tr\u00e4gt eine <strong data-start=\"316\" data-end=\"350\">64ml vorgef\u00fcllte E-Liquid-Versorgung<\/strong>\u2014 sodass Sie Ger\u00e4te nicht jede Woche austauschen m\u00fcssen. Ein <strong data-start=\"397\" data-end=\"422\">1,0\u03a9 Triple Mesh Coil<\/strong> h\u00e4lt Dampf dicht und Geschmack sauber bei Geschmackswechsel, w\u00e4hrend das <strong data-start=\"494\" data-end=\"515\">LED-Smart-Display<\/strong> den Batteriestatus und den E-Liquid-Stand deutlich anzeigt. Mit einem <strong data-start=\"566\" data-end=\"604\">wiederaufladbare 650mAh Typ-C Akku<\/strong> und Nikotinauswahl <strong data-start=\"626\" data-end=\"640\">0%, 2%, 5%<\/strong>, passt es sowohl f\u00fcr private Nutzer als auch f\u00fcr Gro\u00dfhandelskunden, die ein Produkt mit hoher Nachfrage f\u00fcr <strong data-start=\"726\" data-end=\"737\">Vape PL<\/strong> und breitere EU-M\u00e4rkte suchen.<\/p>\n<h3 data-start=\"996\" data-end=\"1043\">Warum bietet der WASPE 150K 150000 Zug ein besseres Preis-Leistungs-Verh\u00e4ltnis pro Zug?<\/h3>\n<ul data-start=\"1045\" data-end=\"2676\">\n<li data-start=\"1045\" data-end=\"1422\">\n<p data-start=\"1047\" data-end=\"1422\"><strong data-start=\"1047\" data-end=\"1096\">150K Ausdauer, unterst\u00fctzt durch eine gro\u00dfe 64ml Versorgung.<\/strong> Der <strong data-start=\"1101\" data-end=\"1123\">WASPE 150000 Z\u00fcge<\/strong> Format ist darauf ausgelegt, st\u00e4ndige Austausch zu reduzieren, weshalb es in Deutschland und dar\u00fcber hinaus Aufmerksamkeit erregt. F\u00fcr viele Nutzer, die vergleichen <strong data-start=\"1254\" data-end=\"1269\">Dampfpreis<\/strong> gegen\u00fcber Langlebigkeit in <strong data-start=\"1290\" data-end=\"1301\">Vape PL<\/strong>, ein Ger\u00e4t mit dieser Kapazit\u00e4t kann deutlich niedrigere Kosten pro Tag liefern als kleinere \u201eBeste Einwegprodukte\u201c, die schnell leer sind.<\/p>\n<\/li>\n<li data-start=\"1424\" data-end=\"1739\">\n<p data-start=\"1426\" data-end=\"1739\"><strong data-start=\"1426\" data-end=\"1482\">6-in-1 Kartuschenwechsel verhindert Geschmacksverblassen.<\/strong> Ein langlebiges Ger\u00e4t funktioniert nur, wenn man es auch nach zwei Wochen noch genie\u00dft. Die <strong data-start=\"1556\" data-end=\"1598\">6-in-1 Pod-E-Zigaretten-Systemkartusche<\/strong> erm\u00f6glicht es, Geschmacksrichtungen sofort zu rotieren, was es einfacher macht, bei einem Ger\u00e4t zu bleiben, anstatt mehrere Vapes zu kaufen, um einen neuen <strong data-start=\"1722\" data-end=\"1738\">Dampfergeschmack<\/strong>.<\/p>\n<\/li>\n<li data-start=\"1741\" data-end=\"2061\">\n<p data-start=\"1743\" data-end=\"2061\"><strong data-start=\"1743\" data-end=\"1807\">Triple-Mesh-Spule sorgt f\u00fcr gleichm\u00e4\u00dfige Dampfentwicklung bei Geschmackswechseln.<\/strong> Der <strong data-start=\"1812\" data-end=\"1837\">1,0\u03a9 Triple Mesh Coil<\/strong> verteilt die Hitze gleichm\u00e4\u00dfig und hilft, eine konstante Dampferzeugung und Geschmack zu bewahren. Das ist wichtig beim Wechseln der Geschmacksrichtungen\u2014billige Spulen k\u00f6nnen den Geschmack verwischen oder rau sein. WASPEs Spuleneinrichtung zielt auf saubere \u00dcberg\u00e4nge und weniger trockene, kratzige Z\u00fcge ab.<\/p>\n<\/li>\n<li data-start=\"2063\" data-end=\"2363\">\n<p data-start=\"2065\" data-end=\"2363\"><strong data-start=\"2065\" data-end=\"2111\">Wiederaufladbare Energie h\u00e4lt den Wert ehrlich.<\/strong> Mit <strong data-start=\"2117\" data-end=\"2143\">650mAh Typ-C-Ladung<\/strong>, das Ger\u00e4t kann schnell nachgef\u00fcllt werden und \u00fcber seine lange Lebensdauer genutzt werden. Dies reduziert den M\u00fcll durch \u201eAkku ist zuerst leer\u201c\u2014eines der Hauptprobleme beim Kauf von <strong data-start=\"2306\" data-end=\"2328\">Billigen E-Zigaretten<\/strong> die nicht f\u00fcr den Langzeitgebrauch ausgelegt sind.<\/p>\n<\/li>\n<li data-start=\"2365\" data-end=\"2676\">\n<p data-start=\"2367\" data-end=\"2676\"><strong data-start=\"2367\" data-end=\"2422\">F\u00fcr den pers\u00f6nlichen Gebrauch und den Gro\u00dfhandelsumsatz gebaut.<\/strong> Die wichtigsten Spezifikationen (150.000 Z\u00fcge, 6 Geschmacksrichtungen, 64 ml, LED-Bildschirm) sind im Einzelhandel leicht zu verkaufen. F\u00fcr H\u00e4ndler ist es eine klare Geschichte, die in Deutschland, Spanien, Frankreich und den Niederlanden gut funktioniert\u2014M\u00e4rkte, in denen Hochkapazit\u00e4tsger\u00e4te schnell verkauft werden k\u00f6nnen.<\/p>\n<\/li>\n<\/ul>\n<p><strong><span style=\"color: #ff0000;\">F\u00fcge Amy auf WhatsApp hinzu, um sofort eine Antwort und einen Vape-Gutschein zu erhalten!<\/span><\/strong><\/p>\n<p><img fetchpriority=\"high\" decoding=\"async\" class=\"size-full wp-image-2932\" src=\"https:\/\/vapestornado.com\/wp-content\/uploads\/2024\/12\/Vape-Wholesale.jpg\" alt=\"Vape-Gro\u00dfhandel\" width=\"229\" height=\"300\" \/><\/p>\n<h3><a href=\"https:\/\/wa.me\/8617776015835\" target=\"_blank\" rel=\"noopener\"><span style=\"color: #ff0000;\"><strong>WhatsApp: +86 17776015835<\/strong><\/span><\/a><\/h3>\n<p>&nbsp;<\/p>\n<h2><strong>WASPE 150K 150000 Z\u00fcge Produktmerkmale<\/strong><\/h2>\n<table>\n<thead>\n<tr>\n<th>Eigenschaft<\/th>\n<th>Spezifikation<\/th>\n<th>Funktionsweise<\/th>\n<\/tr>\n<\/thead>\n<tbody>\n<tr>\n<td>Produktname<\/td>\n<td>WASPE 150K 150000 Zug<\/td>\n<td>Ultra-hochkapazit\u00e4ts Einweg-Vape mit Geschmackswechsel<\/td>\n<\/tr>\n<tr>\n<td>Zugzahl<\/td>\n<td>Bis zu 150.000 Z\u00fcge<\/td>\n<td>Entwickelt, um die Austauschh\u00e4ufigkeit bei intensiven Routinen zu verringern<\/td>\n<\/tr>\n<tr>\n<td>Geschmacksystem<\/td>\n<td>6-in-1 austauschbares Kartuschensystem<\/td>\n<td>Geschmacksrichtungen sofort in einem Ger\u00e4t rotieren lassen<\/td>\n<\/tr>\n<tr>\n<td>E-Liquid-Kapazit\u00e4t<\/td>\n<td>64 ml vorgef\u00fcllt<\/td>\n<td>Gro\u00dfe Versorgung unterst\u00fctzt lange Sitzungen und hohe Zugzahl<\/td>\n<\/tr>\n<tr>\n<td>Spule<\/td>\n<td>1,0\u03a9 Triple Mesh Coil<\/td>\n<td>Gleichm\u00e4\u00dfige Erw\u00e4rmung f\u00fcr dichtes Dampf und konsistente Geschmacksklarheit<\/td>\n<\/tr>\n<tr>\n<td>Batterie<\/td>\n<td>650mAh wiederaufladbar<\/td>\n<td>Bei Bedarf nachladen, um die volle Fl\u00fcssigkeitsversorgung weiter zu nutzen<\/td>\n<\/tr>\n<tr>\n<td>Aufladen<\/td>\n<td>Type-C-Schnellladung<\/td>\n<td>Schnelle Nachf\u00fcllungen mit g\u00e4ngigen EU-Kabeln<\/td>\n<\/tr>\n<tr>\n<td>Anzeige<\/td>\n<td>LED-Smart-Display<\/td>\n<td>Zeigt Batteriestand und E-Liquid-Level f\u00fcr vorhersehbaren t\u00e4glichen Gebrauch<\/td>\n<\/tr>\n<tr>\n<td>Nikotin Optionen<\/td>\n<td>0% \/ 2% \/ 5%<\/td>\n<td>Unterst\u00fctzt nikotinfreie, niedrige und st\u00e4rkere Pr\u00e4ferenzen<\/td>\n<\/tr>\n<\/tbody>\n<\/table>\n<figure id=\"attachment_4416\" aria-describedby=\"caption-attachment-4416\" style=\"width: 300px\" class=\"wp-caption alignnone\"><img decoding=\"async\" class=\"size-medium wp-image-4416\" src=\"https:\/\/vapestornado.com\/wp-content\/uploads\/2025\/10\/WASPE-150K-150000-Puff-Disposable-Vape-Wholesale-Factory-Price-300x300.webp\" alt=\"WASPE 150K 150000 Z\u00fcge Wegwerf-Vape Gro\u00dfhandel Fabrikpreis\" width=\"300\" height=\"300\" srcset=\"https:\/\/vapestornado.com\/wp-content\/uploads\/2025\/10\/WASPE-150K-150000-Puff-Disposable-Vape-Wholesale-Factory-Price-300x300.webp 300w, https:\/\/vapestornado.com\/wp-content\/uploads\/2025\/10\/WASPE-150K-150000-Puff-Disposable-Vape-Wholesale-Factory-Price-150x150.webp 150w, https:\/\/vapestornado.com\/wp-content\/uploads\/2025\/10\/WASPE-150K-150000-Puff-Disposable-Vape-Wholesale-Factory-Price-768x768.webp 768w, https:\/\/vapestornado.com\/wp-content\/uploads\/2025\/10\/WASPE-150K-150000-Puff-Disposable-Vape-Wholesale-Factory-Price-12x12.webp 12w, https:\/\/vapestornado.com\/wp-content\/uploads\/2025\/10\/WASPE-150K-150000-Puff-Disposable-Vape-Wholesale-Factory-Price-600x600.webp 600w, https:\/\/vapestornado.com\/wp-content\/uploads\/2025\/10\/WASPE-150K-150000-Puff-Disposable-Vape-Wholesale-Factory-Price-100x100.webp 100w, https:\/\/vapestornado.com\/wp-content\/uploads\/2025\/10\/WASPE-150K-150000-Puff-Disposable-Vape-Wholesale-Factory-Price.webp 800w\" sizes=\"(max-width: 300px) 100vw, 300px\" \/><figcaption id=\"caption-attachment-4416\" class=\"wp-caption-text\">WASPE 150K 150000 Z\u00fcge Wegwerf-Vape Gro\u00dfhandel Fabrikpreis<\/figcaption><\/figure>\n<h2 class=\"product-title\"><strong>WASPE 150K 150000 Puff Puff Geschmacksliste<\/strong><\/h2>\n<p data-start=\"2550\" data-end=\"2736\">1. Wassermelone Eis &amp; Zitrone Limette &amp; Pfirsich Zitrone<br \/>\n2. Blaubeere Eis &amp; Erdbeere Kiwi &amp; Kirsche Erdbeere Eis<br \/>\n3. Red Bull Eis &amp; Himbeer Pomp &amp; Sauer Mango Erdbeere<br \/>\n4. Erdbeere Wassermelone &amp; Saftiger Pfirsich Eis &amp; Dreifach Beeren Eis<br \/>\n5. Kirsche Cola Eis &amp; Erdbeere Red Bull Eis &amp; Wassermelone Himbeere<br \/>\n6. Traube Eis &amp; Blaue Himbeere Kirsche &amp; Erdbeere Eis<br \/>\n7. Gemischte Beeren &amp; Schwarzer Drache Eis &amp; Erdbeere Kirsche Cola<br \/>\n8. Spritzige Cola Eis &amp; Energydrink &amp; Kirsche Eis<br \/>\n9. Erdbeere Banane &amp; Kiwi Wassermelone &amp; Kokosnuss Erdbeere<br \/>\n10. Red Bull Cola Eis &amp; Erdbeer Himbeer Kirsche &amp; Brombeere Drachenfrucht<br \/>\n11. Erdbeer Wassermelone Kaugummi &amp; Sauer Mango Eis &amp; Erdbeer Traube Eis<br \/>\n12. Melone Passionsfrucht &amp; Brombeere Eis &amp; Apfel Kiwi<\/p>\n<div class=\"flex-shrink-0 flex flex-col relative items-end\">\n<div class=\"pt-0\">\n<div class=\"gizmo-bot-avatar flex h-8 w-8 items-center justify-center overflow-hidden rounded-full\">\n<div class=\"relative p-1 rounded-sm flex items-center justify-center bg-token-main-surface-primary text-token-text-primary h-8 w-8\">\n<h2 data-start=\"1200\" data-end=\"1487\">Vapes Tornado \u2013 Dein Gro\u00dfhandels-Online-Vape-Shop f\u00fcr Top-Vape-Marken<\/h2>\n<p data-start=\"1200\" data-end=\"1487\"><strong data-start=\"141\" data-end=\"177\">Vapes Tornado Online Rauchladen<\/strong> ist Ihre vertrauensw\u00fcrdige Quelle f\u00fcr <strong data-start=\"205\" data-end=\"270\">Premium Einweg-Vapes und Gro\u00dfhandels-E-Zigaretten in Europa<\/strong>. Wir pr\u00e4sentieren Top-Selling-Marken wie <strong data-start=\"307\" data-end=\"362\"><a href=\"https:\/\/vapestornado.com\/de\/product\/randm-12000-puffs-fumot-digital-disposable-vape-wholesale-price\/\">Fumot VAPE<\/a>, <a href=\"https:\/\/vapestornado.com\/de\/product\/original-wga-ultra-35k-35000-puff-rechargeable-crystal-disposable-nicotine-vape-best-discount-price\/\">WGA VAPE<\/a>, <\/strong><strong data-start=\"307\" data-end=\"362\"><a href=\"https:\/\/vapestornado.com\/de\/product\/vozol-gear-shisha-25k-25000-puffs-best-dtl-disposable-vape-hookah-cheap-price\/\">VOZOL BAR VAPE<\/a>, \u00a0 Bang Vape<\/strong>, und mehr, um Qualit\u00e4t und Vielfalt f\u00fcr jeden Kunden zu gew\u00e4hrleisten. Ob Sie ein einzelner Dampfer oder ein Gro\u00dfhandelskunde sind, wir liefern <strong data-start=\"481\" data-end=\"550\">Hochleistungsger\u00e4te, stilvolles Design und wettbewerbsf\u00e4hige Preise<\/strong> um Ihre Bed\u00fcrfnisse zu erf\u00fcllen.<\/p>\n<h2 data-start=\"2064\" data-end=\"2115\">FAQs zum WASPE 150K 150000 Zug Einweg Vape<\/h2>\n<ol data-start=\"3648\" data-end=\"4929\">\n<li data-start=\"3648\" data-end=\"3906\">\n<p data-start=\"3651\" data-end=\"3906\"><strong data-start=\"3651\" data-end=\"3759\">Wie bew\u00e4ltigt der WASPE 150K 150.000 Z\u00fcge 64ml Einweg-Vape den langfristigen t\u00e4glichen Gebrauch, ohne schnell zu verblassen?<\/strong><br data-start=\"3759\" data-end=\"3762\" \/>Die 64ml Kapazit\u00e4t unterst\u00fctzt l\u00e4ngeren Gebrauch, und Type-C-Aufladung h\u00e4lt ihn in Betrieb, damit Sie das Langzeitpotenzial des Ger\u00e4ts tats\u00e4chlich erreichen k\u00f6nnen.<\/p>\n<\/li>\n<li data-start=\"3908\" data-end=\"4121\">\n<p data-start=\"3911\" data-end=\"4121\"><strong data-start=\"3911\" data-end=\"3997\">H\u00e4lt das WASPE 150000 Z\u00fcge 6-in-1 Cartridge-System den Geschmack \u00fcber Wochen frisch?<\/strong><br data-start=\"3997\" data-end=\"4000\" \/>Ja. Das Wechseln der Geschmacksrichtungen reduziert die \u201eGeschmacksm\u00fcdigkeit\u201c, die Hauptursache daf\u00fcr ist, dass viele Nutzer Hochkapazit\u00e4tsger\u00e4te fr\u00fchzeitig aufgeben.<\/p>\n<\/li>\n<li data-start=\"4123\" data-end=\"4389\">\n<p data-start=\"4126\" data-end=\"4389\"><strong data-start=\"4126\" data-end=\"4227\">Welchen Unterschied macht eine 1,0\u03a9 Dreifach-Mesh-Spule in einem Pod-E-Zigaretten-Style-Disposable wie WASPE 150K?<\/strong><br data-start=\"4227\" data-end=\"4230\" \/>Dreifach-Mesh-Heizung verteilt die W\u00e4rme gleichm\u00e4\u00dfiger, verbessert die Dampferqualit\u00e4t und hilft, die Geschm\u00e4cker klar zu halten\u2014besonders wichtig beim Rotieren mehrerer Geschmacksrichtungen.<\/p>\n<\/li>\n<li data-start=\"4391\" data-end=\"4632\">\n<p data-start=\"4394\" data-end=\"4632\"><strong data-start=\"4394\" data-end=\"4493\">Ist der WASPE 150K ein besseres Preis-Leistungs-Verh\u00e4ltnis als g\u00fcnstige E-Zigaretten beim Vergleich des Dampfpreises in Vape PL?<\/strong><br data-start=\"4493\" data-end=\"4496\" \/>Oft ja. Selbst wenn der Anschaffungspreis h\u00f6her ist, k\u00f6nnen die Kosten pro Tag aufgrund deutlich weniger Ersatzteile und wiederaufladbarer Nutzung niedriger sein.<\/p>\n<\/li>\n<li data-start=\"4634\" data-end=\"4929\">\n<p data-start=\"4637\" data-end=\"4929\"><strong data-start=\"4637\" data-end=\"4746\">F\u00fcr wen ist der WASPE 150K 150.000 Z\u00fcge am besten geeignet\u2014leichte Nutzer oder Vielraucher, die starken Dampfgeschmack suchen?<\/strong><br data-start=\"4746\" data-end=\"4749\" \/>Er ist haupts\u00e4chlich f\u00fcr intensivere Routinen und Nutzer konzipiert, die Abwechslung ohne mehrere Ger\u00e4te w\u00fcnschen. Nikotinausf\u00fchrungen (0%, 2%, 5%) erm\u00f6glichen es, sowohl leichtere als auch st\u00e4rkere Pr\u00e4ferenzen zu bedienen.<\/p>\n<\/li>\n<\/ol>\n<\/div>\n<\/div>\n<\/div>\n<\/div>","protected":false},"excerpt":{"rendered":"<p data-start=\"3411\" data-end=\"3490\">WASPE 150K 150.000 Z\u00fcge Einweg-Vape mit 6-in-1-Geschmacks-Patronensystem, 64ml vorgef\u00fclliges E-Liquid, 1,0\u03a9 Dreifach-Mesh-Spule, LED-Smart-Display und 650mAh Typ-C-Aufladung. Starker langlebiger Wert f\u00fcr Vape PL-K\u00e4ufer im Vergleich zum Vapor-Preis, beste Einwegprodukte und g\u00fcnstige E-Zigaretten, mit Pod-E-Zigaretten-Style-Geschmackswechsel.<\/p>\n<p><strong>F\u00fcgen Sie Amys WhatsApp hinzu, um eine korrekte Antwort und einen Rabattpreis zu erhalten!<\/strong><\/p>\n<p><img fetchpriority=\"high\" decoding=\"async\" class=\"size-full wp-image-2932\" src=\"https:\/\/vapestornado.com\/wp-content\/uploads\/2024\/12\/Vape-Wholesale.jpg\" alt=\"Vape-Gro\u00dfhandel\" width=\"229\" height=\"300\" \/><\/p>\n<h3><a href=\"https:\/\/wa.me\/8617776015835\"><span style=\"color: #ff0000;\"><strong>WhatsApp: +86 17776015835<\/strong><\/span><\/a><\/h3>","protected":false},"featured_media":4421,"comment_status":"open","ping_status":"closed","template":"","meta":{"_acf_changed":false,"_uag_custom_page_level_css":"","_lmt_disableupdate":"no","_lmt_disable":"","_monsterinsights_skip_tracking":false,"_monsterinsights_sitenote_active":false,"_monsterinsights_sitenote_note":"","_monsterinsights_sitenote_category":0,"site-sidebar-layout":"default","site-content-layout":"","ast-site-content-layout":"default","site-content-style":"default","site-sidebar-style":"default","ast-global-header-display":"","ast-banner-title-visibility":"","ast-main-header-display":"","ast-hfb-above-header-display":"","ast-hfb-below-header-display":"","ast-hfb-mobile-header-display":"","site-post-title":"","ast-breadcrumbs-content":"","ast-featured-img":"","footer-sml-layout":"","ast-disable-related-posts":"","theme-transparent-header-meta":"default","adv-header-id-meta":"","stick-header-meta":"","header-above-stick-meta":"","header-main-stick-meta":"","header-below-stick-meta":"","astra-migrate-meta-layouts":"set","ast-page-background-enabled":"default","ast-page-background-meta":{"desktop":{"background-color":"","background-image":"","background-repeat":"repeat","background-position":"center center","background-size":"auto","background-attachment":"scroll","background-type":"","background-media":"","overlay-type":"","overlay-color":"","overlay-opacity":"","overlay-gradient":""},"tablet":{"background-color":"","background-image":"","background-repeat":"repeat","background-position":"center center","background-size":"auto","background-attachment":"scroll","background-type":"","background-media":"","overlay-type":"","overlay-color":"","overlay-opacity":"","overlay-gradient":""},"mobile":{"background-color":"","background-image":"","background-repeat":"repeat","background-position":"center center","background-size":"auto","background-attachment":"scroll","background-type":"","background-media":"","overlay-type":"","overlay-color":"","overlay-opacity":"","overlay-gradient":""}},"ast-content-background-meta":{"desktop":{"background-color":"var(--ast-global-color-5)","background-image":"","background-repeat":"repeat","background-position":"center center","background-size":"auto","background-attachment":"scroll","background-type":"","background-media":"","overlay-type":"","overlay-color":"","overlay-opacity":"","overlay-gradient":""},"tablet":{"background-color":"var(--ast-global-color-5)","background-image":"","background-repeat":"repeat","background-position":"center center","background-size":"auto","background-attachment":"scroll","background-type":"","background-media":"","overlay-type":"","overlay-color":"","overlay-opacity":"","overlay-gradient":""},"mobile":{"background-color":"var(--ast-global-color-5)","background-image":"","background-repeat":"repeat","background-position":"center center","background-size":"auto","background-attachment":"scroll","background-type":"","background-media":"","overlay-type":"","overlay-color":"","overlay-opacity":"","overlay-gradient":""}},"_joinchat":[]},"product_brand":[],"product_cat":[394,154,142,144,146,60],"product_tag":[387,287,388,390,393,386,392,391],"class_list":{"0":"post-4422","1":"product","2":"type-product","3":"status-publish","4":"has-post-thumbnail","6":"product_cat-150000-puff","7":"product_cat-buy-disposable-vapes-in-netherlands","8":"product_cat-digital-box-disposable-vapes","9":"product_cat-low-nicotine-disposable-vapes","10":"product_cat-rechargeable-disposable-vapes","11":"product_cat-waspe-fihp-vape","12":"product_tag-cigarette-vapor","13":"product_tag-disposable-vape-pen","14":"product_tag-e-vape","15":"product_tag-online-vape-shop","16":"product_tag-vape-cartridge","17":"product_tag-vape-pen","18":"product_tag-waspe-150000-puff","19":"product_tag-waspe-150k","20":"desktop-align-left","21":"tablet-align-left","22":"mobile-align-left","24":"first","25":"instock","26":"sale","27":"shipping-taxable","28":"purchasable","29":"product-type-simple"},"acf":[],"uagb_featured_image_src":{"full":["https:\/\/vapestornado.com\/wp-content\/uploads\/2025\/10\/WASPE-AIVIOU-150K-Disposable-Vape-Wholesale-Price.webp",800,800,false],"thumbnail":["https:\/\/vapestornado.com\/wp-content\/uploads\/2025\/10\/WASPE-AIVIOU-150K-Disposable-Vape-Wholesale-Price-150x150.webp",150,150,true],"medium":["https:\/\/vapestornado.com\/wp-content\/uploads\/2025\/10\/WASPE-AIVIOU-150K-Disposable-Vape-Wholesale-Price-300x300.webp",300,300,true],"medium_large":["https:\/\/vapestornado.com\/wp-content\/uploads\/2025\/10\/WASPE-AIVIOU-150K-Disposable-Vape-Wholesale-Price-768x768.webp",768,768,true],"large":["https:\/\/vapestornado.com\/wp-content\/uploads\/2025\/10\/WASPE-AIVIOU-150K-Disposable-Vape-Wholesale-Price.webp",800,800,false],"1536x1536":["https:\/\/vapestornado.com\/wp-content\/uploads\/2025\/10\/WASPE-AIVIOU-150K-Disposable-Vape-Wholesale-Price.webp",800,800,false],"2048x2048":["https:\/\/vapestornado.com\/wp-content\/uploads\/2025\/10\/WASPE-AIVIOU-150K-Disposable-Vape-Wholesale-Price.webp",800,800,false],"trp-custom-language-flag":["https:\/\/vapestornado.com\/wp-content\/uploads\/2025\/10\/WASPE-AIVIOU-150K-Disposable-Vape-Wholesale-Price-12x12.webp",12,12,true],"woocommerce_thumbnail":["https:\/\/vapestornado.com\/wp-content\/uploads\/2025\/10\/WASPE-AIVIOU-150K-Disposable-Vape-Wholesale-Price-300x300.webp",300,300,true],"woocommerce_single":["https:\/\/vapestornado.com\/wp-content\/uploads\/2025\/10\/WASPE-AIVIOU-150K-Disposable-Vape-Wholesale-Price-600x600.webp",600,600,true],"woocommerce_gallery_thumbnail":["https:\/\/vapestornado.com\/wp-content\/uploads\/2025\/10\/WASPE-AIVIOU-150K-Disposable-Vape-Wholesale-Price-100x100.webp",100,100,true]},"uagb_author_info":{"display_name":"ESAMY","author_link":"https:\/\/vapestornado.com\/de\/author\/"},"uagb_comment_info":1,"uagb_excerpt":"WASPE 150K 150000 Puff disposable vape with 6-in-1 flavour cartridge system, 64ml prefilled e-liquid, 1.0\u03a9 triple mesh coil, LED smart display and 650mAh Type-C recharge. Strong long-life value for Vape PL buyers comparing Vapor price, Best disposables and Cheap e-cigarettes, with pod ecig style flavour switching. Add Amy's whatsapp to get right reply and discount&hellip;","_links":{"self":[{"href":"https:\/\/vapestornado.com\/de\/wp-json\/wp\/v2\/product\/4422","targetHints":{"allow":["GET"]}}],"collection":[{"href":"https:\/\/vapestornado.com\/de\/wp-json\/wp\/v2\/product"}],"about":[{"href":"https:\/\/vapestornado.com\/de\/wp-json\/wp\/v2\/types\/product"}],"replies":[{"embeddable":true,"href":"https:\/\/vapestornado.com\/de\/wp-json\/wp\/v2\/comments?post=4422"}],"wp:featuredmedia":[{"embeddable":true,"href":"https:\/\/vapestornado.com\/de\/wp-json\/wp\/v2\/media\/4421"}],"wp:attachment":[{"href":"https:\/\/vapestornado.com\/de\/wp-json\/wp\/v2\/media?parent=4422"}],"wp:term":[{"taxonomy":"product_brand","embeddable":true,"href":"https:\/\/vapestornado.com\/de\/wp-json\/wp\/v2\/product_brand?post=4422"},{"taxonomy":"product_cat","embeddable":true,"href":"https:\/\/vapestornado.com\/de\/wp-json\/wp\/v2\/product_cat?post=4422"},{"taxonomy":"product_tag","embeddable":true,"href":"https:\/\/vapestornado.com\/de\/wp-json\/wp\/v2\/product_tag?post=4422"}],"curies":[{"name":"wp","href":"https:\/\/api.w.org\/{rel}","templated":true}]}}