{"id":4355,"date":"2025-09-19T03:35:21","date_gmt":"2025-09-19T03:35:21","guid":{"rendered":"https:\/\/vapestornado.com\/?post_type=product&#038;p=4355"},"modified":"2025-09-19T06:51:26","modified_gmt":"2025-09-19T06:51:26","slug":"uzy-60000-puff-60k-disposable-vapor-3-in-1-triple-flavor-bulk-buy-online","status":"publish","type":"product","link":"https:\/\/vapestornado.com\/de\/product\/uzy-60000-puff-60k-disposable-vapor-3-in-1-triple-flavor-bulk-buy-online\/","title":{"rendered":"UZY 60000 Z\u00fcge 60k Einweg-Vaporizer 3 in 1 Dreifach-Geschmack Gro\u00dfpackung Online Kaufen"},"content":{"rendered":"<h2 data-pm-slice=\"1 1 []\">UZY 60000 Z\u00fcge 3-in-1 Dreifach-Aroma Einweg-Vaporizer \u2013 Online-Gro\u00dfeinkauf zum besten Preis<\/h2>\n<p data-start=\"312\" data-end=\"738\">Der <strong data-start=\"316\" data-end=\"351\">UZY 60000 Z\u00fcge Einweg-Vaporizer<\/strong> ist f\u00fcr Dampfer konzipiert, die Vielfalt, Leistung und Zuverl\u00e4ssigkeit in einem Ger\u00e4t w\u00fcnschen. Mit einer beeindruckenden <strong data-start=\"447\" data-end=\"468\">Kapazit\u00e4t von 60.000 Z\u00fcgen<\/strong> und ein einzigartiges <strong data-start=\"482\" data-end=\"513\">3-in-1 Dreifach-Aroma-System<\/strong>, jedes Pod-Ger\u00e4t liefert <strong data-start=\"536\" data-end=\"556\">54ml E-Liquid<\/strong> aufgeteilt in drei separate Kammern, die jeden Geschmack frisch und unverwechselbar halten. UZY 60000 Zug Vape ist die perfekte Wahl f\u00fcr<strong data-start=\"662\" data-end=\"702\"> Dampfer <\/strong>die Leistung und Stil verlangen.<\/p>\n<p data-start=\"740\" data-end=\"1112\">Ausgestattet mit <strong data-start=\"754\" data-end=\"785\">dreifacher Mesh-Coil-Technologie<\/strong>sorgt der UZY 60k f\u00fcr sanften Dampf und satten Geschmack bei jedem Zug. Der <strong data-start=\"854\" data-end=\"875\">intelligente LED-Display<\/strong> h\u00e4lt Sie \u00fcber den Akku- und E-Liquid-Stand auf dem Laufenden, sodass Sie nie unerwartet leer laufen. Angetrieben von einem starken <strong data-start=\"984\" data-end=\"1041\">850mAh Akku mit Typ-C-Schnellladung<\/strong>sind Ausfallzeiten minimal, was dies zu einem zuverl\u00e4ssigen Ger\u00e4t f\u00fcr den t\u00e4glichen Gebrauch macht.<\/p>\n<p data-start=\"1114\" data-end=\"1403\">Erh\u00e4ltlich in <strong data-start=\"1127\" data-end=\"1167\">0%, 2%, 3% und 5% Nikotinst\u00e4rken<\/strong>bedient er jede Vorliebe \u2013 von leichtem, zwanglosem Dampfen bis hin zu einem st\u00e4rkeren Zug. Das <strong data-start=\"1248\" data-end=\"1282\">kristallinspirierte, moderne Design<\/strong> f\u00fchlt sich nicht nur hochwertig in der Hand an, sondern sieht auch schick aus und spricht junge Erwachsene an, die Wert auf Funktion und \u00c4sthetik legen.<\/p>\n<p data-start=\"1405\" data-end=\"1739\">F\u00fcr <strong data-start=\"1409\" data-end=\"1434\">Gro\u00dfhandelsk\u00e4ufer<\/strong>sticht der UZY 60000 Puff als ein <strong data-start=\"1471\" data-end=\"1518\">Bestseller in der Kategorie der Einweg-Vapes<\/strong>heraus und kombiniert <strong data-start=\"1530\" data-end=\"1612\">langlebige Leistung, authentische Aromen und wettbewerbsf\u00e4hige Gro\u00dfhandelspreise<\/strong> die starke Gewinnmargen sichern. Wenn Sie <strong data-start=\"1664\" data-end=\"1694\">Einweg-Vapes online kaufen<\/strong> m\u00f6chten, ist der UZY 60k eine sichere Wahl.<\/p>\n<p><strong><span style=\"color: #ff0000;\">F\u00fcge Amy auf WhatsApp hinzu, um sofort eine Antwort und einen Vape-Gutschein zu erhalten!<\/span><\/strong><\/p>\n<p><img fetchpriority=\"high\" decoding=\"async\" class=\"size-full wp-image-2932\" src=\"https:\/\/vapestornado.com\/wp-content\/uploads\/2024\/12\/Vape-Wholesale.jpg\" alt=\"Vape-Gro\u00dfhandel\" width=\"229\" height=\"300\" \/><\/p>\n<h3><a href=\"https:\/\/wa.me\/8617776015835\" target=\"_blank\" rel=\"noopener\"><span style=\"color: #ff0000;\"><strong>WhatsApp: +86 17776015835<\/strong><\/span><\/a><\/h3>\n<p>&nbsp;<\/p>\n<h2><strong>UZY 60000 Puff Produkteigenschaften<\/strong><\/h2>\n<p>Z\u00fcge: 60000 Z\u00fcge<br \/>\n3 in 1 Dreifach-Aromen<br \/>\nDual-Mesh-Coil<br \/>\nE-Liquid: 54ml (18ml+18ml+18ml)<br \/>\nNikotin: 0%\/2%\/3%\/5%<br \/>\nBatterie: 850 mAh<br \/>\nWiederaufladbar: Typ-C-Ladeanschluss<br \/>\nLED-Anzeige (Smart Screen) zur Anzeige des Batterie- und E-Liquid-Stands<br \/>\nLeistungsanpassung: Pro- und Max-Versionen<br \/>\nProduktgewicht: 120 g\/St\u00fcck<\/p>\n<figure id=\"attachment_4354\" aria-describedby=\"caption-attachment-4354\" style=\"width: 800px\" class=\"wp-caption alignnone\"><img decoding=\"async\" class=\"wp-image-4354 size-full\" src=\"https:\/\/vapestornado.com\/wp-content\/uploads\/2025\/09\/UZY-Triple-Flavor-60000-60K-Puffs-Disposable-Vape.webp\" alt=\"UZY Triple Flavor 60000 60K Z\u00fcge Einweg-Vape\" width=\"800\" height=\"800\" srcset=\"https:\/\/vapestornado.com\/wp-content\/uploads\/2025\/09\/UZY-Triple-Flavor-60000-60K-Puffs-Disposable-Vape.webp 800w, https:\/\/vapestornado.com\/wp-content\/uploads\/2025\/09\/UZY-Triple-Flavor-60000-60K-Puffs-Disposable-Vape-300x300.webp 300w, https:\/\/vapestornado.com\/wp-content\/uploads\/2025\/09\/UZY-Triple-Flavor-60000-60K-Puffs-Disposable-Vape-150x150.webp 150w, https:\/\/vapestornado.com\/wp-content\/uploads\/2025\/09\/UZY-Triple-Flavor-60000-60K-Puffs-Disposable-Vape-768x768.webp 768w, https:\/\/vapestornado.com\/wp-content\/uploads\/2025\/09\/UZY-Triple-Flavor-60000-60K-Puffs-Disposable-Vape-12x12.webp 12w, https:\/\/vapestornado.com\/wp-content\/uploads\/2025\/09\/UZY-Triple-Flavor-60000-60K-Puffs-Disposable-Vape-600x600.webp 600w, https:\/\/vapestornado.com\/wp-content\/uploads\/2025\/09\/UZY-Triple-Flavor-60000-60K-Puffs-Disposable-Vape-100x100.webp 100w\" sizes=\"(max-width: 800px) 100vw, 800px\" \/><figcaption id=\"caption-attachment-4354\" class=\"wp-caption-text\">UZY Triple Flavor 60000 60K Z\u00fcge Einweg-Vape<\/figcaption><\/figure>\n<h2 class=\"product-title\"><strong> UZY 60000 Puff Aromen Liste<\/strong><\/h2>\n<p>1. Blaubeer-Himbeer \/ Erdbeer-Kiwi \/ Zitrone-Limette<br \/>\n2. Kiwi-Passionsfrucht-Guave \/ Blaubeer-Eis \/ Pfirsich-Mango<br \/>\n3. Erdbeer-Wassermelone \/ Cola-Eis \/ Kirsch-Cola<br \/>\n4. Pfirsich-Eis \/ Erdbeer-Himbeer-Kirsch-Eis \/ Doppel-Apfel-Eis<br \/>\n5. Traubeneis \/ Love 666 (Passionsfrucht-Melone) \/ Erdbeer-Red Bull<br \/>\n6. Mr. Blue \/ Gummib\u00e4rchen \/ Red Bull Ice<br \/>\n7. Pfirsich-Mango-Ananas \/ Blue Razz Ice \/ Himbeer-Wassermelone<br \/>\n8. Wassermelonen-Eis \/ Dreifach-Melonen-Eis \/ Erdbeer-Banane<br \/>\n9. Sommer-Pfirsich-Eis \/ Erdbeer-Eis \/ Blue Razz Ice<br \/>\n10. Kirsch-Eis \/ Gemischte Beeren \/ Black Dragon Ice<\/p>\n<div class=\"flex-shrink-0 flex flex-col relative items-end\">\n<div class=\"pt-0\">\n<div class=\"gizmo-bot-avatar flex h-8 w-8 items-center justify-center overflow-hidden rounded-full\">\n<div class=\"relative p-1 rounded-sm flex items-center justify-center bg-token-main-surface-primary text-token-text-primary h-8 w-8\">\n<h2 data-start=\"1200\" data-end=\"1487\">Vapes Tornado \u2013 Ihr Online-Gro\u00dfhandels-Vape-Shop f\u00fcr Europas Top-Vape-Marken<\/h2>\n<p data-start=\"1200\" data-end=\"1487\"><strong data-start=\"213\" data-end=\"248\">Vapes Tornado Online Rauchladen<\/strong> ist Ihr vertrauensw\u00fcrdiges Ziel f\u00fcr hochwertige Einweg-Vapes und Gro\u00dfhandels-E-Zigaretten in ganz Deutschland. Wir sind darauf spezialisiert, eine gro\u00dfe Auswahl der<strong data-start=\"403\" data-end=\"431\">\u00a0beliebten Vape-Marken<\/strong>, einschlie\u00dflich <strong data-start=\"443\" data-end=\"502\"><a href=\"https:\/\/vapestornado.com\/de\/product\/waspe-aiviou-3-in-1-60000-puffs-disposable-vape-kit-best-price\/\">WASPE VAPE<\/a>, Vapme VAPE, <a href=\"https:\/\/vapestornado.com\/de\/product\/vozol-gear-power-20k-20000-puffs-vape-rechargeable-disposable-box-bulk-buy-cheap-price\/\">VOZOL VAPE<\/a><\/strong><strong data-start=\"443\" data-end=\"502\">und <a href=\"https:\/\/vapestornado.com\/de\/product-category\/fumot-vape\/\">FUMOT VAPE<\/a><\/strong>. Unser Gesch\u00e4ft ist darauf ausgerichtet, sowohl einzelne Kunden als auch Gro\u00dfh\u00e4ndler zu bedienen und zuverl\u00e4ssige Produkte anzubieten, die starke Leistung, stilvolles Design und wettbewerbsf\u00e4hige Preise vereinen.<\/p>\n<h2 data-start=\"2064\" data-end=\"2115\">FAQs zum UZY 60000 Puff Einweg-Vape<\/h2>\n<p data-start=\"152\" data-end=\"362\"><strong data-start=\"152\" data-end=\"223\">1. Wie viele Geschmacksrichtungen bietet der UZY 60000 Puff Einweg-Vapor?<\/strong><br data-start=\"223\" data-end=\"226\" \/>Jedes Ger\u00e4t enth\u00e4lt einen <strong data-start=\"249\" data-end=\"280\">3-in-1 Dreifach-Aroma-System<\/strong>, wodurch Sie drei verschiedene E-Liquid-Kammern mit einem Gesamtvolumen von <strong data-start=\"342\" data-end=\"359\">54 ml Fassungsverm\u00f6gen erhalten<\/strong>.<\/p>\n<p data-start=\"364\" data-end=\"530\"><strong data-start=\"364\" data-end=\"404\">2. Ist der UZY 60k Puff wiederaufladbar?<\/strong><br data-start=\"404\" data-end=\"407\" \/>Ja. Er wird mit einem <strong data-start=\"429\" data-end=\"447\">850mAh-Akku<\/strong> und unterst\u00fctzt <strong data-start=\"461\" data-end=\"485\">Type-C-Schnellladung<\/strong>geliefert, was eine l\u00e4ngere Nutzung und minimale Ausfallzeiten gew\u00e4hrleistet.<\/p>\n<p data-start=\"532\" data-end=\"731\"><strong data-start=\"532\" data-end=\"599\">3. Welche Nikotinst\u00e4rken sind f\u00fcr den UZY 60000 Puff erh\u00e4ltlich?<\/strong><br data-start=\"599\" data-end=\"602\" \/>Der UZY 60k Puff ist in den Nikotinst\u00e4rken <strong data-start=\"635\" data-end=\"675\">0%, 2%, 3% und 5% erh\u00e4ltlich<\/strong>, wodurch er f\u00fcr verschiedene Vaping-Vorlieben geeignet ist.<\/p>\n<p data-start=\"733\" data-end=\"913\"><strong data-start=\"733\" data-end=\"776\">4. Wie funktioniert das intelligente LED-Display?<\/strong><br data-start=\"776\" data-end=\"779\" \/>Das integrierte <strong data-start=\"792\" data-end=\"806\">LED-Bildschirm<\/strong> zeigt <strong data-start=\"813\" data-end=\"855\">Batterieprozentsatz und E-Liquid-St\u00e4nde an<\/strong>, sodass Sie immer wissen, wann Sie aufladen oder die Geschmacksrichtung wechseln m\u00fcssen.<\/p>\n<p data-start=\"915\" data-end=\"1149\"><strong data-start=\"915\" data-end=\"989\">5. Warum ist der UZY 60000 Puff f\u00fcr den Gro\u00dfeinkauf in Europa so beliebt?<\/strong><br data-start=\"989\" data-end=\"992\" \/>Seine <strong data-start=\"996\" data-end=\"1086\">Hohe Anzahl an Z\u00fcgen, Dreifach-Aromasystem, starker Akku und wettbewerbsf\u00e4higer Gro\u00dfhandelspreis<\/strong> machen ihn zu einer Top-Wahl f\u00fcr H\u00e4ndler und Einzelh\u00e4ndler.<\/p>\n<\/div>\n<\/div>\n<\/div>\n<\/div>","protected":false},"excerpt":{"rendered":"<p><strong data-start=\"114\" data-end=\"149\">UZY 60000 Z\u00fcge Einweg-Vaporizer<\/strong> liefert <strong data-start=\"159\" data-end=\"184\">3-in-1 Dreifach-Aromen<\/strong>, bis zu <strong data-start=\"192\" data-end=\"205\">60.000 Z\u00fcge<\/strong>und ein <strong data-start=\"213\" data-end=\"234\">intelligente LED-Display<\/strong> mit <strong data-start=\"240\" data-end=\"278\" data-is-only-node=\"\">850mAh Typ-C wiederaufladbarer Akku<\/strong>. Ideal f\u00fcr <strong data-start=\"290\" data-end=\"325\">Gro\u00dfhandelsk\u00e4ufer in Deutschland<\/strong> diejenigen, die eine langanhaltende Leistung zum <strong data-start=\"370\" data-end=\"384\">besten Preis suchen<\/strong>.<\/p>\n<p><strong>F\u00fcgen Sie Amys WhatsApp hinzu, um eine korrekte Antwort und einen Rabattpreis zu erhalten!<\/strong><\/p>\n<p><img fetchpriority=\"high\" decoding=\"async\" class=\"size-full wp-image-2932\" src=\"https:\/\/vapestornado.com\/wp-content\/uploads\/2024\/12\/Vape-Wholesale.jpg\" alt=\"Vape-Gro\u00dfhandel\" width=\"229\" height=\"300\" \/><\/p>\n<h3><a href=\"https:\/\/wa.me\/8617776015835\"><span style=\"color: #ff0000;\"><strong>WhatsApp: +86 17776015835<\/strong><\/span><\/a><\/h3>","protected":false},"featured_media":4353,"comment_status":"open","ping_status":"closed","template":"","meta":{"_acf_changed":false,"_uag_custom_page_level_css":"","_lmt_disableupdate":"no","_lmt_disable":"","_monsterinsights_skip_tracking":false,"_monsterinsights_sitenote_active":false,"_monsterinsights_sitenote_note":"","_monsterinsights_sitenote_category":0,"site-sidebar-layout":"default","site-content-layout":"","ast-site-content-layout":"default","site-content-style":"default","site-sidebar-style":"default","ast-global-header-display":"","ast-banner-title-visibility":"","ast-main-header-display":"","ast-hfb-above-header-display":"","ast-hfb-below-header-display":"","ast-hfb-mobile-header-display":"","site-post-title":"","ast-breadcrumbs-content":"","ast-featured-img":"","footer-sml-layout":"","ast-disable-related-posts":"","theme-transparent-header-meta":"default","adv-header-id-meta":"","stick-header-meta":"","header-above-stick-meta":"","header-main-stick-meta":"","header-below-stick-meta":"","astra-migrate-meta-layouts":"set","ast-page-background-enabled":"default","ast-page-background-meta":{"desktop":{"background-color":"","background-image":"","background-repeat":"repeat","background-position":"center center","background-size":"auto","background-attachment":"scroll","background-type":"","background-media":"","overlay-type":"","overlay-color":"","overlay-opacity":"","overlay-gradient":""},"tablet":{"background-color":"","background-image":"","background-repeat":"repeat","background-position":"center center","background-size":"auto","background-attachment":"scroll","background-type":"","background-media":"","overlay-type":"","overlay-color":"","overlay-opacity":"","overlay-gradient":""},"mobile":{"background-color":"","background-image":"","background-repeat":"repeat","background-position":"center center","background-size":"auto","background-attachment":"scroll","background-type":"","background-media":"","overlay-type":"","overlay-color":"","overlay-opacity":"","overlay-gradient":""}},"ast-content-background-meta":{"desktop":{"background-color":"var(--ast-global-color-5)","background-image":"","background-repeat":"repeat","background-position":"center center","background-size":"auto","background-attachment":"scroll","background-type":"","background-media":"","overlay-type":"","overlay-color":"","overlay-opacity":"","overlay-gradient":""},"tablet":{"background-color":"var(--ast-global-color-5)","background-image":"","background-repeat":"repeat","background-position":"center center","background-size":"auto","background-attachment":"scroll","background-type":"","background-media":"","overlay-type":"","overlay-color":"","overlay-opacity":"","overlay-gradient":""},"mobile":{"background-color":"var(--ast-global-color-5)","background-image":"","background-repeat":"repeat","background-position":"center center","background-size":"auto","background-attachment":"scroll","background-type":"","background-media":"","overlay-type":"","overlay-color":"","overlay-opacity":"","overlay-gradient":""}},"_joinchat":{"telephone":"17776015835"}},"product_brand":[],"product_cat":[343,152,156,158,142,357,144,146,356],"product_tag":[369,370,368,366,367,364],"class_list":{"0":"post-4355","1":"product","2":"type-product","3":"status-publish","4":"has-post-thumbnail","6":"product_cat-60000-puff","7":"product_cat-buy-disposable-vapes-in-cermany","8":"product_cat-buy-disposable-vapes-in-poland","9":"product_cat-buy-disposable-vapes-in-spain","10":"product_cat-digital-box-disposable-vapes","11":"product_cat-flavor-adjustable-vape","12":"product_cat-low-nicotine-disposable-vapes","13":"product_cat-rechargeable-disposable-vapes","14":"product_cat-uzy-vape","15":"product_tag-buy-disposable-vape-online","16":"product_tag-disposable-vape-bulk-buy","17":"product_tag-disposable-vapor","18":"product_tag-uzy-60000-puff","19":"product_tag-uzy-60k-puff","20":"product_tag-wholesale-cheap-price","21":"desktop-align-left","22":"tablet-align-left","23":"mobile-align-left","25":"first","26":"instock","27":"sale","28":"shipping-taxable","29":"purchasable","30":"product-type-simple"},"acf":[],"uagb_featured_image_src":{"full":["https:\/\/vapestornado.com\/wp-content\/uploads\/2025\/09\/UZY-Triple-Flavor-60000-60K-Puffs-Disposable-Vape-BOx.webp",800,800,false],"thumbnail":["https:\/\/vapestornado.com\/wp-content\/uploads\/2025\/09\/UZY-Triple-Flavor-60000-60K-Puffs-Disposable-Vape-BOx-150x150.webp",150,150,true],"medium":["https:\/\/vapestornado.com\/wp-content\/uploads\/2025\/09\/UZY-Triple-Flavor-60000-60K-Puffs-Disposable-Vape-BOx-300x300.webp",300,300,true],"medium_large":["https:\/\/vapestornado.com\/wp-content\/uploads\/2025\/09\/UZY-Triple-Flavor-60000-60K-Puffs-Disposable-Vape-BOx-768x768.webp",768,768,true],"large":["https:\/\/vapestornado.com\/wp-content\/uploads\/2025\/09\/UZY-Triple-Flavor-60000-60K-Puffs-Disposable-Vape-BOx.webp",800,800,false],"1536x1536":["https:\/\/vapestornado.com\/wp-content\/uploads\/2025\/09\/UZY-Triple-Flavor-60000-60K-Puffs-Disposable-Vape-BOx.webp",800,800,false],"2048x2048":["https:\/\/vapestornado.com\/wp-content\/uploads\/2025\/09\/UZY-Triple-Flavor-60000-60K-Puffs-Disposable-Vape-BOx.webp",800,800,false],"trp-custom-language-flag":["https:\/\/vapestornado.com\/wp-content\/uploads\/2025\/09\/UZY-Triple-Flavor-60000-60K-Puffs-Disposable-Vape-BOx-12x12.webp",12,12,true],"woocommerce_thumbnail":["https:\/\/vapestornado.com\/wp-content\/uploads\/2025\/09\/UZY-Triple-Flavor-60000-60K-Puffs-Disposable-Vape-BOx-300x300.webp",300,300,true],"woocommerce_single":["https:\/\/vapestornado.com\/wp-content\/uploads\/2025\/09\/UZY-Triple-Flavor-60000-60K-Puffs-Disposable-Vape-BOx-600x600.webp",600,600,true],"woocommerce_gallery_thumbnail":["https:\/\/vapestornado.com\/wp-content\/uploads\/2025\/09\/UZY-Triple-Flavor-60000-60K-Puffs-Disposable-Vape-BOx-100x100.webp",100,100,true]},"uagb_author_info":{"display_name":"ESAMY","author_link":"https:\/\/vapestornado.com\/de\/author\/"},"uagb_comment_info":1,"uagb_excerpt":"UZY 60000 Puff Disposable Vapor delivers 3-in-1 triple flavors, up to 60k puffs, and a smart LED display with 850mAh Type-C rechargeable battery. Ideal for bulk wholesale buyers in Europe looking for long-lasting performance at the best price. Add Amy's whatsapp to get right reply and discount price! WhatsApp: +86 17776015835","_links":{"self":[{"href":"https:\/\/vapestornado.com\/de\/wp-json\/wp\/v2\/product\/4355","targetHints":{"allow":["GET"]}}],"collection":[{"href":"https:\/\/vapestornado.com\/de\/wp-json\/wp\/v2\/product"}],"about":[{"href":"https:\/\/vapestornado.com\/de\/wp-json\/wp\/v2\/types\/product"}],"replies":[{"embeddable":true,"href":"https:\/\/vapestornado.com\/de\/wp-json\/wp\/v2\/comments?post=4355"}],"wp:featuredmedia":[{"embeddable":true,"href":"https:\/\/vapestornado.com\/de\/wp-json\/wp\/v2\/media\/4353"}],"wp:attachment":[{"href":"https:\/\/vapestornado.com\/de\/wp-json\/wp\/v2\/media?parent=4355"}],"wp:term":[{"taxonomy":"product_brand","embeddable":true,"href":"https:\/\/vapestornado.com\/de\/wp-json\/wp\/v2\/product_brand?post=4355"},{"taxonomy":"product_cat","embeddable":true,"href":"https:\/\/vapestornado.com\/de\/wp-json\/wp\/v2\/product_cat?post=4355"},{"taxonomy":"product_tag","embeddable":true,"href":"https:\/\/vapestornado.com\/de\/wp-json\/wp\/v2\/product_tag?post=4355"}],"curies":[{"name":"wp","href":"https:\/\/api.w.org\/{rel}","templated":true}]}}