{"id":4118,"date":"2025-04-13T08:12:11","date_gmt":"2025-04-13T08:12:11","guid":{"rendered":"https:\/\/vapestornado.com\/?post_type=product&#038;p=4118"},"modified":"2025-08-21T12:11:56","modified_gmt":"2025-08-21T12:11:56","slug":"solaris-25000-puff-solar-charging-dispsoable-vape-kit-usa","status":"publish","type":"product","link":"https:\/\/vapestornado.com\/de\/product\/solaris-25000-puff-solar-charging-dispsoable-vape-kit-usa\/","title":{"rendered":"Solaris 25000 Z\u00fcge Solarbetriebenes Einweg-Vape-Kit Deutschland"},"content":{"rendered":"<h1 data-pm-slice=\"1 1 []\">Solaris 25000 Z\u00fcge Solarbetriebenes Einweg-Vape-Kit Deutschland<\/h1>\n<p data-start=\"309\" data-end=\"774\">Der <strong data-start=\"313\" data-end=\"361\">Solaris 25000 Einweg-Vape mit Solaraufladung<\/strong> setzt einen neuen Standard in Sachen Nachhaltigkeit und Leistung. Als der erste <strong data-start=\"436\" data-end=\"468\">25.000 Z\u00fcge Einweg-Vape<\/strong> mit integriertem Solarpanel, kombiniert er umweltfreundliches Laden mit hoher Kapazit\u00e4t, was ihn zu einer praktischen L\u00f6sung f\u00fcr den langfristigen Gebrauch macht. Ausgestattet mit einem 18ml vorgef\u00fcllten E-Liquid-Tank und einem wiederaufladbaren Akku, liefert der Solaris eine gleichbleibende Dampfproduktion, die f\u00fcr Zuverl\u00e4ssigkeit in jeder Umgebung konzipiert ist.<\/p>\n<p data-start=\"776\" data-end=\"1047\">Zum Aufladen profitieren Nutzer von zwei Optionen: einem Solarpanel f\u00fcr kontinuierliche Nutzung im Freien oder USB Typ-C f\u00fcr schnelles und effizientes Wiederaufladen (Kabel nicht im Lieferumfang enthalten). Diese Flexibilit\u00e4t macht den Solaris zu einem zuverl\u00e4ssigen Begleiter, sei es auf Reisen, beim Wandern oder bei t\u00e4glichen Aktivit\u00e4ten.<\/p>\n<p data-start=\"1049\" data-end=\"1276\">Zwei Vaping-Modi \u2014 <strong data-start=\"1069\" data-end=\"1089\">Normal und Boost<\/strong> \u2014 gepaart mit zwei Mesh-Coils sorgen f\u00fcr einen sanften Luftstrom und volle Geschmacksintensit\u00e4t. Die einstellbare Luftzufuhr erm\u00f6glicht ein individuelles Zugverhalten, das sowohl MTL-Zufriedenheit als auch eine verbesserte Dampfproduktion gew\u00e4hrleistet.<\/p>\n<p data-start=\"1278\" data-end=\"1637\">Der HD-Bildschirm zeigt den Echtzeit-Status der Z\u00fcge und des Akkus an, mit interaktiven Animationen, die eine moderne Note hinzuf\u00fcgen. Eine \u201eStarlight Embedded Glow\u201c-Oberfl\u00e4che wertet das Design auf und bietet eine hochwertige Optik, die junge erwachsene Verbraucher anspricht. Zugaktiviert und ohne Tasten ist der Solaris einfach zu bedienen und kombiniert fortschrittliche Technologie mit Bedienkomfort.<\/p>\n<p data-start=\"1639\" data-end=\"1865\">F\u00fcr Gro\u00df- und Einzelh\u00e4ndler in Deutschland bietet der <strong data-start=\"1684\" data-end=\"1732\">Solaris 25000 Einweg-Vape mit Solaraufladung<\/strong> ein unverwechselbares Produkt, das die wachsende Nachfrage nach nachhaltigen Ger\u00e4ten mit hoher Kapazit\u00e4t erf\u00fcllt und gleichzeitig einen starken Wiederverkaufswert bietet.<\/p>\n<p data-start=\"666\" data-end=\"1235\"><strong style=\"font-size: 16px;\"><span style=\"color: #ff0000;\">macht.<\/span><\/strong><\/p>\n<p><img fetchpriority=\"high\" decoding=\"async\" class=\"size-full wp-image-2932\" src=\"https:\/\/vapestornado.com\/wp-content\/uploads\/2024\/12\/Vape-Wholesale.jpg\" alt=\"Vape-Gro\u00dfhandel\" width=\"229\" height=\"300\" \/><\/p>\n<h3><a href=\"https:\/\/wa.me\/8617776015835\" target=\"_blank\" rel=\"noopener\"><span style=\"color: #ff0000;\"><strong>WhatsApp: +86 17776015835<\/strong><\/span><\/a><\/h3>\n<p>&nbsp;<\/p>\n<h2><strong>Solaris 25000 Puff Hauptproduktmerkmale<\/strong><\/h2>\n<ul>\n<li class=\"\" data-start=\"1597\" data-end=\"1621\">\n<p class=\"\" data-start=\"1599\" data-end=\"1621\">Bis zu <strong data-start=\"1605\" data-end=\"1621\">25.000 Z\u00fcgen<\/strong><\/p>\n<\/li>\n<li class=\"\" data-start=\"1622\" data-end=\"1684\">\n<p class=\"\" data-start=\"1624\" data-end=\"1684\"><strong data-start=\"1624\" data-end=\"1652\">Solarpanel + USB Typ-C<\/strong> Aufladen (Kabel nicht enthalten)<\/p>\n<\/li>\n<li class=\"\" data-start=\"1685\" data-end=\"1714\">\n<p class=\"\" data-start=\"1687\" data-end=\"1714\"><strong data-start=\"1687\" data-end=\"1714\">18 ml vorgef\u00fclltes E-Liquid<\/strong><\/p>\n<\/li>\n<li class=\"\" data-start=\"1715\" data-end=\"1748\">\n<p class=\"\" data-start=\"1717\" data-end=\"1748\"><strong data-start=\"1717\" data-end=\"1748\">5% (50 mg) Nikotinst\u00e4rke<\/strong><\/p>\n<\/li>\n<li class=\"\" data-start=\"1749\" data-end=\"1773\">\n<p class=\"\" data-start=\"1751\" data-end=\"1773\"><strong data-start=\"1751\" data-end=\"1773\">Einstellbare Luftzirkulation<\/strong><\/p>\n<\/li>\n<li class=\"\" data-start=\"1774\" data-end=\"1805\">\n<p class=\"\" data-start=\"1776\" data-end=\"1805\"><strong data-start=\"1776\" data-end=\"1789\">Zwei Modi<\/strong>: Normal<\/p>\n<\/li>\n<li class=\"\" data-start=\"1806\" data-end=\"1847\">\n<p class=\"\" data-start=\"1808\" data-end=\"1847\"><strong data-start=\"1808\" data-end=\"1827\">Doppelte Mesh-Coils<\/strong> f\u00fcr verbesserten Geschmack<\/p>\n<\/li>\n<li class=\"\" data-start=\"1848\" data-end=\"1872\">\n<p class=\"\" data-start=\"1850\" data-end=\"1872\"><strong data-start=\"1850\" data-end=\"1872\">Animierter HD-Bildschirm<\/strong><\/p>\n<\/li>\n<li class=\"\" data-start=\"1873\" data-end=\"1900\">\n<p class=\"\" data-start=\"1875\" data-end=\"1900\"><strong data-start=\"1875\" data-end=\"1900\">Sternenlicht-Gl\u00fcheffekt<\/strong><\/p>\n<\/li>\n<li class=\"\" data-start=\"1901\" data-end=\"1932\">\n<p class=\"\" data-start=\"1903\" data-end=\"1932\"><strong data-start=\"1903\" data-end=\"1921\">Zugaktiviert<\/strong> MTL-Dampfen<\/p>\n<\/li>\n<li class=\"\" data-start=\"1933\" data-end=\"1977\">\n<p class=\"\" data-start=\"1935\" data-end=\"1977\"><strong data-start=\"1935\" data-end=\"1977\">Umweltbewusstes und benutzerfreundliches Design<\/strong><\/p>\n<\/li>\n<\/ul>\n<h2 class=\"product-title\"><strong>Solaris 25000 Puff Einweg E-Zigaretten Geschmacksrichtungen Bewertung<\/strong><\/h2>\n<article class=\"w-full text-token-text-primary focus-visible:outline-2 focus-visible:outline-offset-[-4px]\" dir=\"auto\" data-testid=\"conversation-turn-32\" data-scroll-anchor=\"false\">\n<div class=\"m-auto text-base py-[18px] px-6\">\n<div class=\"mx-auto flex flex-1 text-base gap-4 md:gap-5 lg:gap-6 md:max-w-3xl lg:max-w-[40rem] xl:max-w-[48rem]\">\n<div class=\"group\/conversation-turn relative flex w-full min-w-0 flex-col @xs\/thread:px-0 @sm\/thread:px-1.5 @md\/thread:px-4\">\n<div class=\"flex-col gap-1 md:gap-3\">\n<div class=\"flex max-w-full flex-col flex-grow\">\n<div class=\"min-h-8 text-message flex w-full flex-col items-end gap-2 whitespace-normal break-words text-start [.text-message+&amp;]:mt-5\" dir=\"auto\" data-message-author-role=\"user\" data-message-id=\"ffac41ca-1db4-431b-873a-32c4052956f1\">\n<div class=\"flex w-full flex-col gap-1 empty:hidden items-end rtl:items-start\">\n<div class=\"relative max-w-[var(--user-chat-width,70%)] rounded-3xl bg-token-message-surface px-5 py-2.5\">\n<div class=\"absolute bottom-0 right-full top-0 -mr-3.5 hidden pr-5 pt-2 [.group\/conversation-turn:hover_&amp;]:flex\">\n<div class=\"flex\">\n<article class=\"w-full text-token-text-primary focus-visible:outline-2 focus-visible:outline-offset-[-4px]\" dir=\"auto\" data-testid=\"conversation-turn-39\" data-scroll-anchor=\"true\">\n<div class=\"m-auto text-base py-[18px] px-6\">\n<div class=\"mx-auto flex flex-1 text-base gap-4 md:gap-5 lg:gap-6 md:max-w-3xl lg:max-w-[40rem] xl:max-w-[48rem]\">\n<div class=\"group\/conversation-turn relative flex w-full min-w-0 flex-col agent-turn @xs\/thread:px-0 @sm\/thread:px-1.5 @md\/thread:px-4\">\n<div class=\"flex-col gap-1 md:gap-3\">\n<div class=\"flex max-w-full flex-col flex-grow\">\n<div class=\"min-h-8 text-message flex w-full flex-col items-end gap-2 whitespace-normal break-words text-start [.text-message+&amp;]:mt-5\" dir=\"auto\" data-message-author-role=\"assistant\" data-message-id=\"55a23854-ec57-48dd-bd4f-6118f43d6241\" data-message-model-slug=\"gpt-4o\">\n<div class=\"flex w-full flex-col gap-1 empty:hidden first:pt-[3px]\">\n<div class=\"markdown prose w-full break-words dark:prose-invert light\">\n<ul>\n<li class=\"\" data-start=\"2002\" data-end=\"2063\">\n<p class=\"\" data-start=\"2004\" data-end=\"2063\"><strong data-start=\"2004\" data-end=\"2017\">Blaue Himbeere<\/strong> \u2013 S\u00fc\u00dfe und spritzige Blaubeer-Himbeer-Mischung<\/p>\n<\/li>\n<li class=\"\" data-start=\"2064\" data-end=\"2128\">\n<p class=\"\" data-start=\"2066\" data-end=\"2128\"><strong data-start=\"2066\" data-end=\"2082\">Blauer Slurpie<\/strong> \u2013 Eisiger blauer Slush f\u00fcr einen k\u00fchlen, nostalgischen Rausch<\/p>\n<\/li>\n<li class=\"\" data-start=\"2129\" data-end=\"2179\">\n<p class=\"\" data-start=\"2131\" data-end=\"2179\"><strong data-start=\"2131\" data-end=\"2146\">Kirschbombe<\/strong> \u2013 Kr\u00e4ftige Kirschgeschmacksexplosion<\/p>\n<\/li>\n<li class=\"\" data-start=\"2180\" data-end=\"2241\">\n<p class=\"\" data-start=\"2182\" data-end=\"2241\"><strong data-start=\"2182\" data-end=\"2195\">K\u00fchle Minze<\/strong> \u2013 Knackige, erfrischende Minze f\u00fcr einen sauberen Abschluss<\/p>\n<\/li>\n<li class=\"\" data-start=\"2242\" data-end=\"2325\">\n<p class=\"\" data-start=\"2244\" data-end=\"2325\"><strong data-start=\"2244\" data-end=\"2274\">Mango-Dragonfrucht-Limonade<\/strong> \u2013 Tropische Mango-, Drachenfrucht- und Zitrusfusion<\/p>\n<\/li>\n<li class=\"\" data-start=\"2326\" data-end=\"2378\">\n<p class=\"\" data-start=\"2328\" data-end=\"2378\"><strong data-start=\"2328\" data-end=\"2342\">Miami Minze<\/strong> \u2013 Sanfte Minze mit K\u00fcsten-Flair<\/p>\n<\/li>\n<li class=\"\" data-start=\"2379\" data-end=\"2448\">\n<p class=\"\" data-start=\"2381\" data-end=\"2448\"><strong data-start=\"2381\" data-end=\"2406\">Erdbeere Wassermelone<\/strong> \u2013 Saftige Erdbeer- und Wassermelonen-Kombination<\/p>\n<\/li>\n<li class=\"\" data-start=\"2449\" data-end=\"2502\">\n<p class=\"\" data-start=\"2451\" data-end=\"2502\"><strong data-start=\"2451\" data-end=\"2467\">Sommer-Explosion<\/strong> \u2013 Eine Explosion gemischter Sommerfr\u00fcchte<\/p>\n<\/li>\n<li class=\"\" data-start=\"2449\" data-end=\"2502\">\n<p class=\"\" data-start=\"2451\" data-end=\"2502\"><strong style=\"font-size: 16px;\" data-start=\"2505\" data-end=\"2525\">Wassermelonen-K\u00fchlung<\/strong><span style=\"font-size: 16px;\"> \u2013 Erfrischender gek\u00fchlter Wassermelonengeschmack<\/span><\/p>\n<p>&nbsp;<\/p>\n<p>&nbsp;<\/p>\n<p>&nbsp;<\/p>\n<div class=\"mceTemp\">\n<p>&nbsp;<\/p>\n<p><img decoding=\"async\" class=\"wp-image-4112 size-full\" src=\"https:\/\/vapestornado.com\/wp-content\/uploads\/2025\/04\/Solaris-25K-Disposable-Wholesale.png\" alt=\"Solaris 25K Einweg Gro\u00dfhandel\" width=\"800\" height=\"800\" srcset=\"https:\/\/vapestornado.com\/wp-content\/uploads\/2025\/04\/Solaris-25K-Disposable-Wholesale.png 800w, https:\/\/vapestornado.com\/wp-content\/uploads\/2025\/04\/Solaris-25K-Disposable-Wholesale-300x300.png 300w, https:\/\/vapestornado.com\/wp-content\/uploads\/2025\/04\/Solaris-25K-Disposable-Wholesale-150x150.png 150w, https:\/\/vapestornado.com\/wp-content\/uploads\/2025\/04\/Solaris-25K-Disposable-Wholesale-768x768.png 768w, https:\/\/vapestornado.com\/wp-content\/uploads\/2025\/04\/Solaris-25K-Disposable-Wholesale-600x600.png 600w, https:\/\/vapestornado.com\/wp-content\/uploads\/2025\/04\/Solaris-25K-Disposable-Wholesale-100x100.png 100w\" sizes=\"(max-width: 800px) 100vw, 800px\" \/><\/p>\n<\/div>\n<\/li>\n<\/ul>\n<\/div>\n<\/div>\n<\/div>\n<\/div>\n<\/div>\n<\/div>\n<\/div>\n<\/div>\n<\/article>\n<\/div>\n<\/div>\n<\/div>\n<\/div>\n<\/div>\n<\/div>\n<\/div>\n<\/div>\n<\/div>\n<\/div>\n<\/article>\n<h2>Warum Vapestornado f\u00fcr Solaris 25000 Puff Bulk Buy w\u00e4hlen?<\/h2>\n<div class=\"flex-shrink-0 flex flex-col relative items-end\">\n<div class=\"pt-0\">\n<div class=\"gizmo-bot-avatar flex h-8 w-8 items-center justify-center overflow-hidden rounded-full\">\n<div class=\"relative p-1 rounded-sm flex items-center justify-center bg-token-main-surface-primary text-token-text-primary h-8 w-8\">\n<p>At\u00a0<strong>VapeTornado<\/strong>, sind wir stolz darauf,\u00a0<strong>erstklassige Dampfprodukte zu unschlagbaren Preisen<\/strong>\u2014und die Elf Box Crystal Bar 600 ist keine Ausnahme! Hier ist, warum Sie bei uns kaufen sollten:<\/p>\n<p class=\"\" data-start=\"49\" data-end=\"193\"><strong data-start=\"49\" data-end=\"81\">Unschlagbare Gro\u00dfhandelspreise<\/strong> \u2013 Profitieren Sie von den besten Gro\u00dfhandelsangeboten auf dem Markt, was uns zum bevorzugten Lieferanten f\u00fcr Vape-Shops und Wiederverk\u00e4ufer weltweit macht.<\/p>\n<p class=\"\" data-start=\"195\" data-end=\"340\"><strong data-start=\"195\" data-end=\"228\">Schnell<\/strong> \u2013 Wir liefern Ihre Bestellungen schnell und sicher mit zuverl\u00e4ssigen weltweiten Versandoptionen, die auf Ihre Bed\u00fcrfnisse zugeschnitten sind.<\/p>\n<p class=\"\" data-start=\"342\" data-end=\"487\"><strong data-start=\"342\" data-end=\"367\">100 % Originalprodukte<\/strong> \u2013 Sagen Sie F\u00e4lschungen Lebewohl! Wir garantieren ausschlie\u00dflich originale Solaris 25000 Einweg-Vapes mit gepr\u00fcfter Qualit\u00e4t und Leistung.<\/p>\n<p class=\"\" data-start=\"489\" data-end=\"627\"><strong data-start=\"489\" data-end=\"516\">Kompetenter Kundensupport<\/strong> \u2013 Haben Sie Fragen? Unser kompetentes Vape-Team ist jederzeit f\u00fcr Sie da und sorgt f\u00fcr einen reibungslosen und problemlosen Service.<\/p>\n<p data-start=\"559\" data-end=\"933\" data-is-last-node=\"\" data-is-only-node=\"\">Wir haben auch einige andere beliebte Vapes mit Bildschirm wie <a href=\"https:\/\/vapestornado.com\/de\/product\/bang-king-vape-36000-puff-dual-vaping-mode-disposables-pod-best-price\/\">BANG KING 36000 Shisha<\/a>, <a href=\"https:\/\/vapestornado.com\/de\/product\/waspe-aiviou-3-in-1-60000-puffs-disposable-vape-kit-best-price\/\">WASPE 60000 3-in-1<\/a>, <a href=\"https:\/\/vapestornado.com\/de\/product\/alfakh-crown-bar-20000-puffs-disposable-shisha-hookah-wholesale-vape-pen\/\">ALFAKH 20000<\/a>, und mehr.<\/p>\n<\/div>\n<div class=\"relative p-1 rounded-sm flex items-center justify-center bg-token-main-surface-primary text-token-text-primary h-8 w-8\">\n<h2>FAQs f\u00fcr Solaris 25000 Puff<\/h2>\n<p class=\"\" data-start=\"155\" data-end=\"385\"><strong data-start=\"155\" data-end=\"212\">1. Wie lade ich den Solaris 25000 Einweg-Vape auf?<\/strong><br data-start=\"212\" data-end=\"215\" \/>Der Solaris 25000 verf\u00fcgt \u00fcber zwei Lademethoden: ein eingebautes <strong data-start=\"276\" data-end=\"291\">Solarpanel<\/strong> f\u00fcr umweltfreundliches Laden und einen <strong data-start=\"324\" data-end=\"343\">USB Typ-C Anschluss<\/strong> (Kabel nicht im Lieferumfang enthalten) zum schnellen Aufladen.<\/p>\n<p class=\"\" data-start=\"387\" data-end=\"576\"><strong data-start=\"387\" data-end=\"438\">2. Wie viele Z\u00fcge bietet der Solaris 25000?<\/strong><br data-start=\"438\" data-end=\"441\" \/>Jedes Ger\u00e4t bietet ungef\u00e4hr <strong data-start=\"476\" data-end=\"492\">25.000 Z\u00fcgen<\/strong>, dank seines hochkapazitiven <strong data-start=\"522\" data-end=\"550\">18 ml vorgef\u00fcllte E-Liquid-Kapazit\u00e4t<\/strong> und einen wiederaufladbaren Akku.<\/p>\n<p class=\"\" data-start=\"578\" data-end=\"805\"><strong data-start=\"578\" data-end=\"637\">3. Was ist der Unterschied zwischen Normal- und Boost-Modus?<\/strong><br data-start=\"637\" data-end=\"640\" \/>Der Normal-Modus bietet ein sanfteres, standardm\u00e4\u00dfiges Dampferlebnis, w\u00e4hrend der Boost-Modus die Dampfproduktion und den Throat Hit verst\u00e4rkt \u2013 ideal f\u00fcr Benutzer, die eine st\u00e4rkere Leistung suchen.<\/p>\n<p class=\"\" data-start=\"807\" data-end=\"1031\"><strong data-start=\"807\" data-end=\"860\">4. Ist der Solaris 25000 nachf\u00fcllbar oder einweg?<\/strong><br data-start=\"860\" data-end=\"863\" \/>Solaris 25000 ist ein <strong data-start=\"882\" data-end=\"901\">Einweg-Vape<\/strong>. Obwohl es <strong data-start=\"915\" data-end=\"931\">wiederaufladbar ist<\/strong>, wird es <strong data-start=\"942\" data-end=\"975\">vorgef\u00fcllt und nicht nachf\u00fcllbar geliefert<\/strong>, was Komfort bietet, ohne dass eine Wartung erforderlich ist.<\/p>\n<p class=\"\" data-start=\"1033\" data-end=\"1232\"><strong data-start=\"1033\" data-end=\"1094\">5. Welche Nikotinst\u00e4rke enth\u00e4lt der Solaris 25000?<\/strong><br data-start=\"1094\" data-end=\"1097\" \/>Jede Einheit enth\u00e4lt <strong data-start=\"1116\" data-end=\"1138\">5% (50mg) Nikotin<\/strong>, was einen zufriedenstellenden Zug f\u00fcr erwachsene Benutzer liefert, die eine st\u00e4rkere Nikotinerfahrung suchen.<\/p>\n<\/div>\n<\/div>\n<\/div>\n<\/div>","protected":false},"excerpt":{"rendered":"<p class=\"LC20lb MBeuO DKV0Md\">Solaris 25000 Puff Bester Online-Vape-Shop Deutschland<br \/>\nSolaris 25000 Puff Vape Gro\u00dfhandel G\u00fcnstiger Preis<br \/>\nHei\u00df verkaufte Solaris 25000 Puff Einweg-Verdampfer<\/p>\n<p><strong>F\u00fcgen Sie Amys WhatsApp hinzu, um eine korrekte Antwort und einen Rabattpreis zu erhalten!<\/strong><\/p>\n<p><img fetchpriority=\"high\" decoding=\"async\" class=\"size-full wp-image-2932\" src=\"https:\/\/vapestornado.com\/wp-content\/uploads\/2024\/12\/Vape-Wholesale.jpg\" alt=\"Vape-Gro\u00dfhandel\" width=\"229\" height=\"300\" \/><\/p>\n<h3><a href=\"https:\/\/wa.me\/8617776015835\"><span style=\"color: #ff0000;\"><strong>WhatsApp: +86 17776015835<\/strong><\/span><\/a><\/h3>\n<p>&nbsp;<\/p>","protected":false},"featured_media":4114,"comment_status":"open","ping_status":"closed","template":"","meta":{"_acf_changed":false,"_uag_custom_page_level_css":"","_lmt_disableupdate":"no","_lmt_disable":"","_monsterinsights_skip_tracking":false,"_monsterinsights_sitenote_active":false,"_monsterinsights_sitenote_note":"","_monsterinsights_sitenote_category":0,"site-sidebar-layout":"default","site-content-layout":"","ast-site-content-layout":"default","site-content-style":"default","site-sidebar-style":"default","ast-global-header-display":"","ast-banner-title-visibility":"","ast-main-header-display":"","ast-hfb-above-header-display":"","ast-hfb-below-header-display":"","ast-hfb-mobile-header-display":"","site-post-title":"","ast-breadcrumbs-content":"","ast-featured-img":"","footer-sml-layout":"","ast-disable-related-posts":"","theme-transparent-header-meta":"default","adv-header-id-meta":"","stick-header-meta":"","header-above-stick-meta":"","header-main-stick-meta":"","header-below-stick-meta":"","astra-migrate-meta-layouts":"set","ast-page-background-enabled":"default","ast-page-background-meta":{"desktop":{"background-color":"","background-image":"","background-repeat":"repeat","background-position":"center center","background-size":"auto","background-attachment":"scroll","background-type":"","background-media":"","overlay-type":"","overlay-color":"","overlay-opacity":"","overlay-gradient":""},"tablet":{"background-color":"","background-image":"","background-repeat":"repeat","background-position":"center center","background-size":"auto","background-attachment":"scroll","background-type":"","background-media":"","overlay-type":"","overlay-color":"","overlay-opacity":"","overlay-gradient":""},"mobile":{"background-color":"","background-image":"","background-repeat":"repeat","background-position":"center center","background-size":"auto","background-attachment":"scroll","background-type":"","background-media":"","overlay-type":"","overlay-color":"","overlay-opacity":"","overlay-gradient":""}},"ast-content-background-meta":{"desktop":{"background-color":"var(--ast-global-color-5)","background-image":"","background-repeat":"repeat","background-position":"center center","background-size":"auto","background-attachment":"scroll","background-type":"","background-media":"","overlay-type":"","overlay-color":"","overlay-opacity":"","overlay-gradient":""},"tablet":{"background-color":"var(--ast-global-color-5)","background-image":"","background-repeat":"repeat","background-position":"center center","background-size":"auto","background-attachment":"scroll","background-type":"","background-media":"","overlay-type":"","overlay-color":"","overlay-opacity":"","overlay-gradient":""},"mobile":{"background-color":"var(--ast-global-color-5)","background-image":"","background-repeat":"repeat","background-position":"center center","background-size":"auto","background-attachment":"scroll","background-type":"","background-media":"","overlay-type":"","overlay-color":"","overlay-opacity":"","overlay-gradient":""}},"_joinchat":{"telephone":"17776015835"}},"product_brand":[],"product_cat":[68,149,156,142,146],"product_tag":[105,331,330],"class_list":{"0":"post-4118","1":"product","2":"type-product","3":"status-publish","4":"has-post-thumbnail","6":"product_cat-25000-puff","7":"product_cat-buy-disposable-vapes-in-austria","8":"product_cat-buy-disposable-vapes-in-poland","9":"product_cat-digital-box-disposable-vapes","10":"product_cat-rechargeable-disposable-vapes","11":"product_tag-digital-disposable-vape","12":"product_tag-dispsoable-vape-kit-usa","13":"product_tag-solaris-25000-puff","14":"desktop-align-left","15":"tablet-align-left","16":"mobile-align-left","18":"first","19":"instock","20":"sale","21":"shipping-taxable","22":"purchasable","23":"product-type-simple"},"acf":[],"uagb_featured_image_src":{"full":["https:\/\/vapestornado.com\/wp-content\/uploads\/2025\/04\/Solaris-25000-Puffs-Rechargeable-Disposable.png",800,800,false],"thumbnail":["https:\/\/vapestornado.com\/wp-content\/uploads\/2025\/04\/Solaris-25000-Puffs-Rechargeable-Disposable-150x150.png",150,150,true],"medium":["https:\/\/vapestornado.com\/wp-content\/uploads\/2025\/04\/Solaris-25000-Puffs-Rechargeable-Disposable-300x300.png",300,300,true],"medium_large":["https:\/\/vapestornado.com\/wp-content\/uploads\/2025\/04\/Solaris-25000-Puffs-Rechargeable-Disposable-768x768.png",768,768,true],"large":["https:\/\/vapestornado.com\/wp-content\/uploads\/2025\/04\/Solaris-25000-Puffs-Rechargeable-Disposable.png",800,800,false],"1536x1536":["https:\/\/vapestornado.com\/wp-content\/uploads\/2025\/04\/Solaris-25000-Puffs-Rechargeable-Disposable.png",800,800,false],"2048x2048":["https:\/\/vapestornado.com\/wp-content\/uploads\/2025\/04\/Solaris-25000-Puffs-Rechargeable-Disposable.png",800,800,false],"trp-custom-language-flag":["https:\/\/vapestornado.com\/wp-content\/uploads\/2025\/04\/Solaris-25000-Puffs-Rechargeable-Disposable.png",12,12,false],"woocommerce_thumbnail":["https:\/\/vapestornado.com\/wp-content\/uploads\/2025\/04\/Solaris-25000-Puffs-Rechargeable-Disposable-300x300.png",300,300,true],"woocommerce_single":["https:\/\/vapestornado.com\/wp-content\/uploads\/2025\/04\/Solaris-25000-Puffs-Rechargeable-Disposable-600x600.png",600,600,true],"woocommerce_gallery_thumbnail":["https:\/\/vapestornado.com\/wp-content\/uploads\/2025\/04\/Solaris-25000-Puffs-Rechargeable-Disposable-100x100.png",100,100,true]},"uagb_author_info":{"display_name":"ESAMY","author_link":"https:\/\/vapestornado.com\/de\/author\/"},"uagb_comment_info":0,"uagb_excerpt":"Solaris 25000 Puff\u00a0 Best online Vape store USA Solaris 25000 Puff vape Wholesale Cheap Price Hot Selling Solaris 25000 Puff Disposables Vapor Add Amy's whatsapp to get right reply and discount price! WhatsApp: +86 17776015835 &nbsp;","_links":{"self":[{"href":"https:\/\/vapestornado.com\/de\/wp-json\/wp\/v2\/product\/4118","targetHints":{"allow":["GET"]}}],"collection":[{"href":"https:\/\/vapestornado.com\/de\/wp-json\/wp\/v2\/product"}],"about":[{"href":"https:\/\/vapestornado.com\/de\/wp-json\/wp\/v2\/types\/product"}],"replies":[{"embeddable":true,"href":"https:\/\/vapestornado.com\/de\/wp-json\/wp\/v2\/comments?post=4118"}],"wp:featuredmedia":[{"embeddable":true,"href":"https:\/\/vapestornado.com\/de\/wp-json\/wp\/v2\/media\/4114"}],"wp:attachment":[{"href":"https:\/\/vapestornado.com\/de\/wp-json\/wp\/v2\/media?parent=4118"}],"wp:term":[{"taxonomy":"product_brand","embeddable":true,"href":"https:\/\/vapestornado.com\/de\/wp-json\/wp\/v2\/product_brand?post=4118"},{"taxonomy":"product_cat","embeddable":true,"href":"https:\/\/vapestornado.com\/de\/wp-json\/wp\/v2\/product_cat?post=4118"},{"taxonomy":"product_tag","embeddable":true,"href":"https:\/\/vapestornado.com\/de\/wp-json\/wp\/v2\/product_tag?post=4118"}],"curies":[{"name":"wp","href":"https:\/\/api.w.org\/{rel}","templated":true}]}}