{"id":4103,"date":"2025-04-10T09:29:15","date_gmt":"2025-04-10T09:29:15","guid":{"rendered":"https:\/\/vapestornado.com\/?post_type=product&#038;p=4103"},"modified":"2025-12-02T09:08:48","modified_gmt":"2025-12-02T09:08:48","slug":"bang-leader-45000-puff-45k-cheap-e-cigs-bulk-buy-online","status":"publish","type":"product","link":"https:\/\/vapestornado.com\/de\/product\/bang-leader-45000-puff-45k-cheap-e-cigs-bulk-buy-online\/","title":{"rendered":"Bang Leader 45000 Z\u00fcge 45k G\u00fcnstige E-Zigaretten Online im Gro\u00dfhandel kaufen"},"content":{"rendered":"<h1 data-pm-slice=\"1 1 []\">Bang Leader 45000 Z\u00fcge 45k G\u00fcnstige E-Zigaretten Online im Gro\u00dfhandel kaufen<\/h1>\n<p data-start=\"465\" data-end=\"826\">Der <strong data-start=\"469\" data-end=\"511\">Bang Leader 45000 Puff Einweg-Vape<\/strong> steht als eine der leistungsst\u00e4rksten und zuverl\u00e4ssigsten Optionen in der Kategorie der Einweg-Vapes mit 45.000 Z\u00fcgen. Mit einer wiederaufladbaren 650mAh-Batterie, Nikotinst\u00e4rken von 0%, 2% und 5% sowie einer beeindruckenden Kapazit\u00e4t von 45.000 Z\u00fcgen bietet das Ger\u00e4t ein langanhaltendes und gleichm\u00e4\u00dfiges Dampferlebnis, perfekt f\u00fcr l\u00e4ngere Sitzungen.<\/p>\n<h4 data-start=\"828\" data-end=\"878\">1. Hochleistungsbatterie und intelligentes Display<\/h4>\n<p data-start=\"879\" data-end=\"1303\">Ausgestattet mit einer <strong data-start=\"895\" data-end=\"926\">650mAh wiederaufladbarer Akku<\/strong>, sorgt die Bang Leader Vape daf\u00fcr, dass Sie l\u00e4ngere Dampfsitzungen genie\u00dfen k\u00f6nnen, ohne sich Sorgen um h\u00e4ufiges Aufladen machen zu m\u00fcssen. Sie verf\u00fcgt auch \u00fcber ein <strong data-start=\"1058\" data-end=\"1083\">digitale Smart-Anzeige<\/strong> das Echtzeitinformationen \u00fcber Batteriestand und E-Liquid-Level liefert und den Nutzern volle Kontrolle w\u00e4hrend der Verwendung gibt. Dieses Feature eliminiert das R\u00e4tselraten und hilft Ihnen, den Status des Ger\u00e4ts zu \u00fcberwachen, f\u00fcr ein problemloses Erlebnis.<\/p>\n<h4 data-start=\"1305\" data-end=\"1337\">2. Optimierter 1,0\u03a9 Mesh-Coil<\/h4>\n<p data-start=\"1338\" data-end=\"1634\">Der <strong data-start=\"1342\" data-end=\"1360\">1.0\u03a9 Mesh-Spule<\/strong> der in der Bang Leader Vape verwendet wird, verbessert die Dampferzeugung und sorgt f\u00fcr gleichm\u00e4\u00dfige, geschmackvolle Z\u00fcge von Anfang bis Ende. Das Mesh-Coil-Design bietet eine bessere Heizleistung, sorgt f\u00fcr konstanten und gleichm\u00e4\u00dfigen Dampf w\u00e4hrend der gesamten Nutzung des Ger\u00e4ts und verbessert das gesamte Dampferlebnis.<\/p>\n<h4 data-start=\"1636\" data-end=\"1672\">3. Dualer Geschmackswechsel-System<\/h4>\n<p data-start=\"1673\" data-end=\"1877\">Ein herausragendes Merkmal dieses Vapes ist sein <strong data-start=\"1712\" data-end=\"1744\">dualer Geschmackswechsel-System<\/strong>, das es den Nutzern erm\u00f6glicht, sofort zwischen zwei verschiedenen Geschmacksprofilen zu wechseln. Zu den beliebtesten Geschmacks-Kombinationen geh\u00f6ren:<\/p>\n<ul data-start=\"1878\" data-end=\"2042\">\n<li data-start=\"1878\" data-end=\"1928\">\n<p data-start=\"1880\" data-end=\"1928\"><strong data-start=\"1880\" data-end=\"1928\">Blaubeer-Himbeere<\/strong><\/p>\n<\/li>\n<li data-start=\"1929\" data-end=\"1969\">\n<p data-start=\"1931\" data-end=\"1969\"><strong data-start=\"1931\" data-end=\"1969\">Red Bull<\/strong><\/p>\n<\/li>\n<li data-start=\"1970\" data-end=\"2003\">\n<p data-start=\"1972\" data-end=\"2003\"><strong data-start=\"1972\" data-end=\"2003\">Cola Ice<\/strong><\/p>\n<\/li>\n<li data-start=\"2004\" data-end=\"2042\">\n<p data-start=\"2006\" data-end=\"2042\"><strong data-start=\"2006\" data-end=\"2042\">Blaubeer-Eis<\/strong><\/p>\n<\/li>\n<\/ul>\n<p data-start=\"2044\" data-end=\"2199\">Dieses Dual-Geschmacksystem bietet Vielseitigkeit und erm\u00f6glicht es den Nutzern, eine Vielzahl von Geschm\u00e4ckern in einem Ger\u00e4t zu genie\u00dfen, was das Dampferlebnis spannend und abwechslungsreich h\u00e4lt.<\/p>\n<h4 data-start=\"2201\" data-end=\"2236\">4. Kompaktes und tragbares Design<\/h4>\n<p data-start=\"2237\" data-end=\"2544\">Der <strong data-start=\"2241\" data-end=\"2267\">Bang Leader 45000 Z\u00fcge<\/strong> ist so konzipiert, dass es kompakt und taschenfreundlich ist, um Bequemlichkeit f\u00fcr unterwegs zu gew\u00e4hrleisten. Sein ergonomisches Design erm\u00f6glicht es den Nutzern, es m\u00fchelos zu tragen, egal ob f\u00fcr den t\u00e4glichen Gebrauch oder auf Reisen. Es ist eine praktische L\u00f6sung f\u00fcr diejenigen, die ein leistungsstarkes, tragbares Dampferger\u00e4t suchen.<\/p>\n<h4 data-start=\"2546\" data-end=\"2585\">5. Starke Marktnachfrage in Europa<\/h4>\n<p data-start=\"2586\" data-end=\"2963\">Als Premium-Einweg-Vape ist das <strong data-start=\"2620\" data-end=\"2646\">Bang Leader 45000 Z\u00fcge<\/strong> positioniert, um die wachsende Nachfrage auf dem europ\u00e4ischen Markt zu erf\u00fcllen. Seine Leistung und Funktionen machen es zu einer ausgezeichneten Wahl sowohl f\u00fcr den pers\u00f6nlichen Gebrauch als auch f\u00fcr den Gro\u00dfhandel. F\u00fcr Vape-Shops und Wiederverk\u00e4ufer bietet es ein starkes Nachfragepotenzial, <strong data-start=\"2884\" data-end=\"2907\">Wettbewerbsmargen<\/strong>, und ein Ger\u00e4t, das darauf ausgelegt ist, anzuziehen <strong data-start=\"2942\" data-end=\"2962\">Wiederholungskunden<\/strong>.<\/p>\n<h4 data-start=\"2965\" data-end=\"2998\">6. Nikotinst\u00e4rken-Optionen<\/h4>\n<p data-start=\"2999\" data-end=\"3233\">Das Ger\u00e4t ist in drei Nikotinst\u00e4rken-Optionen erh\u00e4ltlich: <strong data-start=\"3059\" data-end=\"3077\">0%, 2% und 5%<\/strong>, um eine breite Palette von Nutzern anzusprechen. Ob Sie eine nikotinfreie Erfahrung oder einen st\u00e4rkeren Zug bevorzugen, der Bang Leader 45000 Zug hat f\u00fcr jeden etwas.<\/p>\n<p data-start=\"666\" data-end=\"1235\"><strong style=\"font-size: 16px;\"><span style=\"color: #ff0000;\">macht.<\/span><\/strong><\/p>\n<p><img fetchpriority=\"high\" decoding=\"async\" class=\"size-full wp-image-2932\" src=\"https:\/\/vapestornado.com\/wp-content\/uploads\/2024\/12\/Vape-Wholesale.jpg\" alt=\"Vape-Gro\u00dfhandel\" width=\"229\" height=\"300\" \/><\/p>\n<h3><a href=\"https:\/\/wa.me\/8617776015835\" target=\"_blank\" rel=\"noopener\"><span style=\"color: #ff0000;\"><strong>WhatsApp: +86 17776015835<\/strong><\/span><\/a><\/h3>\n<p>&nbsp;<\/p>\n<h2><strong>Bang Leader 45000 Hauptproduktmerkmale<\/strong><\/h2>\n<p>Marke: BANG LEADER<br \/>\nZ\u00dcGE: 45000<br \/>\nAkku: 650mAh wiederaufladbar<br \/>\nWiderstand: 1.0ohm<br \/>\n2-in-1-Doppelaroma<br \/>\nDigitalanzeige f\u00fcr \u00d6l und Batterie<br \/>\nNikotin 0% 2% 5%<\/p>\n<h2 class=\"product-title\"><strong>Bang Leader 45k Einweg E Zigarette Aromen \u00dcbersicht<\/strong><\/h2>\n<article class=\"w-full text-token-text-primary focus-visible:outline-2 focus-visible:outline-offset-[-4px]\" dir=\"auto\" data-testid=\"conversation-turn-32\" data-scroll-anchor=\"false\">\n<div class=\"m-auto text-base py-[18px] px-6\">\n<div class=\"mx-auto flex flex-1 text-base gap-4 md:gap-5 lg:gap-6 md:max-w-3xl lg:max-w-[40rem] xl:max-w-[48rem]\">\n<div class=\"group\/conversation-turn relative flex w-full min-w-0 flex-col @xs\/thread:px-0 @sm\/thread:px-1.5 @md\/thread:px-4\">\n<div class=\"flex-col gap-1 md:gap-3\">\n<div class=\"flex max-w-full flex-col flex-grow\">\n<div class=\"min-h-8 text-message flex w-full flex-col items-end gap-2 whitespace-normal break-words text-start [.text-message+&amp;]:mt-5\" dir=\"auto\" data-message-author-role=\"user\" data-message-id=\"ffac41ca-1db4-431b-873a-32c4052956f1\">\n<div class=\"flex w-full flex-col gap-1 empty:hidden items-end rtl:items-start\">\n<div class=\"relative max-w-[var(--user-chat-width,70%)] rounded-3xl bg-token-message-surface px-5 py-2.5\">\n<div class=\"absolute bottom-0 right-full top-0 -mr-3.5 hidden pr-5 pt-2 [.group\/conversation-turn:hover_&amp;]:flex\">\n<div class=\"flex\">\n<article class=\"w-full text-token-text-primary focus-visible:outline-2 focus-visible:outline-offset-[-4px]\" dir=\"auto\" data-testid=\"conversation-turn-39\" data-scroll-anchor=\"true\">\n<div class=\"m-auto text-base py-[18px] px-6\">\n<div class=\"mx-auto flex flex-1 text-base gap-4 md:gap-5 lg:gap-6 md:max-w-3xl lg:max-w-[40rem] xl:max-w-[48rem]\">\n<div class=\"group\/conversation-turn relative flex w-full min-w-0 flex-col agent-turn @xs\/thread:px-0 @sm\/thread:px-1.5 @md\/thread:px-4\">\n<div class=\"flex-col gap-1 md:gap-3\">\n<div class=\"flex max-w-full flex-col flex-grow\">\n<div class=\"min-h-8 text-message flex w-full flex-col items-end gap-2 whitespace-normal break-words text-start [.text-message+&amp;]:mt-5\" dir=\"auto\" data-message-author-role=\"assistant\" data-message-id=\"55a23854-ec57-48dd-bd4f-6118f43d6241\" data-message-model-slug=\"gpt-4o\">\n<div class=\"flex w-full flex-col gap-1 empty:hidden first:pt-[3px]\">\n<div class=\"markdown prose w-full break-words dark:prose-invert light\">\n<p>1. Wassermelonen-Eis<br \/>\nErdbeere Wassermelone<br \/>\n3. Erdbeere und Wassermelone<br \/>\n7. Blaubeer-Himbeere<br \/>\n5. Blaubeer-Wassermelone<br \/>\n6. Blaubeer-Eis<br \/>\n7. Blaubeer-Eis<br \/>\n8. Red Bull<br \/>\n9. Red Bull<br \/>\n10. Erdbeer-Kiwi<br \/>\n11. Cola-Eis<br \/>\n12. Ananas-Eis<\/p>\n<figure id=\"attachment_4097\" aria-describedby=\"caption-attachment-4097\" style=\"width: 300px\" class=\"wp-caption alignnone\"><img decoding=\"async\" class=\"size-medium wp-image-4097\" src=\"https:\/\/vapestornado.com\/wp-content\/uploads\/2025\/04\/Bang-45000-Puff-Buy-Vape-Mods-Online-300x300.webp\" alt=\"Bang 45000 Puff Vape Mods Online kaufen\" width=\"300\" height=\"300\" srcset=\"https:\/\/vapestornado.com\/wp-content\/uploads\/2025\/04\/Bang-45000-Puff-Buy-Vape-Mods-Online-300x300.webp 300w, https:\/\/vapestornado.com\/wp-content\/uploads\/2025\/04\/Bang-45000-Puff-Buy-Vape-Mods-Online-150x150.webp 150w, https:\/\/vapestornado.com\/wp-content\/uploads\/2025\/04\/Bang-45000-Puff-Buy-Vape-Mods-Online-768x768.webp 768w, https:\/\/vapestornado.com\/wp-content\/uploads\/2025\/04\/Bang-45000-Puff-Buy-Vape-Mods-Online-600x600.webp 600w, https:\/\/vapestornado.com\/wp-content\/uploads\/2025\/04\/Bang-45000-Puff-Buy-Vape-Mods-Online-100x100.webp 100w, https:\/\/vapestornado.com\/wp-content\/uploads\/2025\/04\/Bang-45000-Puff-Buy-Vape-Mods-Online.webp 800w\" sizes=\"(max-width: 300px) 100vw, 300px\" \/><figcaption id=\"caption-attachment-4097\" class=\"wp-caption-text\">Bang 45000 Puff Vape Mods Online kaufen<\/figcaption><\/figure>\n<\/div>\n<\/div>\n<\/div>\n<\/div>\n<\/div>\n<\/div>\n<\/div>\n<\/div>\n<\/article>\n<\/div>\n<\/div>\n<\/div>\n<\/div>\n<\/div>\n<\/div>\n<\/div>\n<\/div>\n<\/div>\n<\/div>\n<\/article>\n<h2>Warum Vapestornado der beste Ort ist, um E-Zigaretten zu kaufen?<\/h2>\n<div class=\"flex-shrink-0 flex flex-col relative items-end\">\n<div class=\"pt-0\">\n<div class=\"gizmo-bot-avatar flex h-8 w-8 items-center justify-center overflow-hidden rounded-full\">\n<div class=\"relative p-1 rounded-sm flex items-center justify-center bg-token-main-surface-primary text-token-text-primary h-8 w-8\">\n<p>At\u00a0<strong>VapeTornado<\/strong>, sind wir stolz darauf,\u00a0<strong>erstklassige Dampfprodukte zu unschlagbaren Preisen<\/strong>\u2013 und der Bang Leader 45000 Puff 45k ist keine Ausnahme! Hier ist, warum Sie bei uns kaufen sollten:<\/p>\n<p class=\"\" data-start=\"49\" data-end=\"193\"><strong data-start=\"49\" data-end=\"81\">Unschlagbare Gro\u00dfhandelspreise<\/strong> \u2013 Profitieren Sie von den besten Gro\u00dfhandelsangeboten auf dem Markt, was uns zum bevorzugten Lieferanten f\u00fcr Vape-Shops und Wiederverk\u00e4ufer weltweit macht.<\/p>\n<p class=\"\" data-start=\"195\" data-end=\"340\"><strong data-start=\"195\" data-end=\"228\">Schnell<\/strong> \u2013 Wir liefern Ihre Bestellungen schnell und sicher mit zuverl\u00e4ssigen weltweiten Versandoptionen, die auf Ihre Bed\u00fcrfnisse zugeschnitten sind.<\/p>\n<p class=\"\" data-start=\"342\" data-end=\"487\"><strong data-start=\"342\" data-end=\"367\">100 % Originalprodukte<\/strong> \u2013 Sagen Sie F\u00e4lschungen Lebewohl! Wir garantieren nur originale Bang 45000 Puff Buy Vape mit gepr\u00fcfter Qualit\u00e4t und Leistung.<\/p>\n<p class=\"\" data-start=\"489\" data-end=\"627\"><strong data-start=\"489\" data-end=\"516\">Kompetenter Kundensupport<\/strong> \u2013 Haben Sie Fragen? Unser kompetentes Vape-Team ist jederzeit f\u00fcr Sie da und sorgt f\u00fcr einen reibungslosen und problemlosen Service.<\/p>\n<p data-start=\"559\" data-end=\"933\" data-is-last-node=\"\" data-is-only-node=\"\">Wir haben auch einige andere beliebte Vapes mit Bildschirm wie <a href=\"https:\/\/vapestornado.com\/de\/product\/wga-legend-ultra-30k-30000-puffs-rechargeable-vape-pod-twins-flavor\/\">WGA Kristall 30000 Zug<\/a>, <a href=\"https:\/\/vapestornado.com\/de\/product\/waspe-aiviou-3-in-1-60000-puffs-disposable-vape-kit-best-price\/\">WASPE 60000 3-in-1<\/a>, <a href=\"https:\/\/vapestornado.com\/de\/product\/uzy-crystal-50000-puff-twin-flavor-bulk-vapes-for-cheap\/\">UZY Kristall 50000<\/a>, und mehr.<\/p>\n<\/div>\n<div class=\"relative p-1 rounded-sm flex items-center justify-center bg-token-main-surface-primary text-token-text-primary h-8 w-8\">\n<h2>FAQS f\u00fcr Bang Leader 45000 Puff, die Sie vielleicht wissen sollten<\/h2>\n<p class=\"\" data-start=\"1408\" data-end=\"1608\"><strong data-start=\"1408\" data-end=\"1466\">1. Wie lange h\u00e4lt der Bang Leader 45000 Puff Vape?<\/strong><br data-start=\"1466\" data-end=\"1469\" \/>Dieses Ger\u00e4t bietet bis zu <strong data-start=\"1494\" data-end=\"1509\">45000 Z\u00fcge<\/strong>, was je nach Nutzung wochenlang halten kann, was es ideal f\u00fcr langfristiges Dampfen oder den Wiederverkauf macht.<\/p>\n<p class=\"\" data-start=\"1610\" data-end=\"1771\"><strong data-start=\"1610\" data-end=\"1659\">2. Kann ich den Bang Leader 45000 Vape aufladen?<\/strong><br data-start=\"1659\" data-end=\"1662\" \/>Ja! Es kommt mit einem eingebauten <strong data-start=\"1692\" data-end=\"1723\">650mAh wiederaufladbarer Akku<\/strong> und einem Typ-C-Ladeanschluss f\u00fcr schnelles Aufladen.<\/p>\n<p class=\"\" data-start=\"1773\" data-end=\"1986\"><strong data-start=\"1773\" data-end=\"1826\">3. Was ist der Vorteil des Dual-Flavor-Systems?<\/strong><br data-start=\"1826\" data-end=\"1829\" \/>Der <strong data-start=\"1833\" data-end=\"1857\">2-in-1-Doppelaroma<\/strong> Setup bietet Ihnen mehr Vielfalt in einem Ger\u00e4t. Sie k\u00f6nnen einen Geschmack genie\u00dfen, zum anderen wechseln oder f\u00fcr ein einzigartiges Geschmackserlebnis mischen.<\/p>\n<p class=\"\" data-start=\"1988\" data-end=\"2168\"><strong data-start=\"1988\" data-end=\"2047\">4. Gibt es eine M\u00f6glichkeit, den Akku- und E-Liquid-Stand zu \u00fcberpr\u00fcfen?<\/strong><br data-start=\"2047\" data-end=\"2050\" \/>Absolut! Der <strong data-start=\"2066\" data-end=\"2091\">intelligente Digitalanzeige<\/strong> zeigt sowohl die Akkulaufzeit als auch die verbleibende E-Fl\u00fcssigkeit an, sodass Sie immer die Kontrolle haben.<\/p>\n<p class=\"\" data-start=\"2170\" data-end=\"2384\"><strong data-start=\"2170\" data-end=\"2225\">5. Was sind einige der beliebtesten Geschmackskombinationen?<\/strong><br data-start=\"2225\" data-end=\"2228\" \/>Top-Empfehlungen umfassen <strong data-start=\"2246\" data-end=\"2277\">Erdbeer-Kiwi<\/strong>, <strong data-start=\"2279\" data-end=\"2316\">Blaubeer-Eis<\/strong>und <strong data-start=\"2322\" data-end=\"2354\">Ananas-Eis<\/strong> \u2013 Fan-Favoriten aus gutem Grund!<\/p>\n<\/div>\n<\/div>\n<\/div>\n<\/div>","protected":false},"excerpt":{"rendered":"<p class=\"LC20lb MBeuO DKV0Md\">Bang Leader 45000 G\u00fcnstige E-Zigaretten Smoke Shop Gro\u00dfhandel Polen<br \/>\nBang 45000 Z\u00fcge 45k 2 in 1 Doppel Aroma Vape Box Gro\u00dfhandelspreis<br \/>\nBang Leader Puff 45k G\u00fcnstige E-Zigaretten In gro\u00dfen Mengen kaufen<\/p>\n<p><strong>F\u00fcgen Sie Amys WhatsApp hinzu, um eine korrekte Antwort und einen Rabattpreis zu erhalten!<\/strong><\/p>\n<p><img fetchpriority=\"high\" decoding=\"async\" class=\"size-full wp-image-2932\" src=\"https:\/\/vapestornado.com\/wp-content\/uploads\/2024\/12\/Vape-Wholesale.jpg\" alt=\"Vape-Gro\u00dfhandel\" width=\"229\" height=\"300\" \/><\/p>\n<h3><a href=\"https:\/\/wa.me\/8617776015835\"><span style=\"color: #ff0000;\"><strong>WhatsApp: +86 17776015835<\/strong><\/span><\/a><\/h3>\n<p>&nbsp;<\/p>","protected":false},"featured_media":4098,"comment_status":"open","ping_status":"closed","template":"","meta":{"_acf_changed":false,"_uag_custom_page_level_css":"","_lmt_disableupdate":"no","_lmt_disable":"","_monsterinsights_skip_tracking":false,"_monsterinsights_sitenote_active":false,"_monsterinsights_sitenote_note":"","_monsterinsights_sitenote_category":0,"site-sidebar-layout":"default","site-content-layout":"","ast-site-content-layout":"default","site-content-style":"default","site-sidebar-style":"default","ast-global-header-display":"","ast-banner-title-visibility":"","ast-main-header-display":"","ast-hfb-above-header-display":"","ast-hfb-below-header-display":"","ast-hfb-mobile-header-display":"","site-post-title":"","ast-breadcrumbs-content":"","ast-featured-img":"","footer-sml-layout":"","ast-disable-related-posts":"","theme-transparent-header-meta":"default","adv-header-id-meta":"","stick-header-meta":"","header-above-stick-meta":"","header-main-stick-meta":"","header-below-stick-meta":"","astra-migrate-meta-layouts":"set","ast-page-background-enabled":"default","ast-page-background-meta":{"desktop":{"background-color":"","background-image":"","background-repeat":"repeat","background-position":"center center","background-size":"auto","background-attachment":"scroll","background-type":"","background-media":"","overlay-type":"","overlay-color":"","overlay-opacity":"","overlay-gradient":""},"tablet":{"background-color":"","background-image":"","background-repeat":"repeat","background-position":"center center","background-size":"auto","background-attachment":"scroll","background-type":"","background-media":"","overlay-type":"","overlay-color":"","overlay-opacity":"","overlay-gradient":""},"mobile":{"background-color":"","background-image":"","background-repeat":"repeat","background-position":"center center","background-size":"auto","background-attachment":"scroll","background-type":"","background-media":"","overlay-type":"","overlay-color":"","overlay-opacity":"","overlay-gradient":""}},"ast-content-background-meta":{"desktop":{"background-color":"var(--ast-global-color-5)","background-image":"","background-repeat":"repeat","background-position":"center center","background-size":"auto","background-attachment":"scroll","background-type":"","background-media":"","overlay-type":"","overlay-color":"","overlay-opacity":"","overlay-gradient":""},"tablet":{"background-color":"var(--ast-global-color-5)","background-image":"","background-repeat":"repeat","background-position":"center center","background-size":"auto","background-attachment":"scroll","background-type":"","background-media":"","overlay-type":"","overlay-color":"","overlay-opacity":"","overlay-gradient":""},"mobile":{"background-color":"var(--ast-global-color-5)","background-image":"","background-repeat":"repeat","background-position":"center center","background-size":"auto","background-attachment":"scroll","background-type":"","background-media":"","overlay-type":"","overlay-color":"","overlay-opacity":"","overlay-gradient":""}},"_joinchat":{"telephone":"17776015835"}},"product_brand":[],"product_cat":[265,278,154,156,142],"product_tag":[329,327,328,105,198],"class_list":{"0":"post-4103","1":"product","2":"type-product","3":"status-publish","4":"has-post-thumbnail","6":"product_cat-45000-puff","7":"product_cat-bang-leader-vape","8":"product_cat-buy-disposable-vapes-in-netherlands","9":"product_cat-buy-disposable-vapes-in-poland","10":"product_cat-digital-box-disposable-vapes","11":"product_tag-bang-leader-45000","12":"product_tag-bang-leader-45k","13":"product_tag-cheap-e-cigs","14":"product_tag-digital-disposable-vape","15":"product_tag-double-flavor-disposable-vape","16":"desktop-align-left","17":"tablet-align-left","18":"mobile-align-left","20":"first","21":"instock","22":"sale","23":"shipping-taxable","24":"purchasable","25":"product-type-simple"},"acf":[],"uagb_featured_image_src":{"full":["https:\/\/vapestornado.com\/wp-content\/uploads\/2025\/04\/Bang-Leader-45k-45000-Puff-Vape-Box-Cheap-Price.webp",800,800,false],"thumbnail":["https:\/\/vapestornado.com\/wp-content\/uploads\/2025\/04\/Bang-Leader-45k-45000-Puff-Vape-Box-Cheap-Price-150x150.webp",150,150,true],"medium":["https:\/\/vapestornado.com\/wp-content\/uploads\/2025\/04\/Bang-Leader-45k-45000-Puff-Vape-Box-Cheap-Price-300x300.webp",300,300,true],"medium_large":["https:\/\/vapestornado.com\/wp-content\/uploads\/2025\/04\/Bang-Leader-45k-45000-Puff-Vape-Box-Cheap-Price-768x768.webp",768,768,true],"large":["https:\/\/vapestornado.com\/wp-content\/uploads\/2025\/04\/Bang-Leader-45k-45000-Puff-Vape-Box-Cheap-Price.webp",800,800,false],"1536x1536":["https:\/\/vapestornado.com\/wp-content\/uploads\/2025\/04\/Bang-Leader-45k-45000-Puff-Vape-Box-Cheap-Price.webp",800,800,false],"2048x2048":["https:\/\/vapestornado.com\/wp-content\/uploads\/2025\/04\/Bang-Leader-45k-45000-Puff-Vape-Box-Cheap-Price.webp",800,800,false],"trp-custom-language-flag":["https:\/\/vapestornado.com\/wp-content\/uploads\/2025\/04\/Bang-Leader-45k-45000-Puff-Vape-Box-Cheap-Price.webp",12,12,false],"woocommerce_thumbnail":["https:\/\/vapestornado.com\/wp-content\/uploads\/2025\/04\/Bang-Leader-45k-45000-Puff-Vape-Box-Cheap-Price-300x300.webp",300,300,true],"woocommerce_single":["https:\/\/vapestornado.com\/wp-content\/uploads\/2025\/04\/Bang-Leader-45k-45000-Puff-Vape-Box-Cheap-Price-600x600.webp",600,600,true],"woocommerce_gallery_thumbnail":["https:\/\/vapestornado.com\/wp-content\/uploads\/2025\/04\/Bang-Leader-45k-45000-Puff-Vape-Box-Cheap-Price-100x100.webp",100,100,true]},"uagb_author_info":{"display_name":"ESAMY","author_link":"https:\/\/vapestornado.com\/de\/author\/"},"uagb_comment_info":0,"uagb_excerpt":"Bang Leader 45000 Cheap E Cigs Smoke Shop Wholesale Poland Bang\u00a0 45000 Puff 45k 2 in 1 Double Flavor Vape Box Wholesale Price Bang Leader Puff 45k Cheap ECigs Buy In Bulk Add Amy's whatsapp to get right reply and discount price! WhatsApp: +86 17776015835 &nbsp;","_links":{"self":[{"href":"https:\/\/vapestornado.com\/de\/wp-json\/wp\/v2\/product\/4103","targetHints":{"allow":["GET"]}}],"collection":[{"href":"https:\/\/vapestornado.com\/de\/wp-json\/wp\/v2\/product"}],"about":[{"href":"https:\/\/vapestornado.com\/de\/wp-json\/wp\/v2\/types\/product"}],"replies":[{"embeddable":true,"href":"https:\/\/vapestornado.com\/de\/wp-json\/wp\/v2\/comments?post=4103"}],"wp:featuredmedia":[{"embeddable":true,"href":"https:\/\/vapestornado.com\/de\/wp-json\/wp\/v2\/media\/4098"}],"wp:attachment":[{"href":"https:\/\/vapestornado.com\/de\/wp-json\/wp\/v2\/media?parent=4103"}],"wp:term":[{"taxonomy":"product_brand","embeddable":true,"href":"https:\/\/vapestornado.com\/de\/wp-json\/wp\/v2\/product_brand?post=4103"},{"taxonomy":"product_cat","embeddable":true,"href":"https:\/\/vapestornado.com\/de\/wp-json\/wp\/v2\/product_cat?post=4103"},{"taxonomy":"product_tag","embeddable":true,"href":"https:\/\/vapestornado.com\/de\/wp-json\/wp\/v2\/product_tag?post=4103"}],"curies":[{"name":"wp","href":"https:\/\/api.w.org\/{rel}","templated":true}]}}