{"id":4088,"date":"2025-04-08T03:23:24","date_gmt":"2025-04-08T03:23:24","guid":{"rendered":"https:\/\/vapestornado.com\/?post_type=product&#038;p=4088"},"modified":"2025-12-11T07:14:09","modified_gmt":"2025-12-11T07:14:09","slug":"elf-box-crystal-bar-600-puffs-2-disposable-vape-pen-bulk-buy-price","status":"publish","type":"product","link":"https:\/\/vapestornado.com\/de\/product\/elf-box-crystal-bar-600-puffs-2-disposable-vape-pen-bulk-buy-price\/","title":{"rendered":"Elf Box Crystal Bar 600 Z\u00fcge 2% Einweg Vape Pen Gro\u00dfhandelspreis"},"content":{"rendered":"<h2 data-pm-slice=\"1 1 []\">Elf Box Crystal Bar 600 Puffs Einweg-Vaper Mini Bar mit Kristall-Design<\/h2>\n<p class=\"\" data-start=\"537\" data-end=\"946\"><strong data-start=\"118\" data-end=\"145\">Elf-Box Kristallbar 600<\/strong> ist eine kompakte Einweg-Vape, die f\u00fcr einfache, konsistente Alltagsnutzung entwickelt wurde. Mit <strong data-start=\"224\" data-end=\"237\">600 Z\u00fcgen<\/strong>, einem <strong data-start=\"241\" data-end=\"254\">1,6\u03a9-Spule<\/strong>und ein <strong data-start=\"262\" data-end=\"288\">Kristall-\u00e4hnliche H\u00fclle<\/strong>, verbindet sie ein sauberes Design mit einem zuverl\u00e4ssigen Zug, der vom ersten bis zum letzten Zug gleich bleibt. Das <strong data-start=\"389\" data-end=\"401\">2ml Tank<\/strong> und <strong data-start=\"406\" data-end=\"433\">500mAh interner Akku<\/strong> sind f\u00fcr leicht- bis m\u00e4\u00dfig t\u00e4gliches Dampfen ausgelegt, was sie zu einer einfachen Wahl macht, wenn Sie etwas taschenfreundliches und sofort einsatzbereites m\u00f6chten, sobald Sie die Box \u00f6ffnen.<\/p>\n<h3 data-start=\"802\" data-end=\"853\">Warum ist der Elf Box Crystal Bar 600 Puffs Verkaufsschlager auf dem EU-Markt?<\/h3>\n<ul data-start=\"855\" data-end=\"2256\">\n<li data-start=\"855\" data-end=\"1198\">\n<p data-start=\"857\" data-end=\"1198\"><strong data-start=\"857\" data-end=\"903\">Stabiler Geschmack w\u00e4hrend der gesamten 600 Z\u00fcge.<\/strong> Der <strong data-start=\"908\" data-end=\"950\">Crystal Bar 600 Mesh-Style-Performance<\/strong>, angetrieben von <strong data-start=\"967\" data-end=\"980\">1,6\u03a9-Spule<\/strong>, sorgt daf\u00fcr, dass jeder Zug sanft bleibt und vermeidet den verbrannten, scharfen Geschmack, den einige kleine Einweg-Vapes entwickeln. Nutzer in <strong data-start=\"1081\" data-end=\"1119\">Deutschland, Frankreich, Polen und Spanien<\/strong> sch\u00e4tzen das vorhersehbare Rachengef\u00fchl im Vergleich zu g\u00fcnstigeren Low-Coil-Alternativen.<\/p>\n<\/li>\n<li data-start=\"1200\" data-end=\"1509\">\n<p data-start=\"1202\" data-end=\"1509\"><strong data-start=\"1202\" data-end=\"1248\">Ideal f\u00fcr schnelle Sitzungen oder unterwegs.<\/strong> Der <strong data-start=\"1253\" data-end=\"1296\">Elf Box Crystal Bar 600 Einweg-Vape<\/strong> ist schlank genug f\u00fcr Taschen, Taschen oder Jackentaschen. Wenn Sie etwas Einfacheres als Pods oder <strong data-start=\"1395\" data-end=\"1416\">pods recargablese<\/strong>, dieses Einwegprodukt sorgt f\u00fcr eine saubere, unkomplizierte Nikotinabgabe ohne Ladeger\u00e4te oder Nachf\u00fcllpacks.<\/p>\n<\/li>\n<li data-start=\"1511\" data-end=\"1786\">\n<p data-start=\"1513\" data-end=\"1786\"><strong data-start=\"1513\" data-end=\"1562\">Ein einfacher Alternativ-Vape-Pod <\/strong>Anstatt sofort loszulaufen, um zu kaufen <b>andere Einwegprodukte<\/b>, viele Nutzer halten eine <strong data-start=\"1635\" data-end=\"1654\">Kristallbar 600<\/strong> bereit als leichtes Backup f\u00fcr Pendelwege, Abende aus oder Pausen bei der Arbeit. Keine Kn\u00f6pfe, keine Wartung \u2014 inhalieren und fertig.<\/p>\n<\/li>\n<li data-start=\"1788\" data-end=\"2059\">\n<p data-start=\"1790\" data-end=\"2059\"><strong data-start=\"1790\" data-end=\"1834\">Einfach online bei jedem Vape-Shop zu bestellen.<\/strong> H\u00e4ndler listen die <strong data-start=\"1854\" data-end=\"1881\">Elf-Box Kristallbar 600<\/strong> weil es das Einstiegs- und Gelegenheitssegment gut abdeckt. Es hat eine starke Nachfrage in <strong data-start=\"1968\" data-end=\"1988\">Vape-Shop online<\/strong> Auflistungen in ganz Europa dank seiner Geschmacksvielfalt und des klaren Designs.<\/p>\n<\/li>\n<li data-start=\"2061\" data-end=\"2256\">\n<p data-start=\"2063\" data-end=\"2256\"><strong data-start=\"2063\" data-end=\"2098\">Passt zu unterschiedlichen Nikotingewohnheiten.<\/strong> Mit <strong data-start=\"2104\" data-end=\"2122\">0%, 2% und 5%<\/strong> Nikotinst\u00e4rken, die <strong data-start=\"2147\" data-end=\"2163\">Kristall-Vape<\/strong> sich an Geschmack-allein-Genuss, leichte Nikotins routines oder Nutzer, die einen st\u00e4rkeren Zug bevorzugen, anpassen.<\/p>\n<\/li>\n<\/ul>\n<p data-start=\"666\" data-end=\"1235\"><strong style=\"font-size: 16px;\"><span style=\"color: #ff0000;\">macht.<\/span><\/strong><\/p>\n<p><img fetchpriority=\"high\" decoding=\"async\" class=\"size-full wp-image-2932\" src=\"https:\/\/vapestornado.com\/wp-content\/uploads\/2024\/12\/Vape-Wholesale.jpg\" alt=\"Vape-Gro\u00dfhandel\" width=\"229\" height=\"300\" \/><\/p>\n<h3><a href=\"https:\/\/wa.me\/8617776015835\" target=\"_blank\" rel=\"noopener\"><span style=\"color: #ff0000;\"><strong>WhatsApp: +86 17776015835<\/strong><\/span><\/a><\/h3>\n<p>&nbsp;<\/p>\n<h2><strong>Elf Box Crystal Bar 600 Hauptproduktmerkmale<\/strong><\/h2>\n<table>\n<thead>\n<tr>\n<th>Eigenschaft<\/th>\n<th>Spezifikation<\/th>\n<th>Details<\/th>\n<\/tr>\n<\/thead>\n<tbody>\n<tr>\n<td>Produktname<\/td>\n<td>Elf-Box Kristallbar 600<\/td>\n<td>Kompakter Einweg-Kristallvape f\u00fcr den t\u00e4glichen Gebrauch<\/td>\n<\/tr>\n<tr>\n<td>Zugkapazit\u00e4t<\/td>\n<td>600 Z\u00fcgen<\/td>\n<td>Entwickelt f\u00fcr kurzfristiges, gelegentliches oder Backup-Vaping<\/td>\n<\/tr>\n<tr>\n<td>E-Liquid-Volumen<\/td>\n<td>2ml<\/td>\n<td>Vorgef\u00fcllter Tank f\u00fcr gleichbleibenden Geschmack bis zum Ende<\/td>\n<\/tr>\n<tr>\n<td>Spulentyp<\/td>\n<td>1,6\u03a9-Spule<\/td>\n<td>Sanfter Dampf mit stabilem Rachengef\u00fchl<\/td>\n<\/tr>\n<tr>\n<td>Nikotinst\u00e4rke<\/td>\n<td>0% \/ 2% \/ 5%<\/td>\n<td>Passt nur Geschmackspr\u00e4ferenzen, moderate und st\u00e4rkere Vorlieben<\/td>\n<\/tr>\n<tr>\n<td>Batterie<\/td>\n<td>500mAh interner Akku<\/td>\n<td>Gr\u00f6\u00dfe, um die vollen 600 Z\u00fcge ohne Aufladung zu beenden<\/td>\n<\/tr>\n<tr>\n<td>Geh\u00e4usedesign<\/td>\n<td>Kristall-Optik Geh\u00e4use<\/td>\n<td>Stilvoll, leicht und taschenfreundlich<\/td>\n<\/tr>\n<\/tbody>\n<\/table>\n<figure id=\"attachment_4076\" aria-describedby=\"caption-attachment-4076\" style=\"width: 800px\" class=\"wp-caption alignnone\"><img decoding=\"async\" class=\"wp-image-4076 size-full\" src=\"https:\/\/vapestornado.com\/wp-content\/uploads\/2025\/04\/ELF-Bar-600-Disposable-Vape-Pen.webp\" alt=\"ELF Bar 600 Einweg-Vape-Pen\" width=\"800\" height=\"800\" srcset=\"https:\/\/vapestornado.com\/wp-content\/uploads\/2025\/04\/ELF-Bar-600-Disposable-Vape-Pen.webp 800w, https:\/\/vapestornado.com\/wp-content\/uploads\/2025\/04\/ELF-Bar-600-Disposable-Vape-Pen-300x300.webp 300w, https:\/\/vapestornado.com\/wp-content\/uploads\/2025\/04\/ELF-Bar-600-Disposable-Vape-Pen-150x150.webp 150w, https:\/\/vapestornado.com\/wp-content\/uploads\/2025\/04\/ELF-Bar-600-Disposable-Vape-Pen-768x768.webp 768w, https:\/\/vapestornado.com\/wp-content\/uploads\/2025\/04\/ELF-Bar-600-Disposable-Vape-Pen-600x600.webp 600w, https:\/\/vapestornado.com\/wp-content\/uploads\/2025\/04\/ELF-Bar-600-Disposable-Vape-Pen-100x100.webp 100w\" sizes=\"(max-width: 800px) 100vw, 800px\" \/><figcaption id=\"caption-attachment-4076\" class=\"wp-caption-text\">ELF Bar 600 Einweg-Vape-Pen<\/figcaption><\/figure>\n<h2 class=\"product-title\"><strong>Elf Box Crystal Vape 600 Einweg-Sorten Rezension<\/strong><\/h2>\n<article class=\"w-full text-token-text-primary focus-visible:outline-2 focus-visible:outline-offset-[-4px]\" dir=\"auto\" data-testid=\"conversation-turn-32\" data-scroll-anchor=\"false\">\n<div class=\"m-auto text-base py-[18px] px-6\">\n<div class=\"mx-auto flex flex-1 text-base gap-4 md:gap-5 lg:gap-6 md:max-w-3xl lg:max-w-[40rem] xl:max-w-[48rem]\">\n<div class=\"group\/conversation-turn relative flex w-full min-w-0 flex-col @xs\/thread:px-0 @sm\/thread:px-1.5 @md\/thread:px-4\">\n<div class=\"flex-col gap-1 md:gap-3\">\n<div class=\"flex max-w-full flex-col flex-grow\">\n<div class=\"min-h-8 text-message flex w-full flex-col items-end gap-2 whitespace-normal break-words text-start [.text-message+&amp;]:mt-5\" dir=\"auto\" data-message-author-role=\"user\" data-message-id=\"ffac41ca-1db4-431b-873a-32c4052956f1\">\n<div class=\"flex w-full flex-col gap-1 empty:hidden items-end rtl:items-start\">\n<div class=\"relative max-w-[var(--user-chat-width,70%)] rounded-3xl bg-token-message-surface px-5 py-2.5\">\n<div class=\"absolute bottom-0 right-full top-0 -mr-3.5 hidden pr-5 pt-2 [.group\/conversation-turn:hover_&amp;]:flex\">\n<div class=\"flex\">\n<article class=\"w-full text-token-text-primary focus-visible:outline-2 focus-visible:outline-offset-[-4px]\" dir=\"auto\" data-testid=\"conversation-turn-39\" data-scroll-anchor=\"true\">\n<div class=\"m-auto text-base py-[18px] px-6\">\n<div class=\"mx-auto flex flex-1 text-base gap-4 md:gap-5 lg:gap-6 md:max-w-3xl lg:max-w-[40rem] xl:max-w-[48rem]\">\n<div class=\"group\/conversation-turn relative flex w-full min-w-0 flex-col agent-turn @xs\/thread:px-0 @sm\/thread:px-1.5 @md\/thread:px-4\">\n<div class=\"flex-col gap-1 md:gap-3\">\n<div class=\"flex max-w-full flex-col flex-grow\">\n<div class=\"min-h-8 text-message flex w-full flex-col items-end gap-2 whitespace-normal break-words text-start [.text-message+&amp;]:mt-5\" dir=\"auto\" data-message-author-role=\"assistant\" data-message-id=\"55a23854-ec57-48dd-bd4f-6118f43d6241\" data-message-model-slug=\"gpt-4o\">\n<div class=\"flex w-full flex-col gap-1 empty:hidden first:pt-[3px]\">\n<div class=\"markdown prose w-full break-words dark:prose-invert light\">\n<p class=\"\" data-start=\"57\" data-end=\"262\"><strong data-start=\"57\" data-end=\"75\">1. Gemischte Beeren<\/strong><br data-start=\"75\" data-end=\"78\" \/>Eine unwiderstehliche Mischung aus Beeren, die vor Geschmack nur so strotzt \u2013 denken Sie an s\u00fc\u00dfe Erdbeeren, herbe Himbeeren und saftige Blaubeeren, die alle zusammen f\u00fcr einen reichen, w\u00fcrzigen und k\u00f6stlichen Vape vermischt wurden.<\/p>\n<p class=\"\" data-start=\"264\" data-end=\"423\"><strong data-start=\"264\" data-end=\"281\">2. Kirsche Eis<\/strong><br data-start=\"281\" data-end=\"284\" \/>Eine k\u00fchle und knackige Kirschexplosion! Genie\u00dfen Sie den s\u00fc\u00df-s\u00e4uerlichen Geschmack von reifen Kirschen, gefolgt von einer erfrischenden, eisigen Brise, die bei jedem Zug k\u00fchlt.<\/p>\n<p class=\"\" data-start=\"425\" data-end=\"603\"><strong data-start=\"425\" data-end=\"446\">3. Erdbeereis<\/strong><br data-start=\"446\" data-end=\"449\" \/>Frische, saftige Erdbeeren treffen in dieser klassischen Kombination auf ein frostiges Finish. S\u00fc\u00df, geschmeidig und perfekt k\u00fchl \u2013 Ihr bevorzugter Geschmack f\u00fcr einen erfrischenden Erdbeer-Hit.<\/p>\n<p class=\"\" data-start=\"605\" data-end=\"782\"><strong data-start=\"605\" data-end=\"621\">4. Traube Eis<\/strong><br data-start=\"621\" data-end=\"624\" \/>Machen Sie sich bereit f\u00fcr kr\u00e4ftigen Traubengeschmack mit einem erfrischenden Twist. Dieser eisige Traubengenuss bringt die S\u00fc\u00dfe sonnengereifter Trauben, geh\u00fcllt in ein knackiges, k\u00fchlendes Finish.<\/p>\n<p class=\"\" data-start=\"784\" data-end=\"935\"><strong data-start=\"784\" data-end=\"804\">5. Blaubeereis<\/strong><br data-start=\"804\" data-end=\"807\" \/>Eine k\u00f6stliche Mischung aus s\u00fc\u00dfen und leicht s\u00e4uerlichen Blaubeeren, die mit einem kr\u00e4ftigen, eisigen Ausatmen \u00fcberlagert sind. Sanft, ausgewogen und ultra-erfrischend.<\/p>\n<p class=\"\" data-start=\"937\" data-end=\"1084\"><strong data-start=\"937\" data-end=\"958\">6. Wassermelone Eis<\/strong><br data-start=\"958\" data-end=\"961\" \/>Das ultimative Sommer-Vape \u2013 s\u00fc\u00dfer, saftiger Wassermelonengeschmack trifft auf eine frostige Welle der K\u00fchle. Frisch und erfrischend bei jedem Zug.<\/p>\n<p class=\"\" data-start=\"1086\" data-end=\"1278\"><strong data-start=\"1086\" data-end=\"1114\">7. Erdbeer-Wassermelone<\/strong><br data-start=\"1114\" data-end=\"1117\" \/>Ein Traum f\u00fcr Obstliebhaber! Dieses Aroma verbindet die bonbonartige S\u00fc\u00dfe von Erdbeeren mit der saftigen Sanftheit von Wassermelone zu einer perfekt ausgewogenen fruchtigen Kombination.<\/p>\n<p class=\"\" data-start=\"1280\" data-end=\"1448\"><strong data-start=\"1280\" data-end=\"1296\">8. Blaue Himbeere<\/strong><br data-start=\"1296\" data-end=\"1299\" \/>Spritzig, herb und absolut s\u00fcchtig machend \u2013 dieses blaue Himbeeraroma explodiert mit s\u00fc\u00df-herben Beerennoten und einem erfrischenden Abgang, der auf dem Gaumen verweilt.<\/p>\n<p class=\"\" data-start=\"1450\" data-end=\"1634\"><strong data-start=\"1450\" data-end=\"1466\">9. Pfirsich-Eis<\/strong><br data-start=\"1466\" data-end=\"1469\" \/>Sonnenverw\u00f6hnte Pfirsiche mit einer coolen \u00dcberraschung. Genie\u00dfen Sie eine reichhaltige Pfirsichs\u00fc\u00dfe, gefolgt von einem frostigen Kick, der dies von Anfang bis Ende zu einem sanften und befriedigenden Geschmack macht.<\/p>\n<p class=\"\" data-start=\"1636\" data-end=\"1838\"><strong data-start=\"1636\" data-end=\"1662\">10. Kiwi-Passionsfrucht<\/strong><br data-start=\"1662\" data-end=\"1665\" \/>Eine tropische Flucht bei jedem Zug! Die herbe Helligkeit der Kiwi passt perfekt zur exotischen S\u00fc\u00dfe der Passionsfrucht f\u00fcr ein einzigartiges, saftiges und erfrischendes Dampferlebnis.<\/p>\n<\/div>\n<\/div>\n<\/div>\n<\/div>\n<\/div>\n<\/div>\n<\/div>\n<\/div>\n<\/article>\n<\/div>\n<\/div>\n<\/div>\n<\/div>\n<\/div>\n<\/div>\n<\/div>\n<\/div>\n<\/div>\n<\/div>\n<\/article>\n<h2>Warum Vapestornado f\u00fcr ElfBox Crystal Bar 600 Puff zum Kaufen w\u00e4hlen?<\/h2>\n<div class=\"flex-shrink-0 flex flex-col relative items-end\">\n<div class=\"pt-0\">\n<div class=\"gizmo-bot-avatar flex h-8 w-8 items-center justify-center overflow-hidden rounded-full\">\n<div class=\"relative p-1 rounded-sm flex items-center justify-center bg-token-main-surface-primary text-token-text-primary h-8 w-8\">\n<p>At\u00a0<strong>VapeTornado<\/strong>, sind wir stolz darauf,\u00a0<strong>erstklassige Dampfprodukte zu unschlagbaren Preisen<\/strong>\u2014und die Elf Box Crystal Bar 600 ist keine Ausnahme! Hier ist, warum Sie bei uns kaufen sollten:<\/p>\n<p class=\"\" data-start=\"49\" data-end=\"193\"><strong data-start=\"49\" data-end=\"81\">Unschlagbare Gro\u00dfhandelspreise<\/strong> \u2013 Profitieren Sie von den besten Gro\u00dfhandelsangeboten auf dem Markt, was uns zum bevorzugten Lieferanten f\u00fcr Vape-Shops und Wiederverk\u00e4ufer weltweit macht.<\/p>\n<p class=\"\" data-start=\"195\" data-end=\"340\"><strong data-start=\"195\" data-end=\"228\">Schnell<\/strong> \u2013 Wir liefern Ihre Bestellungen schnell und sicher mit zuverl\u00e4ssigen weltweiten Versandoptionen, die auf Ihre Bed\u00fcrfnisse zugeschnitten sind.<\/p>\n<p class=\"\" data-start=\"342\" data-end=\"487\"><strong data-start=\"342\" data-end=\"367\">100 % Originalprodukte<\/strong> \u2013 Verabschieden Sie sich von F\u00e4lschungen! Wir garantieren nur originale WASPE Triple Einweg-Vapes mit gepr\u00fcfter Qualit\u00e4t und Leistung.<\/p>\n<p class=\"\" data-start=\"489\" data-end=\"627\"><strong data-start=\"489\" data-end=\"516\">Kompetenter Kundensupport<\/strong> \u2013 Haben Sie Fragen? Unser kompetentes Vape-Team ist jederzeit f\u00fcr Sie da und sorgt f\u00fcr einen reibungslosen und problemlosen Service.<\/p>\n<p data-start=\"559\" data-end=\"933\" data-is-last-node=\"\" data-is-only-node=\"\">Wir haben auch einige andere beliebte Vapes mit Bildschirm wie <a href=\"https:\/\/vapestornado.com\/de\/product\/bang-king-vape-36000-puff-dual-vaping-mode-disposables-pod-best-price\/\">BANG KING 36000 Shisha<\/a>, <a href=\"https:\/\/vapestornado.com\/de\/product\/waspe-aiviou-3-in-1-60000-puffs-disposable-vape-kit-best-price\/\">WASPE 60000 3-in-1<\/a>, <a href=\"https:\/\/vapestornado.com\/de\/product\/alfakh-crown-bar-20000-puffs-disposable-shisha-hookah-wholesale-vape-pen\/\">ALFAKH 20000<\/a>, und mehr.<\/p>\n<\/div>\n<div class=\"relative p-1 rounded-sm flex items-center justify-center bg-token-main-surface-primary text-token-text-primary h-8 w-8\">\n<h2>FAQs f\u00fcr Elf Box Einweg-Crystal Bar 600<\/h2>\n<p data-start=\"2968\" data-end=\"3080\">1. Wie sorgt die Elf Box Crystal Bar 600 Einweg-Vape f\u00fcr einen gleichbleibenden Geschmack bei allen 600 Z\u00fcgen?<\/p>\n<p data-start=\"3081\" data-end=\"3238\">Der <strong data-start=\"3085\" data-end=\"3112\">Elf-Box Kristallbar 600<\/strong> verwendet einen <strong data-start=\"3120\" data-end=\"3133\">1,6\u03a9-Spule<\/strong> die langsam und gleichm\u00e4\u00dfig erhitzt, wodurch Rauheit reduziert und ein sanfterer Geschmack von Anfang bis Ende bewahrt wird.<\/p>\n<p data-start=\"3245\" data-end=\"3336\">2. Ist die Crystal Bar 600 eine praktische Alternative im Vergleich zum Kauf von Zigaretten in meiner N\u00e4he?<\/p>\n<p data-start=\"3337\" data-end=\"3535\">F\u00fcr viele EU-Nutzer ist die <strong data-start=\"3360\" data-end=\"3395\">Crystal Bar 600 Einweg-Vape<\/strong> eine saubere, kompakte Alternative \u2014 kein Feuerzeug, kein Asche, kein Geruch. Sie wird oft als Backup f\u00fcr Tage aufbewahrt, an denen eine schnelle L\u00f6sung ben\u00f6tigt wird.<\/p>\n<p data-start=\"3542\" data-end=\"3624\">3. Kann ich die ELFWORLD Crystal Bar 600 online in einem Vape-Shop in Europa kaufen?<\/p>\n<p data-start=\"3625\" data-end=\"3833\">Ja. Die meisten EU-H\u00e4ndler f\u00fchren <strong data-start=\"3654\" data-end=\"3681\">Elf-Box Kristallbar 600<\/strong> weil das Ger\u00e4t in beliebten Geschmacksrichtungen erh\u00e4ltlich ist und innerhalb seiner 600-Z\u00fcge-Klasse zuverl\u00e4ssig bleibt. Es ist weit in <strong data-start=\"3801\" data-end=\"3821\">Vape-Shop online<\/strong> Katalogen gelistet.<\/p>\n<p data-start=\"3840\" data-end=\"3905\">4. Beeinflusst das Kristall-Vape-Design den Griff oder die Tragbarkeit?<\/p>\n<p data-start=\"3906\" data-end=\"4092\">Der <strong data-start=\"3910\" data-end=\"3926\">Kristall-Vape<\/strong> Das Finish verleiht eine leichte Textur und einen sauberen visuellen Stil, w\u00e4hrend das Ger\u00e4t \u00e4u\u00dferst tragbar bleibt. Nutzer erw\u00e4hnen oft, dass es robuster als Papier-umh\u00fcllte Einwegprodukte wirkt.<\/p>\n<p data-start=\"4099\" data-end=\"4205\">5. Wie beeinflussen die Nikotinwerte die Leistung der Elf Box Crystal Bar 600 Einweg-Vape?<\/p>\n<p data-start=\"4206\" data-end=\"4393\"><strong data-start=\"4206\" data-end=\"4212\">0%<\/strong> bietet reinen Geschmack, <strong data-start=\"4234\" data-end=\"4240\">2%<\/strong> liefert einen moderaten, sanften Zug, der ideal f\u00fcr h\u00e4ufigen Gebrauch ist, und <strong data-start=\"4301\" data-end=\"4307\">5%<\/strong> erzeugt ein festes Halsgef\u00fchl f\u00fcr Nutzer, die von st\u00e4rkeren Nikotinoptionen wechseln.<\/p>\n<\/div>\n<\/div>\n<\/div>\n<\/div>","protected":false},"excerpt":{"rendered":"<p class=\"LC20lb MBeuO DKV0Md\">Elf Box Crystal Bar 600 Puffs Einweg-Vapes, ist eine elegante Kristall-Vape, die 600 sanfte Z\u00fcge mit einer 1,6\u03a9-Spule, 2ml E-Liquid-Kapazit\u00e4t und 0\u20135% Nikotinoptionen liefert \u2014 einfach, zufriedenstellend und ideal f\u00fcr den t\u00e4glichen Gebrauch.<\/p>\n<p><strong>F\u00fcgen Sie Amys WhatsApp hinzu, um eine korrekte Antwort und einen Rabattpreis zu erhalten!<\/strong><\/p>\n<p><img fetchpriority=\"high\" decoding=\"async\" class=\"size-full wp-image-2932\" src=\"https:\/\/vapestornado.com\/wp-content\/uploads\/2024\/12\/Vape-Wholesale.jpg\" alt=\"Vape-Gro\u00dfhandel\" width=\"229\" height=\"300\" \/><\/p>\n<h3><a href=\"https:\/\/wa.me\/8617776015835\"><span style=\"color: #ff0000;\"><strong>WhatsApp: +86 17776015835<\/strong><\/span><\/a><\/h3>\n<p>&nbsp;<\/p>","protected":false},"featured_media":4075,"comment_status":"open","ping_status":"closed","template":"","meta":{"_acf_changed":false,"_uag_custom_page_level_css":"","_lmt_disableupdate":"no","_lmt_disable":"","_monsterinsights_skip_tracking":false,"_monsterinsights_sitenote_active":false,"_monsterinsights_sitenote_note":"","_monsterinsights_sitenote_category":0,"site-sidebar-layout":"default","site-content-layout":"","ast-site-content-layout":"default","site-content-style":"default","site-sidebar-style":"default","ast-global-header-display":"","ast-banner-title-visibility":"","ast-main-header-display":"","ast-hfb-above-header-display":"","ast-hfb-below-header-display":"","ast-hfb-mobile-header-display":"","site-post-title":"","ast-breadcrumbs-content":"","ast-featured-img":"","footer-sml-layout":"","ast-disable-related-posts":"","theme-transparent-header-meta":"default","adv-header-id-meta":"","stick-header-meta":"","header-above-stick-meta":"","header-main-stick-meta":"","header-below-stick-meta":"","astra-migrate-meta-layouts":"set","ast-page-background-enabled":"default","ast-page-background-meta":{"desktop":{"background-color":"","background-image":"","background-repeat":"repeat","background-position":"center center","background-size":"auto","background-attachment":"scroll","background-type":"","background-media":"","overlay-type":"","overlay-color":"","overlay-opacity":"","overlay-gradient":""},"tablet":{"background-color":"","background-image":"","background-repeat":"repeat","background-position":"center center","background-size":"auto","background-attachment":"scroll","background-type":"","background-media":"","overlay-type":"","overlay-color":"","overlay-opacity":"","overlay-gradient":""},"mobile":{"background-color":"","background-image":"","background-repeat":"repeat","background-position":"center center","background-size":"auto","background-attachment":"scroll","background-type":"","background-media":"","overlay-type":"","overlay-color":"","overlay-opacity":"","overlay-gradient":""}},"ast-content-background-meta":{"desktop":{"background-color":"var(--ast-global-color-5)","background-image":"","background-repeat":"repeat","background-position":"center center","background-size":"auto","background-attachment":"scroll","background-type":"","background-media":"","overlay-type":"","overlay-color":"","overlay-opacity":"","overlay-gradient":""},"tablet":{"background-color":"var(--ast-global-color-5)","background-image":"","background-repeat":"repeat","background-position":"center center","background-size":"auto","background-attachment":"scroll","background-type":"","background-media":"","overlay-type":"","overlay-color":"","overlay-opacity":"","overlay-gradient":""},"mobile":{"background-color":"var(--ast-global-color-5)","background-image":"","background-repeat":"repeat","background-position":"center center","background-size":"auto","background-attachment":"scroll","background-type":"","background-media":"","overlay-type":"","overlay-color":"","overlay-opacity":"","overlay-gradient":""}},"_joinchat":{"telephone":"17776015835"}},"product_brand":[],"product_cat":[149,152,141,144],"product_tag":[322,105,320,321,490],"class_list":{"0":"post-4088","1":"product","2":"type-product","3":"status-publish","4":"has-post-thumbnail","6":"product_cat-buy-disposable-vapes-in-austria","7":"product_cat-buy-disposable-vapes-in-cermany","8":"product_cat-crystal-disposable-vapes","9":"product_cat-low-nicotine-disposable-vapes","10":"product_tag-crystal-bar-600","11":"product_tag-digital-disposable-vape","12":"product_tag-disposables-bar","13":"product_tag-elf-box-crystal-bar-600","14":"product_tag-mini-bar","15":"desktop-align-left","16":"tablet-align-left","17":"mobile-align-left","19":"first","20":"instock","21":"sale","22":"shipping-taxable","23":"purchasable","24":"product-type-simple"},"acf":[],"uagb_featured_image_src":{"full":["https:\/\/vapestornado.com\/wp-content\/uploads\/2025\/04\/Elf-Bar-600-Disposable-Vape-Pen-Kit-Wholesale.webp",800,800,false],"thumbnail":["https:\/\/vapestornado.com\/wp-content\/uploads\/2025\/04\/Elf-Bar-600-Disposable-Vape-Pen-Kit-Wholesale-150x150.webp",150,150,true],"medium":["https:\/\/vapestornado.com\/wp-content\/uploads\/2025\/04\/Elf-Bar-600-Disposable-Vape-Pen-Kit-Wholesale-300x300.webp",300,300,true],"medium_large":["https:\/\/vapestornado.com\/wp-content\/uploads\/2025\/04\/Elf-Bar-600-Disposable-Vape-Pen-Kit-Wholesale-768x768.webp",768,768,true],"large":["https:\/\/vapestornado.com\/wp-content\/uploads\/2025\/04\/Elf-Bar-600-Disposable-Vape-Pen-Kit-Wholesale.webp",800,800,false],"1536x1536":["https:\/\/vapestornado.com\/wp-content\/uploads\/2025\/04\/Elf-Bar-600-Disposable-Vape-Pen-Kit-Wholesale.webp",800,800,false],"2048x2048":["https:\/\/vapestornado.com\/wp-content\/uploads\/2025\/04\/Elf-Bar-600-Disposable-Vape-Pen-Kit-Wholesale.webp",800,800,false],"trp-custom-language-flag":["https:\/\/vapestornado.com\/wp-content\/uploads\/2025\/04\/Elf-Bar-600-Disposable-Vape-Pen-Kit-Wholesale.webp",12,12,false],"woocommerce_thumbnail":["https:\/\/vapestornado.com\/wp-content\/uploads\/2025\/04\/Elf-Bar-600-Disposable-Vape-Pen-Kit-Wholesale-300x300.webp",300,300,true],"woocommerce_single":["https:\/\/vapestornado.com\/wp-content\/uploads\/2025\/04\/Elf-Bar-600-Disposable-Vape-Pen-Kit-Wholesale-600x600.webp",600,600,true],"woocommerce_gallery_thumbnail":["https:\/\/vapestornado.com\/wp-content\/uploads\/2025\/04\/Elf-Bar-600-Disposable-Vape-Pen-Kit-Wholesale-100x100.webp",100,100,true]},"uagb_author_info":{"display_name":"ESAMY","author_link":"https:\/\/vapestornado.com\/de\/author\/"},"uagb_comment_info":0,"uagb_excerpt":"Elf Box Crystal Bar 600 Puffs Disposable Vapes, is a\u00a0sleek crystal vape delivering 600 smooth puffs with a 1.6\u03a9 coil, 2ml e-liquid capacity, and 0\u20135% nicotine options \u2014 simple, satisfying, and ideal for daily carry. Add Amy's whatsapp to get right reply and discount price! WhatsApp: +86 17776015835 &nbsp;","_links":{"self":[{"href":"https:\/\/vapestornado.com\/de\/wp-json\/wp\/v2\/product\/4088","targetHints":{"allow":["GET"]}}],"collection":[{"href":"https:\/\/vapestornado.com\/de\/wp-json\/wp\/v2\/product"}],"about":[{"href":"https:\/\/vapestornado.com\/de\/wp-json\/wp\/v2\/types\/product"}],"replies":[{"embeddable":true,"href":"https:\/\/vapestornado.com\/de\/wp-json\/wp\/v2\/comments?post=4088"}],"wp:featuredmedia":[{"embeddable":true,"href":"https:\/\/vapestornado.com\/de\/wp-json\/wp\/v2\/media\/4075"}],"wp:attachment":[{"href":"https:\/\/vapestornado.com\/de\/wp-json\/wp\/v2\/media?parent=4088"}],"wp:term":[{"taxonomy":"product_brand","embeddable":true,"href":"https:\/\/vapestornado.com\/de\/wp-json\/wp\/v2\/product_brand?post=4088"},{"taxonomy":"product_cat","embeddable":true,"href":"https:\/\/vapestornado.com\/de\/wp-json\/wp\/v2\/product_cat?post=4088"},{"taxonomy":"product_tag","embeddable":true,"href":"https:\/\/vapestornado.com\/de\/wp-json\/wp\/v2\/product_tag?post=4088"}],"curies":[{"name":"wp","href":"https:\/\/api.w.org\/{rel}","templated":true}]}}