{"id":4087,"date":"2025-04-07T09:49:27","date_gmt":"2025-04-07T09:49:27","guid":{"rendered":"https:\/\/vapestornado.com\/?post_type=product&#038;p=4087"},"modified":"2025-12-11T03:45:55","modified_gmt":"2025-12-11T03:45:55","slug":"elfworld-ai22000-22k-puff-disposable-vape-pen-kit-best-seller-in-poland","status":"publish","type":"product","link":"https:\/\/vapestornado.com\/de\/product\/elfworld-ai22000-22k-puff-disposable-vape-pen-kit-best-seller-in-poland\/","title":{"rendered":"ELFWORLD AI22000 22k Puff Einweg-Vape-Pen-Kit Bestseller in Deutschland"},"content":{"rendered":"<h1 data-pm-slice=\"1 1 []\">ELFWORLD AI22000 22k Puff Einweg-Vape-Pen-Kit Bestseller in Deutschland<\/h1>\n<p class=\"\" data-start=\"623\" data-end=\"1038\"><strong data-start=\"97\" data-end=\"118\">ELFWORLD AI 22000<\/strong> ist eine Hochkapazit\u00e4ts-Einweg-Vape, die f\u00fcr Dampfer entwickelt wurde, die starken Geschmack, viele Z\u00fcge und ein Ger\u00e4t wollen, das mit hektischen Tagen Schritt h\u00e4lt.<\/p>\n<h3 data-start=\"786\" data-end=\"858\">Warum dieser ELFWORLD AI22000 f\u00fcr Sie sinnvoll ist<\/h3>\n<ul data-start=\"860\" data-end=\"2341\">\n<li data-start=\"860\" data-end=\"1208\">\n<p data-start=\"862\" data-end=\"1208\"><strong data-start=\"862\" data-end=\"896\">Kapazit\u00e4t, die wirklich h\u00e4lt.<\/strong> Der <strong data-start=\"901\" data-end=\"951\">ELFWORLD AI 22000 22.000 Z\u00fcge Einweg-Vape-Stift<\/strong> kombiniert eine 22.000-Z\u00fcge-Bewertung mit einem <strong data-start=\"983\" data-end=\"996\">26ml Tank<\/strong>, sodass die meisten normalen Nutzer in Deutschland, Spanien, Italien oder anderen L\u00e4ndern <strong data-start=\"1064\" data-end=\"1091\">Wochen der Nutzung pro Ger\u00e4t erhalten<\/strong>, nicht Tage. Das bedeutet weniger Notfallbesuche wegen \u201eZigaretten in meiner N\u00e4he\u201c und weniger Geld f\u00fcr st\u00e4ndige Ersatzteile.<\/p>\n<\/li>\n<li data-start=\"1210\" data-end=\"1501\">\n<p data-start=\"1212\" data-end=\"1501\"><strong data-start=\"1212\" data-end=\"1251\">Konstante 5%-Schlagkraft und kr\u00e4ftiger Geschmack.<\/strong> Mit <strong data-start=\"1257\" data-end=\"1272\">5%<\/strong> und eine Geschmacksvielfalt von Mango Apfel Birne bis Blue Razz Ice, die <strong data-start=\"1337\" data-end=\"1371\">ELFWORLD 22000 Einweg-Vape<\/strong> jede Zugfahrt gleichm\u00e4\u00dfig und befriedigend macht. Fruchtliebhaber, Minzfans und Eis-Mischungen finden hier echte Optionen statt eines einheitlichen Mixes.<\/p>\n<\/li>\n<li data-start=\"1503\" data-end=\"1800\">\n<p data-start=\"1505\" data-end=\"1800\"><strong data-start=\"1505\" data-end=\"1559\">Wiederaufladbarer Komfort statt verschwendeter Fl\u00fcssigkeit.<\/strong> Der <strong data-start=\"1564\" data-end=\"1612\">650mAh Typ-C wiederaufladbar ELF WORLD AI 22000<\/strong> erm\u00f6glicht es Ihnen, bei Bedarf Energie aufzuladen. Ein kurzes Aufladen am Schreibtisch, im Auto oder zu Hause bedeutet, dass das Ger\u00e4t sein volles 22K-Z\u00fcge-Potenzial erreichen kann, ohne unterwegs den Geist aufzugeben.<\/p>\n<\/li>\n<li data-start=\"1802\" data-end=\"2070\">\n<p data-start=\"1804\" data-end=\"2070\"><strong data-start=\"1804\" data-end=\"1844\">Technologie, die Ihnen zeigt, was los ist.<\/strong> Der <strong data-start=\"1849\" data-end=\"1898\">Digitalanzeige am ELFWORLD AI 22000 Vape<\/strong> Bietet eine klare \u00dcbersicht \u00fcber den Batteriestatus und den E-Liquid-Level, sodass Sie wissen, ob es f\u00fcr eine Nacht oder eine lange Schicht ausreicht. Kein R\u00e4tselraten, kein \u00fcberraschend leeres Ger\u00e4t mitten am Tag.<\/p>\n<\/li>\n<li data-start=\"2072\" data-end=\"2341\">\n<p data-start=\"2074\" data-end=\"2341\"><strong data-start=\"2074\" data-end=\"2105\">Einfach zu kaufen, einfach zu tragen.<\/strong> Bestellen bei vapes tornado <strong data-start=\"2131\" data-end=\"2180\">Vape-Shop online<\/strong>\u00a0oder in einem lokalen Gesch\u00e4ft abholen, das schlanke Geh\u00e4use passt leicht in die Tasche. Keine Einstellungen zu lernen, kein separates <strong data-start=\"2292\" data-end=\"2313\">pods recargablese<\/strong>, einfach aufladen, ziehen und los.<\/p>\n<\/li>\n<\/ul>\n<p data-start=\"666\" data-end=\"1235\"><strong style=\"font-size: 16px;\"><span style=\"color: #ff0000;\">macht.<\/span><\/strong><\/p>\n<p><img fetchpriority=\"high\" decoding=\"async\" class=\"size-full wp-image-2932\" src=\"https:\/\/vapestornado.com\/wp-content\/uploads\/2024\/12\/Vape-Wholesale.jpg\" alt=\"Vape-Gro\u00dfhandel\" width=\"229\" height=\"300\" \/><\/p>\n<h3><a href=\"https:\/\/wa.me\/8617776015835\" target=\"_blank\" rel=\"noopener\"><span style=\"color: #ff0000;\"><strong>WhatsApp: +86 17776015835<\/strong><\/span><\/a><\/h3>\n<p>&nbsp;<\/p>\n<h2><strong>ELFWORLD AI22000 Wichtige Produktmerkmale<\/strong><\/h2>\n<table>\n<thead>\n<tr>\n<th>Eigenschaft<\/th>\n<th>Spezifikation<\/th>\n<th>Details<\/th>\n<\/tr>\n<\/thead>\n<tbody>\n<tr>\n<td>Marke<\/td>\n<td>ELFWORLD<\/td>\n<td>Bestseller der ELFWORLD AI-Serie in Deutschland.<\/td>\n<\/tr>\n<tr>\n<td>Modell<\/td>\n<td>ELFWORLD AI 22000<\/td>\n<td>22K-Puff wiederaufladbares Einweg-Vape-Stift-Set.<\/td>\n<\/tr>\n<tr>\n<td>Zugkapazit\u00e4t<\/td>\n<td>Bis zu 22.000 Z\u00fcge<\/td>\n<td>Entwickelt f\u00fcr den mehrw\u00f6chigen Einsatz bei den meisten regelm\u00e4\u00dfigen Dampfern.<\/td>\n<\/tr>\n<tr>\n<td>E-Liquid-Volumen<\/td>\n<td>26ml vorgef\u00fcllt<\/td>\n<td>Gro\u00dfer Tank unterst\u00fctzt die volle 22K-Puff-Bewertung.<\/td>\n<\/tr>\n<tr>\n<td>Nikotinst\u00e4rke<\/td>\n<td>5% (50mg)<\/td>\n<td>Starkes, gleichm\u00e4\u00dfiges Rachengef\u00fchl und Zufriedenheit.<\/td>\n<\/tr>\n<tr>\n<td>Batterie<\/td>\n<td>650mAh wiederaufladbar<\/td>\n<td>Zum mehrfachen Aufladen w\u00e4hrend der Ger\u00e4telebensdauer ausgelegt.<\/td>\n<\/tr>\n<tr>\n<td>Ladeanschluss<\/td>\n<td>Typ-C<\/td>\n<td>Schnelles, modernes Laden mit g\u00e4ngigen EU-Kabeln.<\/td>\n<\/tr>\n<tr>\n<td>Anzeige<\/td>\n<td>Digitaler Bildschirm<\/td>\n<td>Zeigt den E-Liquid- und Batteriestatus in Echtzeit an.<\/td>\n<\/tr>\n<tr>\n<td>Ger\u00e4tetyp<\/td>\n<td>Einweg-Vape-Stift<\/td>\n<td>Kein Nachf\u00fcllen oder Coil-Wechsel; verwenden und recyceln.<\/td>\n<\/tr>\n<tr>\n<td>Geschmacksoptionen<\/td>\n<td>15 Geschmacksrichtungen<\/td>\n<td>Frucht-, Eis- und Mischmischungen f\u00fcr unterschiedliche Geschm\u00e4cker.<\/td>\n<\/tr>\n<\/tbody>\n<\/table>\n<p>&nbsp;<\/p>\n<figure id=\"attachment_4081\" aria-describedby=\"caption-attachment-4081\" style=\"width: 800px\" class=\"wp-caption alignnone\"><img decoding=\"async\" class=\"wp-image-4081 size-full\" src=\"https:\/\/vapestornado.com\/wp-content\/uploads\/2025\/04\/ELF-WORLD-Ai-22k-Disposable-Vape.webp\" alt=\"ELF WORLD Ai 22k Einweg-Vape\" width=\"800\" height=\"800\" srcset=\"https:\/\/vapestornado.com\/wp-content\/uploads\/2025\/04\/ELF-WORLD-Ai-22k-Disposable-Vape.webp 800w, https:\/\/vapestornado.com\/wp-content\/uploads\/2025\/04\/ELF-WORLD-Ai-22k-Disposable-Vape-300x300.webp 300w, https:\/\/vapestornado.com\/wp-content\/uploads\/2025\/04\/ELF-WORLD-Ai-22k-Disposable-Vape-150x150.webp 150w, https:\/\/vapestornado.com\/wp-content\/uploads\/2025\/04\/ELF-WORLD-Ai-22k-Disposable-Vape-768x768.webp 768w, https:\/\/vapestornado.com\/wp-content\/uploads\/2025\/04\/ELF-WORLD-Ai-22k-Disposable-Vape-600x600.webp 600w, https:\/\/vapestornado.com\/wp-content\/uploads\/2025\/04\/ELF-WORLD-Ai-22k-Disposable-Vape-100x100.webp 100w\" sizes=\"(max-width: 800px) 100vw, 800px\" \/><figcaption id=\"caption-attachment-4081\" class=\"wp-caption-text\">ELF WORLD Ai 22k Einweg-Vape<\/figcaption><\/figure>\n<h2 class=\"product-title\"><strong>ELFWORLD AI22000 Einweg-Bar Geschmackssorten Liste<\/strong><\/h2>\n<article class=\"w-full text-token-text-primary focus-visible:outline-2 focus-visible:outline-offset-[-4px]\" dir=\"auto\" data-testid=\"conversation-turn-32\" data-scroll-anchor=\"false\">\n<div class=\"m-auto text-base py-[18px] px-6\">\n<div class=\"mx-auto flex flex-1 text-base gap-4 md:gap-5 lg:gap-6 md:max-w-3xl lg:max-w-[40rem] xl:max-w-[48rem]\">\n<div class=\"group\/conversation-turn relative flex w-full min-w-0 flex-col @xs\/thread:px-0 @sm\/thread:px-1.5 @md\/thread:px-4\">\n<div class=\"flex-col gap-1 md:gap-3\">\n<div class=\"flex max-w-full flex-col flex-grow\">\n<div class=\"min-h-8 text-message flex w-full flex-col items-end gap-2 whitespace-normal break-words text-start [.text-message+&amp;]:mt-5\" dir=\"auto\" data-message-author-role=\"user\" data-message-id=\"ffac41ca-1db4-431b-873a-32c4052956f1\">\n<div class=\"flex w-full flex-col gap-1 empty:hidden items-end rtl:items-start\">\n<div class=\"relative max-w-[var(--user-chat-width,70%)] rounded-3xl bg-token-message-surface px-5 py-2.5\">\n<div class=\"absolute bottom-0 right-full top-0 -mr-3.5 hidden pr-5 pt-2 [.group\/conversation-turn:hover_&amp;]:flex\">\n<div class=\"flex\">\n<article class=\"w-full text-token-text-primary focus-visible:outline-2 focus-visible:outline-offset-[-4px]\" dir=\"auto\" data-testid=\"conversation-turn-39\" data-scroll-anchor=\"true\">\n<div class=\"m-auto text-base py-[18px] px-6\">\n<div class=\"mx-auto flex flex-1 text-base gap-4 md:gap-5 lg:gap-6 md:max-w-3xl lg:max-w-[40rem] xl:max-w-[48rem]\">\n<div class=\"group\/conversation-turn relative flex w-full min-w-0 flex-col agent-turn @xs\/thread:px-0 @sm\/thread:px-1.5 @md\/thread:px-4\">\n<div class=\"flex-col gap-1 md:gap-3\">\n<div class=\"flex max-w-full flex-col flex-grow\">\n<div class=\"min-h-8 text-message flex w-full flex-col items-end gap-2 whitespace-normal break-words text-start [.text-message+&amp;]:mt-5\" dir=\"auto\" data-message-author-role=\"assistant\" data-message-id=\"55a23854-ec57-48dd-bd4f-6118f43d6241\" data-message-model-slug=\"gpt-4o\">\n<div class=\"flex w-full flex-col gap-1 empty:hidden first:pt-[3px]\">\n<div class=\"markdown prose w-full break-words dark:prose-invert light\">\n<p>1.Mango Apfel Birne<br \/>\n2.K\u00fchle Mango<br \/>\n3.Gr\u00fcner Apfel<br \/>\n4.Tigerblut<br \/>\n5.Blaubeereis<br \/>\n6.Minze<br \/>\n7.Beerenmischung<br \/>\n8.Traubeneis<br \/>\n9.Wassermeloneneis<br \/>\n10.Blaubeerminze<br \/>\n11.Erdbeer-Eis<br \/>\n12.Saftiges Pfirsich-Eis<br \/>\n13.Blau Himbeer-Eis<br \/>\n14.Kirsch-Zitrone<br \/>\n15.Erdbeere Wassermelone<\/p>\n<\/div>\n<\/div>\n<\/div>\n<\/div>\n<\/div>\n<\/div>\n<\/div>\n<\/div>\n<\/article>\n<\/div>\n<\/div>\n<\/div>\n<\/div>\n<\/div>\n<\/div>\n<\/div>\n<\/div>\n<\/div>\n<\/div>\n<\/article>\n<h2>Warum Vapestornado w\u00e4hlen, um den ELFWORLD AI22000 Puff zu kaufen?<\/h2>\n<div class=\"flex-shrink-0 flex flex-col relative items-end\">\n<div class=\"pt-0\">\n<div class=\"gizmo-bot-avatar flex h-8 w-8 items-center justify-center overflow-hidden rounded-full\">\n<div class=\"relative p-1 rounded-sm flex items-center justify-center bg-token-main-surface-primary text-token-text-primary h-8 w-8\">\n<p>At\u00a0<strong>VapeTornado<\/strong>, sind wir stolz darauf,\u00a0<strong>erstklassige Dampfprodukte zu unschlagbaren Preisen<\/strong>anzubieten \u2013 und der ELFWORLD AI22000 ist keine Ausnahme! Hier sind die Gr\u00fcnde, warum Sie bei uns kaufen sollten:<\/p>\n<p><strong>Beste Gro\u00dfhandelspreise<\/strong>\u00a0\u2013 Wir bieten\u00a0<strong>wettbewerbsf\u00e4hige Gro\u00dfhandelspreise<\/strong><span style=\"font-size: 16px;\">, was uns zur ersten Wahl f\u00fcr Wiederverk\u00e4ufer und Vape-Shops macht.<\/span><\/p>\n<p><strong>Schnell<\/strong>\u00a0\u2013 Erhalten Sie Ihre Bestellung\u00a0<strong>schnell und sicher<\/strong>, mit weltweiten Versandoptionen.<br \/>\n<strong>100% Authentische Produkte<\/strong>\u00a0\u2013 Keine F\u00e4lschungen \u2013 nur\u00a0<strong>original WASPE Triple Einweg-Vapes<\/strong>\u00a0mit gepr\u00fcfter Qualit\u00e4t.<br \/>\n<strong>Ausgezeichneter Kundenservice<\/strong>\u00a0\u2013 Haben Sie Fragen? Unsere\u00a0<strong>Vape-Experten<\/strong> helfen Ihnen jederzeit gerne weiter.<\/p>\n<p data-start=\"559\" data-end=\"933\" data-is-last-node=\"\" data-is-only-node=\"\">Wir haben auch einige andere beliebte Vapes mit Bildschirm wie <a href=\"https:\/\/vapestornado.com\/de\/product\/bang-king-vape-36000-puff-dual-vaping-mode-disposables-pod-best-price\/\">BANG KING 36000 Shisha<\/a>, <a href=\"https:\/\/vapestornado.com\/de\/product\/waspe-aiviou-3-in-1-60000-puffs-disposable-vape-kit-best-price\/\">WASPE 60000 3-in-1<\/a>, <a href=\"https:\/\/vapestornado.com\/de\/product\/alfakh-crown-bar-20000-puffs-disposable-shisha-hookah-wholesale-vape-pen\/\">ALFAKH 20000<\/a>, und mehr.<\/p>\n<\/div>\n<div class=\"relative p-1 rounded-sm flex items-center justify-center bg-token-main-surface-primary text-token-text-primary h-8 w-8\">\n<h2>FAQS f\u00fcr ELFWORLD AI22000 Puff Vape<\/h2>\n<p>&nbsp;<\/p>\n<h3 data-start=\"3596\" data-end=\"3698\">1. Wie lange h\u00e4lt die ELFWORLD AI 22000 22k Z\u00fcge Einweg-Vape realistisch bei t\u00e4glichem Gebrauch?<\/h3>\n<p data-start=\"3699\" data-end=\"4013\">F\u00fcr viele Nutzer in Deutschland, Polen oder Spanien kann das <strong data-start=\"3748\" data-end=\"3785\">ELFWORLD AI 22000 22k Z\u00fcge Ger\u00e4t<\/strong> mit <strong data-start=\"3791\" data-end=\"3811\">26ml E-Liquid<\/strong> abdecken <strong data-start=\"3822\" data-end=\"3839\">mehreren Wochen<\/strong> des regul\u00e4ren Gebrauchs. Die tats\u00e4chliche Zeit h\u00e4ngt davon ab, wie oft und wie tief Sie inhalieren, aber die Kombination aus 22.000 Z\u00fcgen und Wiederaufladbarkeit ist f\u00fcr lange Eins\u00e4tze ausgelegt, nicht nur f\u00fcr ein paar Tage.<\/p>\n<h3 data-start=\"4020\" data-end=\"4138\">2. Hilft der digitale Bildschirm bei der ELFWORLD 22000 Einweg-Vape wirklich bei der Batteriestatus- und Liquidverwaltung?<\/h3>\n<p data-start=\"4139\" data-end=\"4419\">Ja. Das <strong data-start=\"4148\" data-end=\"4198\">ELFWORLD 22000 digitale Anzeige Einweg-Vape<\/strong> zeigt Batteriestand und E-Liquid-Level an, sodass Sie wissen, ob Sie vor dem Ausgehen aufladen sollten oder ob der Tank fast leer ist. Das ist eine gro\u00dfe Verbesserung gegen\u00fcber R\u00e4tselraten, besonders wenn Sie ein Ger\u00e4t f\u00fcr Arbeit und N\u00e4chte unterwegs verwenden.<\/p>\n<h3 data-start=\"4426\" data-end=\"4539\">3. Wie schneidet die ELFWORLD AI 22000 im Vergleich zum Kauf herk\u00f6mmlicher Zigaretten in meiner N\u00e4he in Bezug auf Bequemlichkeit ab?<\/h3>\n<p data-start=\"4540\" data-end=\"4826\">Der <strong data-start=\"4544\" data-end=\"4579\">ELFWORLD AI 22000 22k Z\u00fcge Vape<\/strong> ist darauf ausgelegt, st\u00e4ndige Einkaufstouren zu reduzieren. Anstatt jeden Tag \u201e<strong data-start=\"4645\" data-end=\"4667\">Zigaretten in meiner N\u00e4he<\/strong>\u201c zu holen, kann ein vollst\u00e4ndig aufgeladene und gef\u00fclltes Ger\u00e4t lange in Ihrer Tasche bleiben, wobei der digitale Bildschirm und das Type-C-Ladeger\u00e4t Ihnen bei der Planung helfen.<\/p>\n<h3 data-start=\"4833\" data-end=\"4924\">4. Ist die ELFWORLD AI 22000 \u00e4hnlich wie wiederbef\u00fcllbare Pods-Systeme oder ist sie anders?<\/h3>\n<p data-start=\"4925\" data-end=\"5195\">Funktionell bietet die <strong data-start=\"4943\" data-end=\"4975\">ELFWORLD AI 22000 Einweg-Vape<\/strong> die gleiche \u201eAufladen und Dampfen\u201c-Einfachheit, die Menschen bei <strong data-start=\"5035\" data-end=\"5056\">pods recargablese<\/strong> Ger\u00e4ten m\u00f6gen, aber ohne Pod-Wechsel oder Tank-Nachf\u00fcllung. Alles ist versiegelt und vorgefertigt: Sie laden die Batterie auf, nicht Teile zu ersetzen.<\/p>\n<h3 data-start=\"5202\" data-end=\"5286\">5. Kann ich die ELFWORLD AI 22000 22k Z\u00fcge von einem Vape-Shop online in Europa kaufen?<\/h3>\n<p data-start=\"5287\" data-end=\"5566\">Viele Nutzer in Deutschland und in der gesamten EU bekommen <strong data-start=\"5330\" data-end=\"5351\">ELFWORLD AI 22000<\/strong> durch ein <strong data-start=\"5362\" data-end=\"5382\">Vape-Shop online<\/strong> anstelle von lokalen Gesch\u00e4ften. Einzelh\u00e4ndler sch\u00e4tzen die 22K Z\u00fcge, den 26ml Tank und den digitalen Bildschirm als starke Verkaufsargumente, daher erscheint es oft in den Kategorien \u201eBestseller\u201c oder \u201eHohe Kapazit\u00e4t\u201c.<\/p>\n<\/div>\n<\/div>\n<\/div>\n<\/div>","protected":false},"excerpt":{"rendered":"<p class=\"LC20lb MBeuO DKV0Md\">ELF WORLD AI 22000 Einweg-Vape-Bar G\u00fcnstiger Preis<br \/>\nELFWORLD AI22000 22000 Z\u00fcge Beste Gro\u00dfhandels-Einweg-Vape-Box<br \/>\nDigitale Einweg-Bar ELFWORLD AI 22000 Z\u00fcge Direktverkauf ab Werk<\/p>\n<p><strong>F\u00fcgen Sie Amys WhatsApp hinzu, um eine korrekte Antwort und einen Rabattpreis zu erhalten!<\/strong><\/p>\n<p><img fetchpriority=\"high\" decoding=\"async\" class=\"size-full wp-image-2932\" src=\"https:\/\/vapestornado.com\/wp-content\/uploads\/2024\/12\/Vape-Wholesale.jpg\" alt=\"Vape-Gro\u00dfhandel\" width=\"229\" height=\"300\" \/><\/p>\n<h3><a href=\"https:\/\/wa.me\/8617776015835\"><span style=\"color: #ff0000;\"><strong>WhatsApp: +86 17776015835<\/strong><\/span><\/a><\/h3>\n<p>&nbsp;<\/p>","protected":false},"featured_media":4082,"comment_status":"open","ping_status":"closed","template":"","meta":{"_acf_changed":false,"_uag_custom_page_level_css":"","_lmt_disableupdate":"no","_lmt_disable":"","_monsterinsights_skip_tracking":false,"_monsterinsights_sitenote_active":false,"_monsterinsights_sitenote_note":"","_monsterinsights_sitenote_category":0,"site-sidebar-layout":"default","site-content-layout":"","ast-site-content-layout":"default","site-content-style":"default","site-sidebar-style":"default","ast-global-header-display":"","ast-banner-title-visibility":"","ast-main-header-display":"","ast-hfb-above-header-display":"","ast-hfb-below-header-display":"","ast-hfb-mobile-header-display":"","site-post-title":"","ast-breadcrumbs-content":"","ast-featured-img":"","footer-sml-layout":"","ast-disable-related-posts":"","theme-transparent-header-meta":"default","adv-header-id-meta":"","stick-header-meta":"","header-above-stick-meta":"","header-main-stick-meta":"","header-below-stick-meta":"","astra-migrate-meta-layouts":"set","ast-page-background-enabled":"default","ast-page-background-meta":{"desktop":{"background-color":"","background-image":"","background-repeat":"repeat","background-position":"center center","background-size":"auto","background-attachment":"scroll","background-type":"","background-media":"","overlay-type":"","overlay-color":"","overlay-opacity":"","overlay-gradient":""},"tablet":{"background-color":"","background-image":"","background-repeat":"repeat","background-position":"center center","background-size":"auto","background-attachment":"scroll","background-type":"","background-media":"","overlay-type":"","overlay-color":"","overlay-opacity":"","overlay-gradient":""},"mobile":{"background-color":"","background-image":"","background-repeat":"repeat","background-position":"center center","background-size":"auto","background-attachment":"scroll","background-type":"","background-media":"","overlay-type":"","overlay-color":"","overlay-opacity":"","overlay-gradient":""}},"ast-content-background-meta":{"desktop":{"background-color":"var(--ast-global-color-5)","background-image":"","background-repeat":"repeat","background-position":"center center","background-size":"auto","background-attachment":"scroll","background-type":"","background-media":"","overlay-type":"","overlay-color":"","overlay-opacity":"","overlay-gradient":""},"tablet":{"background-color":"var(--ast-global-color-5)","background-image":"","background-repeat":"repeat","background-position":"center center","background-size":"auto","background-attachment":"scroll","background-type":"","background-media":"","overlay-type":"","overlay-color":"","overlay-opacity":"","overlay-gradient":""},"mobile":{"background-color":"var(--ast-global-color-5)","background-image":"","background-repeat":"repeat","background-position":"center center","background-size":"auto","background-attachment":"scroll","background-type":"","background-media":"","overlay-type":"","overlay-color":"","overlay-opacity":"","overlay-gradient":""}},"_joinchat":{"telephone":"17776015835"}},"product_brand":[],"product_cat":[156,142,146],"product_tag":[488,105,320,486,319,487,489],"class_list":{"0":"post-4087","1":"product","2":"type-product","3":"status-publish","4":"has-post-thumbnail","6":"product_cat-buy-disposable-vapes-in-poland","7":"product_cat-digital-box-disposable-vapes","8":"product_cat-rechargeable-disposable-vapes","9":"product_tag-cigarettes-near-me","10":"product_tag-digital-disposable-vape","11":"product_tag-disposables-bar","12":"product_tag-elf-world","13":"product_tag-elfworld-ai22000","14":"product_tag-pods-recargablese","15":"product_tag-vape-shop-online","16":"desktop-align-left","17":"tablet-align-left","18":"mobile-align-left","20":"first","21":"instock","22":"sale","23":"shipping-taxable","24":"purchasable","25":"product-type-simple"},"acf":[],"uagb_featured_image_src":{"full":["https:\/\/vapestornado.com\/wp-content\/uploads\/2025\/04\/ELF-WORLD-Ai-22000-PUFF-Disposable-Vape-Box.webp",800,800,false],"thumbnail":["https:\/\/vapestornado.com\/wp-content\/uploads\/2025\/04\/ELF-WORLD-Ai-22000-PUFF-Disposable-Vape-Box-150x150.webp",150,150,true],"medium":["https:\/\/vapestornado.com\/wp-content\/uploads\/2025\/04\/ELF-WORLD-Ai-22000-PUFF-Disposable-Vape-Box-300x300.webp",300,300,true],"medium_large":["https:\/\/vapestornado.com\/wp-content\/uploads\/2025\/04\/ELF-WORLD-Ai-22000-PUFF-Disposable-Vape-Box-768x768.webp",768,768,true],"large":["https:\/\/vapestornado.com\/wp-content\/uploads\/2025\/04\/ELF-WORLD-Ai-22000-PUFF-Disposable-Vape-Box.webp",800,800,false],"1536x1536":["https:\/\/vapestornado.com\/wp-content\/uploads\/2025\/04\/ELF-WORLD-Ai-22000-PUFF-Disposable-Vape-Box.webp",800,800,false],"2048x2048":["https:\/\/vapestornado.com\/wp-content\/uploads\/2025\/04\/ELF-WORLD-Ai-22000-PUFF-Disposable-Vape-Box.webp",800,800,false],"trp-custom-language-flag":["https:\/\/vapestornado.com\/wp-content\/uploads\/2025\/04\/ELF-WORLD-Ai-22000-PUFF-Disposable-Vape-Box.webp",12,12,false],"woocommerce_thumbnail":["https:\/\/vapestornado.com\/wp-content\/uploads\/2025\/04\/ELF-WORLD-Ai-22000-PUFF-Disposable-Vape-Box-300x300.webp",300,300,true],"woocommerce_single":["https:\/\/vapestornado.com\/wp-content\/uploads\/2025\/04\/ELF-WORLD-Ai-22000-PUFF-Disposable-Vape-Box-600x600.webp",600,600,true],"woocommerce_gallery_thumbnail":["https:\/\/vapestornado.com\/wp-content\/uploads\/2025\/04\/ELF-WORLD-Ai-22000-PUFF-Disposable-Vape-Box-100x100.webp",100,100,true]},"uagb_author_info":{"display_name":"ESAMY","author_link":"https:\/\/vapestornado.com\/de\/author\/"},"uagb_comment_info":0,"uagb_excerpt":"ELF WORLD AI 22000 Disposable Vape Bar Cheap Price ELFWORLD AI22000 22000 Puffs Best Wholesale Disposables Vape Box Digital Disposables Bar ELFWORLD AI 22000 Puffs Factory Direct Sale Add Amy's whatsapp to get right reply and discount price! WhatsApp: +86 17776015835 &nbsp;","_links":{"self":[{"href":"https:\/\/vapestornado.com\/de\/wp-json\/wp\/v2\/product\/4087","targetHints":{"allow":["GET"]}}],"collection":[{"href":"https:\/\/vapestornado.com\/de\/wp-json\/wp\/v2\/product"}],"about":[{"href":"https:\/\/vapestornado.com\/de\/wp-json\/wp\/v2\/types\/product"}],"replies":[{"embeddable":true,"href":"https:\/\/vapestornado.com\/de\/wp-json\/wp\/v2\/comments?post=4087"}],"wp:featuredmedia":[{"embeddable":true,"href":"https:\/\/vapestornado.com\/de\/wp-json\/wp\/v2\/media\/4082"}],"wp:attachment":[{"href":"https:\/\/vapestornado.com\/de\/wp-json\/wp\/v2\/media?parent=4087"}],"wp:term":[{"taxonomy":"product_brand","embeddable":true,"href":"https:\/\/vapestornado.com\/de\/wp-json\/wp\/v2\/product_brand?post=4087"},{"taxonomy":"product_cat","embeddable":true,"href":"https:\/\/vapestornado.com\/de\/wp-json\/wp\/v2\/product_cat?post=4087"},{"taxonomy":"product_tag","embeddable":true,"href":"https:\/\/vapestornado.com\/de\/wp-json\/wp\/v2\/product_tag?post=4087"}],"curies":[{"name":"wp","href":"https:\/\/api.w.org\/{rel}","templated":true}]}}