{"id":4047,"date":"2025-04-01T10:04:57","date_gmt":"2025-04-01T10:04:57","guid":{"rendered":"https:\/\/vapestornado.com\/?post_type=product&#038;p=4047"},"modified":"2025-08-23T12:00:28","modified_gmt":"2025-08-23T12:00:28","slug":"aivono-fatpro-22000-puffs-shisha-hookah-digital-screen-wholesaledisposables-vape-pod-shop-on-line-copy","status":"publish","type":"product","link":"https:\/\/vapestornado.com\/de\/product\/aivono-fatpro-22000-puffs-shisha-hookah-digital-screen-wholesaledisposables-vape-pod-shop-on-line-copy\/","title":{"rendered":"AIVONO Fatpro 22000 Z\u00fcge Shisha Wasserpfeife Digitalbildschirm Gro\u00dfhandel"},"content":{"rendered":"<h1 data-pm-slice=\"1 1 []\">AIVONO Fatpro 22000 Z\u00fcge Shisha Wasserpfeife Digitalbildschirm Gro\u00dfhandel<\/h1>\n<p class=\"\" data-start=\"1287\" data-end=\"1418\">Der <strong data-start=\"310\" data-end=\"362\">AIVONO Fatpro 22000 Z\u00fcge Einweg Shisha Vape<\/strong> wurde f\u00fcr H\u00e4ndler und Vape-Shops entwickelt, die ein hochwertiges, langlebiges Ger\u00e4t suchen. Mit bis zu <strong data-start=\"470\" data-end=\"486\">22.000 Z\u00fcge<\/strong> mit gro\u00dfz\u00fcgigen <strong data-start=\"503\" data-end=\"529\">28 ml E-Liquid Kapazit\u00e4t<\/strong>Z\u00fcgen sorgt dieser Shisha-Vaporizer f\u00fcr eine lange Nutzungsdauer und gleichbleibende Zufriedenheit.<\/p>\n<p>Ausgestattet mit einer <strong data-start=\"629\" data-end=\"655\">Digitalanzeige<\/strong>k\u00f6nnen Benutzer die Akkulaufzeit und den E-Liquid-Stand in Echtzeit \u00fcberwachen. Die <strong data-start=\"733\" data-end=\"762\">0,6\u03a9 Mesh-Coil-Technologie<\/strong> verbessert die Dampfdichte und den Geschmacksreichtum, w\u00e4hrend der <strong data-start=\"817\" data-end=\"845\">Type-C wiederaufladbarer Anschluss<\/strong> schnelle Leistungssteigerungen garantiert.<\/p>\n<p>Erh\u00e4ltlich in <strong data-start=\"896\" data-end=\"919\">10 aufregende Geschmacksrichtungen<\/strong>von fruchtigen Mischungen bis hin zu eisigen und von S\u00fc\u00dfigkeiten inspirierten Optionen, der AIVONO Fatpro 22K bedient unterschiedliche Geschm\u00e4cker. Mit seiner Kombination aus <strong data-start=\"1047\" data-end=\"1123\">hoher Zuganzahl, zuverl\u00e4ssiger Leistung und wettbewerbsf\u00e4higen Gro\u00dfhandelspreisen<\/strong>ist er eine Top-Wahl f\u00fcr Einzelh\u00e4ndler, die ihr Inventar mit Einweg-Vaporizern in gro\u00dfen Mengen erweitern m\u00f6chten.<\/p>\n<p data-start=\"666\" data-end=\"1235\"><strong style=\"font-size: 16px;\"><span style=\"color: #ff0000;\">macht.<\/span><\/strong><\/p>\n<p><img fetchpriority=\"high\" decoding=\"async\" class=\"size-full wp-image-2932\" src=\"https:\/\/vapestornado.com\/wp-content\/uploads\/2024\/12\/Vape-Wholesale.jpg\" alt=\"Vape-Gro\u00dfhandel\" width=\"229\" height=\"300\" \/><\/p>\n<h3><a href=\"https:\/\/wa.me\/8617776015835\" target=\"_blank\" rel=\"noopener\"><span style=\"color: #ff0000;\"><strong>WhatsApp: +86 17776015835<\/strong><\/span><\/a><\/h3>\n<p>&nbsp;<\/p>\n<h2><strong>AIVONO Fatpro 22000 Hauptproduktmerkmale<\/strong><\/h2>\n<ul>\n<li><strong>22.000 Z\u00fcge<\/strong>\u00a0\u2013 Einer der am l\u00e4ngsten haltbaren Einweg-Vapes auf dem Markt.<\/li>\n<li><strong>28 ml E-Liquid-Kapazit\u00e4t<\/strong>\u00a0\u2013 Keine Nachf\u00fcllungen erforderlich, einfach pures Dampfvergn\u00fcgen.<\/li>\n<li><strong>600mAh wiederaufladbarer Akku<\/strong>\u00a0(Reiner Kobaltkern-Technologie) \u2013 Effiziente Leistung f\u00fcr l\u00e4ngere Nutzung.<\/li>\n<li><strong>0.6\u03a9 Mesh-Spule<\/strong>\u00a0\u2013 Verbessert Geschmack und Dampfproduktion f\u00fcr ein erstklassiges Erlebnis.<\/li>\n<li><strong>Digitaler Bildschirm<\/strong>\u00a0\u2013 Zeigt Akkustand und E-Liquid-F\u00fcllst\u00e4nde zur Bequemlichkeit an.<\/li>\n<li><strong>Typ-C-Schnellladung<\/strong>\u00a0\u2013 Schnelles Aufladen f\u00fcr ununterbrochene Sessions.<\/li>\n<li><strong>DTL (Direkt-Lunge) Design<\/strong>\u00a0\u2013 Ideal f\u00fcr tiefe, befriedigende Inhalationen.<\/li>\n<li><strong>Verschiedene Nikotinoptionen (0%\/2%\/3%\/5%)<\/strong>\u00a0\u2013 F\u00fcr alle Vorlieben.<\/li>\n<li><strong>Leicht<\/strong>\u00a0\u2013 Einfach \u00fcberallhin mitzunehmen.<\/li>\n<li><strong>Gro\u00dfhandel<\/strong>\u00a0\u2013 Gro\u00dfbestellungen verf\u00fcgbar (200 St\u00fcck pro Box).<\/li>\n<\/ul>\n<h2 class=\"product-title\"><strong>AIVONO Fatpro 22k Puff Einweg-Vapes Geschmacksliste<\/strong><\/h2>\n<article class=\"w-full text-token-text-primary focus-visible:outline-2 focus-visible:outline-offset-[-4px]\" dir=\"auto\" data-testid=\"conversation-turn-32\" data-scroll-anchor=\"false\">\n<div class=\"m-auto text-base py-[18px] px-6\">\n<div class=\"mx-auto flex flex-1 text-base gap-4 md:gap-5 lg:gap-6 md:max-w-3xl lg:max-w-[40rem] xl:max-w-[48rem]\">\n<div class=\"group\/conversation-turn relative flex w-full min-w-0 flex-col @xs\/thread:px-0 @sm\/thread:px-1.5 @md\/thread:px-4\">\n<div class=\"flex-col gap-1 md:gap-3\">\n<div class=\"flex max-w-full flex-col flex-grow\">\n<div class=\"min-h-8 text-message flex w-full flex-col items-end gap-2 whitespace-normal break-words text-start [.text-message+&amp;]:mt-5\" dir=\"auto\" data-message-author-role=\"user\" data-message-id=\"ffac41ca-1db4-431b-873a-32c4052956f1\">\n<div class=\"flex w-full flex-col gap-1 empty:hidden items-end rtl:items-start\">\n<div class=\"relative max-w-[var(--user-chat-width,70%)] rounded-3xl bg-token-message-surface px-5 py-2.5\">\n<div class=\"absolute bottom-0 right-full top-0 -mr-3.5 hidden pr-5 pt-2 [.group\/conversation-turn:hover_&amp;]:flex\">\n<div class=\"flex\">\n<article class=\"w-full text-token-text-primary focus-visible:outline-2 focus-visible:outline-offset-[-4px]\" dir=\"auto\" data-testid=\"conversation-turn-39\" data-scroll-anchor=\"true\">\n<div class=\"m-auto text-base py-[18px] px-6\">\n<div class=\"mx-auto flex flex-1 text-base gap-4 md:gap-5 lg:gap-6 md:max-w-3xl lg:max-w-[40rem] xl:max-w-[48rem]\">\n<div class=\"group\/conversation-turn relative flex w-full min-w-0 flex-col agent-turn @xs\/thread:px-0 @sm\/thread:px-1.5 @md\/thread:px-4\">\n<div class=\"flex-col gap-1 md:gap-3\">\n<div class=\"flex max-w-full flex-col flex-grow\">\n<div class=\"min-h-8 text-message flex w-full flex-col items-end gap-2 whitespace-normal break-words text-start [.text-message+&amp;]:mt-5\" dir=\"auto\" data-message-author-role=\"assistant\" data-message-id=\"55a23854-ec57-48dd-bd4f-6118f43d6241\" data-message-model-slug=\"gpt-4o\">\n<div class=\"flex w-full flex-col gap-1 empty:hidden first:pt-[3px]\">\n<div class=\"markdown prose w-full break-words dark:prose-invert light\">\n<p>Heben Sie Ihr Dampferlebnis auf ein neues Niveau mit dem\u00a0<strong>AIVONO Fatpro 22000 Z\u00fcge<\/strong>\u00a0und seiner au\u00dfergew\u00f6hnlichen Auswahl an handgefertigten Geschmacksrichtungen. Jede Variante ist fachm\u00e4nnisch gemischt, um ein unverwechselbares und befriedigendes Erlebnis zu bieten, das jeden Zug so unvergesslich macht wie den letzten.<\/p>\n<p>1. Doppelter Apfelgenuss: Ein perfektes Duett aus knackigen roten und gr\u00fcnen Apfelaromen, das nat\u00fcrliche S\u00fc\u00dfe mit einer erfrischenden S\u00e4ure f\u00fcr einen belebenden Dampf kombiniert.<\/p>\n<p>2. Traubenfrost: Saftige lila Trauben treffen auf eine belebende, minzige K\u00fchle und schaffen eine raffinierte Mischung, die sowohl fruchtig als auch erfrischend k\u00fchl ist.<\/p>\n<p>3. Arktische Wassermelone: Ultrageschmackvolle Wassermelonenaromen werden durch einen eiskalten Mentholabgang verst\u00e4rkt und sorgen f\u00fcr das ultimative durstl\u00f6schende Gef\u00fchl.<\/p>\n<p>4. Gefrorene Beeren-Medley: Eine lebendige Mischung aus Erdbeeren, Heidelbeeren und Brombeeren, abgerundet mit einem eisigen Ausatmen f\u00fcr eine perfekt ausgewogene, fruchtige K\u00fchle.<\/p>\n<p>5. Blaubeer-Kaugummi: Eine verspielte Nachbildung des klassischen Kaugummis, voller authentischer Blaubeer-S\u00fc\u00dfe und einem weichen, z\u00e4hen Abgang.<\/p>\n<p>6. Rubin-Beeren-Fusion: \u00dcppige Kirschen verflechten sich mit spritzigen Himbeeren und schaffen ein dynamisches Geschmacksprofil, das sowohl kr\u00e4ftig als auch unwiderstehlich saftig ist.<\/p>\n<p>7. Eiskaltes Pfirsichparadies: Reife, sonnenverw\u00f6hnte Pfirsiche werden durch eine frostige Mentholbrise akzentuiert, was dies zu einer ganzj\u00e4hrigen tropischen Flucht macht.<\/p>\n<p>8. Enigma-Elixier: Eine mysteri\u00f6se und verlockende Mischung aus exotischen Fr\u00fcchten mit subtilen floralen Untert\u00f6nen, die die Sinne fesseln und erfreuen soll.<\/p>\n<p>9. Traumlandschaft: Eine cremige, vielschichtige Kreation aus tropischen Noten und Beerennoten, die ein sanftes und traumhaftes Dampferlebnis bietet.<\/p>\n<p>10. Erdbeerspritzer: Dieser Geschmack, der von der nat\u00fcrlichen S\u00fc\u00dfe frisch gepfl\u00fcckter Erdbeeren strotzt, liefert mit jedem Zug einen hellen, saftigen Kick.<\/p>\n<figure id=\"attachment_4020\" aria-describedby=\"caption-attachment-4020\" style=\"width: 800px\" class=\"wp-caption alignnone\"><img decoding=\"async\" class=\"wp-image-4020 size-full\" src=\"https:\/\/vapestornado.com\/wp-content\/uploads\/2025\/03\/AIVONO-22000-Disposable-Puff-Bar.webp\" alt=\"AIVONO 22000 Einweg-Puffbar\" width=\"800\" height=\"800\" srcset=\"https:\/\/vapestornado.com\/wp-content\/uploads\/2025\/03\/AIVONO-22000-Disposable-Puff-Bar.webp 800w, https:\/\/vapestornado.com\/wp-content\/uploads\/2025\/03\/AIVONO-22000-Disposable-Puff-Bar-300x300.webp 300w, https:\/\/vapestornado.com\/wp-content\/uploads\/2025\/03\/AIVONO-22000-Disposable-Puff-Bar-150x150.webp 150w, https:\/\/vapestornado.com\/wp-content\/uploads\/2025\/03\/AIVONO-22000-Disposable-Puff-Bar-768x768.webp 768w, https:\/\/vapestornado.com\/wp-content\/uploads\/2025\/03\/AIVONO-22000-Disposable-Puff-Bar-600x600.webp 600w, https:\/\/vapestornado.com\/wp-content\/uploads\/2025\/03\/AIVONO-22000-Disposable-Puff-Bar-100x100.webp 100w\" sizes=\"(max-width: 800px) 100vw, 800px\" \/><figcaption id=\"caption-attachment-4020\" class=\"wp-caption-text\">AIVONO 22000 Einweg-Puffbar<\/figcaption><\/figure>\n<p>&nbsp;<\/p>\n<\/div>\n<\/div>\n<\/div>\n<\/div>\n<\/div>\n<\/div>\n<\/div>\n<\/div>\n<\/article>\n<\/div>\n<\/div>\n<\/div>\n<\/div>\n<\/div>\n<\/div>\n<\/div>\n<\/div>\n<\/div>\n<\/div>\n<\/article>\n<h2>Warum Vapestornado f\u00fcr den Kauf des AIVONO Fatpro 22000Puff w\u00e4hlen?<\/h2>\n<div class=\"flex-shrink-0 flex flex-col relative items-end\">\n<div class=\"pt-0\">\n<div class=\"gizmo-bot-avatar flex h-8 w-8 items-center justify-center overflow-hidden rounded-full\">\n<div class=\"relative p-1 rounded-sm flex items-center justify-center bg-token-main-surface-primary text-token-text-primary h-8 w-8\">\n<p>At\u00a0<strong>VapeTornado<\/strong>, sind wir stolz darauf,\u00a0<strong>erstklassige Dampfprodukte zu unschlagbaren Preisen<\/strong>\u2014und der AIVONO Fatpro 22000 ist keine Ausnahme! Hier erfahren Sie, warum Sie bei uns kaufen sollten:<\/p>\n<p><strong>Beste Gro\u00dfhandelspreise<\/strong>\u00a0\u2013 Wir bieten\u00a0<strong>wettbewerbsf\u00e4hige Gro\u00dfhandelspreise<\/strong><span style=\"font-size: 16px;\">, was uns zur ersten Wahl f\u00fcr Wiederverk\u00e4ufer und Vape-Shops macht.<\/span><\/p>\n<p><strong>Schnell<\/strong>\u00a0\u2013 Erhalten Sie Ihre Bestellung\u00a0<strong>schnell und sicher<\/strong>, mit weltweiten Versandoptionen.<br \/>\n<strong>100% Authentische Produkte<\/strong>\u00a0\u2013 Keine F\u00e4lschungen \u2013 nur\u00a0<strong>original WASPE Triple Einweg-Vapes<\/strong>\u00a0mit gepr\u00fcfter Qualit\u00e4t.<br \/>\n<strong>Ausgezeichneter Kundenservice<\/strong>\u00a0\u2013 Haben Sie Fragen? Unsere\u00a0<strong>Vape-Experten<\/strong> stehen Ihnen rund um die Uhr zur Verf\u00fcgung.<\/p>\n<p data-start=\"559\" data-end=\"933\" data-is-last-node=\"\" data-is-only-node=\"\">Wir haben auch einige andere beliebte Vapes mit Bildschirm wie <a href=\"https:\/\/vapestornado.com\/de\/product\/vapme-goat-40000-puff-40k-hookah-shisha-pen-price-wholesale-e-cigarette\/\">Vapme Ziege 40000 Shisha<\/a>, <a href=\"https:\/\/vapestornado.com\/de\/product\/2025-new-vopk-ultra-40000-puffs-double-flavor-disposable-vape-factory-suppliers\/\">VOPK 40000 2 in 1 Einweg-Vape<\/a>, <a href=\"https:\/\/vapestornado.com\/de\/product\/bang-beach-22000-20k-puff-disposable-vape-pen-with-screen-reddit-hot\/\">Bang Strand 22000<\/a>, und mehr.<\/p>\n<\/div>\n<div class=\"relative p-1 rounded-sm flex items-center justify-center bg-token-main-surface-primary text-token-text-primary h-8 w-8\">\n<h2>H\u00c4UFIG GESTELLTE FRAGEN<\/h2>\n<p><strong>1. Wie lange h\u00e4lt der AIVONO Fatpro 22000?<\/strong><\/p>\n<p>Mit\u00a0<strong>22.000 Z\u00fcge<\/strong>, dieses Ger\u00e4t h\u00e4lt deutlich l\u00e4nger als herk\u00f6mmliche Einweg-Vapes. Je nach Nutzung kann es f\u00fcr moderate Dampfer Wochen oder sogar Monate halten.<\/p>\n<p><strong>2. Ist der AIVONO Fatpro wiederaufladbar?<\/strong><\/p>\n<p>Ja! Es verf\u00fcgt \u00fcber ein\u00a0<strong>Type-C wiederaufladbarer Anschluss<\/strong>\u00a0und einem\u00a0<strong>600mAh Batterie<\/strong>, sodass Sie das\u00a0<strong>28 ml E-Liquid-Kapazit\u00e4t<\/strong>\u00a0vollst\u00e4ndig nutzen k\u00f6nnen, ohne dass der Akku leer wird.<\/p>\n<p><strong>3. Welche Nikotinst\u00e4rken sind verf\u00fcgbar?<\/strong><\/p>\n<p>Der AIVONO Fatpro bietet\u00a0<strong>0% (nikotinfrei), 2%, 3% und 5% Nikotinsalz<\/strong>\u00a0Optionen, die alle Arten von Dampfern ansprechen.<\/p>\n<p><strong>4. Unterst\u00fctzt er direkte Lungenz\u00fcge (DTL)?<\/strong><\/p>\n<p>Ja! Der\u00a0<strong>0.6\u03a9 Mesh-Coil<\/strong>\u00a0und\u00a0<strong>DTL-Design<\/strong>\u00a0macht ihn ideal f\u00fcr direkte Lungeninhalationen, die\u00a0<strong>sanfte, geschmackvolle Wolken<\/strong>.<\/p>\n<\/div>\n<\/div>\n<\/div>\n<\/div>","protected":false},"excerpt":{"rendered":"<p class=\"LC20lb MBeuO DKV0Md\">Der <strong data-start=\"1217\" data-end=\"1250\">AIVONO Fatpro 22K Shisha Vape<\/strong> bietet 22.000 Z\u00fcge, Digitalanzeige und Mesh-Coil-Technologie. Eine ausgezeichnete Wahl f\u00fcr <strong data-start=\"1334\" data-end=\"1359\">Gro\u00dfhandelsbestellungen in gro\u00dfen Mengen<\/strong>.<\/p>\n<p><strong>F\u00fcgen Sie Amys WhatsApp hinzu, um eine korrekte Antwort und einen Rabattpreis zu erhalten!<\/strong><\/p>\n<p><img fetchpriority=\"high\" decoding=\"async\" class=\"size-full wp-image-2932\" src=\"https:\/\/vapestornado.com\/wp-content\/uploads\/2024\/12\/Vape-Wholesale.jpg\" alt=\"Vape-Gro\u00dfhandel\" width=\"229\" height=\"300\" \/><\/p>\n<h3><a href=\"https:\/\/wa.me\/8617776015835\"><span style=\"color: #ff0000;\"><strong>WhatsApp: +86 17776015835<\/strong><\/span><\/a><\/h3>\n<p>&nbsp;<\/p>","protected":false},"featured_media":4026,"comment_status":"open","ping_status":"closed","template":"","meta":{"_acf_changed":false,"_uag_custom_page_level_css":"","_lmt_disableupdate":"no","_lmt_disable":"","_monsterinsights_skip_tracking":false,"_monsterinsights_sitenote_active":false,"_monsterinsights_sitenote_note":"","_monsterinsights_sitenote_category":0,"site-sidebar-layout":"default","site-content-layout":"","ast-site-content-layout":"default","site-content-style":"default","site-sidebar-style":"default","ast-global-header-display":"","ast-banner-title-visibility":"","ast-main-header-display":"","ast-hfb-above-header-display":"","ast-hfb-below-header-display":"","ast-hfb-mobile-header-display":"","site-post-title":"","ast-breadcrumbs-content":"","ast-featured-img":"","footer-sml-layout":"","ast-disable-related-posts":"","theme-transparent-header-meta":"default","adv-header-id-meta":"","stick-header-meta":"","header-above-stick-meta":"","header-main-stick-meta":"","header-below-stick-meta":"","astra-migrate-meta-layouts":"set","ast-page-background-enabled":"default","ast-page-background-meta":{"desktop":{"background-color":"","background-image":"","background-repeat":"repeat","background-position":"center center","background-size":"auto","background-attachment":"scroll","background-type":"","background-media":"","overlay-type":"","overlay-color":"","overlay-opacity":"","overlay-gradient":""},"tablet":{"background-color":"","background-image":"","background-repeat":"repeat","background-position":"center center","background-size":"auto","background-attachment":"scroll","background-type":"","background-media":"","overlay-type":"","overlay-color":"","overlay-opacity":"","overlay-gradient":""},"mobile":{"background-color":"","background-image":"","background-repeat":"repeat","background-position":"center center","background-size":"auto","background-attachment":"scroll","background-type":"","background-media":"","overlay-type":"","overlay-color":"","overlay-opacity":"","overlay-gradient":""}},"ast-content-background-meta":{"desktop":{"background-color":"var(--ast-global-color-5)","background-image":"","background-repeat":"repeat","background-position":"center center","background-size":"auto","background-attachment":"scroll","background-type":"","background-media":"","overlay-type":"","overlay-color":"","overlay-opacity":"","overlay-gradient":""},"tablet":{"background-color":"var(--ast-global-color-5)","background-image":"","background-repeat":"repeat","background-position":"center center","background-size":"auto","background-attachment":"scroll","background-type":"","background-media":"","overlay-type":"","overlay-color":"","overlay-opacity":"","overlay-gradient":""},"mobile":{"background-color":"var(--ast-global-color-5)","background-image":"","background-repeat":"repeat","background-position":"center center","background-size":"auto","background-attachment":"scroll","background-type":"","background-media":"","overlay-type":"","overlay-color":"","overlay-opacity":"","overlay-gradient":""}},"_joinchat":{"telephone":"17776015835"}},"product_brand":[],"product_cat":[176,154,147],"product_tag":[308,105,284,296,94],"class_list":{"0":"post-4047","1":"product","2":"type-product","3":"status-publish","4":"has-post-thumbnail","6":"product_cat-aivono-vape","7":"product_cat-buy-disposable-vapes-in-netherlands","8":"product_cat-shisha-hookah-disposable-vapes","9":"product_tag-aivono-fatpro-22000","10":"product_tag-digital-disposable-vape","11":"product_tag-disposable-shisha","12":"product_tag-puff-bar","13":"product_tag-rechargeable-disposable-vape","14":"desktop-align-left","15":"tablet-align-left","16":"mobile-align-left","18":"first","19":"instock","20":"sale","21":"shipping-taxable","22":"purchasable","23":"product-type-simple"},"acf":[],"uagb_featured_image_src":{"full":["https:\/\/vapestornado.com\/wp-content\/uploads\/2025\/03\/Wholesale-Vape-Original-Ainovo-Aim-Fatpro-22000-Puffs.webp",800,800,false],"thumbnail":["https:\/\/vapestornado.com\/wp-content\/uploads\/2025\/03\/Wholesale-Vape-Original-Ainovo-Aim-Fatpro-22000-Puffs-150x150.webp",150,150,true],"medium":["https:\/\/vapestornado.com\/wp-content\/uploads\/2025\/03\/Wholesale-Vape-Original-Ainovo-Aim-Fatpro-22000-Puffs-300x300.webp",300,300,true],"medium_large":["https:\/\/vapestornado.com\/wp-content\/uploads\/2025\/03\/Wholesale-Vape-Original-Ainovo-Aim-Fatpro-22000-Puffs-768x768.webp",768,768,true],"large":["https:\/\/vapestornado.com\/wp-content\/uploads\/2025\/03\/Wholesale-Vape-Original-Ainovo-Aim-Fatpro-22000-Puffs.webp",800,800,false],"1536x1536":["https:\/\/vapestornado.com\/wp-content\/uploads\/2025\/03\/Wholesale-Vape-Original-Ainovo-Aim-Fatpro-22000-Puffs.webp",800,800,false],"2048x2048":["https:\/\/vapestornado.com\/wp-content\/uploads\/2025\/03\/Wholesale-Vape-Original-Ainovo-Aim-Fatpro-22000-Puffs.webp",800,800,false],"trp-custom-language-flag":["https:\/\/vapestornado.com\/wp-content\/uploads\/2025\/03\/Wholesale-Vape-Original-Ainovo-Aim-Fatpro-22000-Puffs.webp",12,12,false],"woocommerce_thumbnail":["https:\/\/vapestornado.com\/wp-content\/uploads\/2025\/03\/Wholesale-Vape-Original-Ainovo-Aim-Fatpro-22000-Puffs-300x300.webp",300,300,true],"woocommerce_single":["https:\/\/vapestornado.com\/wp-content\/uploads\/2025\/03\/Wholesale-Vape-Original-Ainovo-Aim-Fatpro-22000-Puffs-600x600.webp",600,600,true],"woocommerce_gallery_thumbnail":["https:\/\/vapestornado.com\/wp-content\/uploads\/2025\/03\/Wholesale-Vape-Original-Ainovo-Aim-Fatpro-22000-Puffs-100x100.webp",100,100,true]},"uagb_author_info":{"display_name":"ESAMY","author_link":"https:\/\/vapestornado.com\/de\/author\/"},"uagb_comment_info":0,"uagb_excerpt":"The AIVONO Fatpro 22K Shisha Vape offers 22,000 puffs, digital display, and mesh coil technology. A great choice for bulk wholesale orders. Add Amy's whatsapp to get right reply and discount price! WhatsApp: +86 17776015835 &nbsp;","_links":{"self":[{"href":"https:\/\/vapestornado.com\/de\/wp-json\/wp\/v2\/product\/4047","targetHints":{"allow":["GET"]}}],"collection":[{"href":"https:\/\/vapestornado.com\/de\/wp-json\/wp\/v2\/product"}],"about":[{"href":"https:\/\/vapestornado.com\/de\/wp-json\/wp\/v2\/types\/product"}],"replies":[{"embeddable":true,"href":"https:\/\/vapestornado.com\/de\/wp-json\/wp\/v2\/comments?post=4047"}],"wp:featuredmedia":[{"embeddable":true,"href":"https:\/\/vapestornado.com\/de\/wp-json\/wp\/v2\/media\/4026"}],"wp:attachment":[{"href":"https:\/\/vapestornado.com\/de\/wp-json\/wp\/v2\/media?parent=4047"}],"wp:term":[{"taxonomy":"product_brand","embeddable":true,"href":"https:\/\/vapestornado.com\/de\/wp-json\/wp\/v2\/product_brand?post=4047"},{"taxonomy":"product_cat","embeddable":true,"href":"https:\/\/vapestornado.com\/de\/wp-json\/wp\/v2\/product_cat?post=4047"},{"taxonomy":"product_tag","embeddable":true,"href":"https:\/\/vapestornado.com\/de\/wp-json\/wp\/v2\/product_tag?post=4047"}],"curies":[{"name":"wp","href":"https:\/\/api.w.org\/{rel}","templated":true}]}}