{"id":4013,"date":"2025-03-27T09:03:34","date_gmt":"2025-03-27T09:03:34","guid":{"rendered":"https:\/\/vapestornado.com\/?post_type=product&#038;p=4013"},"modified":"2025-12-16T09:46:56","modified_gmt":"2025-12-16T09:46:56","slug":"waspe-aiviou-3-in-1-60000-puffs-disposable-vape-kit-best-price","status":"publish","type":"product","link":"https:\/\/vapestornado.com\/de\/product\/waspe-aiviou-3-in-1-60000-puffs-disposable-vape-kit-best-price\/","title":{"rendered":"Waspe Aiviou 3 in 1 60000 Z\u00fcge Einweg-Vape-Kit Bester Preis"},"content":{"rendered":"<h1 data-pm-slice=\"1 1 []\">Waspe 60000 Z\u00fcge Einweg-Vape-Kit 3 Geschmackswechsel + 54ml E-Liquid<\/h1>\n<p data-start=\"1232\" data-end=\"1466\">Der <strong data-start=\"99\" data-end=\"134\">Waspe Aiviou 3 in 1 60000 Z\u00fcge<\/strong> ist f\u00fcr M\u00e4nner konzipiert, die nicht zwei oder drei Ger\u00e4te mit sich tragen m\u00f6chten, um Geschmacksmonotonie zu vermeiden. Sie erhalten <strong data-start=\"236\" data-end=\"279\">drei vorgef\u00fcllte 18ml Pods (insgesamt 54ml)<\/strong> in einem Geh\u00e4use, ein <strong data-start=\"295\" data-end=\"320\">dreifacher Geschmackswechsel<\/strong>und <strong data-start=\"326\" data-end=\"356\">0,9\u03a9 Mesh-Coil-Leistung<\/strong> die auch bei intensiver Nutzung glatt bleibt. F\u00fcgen Sie hinzu <strong data-start=\"410\" data-end=\"425\">LED-Display<\/strong> und <strong data-start=\"430\" data-end=\"468\">Typ-C wiederaufladbare 650mAh Batterie<\/strong>, und es wird eine langlebige L\u00f6sung, die Sie im Alltag tats\u00e4chlich bew\u00e4ltigen k\u00f6nnen\u2014kein R\u00e4tselraten, kein verschwendetes Liquid.<\/p>\n<h3 data-start=\"772\" data-end=\"823\">Warum hebt sich das Waspe 60000 Z\u00fcge von Hochkapazit\u00e4ts-Disposables ab?<\/h3>\n<ul data-start=\"825\" data-end=\"2411\">\n<li data-start=\"825\" data-end=\"1147\">\n<p data-start=\"827\" data-end=\"1147\"><strong data-start=\"827\" data-end=\"866\">3 Geschmacksrichtungen ohne Extras mitnehmen.<\/strong> Dieses <strong data-start=\"872\" data-end=\"900\">3-Geschmacks-Disposable-Vape<\/strong> verwendet ein echtes <strong data-start=\"913\" data-end=\"940\">3-in-1-Wechselsystem<\/strong>, sodass Sie zwischen Profilen wechseln k\u00f6nnen, wenn sich Ihr Geschmack \u00e4ndert. F\u00fcr viele Nutzer ist das der Unterschied zwischen dem Abschluss eines Hochkapazit\u00e4tsger\u00e4ts und dem Abbruch in der Mitte, weil ein Geschmack langweilig wird.<\/p>\n<\/li>\n<li data-start=\"1149\" data-end=\"1502\">\n<p data-start=\"1151\" data-end=\"1502\"><strong data-start=\"1151\" data-end=\"1199\">Echte Ausdauer, unterst\u00fctzt durch echtes Liquidvolumen.<\/strong> <strong data-start=\"1200\" data-end=\"1221\">Waspe 60000 Z\u00fcge<\/strong> ist nicht nur eine gro\u00dfe Zahl auf der Verpackung\u2014<strong data-start=\"1257\" data-end=\"1274\">54ml (3\u00d718ml)<\/strong> ist f\u00fcr den Langzeitgebrauch ausgelegt. Deshalb ist es in M\u00e4rkten mit hohem Umschlag wie <strong data-start=\"1361\" data-end=\"1416\">Polen, Deutschland, Spanien, Frankreich und die Niederlande<\/strong>, insbesondere f\u00fcr K\u00e4ufer, die weniger Ersatzteile w\u00fcnschen und eine vorhersehbarere Tageskosten haben m\u00f6chten.<\/p>\n<\/li>\n<li data-start=\"1504\" data-end=\"1775\">\n<p data-start=\"1506\" data-end=\"1775\"><strong data-start=\"1506\" data-end=\"1551\">Mesh-Spulensicherheit bei langen Sitzungen.<\/strong> Mit <strong data-start=\"1557\" data-end=\"1581\">0,9\u03a9 Mesh-Spulen (\u00d73)<\/strong>, der Dampf bleibt auch bei l\u00e4ngeren Nutzungen sanft und der Geschmack klar. Das ist wichtig f\u00fcr Vielnutzer, die Kettenraucher sind\u2014Mesh-Heizung reduziert die scharfe, trockene Note, die billigere Spulen im Laufe der Zeit entwickeln k\u00f6nnen.<\/p>\n<\/li>\n<li data-start=\"1777\" data-end=\"2070\">\n<p data-start=\"1779\" data-end=\"2070\"><strong data-start=\"1779\" data-end=\"1816\">LED-Anzeige h\u00e4lt Sie unter Kontrolle.<\/strong> Das intelligente Display zeigt den Batteriestatus und den E-Liquid-Stand an, sodass Sie wissen, ob es f\u00fcr einen langen Arbeitstag bereit ist oder Sie zuerst aufladen sollten. Das ist die Art von praktischem Detail, das man von Ger\u00e4ten erwartet, die im Wettbewerb stehen in <strong data-start=\"2027\" data-end=\"2055\">E-Zigaretten-Ranking 2025<\/strong> Gespr\u00e4chen.<\/p>\n<\/li>\n<li data-start=\"2072\" data-end=\"2411\">\n<p data-start=\"2074\" data-end=\"2411\"><strong data-start=\"2074\" data-end=\"2129\">Wiederaufladbarer Komfort, der Impulsk\u00e4ufe \u00fcbertrifft.<\/strong> Wenn Ihre Routine beinhaltet \u201c<strong data-start=\"2156\" data-end=\"2174\">Zigaretten kaufen<\/strong>\u201d Stopps oder Last-Minute-Ersatz, hilft das wiederaufladbare Design mit USB-C, diesen Zyklus zu durchbrechen. F\u00fcr viele Kunden, die <strong data-start=\"2287\" data-end=\"2310\">Vapor in Deutschland kaufen<\/strong>, ist der Wert einfach: Ein Ger\u00e4t h\u00e4lt l\u00e4nger, und Sie laden auf, anstatt alle paar Tage neu zu kaufen.<\/p>\n<\/li>\n<\/ul>\n<p data-start=\"666\" data-end=\"1235\"><strong style=\"font-size: 16px;\"><span style=\"color: #ff0000;\">macht.<\/span><\/strong><\/p>\n<p><img fetchpriority=\"high\" decoding=\"async\" class=\"size-full wp-image-2932\" src=\"https:\/\/vapestornado.com\/wp-content\/uploads\/2024\/12\/Vape-Wholesale.jpg\" alt=\"Vape-Gro\u00dfhandel\" width=\"229\" height=\"300\" \/><\/p>\n<h3><a href=\"https:\/\/wa.me\/8617776015835\" target=\"_blank\" rel=\"noopener\"><span style=\"color: #ff0000;\"><strong>WhatsApp: +86 17776015835<\/strong><\/span><\/a><\/h3>\n<p>&nbsp;<\/p>\n<h2><strong>Waspe Aiviou 3 in 1 60000 Z\u00fcge Hauptproduktmerkmale<\/strong><\/h2>\n<table>\n<thead>\n<tr>\n<th>Eigenschaft<\/th>\n<th>Spezifikation<\/th>\n<th>Funktionsweise<\/th>\n<\/tr>\n<\/thead>\n<tbody>\n<tr>\n<td>Produktname<\/td>\n<td>Waspe Aiviou 3 in 1 60000 Z\u00fcge<\/td>\n<td>Ein dreifaches Pod-Disposable-Vape-Kit mit Geschmackswechsel.<\/td>\n<\/tr>\n<tr>\n<td>Zugkapazit\u00e4t<\/td>\n<td>Bis zu 60.000 Z\u00fcge<\/td>\n<td>Hochkapazitiver Ausgang, der die Austauschh\u00e4ufigkeit reduzieren soll.<\/td>\n<\/tr>\n<tr>\n<td>Geschmacksystem<\/td>\n<td>3-in-1 Dreifacher Geschmackswechsel<\/td>\n<td>Erm\u00f6glicht es Ihnen, Geschm\u00e4cker sofort zu wechseln, ohne das Ger\u00e4t zu wechseln.<\/td>\n<\/tr>\n<tr>\n<td>E-Liquid-Volumen<\/td>\n<td>Gesamt 54ml (3\u00d718ml Pods)<\/td>\n<td>Gro\u00dfe fl\u00fcssigkeitsversorgung unterst\u00fctzt lange Lebensdauer und verl\u00e4ngerte Sitzungen.<\/td>\n<\/tr>\n<tr>\n<td>Spulensystem<\/td>\n<td>0,9\u03a9 Mesh-Spule \u00d73<\/td>\n<td>Gleichm\u00e4\u00dfige Erw\u00e4rmung verbessert die Gl\u00e4tte und hilft, den Geschmack konstant zu halten.<\/td>\n<\/tr>\n<tr>\n<td>Batterie<\/td>\n<td>650mAh wiederaufladbar<\/td>\n<td>Aufladen verhindert vorzeitige Entsorgung, bevor die Fl\u00fcssigkeit aufgebraucht ist.<\/td>\n<\/tr>\n<tr>\n<td>Aufladen<\/td>\n<td>Type-C-Schnellladung<\/td>\n<td>Schnelle Nachf\u00fcllungen mit modernen Kabeln, die in Europa \u00fcblich sind.<\/td>\n<\/tr>\n<tr>\n<td>Anzeige<\/td>\n<td>LED-Batterie- &amp; E-Liquid-Anzeige<\/td>\n<td>Zeigt den Status deutlich an, um \u00dcberraschungen im t\u00e4glichen Gebrauch zu vermeiden.<\/td>\n<\/tr>\n<tr>\n<td>Nikotin Optionen<\/td>\n<td>0% \/ 2% \/ 5%<\/td>\n<td>Nikotinfrei, niedrig oder st\u00e4rkerer Rachenhit je nach Vorliebe.<\/td>\n<\/tr>\n<\/tbody>\n<\/table>\n<h2 class=\"product-title\"><strong>WASPE 60K 60000 Z\u00fcge Einweg Pod Geschmacksrichtungen Liste<\/strong><\/h2>\n<article class=\"w-full text-token-text-primary focus-visible:outline-2 focus-visible:outline-offset-[-4px]\" dir=\"auto\" data-testid=\"conversation-turn-32\" data-scroll-anchor=\"false\">\n<div class=\"m-auto text-base py-[18px] px-6\">\n<div class=\"mx-auto flex flex-1 text-base gap-4 md:gap-5 lg:gap-6 md:max-w-3xl lg:max-w-[40rem] xl:max-w-[48rem]\">\n<div class=\"group\/conversation-turn relative flex w-full min-w-0 flex-col @xs\/thread:px-0 @sm\/thread:px-1.5 @md\/thread:px-4\">\n<div class=\"flex-col gap-1 md:gap-3\">\n<div class=\"flex max-w-full flex-col flex-grow\">\n<div class=\"min-h-8 text-message flex w-full flex-col items-end gap-2 whitespace-normal break-words text-start [.text-message+&amp;]:mt-5\" dir=\"auto\" data-message-author-role=\"user\" data-message-id=\"ffac41ca-1db4-431b-873a-32c4052956f1\">\n<div class=\"flex w-full flex-col gap-1 empty:hidden items-end rtl:items-start\">\n<div class=\"relative max-w-[var(--user-chat-width,70%)] rounded-3xl bg-token-message-surface px-5 py-2.5\">\n<div class=\"absolute bottom-0 right-full top-0 -mr-3.5 hidden pr-5 pt-2 [.group\/conversation-turn:hover_&amp;]:flex\">\n<div class=\"flex\">\n<article class=\"w-full text-token-text-primary focus-visible:outline-2 focus-visible:outline-offset-[-4px]\" dir=\"auto\" data-testid=\"conversation-turn-39\" data-scroll-anchor=\"true\">\n<div class=\"m-auto text-base py-[18px] px-6\">\n<div class=\"mx-auto flex flex-1 text-base gap-4 md:gap-5 lg:gap-6 md:max-w-3xl lg:max-w-[40rem] xl:max-w-[48rem]\">\n<div class=\"group\/conversation-turn relative flex w-full min-w-0 flex-col agent-turn @xs\/thread:px-0 @sm\/thread:px-1.5 @md\/thread:px-4\">\n<div class=\"flex-col gap-1 md:gap-3\">\n<div class=\"flex max-w-full flex-col flex-grow\">\n<div class=\"min-h-8 text-message flex w-full flex-col items-end gap-2 whitespace-normal break-words text-start [.text-message+&amp;]:mt-5\" dir=\"auto\" data-message-author-role=\"assistant\" data-message-id=\"55a23854-ec57-48dd-bd4f-6118f43d6241\" data-message-model-slug=\"gpt-4o\">\n<div class=\"flex w-full flex-col gap-1 empty:hidden first:pt-[3px]\">\n<div class=\"markdown prose w-full break-words dark:prose-invert light\">\n<p>1. Wassermelonen-Eis<br \/>\n2. Erdbeer-Wassermelone<br \/>\n3. Blaubeer-Eis<br \/>\n4. Erdbeer-Himbeer-Kirsche<br \/>\n5. Pfirsich-Eis<br \/>\n6. Red Bull Eis<br \/>\n7. Gemischte Beeren<br \/>\n8. Dreifache Melone Eis<br \/>\n9. Trauben Eis<br \/>\n10. Erdbeer Banane<br \/>\n11. Kirsch Cola Eis<br \/>\n12. Blaubeer Himbeere<\/p>\n<figure id=\"attachment_4688\" aria-describedby=\"caption-attachment-4688\" style=\"width: 225px\" class=\"wp-caption alignnone\"><img decoding=\"async\" class=\"size-medium wp-image-4688\" src=\"https:\/\/vapestornado.com\/wp-content\/uploads\/2025\/12\/WASPE-60000-PUFF-3-IN-1-Diposable-Vape-All-Flaovr-225x300.jpg\" alt=\"Waspe Aiviou 3 in 1 60000 Z\u00fcge Einweg-Vape mit Allflavour\" width=\"225\" height=\"300\" srcset=\"https:\/\/vapestornado.com\/wp-content\/uploads\/2025\/12\/WASPE-60000-PUFF-3-IN-1-Diposable-Vape-All-Flaovr-225x300.jpg 225w, https:\/\/vapestornado.com\/wp-content\/uploads\/2025\/12\/WASPE-60000-PUFF-3-IN-1-Diposable-Vape-All-Flaovr-768x1024.jpg 768w, https:\/\/vapestornado.com\/wp-content\/uploads\/2025\/12\/WASPE-60000-PUFF-3-IN-1-Diposable-Vape-All-Flaovr-1152x1536.jpg 1152w, https:\/\/vapestornado.com\/wp-content\/uploads\/2025\/12\/WASPE-60000-PUFF-3-IN-1-Diposable-Vape-All-Flaovr-9x12.jpg 9w, https:\/\/vapestornado.com\/wp-content\/uploads\/2025\/12\/WASPE-60000-PUFF-3-IN-1-Diposable-Vape-All-Flaovr-600x800.jpg 600w, https:\/\/vapestornado.com\/wp-content\/uploads\/2025\/12\/WASPE-60000-PUFF-3-IN-1-Diposable-Vape-All-Flaovr.jpg 1280w\" sizes=\"(max-width: 225px) 100vw, 225px\" \/><figcaption id=\"caption-attachment-4688\" class=\"wp-caption-text\">Waspe Aiviou 3 in 1 60000 Z\u00fcge Einweg-Vape mit Allflavour<\/figcaption><\/figure>\n<\/div>\n<\/div>\n<\/div>\n<\/div>\n<\/div>\n<\/div>\n<\/div>\n<\/div>\n<\/article>\n<\/div>\n<\/div>\n<\/div>\n<\/div>\n<\/div>\n<\/div>\n<\/div>\n<\/div>\n<\/div>\n<\/div>\n<\/article>\n<h2>Warum Vapestornado f\u00fcr Waspe 60k Puff kaufen?<\/h2>\n<div class=\"flex-shrink-0 flex flex-col relative items-end\">\n<div class=\"pt-0\">\n<div class=\"gizmo-bot-avatar flex h-8 w-8 items-center justify-center overflow-hidden rounded-full\">\n<div class=\"relative p-1 rounded-sm flex items-center justify-center bg-token-main-surface-primary text-token-text-primary h-8 w-8\">\n<p>At\u00a0<strong>VapeTornado<\/strong>, sind wir stolz darauf,\u00a0<strong>erstklassige Dampfprodukte zu unschlagbaren Preisen<\/strong>\u2014und der Waspe Aiviou 3 in 1 mit 60000 Z\u00fcgen ist keine Ausnahme! Hier ist, warum Sie bei uns kaufen sollten:<\/p>\n<p><strong>Beste Gro\u00dfhandelspreise<\/strong>\u00a0\u2013 Wir bieten\u00a0<strong>wettbewerbsf\u00e4hige Gro\u00dfhandelspreise<\/strong><span style=\"font-size: 16px;\">, was uns zur ersten Wahl f\u00fcr Wiederverk\u00e4ufer und Vape-Shops macht.<\/span><\/p>\n<p><strong>Schnell<\/strong>\u00a0\u2013 Erhalten Sie Ihre Bestellung\u00a0<strong>schnell und sicher<\/strong>, mit weltweiten Versandoptionen.<br \/>\n<strong>100% Authentische Produkte<\/strong>\u00a0\u2013 Keine F\u00e4lschungen \u2013 nur\u00a0<strong>original WASPE Triple Einweg-Vapes<\/strong>\u00a0mit gepr\u00fcfter Qualit\u00e4t.<br \/>\n<strong>Ausgezeichneter Kundenservice<\/strong>\u00a0\u2013 Haben Sie Fragen? Unsere\u00a0<strong>Vape-Experten<\/strong> stehen Ihnen rund um die Uhr zur Verf\u00fcgung.<\/p>\n<p><strong>Warten Sie nicht \u2013 bestellen Sie Ihren Waspe Aiviou 3 in 1 mit 60000 Z\u00fcgen noch heute bei VapeTornado und erleben Sie die ultimative Dampf-Befriedigung!<\/strong><\/p>\n<p data-start=\"559\" data-end=\"933\" data-is-last-node=\"\" data-is-only-node=\"\">Wir haben auch einige andere beliebte Vapes mit Bildschirm wie <a href=\"https:\/\/vapestornado.com\/de\/product\/mesii-couple-50k-disposable-shisha-hookah-50000-puffs-vape-with-digital-display\/\">Mesii Paar 50000<\/a>, <a href=\"https:\/\/vapestornado.com\/de\/product\/vopk-cool-9000-puffs-disposable-vapes-bar-puff-9k\/\">VOPK 9000 Einweg-Vape<\/a>, <a href=\"https:\/\/vapestornado.com\/de\/product\/bang-beach-22000-20k-puff-disposable-vape-pen-with-screen-reddit-hot\/\">Bang Strand 22000<\/a>, und mehr.<\/p>\n<\/div>\n<div class=\"relative p-1 rounded-sm flex items-center justify-center bg-token-main-surface-primary text-token-text-primary h-8 w-8\">\n<h2>H\u00c4UFIG GESTELLTE FRAGEN<\/h2>\n<ol data-start=\"3497\" data-end=\"4811\">\n<li data-start=\"3497\" data-end=\"3746\">\n<p data-start=\"3500\" data-end=\"3746\"><strong data-start=\"3500\" data-end=\"3596\">Wie funktioniert der Waspe Aiviou 3 in 1 60000 Z\u00fcge Dreifach-Geschmackswechsel w\u00e4hrend des t\u00e4glichen Dampfens?<\/strong><br data-start=\"3596\" data-end=\"3599\" \/>Es ist f\u00fcr einen schnellen Geschmackswechsel innerhalb eines Ger\u00e4ts konzipiert, sodass Sie den Geschmack auf Abruf \u00e4ndern k\u00f6nnen, ohne mehrere Vapes zu tragen oder Hardware zu wechseln.<\/p>\n<\/li>\n<li data-start=\"3748\" data-end=\"4006\">\n<p data-start=\"3751\" data-end=\"4006\"><strong data-start=\"3751\" data-end=\"3847\">H\u00e4lt das Waspe 60000 Z\u00fcge 54ml (3\u00d718ml) Setup wirklich l\u00e4nger als Standard-Einwegprodukte?<\/strong><br data-start=\"3847\" data-end=\"3850\" \/>Ja\u201454ml Gesamtliquid sind ein Hauptgrund, warum es l\u00e4nger h\u00e4lt. Die tats\u00e4chliche Lebensdauer h\u00e4ngt von Zugl\u00e4nge und -h\u00e4ufigkeit ab, aber die Kapazit\u00e4t ist f\u00fcr l\u00e4ngeren Gebrauch ausgelegt.<\/p>\n<\/li>\n<li data-start=\"4008\" data-end=\"4250\">\n<p data-start=\"4011\" data-end=\"4250\"><strong data-start=\"4011\" data-end=\"4109\">Wie beeinflussen die 0,9\u03a9 Mesh-Spulen im 3-Geschmacks-Einweg-Vape die Dampferqualit\u00e4t im Laufe der Zeit?<\/strong><br data-start=\"4109\" data-end=\"4112\" \/>Mesh-Spulen heizen gleichm\u00e4\u00dfiger als einfache Drahtspulen, was hilft, den Dampf glatter zu halten und die Rauheit bei intensiven, wiederholten Sitzungen zu reduzieren.<\/p>\n<\/li>\n<li data-start=\"4252\" data-end=\"4531\">\n<p data-start=\"4255\" data-end=\"4531\"><strong data-start=\"4255\" data-end=\"4371\">Ist das Waspe Aiviou 3 in 1 60K eine kluge Wahl f\u00fcr K\u00e4ufer, die die E-Zigaretten-Bestenliste 2025 im Vergleich zu \u201eTop-Ger\u00e4ten\u201c vergleichen?<\/strong><br data-start=\"4371\" data-end=\"4374\" \/>Es konkurriert mit praktischen Funktionen, die wichtig sind: Mehrfach-Geschmackswechsel, gro\u00dfes Gesamtliquidvolumen, wiederaufladbare Energie und eine LED-Statusanzeige zur Kontrolle.<\/p>\n<\/li>\n<li data-start=\"4533\" data-end=\"4811\">\n<p data-start=\"4536\" data-end=\"4811\"><strong data-start=\"4536\" data-end=\"4636\">Warum m\u00f6gen Gro\u00dfh\u00e4ndler f\u00fcr Einweg-Vapes das Waspe Aiviou 3 in 1 60000 Z\u00fcge f\u00fcr den Einzelhandel in Deutschland?<\/strong><br data-start=\"4636\" data-end=\"4639\" \/>Es ist einfach zu verkaufen: klare Hauptspezifikationen (60K Z\u00fcge, 3 Geschmacksrichtungen, 54ml, wiederaufladbar), breite Nikotinoptionen und eine starke Wiederholungsnachfrage von Nutzern, die langlebige Ger\u00e4te w\u00fcnschen.<\/p>\n<\/li>\n<\/ol>\n<\/div>\n<\/div>\n<\/div>\n<\/div>","protected":false},"excerpt":{"rendered":"<p class=\"LC20lb MBeuO DKV0Md\">Waspe Aiviou 3-in-1 60000 Z\u00fcge Einweg-Vape-Kit mit 3 Geschmackswechsel, 54ml (3\u00d718ml) Pods, 0,9\u03a9 Mesh-Spulen, LED-Anzeige und Typ-C aufladbarer 650mAh Akku. F\u00fcr langanhaltenden Gebrauch entwickelt, beliebt bei Gro\u00dfh\u00e4ndlern f\u00fcr Einweg-Vapes und Kunden, die in Deutschland Dampf kaufen, anstatt Zigaretten zu kaufen.<\/p>\n<p><img fetchpriority=\"high\" decoding=\"async\" class=\"size-full wp-image-2932\" src=\"https:\/\/vapestornado.com\/wp-content\/uploads\/2024\/12\/Vape-Wholesale.jpg\" alt=\"Vape-Gro\u00dfhandel\" width=\"229\" height=\"300\" \/><\/p>\n<h3><a href=\"https:\/\/wa.me\/8617776015835\"><span style=\"color: #ff0000;\"><strong>WhatsApp: +86 17776015835<\/strong><\/span><\/a><\/h3>\n<p>&nbsp;<\/p>","protected":false},"featured_media":4011,"comment_status":"open","ping_status":"closed","template":"","meta":{"_acf_changed":false,"_uag_custom_page_level_css":"","_lmt_disableupdate":"no","_lmt_disable":"","_monsterinsights_skip_tracking":false,"_monsterinsights_sitenote_active":false,"_monsterinsights_sitenote_note":"","_monsterinsights_sitenote_category":0,"site-sidebar-layout":"default","site-content-layout":"","ast-site-content-layout":"default","site-content-style":"default","site-sidebar-style":"default","ast-global-header-display":"","ast-banner-title-visibility":"","ast-main-header-display":"","ast-hfb-above-header-display":"","ast-hfb-below-header-display":"","ast-hfb-mobile-header-display":"","site-post-title":"","ast-breadcrumbs-content":"","ast-featured-img":"","footer-sml-layout":"","ast-disable-related-posts":"","theme-transparent-header-meta":"default","adv-header-id-meta":"","stick-header-meta":"","header-above-stick-meta":"","header-main-stick-meta":"","header-below-stick-meta":"","astra-migrate-meta-layouts":"set","ast-page-background-enabled":"default","ast-page-background-meta":{"desktop":{"background-color":"","background-image":"","background-repeat":"repeat","background-position":"center center","background-size":"auto","background-attachment":"scroll","background-type":"","background-media":"","overlay-type":"","overlay-color":"","overlay-opacity":"","overlay-gradient":""},"tablet":{"background-color":"","background-image":"","background-repeat":"repeat","background-position":"center center","background-size":"auto","background-attachment":"scroll","background-type":"","background-media":"","overlay-type":"","overlay-color":"","overlay-opacity":"","overlay-gradient":""},"mobile":{"background-color":"","background-image":"","background-repeat":"repeat","background-position":"center center","background-size":"auto","background-attachment":"scroll","background-type":"","background-media":"","overlay-type":"","overlay-color":"","overlay-opacity":"","overlay-gradient":""}},"ast-content-background-meta":{"desktop":{"background-color":"var(--ast-global-color-5)","background-image":"","background-repeat":"repeat","background-position":"center center","background-size":"auto","background-attachment":"scroll","background-type":"","background-media":"","overlay-type":"","overlay-color":"","overlay-opacity":"","overlay-gradient":""},"tablet":{"background-color":"var(--ast-global-color-5)","background-image":"","background-repeat":"repeat","background-position":"center center","background-size":"auto","background-attachment":"scroll","background-type":"","background-media":"","overlay-type":"","overlay-color":"","overlay-opacity":"","overlay-gradient":""},"mobile":{"background-color":"var(--ast-global-color-5)","background-image":"","background-repeat":"repeat","background-position":"center center","background-size":"auto","background-attachment":"scroll","background-type":"","background-media":"","overlay-type":"","overlay-color":"","overlay-opacity":"","overlay-gradient":""}},"_joinchat":{"telephone":"17776015835"}},"product_brand":[],"product_cat":[156,142,144,61,60],"product_tag":[105,94,301,299,300],"class_list":{"0":"post-4013","1":"product","2":"type-product","3":"status-publish","4":"has-post-thumbnail","6":"product_cat-buy-disposable-vapes-in-poland","7":"product_cat-digital-box-disposable-vapes","8":"product_cat-low-nicotine-disposable-vapes","9":"product_cat-vapme-shisha","10":"product_cat-waspe-fihp-vape","11":"product_tag-digital-disposable-vape","12":"product_tag-rechargeable-disposable-vape","13":"product_tag-vapor-wholesale","14":"product_tag-waspe-60k-puff","15":"product_tag-waspe-aiviou-3-in-1-60000","16":"desktop-align-left","17":"tablet-align-left","18":"mobile-align-left","20":"first","21":"instock","22":"sale","23":"shipping-taxable","24":"purchasable","25":"product-type-simple"},"acf":[],"uagb_featured_image_src":{"full":["https:\/\/vapestornado.com\/wp-content\/uploads\/2025\/03\/Waspe-Aiviou-3-in1-60k-60000-Puffs-Disposable-Vaper.webp",800,800,false],"thumbnail":["https:\/\/vapestornado.com\/wp-content\/uploads\/2025\/03\/Waspe-Aiviou-3-in1-60k-60000-Puffs-Disposable-Vaper-150x150.webp",150,150,true],"medium":["https:\/\/vapestornado.com\/wp-content\/uploads\/2025\/03\/Waspe-Aiviou-3-in1-60k-60000-Puffs-Disposable-Vaper-300x300.webp",300,300,true],"medium_large":["https:\/\/vapestornado.com\/wp-content\/uploads\/2025\/03\/Waspe-Aiviou-3-in1-60k-60000-Puffs-Disposable-Vaper-768x768.webp",768,768,true],"large":["https:\/\/vapestornado.com\/wp-content\/uploads\/2025\/03\/Waspe-Aiviou-3-in1-60k-60000-Puffs-Disposable-Vaper.webp",800,800,false],"1536x1536":["https:\/\/vapestornado.com\/wp-content\/uploads\/2025\/03\/Waspe-Aiviou-3-in1-60k-60000-Puffs-Disposable-Vaper.webp",800,800,false],"2048x2048":["https:\/\/vapestornado.com\/wp-content\/uploads\/2025\/03\/Waspe-Aiviou-3-in1-60k-60000-Puffs-Disposable-Vaper.webp",800,800,false],"trp-custom-language-flag":["https:\/\/vapestornado.com\/wp-content\/uploads\/2025\/03\/Waspe-Aiviou-3-in1-60k-60000-Puffs-Disposable-Vaper.webp",12,12,false],"woocommerce_thumbnail":["https:\/\/vapestornado.com\/wp-content\/uploads\/2025\/03\/Waspe-Aiviou-3-in1-60k-60000-Puffs-Disposable-Vaper-300x300.webp",300,300,true],"woocommerce_single":["https:\/\/vapestornado.com\/wp-content\/uploads\/2025\/03\/Waspe-Aiviou-3-in1-60k-60000-Puffs-Disposable-Vaper-600x600.webp",600,600,true],"woocommerce_gallery_thumbnail":["https:\/\/vapestornado.com\/wp-content\/uploads\/2025\/03\/Waspe-Aiviou-3-in1-60k-60000-Puffs-Disposable-Vaper-100x100.webp",100,100,true]},"uagb_author_info":{"display_name":"ESAMY","author_link":"https:\/\/vapestornado.com\/de\/author\/"},"uagb_comment_info":1,"uagb_excerpt":"Waspe Aiviou 3 in 1 60000 Puffs disposable vape kit with 3 flavour switching, 54ml (3\u00d718ml) pods, 0.9\u03a9 mesh coils, LED display, and Type-C rechargeable 650mAh battery. Built for long use, popular with disposable vape wholesaler buyers and customers who Buy vapor in Poland instead of Buy cigarettes. WhatsApp: +86 17776015835 &nbsp;","_links":{"self":[{"href":"https:\/\/vapestornado.com\/de\/wp-json\/wp\/v2\/product\/4013","targetHints":{"allow":["GET"]}}],"collection":[{"href":"https:\/\/vapestornado.com\/de\/wp-json\/wp\/v2\/product"}],"about":[{"href":"https:\/\/vapestornado.com\/de\/wp-json\/wp\/v2\/types\/product"}],"replies":[{"embeddable":true,"href":"https:\/\/vapestornado.com\/de\/wp-json\/wp\/v2\/comments?post=4013"}],"wp:featuredmedia":[{"embeddable":true,"href":"https:\/\/vapestornado.com\/de\/wp-json\/wp\/v2\/media\/4011"}],"wp:attachment":[{"href":"https:\/\/vapestornado.com\/de\/wp-json\/wp\/v2\/media?parent=4013"}],"wp:term":[{"taxonomy":"product_brand","embeddable":true,"href":"https:\/\/vapestornado.com\/de\/wp-json\/wp\/v2\/product_brand?post=4013"},{"taxonomy":"product_cat","embeddable":true,"href":"https:\/\/vapestornado.com\/de\/wp-json\/wp\/v2\/product_cat?post=4013"},{"taxonomy":"product_tag","embeddable":true,"href":"https:\/\/vapestornado.com\/de\/wp-json\/wp\/v2\/product_tag?post=4013"}],"curies":[{"name":"wp","href":"https:\/\/api.w.org\/{rel}","templated":true}]}}