{"id":3999,"date":"2025-03-25T07:33:36","date_gmt":"2025-03-25T07:33:36","guid":{"rendered":"https:\/\/vapestornado.com\/?post_type=product&#038;p=3999"},"modified":"2025-12-11T07:26:08","modified_gmt":"2025-12-11T07:26:08","slug":"wholesale-bang-beach-38000-puff-38k-vape-disposable-vaporizer-e-cig-at-cheap-prices","status":"publish","type":"product","link":"https:\/\/vapestornado.com\/de\/product\/wholesale-bang-beach-38000-puff-38k-vape-disposable-vaporizer-e-cig-at-cheap-prices\/","title":{"rendered":"Gro\u00dfhandel Bang Beach 38000 Puffs 38k Vape Einweg-Vaporizer E-Zigarette zu g\u00fcnstigen Preisen"},"content":{"rendered":"<h1 data-pm-slice=\"1 1 []\">Gro\u00dfhandel Bang Beach 38000 Puffs 38k Vape Einweg-Vaporizer E-Zigarette zu g\u00fcnstigen Preisen<\/h1>\n<p><strong data-start=\"94\" data-end=\"114\">Bang Strand 38000<\/strong> ist eine Hochkapazit\u00e4ts-Einweg-E-Zigarette, die f\u00fcr Dampfer entwickelt wurde, die lange Laufzeit, klare Informationen zum Ger\u00e4t und starken Geschmack von Anfang bis Ende w\u00fcnschen. Mit <strong data-start=\"277\" data-end=\"299\">bis zu 38.000 Z\u00fcgen<\/strong>, einem <strong data-start=\"303\" data-end=\"325\">38 ml E-Liquid-Tank<\/strong>, und einem <strong data-start=\"334\" data-end=\"372\">850mAh Typ-C wiederaufladbarer Akku<\/strong>, ist sie daf\u00fcr ausgelegt, lange ohne st\u00e4ndige Austausch zu laufen. Ein <strong data-start=\"447\" data-end=\"470\">Dual-Screen-Display<\/strong> zeigt Batteriestand und \u00d6lst\u00e4nde an, w\u00e4hrend das <strong data-start=\"511\" data-end=\"538\">Fingerabdruck-Sperrbildschirm<\/strong> eine Sicherheitsschicht f\u00fcr Taschen, Taschen und Reisen hinzuf\u00fcgt.<\/p>\n<h3 data-start=\"825\" data-end=\"880\">Warum Bang Beach 38000 Z\u00fcge w\u00e4hlen<\/h3>\n<ul data-start=\"882\" data-end=\"2354\">\n<li data-start=\"882\" data-end=\"1213\">\n<p data-start=\"884\" data-end=\"1213\"><strong data-start=\"884\" data-end=\"935\">Echte Kapazit\u00e4t, die deine w\u00f6chentliche Routine ver\u00e4ndert.<\/strong> Der <strong data-start=\"940\" data-end=\"969\">Bang Beach 38000 Z\u00fcge Bar<\/strong> kombiniert eine <strong data-start=\"981\" data-end=\"1000\">38K Z\u00fcge Bewertung<\/strong> mit einem vollen <strong data-start=\"1013\" data-end=\"1032\">38ml E-Liquid<\/strong>, sodass regelm\u00e4\u00dfige Nutzer in Deutschland, Spanien oder Polen <strong data-start=\"1086\" data-end=\"1119\">Wochen vor dem Austausch der Ger\u00e4te auskommen k\u00f6nnen<\/strong>. Das bedeutet weniger Notk\u00e4ufe und deutlich niedrigere \"pro Tag\"-Kosten als bei den meisten kleinen Einwegprodukten.<\/p>\n<\/li>\n<li data-start=\"1215\" data-end=\"1490\">\n<p data-start=\"1217\" data-end=\"1490\"><strong data-start=\"1217\" data-end=\"1262\">Mesh-Spule Geschmack, der nicht flach wird.<\/strong> Angetrieben von fortschrittlichen <strong data-start=\"1283\" data-end=\"1307\">Mesh-Coil-Technologie<\/strong>, dies <strong data-start=\"1314\" data-end=\"1344\">Bang Beach 38K E-Zigarette<\/strong> liefert sanfteren Dampf, st\u00e4rkeren Geschmack und konsistentere Zugverhalten, anstatt des scharfen, trockenen Geschmacks, den man bei verbrannten Basisspulen bekommt.<\/p>\n<\/li>\n<li data-start=\"1492\" data-end=\"1773\">\n<p data-start=\"1494\" data-end=\"1773\"><strong data-start=\"1494\" data-end=\"1537\">Type-C-Aufladung, um verschwendete Fl\u00fcssigkeit zu vermeiden.<\/strong> Der <strong data-start=\"1542\" data-end=\"1589\">850mAh Type-C wiederaufladbar Bang Beach 38000<\/strong> ist daf\u00fcr gebaut, mehrfach aufgeladen zu werden. Wenn die Batterie schw\u00e4chelt, stecken Sie sie f\u00fcr eine schnelle Aufladung an und machen weiter, bis der Tank tats\u00e4chlich leer ist, anstatt halb verwendete Fl\u00fcssigkeit wegzuwerfen.<\/p>\n<\/li>\n<li data-start=\"1775\" data-end=\"2092\">\n<p data-start=\"1777\" data-end=\"2092\"><strong data-start=\"1777\" data-end=\"1841\">Doppelbildschirmanzeige und Fingerabdrucksperre f\u00fcr den Einsatz in der realen Welt.<\/strong> Der <strong data-start=\"1846\" data-end=\"1890\">Dual-Screen-Pod-Ger\u00e4t<\/strong> zeigt E-Liquid und Batterie in Echtzeit an, und die Fingerabdrucksperre hilft, versehentliche Aktivierungen in Ihrer Tasche oder Ihrem Rucksack zu verhindern \u2014 n\u00fctzlich bei Pendelverkehr, Ausgehen oder Reisen durch Deutschland und die Niederlande.<\/p>\n<\/li>\n<li data-start=\"2094\" data-end=\"2354\">\n<p data-start=\"2096\" data-end=\"2354\"><strong data-start=\"2096\" data-end=\"2153\">Gro\u00dfhandelsfreundlich f\u00fcr jeden Dampferladen oder H\u00e4ndler.<\/strong> Mit <strong data-start=\"2159\" data-end=\"2190\">Zigaretten-Gro\u00dfhandelspreise<\/strong> und starke Nachfrage im <strong data-start=\"2216\" data-end=\"2230\">Dampferladen<\/strong> Kanal, Bang Beach 38000 funktioniert sowohl f\u00fcr Endverbraucher als auch f\u00fcr Gro\u00dfabnehmer, die ein langlebiges Ger\u00e4t wollen, das sich tats\u00e4chlich verkauft.<\/p>\n<\/li>\n<\/ul>\n<p data-start=\"666\" data-end=\"1235\"><strong style=\"font-size: 16px;\"><span style=\"color: #ff0000;\">macht.<\/span><\/strong><\/p>\n<p><img fetchpriority=\"high\" decoding=\"async\" class=\"size-full wp-image-2932\" src=\"https:\/\/vapestornado.com\/wp-content\/uploads\/2024\/12\/Vape-Wholesale.jpg\" alt=\"Vape-Gro\u00dfhandel\" width=\"229\" height=\"300\" \/><\/p>\n<h3><a href=\"https:\/\/wa.me\/8617776015835\" target=\"_blank\" rel=\"noopener\"><span style=\"color: #ff0000;\"><strong>WhatsApp: +86 17776015835<\/strong><\/span><\/a><\/h3>\n<p>&nbsp;<\/p>\n<h2><strong>Hauptmerkmale des Bang Beach 38000 Puff\u00a0Bar Produkts<\/strong><\/h2>\n<table>\n<thead>\n<tr>\n<th>Eigenschaft<\/th>\n<th>Spezifikation<\/th>\n<th>Details<\/th>\n<\/tr>\n<\/thead>\n<tbody>\n<tr>\n<td>Marke<\/td>\n<td>Bang Beach<\/td>\n<td>Hochkapazitive Einweglinie f\u00fcr den EU-Markt<\/td>\n<\/tr>\n<tr>\n<td>Modell<\/td>\n<td>Bang Beach 38000 Puff Bar<\/td>\n<td>38K Puffs wiederaufladbare E-Zigarette<\/td>\n<\/tr>\n<tr>\n<td>Zugkapazit\u00e4t<\/td>\n<td>Bis zu 38.000 Z\u00fcge<\/td>\n<td>Entwickelt f\u00fcr mehrw\u00f6chigen t\u00e4glichen Gebrauch<\/td>\n<\/tr>\n<tr>\n<td>E-Liquid-Volumen<\/td>\n<td>38 ml E-Juice<\/td>\n<td>Gro\u00dfer Tank, passend zur hohen Zugzahl<\/td>\n<\/tr>\n<tr>\n<td>Nikotingehalt<\/td>\n<td>0% \/ 2% \/ 3% \/ 5%<\/td>\n<td>Passt nur Geschmackspr\u00e4ferenzen, moderate und st\u00e4rkere Vorlieben<\/td>\n<\/tr>\n<tr>\n<td>Batterie<\/td>\n<td>850mAh wiederaufladbar<\/td>\n<td>Unterst\u00fctzt wiederholte Aufladungen w\u00e4hrend der Ger\u00e4telebensdauer<\/td>\n<\/tr>\n<tr>\n<td>Aufladen<\/td>\n<td>\u00fcber USB-C wiederaufladbar<\/td>\n<td>Schnellladung mit standardm\u00e4\u00dfigen modernen Kabeln<\/td>\n<\/tr>\n<tr>\n<td>Spulentyp<\/td>\n<td>Mesh-Coil<\/td>\n<td>Sanfter Dampf und stabile Geschmacks\u00fcbertragung<\/td>\n<\/tr>\n<tr>\n<td>Anzeige<\/td>\n<td>Doppelbildschirm (\u00d6l + Akku)<\/td>\n<td>Echtzeit-Status zu E-Liquid und Akku<\/td>\n<\/tr>\n<tr>\n<td>Sicherheit<\/td>\n<td>Fingerabdruck-Sperrbildschirm<\/td>\n<td>Reduziert unbeabsichtigtes Z\u00fcnden und erh\u00f6ht die Privatsph\u00e4re<\/td>\n<\/tr>\n<tr>\n<td>Positionierung<\/td>\n<td>Gro\u00dfhandel &amp; Einzelhandel<\/td>\n<td>Optimiert f\u00fcr Zigaretten-Gro\u00dfhandelspreise und Vapor-Shop-Verk\u00e4ufe<\/td>\n<\/tr>\n<\/tbody>\n<\/table>\n<h2 class=\"product-title\"><strong>Bang Beach 38000 Z\u00fcge \u2013 Liste der beliebtesten Geschmacksrichtungen<\/strong><\/h2>\n<article class=\"w-full text-token-text-primary focus-visible:outline-2 focus-visible:outline-offset-[-4px]\" dir=\"auto\" data-testid=\"conversation-turn-32\" data-scroll-anchor=\"false\">\n<div class=\"m-auto text-base py-[18px] px-6\">\n<div class=\"mx-auto flex flex-1 text-base gap-4 md:gap-5 lg:gap-6 md:max-w-3xl lg:max-w-[40rem] xl:max-w-[48rem]\">\n<div class=\"group\/conversation-turn relative flex w-full min-w-0 flex-col @xs\/thread:px-0 @sm\/thread:px-1.5 @md\/thread:px-4\">\n<div class=\"flex-col gap-1 md:gap-3\">\n<div class=\"flex max-w-full flex-col flex-grow\">\n<div class=\"min-h-8 text-message flex w-full flex-col items-end gap-2 whitespace-normal break-words text-start [.text-message+&amp;]:mt-5\" dir=\"auto\" data-message-author-role=\"user\" data-message-id=\"ffac41ca-1db4-431b-873a-32c4052956f1\">\n<div class=\"flex w-full flex-col gap-1 empty:hidden items-end rtl:items-start\">\n<div class=\"relative max-w-[var(--user-chat-width,70%)] rounded-3xl bg-token-message-surface px-5 py-2.5\">\n<div class=\"absolute bottom-0 right-full top-0 -mr-3.5 hidden pr-5 pt-2 [.group\/conversation-turn:hover_&amp;]:flex\">\n<div class=\"flex\">\n<article class=\"w-full text-token-text-primary focus-visible:outline-2 focus-visible:outline-offset-[-4px]\" dir=\"auto\" data-testid=\"conversation-turn-39\" data-scroll-anchor=\"true\">\n<div class=\"m-auto text-base py-[18px] px-6\">\n<div class=\"mx-auto flex flex-1 text-base gap-4 md:gap-5 lg:gap-6 md:max-w-3xl lg:max-w-[40rem] xl:max-w-[48rem]\">\n<div class=\"group\/conversation-turn relative flex w-full min-w-0 flex-col agent-turn @xs\/thread:px-0 @sm\/thread:px-1.5 @md\/thread:px-4\">\n<div class=\"flex-col gap-1 md:gap-3\">\n<div class=\"flex max-w-full flex-col flex-grow\">\n<div class=\"min-h-8 text-message flex w-full flex-col items-end gap-2 whitespace-normal break-words text-start [.text-message+&amp;]:mt-5\" dir=\"auto\" data-message-author-role=\"assistant\" data-message-id=\"55a23854-ec57-48dd-bd4f-6118f43d6241\" data-message-model-slug=\"gpt-4o\">\n<div class=\"flex w-full flex-col gap-1 empty:hidden first:pt-[3px]\">\n<div class=\"markdown prose w-full break-words dark:prose-invert light\">\n<p>1. Triple Berry Ice<br \/>\n2. Pinke Limonade<br \/>\n3. Blaubeer-Himbeere<br \/>\n4. Gemischte Beere<br \/>\n5. Erdbeer-Wassermelone<br \/>\n6. Erdbeer-Eis<br \/>\n7. Traube Eis<br \/>\n8. Pfirsich-Mango<br \/>\n9. Blaue Himbeer-Eis<br \/>\n10. Kirschbombe<br \/>\n11. Wassermelonen-Eis<br \/>\n12. Pfirsich Eis<\/p>\n<figure id=\"attachment_4000\" aria-describedby=\"caption-attachment-4000\" style=\"width: 596px\" class=\"wp-caption alignnone\"><img decoding=\"async\" class=\"wp-image-4000 size-full\" src=\"https:\/\/vapestornado.com\/wp-content\/uploads\/2025\/03\/Wholesale-Bang-38000-Puffs.png\" alt=\"Gro\u00dfhandel Bang 38000 Z\u00fcge\" width=\"596\" height=\"596\" srcset=\"https:\/\/vapestornado.com\/wp-content\/uploads\/2025\/03\/Wholesale-Bang-38000-Puffs.png 596w, https:\/\/vapestornado.com\/wp-content\/uploads\/2025\/03\/Wholesale-Bang-38000-Puffs-300x300.png 300w, https:\/\/vapestornado.com\/wp-content\/uploads\/2025\/03\/Wholesale-Bang-38000-Puffs-150x150.png 150w, https:\/\/vapestornado.com\/wp-content\/uploads\/2025\/03\/Wholesale-Bang-38000-Puffs-100x100.png 100w\" sizes=\"(max-width: 596px) 100vw, 596px\" \/><figcaption id=\"caption-attachment-4000\" class=\"wp-caption-text\">Gro\u00dfhandel Bang 38000 Z\u00fcge<\/figcaption><\/figure>\n<\/div>\n<\/div>\n<\/div>\n<\/div>\n<\/div>\n<\/div>\n<\/div>\n<\/div>\n<\/article>\n<\/div>\n<\/div>\n<\/div>\n<\/div>\n<\/div>\n<\/div>\n<\/div>\n<\/div>\n<\/div>\n<\/div>\n<\/article>\n<h2>Warum Vapestornado f\u00fcr Bang Beach 38000 Puff Kauf w\u00e4hlen?<\/h2>\n<div class=\"flex-shrink-0 flex flex-col relative items-end\">\n<div class=\"pt-0\">\n<div class=\"gizmo-bot-avatar flex h-8 w-8 items-center justify-center overflow-hidden rounded-full\">\n<div class=\"relative p-1 rounded-sm flex items-center justify-center bg-token-main-surface-primary text-token-text-primary h-8 w-8\">\n<p data-start=\"88\" data-end=\"557\">Wenn es um den Kauf von <strong data-start=\"105\" data-end=\"154\">\u00a0hochwertigen Einweg-Vapes geht<\/strong>, <strong data-start=\"156\" data-end=\"172\">Vapestornado<\/strong> ist die erste Adresse f\u00fcr unschlagbare <strong data-start=\"208\" data-end=\"271\">Fabrikpreise, schnellen Versand und erstklassigen Kundenservice<\/strong>. Der Kauf des Bang Beach 38000 Puff von Vapestornado bedeutet, dass Sie <strong data-start=\"363\" data-end=\"400\">authentische, 100% Originalprodukte<\/strong> mit dem neuesten<strong data-start=\"417\" data-end=\"515\"> Bildschirmanzeige, wiederaufladbarer Typ-C-Komfort und 38000 Zug Kapazit\u00e4t erhalten<\/strong>\u2014alles zum besten<strong data-start=\"527\" data-end=\"554\">\u00a0Gro\u00dfhandelspreis<\/strong>.<\/p>\n<p data-start=\"559\" data-end=\"933\" data-is-last-node=\"\" data-is-only-node=\"\">Wir haben auch einige andere beliebte Vapes mit Bildschirm wie <a href=\"https:\/\/vapestornado.com\/de\/product\/mesii-couple-50k-disposable-shisha-hookah-50000-puffs-vape-with-digital-display\/\">Mesii Paar 50000<\/a>, <a href=\"https:\/\/vapestornado.com\/de\/product\/vopk-ultra-40000-puffs-2-in-1-digital-screen-rechargeable-disposable-vape\/\">VOPK 40000 Puff Einweg-Vape<\/a>, <a href=\"https:\/\/vapestornado.com\/de\/product\/bang-beach-22000-20k-puff-disposable-vape-pen-with-screen-reddit-hot\/\">Bang Strand 22000<\/a>, und mehr.<\/p>\n<\/div>\n<div class=\"relative p-1 rounded-sm flex items-center justify-center bg-token-main-surface-primary text-token-text-primary h-8 w-8\">\n<h2>FAQS \u00dcber Bang 38000<\/h2>\n<p data-start=\"3372\" data-end=\"3465\">1. Wie lange h\u00e4lt die Bang Beach 38000 Z\u00fcge E-Zigarette bei t\u00e4glichen Nutzern gew\u00f6hnlich?<\/p>\n<p data-start=\"3466\" data-end=\"3738\">Der <strong data-start=\"3470\" data-end=\"3507\">Bang Beach 38000 Z\u00fcge E-Zigarette<\/strong> paart ein <strong data-start=\"3516\" data-end=\"3529\">38 ml Tank<\/strong> mit bis zu <strong data-start=\"3541\" data-end=\"3557\">38.000 Z\u00fcgen<\/strong>, sodass viele t\u00e4gliche Nutzer <strong data-start=\"3590\" data-end=\"3625\">mehrere Wochen Nutzung pro Ger\u00e4t erhalten k\u00f6nnen<\/strong>. Die tats\u00e4chliche Zeit h\u00e4ngt von Ihrer Zugfrequenz und Zugl\u00e4nge ab, aber sie \u00fcbertrifft deutlich typische 5K\u201310K Einwegprodukte.<\/p>\n<p data-start=\"3745\" data-end=\"3859\">2. Was \u00e4ndert der Mesh-Coil im Bang Beach 38000 Hochkapazit\u00e4ts-Vape hinsichtlich Geschmack und Dampf?<\/p>\n<p data-start=\"3860\" data-end=\"4084\">Der <strong data-start=\"3864\" data-end=\"3906\">Bang Beach 38000 Mesh-Coil E-Zigarette<\/strong> verteilt die Hitze gleichm\u00e4\u00dfig durch die Docht, was den Dampf dicht und den Geschmack konstant h\u00e4lt. Dieses Design hilft, harte, verbrannte Geschmacksrichtungen zu vermeiden, insbesondere gegen Ende der Fl\u00fcssigkeit.<\/p>\n<p data-start=\"4091\" data-end=\"4184\">3. Wie hilft das Dual-Screen-Display beim Bang Beach 38000 Puff Bar im t\u00e4glichen Gebrauch?<\/p>\n<p data-start=\"4185\" data-end=\"4462\">Der <strong data-start=\"4189\" data-end=\"4230\">Dual-Screen Bang Beach 38000 Puff Bar<\/strong> zeigt den E-Liquid-Stand und den Batteriestatus separat an, sodass Sie immer wissen, ob Sie aufladen m\u00fcssen oder ob der Tank fast leer ist. Es nimmt das R\u00e4tselraten weg, was wichtig ist, wenn Sie ein Ger\u00e4t w\u00e4hrend der Arbeitstage oder auf Reisen verwenden.<\/p>\n<p data-start=\"4469\" data-end=\"4582\">4. Ist der Bang Beach 38000 f\u00fcr K\u00e4ufer geeignet, die Vapor-Shop-Ger\u00e4te zu Gro\u00dfhandelspreisen vergleichen?<\/p>\n<p data-start=\"4583\" data-end=\"4884\">Ja. F\u00fcr <strong data-start=\"4592\" data-end=\"4606\">Dampferladen<\/strong> Besitzer und H\u00e4ndler bietet der <strong data-start=\"4636\" data-end=\"4678\">Bang Beach 38000 Gro\u00dfhandels-E-Zigarette<\/strong> hohe Puff-Anzahl, fortschrittliche Funktionen (Bildschirme + Fingerabdrucksperre) und wettbewerbsf\u00e4hige <strong data-start=\"4767\" data-end=\"4798\">Zigaretten-Gro\u00dfhandelspreise<\/strong>, die zusammen ein starkes Wertangebot im Vergleich zu anderen langlebigen Einwegprodukten schaffen.<\/p>\n<p data-start=\"4891\" data-end=\"5003\">5. Beeintr\u00e4chtigt die Fingerabdrucksperre beim Bang Beach 38000 Puff E-Zigarette die Leistung oder nur die Sicherheit?<\/p>\n<p data-start=\"5004\" data-end=\"5262\">Der <strong data-start=\"5008\" data-end=\"5052\">Bang Beach 38000 Fingerabdrucksperrsystem<\/strong> ist ausschlie\u00dflich auf Sicherheit und Komfort ausgelegt. Es hilft, unbeabsichtigtes Ausl\u00f6sen und unbefugte Nutzung zu verhindern, aber sobald es entsperrt ist, bleibt die Leistung unver\u00e4ndert \u2014 Sie erhalten weiterhin die volle Leistung der Mesh-Coil und des 850mAh-Akkus.<\/p>\n<\/div>\n<\/div>\n<\/div>\n<\/div>","protected":false},"excerpt":{"rendered":"<p class=\"LC20lb MBeuO DKV0Md\">Bang Beach 38000 Z\u00fcge Einweg-E-Zigarette mit 38ml E-Liquid, Mesh-Spule, 850mAh Typ-C wiederaufladbarer Akku, Dual-Display und Fingerabdrucksperre. Hochkapazitiver 38K Vape-Stick, der f\u00fcr langes Gebrauch, den Verkauf im Vape-Shop und wettbewerbsf\u00e4hige Gro\u00dfhandelspreise f\u00fcr Zigaretten in ganz Deutschland entwickelt wurde.<\/p>\n<p><strong>F\u00fcgen Sie Amys WhatsApp hinzu, um eine korrekte Antwort und einen Rabattpreis zu erhalten!<\/strong><\/p>\n<p><img fetchpriority=\"high\" decoding=\"async\" class=\"size-full wp-image-2932\" src=\"https:\/\/vapestornado.com\/wp-content\/uploads\/2024\/12\/Vape-Wholesale.jpg\" alt=\"Vape-Gro\u00dfhandel\" width=\"229\" height=\"300\" \/><\/p>\n<h3><a href=\"https:\/\/wa.me\/8617776015835\"><span style=\"color: #ff0000;\"><strong>WhatsApp: +86 17776015835<\/strong><\/span><\/a><\/h3>\n<p>&nbsp;<\/p>","protected":false},"featured_media":3998,"comment_status":"open","ping_status":"closed","template":"","meta":{"_acf_changed":false,"_uag_custom_page_level_css":"","_lmt_disableupdate":"no","_lmt_disable":"","_monsterinsights_skip_tracking":false,"_monsterinsights_sitenote_active":false,"_monsterinsights_sitenote_note":"","_monsterinsights_sitenote_category":0,"site-sidebar-layout":"default","site-content-layout":"","ast-site-content-layout":"default","site-content-style":"default","site-sidebar-style":"default","ast-global-header-display":"","ast-banner-title-visibility":"","ast-main-header-display":"","ast-hfb-above-header-display":"","ast-hfb-below-header-display":"","ast-hfb-mobile-header-display":"","site-post-title":"","ast-breadcrumbs-content":"","ast-featured-img":"","footer-sml-layout":"","ast-disable-related-posts":"","theme-transparent-header-meta":"default","adv-header-id-meta":"","stick-header-meta":"","header-above-stick-meta":"","header-main-stick-meta":"","header-below-stick-meta":"","astra-migrate-meta-layouts":"set","ast-page-background-enabled":"default","ast-page-background-meta":{"desktop":{"background-color":"","background-image":"","background-repeat":"repeat","background-position":"center center","background-size":"auto","background-attachment":"scroll","background-type":"","background-media":"","overlay-type":"","overlay-color":"","overlay-opacity":"","overlay-gradient":""},"tablet":{"background-color":"","background-image":"","background-repeat":"repeat","background-position":"center center","background-size":"auto","background-attachment":"scroll","background-type":"","background-media":"","overlay-type":"","overlay-color":"","overlay-opacity":"","overlay-gradient":""},"mobile":{"background-color":"","background-image":"","background-repeat":"repeat","background-position":"center center","background-size":"auto","background-attachment":"scroll","background-type":"","background-media":"","overlay-type":"","overlay-color":"","overlay-opacity":"","overlay-gradient":""}},"ast-content-background-meta":{"desktop":{"background-color":"var(--ast-global-color-5)","background-image":"","background-repeat":"repeat","background-position":"center center","background-size":"auto","background-attachment":"scroll","background-type":"","background-media":"","overlay-type":"","overlay-color":"","overlay-opacity":"","overlay-gradient":""},"tablet":{"background-color":"var(--ast-global-color-5)","background-image":"","background-repeat":"repeat","background-position":"center center","background-size":"auto","background-attachment":"scroll","background-type":"","background-media":"","overlay-type":"","overlay-color":"","overlay-opacity":"","overlay-gradient":""},"mobile":{"background-color":"var(--ast-global-color-5)","background-image":"","background-repeat":"repeat","background-position":"center center","background-size":"auto","background-attachment":"scroll","background-type":"","background-media":"","overlay-type":"","overlay-color":"","overlay-opacity":"","overlay-gradient":""}},"_joinchat":{"telephone":"17776015835"}},"product_brand":[],"product_cat":[62,153,158,142],"product_tag":[295,297,296,491,269],"class_list":{"0":"post-3999","1":"product","2":"type-product","3":"status-publish","4":"has-post-thumbnail","6":"product_cat-bang-vape","7":"product_cat-buy-disposable-vapes-in-italy","8":"product_cat-buy-disposable-vapes-in-spain","9":"product_cat-digital-box-disposable-vapes","10":"product_tag-bang-beach-38000","11":"product_tag-fingerprint-vape","12":"product_tag-puff-bar","13":"product_tag-vape-with-digital-dispaly","14":"product_tag-vape-with-screen","15":"desktop-align-left","16":"tablet-align-left","17":"mobile-align-left","19":"first","20":"instock","21":"sale","22":"shipping-taxable","23":"purchasable","24":"product-type-simple"},"acf":[],"uagb_featured_image_src":{"full":["https:\/\/vapestornado.com\/wp-content\/uploads\/2025\/03\/Wholesale-Bang-Vape-at-Cheap-Prices.webp",800,800,false],"thumbnail":["https:\/\/vapestornado.com\/wp-content\/uploads\/2025\/03\/Wholesale-Bang-Vape-at-Cheap-Prices-150x150.webp",150,150,true],"medium":["https:\/\/vapestornado.com\/wp-content\/uploads\/2025\/03\/Wholesale-Bang-Vape-at-Cheap-Prices-300x300.webp",300,300,true],"medium_large":["https:\/\/vapestornado.com\/wp-content\/uploads\/2025\/03\/Wholesale-Bang-Vape-at-Cheap-Prices-768x768.webp",768,768,true],"large":["https:\/\/vapestornado.com\/wp-content\/uploads\/2025\/03\/Wholesale-Bang-Vape-at-Cheap-Prices.webp",800,800,false],"1536x1536":["https:\/\/vapestornado.com\/wp-content\/uploads\/2025\/03\/Wholesale-Bang-Vape-at-Cheap-Prices.webp",800,800,false],"2048x2048":["https:\/\/vapestornado.com\/wp-content\/uploads\/2025\/03\/Wholesale-Bang-Vape-at-Cheap-Prices.webp",800,800,false],"trp-custom-language-flag":["https:\/\/vapestornado.com\/wp-content\/uploads\/2025\/03\/Wholesale-Bang-Vape-at-Cheap-Prices.webp",12,12,false],"woocommerce_thumbnail":["https:\/\/vapestornado.com\/wp-content\/uploads\/2025\/03\/Wholesale-Bang-Vape-at-Cheap-Prices-300x300.webp",300,300,true],"woocommerce_single":["https:\/\/vapestornado.com\/wp-content\/uploads\/2025\/03\/Wholesale-Bang-Vape-at-Cheap-Prices-600x600.webp",600,600,true],"woocommerce_gallery_thumbnail":["https:\/\/vapestornado.com\/wp-content\/uploads\/2025\/03\/Wholesale-Bang-Vape-at-Cheap-Prices-100x100.webp",100,100,true]},"uagb_author_info":{"display_name":"ESAMY","author_link":"https:\/\/vapestornado.com\/de\/author\/"},"uagb_comment_info":1,"uagb_excerpt":"Bang Beach 38000 Puff disposable E-cigarette with 38ml e-juice, mesh coil, 850mAh Type-C rechargeable battery, dual-screen display and fingerprint lock. High-capacity 38K vape bar designed for long use, vapor shop sales, and competitive Cigarette wholesaler prices across Europe. Add Amy's whatsapp to get right reply and discount price! WhatsApp: +86 17776015835 &nbsp;","_links":{"self":[{"href":"https:\/\/vapestornado.com\/de\/wp-json\/wp\/v2\/product\/3999","targetHints":{"allow":["GET"]}}],"collection":[{"href":"https:\/\/vapestornado.com\/de\/wp-json\/wp\/v2\/product"}],"about":[{"href":"https:\/\/vapestornado.com\/de\/wp-json\/wp\/v2\/types\/product"}],"replies":[{"embeddable":true,"href":"https:\/\/vapestornado.com\/de\/wp-json\/wp\/v2\/comments?post=3999"}],"wp:featuredmedia":[{"embeddable":true,"href":"https:\/\/vapestornado.com\/de\/wp-json\/wp\/v2\/media\/3998"}],"wp:attachment":[{"href":"https:\/\/vapestornado.com\/de\/wp-json\/wp\/v2\/media?parent=3999"}],"wp:term":[{"taxonomy":"product_brand","embeddable":true,"href":"https:\/\/vapestornado.com\/de\/wp-json\/wp\/v2\/product_brand?post=3999"},{"taxonomy":"product_cat","embeddable":true,"href":"https:\/\/vapestornado.com\/de\/wp-json\/wp\/v2\/product_cat?post=3999"},{"taxonomy":"product_tag","embeddable":true,"href":"https:\/\/vapestornado.com\/de\/wp-json\/wp\/v2\/product_tag?post=3999"}],"curies":[{"name":"wp","href":"https:\/\/api.w.org\/{rel}","templated":true}]}}