{"id":3974,"date":"2025-03-24T07:31:30","date_gmt":"2025-03-24T07:31:30","guid":{"rendered":"https:\/\/vapestornado.com\/?post_type=product&#038;p=3974"},"modified":"2025-08-23T10:38:02","modified_gmt":"2025-08-23T10:38:02","slug":"vopk-shisha-hookah-20000-puffs-disposable-vapes-bar-best-flavor-wholesale","status":"publish","type":"product","link":"https:\/\/vapestornado.com\/de\/product\/vopk-shisha-hookah-20000-puffs-disposable-vapes-bar-best-flavor-wholesale\/","title":{"rendered":"Vopk Shisha Hookah 20000 Z\u00fcge Einweg-Vapes Bar Bester Geschmack Gro\u00dfhandel"},"content":{"rendered":"<h1 data-pm-slice=\"1 1 []\">Vopk Shisha Hookah 20000 Z\u00fcge Einweg-Vapes Bar Bester Geschmack Gro\u00dfhandel<\/h1>\n<p data-start=\"272\" data-end=\"577\">Der <strong data-start=\"276\" data-end=\"319\">Vopk Shisha Hookah 20000 Z\u00fcge Vape Bar<\/strong> ist f\u00fcr Gro\u00dfh\u00e4ndler und Einzelh\u00e4ndler konzipiert, die ein Ger\u00e4t mit hoher Kapazit\u00e4t suchen, das Shisha- und Wasserpfeifen-Enthusiasten anspricht. Liefert bis zu <strong data-start=\"467\" data-end=\"483\">20.000 Z\u00fcge<\/strong> aus einem <strong data-start=\"491\" data-end=\"513\">28 ml E-Liquid-Tank<\/strong>und bietet eine lange Nutzungsdauer und ein ausgezeichnetes Wiederverkaufspotenzial.<\/p>\n<p data-start=\"579\" data-end=\"910\">Gebaut mit einem <strong data-start=\"592\" data-end=\"610\">0.6\u03a9 Mesh-Coil<\/strong>erzeugt das Ger\u00e4t dichten Dampf und einen verbesserten Geschmack, wodurch es ideal f\u00fcr <strong data-start=\"685\" data-end=\"706\">DTL-Dampfstile<\/strong>. Der <strong data-start=\"712\" data-end=\"738\">Digitalanzeige<\/strong> h\u00e4lt Benutzer \u00fcber die Akkulaufzeit und den E-Liquid-Stand auf dem Laufenden, w\u00e4hrend der <strong data-start=\"811\" data-end=\"842\">850mAh wiederaufladbare Batterie<\/strong> mit <strong data-start=\"848\" data-end=\"867\">Typ-C-Laden<\/strong> den ganzen Tag \u00fcber eine konstante Leistung gew\u00e4hrleistet.<\/p>\n<p data-start=\"912\" data-end=\"1205\">Der <strong data-start=\"916\" data-end=\"953\">Zweifarbiges, von Shisha inspiriertes Design<\/strong> verleiht dem Vopk 20K einen einzigartigen Look, der in Gesch\u00e4ften auff\u00e4llt, w\u00e4hrend eine gro\u00dfe Auswahl an Geschmacksrichtungen \u2013 von fruchtig bis eisig \u2013 f\u00fcr jeden Kunden etwas garantiert. Kompakt und leicht zu transportieren, ist es eine vielseitige Wahl f\u00fcr den t\u00e4glichen Gebrauch oder den Gro\u00dfhandel.<\/p>\n<p data-start=\"1207\" data-end=\"1393\">F\u00fcr deutsche H\u00e4ndler ist der <strong data-start=\"1238\" data-end=\"1271\">Vopk Shisha Wasserpfeife 20000 Vape<\/strong> kombiniert Haltbarkeit, Leistung und <strong data-start=\"1310\" data-end=\"1343\">wettbewerbsf\u00e4hige Gro\u00dfhandelspreise<\/strong>und ist somit eine profitable Option f\u00fcr Gro\u00dfbestellungen.<\/p>\n<p data-start=\"666\" data-end=\"1235\"><strong style=\"font-size: 16px;\"><span style=\"color: #ff0000;\">macht.<\/span><\/strong><\/p>\n<p><img fetchpriority=\"high\" decoding=\"async\" class=\"size-full wp-image-2932\" src=\"https:\/\/vapestornado.com\/wp-content\/uploads\/2024\/12\/Vape-Wholesale.jpg\" alt=\"Vape-Gro\u00dfhandel\" width=\"229\" height=\"300\" \/><\/p>\n<h3><a href=\"https:\/\/wa.me\/8617776015835\" target=\"_blank\" rel=\"noopener\"><span style=\"color: #ff0000;\"><strong>WhatsApp: +86 17776015835<\/strong><\/span><\/a><\/h3>\n<p>&nbsp;<\/p>\n<h2><strong>Vopk Shisha Hookah 20000 Vape Bar Hauptmerkmale<\/strong><\/h2>\n<p>Marke: VOPK BAR<br \/>\nZ\u00fcge: 20000 Z\u00fcge<br \/>\nGeeignet f\u00fcr: Alle &gt;18<br \/>\nKapazit\u00e4t: 28ml<br \/>\nZ\u00fcge: 20000 Z\u00fcge<br \/>\nBatterie: 850mAh<br \/>\nNikotin: 0 %\/2 %\/3 %\/5 % Nikotinsalz<br \/>\nWiderstand: 1,0 Ohm Mesh Coil<br \/>\nDigitalanzeige f\u00fcr Liquid und Akku<br \/>\nVerpackung: Individuelle Verpackungsbox<\/p>\n<h2 class=\"product-title\"><strong>Vopk Shisha Hookah 20000 Einweg Pen Geschmacksliste<\/strong><\/h2>\n<article class=\"w-full text-token-text-primary focus-visible:outline-2 focus-visible:outline-offset-[-4px]\" dir=\"auto\" data-testid=\"conversation-turn-32\" data-scroll-anchor=\"false\">\n<div class=\"m-auto text-base py-[18px] px-6\">\n<div class=\"mx-auto flex flex-1 text-base gap-4 md:gap-5 lg:gap-6 md:max-w-3xl lg:max-w-[40rem] xl:max-w-[48rem]\">\n<div class=\"group\/conversation-turn relative flex w-full min-w-0 flex-col @xs\/thread:px-0 @sm\/thread:px-1.5 @md\/thread:px-4\">\n<div class=\"flex-col gap-1 md:gap-3\">\n<div class=\"flex max-w-full flex-col flex-grow\">\n<div class=\"min-h-8 text-message flex w-full flex-col items-end gap-2 whitespace-normal break-words text-start [.text-message+&amp;]:mt-5\" dir=\"auto\" data-message-author-role=\"user\" data-message-id=\"ffac41ca-1db4-431b-873a-32c4052956f1\">\n<div class=\"flex w-full flex-col gap-1 empty:hidden items-end rtl:items-start\">\n<div class=\"relative max-w-[var(--user-chat-width,70%)] rounded-3xl bg-token-message-surface px-5 py-2.5\">\n<div class=\"absolute bottom-0 right-full top-0 -mr-3.5 hidden pr-5 pt-2 [.group\/conversation-turn:hover_&amp;]:flex\">\n<div class=\"flex\">\n<article class=\"w-full text-token-text-primary focus-visible:outline-2 focus-visible:outline-offset-[-4px]\" dir=\"auto\" data-testid=\"conversation-turn-39\" data-scroll-anchor=\"true\">\n<div class=\"m-auto text-base py-[18px] px-6\">\n<div class=\"mx-auto flex flex-1 text-base gap-4 md:gap-5 lg:gap-6 md:max-w-3xl lg:max-w-[40rem] xl:max-w-[48rem]\">\n<div class=\"group\/conversation-turn relative flex w-full min-w-0 flex-col agent-turn @xs\/thread:px-0 @sm\/thread:px-1.5 @md\/thread:px-4\">\n<div class=\"flex-col gap-1 md:gap-3\">\n<div class=\"flex max-w-full flex-col flex-grow\">\n<div class=\"min-h-8 text-message flex w-full flex-col items-end gap-2 whitespace-normal break-words text-start [.text-message+&amp;]:mt-5\" dir=\"auto\" data-message-author-role=\"assistant\" data-message-id=\"55a23854-ec57-48dd-bd4f-6118f43d6241\" data-message-model-slug=\"gpt-4o\">\n<div class=\"flex w-full flex-col gap-1 empty:hidden first:pt-[3px]\">\n<div class=\"markdown prose w-full break-words dark:prose-invert light\">\n<p>1. Heidelbeere auf Eis<br \/>\n2. Erdbeere Kiwi<br \/>\n3. Gemischte Beeren<br \/>\n4. Erdbeere Wassermelone<br \/>\n5. Wassermelone Eis<br \/>\n6. Pfirsich Mango Ananas<br \/>\n7. Heidelbeere Himbeere<br \/>\n8.Erdbeer-Himbeer-Bonbons<br \/>\n9.Wassermelone-Kirsche<br \/>\n10.Schwarze Johannisbeere Eis<\/p>\n<\/div>\n<figure id=\"attachment_3966\" aria-describedby=\"caption-attachment-3966\" style=\"width: 800px\" class=\"wp-caption alignnone\"><img decoding=\"async\" class=\"wp-image-3966 size-full\" src=\"https:\/\/vapestornado.com\/wp-content\/uploads\/2025\/03\/VOPK-Shisha-Hookah-BAR-Disposable-Vape-Wholesale.jpg\" alt=\"VOPK Shisha Hookah BAR Einweg-Vape Gro\u00dfhandel\" width=\"800\" height=\"957\" srcset=\"https:\/\/vapestornado.com\/wp-content\/uploads\/2025\/03\/VOPK-Shisha-Hookah-BAR-Disposable-Vape-Wholesale.jpg 800w, https:\/\/vapestornado.com\/wp-content\/uploads\/2025\/03\/VOPK-Shisha-Hookah-BAR-Disposable-Vape-Wholesale-251x300.jpg 251w, https:\/\/vapestornado.com\/wp-content\/uploads\/2025\/03\/VOPK-Shisha-Hookah-BAR-Disposable-Vape-Wholesale-768x919.jpg 768w, https:\/\/vapestornado.com\/wp-content\/uploads\/2025\/03\/VOPK-Shisha-Hookah-BAR-Disposable-Vape-Wholesale-600x718.jpg 600w\" sizes=\"(max-width: 800px) 100vw, 800px\" \/><figcaption id=\"caption-attachment-3966\" class=\"wp-caption-text\">VOPK Shisha Hookah BAR Einweg-Vape Gro\u00dfhandel<\/figcaption><\/figure>\n<\/div>\n<\/div>\n<\/div>\n<\/div>\n<\/div>\n<\/div>\n<\/div>\n<\/article>\n<\/div>\n<\/div>\n<\/div>\n<\/div>\n<\/div>\n<\/div>\n<\/div>\n<\/div>\n<\/div>\n<\/div>\n<\/article>\n<h2 data-start=\"86\" data-end=\"129\">Vopk Serienvergleich (Gro\u00dfhandelsleitfaden)<\/h2>\n<p data-start=\"131\" data-end=\"155\"><strong data-start=\"131\" data-end=\"153\">Vopk Cooler Bar 9000<\/strong><\/p>\n<ul data-start=\"156\" data-end=\"462\">\n<li data-start=\"156\" data-end=\"172\">\n<p data-start=\"158\" data-end=\"172\">Z\u00fcge: 9.000<\/p>\n<\/li>\n<li data-start=\"173\" data-end=\"205\">\n<p data-start=\"175\" data-end=\"205\">Akku: 600mAh wiederaufladbar<\/p>\n<\/li>\n<li data-start=\"206\" data-end=\"233\">\n<p data-start=\"208\" data-end=\"233\">E-Liquid Kapazit\u00e4t: 16ml<\/p>\n<\/li>\n<li data-start=\"234\" data-end=\"258\">\n<p data-start=\"236\" data-end=\"258\">Spulentyp: 1.0\u03a9 Mesh<\/p>\n<\/li>\n<li data-start=\"259\" data-end=\"322\">\n<p data-start=\"261\" data-end=\"322\">Hauptmerkmale: Einstellbare Luftzufuhr, unterst\u00fctzt MTL<\/p>\n<\/li>\n<li data-start=\"323\" data-end=\"395\">\n<p data-start=\"325\" data-end=\"395\">Zielkunden: Leichte t\u00e4gliche Nutzer, Testk\u00e4ufer, kleine Ladenbesitzer<\/p>\n<\/li>\n<li data-start=\"396\" data-end=\"462\">\n<p data-start=\"398\" data-end=\"462\">Gro\u00dfhandels-Keywords: 9K Einweg-Vape, Vape Pen Kit Gro\u00dfhandel<\/p>\n<\/li>\n<\/ul>\n<hr data-start=\"464\" data-end=\"467\" \/>\n<p data-start=\"469\" data-end=\"499\"><strong data-start=\"469\" data-end=\"497\">Vopk Shisha Wasserpfeife 20000<\/strong><\/p>\n<ul data-start=\"500\" data-end=\"814\">\n<li data-start=\"500\" data-end=\"517\">\n<p data-start=\"502\" data-end=\"517\">Z\u00fcge: 20.000<\/p>\n<\/li>\n<li data-start=\"518\" data-end=\"550\">\n<p data-start=\"520\" data-end=\"550\">Akku: 850mAh wiederaufladbar<\/p>\n<\/li>\n<li data-start=\"551\" data-end=\"578\">\n<p data-start=\"553\" data-end=\"578\">E-Liquid Kapazit\u00e4t: 28ml<\/p>\n<\/li>\n<li data-start=\"579\" data-end=\"603\">\n<p data-start=\"581\" data-end=\"603\">Spulentyp: 0.6\u03a9 Mesh<\/p>\n<\/li>\n<li data-start=\"604\" data-end=\"680\">\n<p data-start=\"606\" data-end=\"680\">Hauptmerkmale: Shisha-Design, Digitalanzeige, ideal f\u00fcr DTL-Dampfen<\/p>\n<\/li>\n<li data-start=\"681\" data-end=\"746\">\n<p data-start=\"683\" data-end=\"746\">Zielkunden: Shisha-Enthusiasten, mittelgro\u00dfe Vape-Shops<\/p>\n<\/li>\n<li data-start=\"747\" data-end=\"814\">\n<p data-start=\"749\" data-end=\"814\">Gro\u00dfhandels-Keywords: 20K Shisha Vape Bar, Shisha-Stil Gro\u00dfhandel<\/p>\n<\/li>\n<\/ul>\n<hr data-start=\"816\" data-end=\"819\" \/>\n<p data-start=\"821\" data-end=\"840\"><strong data-start=\"821\" data-end=\"838\">Vopk 60K 3in1<\/strong><\/p>\n<ul data-start=\"841\" data-end=\"1208\">\n<li data-start=\"841\" data-end=\"866\">\n<p data-start=\"843\" data-end=\"866\">Z\u00fcge: 60.000 (3\u00d720K)<\/p>\n<\/li>\n<li data-start=\"867\" data-end=\"899\">\n<p data-start=\"869\" data-end=\"899\">Akku: 950mAh wiederaufladbar<\/p>\n<\/li>\n<li data-start=\"900\" data-end=\"948\">\n<p data-start=\"902\" data-end=\"948\">E-Liquid Kapazit\u00e4t: 3 separate Tanks (20ml\u00d73)<\/p>\n<\/li>\n<li data-start=\"949\" data-end=\"973\">\n<p data-start=\"951\" data-end=\"973\">Spulentyp: Dual Mesh<\/p>\n<\/li>\n<li data-start=\"974\" data-end=\"1059\">\n<p data-start=\"976\" data-end=\"1059\">Hauptmerkmale: 3-Geschmacksrichtungen-Schaltsystem, f\u00fcr langfristige Nutzung entwickelt<\/p>\n<\/li>\n<li data-start=\"1060\" data-end=\"1135\">\n<p data-start=\"1062\" data-end=\"1135\">Zielkunden: Starke Nutzer, gro\u00dfe Distributoren, margenstarke Kan\u00e4le<\/p>\n<\/li>\n<li data-start=\"1136\" data-end=\"1208\">\n<p data-start=\"1138\" data-end=\"1208\">Gro\u00dfhandels-Keywords: 60K 3in1 Vape Gro\u00dfhandel, wiederaufladbare Vapes in gro\u00dfen Mengen<\/p>\n<\/li>\n<\/ul>\n<div class=\"flex-shrink-0 flex flex-col relative items-end\">\n<div class=\"pt-0\">\n<div class=\"gizmo-bot-avatar flex h-8 w-8 items-center justify-center overflow-hidden rounded-full\">\n<div class=\"relative p-1 rounded-sm flex items-center justify-center bg-token-main-surface-primary text-token-text-primary h-8 w-8\">\n<p data-start=\"559\" data-end=\"933\" data-is-last-node=\"\" data-is-only-node=\"\">Wir haben auch einige andere beliebte Vapes mit Bildschirm wie<em> <a href=\"https:\/\/vapestornado.com\/de\/product\/mesii-couple-50k-disposable-shisha-hookah-50000-puffs-vape-with-digital-display\/\">Mesii Paar 50000<\/a>, <a href=\"https:\/\/vapestornado.com\/de\/product\/vopk-ultra-40000-puffs-2-in-1-digital-screen-rechargeable-disposable-vape\/\">VOPK 40000 Puff Einweg-Vape<\/a>, <a href=\"https:\/\/vapestornado.com\/de\/product\/bang-beach-22000-20k-puff-disposable-vape-pen-with-screen-reddit-hot\/\">Bang Strand 22000<\/a>,<\/em> und mehr.<\/p>\n<\/div>\n<div class=\"relative p-1 rounded-sm flex items-center justify-center bg-token-main-surface-primary text-token-text-primary h-8 w-8\">\n<h3>H\u00c4UFIG GESTELLTE FRAGEN<\/h3>\n<p><strong>1. Wie lange dauert es, bis man von einem Einweg-Vape abh\u00e4ngig wird?<\/strong><br \/>\nDie Nikotinabh\u00e4ngigkeit h\u00e4ngt von Faktoren wie der H\u00e4ufigkeit des Konsums, der Nikotinst\u00e4rke und der individuellen Physiologie ab. Einweg-Vapes mit Nikotin (wie der\u00a0<strong>Vopk Shisha Wasserpfeife 20000 Z\u00fcge<\/strong>) kann bei regelm\u00e4\u00dfiger Nutzung zu Abh\u00e4ngigkeit f\u00fchren. Um die Risiken zu minimieren, sollten Sie niedrigere Nikotinst\u00e4rken (0 %, 2 %, oder 3 %) oder nikotinfreie Optionen in Betracht ziehen. Dampfen Sie immer verantwortungsvoll.<\/p>\n<p><strong>2. Wie lange dauert es, einen Einweg-Vape mit 20000 Z\u00fcgen aufzuladen?<\/strong><br \/>\nBei wiederaufladbaren Einweg-Vapes wie dem\u00a0<strong>Vopk Shisha Wasserpfeife 20000 Z\u00fcge<\/strong>, h\u00e4ngt die Ladezeit von der Akkukapazit\u00e4t ab. Mit einem\u00a0<strong>850mAh-Akku<\/strong>\u00a0und\u00a0<strong>Typ-C-Laden<\/strong>, dauert es normalerweise etwa\u00a0<strong>60-90 Minuten<\/strong>\u00a0bis zur vollst\u00e4ndigen Aufladung. Der\u00a0<strong>digitale Bildschirmanzeige<\/strong>\u00a0zeigt den Ladestatus an, sodass Sie wissen, wann er bereit ist.<\/p>\n<p><strong>3. Kann ich einen Vape in Deutschland mit ins Flugzeug nehmen?<\/strong><br \/>\nJa, Sie k\u00f6nnen einen Vape in Deutschland mit ins Flugzeug nehmen, aber er muss in Ihrem\u00a0<strong>Handgep\u00e4ck<\/strong>Handgep\u00e4ck mitgef\u00fchrt werden.\u00a0<strong>Vapes sind aufgrund der Sicherheitsbestimmungen f\u00fcr Lithium-Ionen-Akkus<\/strong>\u00a0im aufgegebenen Gep\u00e4ck nicht erlaubt.<\/p>\n<p><strong>Stellen Sie sicher, dass das Ger\u00e4t ausgeschaltet und sicher verstaut ist. Erkundigen Sie sich bei Ihrer Fluggesellschaft nach spezifischen Richtlinien, da einige m\u00f6glicherweise zus\u00e4tzliche Beschr\u00e4nkungen haben.<\/strong><br \/>\nSie wissen, dass Ihr Einweg-Vape leer ist, wenn:<\/p>\n<ul>\n<li><strong>4. Woran erkenne ich, dass mein Einweg-Vape leer ist?<\/strong>\u00a0Dampfproduktion nimmt ab:<\/li>\n<li><strong>Sie werden beim Inhalieren deutlich weniger Dampf bemerken.<\/strong>\u00a0Verbrannter Geschmack:<\/li>\n<li><strong>Ein verbrannter oder unangenehmer Geschmack deutet darauf hin, dass das E-Liquid aufgebraucht ist.<\/strong>\u00a0Kein Geschmack:<\/li>\n<li><strong>Wenn der Geschmack nachl\u00e4sst oder verschwindet, ist das ein Zeichen daf\u00fcr, dass die Kartusche leer ist.<\/strong>\u00a0Ger\u00e4te wie der\u00a0<strong>Vopk Shisha Wasserpfeife 20000 Z\u00fcge<\/strong>\u00a0haben eine\u00a0<strong>digitale Bildschirmanzeige<\/strong>\u00a0die den E-Liquid-F\u00fcllstand anzeigt, sodass Sie leicht \u00fcberwachen k\u00f6nnen, wann das Ger\u00e4t fast leer ist.<\/li>\n<\/ul>\n<p>Sobald das Ger\u00e4t keinen Dampf mehr erzeugt oder der Geschmack nachl\u00e4sst, ist es an der Zeit, es verantwortungsvoll zu entsorgen.<\/p>\n<\/div>\n<\/div>\n<\/div>\n<\/div>","protected":false},"excerpt":{"rendered":"<p data-start=\"1433\" data-end=\"1606\">Der <strong data-start=\"1437\" data-end=\"1480\">Vopk Shisha Hookah 20000 Z\u00fcge Vape Bar<\/strong> liefert DTL-Dampf, 28 ml E-Liquid und einen digitalen Bildschirm. Eine stilvolle, wiederaufladbare Option f\u00fcr <strong data-start=\"1573\" data-end=\"1603\">Gro\u00dfhandelsk\u00e4ufer in Europa<\/strong>.<\/p>\n<p><strong>F\u00fcgen Sie Amys WhatsApp hinzu, um eine korrekte Antwort und einen Rabattpreis zu erhalten!<\/strong><\/p>\n<p><img fetchpriority=\"high\" decoding=\"async\" class=\"size-full wp-image-2932\" src=\"https:\/\/vapestornado.com\/wp-content\/uploads\/2024\/12\/Vape-Wholesale.jpg\" alt=\"Vape-Gro\u00dfhandel\" width=\"229\" height=\"300\" \/><\/p>\n<h3><a href=\"https:\/\/wa.me\/8617776015835\"><span style=\"color: #ff0000;\"><strong>WhatsApp: +86 17776015835<\/strong><\/span><\/a><\/h3>\n<p>&nbsp;<\/p>","protected":false},"featured_media":3965,"comment_status":"open","ping_status":"closed","template":"","meta":{"_acf_changed":false,"_uag_custom_page_level_css":"","_lmt_disableupdate":"no","_lmt_disable":"","_monsterinsights_skip_tracking":false,"_monsterinsights_sitenote_active":false,"_monsterinsights_sitenote_note":"","_monsterinsights_sitenote_category":0,"site-sidebar-layout":"default","site-content-layout":"","ast-site-content-layout":"default","site-content-style":"default","site-sidebar-style":"default","ast-global-header-display":"","ast-banner-title-visibility":"","ast-main-header-display":"","ast-hfb-above-header-display":"","ast-hfb-below-header-display":"","ast-hfb-mobile-header-display":"","site-post-title":"","ast-breadcrumbs-content":"","ast-featured-img":"","footer-sml-layout":"","ast-disable-related-posts":"","theme-transparent-header-meta":"default","adv-header-id-meta":"","stick-header-meta":"","header-above-stick-meta":"","header-main-stick-meta":"","header-below-stick-meta":"","astra-migrate-meta-layouts":"set","ast-page-background-enabled":"default","ast-page-background-meta":{"desktop":{"background-color":"","background-image":"","background-repeat":"repeat","background-position":"center center","background-size":"auto","background-attachment":"scroll","background-type":"","background-media":"","overlay-type":"","overlay-color":"","overlay-opacity":"","overlay-gradient":""},"tablet":{"background-color":"","background-image":"","background-repeat":"repeat","background-position":"center center","background-size":"auto","background-attachment":"scroll","background-type":"","background-media":"","overlay-type":"","overlay-color":"","overlay-opacity":"","overlay-gradient":""},"mobile":{"background-color":"","background-image":"","background-repeat":"repeat","background-position":"center center","background-size":"auto","background-attachment":"scroll","background-type":"","background-media":"","overlay-type":"","overlay-color":"","overlay-opacity":"","overlay-gradient":""}},"ast-content-background-meta":{"desktop":{"background-color":"var(--ast-global-color-5)","background-image":"","background-repeat":"repeat","background-position":"center center","background-size":"auto","background-attachment":"scroll","background-type":"","background-media":"","overlay-type":"","overlay-color":"","overlay-opacity":"","overlay-gradient":""},"tablet":{"background-color":"var(--ast-global-color-5)","background-image":"","background-repeat":"repeat","background-position":"center center","background-size":"auto","background-attachment":"scroll","background-type":"","background-media":"","overlay-type":"","overlay-color":"","overlay-opacity":"","overlay-gradient":""},"mobile":{"background-color":"var(--ast-global-color-5)","background-image":"","background-repeat":"repeat","background-position":"center center","background-size":"auto","background-attachment":"scroll","background-type":"","background-media":"","overlay-type":"","overlay-color":"","overlay-opacity":"","overlay-gradient":""}},"_joinchat":{"telephone":"17776015835"}},"product_brand":[],"product_cat":[69,152,158,142,147,290],"product_tag":[165,291,287,94,292],"class_list":{"0":"post-3974","1":"product","2":"type-product","3":"status-publish","4":"has-post-thumbnail","6":"product_cat-20000-puff","7":"product_cat-buy-disposable-vapes-in-cermany","8":"product_cat-buy-disposable-vapes-in-spain","9":"product_cat-digital-box-disposable-vapes","10":"product_cat-shisha-hookah-disposable-vapes","11":"product_cat-vopk-vape","12":"product_tag-cheap-vapes","13":"product_tag-disposable-shisha-hookah","14":"product_tag-disposable-vape-pen","15":"product_tag-rechargeable-disposable-vape","16":"product_tag-vopk-shisha-bar-20000","17":"desktop-align-left","18":"tablet-align-left","19":"mobile-align-left","21":"first","22":"instock","23":"sale","24":"shipping-taxable","25":"purchasable","26":"product-type-simple"},"acf":[],"uagb_featured_image_src":{"full":["https:\/\/vapestornado.com\/wp-content\/uploads\/2025\/03\/VOPK-Shisha-Hookah-Bar-20000-Puffs.png",800,800,false],"thumbnail":["https:\/\/vapestornado.com\/wp-content\/uploads\/2025\/03\/VOPK-Shisha-Hookah-Bar-20000-Puffs-150x150.png",150,150,true],"medium":["https:\/\/vapestornado.com\/wp-content\/uploads\/2025\/03\/VOPK-Shisha-Hookah-Bar-20000-Puffs-300x300.png",300,300,true],"medium_large":["https:\/\/vapestornado.com\/wp-content\/uploads\/2025\/03\/VOPK-Shisha-Hookah-Bar-20000-Puffs-768x768.png",768,768,true],"large":["https:\/\/vapestornado.com\/wp-content\/uploads\/2025\/03\/VOPK-Shisha-Hookah-Bar-20000-Puffs.png",800,800,false],"1536x1536":["https:\/\/vapestornado.com\/wp-content\/uploads\/2025\/03\/VOPK-Shisha-Hookah-Bar-20000-Puffs.png",800,800,false],"2048x2048":["https:\/\/vapestornado.com\/wp-content\/uploads\/2025\/03\/VOPK-Shisha-Hookah-Bar-20000-Puffs.png",800,800,false],"trp-custom-language-flag":["https:\/\/vapestornado.com\/wp-content\/uploads\/2025\/03\/VOPK-Shisha-Hookah-Bar-20000-Puffs.png",12,12,false],"woocommerce_thumbnail":["https:\/\/vapestornado.com\/wp-content\/uploads\/2025\/03\/VOPK-Shisha-Hookah-Bar-20000-Puffs-300x300.png",300,300,true],"woocommerce_single":["https:\/\/vapestornado.com\/wp-content\/uploads\/2025\/03\/VOPK-Shisha-Hookah-Bar-20000-Puffs-600x600.png",600,600,true],"woocommerce_gallery_thumbnail":["https:\/\/vapestornado.com\/wp-content\/uploads\/2025\/03\/VOPK-Shisha-Hookah-Bar-20000-Puffs-100x100.png",100,100,true]},"uagb_author_info":{"display_name":"ESAMY","author_link":"https:\/\/vapestornado.com\/de\/author\/"},"uagb_comment_info":0,"uagb_excerpt":"The Vopk Shisha Hookah 20000 Puffs Vape Bar delivers DTL vapor, 28ml e-liquid, and a digital screen. A stylish, rechargeable option for wholesale buyers in Europe. Add Amy's whatsapp to get right reply and discount price! WhatsApp: +86 17776015835 &nbsp;","_links":{"self":[{"href":"https:\/\/vapestornado.com\/de\/wp-json\/wp\/v2\/product\/3974","targetHints":{"allow":["GET"]}}],"collection":[{"href":"https:\/\/vapestornado.com\/de\/wp-json\/wp\/v2\/product"}],"about":[{"href":"https:\/\/vapestornado.com\/de\/wp-json\/wp\/v2\/types\/product"}],"replies":[{"embeddable":true,"href":"https:\/\/vapestornado.com\/de\/wp-json\/wp\/v2\/comments?post=3974"}],"wp:featuredmedia":[{"embeddable":true,"href":"https:\/\/vapestornado.com\/de\/wp-json\/wp\/v2\/media\/3965"}],"wp:attachment":[{"href":"https:\/\/vapestornado.com\/de\/wp-json\/wp\/v2\/media?parent=3974"}],"wp:term":[{"taxonomy":"product_brand","embeddable":true,"href":"https:\/\/vapestornado.com\/de\/wp-json\/wp\/v2\/product_brand?post=3974"},{"taxonomy":"product_cat","embeddable":true,"href":"https:\/\/vapestornado.com\/de\/wp-json\/wp\/v2\/product_cat?post=3974"},{"taxonomy":"product_tag","embeddable":true,"href":"https:\/\/vapestornado.com\/de\/wp-json\/wp\/v2\/product_tag?post=3974"}],"curies":[{"name":"wp","href":"https:\/\/api.w.org\/{rel}","templated":true}]}}