{"id":3939,"date":"2025-03-21T03:03:23","date_gmt":"2025-03-21T03:03:23","guid":{"rendered":"https:\/\/vapestornado.com\/?post_type=product&#038;p=3939"},"modified":"2025-12-04T07:55:19","modified_gmt":"2025-12-04T07:55:19","slug":"wholesale-vape-zooy-firzen-35000-puffs-fast-shipping-eu-warehouse","status":"publish","type":"product","link":"https:\/\/vapestornado.com\/de\/product\/wholesale-vape-zooy-firzen-35000-puffs-fast-shipping-eu-warehouse\/","title":{"rendered":"Gro\u00dfhandel Vape ZOOY Firzen 35000 Z\u00fcge Schneller Versand EU-Lager"},"content":{"rendered":"<h1 data-pm-slice=\"1 1 []\">Gro\u00dfhandel Vape ZOOY Firzen 35000 Z\u00fcge Schneller Versand EU-Lager<\/h1>\n<p>Wenn Sie einen Einweg-Vaporizer mit hoher Kapazit\u00e4t suchen, der lange h\u00e4lt, mit dem Sie Eis- und Nikotinst\u00e4rke einstellen k\u00f6nnen und der schnell aus einem EU-Lager versendet wird, liefert der ZOOY Firzen 35000 bis zu 35.000 Z\u00fcge mit Dual-Mesh-Coils, 3-stufiger Eis- &amp; Nikotinkontrolle und Typ-C-Aufladung.<\/p>\n<p><strong>Warum w\u00e4hlen Benutzer Vape ZOOY Firzen 35000 Z\u00fcge Nikotin und Eis einstellbaren Vape Pen?<\/strong><\/p>\n<ul>\n<li data-start=\"772\" data-end=\"970\">\n<p data-start=\"774\" data-end=\"970\"><strong data-start=\"774\" data-end=\"820\">Massive Lebensdauer ohne st\u00e4ndige Nachk\u00e4ufe:<\/strong> Dieses <strong data-start=\"826\" data-end=\"857\">35.000 Z\u00fcge Einweg Vape<\/strong> ist f\u00fcr den l\u00e4ngeren Gebrauch mit einem <strong data-start=\"891\" data-end=\"915\">30ml vorgef\u00fcllten Tank<\/strong>gebaut, sodass Sie viel seltener als 10k\u201320k Ger\u00e4te ersetzen m\u00fcssen.<\/p>\n<\/li>\n<li data-start=\"971\" data-end=\"1150\">\n<p data-start=\"973\" data-end=\"1150\"><strong data-start=\"973\" data-end=\"1022\">Einstellbare Eis- &amp; Nikotinkontrolle (3 Stufen):<\/strong> W\u00e4hlen Sie eine leichte K\u00fchle oder einen tiefen, eisigen Zug und w\u00e4hlen Sie Ihre Nikotinst\u00e4rke \u2013 ideal f\u00fcr Benutzer, die Kontrolle in einem Einwegger\u00e4t w\u00fcnschen.<\/p>\n<\/li>\n<li data-start=\"1151\" data-end=\"1281\">\n<p data-start=\"1153\" data-end=\"1281\"><strong data-start=\"1153\" data-end=\"1181\">Der Geschmack bleibt konstant:<\/strong> <strong data-start=\"1182\" data-end=\"1206\">Dual 1.0\u03a9 Mesh Coils<\/strong> erhitzen gleichm\u00e4\u00dfig f\u00fcr einen sanften Luftstrom und stabilen Geschmack vom ersten bis zum letzten Zug.<\/p>\n<\/li>\n<li data-start=\"1282\" data-end=\"1434\">\n<p data-start=\"1284\" data-end=\"1434\"><strong data-start=\"1284\" data-end=\"1316\">Wiederaufladbar f\u00fcr vollen Wert:<\/strong> A <strong data-start=\"1319\" data-end=\"1360\">650mAh Typ-C wiederaufladbarer Einweg<\/strong> Akku hilft Ihnen, jeden Tropfen E-Liquid zu verbrauchen, anstatt fr\u00fchzeitig auszugehen.<\/p>\n<\/li>\n<li data-start=\"1435\" data-end=\"1568\">\n<p data-start=\"1437\" data-end=\"1568\"><strong data-start=\"1437\" data-end=\"1468\">EU-Lager Schneller Versand:<\/strong> Lager kommt schnell bei H\u00e4ndlern und Wiederverk\u00e4ufern an, die zuverl\u00e4ssige <strong data-start=\"1537\" data-end=\"1567\">Gro\u00dfhandels-Vape EU Lieferung<\/strong>.<\/p>\n<\/li>\n<\/ul>\n<p>Wir haben auch einige andere beliebte Vapes mit Bildschirm wie <a href=\"https:\/\/vapestornado.com\/de\/product\/bang-leader-50000-puffs-50k-2-in-1-double-flavor-digital-disposable-vape-bulk-price\/\">BANG Leader 50k<\/a>, <a href=\"https:\/\/vapestornado.com\/de\/product\/vopk-ultra-40000-puffs-2-in-1-digital-screen-rechargeable-disposable-vape\/\">VOPK 40k Puff Einweg-Vape<\/a>, <a href=\"https:\/\/vapestornado.com\/de\/product\/vozol-gear-shisha-25k-25000-puffs-best-dtl-disposable-vape-hookah-cheap-price\/\">Vozol Gear Shisha 25000<\/a>, und mehr.<\/p>\n<p data-start=\"666\" data-end=\"1235\"><strong style=\"font-size: 16px;\"><span style=\"color: #ff0000;\">macht.<\/span><\/strong><\/p>\n<p><img fetchpriority=\"high\" decoding=\"async\" class=\"size-full wp-image-2932\" src=\"https:\/\/vapestornado.com\/wp-content\/uploads\/2024\/12\/Vape-Wholesale.jpg\" alt=\"Vape-Gro\u00dfhandel\" width=\"229\" height=\"300\" \/><\/p>\n<h3><a href=\"https:\/\/wa.me\/8617776015835\" target=\"_blank\" rel=\"noopener\"><span style=\"color: #ff0000;\"><strong>WhatsApp: +86 17776015835<\/strong><\/span><\/a><\/h3>\n<p>&nbsp;<\/p>\n<h2><strong>ZOOY Firzen 35000 Wichtige Produktmerkmale<\/strong><\/h2>\n<table>\n<thead>\n<tr>\n<th>Parameter<\/th>\n<th align=\"right\">Spezifikation<\/th>\n<th>Menschliche Erkl\u00e4rung<\/th>\n<\/tr>\n<\/thead>\n<tbody>\n<tr>\n<td>Marke<\/td>\n<td align=\"right\">ZOOY<\/td>\n<td>Erkennbare Linie f\u00fcr Wiederholungsk\u00e4ufe.<\/td>\n<\/tr>\n<tr>\n<td>Zugkapazit\u00e4t<\/td>\n<td align=\"right\">Bis zu 35.000 Z\u00fcge<\/td>\n<td>Hochkapazitiver Einweg-Vape, der viel l\u00e4nger h\u00e4lt als Standardmodelle.<\/td>\n<\/tr>\n<tr>\n<td>E-Liquid-Volumen<\/td>\n<td align=\"right\">30ml vorgef\u00fcllt<\/td>\n<td>Gro\u00dfer Tank unterst\u00fctzt lange Lebensdauer ohne Nachf\u00fcllung.<\/td>\n<\/tr>\n<tr>\n<td>Spulentyp<\/td>\n<td align=\"right\">Dual 1.0\u03a9 Mesh Coils<\/td>\n<td>Gleichm\u00e4\u00dfige Erw\u00e4rmung = sanfterer Luftstrom, intensiverer Geschmack, weniger Verblassen.<\/td>\n<\/tr>\n<tr>\n<td>Batterie<\/td>\n<td align=\"right\">650mAh wiederaufladbar<\/td>\n<td>Aufladen, um die gesamte Fl\u00fcssigkeit zu verbrauchen, anstatt Z\u00fcge zu verschwenden.<\/td>\n<\/tr>\n<tr>\n<td>Aufladen<\/td>\n<td align=\"right\">USB Typ-C<\/td>\n<td>Modern, schnell, weit kompatibler Ladestandard.<\/td>\n<\/tr>\n<tr>\n<td>Eis- &amp; Nikotin-Kontrolle<\/td>\n<td align=\"right\">3 einstellbare Stufen<\/td>\n<td>W\u00e4hlen Sie leichte K\u00fchle oder starke Eis, und passen Sie das Nikotinempfinden an.<\/td>\n<\/tr>\n<tr>\n<td>Beleuchtung<\/td>\n<td align=\"right\">RGB-Lichtdesign (3 Farben)<\/td>\n<td>Stilvoller visueller Effekt, der in der Hand und im Regal auff\u00e4llt.<\/td>\n<\/tr>\n<tr>\n<td>Gewicht des K\u00f6rpers<\/td>\n<td align=\"right\">90g<\/td>\n<td>Leicht genug f\u00fcr den t\u00e4glichen Gebrauch.<\/td>\n<\/tr>\n<tr>\n<td>Gr\u00f6\u00dfe<\/td>\n<td align=\"right\">103,5 \u00d7 45 \u00d7 21mm<\/td>\n<td>Kompakte, taschenfreundliche Form.<\/td>\n<\/tr>\n<tr>\n<td>Geschmacksoptionen<\/td>\n<td align=\"right\">10 Geschmacksrichtungen<\/td>\n<td>Vielfalt f\u00fcr unterschiedliche Kundenpr\u00e4ferenzen.<\/td>\n<\/tr>\n<tr>\n<td>Versand<\/td>\n<td align=\"right\">Schneller Versand aus dem EU-Lager<\/td>\n<td>Schnellere Lieferung und zuverl\u00e4ssigere Nachbestellung im Gro\u00dfhandel in Europa.<\/td>\n<\/tr>\n<\/tbody>\n<\/table>\n<h2 class=\"product-title\"><strong>ZOOY Firzen 35000 Geschmacksliste<\/strong><\/h2>\n<article class=\"w-full text-token-text-primary focus-visible:outline-2 focus-visible:outline-offset-[-4px]\" dir=\"auto\" data-testid=\"conversation-turn-32\" data-scroll-anchor=\"false\">\n<div class=\"m-auto text-base py-[18px] px-6\">\n<div class=\"mx-auto flex flex-1 text-base gap-4 md:gap-5 lg:gap-6 md:max-w-3xl lg:max-w-[40rem] xl:max-w-[48rem]\">\n<div class=\"group\/conversation-turn relative flex w-full min-w-0 flex-col @xs\/thread:px-0 @sm\/thread:px-1.5 @md\/thread:px-4\">\n<div class=\"flex-col gap-1 md:gap-3\">\n<div class=\"flex max-w-full flex-col flex-grow\">\n<div class=\"min-h-8 text-message flex w-full flex-col items-end gap-2 whitespace-normal break-words text-start [.text-message+&amp;]:mt-5\" dir=\"auto\" data-message-author-role=\"user\" data-message-id=\"ffac41ca-1db4-431b-873a-32c4052956f1\">\n<div class=\"flex w-full flex-col gap-1 empty:hidden items-end rtl:items-start\">\n<div class=\"relative max-w-[var(--user-chat-width,70%)] rounded-3xl bg-token-message-surface px-5 py-2.5\">\n<div class=\"absolute bottom-0 right-full top-0 -mr-3.5 hidden pr-5 pt-2 [.group\/conversation-turn:hover_&amp;]:flex\">\n<div class=\"flex\">\n<article class=\"w-full text-token-text-primary focus-visible:outline-2 focus-visible:outline-offset-[-4px]\" dir=\"auto\" data-testid=\"conversation-turn-39\" data-scroll-anchor=\"true\">\n<div class=\"m-auto text-base py-[18px] px-6\">\n<div class=\"mx-auto flex flex-1 text-base gap-4 md:gap-5 lg:gap-6 md:max-w-3xl lg:max-w-[40rem] xl:max-w-[48rem]\">\n<div class=\"group\/conversation-turn relative flex w-full min-w-0 flex-col agent-turn @xs\/thread:px-0 @sm\/thread:px-1.5 @md\/thread:px-4\">\n<div class=\"flex-col gap-1 md:gap-3\">\n<div class=\"flex max-w-full flex-col flex-grow\">\n<div class=\"min-h-8 text-message flex w-full flex-col items-end gap-2 whitespace-normal break-words text-start [.text-message+&amp;]:mt-5\" dir=\"auto\" data-message-author-role=\"assistant\" data-message-id=\"55a23854-ec57-48dd-bd4f-6118f43d6241\" data-message-model-slug=\"gpt-4o\">\n<div class=\"flex w-full flex-col gap-1 empty:hidden first:pt-[3px]\">\n<div class=\"markdown prose w-full break-words dark:prose-invert light\">\n<p>1.Wassermelone Eis<br \/>\n2.Aloe Traube<br \/>\n3.Erdbeere Banane<br \/>\n4.Erdbeere Himbeere Kiwi<br \/>\n5.Blaubeere Himbeere Limonade<br \/>\n6.Ananas Kokosnuss<br \/>\n7.Menthol<br \/>\n8. Erdbeere Wassermelone<br \/>\n9.Gemischte Beeren<br \/>\n10.Brombeere Cranberry<\/p>\n<\/div>\n<\/div>\n<\/div>\n<\/div>\n<\/div>\n<\/div>\n<\/div>\n<\/div>\n<\/article>\n<\/div>\n<\/div>\n<\/div>\n<\/div>\n<\/div>\n<\/div>\n<\/div>\n<\/div>\n<\/div>\n<\/div>\n<\/article>\n<div class=\"flex-shrink-0 flex flex-col relative items-end\">\n<div class=\"pt-0\">\n<div class=\"gizmo-bot-avatar flex h-8 w-8 items-center justify-center overflow-hidden rounded-full\">\n<div class=\"relative p-1 rounded-sm flex items-center justify-center bg-token-main-surface-primary text-token-text-primary h-8 w-8\">\n<figure id=\"attachment_3936\" aria-describedby=\"caption-attachment-3936\" style=\"width: 800px\" class=\"wp-caption alignnone\"><img decoding=\"async\" class=\"wp-image-3936 size-full\" src=\"https:\/\/vapestornado.com\/wp-content\/uploads\/2025\/03\/Zooy-Firzen-35000-Puffs-Vape-Pen-Low-Pirce.webp\" alt=\"Zooy Firzen 35000 Z\u00fcge Vape Pen G\u00fcnstiger Preis\" width=\"800\" height=\"800\" srcset=\"https:\/\/vapestornado.com\/wp-content\/uploads\/2025\/03\/Zooy-Firzen-35000-Puffs-Vape-Pen-Low-Pirce.webp 800w, https:\/\/vapestornado.com\/wp-content\/uploads\/2025\/03\/Zooy-Firzen-35000-Puffs-Vape-Pen-Low-Pirce-300x300.webp 300w, https:\/\/vapestornado.com\/wp-content\/uploads\/2025\/03\/Zooy-Firzen-35000-Puffs-Vape-Pen-Low-Pirce-150x150.webp 150w, https:\/\/vapestornado.com\/wp-content\/uploads\/2025\/03\/Zooy-Firzen-35000-Puffs-Vape-Pen-Low-Pirce-768x768.webp 768w, https:\/\/vapestornado.com\/wp-content\/uploads\/2025\/03\/Zooy-Firzen-35000-Puffs-Vape-Pen-Low-Pirce-600x600.webp 600w, https:\/\/vapestornado.com\/wp-content\/uploads\/2025\/03\/Zooy-Firzen-35000-Puffs-Vape-Pen-Low-Pirce-100x100.webp 100w\" sizes=\"(max-width: 800px) 100vw, 800px\" \/><figcaption id=\"caption-attachment-3936\" class=\"wp-caption-text\">Zooy Firzen 35000 Z\u00fcge Vape Pen G\u00fcnstiger Preis<\/figcaption><\/figure>\n<\/div>\n<div class=\"relative p-1 rounded-sm flex items-center justify-center bg-token-main-surface-primary text-token-text-primary h-8 w-8\">\n<h3>H\u00c4UFIG GESTELLTE FRAGEN<\/h3>\n<p data-start=\"1639\" data-end=\"1956\"><strong data-start=\"1639\" data-end=\"1734\">F: \u201eIch bin es leid, dass Einwegprodukte zu schnell leer sind. Wird der ZOOY Firzen 35000 wirklich halten?\u201c<\/strong><br data-start=\"1734\" data-end=\"1737\" \/><strong data-start=\"1737\" data-end=\"1743\">A:<\/strong> Ja. Das <strong data-start=\"1753\" data-end=\"1796\">ZOOY Firzen 35000 Z\u00fcge Einweg-Vape<\/strong> ist f\u00fcr lange Sitzungen ausgelegt mit <strong data-start=\"1834\" data-end=\"1856\">bis zu 35.000 Z\u00fcgen<\/strong> und einem <strong data-start=\"1863\" data-end=\"1900\">30ml vorgef\u00fclltes E-Liquid-Volumen<\/strong>. F\u00fcr die meisten Nutzer bedeutet das <strong data-start=\"1929\" data-end=\"1945\">Wochen der Nutzung<\/strong>, nicht Tage.<\/p>\n<p data-start=\"1958\" data-end=\"2202\"><strong data-start=\"1958\" data-end=\"2020\">F: \u201eVerlieren hoch-z\u00fcgige Einwegprodukte den Geschmack nach der H\u00e4lfte?\u201c<\/strong><br data-start=\"2020\" data-end=\"2023\" \/><strong data-start=\"2023\" data-end=\"2029\">A:<\/strong> Viele tun das, aber Firzen ist so konzipiert, dass das vermieden wird. Der <strong data-start=\"2081\" data-end=\"2111\">Dual 1,0\u03a9 Mesh-Coil-System<\/strong> erhitzt E-Liquid gleichm\u00e4\u00dfig, h\u00e4lt den Dampf dicht und den Geschmack durchgehend sanft im Tank.<\/p>\n<p data-start=\"2204\" data-end=\"2546\"><strong data-start=\"2204\" data-end=\"2289\">F: \u201eIch m\u00f6chte Kontrolle \u00fcber das eisige Gef\u00fchl und den Nikotinschlag haben. Kann das eine Einweg verwenden?\u201c<\/strong><br data-start=\"2289\" data-end=\"2292\" \/><strong data-start=\"2292\" data-end=\"2298\">A:<\/strong> Genau daf\u00fcr ist Firzen da. Es <strong data-start=\"2338\" data-end=\"2364\">Eis- &amp; Nikotinkontrolle<\/strong> bietet <strong data-start=\"2371\" data-end=\"2398\">drei Einstellungsstufen<\/strong>, mit denen du eine milde K\u00fchle oder einen starken eisigen Schlag w\u00e4hlen kannst und das Nikotinerlebnis an deine Vorlieben anpassen kannst. Es ist eine seltene Funktion in dieser Kapazit\u00e4tsklasse.<\/p>\n<p data-start=\"2548\" data-end=\"2800\"><strong data-start=\"2548\" data-end=\"2605\">F: \u201eWird die Batterie lange genug halten f\u00fcr 35.000 Z\u00fcge?\u201c<\/strong><br data-start=\"2605\" data-end=\"2608\" \/><strong data-start=\"2608\" data-end=\"2614\">A:<\/strong> Das Ger\u00e4t verwendet einen <strong data-start=\"2633\" data-end=\"2664\">650mAh wiederaufladbarer Akku<\/strong>, sodass du sie bei Bedarf aufladen kannst und weiter dampfen kannst, bis der Tank leer ist. Mit <strong data-start=\"2751\" data-end=\"2779\">USB Typ-C Schnellladung<\/strong>, bleibt die Ausfallzeit gering.<\/p>\n<p data-start=\"2802\" data-end=\"3024\"><strong data-start=\"2802\" data-end=\"2856\">F: \u201eIst es tragbar oder zu sperrig f\u00fcr den t\u00e4glichen Gebrauch?\u201c<\/strong><br data-start=\"2856\" data-end=\"2859\" \/><strong data-start=\"2859\" data-end=\"2865\">A:<\/strong> Es ist darauf ausgelegt, praktisch zu sein. Mit <strong data-start=\"2898\" data-end=\"2905\">90g<\/strong> und einem kompakten <strong data-start=\"2920\" data-end=\"2941\">103,5 \u00d7 45 \u00d7 21mm<\/strong> Geh\u00e4use ist es leicht und taschenfreundlich f\u00fcr den Weg zur Arbeit, Reisen und den ganzen Tag.<\/p>\n<p data-start=\"3026\" data-end=\"3299\"><strong data-start=\"3026\" data-end=\"3083\">F: \u201eWelche Geschmacksrichtungen sind verf\u00fcgbar und wirklich beliebt?\u201c<\/strong><br data-start=\"3083\" data-end=\"3086\" \/><strong data-start=\"3086\" data-end=\"3092\">A:<\/strong> Firzen ist erh\u00e4ltlich in <strong data-start=\"3109\" data-end=\"3139\">10 beliebte Profilen<\/strong>, einschlie\u00dflich <strong data-start=\"3151\" data-end=\"3204\">Wassermelone Eis, Aloe Traube und Erdbeer-Banane<\/strong>. Diese sind desi<\/p>\n<\/div>\n<\/div>\n<\/div>\n<\/div>","protected":false},"excerpt":{"rendered":"<p>ZOOY Firzen 35000 Z\u00fcge Einweg Vape f\u00fcr langanhaltende Sessions<br \/>\nZOOY Firzen 35000 mit Eis- &amp; Nikotinkontrolle (3 Stufen) und Dual Mesh Coils<br \/>\nZOOY Firzen 35000 Typ-C Wiederaufladbarer Einweg mit schnellem EU-Lagerversand<\/p>\n<p><strong>F\u00fcgen Sie Amys WhatsApp hinzu, um eine korrekte Antwort und einen Rabattpreis zu erhalten!<\/strong><\/p>\n<p><img fetchpriority=\"high\" decoding=\"async\" class=\"size-full wp-image-2932\" src=\"https:\/\/vapestornado.com\/wp-content\/uploads\/2024\/12\/Vape-Wholesale.jpg\" alt=\"Vape-Gro\u00dfhandel\" width=\"229\" height=\"300\" \/><\/p>\n<h3><a href=\"https:\/\/wa.me\/8617776015835\"><span style=\"color: #ff0000;\"><strong>WhatsApp: +86 17776015835<\/strong><\/span><\/a><\/h3>\n<p>&nbsp;<\/p>","protected":false},"featured_media":3935,"comment_status":"open","ping_status":"closed","template":"","meta":{"_acf_changed":false,"_uag_custom_page_level_css":"","_lmt_disableupdate":"no","_lmt_disable":"","_monsterinsights_skip_tracking":false,"_monsterinsights_sitenote_active":false,"_monsterinsights_sitenote_note":"","_monsterinsights_sitenote_category":0,"site-sidebar-layout":"default","site-content-layout":"","ast-site-content-layout":"default","site-content-style":"default","site-sidebar-style":"default","ast-global-header-display":"","ast-banner-title-visibility":"","ast-main-header-display":"","ast-hfb-above-header-display":"","ast-hfb-below-header-display":"","ast-hfb-mobile-header-display":"","site-post-title":"","ast-breadcrumbs-content":"","ast-featured-img":"","footer-sml-layout":"","ast-disable-related-posts":"","theme-transparent-header-meta":"default","adv-header-id-meta":"","stick-header-meta":"","header-above-stick-meta":"","header-main-stick-meta":"","header-below-stick-meta":"","astra-migrate-meta-layouts":"set","ast-page-background-enabled":"default","ast-page-background-meta":{"desktop":{"background-color":"","background-image":"","background-repeat":"repeat","background-position":"center center","background-size":"auto","background-attachment":"scroll","background-type":"","background-media":"","overlay-type":"","overlay-color":"","overlay-opacity":"","overlay-gradient":""},"tablet":{"background-color":"","background-image":"","background-repeat":"repeat","background-position":"center center","background-size":"auto","background-attachment":"scroll","background-type":"","background-media":"","overlay-type":"","overlay-color":"","overlay-opacity":"","overlay-gradient":""},"mobile":{"background-color":"","background-image":"","background-repeat":"repeat","background-position":"center center","background-size":"auto","background-attachment":"scroll","background-type":"","background-media":"","overlay-type":"","overlay-color":"","overlay-opacity":"","overlay-gradient":""}},"ast-content-background-meta":{"desktop":{"background-color":"var(--ast-global-color-5)","background-image":"","background-repeat":"repeat","background-position":"center center","background-size":"auto","background-attachment":"scroll","background-type":"","background-media":"","overlay-type":"","overlay-color":"","overlay-opacity":"","overlay-gradient":""},"tablet":{"background-color":"var(--ast-global-color-5)","background-image":"","background-repeat":"repeat","background-position":"center center","background-size":"auto","background-attachment":"scroll","background-type":"","background-media":"","overlay-type":"","overlay-color":"","overlay-opacity":"","overlay-gradient":""},"mobile":{"background-color":"var(--ast-global-color-5)","background-image":"","background-repeat":"repeat","background-position":"center center","background-size":"auto","background-attachment":"scroll","background-type":"","background-media":"","overlay-type":"","overlay-color":"","overlay-opacity":"","overlay-gradient":""}},"_joinchat":{"telephone":"17776015835"}},"product_brand":[],"product_cat":[19,175,140,152,153,143,144,283],"product_tag":[471,282,281,94,93,280],"class_list":{"0":"post-3939","1":"product","2":"type-product","3":"status-publish","4":"has-post-thumbnail","6":"product_cat-vapes","7":"product_cat-35000-puff","8":"product_cat-big-puffs-disposable-vapes","9":"product_cat-buy-disposable-vapes-in-cermany","10":"product_cat-buy-disposable-vapes-in-italy","11":"product_cat-dual-mesh-disposable-vapes","12":"product_cat-low-nicotine-disposable-vapes","13":"product_cat-zooy-vape","14":"product_tag-35k-puff-vape","15":"product_tag-ice-adjustable","16":"product_tag-nicotine-adjustable","17":"product_tag-rechargeable-disposable-vape","18":"product_tag-vape-wholesale","19":"product_tag-zooy-firzen-35000","20":"desktop-align-left","21":"tablet-align-left","22":"mobile-align-left","24":"first","25":"instock","26":"sale","27":"shipping-taxable","28":"purchasable","29":"product-type-simple"},"acf":[],"uagb_featured_image_src":{"full":["https:\/\/vapestornado.com\/wp-content\/uploads\/2025\/03\/Zooy-Firzen-35000-Puffs-Vape-Near-Me.webp",800,800,false],"thumbnail":["https:\/\/vapestornado.com\/wp-content\/uploads\/2025\/03\/Zooy-Firzen-35000-Puffs-Vape-Near-Me-150x150.webp",150,150,true],"medium":["https:\/\/vapestornado.com\/wp-content\/uploads\/2025\/03\/Zooy-Firzen-35000-Puffs-Vape-Near-Me-300x300.webp",300,300,true],"medium_large":["https:\/\/vapestornado.com\/wp-content\/uploads\/2025\/03\/Zooy-Firzen-35000-Puffs-Vape-Near-Me-768x768.webp",768,768,true],"large":["https:\/\/vapestornado.com\/wp-content\/uploads\/2025\/03\/Zooy-Firzen-35000-Puffs-Vape-Near-Me.webp",800,800,false],"1536x1536":["https:\/\/vapestornado.com\/wp-content\/uploads\/2025\/03\/Zooy-Firzen-35000-Puffs-Vape-Near-Me.webp",800,800,false],"2048x2048":["https:\/\/vapestornado.com\/wp-content\/uploads\/2025\/03\/Zooy-Firzen-35000-Puffs-Vape-Near-Me.webp",800,800,false],"trp-custom-language-flag":["https:\/\/vapestornado.com\/wp-content\/uploads\/2025\/03\/Zooy-Firzen-35000-Puffs-Vape-Near-Me.webp",12,12,false],"woocommerce_thumbnail":["https:\/\/vapestornado.com\/wp-content\/uploads\/2025\/03\/Zooy-Firzen-35000-Puffs-Vape-Near-Me-300x300.webp",300,300,true],"woocommerce_single":["https:\/\/vapestornado.com\/wp-content\/uploads\/2025\/03\/Zooy-Firzen-35000-Puffs-Vape-Near-Me-600x600.webp",600,600,true],"woocommerce_gallery_thumbnail":["https:\/\/vapestornado.com\/wp-content\/uploads\/2025\/03\/Zooy-Firzen-35000-Puffs-Vape-Near-Me-100x100.webp",100,100,true]},"uagb_author_info":{"display_name":"ESAMY","author_link":"https:\/\/vapestornado.com\/de\/author\/"},"uagb_comment_info":0,"uagb_excerpt":"ZOOY Firzen 35000 Puffs Disposable Vape for Long-Lasting Sessions ZOOY Firzen 35000 with Ice &amp; Nicotine Control (3 Levels) and Dual Mesh Coils ZOOY Firzen 35000 Type-C Rechargeable Disposable with Fast EU Warehouse Shipping Add Amy's whatsapp to get right reply and discount price! WhatsApp: +86 17776015835 &nbsp;","_links":{"self":[{"href":"https:\/\/vapestornado.com\/de\/wp-json\/wp\/v2\/product\/3939","targetHints":{"allow":["GET"]}}],"collection":[{"href":"https:\/\/vapestornado.com\/de\/wp-json\/wp\/v2\/product"}],"about":[{"href":"https:\/\/vapestornado.com\/de\/wp-json\/wp\/v2\/types\/product"}],"replies":[{"embeddable":true,"href":"https:\/\/vapestornado.com\/de\/wp-json\/wp\/v2\/comments?post=3939"}],"wp:featuredmedia":[{"embeddable":true,"href":"https:\/\/vapestornado.com\/de\/wp-json\/wp\/v2\/media\/3935"}],"wp:attachment":[{"href":"https:\/\/vapestornado.com\/de\/wp-json\/wp\/v2\/media?parent=3939"}],"wp:term":[{"taxonomy":"product_brand","embeddable":true,"href":"https:\/\/vapestornado.com\/de\/wp-json\/wp\/v2\/product_brand?post=3939"},{"taxonomy":"product_cat","embeddable":true,"href":"https:\/\/vapestornado.com\/de\/wp-json\/wp\/v2\/product_cat?post=3939"},{"taxonomy":"product_tag","embeddable":true,"href":"https:\/\/vapestornado.com\/de\/wp-json\/wp\/v2\/product_tag?post=3939"}],"curies":[{"name":"wp","href":"https:\/\/api.w.org\/{rel}","templated":true}]}}