{"id":3898,"date":"2025-03-19T07:31:04","date_gmt":"2025-03-19T07:31:04","guid":{"rendered":"https:\/\/vapestornado.com\/?post_type=product&#038;p=3898"},"modified":"2025-08-23T11:44:33","modified_gmt":"2025-08-23T11:44:33","slug":"zooy-zero-45000-45k-puff-touch-screen-disposable-vape-wholesale","status":"publish","type":"product","link":"https:\/\/vapestornado.com\/de\/product\/zooy-zero-45000-45k-puff-touch-screen-disposable-vape-wholesale\/","title":{"rendered":"ZOOY Zero 45000 45K Z\u00fcge Einweg E-Zigarette mit Touchscreen im Gro\u00dfhandel"},"content":{"rendered":"<h1 data-pm-slice=\"1 1 []\">ZOOY Zero 45000 45K Z\u00fcge Einweg E-Zigarette mit Touchscreen im Gro\u00dfhandel<\/h1>\n<p data-start=\"184\" data-end=\"550\">Der <strong data-start=\"188\" data-end=\"242\">ZOOY Zero 45000 Puffs Touchscreen Einweg-Vape<\/strong> entwickelt wurde und Spitzentechnologie mit langlebiger Leistung kombiniert, was es zu einer starken Wahl f\u00fcr <strong data-start=\"343\" data-end=\"383\">Gro\u00dfh\u00e4ndler und Einzelh\u00e4ndler<\/strong>macht. Mit einer beeindruckenden <strong data-start=\"404\" data-end=\"428\">45.000 Z\u00fcge Kapazit\u00e4t<\/strong> und einem gro\u00dfen <strong data-start=\"441\" data-end=\"468\">35-ml-E-Liquid-Reservoir<\/strong>bietet es au\u00dfergew\u00f6hnlichen Wert f\u00fcr Kunden, die Ausdauer und Zuverl\u00e4ssigkeit suchen.<\/p>\n<p data-start=\"552\" data-end=\"880\">Ein eingebauter <strong data-start=\"563\" data-end=\"585\">Smart-Touchscreen<\/strong> zeichnet dieses Ger\u00e4t aus und gibt den Benutzern Echtzeit-Einblick in Zugzahl, Akkustand und verbleibende E-Fl\u00fcssigkeit. Angetrieben von einem langlebigen <strong data-start=\"719\" data-end=\"743\">wiederaufladbarer Akku<\/strong> mit <strong data-start=\"749\" data-end=\"773\">Type-C-Schnellladung<\/strong>minimiert der ZOOY Zero Ausfallzeiten und sorgt f\u00fcr ein konsistentes Erlebnis f\u00fcr Viel- und Gelegenheitsdampfer gleicherma\u00dfen.<\/p>\n<p data-start=\"882\" data-end=\"1248\">Mit <strong data-start=\"887\" data-end=\"930\">Nikotinsalzoptionen von 2%, 3% und 5%<\/strong>passt sich der ZOOY Zero verschiedenen Vorlieben an. Die <strong data-start=\"983\" data-end=\"1012\">einstellbaren Luftstromsystem<\/strong> erm\u00f6glicht es Benutzern, zwischen sanften Z\u00fcgen und dichten Wolken zu wechseln, und bedient sowohl MTL- als auch DTL-Dampfstile. Stilvoll, kompakt und tragbar, kombiniert es Praktikabilit\u00e4t mit Premium-\u00c4sthetik \u2013 ideal f\u00fcr Gesch\u00e4fte, die auf den deutschen Markt abzielen.<\/p>\n<p data-start=\"1250\" data-end=\"1445\">F\u00fcr Gro\u00dfh\u00e4ndler ist die <strong data-start=\"1271\" data-end=\"1306\">ZOOY Zero 45K Touchscreen Vape<\/strong> bietet eine \u00fcberzeugende Mischung aus <strong data-start=\"1334\" data-end=\"1392\">Innovation, Gro\u00dfhandelspreisen und Kundenattraktivit\u00e4t<\/strong>, was ihn zu einer profitablen Erg\u00e4nzung f\u00fcr jedes Inventar macht.<\/p>\n<p data-start=\"666\" data-end=\"1235\"><strong style=\"font-size: 16px;\"><span style=\"color: #ff0000;\">macht.<\/span><\/strong><\/p>\n<p><img fetchpriority=\"high\" decoding=\"async\" class=\"size-full wp-image-2932\" src=\"https:\/\/vapestornado.com\/wp-content\/uploads\/2024\/12\/Vape-Wholesale.jpg\" alt=\"Vape-Gro\u00dfhandel\" width=\"229\" height=\"300\" \/><\/p>\n<h3><a href=\"https:\/\/wa.me\/8617776015835\" target=\"_blank\" rel=\"noopener\"><span style=\"color: #ff0000;\"><strong>WhatsApp: +86 17776015835<\/strong><\/span><\/a><\/h3>\n<p>&nbsp;<\/p>\n<h2><strong>ZOOY Zero 45000 Puff Crystal Vape Wichtige Produktmerkmale<\/strong><\/h2>\n<p>Marke: ZOOY Vape<br \/>\nZugkapazit\u00e4t: Bis zu 45000 Z\u00fcge<br \/>\nE-Liquid: 35 ml<br \/>\nNikotinst\u00e4rken: 0%, 2%, 3%, 5%<br \/>\nBatterie: 1000 mAh wiederaufladbare Batterie<br \/>\nLaden: Typ-C Schnellladung<br \/>\nSpulentyp: Dual-Mesh-Spule f\u00fcr verbesserte Dampf- und Geschmacksproduktion<br \/>\nDisplay: Digitales Display f\u00fcr Batteriestand und E-Liquid-F\u00fcllst\u00e4nde<\/p>\n<h2 class=\"product-title\"><strong>ZOOY Zero 45k Puff Box Vape Geschmacksliste<\/strong><\/h2>\n<article class=\"w-full text-token-text-primary focus-visible:outline-2 focus-visible:outline-offset-[-4px]\" dir=\"auto\" data-testid=\"conversation-turn-32\" data-scroll-anchor=\"false\">\n<div class=\"m-auto text-base py-[18px] px-6\">\n<div class=\"mx-auto flex flex-1 text-base gap-4 md:gap-5 lg:gap-6 md:max-w-3xl lg:max-w-[40rem] xl:max-w-[48rem]\">\n<div class=\"group\/conversation-turn relative flex w-full min-w-0 flex-col @xs\/thread:px-0 @sm\/thread:px-1.5 @md\/thread:px-4\">\n<div class=\"flex-col gap-1 md:gap-3\">\n<div class=\"flex max-w-full flex-col flex-grow\">\n<div class=\"min-h-8 text-message flex w-full flex-col items-end gap-2 whitespace-normal break-words text-start [.text-message+&amp;]:mt-5\" dir=\"auto\" data-message-author-role=\"user\" data-message-id=\"ffac41ca-1db4-431b-873a-32c4052956f1\">\n<div class=\"flex w-full flex-col gap-1 empty:hidden items-end rtl:items-start\">\n<div class=\"relative max-w-[var(--user-chat-width,70%)] rounded-3xl bg-token-message-surface px-5 py-2.5\">\n<div class=\"absolute bottom-0 right-full top-0 -mr-3.5 hidden pr-5 pt-2 [.group\/conversation-turn:hover_&amp;]:flex\">\n<div class=\"flex\">\n<article class=\"w-full text-token-text-primary focus-visible:outline-2 focus-visible:outline-offset-[-4px]\" dir=\"auto\" data-testid=\"conversation-turn-39\" data-scroll-anchor=\"true\">\n<div class=\"m-auto text-base py-[18px] px-6\">\n<div class=\"mx-auto flex flex-1 text-base gap-4 md:gap-5 lg:gap-6 md:max-w-3xl lg:max-w-[40rem] xl:max-w-[48rem]\">\n<div class=\"group\/conversation-turn relative flex w-full min-w-0 flex-col agent-turn @xs\/thread:px-0 @sm\/thread:px-1.5 @md\/thread:px-4\">\n<div class=\"flex-col gap-1 md:gap-3\">\n<div class=\"flex max-w-full flex-col flex-grow\">\n<div class=\"min-h-8 text-message flex w-full flex-col items-end gap-2 whitespace-normal break-words text-start [.text-message+&amp;]:mt-5\" dir=\"auto\" data-message-author-role=\"assistant\" data-message-id=\"55a23854-ec57-48dd-bd4f-6118f43d6241\" data-message-model-slug=\"gpt-4o\">\n<div class=\"flex w-full flex-col gap-1 empty:hidden first:pt-[3px]\">\n<div class=\"markdown prose w-full break-words dark:prose-invert light\">\n<p>1.Wassermelonen-Eis<br \/>\n2.Blaubeer-Eis <strong><span style=\"color: #ff0000;\">&gt;&gt;&gt;&gt; Hei\u00df!<\/span><\/strong><br \/>\n3. Erdbeer-Wassermelone<br \/>\n4.Zitronen-Cola<br \/>\n5.Erdbeere Kiwi <strong><span style=\"color: #ff0000;\">&gt;&gt;&gt;&gt; Hei\u00df!<\/span><\/strong><br \/>\n6.Trauben-Apfel<br \/>\n7.Erdbeer-Orangen-Pop<br \/>\n8.Blaue Himbeereis <strong><span style=\"color: #ff0000;\">&gt;&gt;&gt;&gt; Hei\u00df!<\/span><\/strong><br \/>\n9. Blaubeere Wassermelone <strong><span style=\"color: #ff0000;\">&gt;&gt;&gt;&gt; Am besten!<\/span><\/strong><br \/>\n10.Mango-Passionsfrucht-Guave<\/p>\n<figure id=\"attachment_3895\" aria-describedby=\"caption-attachment-3895\" style=\"width: 800px\" class=\"wp-caption alignnone\"><img decoding=\"async\" class=\"wp-image-3895 size-full\" src=\"https:\/\/vapestornado.com\/wp-content\/uploads\/2025\/03\/Zooy-Zero-45000-Puff-Vape-Bulk-Buy.webp\" alt=\"Zooy Zero 45000 Zug-Vape Gro\u00dfkauf\" width=\"800\" height=\"800\" srcset=\"https:\/\/vapestornado.com\/wp-content\/uploads\/2025\/03\/Zooy-Zero-45000-Puff-Vape-Bulk-Buy.webp 800w, https:\/\/vapestornado.com\/wp-content\/uploads\/2025\/03\/Zooy-Zero-45000-Puff-Vape-Bulk-Buy-300x300.webp 300w, https:\/\/vapestornado.com\/wp-content\/uploads\/2025\/03\/Zooy-Zero-45000-Puff-Vape-Bulk-Buy-150x150.webp 150w, https:\/\/vapestornado.com\/wp-content\/uploads\/2025\/03\/Zooy-Zero-45000-Puff-Vape-Bulk-Buy-768x768.webp 768w, https:\/\/vapestornado.com\/wp-content\/uploads\/2025\/03\/Zooy-Zero-45000-Puff-Vape-Bulk-Buy-600x600.webp 600w, https:\/\/vapestornado.com\/wp-content\/uploads\/2025\/03\/Zooy-Zero-45000-Puff-Vape-Bulk-Buy-100x100.webp 100w\" sizes=\"(max-width: 800px) 100vw, 800px\" \/><figcaption id=\"caption-attachment-3895\" class=\"wp-caption-text\">Zooy Zero 45000 Zug-Vape Gro\u00dfkauf<\/figcaption><\/figure>\n<\/div>\n<\/div>\n<\/div>\n<\/div>\n<\/div>\n<\/div>\n<\/div>\n<\/div>\n<\/article>\n<\/div>\n<\/div>\n<\/div>\n<\/div>\n<\/div>\n<\/div>\n<\/div>\n<\/div>\n<\/div>\n<\/div>\n<\/article>\n<h3>Warum Vapestornado f\u00fcr den ZOOY Zero 45000 45K Z\u00fcge Digital Vape Gro\u00dfkauf w\u00e4hlen?<\/h3>\n<div class=\"flex-shrink-0 flex flex-col relative items-end\">\n<div class=\"pt-0\">\n<div class=\"gizmo-bot-avatar flex h-8 w-8 items-center justify-center overflow-hidden rounded-full\">\n<div class=\"relative p-1 rounded-sm flex items-center justify-center bg-token-main-surface-primary text-token-text-primary h-8 w-8\">\n<p data-start=\"88\" data-end=\"557\">Wenn es um den Kauf von <strong data-start=\"105\" data-end=\"154\">\u00a0hochwertigen Einweg-Vapes geht<\/strong>, <strong data-start=\"156\" data-end=\"172\">Vapestornado<\/strong> ist die erste Adresse f\u00fcr unschlagbare <strong data-start=\"208\" data-end=\"271\">Fabrikpreise, schnellen Versand und erstklassigen Kundenservice<\/strong>. Der Kauf des <strong data-start=\"284\" data-end=\"322\">ZOOY Zero 45000 Z\u00fcge Digital Vape<\/strong> in gro\u00dfen Mengen bei Vapestornado bedeutet, dass Sie bekommen <strong data-start=\"363\" data-end=\"400\">authentische, 100% Originalprodukte<\/strong> mit dem neuesten <strong data-start=\"417\" data-end=\"515\">digitale Display-Technologie, wiederaufladbaren Typ-C-Komfort und eine massive Kapazit\u00e4t von 50000 Z\u00fcgen erhalten<\/strong>\u2014alles zu den <strong data-start=\"527\" data-end=\"554\">niedrigsten Gro\u00dfhandelspreisen<\/strong>.<\/p>\n<p data-start=\"559\" data-end=\"933\" data-is-last-node=\"\" data-is-only-node=\"\">Mit <strong data-start=\"564\" data-end=\"641\">Gro\u00dfbestellrabatte, zuverl\u00e4ssiger Lagerbestand und ein nahtloser Bestellprozess<\/strong>, Vapestornado stellt sicher, <strong data-start=\"664\" data-end=\"713\">Besitzer von Vape-Shops, Gro\u00dfh\u00e4ndler und Einzelh\u00e4ndler<\/strong> erhalten ein <strong data-start=\"720\" data-end=\"760\">profitables Angebot f\u00fcr erstklassige Produkte<\/strong>. Verpassen Sie nicht <strong data-start=\"780\" data-end=\"839\">eines der gefragtesten wiederaufladbaren Einweg-Vapes<\/strong>\u2014bestellen Sie Ihre <strong data-start=\"851\" data-end=\"884\">ZOOY Zero 45000 in gro\u00dfen Mengen noch heute<\/strong> und sorgen Sie daf\u00fcr, dass Ihre Kunden immer wieder zur\u00fcckkehren!<\/p>\n<p data-start=\"559\" data-end=\"933\" data-is-last-node=\"\" data-is-only-node=\"\">Wir haben auch einige andere hei\u00dfe Bildschirm-Vapes im Angebot, wie zum Beispiel <a href=\"https:\/\/vapestornado.com\/de\/product\/waspe-fihp-30000-puffs-smart-screen-vape-2-5-nicotine-wholesal\/\">WASPE 30K Dualer Vaping-Modus<\/a>, <a href=\"https:\/\/vapestornado.com\/de\/product\/vopk-ultra-40000-puffs-2-in-1-digital-screen-rechargeable-disposable-vape\/\">VOPK 40000 Puff Einweg-Vape<\/a>, <a href=\"https:\/\/vapestornado.com\/de\/product\/vapsolo-galaxy-30000-vapers-30k-puff-disposable-vape-e-cigarette-with-smart-screen\/\">Vapsolo Galaxy 30000<\/a>, und mehr.<\/p>\n<\/div>\n<div class=\"relative p-1 rounded-sm flex items-center justify-center bg-token-main-surface-primary text-token-text-primary h-8 w-8\">\n<h3>FAQS f\u00fcr Bang Leader 50k Puffs Einweg-Vaper<\/h3>\n<p data-start=\"1367\" data-end=\"1549\"><strong data-start=\"1367\" data-end=\"1413\">1. Wie lange h\u00e4lt die ZOOY Zero 45000?<\/strong><br data-start=\"1413\" data-end=\"1416\" \/>Mit einem <strong data-start=\"1423\" data-end=\"1446\">45000-Zug-Kapazit\u00e4t<\/strong> und <strong data-start=\"1451\" data-end=\"1471\">35 ml E-Liquid<\/strong>, ist dieses Vape darauf ausgelegt, deutlich l\u00e4nger zu halten als herk\u00f6mmliche Einweg-Vapes.<\/p>\n<p data-start=\"1551\" data-end=\"1775\"><strong data-start=\"1551\" data-end=\"1602\">2. Was macht den intelligenten Bildschirm so besonders?<\/strong><br data-start=\"1602\" data-end=\"1605\" \/>Der <strong data-start=\"1609\" data-end=\"1633\">Touchscreen-Display<\/strong> liefert Echtzeit-Updates zum <strong data-start=\"1664\" data-end=\"1715\">Akkustand, Zuganzahl und E-Liquid-F\u00fcllst\u00e4nde<\/strong>, was Ihnen die vollst\u00e4ndige Kontrolle \u00fcber Ihr Dampferlebnis gibt.<\/p>\n<p data-start=\"1777\" data-end=\"1934\"><strong data-start=\"1777\" data-end=\"1820\">3. Ist die ZOOY Zero 45000 wiederaufladbar?<\/strong><br data-start=\"1820\" data-end=\"1823\" \/>Ja! Es verf\u00fcgt \u00fcber ein <strong data-start=\"1842\" data-end=\"1873\">Typ-C-Schnellladesystem<\/strong>, sodass Sie es schnell aufladen und seine Lebensdauer verl\u00e4ngern k\u00f6nnen.<\/p>\n<p data-start=\"1936\" data-end=\"2093\"><strong data-start=\"1936\" data-end=\"1978\">4. Welche Nikotinst\u00e4rken sind erh\u00e4ltlich?<\/strong><br data-start=\"1978\" data-end=\"1981\" \/>Dieses Ger\u00e4t ist erh\u00e4ltlich in den <strong data-start=\"2002\" data-end=\"2039\">2%, 3% und 5% Nikotinsalz-St\u00e4rken<\/strong>, um Optionen f\u00fcr verschiedene Dampfpr\u00e4ferenzen zu gew\u00e4hrleisten.<\/p>\n<p data-start=\"2095\" data-end=\"2317\"><strong data-start=\"2095\" data-end=\"2158\">5. Wo kann ich den ZOOY Zero 45000 zu Gro\u00dfhandelspreisen kaufen?<\/strong><br data-start=\"2158\" data-end=\"2161\" \/>F\u00fcr <strong data-start=\"2165\" data-end=\"2202\">Gro\u00dfbestellungen und Gro\u00dfhandelspreise<\/strong>, besuchen Sie <strong data-start=\"2210\" data-end=\"2243\">Vapestornado Online-Vape-Shop<\/strong>, Ihre vertrauensw\u00fcrdige Quelle f\u00fcr <strong data-start=\"2269\" data-end=\"2314\">Erschwingliche, hochwertige Einweg-Vapes<\/strong>.<\/p>\n<\/div>\n<\/div>\n<\/div>\n<\/div>","protected":false},"excerpt":{"rendered":"<p>Der <strong data-start=\"1489\" data-end=\"1513\">ZOOY Zero 45000 Vape<\/strong> bietet eine massive Dampfkapazit\u00e4t, einen Smart-Touchscreen und eine wiederaufladbare Stromversorgung \u00fcber Typ-C. Ein Premium-Einwegprodukt, das f\u00fcr <strong data-start=\"1628\" data-end=\"1663\">Gro\u00dfhandelsk\u00e4ufer in Deutschland<\/strong>.<\/p>\n<p><strong>F\u00fcgen Sie Amys WhatsApp hinzu, um eine korrekte Antwort und einen Rabattpreis zu erhalten!<\/strong><\/p>\n<p><img fetchpriority=\"high\" decoding=\"async\" class=\"size-full wp-image-2932\" src=\"https:\/\/vapestornado.com\/wp-content\/uploads\/2024\/12\/Vape-Wholesale.jpg\" alt=\"Vape-Gro\u00dfhandel\" width=\"229\" height=\"300\" \/><\/p>\n<h3><a href=\"https:\/\/wa.me\/8617776015835\"><span style=\"color: #ff0000;\"><strong>WhatsApp: +86 17776015835<\/strong><\/span><\/a><\/h3>\n<p>&nbsp;<\/p>","protected":false},"featured_media":3897,"comment_status":"open","ping_status":"closed","template":"","meta":{"_acf_changed":false,"_uag_custom_page_level_css":"","_lmt_disableupdate":"no","_lmt_disable":"","_monsterinsights_skip_tracking":false,"_monsterinsights_sitenote_active":false,"_monsterinsights_sitenote_note":"","_monsterinsights_sitenote_category":0,"site-sidebar-layout":"default","site-content-layout":"","ast-site-content-layout":"default","site-content-style":"default","site-sidebar-style":"default","ast-global-header-display":"","ast-banner-title-visibility":"","ast-main-header-display":"","ast-hfb-above-header-display":"","ast-hfb-below-header-display":"","ast-hfb-mobile-header-display":"","site-post-title":"","ast-breadcrumbs-content":"","ast-featured-img":"","footer-sml-layout":"","ast-disable-related-posts":"","theme-transparent-header-meta":"default","adv-header-id-meta":"","stick-header-meta":"","header-above-stick-meta":"","header-main-stick-meta":"","header-below-stick-meta":"","astra-migrate-meta-layouts":"set","ast-page-background-enabled":"default","ast-page-background-meta":{"desktop":{"background-color":"","background-image":"","background-repeat":"repeat","background-position":"center center","background-size":"auto","background-attachment":"scroll","background-type":"","background-media":"","overlay-type":"","overlay-color":"","overlay-opacity":"","overlay-gradient":""},"tablet":{"background-color":"","background-image":"","background-repeat":"repeat","background-position":"center center","background-size":"auto","background-attachment":"scroll","background-type":"","background-media":"","overlay-type":"","overlay-color":"","overlay-opacity":"","overlay-gradient":""},"mobile":{"background-color":"","background-image":"","background-repeat":"repeat","background-position":"center center","background-size":"auto","background-attachment":"scroll","background-type":"","background-media":"","overlay-type":"","overlay-color":"","overlay-opacity":"","overlay-gradient":""}},"ast-content-background-meta":{"desktop":{"background-color":"var(--ast-global-color-5)","background-image":"","background-repeat":"repeat","background-position":"center center","background-size":"auto","background-attachment":"scroll","background-type":"","background-media":"","overlay-type":"","overlay-color":"","overlay-opacity":"","overlay-gradient":""},"tablet":{"background-color":"var(--ast-global-color-5)","background-image":"","background-repeat":"repeat","background-position":"center center","background-size":"auto","background-attachment":"scroll","background-type":"","background-media":"","overlay-type":"","overlay-color":"","overlay-opacity":"","overlay-gradient":""},"mobile":{"background-color":"var(--ast-global-color-5)","background-image":"","background-repeat":"repeat","background-position":"center center","background-size":"auto","background-attachment":"scroll","background-type":"","background-media":"","overlay-type":"","overlay-color":"","overlay-opacity":"","overlay-gradient":""}},"_joinchat":{"telephone":"17776015835"}},"product_brand":[],"product_cat":[265,154,155,142,283],"product_tag":[94,268,267,93,269,266],"class_list":{"0":"post-3898","1":"product","2":"type-product","3":"status-publish","4":"has-post-thumbnail","6":"product_cat-45000-puff","7":"product_cat-buy-disposable-vapes-in-netherlands","8":"product_cat-buy-disposable-vapes-in-norway","9":"product_cat-digital-box-disposable-vapes","10":"product_cat-zooy-vape","11":"product_tag-rechargeable-disposable-vape","12":"product_tag-touch-screen-vape","13":"product_tag-vape-from-eu-warehouse","14":"product_tag-vape-wholesale","15":"product_tag-vape-with-screen","16":"product_tag-zooy-zero-45k","17":"desktop-align-left","18":"tablet-align-left","19":"mobile-align-left","21":"first","22":"instock","23":"sale","24":"shipping-taxable","25":"purchasable","26":"product-type-simple"},"acf":[],"uagb_featured_image_src":{"full":["https:\/\/vapestornado.com\/wp-content\/uploads\/2025\/03\/ZOOY-ZERO-45000-Puffs-Wholesale-Good-Price.webp",800,800,false],"thumbnail":["https:\/\/vapestornado.com\/wp-content\/uploads\/2025\/03\/ZOOY-ZERO-45000-Puffs-Wholesale-Good-Price-150x150.webp",150,150,true],"medium":["https:\/\/vapestornado.com\/wp-content\/uploads\/2025\/03\/ZOOY-ZERO-45000-Puffs-Wholesale-Good-Price-300x300.webp",300,300,true],"medium_large":["https:\/\/vapestornado.com\/wp-content\/uploads\/2025\/03\/ZOOY-ZERO-45000-Puffs-Wholesale-Good-Price-768x768.webp",768,768,true],"large":["https:\/\/vapestornado.com\/wp-content\/uploads\/2025\/03\/ZOOY-ZERO-45000-Puffs-Wholesale-Good-Price.webp",800,800,false],"1536x1536":["https:\/\/vapestornado.com\/wp-content\/uploads\/2025\/03\/ZOOY-ZERO-45000-Puffs-Wholesale-Good-Price.webp",800,800,false],"2048x2048":["https:\/\/vapestornado.com\/wp-content\/uploads\/2025\/03\/ZOOY-ZERO-45000-Puffs-Wholesale-Good-Price.webp",800,800,false],"trp-custom-language-flag":["https:\/\/vapestornado.com\/wp-content\/uploads\/2025\/03\/ZOOY-ZERO-45000-Puffs-Wholesale-Good-Price.webp",12,12,false],"woocommerce_thumbnail":["https:\/\/vapestornado.com\/wp-content\/uploads\/2025\/03\/ZOOY-ZERO-45000-Puffs-Wholesale-Good-Price-300x300.webp",300,300,true],"woocommerce_single":["https:\/\/vapestornado.com\/wp-content\/uploads\/2025\/03\/ZOOY-ZERO-45000-Puffs-Wholesale-Good-Price-600x600.webp",600,600,true],"woocommerce_gallery_thumbnail":["https:\/\/vapestornado.com\/wp-content\/uploads\/2025\/03\/ZOOY-ZERO-45000-Puffs-Wholesale-Good-Price-100x100.webp",100,100,true]},"uagb_author_info":{"display_name":"ESAMY","author_link":"https:\/\/vapestornado.com\/de\/author\/"},"uagb_comment_info":0,"uagb_excerpt":"The ZOOY Zero 45000 Vape delivers massive puff capacity, smart touch screen, and Type-C rechargeable power. A premium disposable built for bulk wholesale buyers in Europe. Add Amy's whatsapp to get right reply and discount price! WhatsApp: +86 17776015835 &nbsp;","_links":{"self":[{"href":"https:\/\/vapestornado.com\/de\/wp-json\/wp\/v2\/product\/3898","targetHints":{"allow":["GET"]}}],"collection":[{"href":"https:\/\/vapestornado.com\/de\/wp-json\/wp\/v2\/product"}],"about":[{"href":"https:\/\/vapestornado.com\/de\/wp-json\/wp\/v2\/types\/product"}],"replies":[{"embeddable":true,"href":"https:\/\/vapestornado.com\/de\/wp-json\/wp\/v2\/comments?post=3898"}],"wp:featuredmedia":[{"embeddable":true,"href":"https:\/\/vapestornado.com\/de\/wp-json\/wp\/v2\/media\/3897"}],"wp:attachment":[{"href":"https:\/\/vapestornado.com\/de\/wp-json\/wp\/v2\/media?parent=3898"}],"wp:term":[{"taxonomy":"product_brand","embeddable":true,"href":"https:\/\/vapestornado.com\/de\/wp-json\/wp\/v2\/product_brand?post=3898"},{"taxonomy":"product_cat","embeddable":true,"href":"https:\/\/vapestornado.com\/de\/wp-json\/wp\/v2\/product_cat?post=3898"},{"taxonomy":"product_tag","embeddable":true,"href":"https:\/\/vapestornado.com\/de\/wp-json\/wp\/v2\/product_tag?post=3898"}],"curies":[{"name":"wp","href":"https:\/\/api.w.org\/{rel}","templated":true}]}}