{"id":3788,"date":"2025-02-18T03:50:57","date_gmt":"2025-02-18T03:50:57","guid":{"rendered":"https:\/\/vapestornado.com\/?post_type=product&#038;p=3788"},"modified":"2025-08-23T09:28:52","modified_gmt":"2025-08-23T09:28:52","slug":"jnr-nicotine-pouches-25mg-15-flavours-shop-online-lower-price","status":"publish","type":"product","link":"https:\/\/vapestornado.com\/de\/product\/jnr-nicotine-pouches-25mg-15-flavours-shop-online-lower-price\/","title":{"rendered":"JNR Nikotinbeutel 25mg 15+ Geschmacksrichtungen Online Shop Niedriger Preis"},"content":{"rendered":"<h1 class=\"product-title\">JNR Nikotinbeutel 25mg 15+ Geschmacksrichtungen Online Shop Niedriger Preis<\/h1>\n<p data-start=\"263\" data-end=\"535\">Der <strong data-start=\"267\" data-end=\"296\">JNR Nikotinbeutel 25mg<\/strong> sind f\u00fcr Benutzer konzipiert, die ein starkes und effektives Nikotinerlebnis ohne Rauchen oder Dampfen w\u00fcnschen. Jeder Beutel enth\u00e4lt <strong data-start=\"419\" data-end=\"439\">25 mg Nikotin<\/strong>und bietet eine schnelle und kraftvolle Freisetzung, ideal f\u00fcr erfahrene Benutzer, die Intensit\u00e4t und Fokus suchen.<\/p>\n<p data-start=\"537\" data-end=\"781\">Hergestellt aus <strong data-start=\"547\" data-end=\"583\">tabakfreien, pflanzlichen Fasern<\/strong>passen diese schlanken Beutel bequem unter die Oberlippe, ohne Schmutz, ohne Spucken und ohne anhaltenden Geruch. Das diskrete Design macht sie jederzeit einfach zu verwenden \u2013 bei der Arbeit, unterwegs oder in geselliger Runde.<\/p>\n<p data-start=\"783\" data-end=\"1056\">Erh\u00e4ltlich in <strong data-start=\"796\" data-end=\"811\">15+ Geschmacksrichtungen<\/strong> darunter Minze, Zitrone und Beere, die <strong data-start=\"851\" data-end=\"880\">JNR 25mg Nikotinbeutel<\/strong> kombinieren St\u00e4rke mit erfrischendem Geschmack. Sie bieten eine bequeme, rauchfreie Alternative f\u00fcr alle, die eine hochwertige, potente Nikotinoption zu einem wettbewerbsf\u00e4higen Preis suchen.<\/p>\n<p><strong>F\u00fcgen Sie Amys WhatsApp hinzu, um eine korrekte Antwort und einen Rabattpreis zu erhalten!<\/strong><\/p>\n<p><img fetchpriority=\"high\" decoding=\"async\" class=\"size-full wp-image-2932\" src=\"https:\/\/vapestornado.com\/wp-content\/uploads\/2024\/12\/Vape-Wholesale.jpg\" alt=\"Vape-Gro\u00dfhandel\" width=\"229\" height=\"300\" \/><\/p>\n<h3><a href=\"https:\/\/wa.me\/8617776015835\" target=\"_blank\" rel=\"noopener\"><span style=\"color: #ff0000;\"><strong>WhatsApp: +86 17776015835<\/strong><\/span><\/a><\/h3>\n<p>&nbsp;<\/p>\n<h2><strong>JNR Nikotinbeutel 25mg Produktmerkmale<\/strong><\/h2>\n<p>Marke: JNR<br \/>\nNikotinst\u00e4rke: 25 mg pro Beutel<br \/>\nAnzahl der Beutel: 20 St\u00fcck pro Dose<\/p>\n<figure id=\"attachment_3773\" aria-describedby=\"caption-attachment-3773\" style=\"width: 1000px\" class=\"wp-caption alignnone\"><img decoding=\"async\" class=\"wp-image-3773 size-full\" src=\"https:\/\/vapestornado.com\/wp-content\/uploads\/2025\/02\/Hot-Selling-JNR-Nicotine-Pouches-25mg.webp\" alt=\"Bestseller JNR Nikotinbeutel 25mg\" width=\"1000\" height=\"1000\" srcset=\"https:\/\/vapestornado.com\/wp-content\/uploads\/2025\/02\/Hot-Selling-JNR-Nicotine-Pouches-25mg.webp 1000w, https:\/\/vapestornado.com\/wp-content\/uploads\/2025\/02\/Hot-Selling-JNR-Nicotine-Pouches-25mg-300x300.webp 300w, https:\/\/vapestornado.com\/wp-content\/uploads\/2025\/02\/Hot-Selling-JNR-Nicotine-Pouches-25mg-150x150.webp 150w, https:\/\/vapestornado.com\/wp-content\/uploads\/2025\/02\/Hot-Selling-JNR-Nicotine-Pouches-25mg-768x768.webp 768w, https:\/\/vapestornado.com\/wp-content\/uploads\/2025\/02\/Hot-Selling-JNR-Nicotine-Pouches-25mg-600x600.webp 600w, https:\/\/vapestornado.com\/wp-content\/uploads\/2025\/02\/Hot-Selling-JNR-Nicotine-Pouches-25mg-100x100.webp 100w\" sizes=\"(max-width: 1000px) 100vw, 1000px\" \/><figcaption id=\"caption-attachment-3773\" class=\"wp-caption-text\">Bestseller JNR Nikotinbeutel 25mg<\/figcaption><\/figure>\n<h2 class=\"product-title\"><strong>JNR Nikotinbeutel 25mg Geschmacksvarianten<\/strong><\/h2>\n<ol data-start=\"59\" data-end=\"318\" data-is-last-node=\"\">\n<li data-start=\"59\" data-end=\"76\">Schwarze Kirsche<\/li>\n<li data-start=\"77\" data-end=\"95\">Blaue Himbeereis<\/li>\n<li data-start=\"96\" data-end=\"115\">Heidelbeer Minze<\/li>\n<li data-start=\"116\" data-end=\"135\">Zitrus K\u00fchlung<\/li>\n<li data-start=\"136\" data-end=\"151\">Sprudelnde Cola<\/li>\n<li data-start=\"152\" data-end=\"163\">Einfrieren<\/li>\n<li data-start=\"164\" data-end=\"177\">Eiskalt<\/li>\n<li data-start=\"178\" data-end=\"191\">Ice-Minze<\/li>\n<li data-start=\"192\" data-end=\"210\">Ice-Gr\u00fcne Minze<\/li>\n<li data-start=\"211\" data-end=\"228\">Gemischte Beeren<\/li>\n<li data-start=\"229\" data-end=\"246\">Sanftes Toffee<\/li>\n<li data-start=\"247\" data-end=\"267\">Erdbeer-Eis<\/li>\n<li data-start=\"268\" data-end=\"282\">Tropisch<\/li>\n<li data-start=\"283\" data-end=\"299\">Doppel-Apfel<\/li>\n<li data-start=\"300\" data-end=\"318\" data-is-last-node=\"\">Wassermelonen-Eis<\/li>\n<\/ol>\n<h3 class=\"product-title\">Sind Nikotinbeutel vorteilhaft?<\/h3>\n<article class=\"w-full text-token-text-primary focus-visible:outline-2 focus-visible:outline-offset-[-4px]\" dir=\"auto\" data-testid=\"conversation-turn-32\" data-scroll-anchor=\"false\">\n<div class=\"m-auto text-base py-[18px] px-6\">\n<div class=\"mx-auto flex flex-1 text-base gap-4 md:gap-5 lg:gap-6 md:max-w-3xl lg:max-w-[40rem] xl:max-w-[48rem]\">\n<div class=\"group\/conversation-turn relative flex w-full min-w-0 flex-col @xs\/thread:px-0 @sm\/thread:px-1.5 @md\/thread:px-4\">\n<div class=\"flex-col gap-1 md:gap-3\">\n<div class=\"flex max-w-full flex-col flex-grow\">\n<div class=\"min-h-8 text-message flex w-full flex-col items-end gap-2 whitespace-normal break-words text-start [.text-message+&amp;]:mt-5\" dir=\"auto\" data-message-author-role=\"user\" data-message-id=\"ffac41ca-1db4-431b-873a-32c4052956f1\">\n<div class=\"flex w-full flex-col gap-1 empty:hidden items-end rtl:items-start\">\n<div class=\"relative max-w-[var(--user-chat-width,70%)] rounded-3xl bg-token-message-surface px-5 py-2.5\">\n<div class=\"absolute bottom-0 right-full top-0 -mr-3.5 hidden pr-5 pt-2 [.group\/conversation-turn:hover_&amp;]:flex\">\n<div class=\"flex\"><\/div>\n<\/div>\n<\/div>\n<\/div>\n<\/div>\n<\/div>\n<\/div>\n<\/div>\n<\/div>\n<\/div>\n<\/article>\n<article class=\"w-full text-token-text-primary focus-visible:outline-2 focus-visible:outline-offset-[-4px]\" dir=\"auto\" data-testid=\"conversation-turn-33\" data-scroll-anchor=\"true\">\n<div class=\"m-auto text-base py-[18px] px-6\">\n<div class=\"mx-auto flex flex-1 text-base gap-4 md:gap-5 lg:gap-6 md:max-w-3xl lg:max-w-[40rem] xl:max-w-[48rem]\">\n<div class=\"group\/conversation-turn relative flex w-full min-w-0 flex-col agent-turn @xs\/thread:px-0 @sm\/thread:px-1.5 @md\/thread:px-4\">\n<div class=\"flex-col gap-1 md:gap-3\">\n<div class=\"flex max-w-full flex-col flex-grow\">\n<div class=\"min-h-8 text-message flex w-full flex-col items-end gap-2 whitespace-normal break-words text-start [.text-message+&amp;]:mt-5\" dir=\"auto\" data-message-author-role=\"assistant\" data-message-id=\"e542e950-e3a5-4b1a-98f8-7584a2f9bc41\" data-message-model-slug=\"gpt-4o\">\n<div class=\"flex w-full flex-col gap-1 empty:hidden first:pt-[3px]\">\n<div class=\"markdown prose w-full break-words dark:prose-invert light\">\n<article class=\"w-full text-token-text-primary focus-visible:outline-2 focus-visible:outline-offset-[-4px]\" dir=\"auto\" data-testid=\"conversation-turn-35\" data-scroll-anchor=\"true\">\n<div class=\"m-auto text-base py-[18px] px-6\">\n<div class=\"mx-auto flex flex-1 text-base gap-4 md:gap-5 lg:gap-6 md:max-w-3xl lg:max-w-[40rem] xl:max-w-[48rem]\">\n<div class=\"group\/conversation-turn relative flex w-full min-w-0 flex-col agent-turn @xs\/thread:px-0 @sm\/thread:px-1.5 @md\/thread:px-4\">\n<div class=\"flex-col gap-1 md:gap-3\">\n<div class=\"flex max-w-full flex-col flex-grow\">\n<div class=\"min-h-8 text-message flex w-full flex-col items-end gap-2 whitespace-normal break-words text-start [.text-message+&amp;]:mt-5\" dir=\"auto\" data-message-author-role=\"assistant\" data-message-id=\"19ad7ab6-95d5-4367-834a-f160e402f0d6\" data-message-model-slug=\"gpt-4o\">\n<div class=\"flex w-full flex-col gap-1 empty:hidden first:pt-[3px]\">\n<div class=\"markdown prose w-full break-words dark:prose-invert light\">\n<p>F\u00fcr Raucher, die mit dem Rauchen aufh\u00f6ren wollen, bieten Nikotinbeutel eine sauberere, tabakfreie Alternative. W\u00e4hrend Nikotin selbst Gesundheitsrisiken mit sich bringen kann, eliminieren die Beutel die sch\u00e4dlichen Auswirkungen des Rauchens, was sie zu einer ges\u00fcnderen Option f\u00fcr aktuelle Raucher macht, die ihren Schaden reduzieren m\u00f6chten. Rauchen gilt als die unges\u00fcndeste Art, Nikotin zu konsumieren, daher kann der Wechsel zu Nikotinbeuteln ein positiver Schritt f\u00fcr gesundheitsbewusste Nutzer sein.<\/p>\n<\/div>\n<\/div>\n<\/div>\n<\/div>\n<\/div>\n<\/div>\n<\/div>\n<\/div>\n<\/article>\n<\/div>\n<\/div>\n<\/div>\n<\/div>\n<\/div>\n<\/div>\n<\/div>\n<\/div>\n<\/article>\n<h3>Warum vapestornado f\u00fcr JNR Nikotinbeutel im Gro\u00dfhandel w\u00e4hlen?<\/h3>\n<div class=\"flex-shrink-0 flex flex-col relative items-end\">\n<div class=\"pt-0\">\n<div class=\"gizmo-bot-avatar flex h-8 w-8 items-center justify-center overflow-hidden rounded-full\">\n<div class=\"relative p-1 rounded-sm flex items-center justify-center bg-token-main-surface-primary text-token-text-primary h-8 w-8\">\n<p>Willkommen bei vapestornado, Ihrem vertrauensw\u00fcrdigen Online-Vape-Shop f\u00fcr hochwertige Einweg-Vapes. Mit mehr als 5 Jahren Erfahrung bieten wir Ihnen beliebte Einweg-Vape-Marken wie Fumot RandM Vape, Vapme, Bang Vape, Waspe Vape und WGA Vape, usw.<\/p>\n<p>Unser Sortiment umfasst beliebte Dual-Flavor-Einweg-Vapes wie den <a href=\"https:\/\/vapestornado.com\/de\/product\/bang-king-35k-35000-puffs-2-in-1-dual-flavour-disposable-vape-wholesale-cheap-price\/\">Bang King 35k 35000 Z\u00fcge<\/a>, <a href=\"https:\/\/vapestornado.com\/de\/product\/waspe-crystal-40000-puffs-40k-double-flavor-rechargeable-disposable-vapes-cheap-price\/\">WASPE Crystal 40k Doppelgeschmack<\/a> und geschmacksintensive Optionen wie den <a href=\"https:\/\/vapestornado.com\/de\/product\/razzbar-15000-puffs-rechargeable-disposable-vape-bulk-buy-at-cheap-prices\/\">RAZZBAR 15000 Z\u00fcge<\/a>. Jedes Produkt wird mit Fokus auf Qualit\u00e4t, Wert und Vielfalt ausgew\u00e4hlt, um sicherzustellen, dass Sie die perfekte \u00dcbereinstimmung f\u00fcr Ihre Bed\u00fcrfnisse finden. Entdecken Sie au\u00dfergew\u00f6hnlichen Service und eine breite Palette an Spitzenprodukten zum Gro\u00dfhandelspreis bei vapestornado.<\/p>\n<\/div>\n<h3><\/h3>\n<div class=\"relative p-1 rounded-sm flex items-center justify-center bg-token-main-surface-primary text-token-text-primary h-8 w-8\">\n<h3>FAQs f\u00fcr JNR Nikotinbeutel<\/h3>\n<\/div>\n<\/div>\n<\/div>\n<\/div>\n<div class=\"flex-shrink-0 flex flex-col relative items-end\">\n<div class=\"pt-0\">\n<div class=\"gizmo-bot-avatar flex h-8 w-8 items-center justify-center overflow-hidden rounded-full\">\n<div class=\"relative p-1 rounded-sm flex items-center justify-center bg-token-main-surface-primary text-token-text-primary h-8 w-8\">\n<div class=\"mb-2 flex gap-3 empty:hidden -ml-2\">\n<p data-start=\"42\" data-end=\"510\"><strong data-start=\"42\" data-end=\"152\">1. Was sind die Hauptvorteile der Verwendung von JNR 25mg Nikotinbeuteln im Vergleich zum traditionellen Rauchen oder Dampfen?<\/strong><br data-start=\"152\" data-end=\"155\" \/>JNR 25mg Nikotinbeutel bieten ein saubereres und diskreteres Nikotinerlebnis, ohne rauchen oder dampfen zu m\u00fcssen. Hergestellt aus tabakfreien Inhaltsstoffen, bieten sie eine rauch- und geruchsfreie Option f\u00fcr den Nikotinkonsum. Die schlanken und tragbaren Beutel k\u00f6nnen jederzeit und \u00fcberall verwendet werden, was sie zu einer bequemen Alternative zu traditionellen Tabakprodukten macht.<\/p>\n<p data-start=\"512\" data-end=\"893\"><strong data-start=\"512\" data-end=\"625\">2. Wie lange dauert das Kribbeln bei der Verwendung eines JNR Nikotinbeutels, und was bedeutet es?<\/strong><br data-start=\"625\" data-end=\"628\" \/>Wenn Sie einen JNR 25mg Nikotinbeutel unter Ihre Lippe legen, sp\u00fcren Sie ein Kribbeln, das in der Regel etwa 15 Minuten anh\u00e4lt. Dieses Gef\u00fchl zeigt die Freisetzung von Nikotin an und ist ein Zeichen daf\u00fcr, dass der Beutel wie erwartet funktioniert und einen starken Nikotinsto\u00df liefert.<\/p>\n<p data-start=\"895\" data-end=\"1290\"><strong data-start=\"895\" data-end=\"995\">3. K\u00f6nnen JNR 25mg Nikotinbeutel Rauchern beim Aufh\u00f6ren helfen, und was macht sie zu einer ges\u00fcnderen Alternative?<\/strong><br data-start=\"995\" data-end=\"998\" \/>Ja, JNR Nikotinbeutel k\u00f6nnen Rauchern beim Aufh\u00f6ren helfen, indem sie eine tabakfreie, rauchfreie Option f\u00fcr die Nikotinaufnahme bieten. Da sie keinen Tabak enthalten, eliminieren sie die sch\u00e4dlichen Auswirkungen des Rauchens, was sie zu einer ges\u00fcnderen Alternative f\u00fcr diejenigen macht, die ihren Tabakkonsum reduzieren oder aufgeben m\u00f6chten.<\/p>\n<p data-start=\"1292\" data-end=\"1826\"><strong data-start=\"1292\" data-end=\"1409\">4. Welche Geschmacksrichtungen gibt es f\u00fcr JNR 25mg Nikotinbeutel, und welche bietet das erfrischendste Erlebnis?<\/strong><br data-start=\"1409\" data-end=\"1412\" \/>JNR Nikotinbeutel sind in einer Vielzahl von erfrischenden Geschmacksrichtungen erh\u00e4ltlich, darunter Schwarze Kirsche, Blaue Himbeereis, Heidelbeerminze, Zitrusk\u00fchlung, Beerenmischung, Erdbeereis und mehr. F\u00fcr ein erfrischendes Erlebnis genie\u00dfen viele Nutzer das k\u00fchlende Gef\u00fchl von Geschmacksrichtungen wie Ice-Minze, Blaue Himbeereis und Erdbeereis.<\/p>\n<p data-start=\"1828\" data-end=\"2274\" data-is-last-node=\"\"><strong data-start=\"1828\" data-end=\"1932\">5. Wie sollte ich einen JNR Nikotinbeutel richtig platzieren, um die bequemste und effektivste Anwendung zu gew\u00e4hrleisten?<\/strong><br data-start=\"1932\" data-end=\"1935\" \/>Um einen JNR Nikotinbeutel zu verwenden, legen Sie einfach einen Beutel unter Ihre Ober- oder Unterlippe. Die Wirkung werden Sie innerhalb weniger Minuten sp\u00fcren. Das diskrete Design erm\u00f6glicht es Ihnen, Ihr Nikotinerlebnis ohne Schmutz oder starken Geruch zu genie\u00dfen.<\/p>\n<h2>Wie bestellen?<\/h2>\n<p><strong>1. Welche Zahlungsmethoden akzeptieren Sie?<\/strong><br \/>\nWir akzeptieren IBAN-\u00dcberweisung und <span style=\"font-size: 16px;\">Western Union<\/span>\u00a0f\u00fcr sichere und bequeme Transaktionen.<\/p>\n<p><strong>2. Wie kann ich meine Bestellung verfolgen?<\/strong><br \/>\nNachdem Ihre Bestellung versandt wurde, <span class=\"selectable-text copyable-text false\">werden wir die Sendungsverfolgung st\u00e4ndig aktualisieren, bis Sie die Ware erhalten haben<\/span>.<\/p>\n<p><strong>3. Wie lange ist die voraussichtliche Lieferzeit?<\/strong><\/p>\n<ul>\n<li>Der Versand aus <strong>chinesischen Lagern<\/strong> dauert ungef\u00e4hr <strong>7-14 Werktage<\/strong>.<\/li>\n<li>Der Versand aus <strong>Europ\u00e4ische Lager<\/strong> ben\u00f6tigen in der Regel <strong>3-6 Werktage<\/strong>.<\/li>\n<\/ul>\n<p><strong>4. Wie kann ich eine schnellere Lieferung erhalten?<\/strong><br \/>\nF\u00fcr eine schnellere Lieferung empfehlen wir, in unserem <strong>europ\u00e4ischen Lager<\/strong>zu bestellen, welches k\u00fcrzere Versandzeiten bietet.<\/p>\n<p><strong>5. Wie sende ich einen Artikel zur\u00fcck?<\/strong><br \/>\nUm einen Artikel zur\u00fcckzusenden, kontaktieren Sie unser Kundenservice-Team f\u00fcr detaillierte Anweisungen zum R\u00fcckgabeprozess.<\/p>\n<p><strong>6. Bieten Sie internationalen Versand an?<\/strong><br \/>\nJa, wir versenden in die meisten L\u00e4nder und k\u00fcmmern uns um die <strong>Zollabfertigung<\/strong> f\u00fcr ein reibungsloses Liefererlebnis.<\/p>\n<p><strong>7. Was passiert, wenn ich ein besch\u00e4digtes oder defektes Produkt erhalte?<\/strong><br \/>\nSollte Ihr Artikel besch\u00e4digt oder defekt sein, wenden Sie sich an den Kundendienst, um einen <strong>Ersatz oder eine R\u00fcckerstattung<\/strong>.<\/p>\n<p><strong>zu erhalten.<\/strong><br \/>\n8. Wie kann ich den Kundendienst kontaktieren? <strong>Sie erreichen uns per<\/strong> E-Mail, WhatsApp oder Live-Chat<\/p>\n<\/div>\n<\/div>\n<\/div>\n<\/div>\n<\/div>","protected":false},"excerpt":{"rendered":"<p>JNR Nikotinbeutel 25mg Gro\u00dfhandel<br \/>\nBestseller JNR Nikotinbeutel 25mg Gro\u00dfkauf<br \/>\nBeste JNR Nikotinbeutel 25mg G\u00fcnstiger Preis<\/p>\n<p><strong>F\u00fcge Amy auf WhatsApp hinzu, um sofort eine Antwort und einen Vape-Gutschein zu erhalten!<\/strong><\/p>\n<p><img fetchpriority=\"high\" decoding=\"async\" class=\"size-full wp-image-2932\" src=\"https:\/\/vapestornado.com\/wp-content\/uploads\/2024\/12\/Vape-Wholesale.jpg\" alt=\"Vape-Gro\u00dfhandel\" width=\"229\" height=\"300\" \/><\/p>\n<h3><a href=\"https:\/\/wa.me\/8617776015835\"><span style=\"color: #ff0000;\"><strong>WhatsApp: +86 17776015835<\/strong><\/span><\/a><\/h3>\n<p>&nbsp;<\/p>","protected":false},"featured_media":3777,"comment_status":"open","ping_status":"closed","template":"","meta":{"_acf_changed":false,"_uag_custom_page_level_css":"","_lmt_disableupdate":"no","_lmt_disable":"","_monsterinsights_skip_tracking":false,"_monsterinsights_sitenote_active":false,"_monsterinsights_sitenote_note":"","_monsterinsights_sitenote_category":0,"site-sidebar-layout":"default","site-content-layout":"","ast-site-content-layout":"default","site-content-style":"default","site-sidebar-style":"default","ast-global-header-display":"","ast-banner-title-visibility":"","ast-main-header-display":"","ast-hfb-above-header-display":"","ast-hfb-below-header-display":"","ast-hfb-mobile-header-display":"","site-post-title":"","ast-breadcrumbs-content":"","ast-featured-img":"","footer-sml-layout":"","ast-disable-related-posts":"","theme-transparent-header-meta":"default","adv-header-id-meta":"","stick-header-meta":"","header-above-stick-meta":"","header-main-stick-meta":"","header-below-stick-meta":"","astra-migrate-meta-layouts":"set","ast-page-background-enabled":"default","ast-page-background-meta":{"desktop":{"background-color":"","background-image":"","background-repeat":"repeat","background-position":"center center","background-size":"auto","background-attachment":"scroll","background-type":"","background-media":"","overlay-type":"","overlay-color":"","overlay-opacity":"","overlay-gradient":""},"tablet":{"background-color":"","background-image":"","background-repeat":"repeat","background-position":"center center","background-size":"auto","background-attachment":"scroll","background-type":"","background-media":"","overlay-type":"","overlay-color":"","overlay-opacity":"","overlay-gradient":""},"mobile":{"background-color":"","background-image":"","background-repeat":"repeat","background-position":"center center","background-size":"auto","background-attachment":"scroll","background-type":"","background-media":"","overlay-type":"","overlay-color":"","overlay-opacity":"","overlay-gradient":""}},"ast-content-background-meta":{"desktop":{"background-color":"var(--ast-global-color-5)","background-image":"","background-repeat":"repeat","background-position":"center center","background-size":"auto","background-attachment":"scroll","background-type":"","background-media":"","overlay-type":"","overlay-color":"","overlay-opacity":"","overlay-gradient":""},"tablet":{"background-color":"var(--ast-global-color-5)","background-image":"","background-repeat":"repeat","background-position":"center center","background-size":"auto","background-attachment":"scroll","background-type":"","background-media":"","overlay-type":"","overlay-color":"","overlay-opacity":"","overlay-gradient":""},"mobile":{"background-color":"var(--ast-global-color-5)","background-image":"","background-repeat":"repeat","background-position":"center center","background-size":"auto","background-attachment":"scroll","background-type":"","background-media":"","overlay-type":"","overlay-color":"","overlay-opacity":"","overlay-gradient":""}},"_joinchat":{"telephone":"17776015835"}},"product_brand":[],"product_cat":[19,140,149,150,152,157],"product_tag":[244,242,243],"class_list":{"0":"post-3788","1":"product","2":"type-product","3":"status-publish","4":"has-post-thumbnail","6":"product_cat-vapes","7":"product_cat-big-puffs-disposable-vapes","8":"product_cat-buy-disposable-vapes-in-austria","9":"product_cat-buy-disposable-vapes-in-belgium","10":"product_cat-buy-disposable-vapes-in-cermany","11":"product_cat-buy-disposable-vapes-in-portugal","12":"product_tag-jnr-nicotine-pouches","13":"product_tag-jnr-nicotine-pouches-25mg","14":"product_tag-nicotine-pouches","15":"desktop-align-left","16":"tablet-align-left","17":"mobile-align-left","19":"first","20":"instock","21":"sale","22":"shipping-taxable","23":"purchasable","24":"product-type-simple"},"acf":[],"uagb_featured_image_src":{"full":["https:\/\/vapestornado.com\/wp-content\/uploads\/2025\/02\/JNR-Nicotine-Pouches-Wholesale.webp",1000,1000,false],"thumbnail":["https:\/\/vapestornado.com\/wp-content\/uploads\/2025\/02\/JNR-Nicotine-Pouches-Wholesale-150x150.webp",150,150,true],"medium":["https:\/\/vapestornado.com\/wp-content\/uploads\/2025\/02\/JNR-Nicotine-Pouches-Wholesale-300x300.webp",300,300,true],"medium_large":["https:\/\/vapestornado.com\/wp-content\/uploads\/2025\/02\/JNR-Nicotine-Pouches-Wholesale-768x768.webp",768,768,true],"large":["https:\/\/vapestornado.com\/wp-content\/uploads\/2025\/02\/JNR-Nicotine-Pouches-Wholesale.webp",1000,1000,false],"1536x1536":["https:\/\/vapestornado.com\/wp-content\/uploads\/2025\/02\/JNR-Nicotine-Pouches-Wholesale.webp",1000,1000,false],"2048x2048":["https:\/\/vapestornado.com\/wp-content\/uploads\/2025\/02\/JNR-Nicotine-Pouches-Wholesale.webp",1000,1000,false],"trp-custom-language-flag":["https:\/\/vapestornado.com\/wp-content\/uploads\/2025\/02\/JNR-Nicotine-Pouches-Wholesale.webp",12,12,false],"woocommerce_thumbnail":["https:\/\/vapestornado.com\/wp-content\/uploads\/2025\/02\/JNR-Nicotine-Pouches-Wholesale-300x300.webp",300,300,true],"woocommerce_single":["https:\/\/vapestornado.com\/wp-content\/uploads\/2025\/02\/JNR-Nicotine-Pouches-Wholesale-600x600.webp",600,600,true],"woocommerce_gallery_thumbnail":["https:\/\/vapestornado.com\/wp-content\/uploads\/2025\/02\/JNR-Nicotine-Pouches-Wholesale-100x100.webp",100,100,true]},"uagb_author_info":{"display_name":"ESAMY","author_link":"https:\/\/vapestornado.com\/de\/author\/"},"uagb_comment_info":0,"uagb_excerpt":"JNR Nicotine Pouches 25mg Wholesale Hot Selling JNR Nicotine Pouches 25mg Bulk Buy Best JNR Nicotine Pouches 25mg Cheap Price Add Amy's whatsapp get right reply and vape vape coupon! WhatsApp: +86 17776015835 &nbsp;","_links":{"self":[{"href":"https:\/\/vapestornado.com\/de\/wp-json\/wp\/v2\/product\/3788","targetHints":{"allow":["GET"]}}],"collection":[{"href":"https:\/\/vapestornado.com\/de\/wp-json\/wp\/v2\/product"}],"about":[{"href":"https:\/\/vapestornado.com\/de\/wp-json\/wp\/v2\/types\/product"}],"replies":[{"embeddable":true,"href":"https:\/\/vapestornado.com\/de\/wp-json\/wp\/v2\/comments?post=3788"}],"wp:featuredmedia":[{"embeddable":true,"href":"https:\/\/vapestornado.com\/de\/wp-json\/wp\/v2\/media\/3777"}],"wp:attachment":[{"href":"https:\/\/vapestornado.com\/de\/wp-json\/wp\/v2\/media?parent=3788"}],"wp:term":[{"taxonomy":"product_brand","embeddable":true,"href":"https:\/\/vapestornado.com\/de\/wp-json\/wp\/v2\/product_brand?post=3788"},{"taxonomy":"product_cat","embeddable":true,"href":"https:\/\/vapestornado.com\/de\/wp-json\/wp\/v2\/product_cat?post=3788"},{"taxonomy":"product_tag","embeddable":true,"href":"https:\/\/vapestornado.com\/de\/wp-json\/wp\/v2\/product_tag?post=3788"}],"curies":[{"name":"wp","href":"https:\/\/api.w.org\/{rel}","templated":true}]}}