{"id":3753,"date":"2025-01-17T08:42:15","date_gmt":"2025-01-17T08:42:15","guid":{"rendered":"https:\/\/vapestornado.com\/?post_type=product&#038;p=3753"},"modified":"2025-08-23T09:30:14","modified_gmt":"2025-08-23T09:30:14","slug":"bang-tornado-40000-puffs-disposable-vape-big-smart-screen-vapor","status":"publish","type":"product","link":"https:\/\/vapestornado.com\/de\/product\/bang-tornado-40000-puffs-disposable-vape-big-smart-screen-vapor\/","title":{"rendered":"Bang Tornado 40000 Puffs Einweg-Vape Gro\u00dfer intelligenter Bildschirm Dampfer"},"content":{"rendered":"<h1>\u00a0Bang Tornado 40000 Puffs Einweg-Vape Gro\u00dfer intelligenter Bildschirm Dampfer<\/h1>\n<p>&nbsp;<\/p>\n<div role=\"article\" data-tabster=\"{&quot;groupper&quot;:{&quot;tabbability&quot;:2},&quot;focusable&quot;:{}}\" data-content=\"ai-message\" aria-labelledby=\"64JRvXrTnY7mRmPkEQLLT-author 64JRvXrTnY7mRmPkEQLLT-content\">\n<div id=\"64JRvXrTnY7mRmPkEQLLT-content\">\n<p data-start=\"328\" data-end=\"622\">Der <strong data-start=\"332\" data-end=\"376\">Bang Tornado 40000 Z\u00fcge Einweg-Vape<\/strong> ist auf Kapazit\u00e4t und fortschrittliche Leistung ausgelegt, was es zu einer starken Option f\u00fcr Gro\u00dfhandelsk\u00e4ufer und Vape-Shops macht. Mit einem <strong data-start=\"495\" data-end=\"528\">40 ml vorgef\u00fcllten E-Liquid-Tank<\/strong> und bis zu <strong data-start=\"539\" data-end=\"555\">40.000 Z\u00fcge<\/strong>gew\u00e4hrleistet es lang anhaltende Sitzungen ohne h\u00e4ufigen Austausch.<\/p>\n<p data-start=\"624\" data-end=\"892\">Angetrieben von einem <strong data-start=\"638\" data-end=\"669\">850mAh wiederaufladbare Batterie<\/strong> mit <strong data-start=\"675\" data-end=\"699\">Type-C-Schnellladung<\/strong>bietet der Bang Tornado 40K eine konstante Leistung f\u00fcr l\u00e4ngere Nutzung. Sein <strong data-start=\"770\" data-end=\"795\">0,5\u03a9 Triple-Mesh-Coil<\/strong> verbessert die Dampfdichte und den Geschmacksreichtum, indem er bei jedem Zug eine sanfte, gleichm\u00e4\u00dfige Erw\u00e4rmung liefert.<\/p>\n<p data-start=\"894\" data-end=\"1089\">Entworfen mit einem <strong data-start=\"910\" data-end=\"940\">gro\u00dfer, intelligenter Bildschirm<\/strong>k\u00f6nnen Benutzer Leistung und Nutzung in Echtzeit \u00fcberwachen. Die ergonomische Bauweise und das schlanke Design machen es tragbar, zuverl\u00e4ssig und bequem f\u00fcr den t\u00e4glichen Gebrauch.<\/p>\n<p data-start=\"1091\" data-end=\"1294\">F\u00fcr Gro\u00dfh\u00e4ndler und H\u00e4ndler bietet der <strong data-start=\"1129\" data-end=\"1162\">Bang Tornado 40000 Z\u00fcge Vape<\/strong> kombiniert eine hohe Zugkapazit\u00e4t, wiederaufladbare Effizienz und erstklassige Verarbeitungsqualit\u00e4t und bietet eine starke Marktanziehungskraft und Rentabilit\u00e4t.<\/p>\n<p><img fetchpriority=\"high\" decoding=\"async\" class=\"size-medium wp-image-2951\" src=\"https:\/\/vapestornado.com\/wp-content\/uploads\/2024\/12\/Wholesale-Disposable-Vape-265x300.jpg\" alt=\"Einweg-Vape im Gro\u00dfhandel\" width=\"265\" height=\"300\" srcset=\"https:\/\/vapestornado.com\/wp-content\/uploads\/2024\/12\/Wholesale-Disposable-Vape-265x300.jpg 265w, https:\/\/vapestornado.com\/wp-content\/uploads\/2024\/12\/Wholesale-Disposable-Vape-768x871.jpg 768w, https:\/\/vapestornado.com\/wp-content\/uploads\/2024\/12\/Wholesale-Disposable-Vape-600x680.jpg 600w, https:\/\/vapestornado.com\/wp-content\/uploads\/2024\/12\/Wholesale-Disposable-Vape.jpg 823w\" sizes=\"(max-width: 265px) 100vw, 265px\" \/><\/p>\n<h5>Bitte kontaktieren Sie Mandys WhatsApp f\u00fcr einen Rabattpreis:<a href=\"https:\/\/wa.me\/8618077105796\" target=\"_blank\" rel=\"noopener\">+8618077105796<\/a><\/h5>\n<p>&nbsp;<\/p>\n<\/div>\n<\/div>\n<div class=\"mb-2 flex gap-3 empty:hidden -ml-2\">\n<h2 class=\"sr-proMainInfo-baseInfoH1 J-baseInfo-name\">\u00a0Bang 40000 Puffs wiederaufladbare Vapes Hauptmerkmale:<\/h2>\n<ul>\n<li><strong>40 ml E-Liquid-Kapazit\u00e4t<\/strong> f\u00fcr bis zu <strong>40.000 Z\u00fcge<\/strong><\/li>\n<li><strong>850mAh wiederaufladbare Batterie<\/strong> mit <strong>Typ-C-Ladeanschluss<\/strong><\/li>\n<li><strong>0,5-Ohm-Drei-Mesh-Spule<\/strong> f\u00fcr sanften Dampf und verbesserten Geschmack<\/li>\n<li><strong>Einstellbare Leistung<\/strong> f\u00fcr personalisiertes Dampferlebnis<\/li>\n<li><strong>Langlebig<\/strong> und praktisch f\u00fcr den l\u00e4ngeren Gebrauch<\/li>\n<li>Schlankes, <strong>ergonomisches Design<\/strong> f\u00fcr Tragbarkeit<\/li>\n<li>Ideal f\u00fcr Gelegenheits- und erfahrene Dampfer<\/li>\n<\/ul>\n<\/div>\n<h2 class=\"sr-proMainInfo-baseInfoH1 J-baseInfo-name\">Bang Tornado 40000 Puff Gro\u00dfhandel Vapes Geschmack:<\/h2>\n<p>1.Erdbeere Wassermelone<br \/>\n2.Wassermelone<br \/>\n3.LIEBE 66<br \/>\n4.Energy-Drink<br \/>\n5.Erdbeere Kiwi<br \/>\n6. Blaubeere Zitrone<br \/>\n7. Blaubeere Trauben<br \/>\n8. Blaubeere Himbeere<br \/>\n9. Mango Pfirsich<br \/>\n10. Dreifachbeere<br \/>\n11. Doppel Apfel<br \/>\n12. Pfirsich Eis<\/p>\n<div role=\"article\" data-tabster=\"{&quot;groupper&quot;:{&quot;tabbability&quot;:2},&quot;focusable&quot;:{}}\" data-content=\"ai-message\" aria-labelledby=\"dARUyEWDoEYhnSPXFwx5A-author dARUyEWDoEYhnSPXFwx5A-content\">\n<div id=\"dARUyEWDoEYhnSPXFwx5A-content\">\n<h3><strong>Warum kaufen <\/strong>Bang Tornado 40k Puff Dampf <strong>von vapestornado?<\/strong><\/h3>\n<div class=\"flex max-w-full flex-col flex-grow\">\n<div class=\"min-h-8 text-message flex w-full flex-col items-end gap-2 whitespace-normal break-words text-start [.text-message+&amp;]:mt-5\" dir=\"auto\" data-message-author-role=\"assistant\" data-message-id=\"8ec0866b-3616-4b38-8c41-2e75d00fce2d\" data-message-model-slug=\"gpt-4o-mini\">\n<div class=\"flex w-full flex-col gap-1 empty:hidden first:pt-[3px]\">\n<div class=\"markdown prose w-full break-words dark:prose-invert light\">\n<ul>\n<li><strong>Premium Qualit\u00e4t<\/strong>: vapestornado bietet authentische, qualitativ hochwertige Bang Tornado 40000 Puffs, die ein erstklassiges Dampferlebnis mit sanftem Dampf und reichem Geschmack gew\u00e4hrleisten.<\/li>\n<li><strong>Wettbewerbsf\u00e4hige Preise<\/strong>: Profitieren Sie von wettbewerbsf\u00e4higen Gro\u00dfhandelspreisen f\u00fcr Gro\u00dfeink\u00e4ufe, ideal f\u00fcr Einzelpersonen und Unternehmen.<\/li>\n<li><strong>Schneller Versand<\/strong>: vapestornado gew\u00e4hrleistet eine schnelle und zuverl\u00e4ssige Lieferung, damit Sie Ihr Produkt ohne Verz\u00f6gerung genie\u00dfen k\u00f6nnen.<\/li>\n<li><strong>Ausgezeichneter Kundenservice<\/strong>: Ein engagiertes Support-Team steht Ihnen bei Fragen oder Anliegen zur Seite und sorgt f\u00fcr ein reibungsloses Kauferlebnis.<\/li>\n<li><strong>Gro\u00dfe Auswahl<\/strong>: vapestornado bietet eine Vielzahl von Geschmacksrichtungen und Optionen, sodass Sie die perfekte Wahl f\u00fcr Ihre Vorlieben treffen k\u00f6nnen.<\/li>\n<li><strong>Sicheres Einkaufen<\/strong>: Mit einem Bekenntnis zur Kundensicherheit garantiert vapestornado sichere Zahlungsoptionen und Transaktionen.<\/li>\n<\/ul>\n<\/div>\n<\/div>\n<\/div>\n<\/div>\n<div class=\"mb-2 flex gap-3 empty:hidden -ml-2\">\n<div class=\"items-center justify-start rounded-xl p-1 flex\"><\/div>\n<\/div>\n<\/div>\n<\/div>\n<h3>FAQs zu den Bang Tornado 40000 Puffs Einweg-Vapes<\/h3>\n<ul>\n<li><strong>Wie lange h\u00e4lt der Bang Tornado 40.000 Puffs Vape?<\/strong><br \/>\nDer Bang Tornado 40.000 Puffs h\u00e4lt je nach Nutzung bis zu 40.000 Z\u00fcge. Mit einer gro\u00dfen 40-ml-E-Liquid-Kapazit\u00e4t bietet er l\u00e4ngeres Dampfen ohne h\u00e4ufigen Austausch.<\/li>\n<li><strong>Wie lade ich die Bang Tornado 40.000 Puff-Vapes auf?<\/strong><br \/>\nDas Ger\u00e4t ist mit einem <strong>850mAh wiederaufladbare Batterie<\/strong> und einem <strong>Typ-C-Ladeanschluss<\/strong>, was ein schnelles und effizientes Aufladen erm\u00f6glicht, wenn die Batterie schwach wird.<\/li>\n<li><strong>Welchen Widerstand hat die Spule im Bang Tornado 40.000 Puffs Vape?<\/strong><br \/>\nDas Ger\u00e4t verwendet einen <strong>0,5-Ohm-Drei-Mesh-Spule<\/strong> f\u00fcr eine sanftere Dampfproduktion und verbesserten Geschmack, was ein erstklassiges Dampferlebnis bietet.<\/li>\n<li><strong>In welcher Nikotinst\u00e4rke ist der Bang Tornado 40.000 Puffs zum g\u00fcnstigen Preis erh\u00e4ltlich?<\/strong><br \/>\nDer Bang Tornado 40.000 Puffs ist typischerweise in verschiedenen Nikotinst\u00e4rken (normalerweise 2% oder 5%) erh\u00e4ltlich, um unterschiedlichen Vorlieben gerecht zu werden.<\/li>\n<\/ul>","protected":false},"excerpt":{"rendered":"<ul>\n<li><strong>High-End Bang Tornado 40K Puff Einweg-Vape-Stift<\/strong><\/li>\n<li><strong>Langlebiges Bang Tornado 40K Puffs wiederaufladbares Vape-Ger\u00e4t<\/strong><\/li>\n<li><strong>Bang Tornado 40K Puffs E-Zigarette mit anpassbaren Ice-Geschmacks-Pods<\/strong><\/li>\n<\/ul>\n<figure id=\"attachment_2951\" aria-describedby=\"caption-attachment-2951\" style=\"width: 265px\" class=\"wp-caption alignnone\"><img fetchpriority=\"high\" decoding=\"async\" class=\"size-medium wp-image-2951\" src=\"https:\/\/vapestornado.com\/wp-content\/uploads\/2024\/12\/Wholesale-Disposable-Vape-265x300.jpg\" alt=\"Einweg-Vape im Gro\u00dfhandel\" width=\"265\" height=\"300\" srcset=\"https:\/\/vapestornado.com\/wp-content\/uploads\/2024\/12\/Wholesale-Disposable-Vape-265x300.jpg 265w, https:\/\/vapestornado.com\/wp-content\/uploads\/2024\/12\/Wholesale-Disposable-Vape-768x871.jpg 768w, https:\/\/vapestornado.com\/wp-content\/uploads\/2024\/12\/Wholesale-Disposable-Vape-600x680.jpg 600w, https:\/\/vapestornado.com\/wp-content\/uploads\/2024\/12\/Wholesale-Disposable-Vape.jpg 823w\" sizes=\"(max-width: 265px) 100vw, 265px\" \/><figcaption id=\"caption-attachment-2951\" class=\"wp-caption-text\">F\u00fcr Rabattpreis kontaktieren Sie bitte Mandys WhatsApp\u00a0 <a href=\"https:\/\/wa.me\/8618077105796\">+8618077105796<\/a><\/figcaption><\/figure>\n<p>&nbsp;<\/p>","protected":false},"featured_media":3746,"comment_status":"open","ping_status":"closed","template":"","meta":{"_acf_changed":false,"_uag_custom_page_level_css":"","_lmt_disableupdate":"no","_lmt_disable":"","_monsterinsights_skip_tracking":false,"_monsterinsights_sitenote_active":false,"_monsterinsights_sitenote_note":"","_monsterinsights_sitenote_category":0,"site-sidebar-layout":"default","site-content-layout":"","ast-site-content-layout":"default","site-content-style":"default","site-sidebar-style":"default","ast-global-header-display":"","ast-banner-title-visibility":"","ast-main-header-display":"","ast-hfb-above-header-display":"","ast-hfb-below-header-display":"","ast-hfb-mobile-header-display":"","site-post-title":"","ast-breadcrumbs-content":"","ast-featured-img":"","footer-sml-layout":"","ast-disable-related-posts":"","theme-transparent-header-meta":"default","adv-header-id-meta":"","stick-header-meta":"","header-above-stick-meta":"","header-main-stick-meta":"","header-below-stick-meta":"","astra-migrate-meta-layouts":"set","ast-page-background-enabled":"default","ast-page-background-meta":{"desktop":{"background-color":"","background-image":"","background-repeat":"repeat","background-position":"center center","background-size":"auto","background-attachment":"scroll","background-type":"","background-media":"","overlay-type":"","overlay-color":"","overlay-opacity":"","overlay-gradient":""},"tablet":{"background-color":"","background-image":"","background-repeat":"repeat","background-position":"center center","background-size":"auto","background-attachment":"scroll","background-type":"","background-media":"","overlay-type":"","overlay-color":"","overlay-opacity":"","overlay-gradient":""},"mobile":{"background-color":"","background-image":"","background-repeat":"repeat","background-position":"center center","background-size":"auto","background-attachment":"scroll","background-type":"","background-media":"","overlay-type":"","overlay-color":"","overlay-opacity":"","overlay-gradient":""}},"ast-content-background-meta":{"desktop":{"background-color":"var(--ast-global-color-5)","background-image":"","background-repeat":"repeat","background-position":"center center","background-size":"auto","background-attachment":"scroll","background-type":"","background-media":"","overlay-type":"","overlay-color":"","overlay-opacity":"","overlay-gradient":""},"tablet":{"background-color":"var(--ast-global-color-5)","background-image":"","background-repeat":"repeat","background-position":"center center","background-size":"auto","background-attachment":"scroll","background-type":"","background-media":"","overlay-type":"","overlay-color":"","overlay-opacity":"","overlay-gradient":""},"mobile":{"background-color":"var(--ast-global-color-5)","background-image":"","background-repeat":"repeat","background-position":"center center","background-size":"auto","background-attachment":"scroll","background-type":"","background-media":"","overlay-type":"","overlay-color":"","overlay-opacity":"","overlay-gradient":""}},"_joinchat":[]},"product_brand":[],"product_cat":[140,65,62,151,154,159,146,148],"product_tag":[212,97,98],"class_list":{"0":"post-3753","1":"product","2":"type-product","3":"status-publish","4":"has-post-thumbnail","6":"product_cat-big-puffs-disposable-vapes","7":"product_cat-40000-puff","8":"product_cat-bang-vape","9":"product_cat-buy-disposable-vapes-in-france","10":"product_cat-buy-disposable-vapes-in-netherlands","11":"product_cat-buy-disposable-vapes-in-sweden","12":"product_cat-rechargeable-disposable-vapes","13":"product_cat-tornado-disposable-vapes","14":"product_tag-bang-vape-40000","15":"product_tag-hot-sale-disposable-vape","16":"product_tag-wholesale-price-disposable-vape","17":"desktop-align-left","18":"tablet-align-left","19":"mobile-align-left","21":"first","22":"instock","23":"sale","24":"shipping-taxable","25":"purchasable","26":"product-type-simple"},"acf":[],"uagb_featured_image_src":{"full":["https:\/\/vapestornado.com\/wp-content\/uploads\/2025\/01\/Bang-Tornado-40K-Puff-Adjustable-Power-Disposable-Vape.webp",800,800,false],"thumbnail":["https:\/\/vapestornado.com\/wp-content\/uploads\/2025\/01\/Bang-Tornado-40K-Puff-Adjustable-Power-Disposable-Vape-150x150.webp",150,150,true],"medium":["https:\/\/vapestornado.com\/wp-content\/uploads\/2025\/01\/Bang-Tornado-40K-Puff-Adjustable-Power-Disposable-Vape-300x300.webp",300,300,true],"medium_large":["https:\/\/vapestornado.com\/wp-content\/uploads\/2025\/01\/Bang-Tornado-40K-Puff-Adjustable-Power-Disposable-Vape-768x768.webp",768,768,true],"large":["https:\/\/vapestornado.com\/wp-content\/uploads\/2025\/01\/Bang-Tornado-40K-Puff-Adjustable-Power-Disposable-Vape.webp",800,800,false],"1536x1536":["https:\/\/vapestornado.com\/wp-content\/uploads\/2025\/01\/Bang-Tornado-40K-Puff-Adjustable-Power-Disposable-Vape.webp",800,800,false],"2048x2048":["https:\/\/vapestornado.com\/wp-content\/uploads\/2025\/01\/Bang-Tornado-40K-Puff-Adjustable-Power-Disposable-Vape.webp",800,800,false],"trp-custom-language-flag":["https:\/\/vapestornado.com\/wp-content\/uploads\/2025\/01\/Bang-Tornado-40K-Puff-Adjustable-Power-Disposable-Vape.webp",12,12,false],"woocommerce_thumbnail":["https:\/\/vapestornado.com\/wp-content\/uploads\/2025\/01\/Bang-Tornado-40K-Puff-Adjustable-Power-Disposable-Vape-300x300.webp",300,300,true],"woocommerce_single":["https:\/\/vapestornado.com\/wp-content\/uploads\/2025\/01\/Bang-Tornado-40K-Puff-Adjustable-Power-Disposable-Vape-600x600.webp",600,600,true],"woocommerce_gallery_thumbnail":["https:\/\/vapestornado.com\/wp-content\/uploads\/2025\/01\/Bang-Tornado-40K-Puff-Adjustable-Power-Disposable-Vape-100x100.webp",100,100,true]},"uagb_author_info":{"display_name":"ESMANDY","author_link":"https:\/\/vapestornado.com\/de\/author\/"},"uagb_comment_info":0,"uagb_excerpt":"High-End Bang Tornado 40K Puff Disposable Vape Pen Durable Bang Tornado 40K Puffs Rechargeable Vape Device Bang Tornado 40K Puffs E-Cig with Customizable Ice Flavor Pods [caption id=\"attachment_2951\" align=\"alignnone\" width=\"265\"] Pls Contact Mandy's WhatsApp For Discount Price\u00a0 +8618077105796[\/caption] &nbsp;","_links":{"self":[{"href":"https:\/\/vapestornado.com\/de\/wp-json\/wp\/v2\/product\/3753","targetHints":{"allow":["GET"]}}],"collection":[{"href":"https:\/\/vapestornado.com\/de\/wp-json\/wp\/v2\/product"}],"about":[{"href":"https:\/\/vapestornado.com\/de\/wp-json\/wp\/v2\/types\/product"}],"replies":[{"embeddable":true,"href":"https:\/\/vapestornado.com\/de\/wp-json\/wp\/v2\/comments?post=3753"}],"wp:featuredmedia":[{"embeddable":true,"href":"https:\/\/vapestornado.com\/de\/wp-json\/wp\/v2\/media\/3746"}],"wp:attachment":[{"href":"https:\/\/vapestornado.com\/de\/wp-json\/wp\/v2\/media?parent=3753"}],"wp:term":[{"taxonomy":"product_brand","embeddable":true,"href":"https:\/\/vapestornado.com\/de\/wp-json\/wp\/v2\/product_brand?post=3753"},{"taxonomy":"product_cat","embeddable":true,"href":"https:\/\/vapestornado.com\/de\/wp-json\/wp\/v2\/product_cat?post=3753"},{"taxonomy":"product_tag","embeddable":true,"href":"https:\/\/vapestornado.com\/de\/wp-json\/wp\/v2\/product_tag?post=3753"}],"curies":[{"name":"wp","href":"https:\/\/api.w.org\/{rel}","templated":true}]}}