{"id":3745,"date":"2025-01-14T09:29:58","date_gmt":"2025-01-14T09:29:58","guid":{"rendered":"https:\/\/vapestornado.com\/?post_type=product&#038;p=3745"},"modified":"2025-08-23T09:30:57","modified_gmt":"2025-08-23T09:30:57","slug":"high-capacity-bang-28000-puffs-disposable-e-cigarette","status":"publish","type":"product","link":"https:\/\/vapestornado.com\/de\/product\/high-capacity-bang-28000-puffs-disposable-e-cigarette\/","title":{"rendered":"Bang 28000 Z\u00fcge Einweg-E-Zigarette mit hoher Kapazit\u00e4t"},"content":{"rendered":"<h1>Bang 28000 Z\u00fcge Einweg-E-Zigarette mit hoher Kapazit\u00e4t<\/h1>\n<p>&nbsp;<\/p>\n<div role=\"article\" data-tabster=\"{&quot;groupper&quot;:{&quot;tabbability&quot;:2},&quot;focusable&quot;:{}}\" data-content=\"ai-message\" aria-labelledby=\"64JRvXrTnY7mRmPkEQLLT-author 64JRvXrTnY7mRmPkEQLLT-content\">\n<div id=\"64JRvXrTnY7mRmPkEQLLT-content\">\n<p data-start=\"313\" data-end=\"602\">Der <strong data-start=\"317\" data-end=\"353\">Bang 28000 Puffs Einweg-Vape<\/strong> liefert verl\u00e4ngerte Leistung und Komfort mit einem riesigen <strong data-start=\"415\" data-end=\"439\">Kapazit\u00e4t von 28.000 Z\u00fcgen<\/strong> und einem <strong data-start=\"446\" data-end=\"479\">30ml vorgef\u00fcllten E-Liquid-Beh\u00e4lter<\/strong>. Verwendung <strong data-start=\"487\" data-end=\"520\">fortschrittliche Mesh-Coil-Technologie<\/strong>, es sorgt f\u00fcr konsistenten Geschmack und gleichm\u00e4\u00dfige Dampferzeugung von Anfang bis Ende.<\/p>\n<p data-start=\"604\" data-end=\"814\">Erh\u00e4ltlich in <strong data-start=\"617\" data-end=\"656\">0%, 2%, 3% und 5% Nikotinoptionen<\/strong>, der Bang 28K erf\u00fcllt alle Vorlieben, w\u00e4hrend die <strong data-start=\"708\" data-end=\"732\">einstellbare Eis-Funktion<\/strong> Funktion es den Nutzern erm\u00f6glicht, die K\u00fchlintensit\u00e4t f\u00fcr einen erfrischenden Menthol-Effekt anzupassen.<\/p>\n<p data-start=\"816\" data-end=\"1116\">Angetrieben von einem <strong data-start=\"829\" data-end=\"860\">650mAh wiederaufladbarer Akku<\/strong> mit <strong data-start=\"866\" data-end=\"890\">Type-C-Schnellladung<\/strong>, dieses Ger\u00e4t minimiert Ausfallzeiten und unterst\u00fctzt zuverl\u00e4ssigen ganzt\u00e4gigen Gebrauch. Sein <strong data-start=\"962\" data-end=\"1001\">Direct-to-Lung (DTL) Luftstrom-Design<\/strong> produziert dichte Dampfwolken und kr\u00e4ftige Aromen, was es ideal f\u00fcr Dampfer macht, die sowohl Kapazit\u00e4t als auch Leistung w\u00fcnschen.<\/p>\n<p data-start=\"1118\" data-end=\"1279\">F\u00fcr Gro\u00dfh\u00e4ndler und H\u00e4ndler bietet der <strong data-start=\"1156\" data-end=\"1181\">Bang 28000 Z\u00fcge Vape<\/strong> hohen Reiz durch gro\u00dfe Zugzahl, Anpassungsoptionen und zuverl\u00e4ssige Verarbeitungsqualit\u00e4t.<\/p>\n<hr data-start=\"1281\" data-end=\"1284\" \/>\n<h3 data-start=\"1286\" data-end=\"1312\">SEO Meta-Beschreibung<\/h3>\n<\/div>\n<\/div>\n<div class=\"flex max-w-full flex-col flex-grow\">\n<div class=\"min-h-8 text-message flex w-full flex-col items-end gap-2 whitespace-normal break-words text-start [.text-message+&amp;]:mt-5\" dir=\"auto\" data-message-author-role=\"assistant\" data-message-id=\"cdb991c0-f594-4bff-b2d5-fbbdd7ce9e54\" data-message-model-slug=\"gpt-4o-mini\">\n<div class=\"flex w-full flex-col gap-1 empty:hidden first:pt-[3px]\">\n<div class=\"markdown prose w-full break-words dark:prose-invert light\"><\/div>\n<\/div>\n<\/div>\n<\/div>\n<div class=\"mb-2 flex gap-3 empty:hidden -ml-2\">\n<h2 class=\"sr-proMainInfo-baseInfoH1 J-baseInfo-name\">Meistverkaufte 28000-Puff-Bang-Einweg-Vapes Hauptmerkmale:<\/h2>\n<ul>\n<li><strong>Massive Puff-Anzahl<\/strong>: Liefert bis zu <strong>28.000 Z\u00fcge<\/strong>, was l\u00e4ngere Dampfsitzungen ohne h\u00e4ufigen Austausch erm\u00f6glicht.<\/li>\n<li><strong>Gro\u00dfz\u00fcgiges E-Liquid-Fassungsverm\u00f6gen<\/strong>: Vorgef\u00fcllt mit <strong>30 ml hochwertiges Vape-Liquid<\/strong> f\u00fcr gleichbleibenden Geschmack und sanfte Dampfproduktion.<\/li>\n<li><strong>Anpassbare Nikotinst\u00e4rken<\/strong>: Verf\u00fcgbar in <strong>0%, 2%, 3% oder 5% Nikotin<\/strong>, um unterschiedlichen Vorlieben und Dampfbed\u00fcrfnissen gerecht zu werden.<\/li>\n<li><strong>Fortschrittliche Mesh-Spule<\/strong>: Verf\u00fcgt \u00fcber eine <strong>1.0\u03a9 Mesh-Spule<\/strong> f\u00fcr verbesserte Dampfdichte, kr\u00e4ftige Aromen und sanfte Z\u00fcge.<\/li>\n<li><strong>Einstellbarer Eis-Level<\/strong>: Personalisieren Sie Ihr Dampferlebnis mit einem <strong>einstellbaren K\u00fchleffekt<\/strong>, perfekt f\u00fcr ein erfrischendes Menthol-Gef\u00fchl.<\/li>\n<li><strong>Wiederaufladbarer Akku<\/strong>: Angetrieben von einem <strong>650mAh wiederaufladbarer Akku<\/strong>, um eine zuverl\u00e4ssige Leistung f\u00fcr die gesamte Lebensdauer des Ger\u00e4ts zu gew\u00e4hrleisten.<\/li>\n<li><strong>Schnelles Typ-C-Laden<\/strong>: Ausgestattet mit <strong>Type-C Schnellladetechnologie<\/strong> f\u00fcr minimale Ausfallzeiten und effizientes Wiederaufladen.<\/li>\n<li><strong>Direct-to-Lung (DTL) Luftstrom<\/strong>: Entwickelt f\u00fcr <strong>DTL-Dampfen<\/strong>, liefert dichte Wolken und intensive Aromen.<\/li>\n<li><strong>Tragbares und stilvolles Design<\/strong>: Kompakt, leicht und schlank, ideal f\u00fcr Reisen oder den t\u00e4glichen Gebrauch.<\/li>\n<li><strong>Umweltfreundlich und Einweg<\/strong>: Entwickelt f\u00fcr Komfort und Nachhaltigkeit, bietet eine problemlose Entsorgung nach Gebrauch.<\/li>\n<\/ul>\n<\/div>\n<p><img fetchpriority=\"high\" decoding=\"async\" class=\"wp-image-2951\" src=\"https:\/\/vapestornado.com\/wp-content\/uploads\/2024\/12\/Wholesale-Disposable-Vape-265x300.jpg\" alt=\"Einweg-Vape im Gro\u00dfhandel\" width=\"313\" height=\"354\" srcset=\"https:\/\/vapestornado.com\/wp-content\/uploads\/2024\/12\/Wholesale-Disposable-Vape-265x300.jpg 265w, https:\/\/vapestornado.com\/wp-content\/uploads\/2024\/12\/Wholesale-Disposable-Vape-768x871.jpg 768w, https:\/\/vapestornado.com\/wp-content\/uploads\/2024\/12\/Wholesale-Disposable-Vape-600x680.jpg 600w, https:\/\/vapestornado.com\/wp-content\/uploads\/2024\/12\/Wholesale-Disposable-Vape.jpg 823w\" sizes=\"(max-width: 313px) 100vw, 313px\" \/><\/p>\n<h5>Bitte kontaktieren Sie Mandys WhatsApp f\u00fcr einen Rabattpreis:<a href=\"https:\/\/wa.me\/8618077105796\" target=\"_blank\" rel=\"noopener\">+8618077105796<\/a><\/h5>\n<p>&nbsp;<\/p>\n<h3 class=\"sr-proMainInfo-baseInfoH1 J-baseInfo-name\">bangvape 28k Puffs Gro\u00dfhandel Vapes Geschmack:<\/h3>\n<p>1.Erdbeere Wassermelone<br \/>\n2.Blaubeereis<br \/>\n3.Blut und Sand<br \/>\n4.Ananas Kokosnuss<br \/>\n5.Erdbeer-Banane<br \/>\n6.Gemischte Fr\u00fcchte<br \/>\n7.Blaubeeren Himbeeren<br \/>\n8.Pfirsich-Eis<br \/>\n9. Mango Pfirsich<br \/>\n10.Wassermelone<br \/>\n11. Traubeneis<br \/>\n12.Erdbeere Kiwifrucht<\/p>\n<div role=\"article\" data-tabster=\"{&quot;groupper&quot;:{&quot;tabbability&quot;:2},&quot;focusable&quot;:{}}\" data-content=\"ai-message\" aria-labelledby=\"dARUyEWDoEYhnSPXFwx5A-author dARUyEWDoEYhnSPXFwx5A-content\">\n<div id=\"dARUyEWDoEYhnSPXFwx5A-content\">\n<h3><strong>Warum HQ Bang 28000 Puffs kaufen <\/strong>\u00a0vapes\u00a0<strong>von vapestornado?<\/strong><\/h3>\n<ul>\n<li><strong>Garantierte Originalprodukte<\/strong><br \/>\nvapestornado stellt sicher, dass Sie echte <strong>Bang 28000 Z\u00fcge Vapes<\/strong>erhalten, die bei jedem Kauf Premium-Qualit\u00e4t und zuverl\u00e4ssige Leistung bieten.<\/li>\n<li><strong>Unschlagbare Preise<\/strong><br \/>\nGenie\u00dfen Sie wettbewerbsf\u00e4hige Preise und exklusive Angebote f\u00fcr Einweg-Vapes mit hoher Kapazit\u00e4t, was vapestornado zur1 Anlaufstelle f\u00fcr Gro\u00df- oder Einzelbestellungen macht.<\/li>\n<li><strong>Schneller Versand innerhalb Deutschlands<\/strong><br \/>\nMit dem Fokus auf den Komfort der Kunden, bietet vapestornado <strong>schnellen und zuverl\u00e4ssigen Versand<\/strong> innerhalb Deutschlands und gew\u00e4hrleistet eine1 p\u00fcnktliche Lieferung.<\/li>\n<li><strong>Kundenorientierter Support<\/strong><br \/>\nProfitieren Sie von <strong>engagierter Kundenservice<\/strong> um bei Anfragen zu helfen und Ihr Einkaufserlebnis reibungslos und unkompliziert zu gestalten.<\/li>\n<li><strong>Erstklassiges Dampferlebnis<\/strong><br \/>\nBang 28000 Puffs Vapes verf\u00fcgen \u00fcber fortschrittliche <strong>Mesh-Coil-Technologie<\/strong>, <strong>einstellbare Eisstufen<\/strong>und <strong>Direct-to-Lung (DTL) Luftstrom<\/strong>, was k\u00fchne Aromen, dichte Wolken und personalisierte K\u00fchl-Empfindungen garantiert.<\/li>\n<li><strong>Umweltbewusst und praktisch<\/strong><br \/>\nvapestornado unterst\u00fctzt umweltbewusstes Dampfen mit hochwertigen Einweg-Vapes, die f\u00fcr eine problemlose Nutzung und einfache Entsorgung konzipiert sind.<\/li>\n<\/ul>\n<\/div>\n<\/div>\n<h3>H\u00e4ufig gestellte Fragen zu den neuen Vape Bang 28000 Puffs<\/h3>\n<p><strong>1. Wie kann ich meine Bestellung f\u00fcr Bang 28000 Puffs verfolgen?<\/strong><br \/>\nDie Verfolgung Ihrer Bestellung ist einfach. Sobald Ihre Bestellung best\u00e4tigt wurde, erhalten Sie eine Sendungsverfolgungsnummer per WhatsApp. Verwenden Sie diese Nummer auf der Website des Versandunternehmens, um den Lieferfortschritt Ihres Pakets zu verfolgen. F\u00fcr weitere Unterst\u00fctzung k\u00f6nnen Sie sich gerne an unser Kundenserviceteam wenden.<\/p>\n<p><strong>2. Kann ich Geschmacksrichtungen f\u00fcr zuf\u00e4llig ausgew\u00e4hlte Produkte angeben?<\/strong><br \/>\nJa, das k\u00f6nnen Sie! W\u00e4hrend einige Produktpakete mit vorgew\u00e4hlten Geschmacksrichtungen geliefert werden, tun wir unser Bestes, um spezifische Geschmacksvorlieben zu ber\u00fccksichtigen. Hinterlassen Sie einfach eine Notiz an der Kasse oder kontaktieren Sie unseren Kundensupport mit Ihrer Anfrage. Wir werden sicherstellen, dass Ihre bevorzugten Geschmacksrichtungen enthalten sind, sofern sie auf Lager sind.<\/p>\n<p><strong>3. Was macht die Bang 28000 Puffs Vapes einzigartig?<\/strong><br \/>\nDer <strong>Bang 28000 Puffs Einweg-Vape<\/strong> bietet eine enorme Anzahl von Z\u00fcgen, <strong>30ml E-Liquid-Kapazit\u00e4t<\/strong>, einstellbare Eisstufen und fortschrittliche Mesh-Coil-Technologie. Er ist f\u00fcr Bequemlichkeit, langanhaltende Nutzung und ein anpassbares Dampferlebnis konzipiert.<\/p>","protected":false},"excerpt":{"rendered":"<ul>\n<li>Premium Bang 28000 Puffs Einweg-Vape-Stift<\/li>\n<li>Langlebiger Bang 28000 Puffs wiederaufladbarer Vape<\/li>\n<li>Bang 28000 Puffs E-Zigarette mit einstellbaren Ice Vape Pods<\/li>\n<\/ul>\n<figure id=\"attachment_2951\" aria-describedby=\"caption-attachment-2951\" style=\"width: 265px\" class=\"wp-caption alignnone\"><img decoding=\"async\" class=\"size-medium wp-image-2951\" src=\"https:\/\/vapestornado.com\/wp-content\/uploads\/2024\/12\/Wholesale-Disposable-Vape-265x300.jpg\" alt=\"Einweg-Vape im Gro\u00dfhandel\" width=\"265\" height=\"300\" srcset=\"https:\/\/vapestornado.com\/wp-content\/uploads\/2024\/12\/Wholesale-Disposable-Vape-265x300.jpg 265w, https:\/\/vapestornado.com\/wp-content\/uploads\/2024\/12\/Wholesale-Disposable-Vape-768x871.jpg 768w, https:\/\/vapestornado.com\/wp-content\/uploads\/2024\/12\/Wholesale-Disposable-Vape-600x680.jpg 600w, https:\/\/vapestornado.com\/wp-content\/uploads\/2024\/12\/Wholesale-Disposable-Vape.jpg 823w\" sizes=\"(max-width: 265px) 100vw, 265px\" \/><figcaption id=\"caption-attachment-2951\" class=\"wp-caption-text\">F\u00fcr Rabattpreis kontaktieren Sie bitte Mandys WhatsApp\u00a0 <a href=\"https:\/\/wa.me\/8618077105796\">+8618077105796<\/a><\/figcaption><\/figure>\n<p>&nbsp;<\/p>","protected":false},"featured_media":3738,"comment_status":"open","ping_status":"closed","template":"","meta":{"_acf_changed":false,"_uag_custom_page_level_css":"","_lmt_disableupdate":"no","_lmt_disable":"","_monsterinsights_skip_tracking":false,"_monsterinsights_sitenote_active":false,"_monsterinsights_sitenote_note":"","_monsterinsights_sitenote_category":0,"site-sidebar-layout":"default","site-content-layout":"","ast-site-content-layout":"default","site-content-style":"default","site-sidebar-style":"default","ast-global-header-display":"","ast-banner-title-visibility":"","ast-main-header-display":"","ast-hfb-above-header-display":"","ast-hfb-below-header-display":"","ast-hfb-mobile-header-display":"","site-post-title":"","ast-breadcrumbs-content":"","ast-featured-img":"","footer-sml-layout":"","ast-disable-related-posts":"","theme-transparent-header-meta":"default","adv-header-id-meta":"","stick-header-meta":"","header-above-stick-meta":"","header-main-stick-meta":"","header-below-stick-meta":"","astra-migrate-meta-layouts":"set","ast-page-background-enabled":"default","ast-page-background-meta":{"desktop":{"background-color":"","background-image":"","background-repeat":"repeat","background-position":"center center","background-size":"auto","background-attachment":"scroll","background-type":"","background-media":"","overlay-type":"","overlay-color":"","overlay-opacity":"","overlay-gradient":""},"tablet":{"background-color":"","background-image":"","background-repeat":"repeat","background-position":"center center","background-size":"auto","background-attachment":"scroll","background-type":"","background-media":"","overlay-type":"","overlay-color":"","overlay-opacity":"","overlay-gradient":""},"mobile":{"background-color":"","background-image":"","background-repeat":"repeat","background-position":"center center","background-size":"auto","background-attachment":"scroll","background-type":"","background-media":"","overlay-type":"","overlay-color":"","overlay-opacity":"","overlay-gradient":""}},"ast-content-background-meta":{"desktop":{"background-color":"var(--ast-global-color-5)","background-image":"","background-repeat":"repeat","background-position":"center center","background-size":"auto","background-attachment":"scroll","background-type":"","background-media":"","overlay-type":"","overlay-color":"","overlay-opacity":"","overlay-gradient":""},"tablet":{"background-color":"var(--ast-global-color-5)","background-image":"","background-repeat":"repeat","background-position":"center center","background-size":"auto","background-attachment":"scroll","background-type":"","background-media":"","overlay-type":"","overlay-color":"","overlay-opacity":"","overlay-gradient":""},"mobile":{"background-color":"var(--ast-global-color-5)","background-image":"","background-repeat":"repeat","background-position":"center center","background-size":"auto","background-attachment":"scroll","background-type":"","background-media":"","overlay-type":"","overlay-color":"","overlay-opacity":"","overlay-gradient":""}},"_joinchat":{"telephone":"+8618077105796"}},"product_brand":[],"product_cat":[235,150,153,144],"product_tag":[236,97,98],"class_list":{"0":"post-3745","1":"product","2":"type-product","3":"status-publish","4":"has-post-thumbnail","6":"product_cat-28000-puff","7":"product_cat-buy-disposable-vapes-in-belgium","8":"product_cat-buy-disposable-vapes-in-italy","9":"product_cat-low-nicotine-disposable-vapes","10":"product_tag-bang-28000-puffs","11":"product_tag-hot-sale-disposable-vape","12":"product_tag-wholesale-price-disposable-vape","13":"desktop-align-left","14":"tablet-align-left","15":"mobile-align-left","17":"first","18":"instock","19":"sale","20":"shipping-taxable","21":"purchasable","22":"product-type-simple"},"acf":[],"uagb_featured_image_src":{"full":["https:\/\/vapestornado.com\/wp-content\/uploads\/2025\/01\/Bang-28000-Puffs-Ultimate-Long-Lasting-Vape.webp",800,800,false],"thumbnail":["https:\/\/vapestornado.com\/wp-content\/uploads\/2025\/01\/Bang-28000-Puffs-Ultimate-Long-Lasting-Vape-150x150.webp",150,150,true],"medium":["https:\/\/vapestornado.com\/wp-content\/uploads\/2025\/01\/Bang-28000-Puffs-Ultimate-Long-Lasting-Vape-300x300.webp",300,300,true],"medium_large":["https:\/\/vapestornado.com\/wp-content\/uploads\/2025\/01\/Bang-28000-Puffs-Ultimate-Long-Lasting-Vape-768x768.webp",768,768,true],"large":["https:\/\/vapestornado.com\/wp-content\/uploads\/2025\/01\/Bang-28000-Puffs-Ultimate-Long-Lasting-Vape.webp",800,800,false],"1536x1536":["https:\/\/vapestornado.com\/wp-content\/uploads\/2025\/01\/Bang-28000-Puffs-Ultimate-Long-Lasting-Vape.webp",800,800,false],"2048x2048":["https:\/\/vapestornado.com\/wp-content\/uploads\/2025\/01\/Bang-28000-Puffs-Ultimate-Long-Lasting-Vape.webp",800,800,false],"trp-custom-language-flag":["https:\/\/vapestornado.com\/wp-content\/uploads\/2025\/01\/Bang-28000-Puffs-Ultimate-Long-Lasting-Vape.webp",12,12,false],"woocommerce_thumbnail":["https:\/\/vapestornado.com\/wp-content\/uploads\/2025\/01\/Bang-28000-Puffs-Ultimate-Long-Lasting-Vape-300x300.webp",300,300,true],"woocommerce_single":["https:\/\/vapestornado.com\/wp-content\/uploads\/2025\/01\/Bang-28000-Puffs-Ultimate-Long-Lasting-Vape-600x600.webp",600,600,true],"woocommerce_gallery_thumbnail":["https:\/\/vapestornado.com\/wp-content\/uploads\/2025\/01\/Bang-28000-Puffs-Ultimate-Long-Lasting-Vape-100x100.webp",100,100,true]},"uagb_author_info":{"display_name":"ESMANDY","author_link":"https:\/\/vapestornado.com\/de\/author\/"},"uagb_comment_info":0,"uagb_excerpt":"Premium Bang 28000 Puffs Disposable Vape Pen Long-Lasting Bang 28000 Puff Rechargeable Vape Bang 28000 Puffs E-Cigarette with Adjustable Ice Vape Pods [caption id=\"attachment_2951\" align=\"alignnone\" width=\"265\"] Pls Contact Mandy's WhatsApp For Discount Price\u00a0 +8618077105796[\/caption] &nbsp;","_links":{"self":[{"href":"https:\/\/vapestornado.com\/de\/wp-json\/wp\/v2\/product\/3745","targetHints":{"allow":["GET"]}}],"collection":[{"href":"https:\/\/vapestornado.com\/de\/wp-json\/wp\/v2\/product"}],"about":[{"href":"https:\/\/vapestornado.com\/de\/wp-json\/wp\/v2\/types\/product"}],"replies":[{"embeddable":true,"href":"https:\/\/vapestornado.com\/de\/wp-json\/wp\/v2\/comments?post=3745"}],"wp:featuredmedia":[{"embeddable":true,"href":"https:\/\/vapestornado.com\/de\/wp-json\/wp\/v2\/media\/3738"}],"wp:attachment":[{"href":"https:\/\/vapestornado.com\/de\/wp-json\/wp\/v2\/media?parent=3745"}],"wp:term":[{"taxonomy":"product_brand","embeddable":true,"href":"https:\/\/vapestornado.com\/de\/wp-json\/wp\/v2\/product_brand?post=3745"},{"taxonomy":"product_cat","embeddable":true,"href":"https:\/\/vapestornado.com\/de\/wp-json\/wp\/v2\/product_cat?post=3745"},{"taxonomy":"product_tag","embeddable":true,"href":"https:\/\/vapestornado.com\/de\/wp-json\/wp\/v2\/product_tag?post=3745"}],"curies":[{"name":"wp","href":"https:\/\/api.w.org\/{rel}","templated":true}]}}