{"id":3734,"date":"2025-01-13T08:21:51","date_gmt":"2025-01-13T08:21:51","guid":{"rendered":"https:\/\/vapestornado.com\/?post_type=product&#038;p=3734"},"modified":"2025-08-23T09:32:47","modified_gmt":"2025-08-23T09:32:47","slug":"waspe-crystal-40000-puffs-40k-double-flavor-rechargeable-disposable-vapes-cheap-price","status":"publish","type":"product","link":"https:\/\/vapestornado.com\/de\/product\/waspe-crystal-40000-puffs-40k-double-flavor-rechargeable-disposable-vapes-cheap-price\/","title":{"rendered":"WASPE Crystal 40000 Z\u00fcge 40k Doppel Aroma Wiederaufladbare Einweg Vapes G\u00fcnstiger Preis"},"content":{"rendered":"<h1 class=\"product-title\">WASPE Crystal 40000 Z\u00fcge 40k Doppel Aroma Wiederaufladbare Einweg Vapes G\u00fcnstiger Preis<\/h1>\n<p>Der <strong>WASPE Crystal 40000 Z\u00fcge<\/strong> ist ein erstklassiger <strong>wiederaufladbare Einweg-E-Zigarette<\/strong> der f\u00fcr Dampfer entwickelt wurde, die ein verl\u00e4ngertes, geschmackvolles und anpassbares Erlebnis suchen. Mit seiner massiven Zuganzahl, <strong>einstellbarer Luftstrom<\/strong>und innovativer <strong>2-Geschmacks-in-1<\/strong> Technologie, sticht er unter den <strong>Top-Marken f\u00fcr Einweg-Vapes<\/strong> zu einem unglaublich <strong>g\u00fcnstigen Gro\u00dfhandelspreis<\/strong>.<\/p>\n<p>Mit einer beeindruckenden <strong>40.000 Z\u00fcge<\/strong>heraus. Dieses Ger\u00e4t bietet eine der h\u00f6chsten Kapazit\u00e4ten auf dem Einweg-Vape-Markt und sorgt f\u00fcr langanhaltenden Genuss ohne h\u00e4ufiges Ersetzen. Die <strong>Dual-Geschmacks-Technologie<\/strong> kombiniert zwei komplement\u00e4re Aromen in einem Ger\u00e4t, sodass Benutzer m\u00fchelos zwischen ihnen wechseln und ein dynamisches Dampferlebnis genie\u00dfen k\u00f6nnen.<\/p>\n<p data-start=\"598\" data-end=\"841\">Der <strong data-start=\"602\" data-end=\"624\">Dual-Flavor-System<\/strong> erm\u00f6glicht es Benutzern, zwischen zwei Mischungen in einem Ger\u00e4t zu wechseln und bietet so Abwechslung und Frische bei jeder Sitzung. Gepaart mit <strong data-start=\"744\" data-end=\"766\">einstellbarer Luftstrom<\/strong>, erm\u00f6glicht es Dampfern, ihren Zug anzupassen \u2013 von straffen Z\u00fcgen bis hin zu sanfteren Wolken.<\/p>\n<p data-start=\"843\" data-end=\"1081\">Ausgestattet mit <strong data-start=\"857\" data-end=\"881\">Doppel 0,9\u03a9 Mesh Coils<\/strong>verbessert der WASPE Crystal die Geschmackskonsistenz und Dampfdichte. Erh\u00e4ltlich in <strong data-start=\"961\" data-end=\"998\">0%, 2% und 5% Nikotinst\u00e4rken<\/strong>, passt es zu verschiedenen Vorlieben, von nikotinfreier Anwendung bis hin zu st\u00e4rkeren Throat Hits.<\/p>\n<p data-start=\"1083\" data-end=\"1291\">Angetrieben von einem <strong data-start=\"1097\" data-end=\"1128\">850mAh wiederaufladbare Batterie<\/strong> mit <strong data-start=\"1134\" data-end=\"1158\">Type-C-Schnellladung<\/strong>minimiert dieses Ger\u00e4t Ausfallzeiten. Ein <strong data-start=\"1194\" data-end=\"1217\">LED-Digitaldisplay<\/strong> zeigt Echtzeit-Batterie- und E-Liquid-St\u00e4nde an und gibt Benutzern die volle Kontrolle.<\/p>\n<p data-start=\"1293\" data-end=\"1484\">F\u00fcr Gro\u00dfh\u00e4ndler und Einzelh\u00e4ndler, die <strong data-start=\"1328\" data-end=\"1354\">WASPE Crystal 40K Vape<\/strong> ist effizient verpackt mit <strong data-start=\"1384\" data-end=\"1424\">200 St\u00fcck pro Karton und 10 pro Box<\/strong>, was es zu einer kosteng\u00fcnstigen Gro\u00dfpackungsoption f\u00fcr den Vertrieb macht.<\/p>\n<p>F\u00fcr diejenigen, die <strong>in gro\u00dfen Mengen kaufen<\/strong>suchen, bietet der WASPE Crystal hervorragende Gro\u00dfhandelsoptionen mit Verpackungen von <strong>200 St\u00fcck pro Karton und 10 St\u00fcck pro Schachtel<\/strong>, was ihn perfekt f\u00fcr Einzelh\u00e4ndler und H\u00e4ndler macht. Das Gesamtbruttogewicht von 22,5 kg sorgt f\u00fcr einen effizienten und kosteng\u00fcnstigen Versand f\u00fcr Gro\u00dfabnehmer.<\/p>\n<p><strong>F\u00fcgen Sie Amy auf WhatsApp hinzu, um eine direkte Antwort und einen Vape-Gutschein zu erhalten!<\/strong><\/p>\n<p><img fetchpriority=\"high\" decoding=\"async\" class=\"size-full wp-image-2932\" src=\"https:\/\/vapestornado.com\/wp-content\/uploads\/2024\/12\/Vape-Wholesale.jpg\" alt=\"Vape-Gro\u00dfhandel\" width=\"229\" height=\"300\" \/><\/p>\n<h3><a href=\"https:\/\/wa.me\/8617776015835\" target=\"_blank\" rel=\"noopener\"><span style=\"color: #ff0000;\"><strong>WhatsApp: +86 17776015835<\/strong><\/span><\/a><\/h3>\n<p>&nbsp;<\/p>\n<h2><strong>WASPE Crystal 40000 Produktmerkmale<\/strong><\/h2>\n<ol>\n<li><strong>Maximale Z\u00fcge<\/strong>: 40000<\/li>\n<li><strong>Duale Geschmacksrichtungen<\/strong>: 20000 Z\u00fcge + 20000 Z\u00fcge = 40000 Z\u00fcge<\/li>\n<li><strong>Nikotinst\u00e4rke<\/strong>: 0% \/ 2% \/ 3% \/ 5%<\/li>\n<li><strong>Vorgef\u00fcllte Kapazit\u00e4t<\/strong>: 32 ml<\/li>\n<li><strong>Batteriekapazit\u00e4t<\/strong>: 850 mAh<\/li>\n<li><strong>Ladeanschluss<\/strong>: USB Typ-C<\/li>\n<li><strong>Bedienung<\/strong>: Zugautomatik<\/li>\n<li><strong>0.9Ohm Dual Mesh-Coil<\/strong><\/li>\n<li><strong>LED-Anzeige<\/strong><\/li>\n<li><strong>Batteriestandsanzeige<\/strong><\/li>\n<li><strong>E-Liquid-F\u00fcllstandsanzeige<\/strong><\/li>\n<\/ol>\n<h2 class=\"product-title\"><strong>WASPE Crystal 40000 Geschmacksliste<\/strong><\/h2>\n<p>1. Wassermelone Ice<br \/>\n2. Red Bull Ice<br \/>\n3. Erdbeere Red Bull<br \/>\n4. Blaubeere Bonbon<br \/>\n5. Erdbeere Kiwi<br \/>\n6. Blaubeere Himbeere<br \/>\n7. Erdbeere Himbeere Kirsche<br \/>\n8. Pfirsich-Eis<br \/>\n9. Erdbeer Banane<br \/>\n10. Trauben-Eis<br \/>\n11. Gemischte Beeren<br \/>\n12. Heidelbeer-Eis<\/p>\n<h3 class=\"product-title\"><strong>Ausf\u00fchrliche Bewertung der WASPE Crystal 40000 Puffs Geschmacksvarianten<\/strong><\/h3>\n<ol>\n<li><strong>Wassermelonen-Eis<\/strong> \u2013 Eine erfrischende Mischung aus k\u00fchler Wassermelone mit einem spritzigen Zitronen-Limetten-Twist.<\/li>\n<li><strong>Heidelbeer-Eis<\/strong> \u2013 S\u00fc\u00dfe Heidelbeeren treffen auf das spritzige Vergn\u00fcgen von Kirsch-Cola mit einem eisigen Abgang.<\/li>\n<li><strong>Gemischte Beeren<\/strong> \u2013 Ein fruchtiges Medley aus gemischten Beeren mit dem s\u00e4uerlichen Kick von Himbeerlimonade.<\/li>\n<li><strong>Trauben-Eis<\/strong> \u2013 Saftiger Traubengeschmack gepaart mit der exotischen K\u00fchle von Black Dragon Ice.<\/li>\n<li><strong>Erdbeere Banane<\/strong> \u2013 Eine tropische Fusion aus cremiger Banane, s\u00fc\u00dfer Erdbeere und eisiger Ananas-Kokosnuss.<\/li>\n<li><strong>Pfirsich-Eis<\/strong> \u2013 Sanftes Pfirsich-Eis gemischt mit saftiger Wassermelone und Mango.<\/li>\n<li><strong>Erdbeere Himbeere Kirsche<\/strong> \u2013 Eine \u00fcppige Mischung aus Erdbeeren, Himbeeren, Kirschen und dem geheimnisvollen Love 666 Geschmack.<\/li>\n<li><strong>Heidelbeere Himbeere<\/strong> \u2013 S\u00fc\u00dfe Blaubeeren und Himbeeren gemischt mit eisiger Pfirsichbeere.<\/li>\n<li><strong>Erdbeer-Kiwi<\/strong> \u2013 Eine k\u00f6stliche Mischung aus s\u00fc\u00dfen Erdbeeren mit spritziger Kiwi und Kirsche.<\/li>\n<li><strong>Heidelbeer-Bonbon<\/strong> \u2013 Eine bonbonartige Heidelbeers\u00fc\u00dfe kombiniert mit saftiger Erdbeer-Wassermelone.<\/li>\n<li><strong>Erdbeer-Red-Bull<\/strong> \u2013 Eine einzigartige Mischung aus belebendem Red-Bull-Geschmack mit s\u00fc\u00dfer Heidelbeer-Kirsche.<\/li>\n<li><strong>Red Bull Ice<\/strong> \u2013 Ein erfrischendes Red-Bull-Eis gepaart mit s\u00fc\u00dfer Erdbeer-Mango.<\/li>\n<\/ol>\n<h3>Warum vapestornado f\u00fcr WASPE Crystal 40000 Vape Gro\u00dfhandel w\u00e4hlen?<\/h3>\n<div class=\"flex-shrink-0 flex flex-col relative items-end\">\n<div class=\"pt-0\">\n<div class=\"gizmo-bot-avatar flex h-8 w-8 items-center justify-center overflow-hidden rounded-full\">\n<div class=\"relative p-1 rounded-sm flex items-center justify-center bg-token-main-surface-primary text-token-text-primary h-8 w-8\">\n<p>Willkommen bei vapestornado, Ihrem vertrauensw\u00fcrdigen Online-Vape-Shop f\u00fcr Premium-Einweg-Vapes. Mit mehr als 5 Jahren Erfahrung bieten wir Ihnen beliebte Einweg-Vape-Marken wie Fumot RandM Vape, <a href=\"https:\/\/vapestornado.com\/de\/product\/vapme-crystal-7000-puffs-rechargeable-disposable-vape-wholesale-cheap-price\/\">Vapme<\/a>, Bang Vape, Waspe Vape und WGA Vape usw.<\/p>\n<p>Unser Sortiment umfasst hei\u00df verkaufte Vapes wie den <a href=\"https:\/\/vapestornado.com\/de\/product\/fumot-randm-tornado-15000-puffs-rechargeable-disposable-vape-wholesale\/\">RandM Tornado 15000<\/a>, und geschmacksreiche Optionen wie den <a href=\"https:\/\/vapestornado.com\/de\/product\/waspe-40000-puffs-double-flavour-led-display-disposable-vape-wholesale\/\">WASPE Doppelgeschmack 40000 Z\u00fcge<\/a> . Jedes Produkt wird mit Fokus auf Qualit\u00e4t, Wert und Vielfalt ausgew\u00e4hlt, um sicherzustellen, dass Sie die perfekte \u00dcbereinstimmung f\u00fcr Ihre Bed\u00fcrfnisse finden. Entdecken Sie au\u00dfergew\u00f6hnlichen Service und eine breite Palette an Spitzenprodukten zum Gro\u00dfhandelspreis bei vapestornado.<\/p>\n<\/div>\n<h3><\/h3>\n<div class=\"relative p-1 rounded-sm flex items-center justify-center bg-token-main-surface-primary text-token-text-primary h-8 w-8\">\n<h3>FAQS f\u00fcr WASPE Crystal 40000 Einweg-Vape<\/h3>\n<\/div>\n<\/div>\n<\/div>\n<\/div>\n<div class=\"flex-shrink-0 flex flex-col relative items-end\">\n<div class=\"pt-0\">\n<div class=\"gizmo-bot-avatar flex h-8 w-8 items-center justify-center overflow-hidden rounded-full\">\n<div class=\"relative p-1 rounded-sm flex items-center justify-center bg-token-main-surface-primary text-token-text-primary h-8 w-8\">\n<div class=\"mb-2 flex gap-3 empty:hidden -ml-2\">\n<ol>\n<li><strong>Wie lange dauert es, den WASPE Crystal vollst\u00e4ndig aufzuladen?<\/strong>\n<ul>\n<li>Mit der Type-C-Schnellladung dauert es ungef\u00e4hr 1 Stunde, um das Ger\u00e4t vollst\u00e4ndig aufzuladen.<\/li>\n<\/ul>\n<\/li>\n<li><strong>Wo kann ich den WASPE Crystal zu einem Gro\u00dfhandelspreis kaufen?<\/strong>\n<ul>\n<li>Sie k\u00f6nnen ihn zu Gro\u00dfhandelspreisen bei vapestornado kaufen, die tolle Angebote und Gro\u00dfhandelsoptionen anbieten.<\/li>\n<\/ul>\n<\/li>\n<li><strong>Wie funktioniert das Dual-Geschmacks-System?<\/strong>\n<ul>\n<li>Stellen Sie einfach die Luftstromeinstellungen ein, um nahtlos zwischen den beiden Geschmacksrichtungen zu wechseln.<\/li>\n<\/ul>\n<\/li>\n<li><strong>Ist der WASPE Crystal f\u00fcr Anf\u00e4nger geeignet?<\/strong>\n<ul>\n<li>Ja, er ist einfach zu bedienen und bietet eine 0%-Nikotin-Option, was ihn perfekt f\u00fcr Anf\u00e4nger macht.<\/li>\n<\/ul>\n<\/li>\n<li><strong>Welche Art von Ladevorgang unterst\u00fctzt der WASPE Crystal?<\/strong>\n<ul>\n<li>Er unterst\u00fctzt das Aufladen \u00fcber USB-C, wodurch er mit den meisten modernen Ladeger\u00e4ten kompatibel ist.<\/li>\n<\/ul>\n<\/li>\n<\/ol>\n<h2>Wie bestellen?<\/h2>\n<p><strong>1. Welche Zahlungsmethoden akzeptieren Sie?<\/strong><br \/>\nWir akzeptieren IBAN-\u00dcberweisung und <span style=\"font-size: 16px;\">Western Union<\/span>\u00a0f\u00fcr sichere und bequeme Transaktionen.<\/p>\n<p><strong>2. Wie kann ich meine Bestellung verfolgen?<\/strong><br \/>\nNachdem Ihre Bestellung versandt wurde, <span class=\"selectable-text copyable-text false\">werden wir die Sendungsverfolgung st\u00e4ndig aktualisieren, bis Sie die Ware erhalten haben<\/span>.<\/p>\n<p><strong>3. Wie lange ist die voraussichtliche Lieferzeit?<\/strong><\/p>\n<ul>\n<li>Der Versand aus <strong>chinesischen Lagern<\/strong> dauert ungef\u00e4hr <strong>7-14 Werktage<\/strong>.<\/li>\n<li>Der Versand aus <strong>Europ\u00e4ische Lager<\/strong> ben\u00f6tigen in der Regel <strong>3-6 Werktage<\/strong>.<\/li>\n<\/ul>\n<p><strong>4. Wie kann ich eine schnellere Lieferung erhalten?<\/strong><br \/>\nF\u00fcr eine schnellere Lieferung empfehlen wir, in unserem <strong>europ\u00e4ischen Lager<\/strong>zu bestellen, welches k\u00fcrzere Versandzeiten bietet.<\/p>\n<p><strong>5. Wie sende ich einen Artikel zur\u00fcck?<\/strong><br \/>\nUm einen Artikel zur\u00fcckzusenden, kontaktieren Sie unser Kundenservice-Team f\u00fcr detaillierte Anweisungen zum R\u00fcckgabeprozess.<\/p>\n<p><strong>6. Bieten Sie internationalen Versand an?<\/strong><br \/>\nJa, wir versenden in die meisten L\u00e4nder und k\u00fcmmern uns um die <strong>Zollabfertigung<\/strong> f\u00fcr ein reibungsloses Liefererlebnis.<\/p>\n<p><strong>7. Was passiert, wenn ich ein besch\u00e4digtes oder defektes Produkt erhalte?<\/strong><br \/>\nSollte Ihr Artikel besch\u00e4digt oder defekt sein, wenden Sie sich an den Kundendienst, um einen <strong>Ersatz oder eine R\u00fcckerstattung<\/strong>.<\/p>\n<p><strong>zu erhalten.<\/strong><br \/>\n8. Wie kann ich den Kundendienst kontaktieren? <strong>Sie erreichen uns per<\/strong> E-Mail, WhatsApp oder Live-Chat<\/p>\n<\/div>\n<\/div>\n<\/div>\n<\/div>\n<\/div>","protected":false},"excerpt":{"rendered":"<p>Bester Waspe Crystal Vape 40000 Z\u00fcge Duale Aromen Low Nicotin Einweg-Vape Gro\u00dfhandel<br \/>\nWASPE Crystal 40000 Z\u00fcge Doppelgeschmack LED-Display Einweg-Vape Gro\u00dfkauf<br \/>\nWASPE Crystal 40000 Z\u00fcge 2-in-1-Aroma Wiederaufladbare Einweg-Vapes G\u00fcnstiger Preis<\/p>\n<p><strong>F\u00fcge Amy auf WhatsApp hinzu, um sofort eine Antwort und einen Vape-Gutschein zu erhalten!<\/strong><\/p>\n<p><img fetchpriority=\"high\" decoding=\"async\" class=\"size-full wp-image-2932\" src=\"https:\/\/vapestornado.com\/wp-content\/uploads\/2024\/12\/Vape-Wholesale.jpg\" alt=\"Vape-Gro\u00dfhandel\" width=\"229\" height=\"300\" \/><\/p>\n<h3><a href=\"https:\/\/wa.me\/8617776015835\"><span style=\"color: #ff0000;\"><strong>WhatsApp: +86 17776015835<\/strong><\/span><\/a><\/h3>\n<p>&nbsp;<\/p>","protected":false},"featured_media":3756,"comment_status":"open","ping_status":"closed","template":"","meta":{"_acf_changed":false,"_uag_custom_page_level_css":"","_lmt_disableupdate":"no","_lmt_disable":"","_monsterinsights_skip_tracking":false,"_monsterinsights_sitenote_active":false,"_monsterinsights_sitenote_note":"","_monsterinsights_sitenote_category":0,"site-sidebar-layout":"default","site-content-layout":"","ast-site-content-layout":"default","site-content-style":"default","site-sidebar-style":"default","ast-global-header-display":"","ast-banner-title-visibility":"","ast-main-header-display":"","ast-hfb-above-header-display":"","ast-hfb-below-header-display":"","ast-hfb-mobile-header-display":"","site-post-title":"","ast-breadcrumbs-content":"","ast-featured-img":"","footer-sml-layout":"","ast-disable-related-posts":"","theme-transparent-header-meta":"default","adv-header-id-meta":"","stick-header-meta":"","header-above-stick-meta":"","header-main-stick-meta":"","header-below-stick-meta":"","astra-migrate-meta-layouts":"set","ast-page-background-enabled":"default","ast-page-background-meta":{"desktop":{"background-color":"","background-image":"","background-repeat":"repeat","background-position":"center center","background-size":"auto","background-attachment":"scroll","background-type":"","background-media":"","overlay-type":"","overlay-color":"","overlay-opacity":"","overlay-gradient":""},"tablet":{"background-color":"","background-image":"","background-repeat":"repeat","background-position":"center center","background-size":"auto","background-attachment":"scroll","background-type":"","background-media":"","overlay-type":"","overlay-color":"","overlay-opacity":"","overlay-gradient":""},"mobile":{"background-color":"","background-image":"","background-repeat":"repeat","background-position":"center center","background-size":"auto","background-attachment":"scroll","background-type":"","background-media":"","overlay-type":"","overlay-color":"","overlay-opacity":"","overlay-gradient":""}},"ast-content-background-meta":{"desktop":{"background-color":"var(--ast-global-color-5)","background-image":"","background-repeat":"repeat","background-position":"center center","background-size":"auto","background-attachment":"scroll","background-type":"","background-media":"","overlay-type":"","overlay-color":"","overlay-opacity":"","overlay-gradient":""},"tablet":{"background-color":"var(--ast-global-color-5)","background-image":"","background-repeat":"repeat","background-position":"center center","background-size":"auto","background-attachment":"scroll","background-type":"","background-media":"","overlay-type":"","overlay-color":"","overlay-opacity":"","overlay-gradient":""},"mobile":{"background-color":"var(--ast-global-color-5)","background-image":"","background-repeat":"repeat","background-position":"center center","background-size":"auto","background-attachment":"scroll","background-type":"","background-media":"","overlay-type":"","overlay-color":"","overlay-opacity":"","overlay-gradient":""}},"_joinchat":{"telephone":"+8617776015835"}},"product_brand":[],"product_cat":[19,65,140,153,155,141,142,60],"product_tag":[120,97,94,93,237,163],"class_list":{"0":"post-3734","1":"product","2":"type-product","3":"status-publish","4":"has-post-thumbnail","6":"product_cat-vapes","7":"product_cat-40000-puff","8":"product_cat-big-puffs-disposable-vapes","9":"product_cat-buy-disposable-vapes-in-italy","10":"product_cat-buy-disposable-vapes-in-norway","11":"product_cat-crystal-disposable-vapes","12":"product_cat-digital-box-disposable-vapes","13":"product_cat-waspe-fihp-vape","14":"product_tag-crystal-vape","15":"product_tag-hot-sale-disposable-vape","16":"product_tag-rechargeable-disposable-vape","17":"product_tag-vape-wholesale","18":"product_tag-waspe-crystal-40000","19":"product_tag-waspe-vape","20":"desktop-align-left","21":"tablet-align-left","22":"mobile-align-left","24":"first","25":"instock","26":"sale","27":"shipping-taxable","28":"purchasable","29":"product-type-simple"},"acf":[],"uagb_featured_image_src":{"full":["https:\/\/vapestornado.com\/wp-content\/uploads\/2025\/01\/WASPE-40000-Puffs-Crystal-Disposable-Vape-Wholesale-Price.webp",1000,1000,false],"thumbnail":["https:\/\/vapestornado.com\/wp-content\/uploads\/2025\/01\/WASPE-40000-Puffs-Crystal-Disposable-Vape-Wholesale-Price-150x150.webp",150,150,true],"medium":["https:\/\/vapestornado.com\/wp-content\/uploads\/2025\/01\/WASPE-40000-Puffs-Crystal-Disposable-Vape-Wholesale-Price-300x300.webp",300,300,true],"medium_large":["https:\/\/vapestornado.com\/wp-content\/uploads\/2025\/01\/WASPE-40000-Puffs-Crystal-Disposable-Vape-Wholesale-Price-768x768.webp",768,768,true],"large":["https:\/\/vapestornado.com\/wp-content\/uploads\/2025\/01\/WASPE-40000-Puffs-Crystal-Disposable-Vape-Wholesale-Price.webp",1000,1000,false],"1536x1536":["https:\/\/vapestornado.com\/wp-content\/uploads\/2025\/01\/WASPE-40000-Puffs-Crystal-Disposable-Vape-Wholesale-Price.webp",1000,1000,false],"2048x2048":["https:\/\/vapestornado.com\/wp-content\/uploads\/2025\/01\/WASPE-40000-Puffs-Crystal-Disposable-Vape-Wholesale-Price.webp",1000,1000,false],"trp-custom-language-flag":["https:\/\/vapestornado.com\/wp-content\/uploads\/2025\/01\/WASPE-40000-Puffs-Crystal-Disposable-Vape-Wholesale-Price.webp",12,12,false],"woocommerce_thumbnail":["https:\/\/vapestornado.com\/wp-content\/uploads\/2025\/01\/WASPE-40000-Puffs-Crystal-Disposable-Vape-Wholesale-Price-300x300.webp",300,300,true],"woocommerce_single":["https:\/\/vapestornado.com\/wp-content\/uploads\/2025\/01\/WASPE-40000-Puffs-Crystal-Disposable-Vape-Wholesale-Price-600x600.webp",600,600,true],"woocommerce_gallery_thumbnail":["https:\/\/vapestornado.com\/wp-content\/uploads\/2025\/01\/WASPE-40000-Puffs-Crystal-Disposable-Vape-Wholesale-Price-100x100.webp",100,100,true]},"uagb_author_info":{"display_name":"ESAMY","author_link":"https:\/\/vapestornado.com\/de\/author\/"},"uagb_comment_info":0,"uagb_excerpt":"Best Waspe Crystal Vape 40000 Puffs Dual Flavors Low Nicotine Disposable Vape Wholesale WASPE Crystal 40000 Puffs Double Flavor LED Display Disposable Vape Bulk Buy WASPE Crystal 40000 Puffs 2 in 1 Flavor Rechargeable Disposable Vapes Cheap Price Add Amy's whatsapp get right reply and vape vape coupon! WhatsApp: +86 17776015835 &nbsp;","_links":{"self":[{"href":"https:\/\/vapestornado.com\/de\/wp-json\/wp\/v2\/product\/3734","targetHints":{"allow":["GET"]}}],"collection":[{"href":"https:\/\/vapestornado.com\/de\/wp-json\/wp\/v2\/product"}],"about":[{"href":"https:\/\/vapestornado.com\/de\/wp-json\/wp\/v2\/types\/product"}],"replies":[{"embeddable":true,"href":"https:\/\/vapestornado.com\/de\/wp-json\/wp\/v2\/comments?post=3734"}],"wp:featuredmedia":[{"embeddable":true,"href":"https:\/\/vapestornado.com\/de\/wp-json\/wp\/v2\/media\/3756"}],"wp:attachment":[{"href":"https:\/\/vapestornado.com\/de\/wp-json\/wp\/v2\/media?parent=3734"}],"wp:term":[{"taxonomy":"product_brand","embeddable":true,"href":"https:\/\/vapestornado.com\/de\/wp-json\/wp\/v2\/product_brand?post=3734"},{"taxonomy":"product_cat","embeddable":true,"href":"https:\/\/vapestornado.com\/de\/wp-json\/wp\/v2\/product_cat?post=3734"},{"taxonomy":"product_tag","embeddable":true,"href":"https:\/\/vapestornado.com\/de\/wp-json\/wp\/v2\/product_tag?post=3734"}],"curies":[{"name":"wp","href":"https:\/\/api.w.org\/{rel}","templated":true}]}}