{"id":3726,"date":"2025-01-13T07:22:44","date_gmt":"2025-01-13T07:22:44","guid":{"rendered":"https:\/\/vapestornado.com\/?post_type=product&#038;p=3726"},"modified":"2025-08-23T12:33:57","modified_gmt":"2025-08-23T12:33:57","slug":"bang-king-35k-35000-puffs-2-in-1-dual-flavour-disposable-vape-wholesale-cheap-price","status":"publish","type":"product","link":"https:\/\/vapestornado.com\/de\/product\/bang-king-35k-35000-puffs-2-in-1-dual-flavour-disposable-vape-wholesale-cheap-price\/","title":{"rendered":"Bang King 35K 35000 Puffs 2 in 1 Dual Flavour Einweg-Vape Gro\u00dfhandel G\u00fcnstiger Preis"},"content":{"rendered":"<h1 class=\"product-title\">Bang King 35K 35000 Puffs 2 in 1 Dual Flavour Einweg-Vape Gro\u00dfhandel G\u00fcnstiger Preis<\/h1>\n<p>&nbsp;<\/p>\n<p>Warum ist der <strong>Bang King 35K 35000 Z\u00fcge 2 in 1 Dual Aroma Einweg Vape so beliebt?<\/strong> immer beliebter wird? Dieses Ger\u00e4t vereint Komfort, Geschmack und Erschwinglichkeit in einem. Mit einem eleganten digitalen Display, einer beeindruckenden Anzahl an Z\u00fcgen und zwei verschiedenen Geschmacksrichtungen in einem Ger\u00e4t definiert dieser Vape neu, was Einweg-Vapes bieten k\u00f6nnen.<\/p>\n<p>Verabschieden Sie sich von h\u00e4ufigem Austausch! Mit satten <strong>35.000 Z\u00fcge<\/strong>Z\u00fcgen sorgt der Bang King 35K f\u00fcr lang anhaltende Zufriedenheit und ist damit einer der <strong>beliebtesten Einweg-Vapes<\/strong> auf dem Markt. Warum sich mit einer Geschmacksrichtung zufrieden geben, wenn man zwei haben kann? Genie\u00dfen Sie das <strong>2-in-1-Aroma-Design<\/strong>, mit dem Sie zwischen zwei unglaublichen Geschmacksrichtungen in einem einzigen Ger\u00e4t wechseln k\u00f6nnen. Genie\u00dfen Sie doppelten Geschmack in einem eleganten Paket. Behalten Sie die Kontrolle mit dem <strong>LED-Touchscreen<\/strong>. Er zeigt die Akkulaufzeit und den E-Liquid-Stand an und erm\u00f6glicht es Ihnen, den Luftstrom und die Leistungseinstellungen f\u00fcr ein individuelles Erlebnis anzupassen.<\/p>\n<p>Mit drei Luftstrommodi k\u00f6nnen Sie den Zug ganz einfach an Ihre Vorlieben anpassen. Egal, ob Sie sanfte oder kr\u00e4ftige Z\u00fcge bevorzugen, dieser Vape passt sich Ihnen an. Der <strong>700mAh Akku<\/strong> und <strong>Typ-C-Laden<\/strong> gew\u00e4hrleistet schnelles und effizientes Aufladen, sodass Ihr Ger\u00e4t den ganzen Tag \u00fcber mit Strom versorgt wird. Der <strong>35ML E-Liquid-Tank<\/strong> reduziert die Notwendigkeit h\u00e4ufigen Nachf\u00fcllens und bietet mehr ununterbrochenes Dampfen. Perfekt f\u00fcr Gro\u00dfeink\u00e4ufer, der <strong>Gro\u00dfhandelspreis<\/strong> Gro\u00dfhandelspreis in Deutschland<\/p>\n<p><span style=\"color: #ff0000;\"><strong>F\u00fcgen Sie Amy auf WhatsApp hinzu, um eine direkte Antwort und einen Vape-Gutschein zu erhalten!<\/strong><\/span><\/p>\n<p><img fetchpriority=\"high\" decoding=\"async\" class=\"size-full wp-image-2932\" src=\"https:\/\/vapestornado.com\/wp-content\/uploads\/2024\/12\/Vape-Wholesale.jpg\" alt=\"Vape-Gro\u00dfhandel\" width=\"229\" height=\"300\" \/><\/p>\n<h3><a href=\"https:\/\/wa.me\/8617776015835\" target=\"_blank\" rel=\"noopener\"><span style=\"color: #ff0000;\"><strong>WhatsApp: +86 17776015835<\/strong><\/span><\/a><\/h3>\n<p>&nbsp;<\/p>\n<h2 class=\"product-title\"><strong>Bang King 35K Produktmerkmale<\/strong><\/h2>\n<div role=\"article\" data-tabster=\"{&quot;groupper&quot;:{&quot;tabbability&quot;:2},&quot;focusable&quot;:{}}\" data-content=\"ai-message\" aria-labelledby=\"juhNTJ6o7Gk1cgwZMJgv2-author juhNTJ6o7Gk1cgwZMJgv2-content\">\n<div id=\"juhNTJ6o7Gk1cgwZMJgv2-content\">\n<div role=\"article\" data-tabster=\"{&quot;groupper&quot;:{&quot;tabbability&quot;:2},&quot;focusable&quot;:{}}\" data-content=\"ai-message\" aria-labelledby=\"x4EZuCZWrTbh3weWUt7CU-author x4EZuCZWrTbh3weWUt7CU-content\">\n<div id=\"x4EZuCZWrTbh3weWUt7CU-content\">\n<div class=\"flex max-w-full flex-col flex-grow\">\n<div class=\"min-h-8 text-message flex w-full flex-col items-end gap-2 whitespace-normal break-words text-start [.text-message+&amp;]:mt-5\" dir=\"auto\" data-message-author-role=\"assistant\" data-message-id=\"52c6e00a-252f-4104-805d-2f1a84739c71\" data-message-model-slug=\"gpt-4o\">\n<div class=\"flex w-full flex-col gap-1 empty:hidden first:pt-[3px]\">\n<div class=\"markdown prose w-full break-words dark:prose-invert light\">\n<div class=\"flex max-w-full flex-col flex-grow\">\n<div class=\"min-h-8 text-message flex w-full flex-col items-end gap-2 whitespace-normal break-words text-start [.text-message+&amp;]:mt-5\" dir=\"auto\" data-message-author-role=\"assistant\" data-message-id=\"3c321776-aace-4a97-95f3-35c104de1c0a\" data-message-model-slug=\"gpt-4o\">\n<div class=\"flex w-full flex-col gap-1 empty:hidden first:pt-[3px]\">\n<div class=\"markdown prose w-full break-words dark:prose-invert light\">\n<h3><\/h3>\n<ul>\n<li><strong>Z\u00fcge:<\/strong> Bis zu 35.000<\/li>\n<li><strong>Batterie:<\/strong> 700mAh wiederaufladbar mit Typ-C-Aufladung<\/li>\n<li><strong>Geschmacksrichtungen:<\/strong> Doppelter Geschmack in einem Ger\u00e4t<\/li>\n<li><strong>Luftstrom:<\/strong> Anpassbar mit drei Modi<\/li>\n<li><strong>E-Liquid Kapazit\u00e4t:<\/strong> 35ML<\/li>\n<li><strong>Digitalanzeige:<\/strong> LED-Touchscreen zur \u00dcberwachung und Anpassung<\/li>\n<li><strong>Portabilit\u00e4t:<\/strong> Leichtes Design, perfekt f\u00fcr unterwegs<\/li>\n<\/ul>\n<\/div>\n<\/div>\n<\/div>\n<\/div>\n<\/div>\n<\/div>\n<\/div>\n<\/div>\n<div class=\"mb-2 flex gap-3 empty:hidden -ml-2\">\n<figure id=\"attachment_3733\" aria-describedby=\"caption-attachment-3733\" style=\"width: 800px\" class=\"wp-caption alignnone\"><img decoding=\"async\" class=\"wp-image-3733 size-full\" src=\"https:\/\/vapestornado.com\/wp-content\/uploads\/2025\/01\/Bangking-Vape-36000-Disposable-Vape-Wholesale.webp\" alt=\"Bangking Vape 35000 Einweg-Vape Gro\u00dfhandel\" width=\"800\" height=\"800\" srcset=\"https:\/\/vapestornado.com\/wp-content\/uploads\/2025\/01\/Bangking-Vape-36000-Disposable-Vape-Wholesale.webp 800w, https:\/\/vapestornado.com\/wp-content\/uploads\/2025\/01\/Bangking-Vape-36000-Disposable-Vape-Wholesale-300x300.webp 300w, https:\/\/vapestornado.com\/wp-content\/uploads\/2025\/01\/Bangking-Vape-36000-Disposable-Vape-Wholesale-150x150.webp 150w, https:\/\/vapestornado.com\/wp-content\/uploads\/2025\/01\/Bangking-Vape-36000-Disposable-Vape-Wholesale-768x768.webp 768w, https:\/\/vapestornado.com\/wp-content\/uploads\/2025\/01\/Bangking-Vape-36000-Disposable-Vape-Wholesale-600x600.webp 600w, https:\/\/vapestornado.com\/wp-content\/uploads\/2025\/01\/Bangking-Vape-36000-Disposable-Vape-Wholesale-100x100.webp 100w\" sizes=\"(max-width: 800px) 100vw, 800px\" \/><figcaption id=\"caption-attachment-3733\" class=\"wp-caption-text\">Bangking Vape 35000 Einweg-Vape Gro\u00dfhandel<\/figcaption><\/figure>\n<\/div>\n<\/div>\n<\/div>\n<\/div>\n<\/div>\n<h2 class=\"product-title\"><strong>Beliebte Geschmacksrichtung f\u00fcr Bang King 35K<\/strong><strong>\u00a0<\/strong><strong>Einweg-Vapes<\/strong><\/h2>\n<p>Ob Sie einen tropischen Ausflug oder eine frostige Freude bevorzugen, <strong>Bangking 35000 Z\u00fcge Dual Flavor Einweg Vape<\/strong> hat die perfekte Kombination, um Ihre Geschmacksnerven zufrieden zu stellen! Was ist die beliebteste Geschmacksrichtung f\u00fcr BANG KING 35000 Vape? Bitte finden Sie heraus, was unsere Kunden sagen.<\/p>\n<p>1.Blue Razz Ice +Saftiger Pfirsich Ice<br \/>\n2.Erdbeer Wassermelone +Wassermelone Ice <span style=\"color: #ff0000;\"><strong>&gt;&gt;&gt;&gt; Hei\u00df !<\/strong><\/span><br \/>\n3.Erdbeer Banane + Doppel Apfel<br \/>\n4. Dreifache Beeren-Eis + Tropische Fr\u00fcchte<br \/>\n5. Kirschbombe + Trauben-Eis <span style=\"color: #ff0000;\"><strong>&gt;&gt;&gt;&gt; Hei\u00df !<\/strong><\/span><br \/>\n6. Pfirsich-Mango + Erdbeer-Mango<br \/>\n7. Mango-Limette + K\u00fchle Minze<br \/>\n8. Kirsch-Pop + Mr. Blue<br \/>\n9. Black Dragon Ice + Erdbeer-Kiwi<br \/>\n10. Red Bull + Pfirsich-Beere <span style=\"color: #ff0000;\"><strong>&gt;&gt;&gt;&gt; Hei\u00df !<\/strong><\/span><br \/>\n11. Pinke Zitrone + Mr. Blue<br \/>\n12. Kiwi-Passionsfrucht-Guave + Blaue Kirsch-Zitrone<\/p>\n<div class=\"flex-shrink-0 flex flex-col relative items-end\">\n<div class=\"pt-0\">\n<div class=\"gizmo-bot-avatar flex h-8 w-8 items-center justify-center overflow-hidden rounded-full\">\n<div class=\"relative p-1 rounded-sm flex items-center justify-center bg-token-main-surface-primary text-token-text-primary h-8 w-8\">\n<h3>FAQs f\u00fcr Bang King 35K Puffs Wiederaufladbar<strong>\u00a0<\/strong>Einweg-Vape<\/h3>\n<h3><\/h3>\n<p><strong>1. Wo kann ich Bang King 35K in Deutschland zu Gro\u00dfhandelspreisen kaufen?<\/strong><br \/>\nSie k\u00f6nnen es bei Vapestornado kaufen<strong>\u00a0Online-Vape-Shop<\/strong> oder erkundigen Sie sich bei Ihrem lokalen H\u00e4ndler nach den besten Angeboten.<\/p>\n<p><strong>2. Woher wei\u00df ich, wann das E-Liquid zur Neige geht?<\/strong><br \/>\nDer <strong>Digitalanzeige<\/strong> zeigt den E-Liquid-Stand an und h\u00e4lt Sie jederzeit auf dem Laufenden.<\/p>\n<p><strong>3. Wie lade ich den Bang King 35000 auf?<\/strong><br \/>\nVerwenden Sie einfach das <strong>Typ-C-Ladeanschluss<\/strong> f\u00fcr ein schnelles und problemloses Aufladen.<\/p>\n<p><strong>4. Was hebt diesen Bang King 35k Vape von anderen Einweg-Vape-Marken ab?<\/strong><br \/>\nDer <strong>Dual-Flavor-Design<\/strong>, <strong>anpassbarer Luftstrom<\/strong>, und massiven <strong>35.000 Z\u00fcge<\/strong> heben es hervor und machen es zu einem der <strong>beliebtesten Einweg-Vapes<\/strong>.<\/p>\n<p><strong>5. Kann ich den Luftstrom nach meinen W\u00fcnschen einstellen?<\/strong><br \/>\nJa! Das Ger\u00e4t bietet <strong>drei Luftstrommodi<\/strong> um sicherzustellen, dass Sie jedes Mal den perfekten Zug erhalten.<\/p>\n<p><strong>6. Sind die Aromen f\u00fcr niedrige Nikotinpr\u00e4ferenzen geeignet?<\/strong><br \/>\nAbsolut. Der Bang King 35K bietet <strong>anpassbaren Nikotingehalt<\/strong> in 0%, 2% und 5%.<\/p>\n<div class=\"flex max-w-full flex-col flex-grow\">\n<div class=\"min-h-8 text-message flex w-full flex-col items-end gap-2 whitespace-normal break-words text-start [.text-message+&amp;]:mt-5\" dir=\"auto\" data-message-author-role=\"assistant\" data-message-id=\"4dc48248-df95-45bd-b800-6dedb43cf7f1\" data-message-model-slug=\"gpt-4o\">\n<div class=\"flex w-full flex-col gap-1 empty:hidden first:pt-[3px]\"><\/div>\n<\/div>\n<\/div>\n<\/div>\n<\/div>\n<\/div>\n<\/div>\n<div class=\"flex-shrink-0 flex flex-col relative items-end\">\n<div class=\"pt-0\">\n<div class=\"gizmo-bot-avatar flex h-8 w-8 items-center justify-center overflow-hidden rounded-full\">\n<div class=\"relative p-1 rounded-sm flex items-center justify-center bg-token-main-surface-primary text-token-text-primary h-8 w-8\">\n<div class=\"mb-2 flex gap-3 empty:hidden -ml-2\">\n<div role=\"article\" data-tabster=\"{&quot;groupper&quot;:{&quot;tabbability&quot;:2},&quot;focusable&quot;:{}}\" data-content=\"ai-message\" aria-labelledby=\"Vdt5ez4X7Tg813x6rFVha-author Vdt5ez4X7Tg813x6rFVha-content\">\n<div id=\"Vdt5ez4X7Tg813x6rFVha-content\">\n<div role=\"article\" data-tabster=\"{&quot;groupper&quot;:{&quot;tabbability&quot;:2},&quot;focusable&quot;:{}}\" data-content=\"ai-message\" aria-labelledby=\"o968oC7CEo2fGHsGdsRYC-author o968oC7CEo2fGHsGdsRYC-content\">\n<div id=\"o968oC7CEo2fGHsGdsRYC-content\">\n<h3>Warum Vapestornado f\u00fcr Uwin Crystal 20000 Shisha Hookah Einweg-Vape im Gro\u00dfhandel w\u00e4hlen?<\/h3>\n<div class=\"flex-shrink-0 flex flex-col relative items-end\">\n<div class=\"pt-0\">\n<div class=\"gizmo-bot-avatar flex h-8 w-8 items-center justify-center overflow-hidden rounded-full\">\n<div class=\"relative p-1 rounded-sm flex items-center justify-center bg-token-main-surface-primary text-token-text-primary h-8 w-8\">\n<p>Im wachsenden Wettbewerb in der Einweg-Vape-Industrie hat vapestornado, eine f\u00fchrende globale Plattform f\u00fcr E-Zigaretten-Gro\u00dfhandelsl\u00f6sungen, den bahnbrechenden Bang King 35K Puffs Einweg-Vape vorgestellt. Mit seinem auff\u00e4lligen Kristalldesign und den multifunktionalen Eigenschaften verbindet dieses innovative Produkt Stil mit Funktionalit\u00e4t. Mit einer gro\u00dfen Auswahl an fruchtigen Geschmacksrichtungen zielt es darauf ab, die unterschiedlichen Geschm\u00e4cker von Dampfern zu befriedigen.<\/p>\n<p>vapestornado ist Ihr vertrauensw\u00fcrdiger Online-Vape-Shop f\u00fcr hochwertige Einweg-Vapes. Wir bieten Ihnen hei\u00df verkaufte Einweg-Vape-Marken wie Waspe Vape und WGA Vape, Fumot RandM Vape, Vozol Vape, Bang Vape usw.<\/p>\n<p>Unser Sortiment umfasst die beliebtesten Einweg-Vapes wie den <a href=\"https:\/\/vapestornado.com\/de\/product\/randm-tornado-30000-puffs-music-rechargeable-disposable-vape-pen-wholesale\/\">Randm Tornado 30000<\/a>, und geschmacksreiche Optionen wie den <a href=\"https:\/\/vapestornado.com\/de\/product\/uwin-crystal-20000-shisha-hookah-20k-puffs-disposable-vape-factory-cheap-price\/\"> Uwin Crystal 20000 Z\u00fcge<\/a> . Jedes Produkt wird mit Fokus auf Qualit\u00e4t, Wert und Vielfalt ausgew\u00e4hlt, um sicherzustellen, dass Sie die perfekte L\u00f6sung f\u00fcr Ihre Bed\u00fcrfnisse finden. Entdecken Sie au\u00dfergew\u00f6hnlichen Service und eine gro\u00dfe Auswahl an Top-Produkten zum Gro\u00dfhandelspreis bei vapestornado.<\/p>\n<\/div>\n<p>&nbsp;<\/p>\n<p><strong>Andere hei\u00dfe Einweg-Vapes im Angebot<\/strong><\/p>\n<p><a href=\"https:\/\/vapestornado.com\/de\/product\/fumot-randm-tornado-25000-puffs-touch-disposable-vape-wholesale-online\/\">Fumot 25000 Z\u00fcge <span style=\"color: #ff0000;\"><strong>&gt;&gt;&gt;&gt; Los !<\/strong><\/span><\/a><\/p>\n<p><a href=\"https:\/\/vapestornado.com\/de\/product\/bang-36000-smart-disposable-vape-wholesale-shop-online\/\">Bang 36000 Z\u00fcge<span style=\"color: #ff0000;\"><strong>&gt;&gt;&gt;&gt; Los !<\/strong><\/span><\/a><\/p>\n<p><a href=\"https:\/\/vapestornado.com\/de\/product\/randm-tornado-9000-puffs-rechargeable-disposable-vape-wholesale-online\/\">RandM Tornado 9000 <span style=\"color: #ff0000;\"><strong>&gt;&gt;&gt;&gt; Los !<\/strong><\/span><\/a><\/p>\n<\/div>\n<\/div>\n<\/div>\n<p>&nbsp;<\/p>\n<\/div>\n<\/div>\n<\/div>\n<\/div>\n<\/div>\n<\/div>\n<\/div>\n<\/div>\n<\/div>","protected":false},"excerpt":{"rendered":"<p>Bang King 35000 Z\u00fcge Smart Screen Gro\u00dfhandel Einweg E-Zigarette<br \/>\n23 ml E-Liquid-Volumen<br \/>\nBang King Tornado 35000 35K Z\u00fcge Einweg Vape Pen<\/p>\n<p><strong>F\u00fcge Amy auf WhatsApp hinzu, um sofort eine Antwort und einen Vape-Gutschein zu erhalten!<\/strong><\/p>\n<p><img fetchpriority=\"high\" decoding=\"async\" class=\"size-full wp-image-2932\" src=\"https:\/\/vapestornado.com\/wp-content\/uploads\/2024\/12\/Vape-Wholesale.jpg\" alt=\"Vape-Gro\u00dfhandel\" width=\"229\" height=\"300\" \/><\/p>\n<h3><a href=\"https:\/\/wa.me\/8617776015835\"><span style=\"color: #ff0000;\"><strong>WhatsApp: +86 17776015835<\/strong><\/span><\/a><\/h3>\n<p>&nbsp;<\/p>","protected":false},"featured_media":3731,"comment_status":"open","ping_status":"closed","template":"","meta":{"_acf_changed":false,"_uag_custom_page_level_css":"","_lmt_disableupdate":"no","_lmt_disable":"","_monsterinsights_skip_tracking":false,"_monsterinsights_sitenote_active":false,"_monsterinsights_sitenote_note":"","_monsterinsights_sitenote_category":0,"site-sidebar-layout":"default","site-content-layout":"","ast-site-content-layout":"default","site-content-style":"default","site-sidebar-style":"default","ast-global-header-display":"","ast-banner-title-visibility":"","ast-main-header-display":"","ast-hfb-above-header-display":"","ast-hfb-below-header-display":"","ast-hfb-mobile-header-display":"","site-post-title":"","ast-breadcrumbs-content":"","ast-featured-img":"","footer-sml-layout":"","ast-disable-related-posts":"","theme-transparent-header-meta":"default","adv-header-id-meta":"","stick-header-meta":"","header-above-stick-meta":"","header-main-stick-meta":"","header-below-stick-meta":"","astra-migrate-meta-layouts":"set","ast-page-background-enabled":"default","ast-page-background-meta":{"desktop":{"background-color":"","background-image":"","background-repeat":"repeat","background-position":"center center","background-size":"auto","background-attachment":"scroll","background-type":"","background-media":"","overlay-type":"","overlay-color":"","overlay-opacity":"","overlay-gradient":""},"tablet":{"background-color":"","background-image":"","background-repeat":"repeat","background-position":"center center","background-size":"auto","background-attachment":"scroll","background-type":"","background-media":"","overlay-type":"","overlay-color":"","overlay-opacity":"","overlay-gradient":""},"mobile":{"background-color":"","background-image":"","background-repeat":"repeat","background-position":"center center","background-size":"auto","background-attachment":"scroll","background-type":"","background-media":"","overlay-type":"","overlay-color":"","overlay-opacity":"","overlay-gradient":""}},"ast-content-background-meta":{"desktop":{"background-color":"var(--ast-global-color-5)","background-image":"","background-repeat":"repeat","background-position":"center center","background-size":"auto","background-attachment":"scroll","background-type":"","background-media":"","overlay-type":"","overlay-color":"","overlay-opacity":"","overlay-gradient":""},"tablet":{"background-color":"var(--ast-global-color-5)","background-image":"","background-repeat":"repeat","background-position":"center center","background-size":"auto","background-attachment":"scroll","background-type":"","background-media":"","overlay-type":"","overlay-color":"","overlay-opacity":"","overlay-gradient":""},"mobile":{"background-color":"var(--ast-global-color-5)","background-image":"","background-repeat":"repeat","background-position":"center center","background-size":"auto","background-attachment":"scroll","background-type":"","background-media":"","overlay-type":"","overlay-color":"","overlay-opacity":"","overlay-gradient":""}},"_joinchat":{"telephone":"+8617776015835"}},"product_brand":[],"product_cat":[175,63,153,155,159,143,146],"product_tag":[196,234,165,198,97,166,94],"class_list":{"0":"post-3726","1":"product","2":"type-product","3":"status-publish","4":"has-post-thumbnail","6":"product_cat-35000-puff","7":"product_cat-bangking","8":"product_cat-buy-disposable-vapes-in-italy","9":"product_cat-buy-disposable-vapes-in-norway","10":"product_cat-buy-disposable-vapes-in-sweden","11":"product_cat-dual-mesh-disposable-vapes","12":"product_cat-rechargeable-disposable-vapes","13":"product_tag-bang-vape","14":"product_tag-bangking-35000","15":"product_tag-cheap-vapes","16":"product_tag-double-flavor-disposable-vape","17":"product_tag-hot-sale-disposable-vape","18":"product_tag-low-nicotine-vape","19":"product_tag-rechargeable-disposable-vape","20":"desktop-align-left","21":"tablet-align-left","22":"mobile-align-left","24":"first","25":"instock","26":"sale","27":"shipping-taxable","28":"purchasable","29":"product-type-simple"},"acf":[],"uagb_featured_image_src":{"full":["https:\/\/vapestornado.com\/wp-content\/uploads\/2025\/01\/Bang-Vape-Bangking-36k-Disposable-Vape-Bulk-Price.webp",800,800,false],"thumbnail":["https:\/\/vapestornado.com\/wp-content\/uploads\/2025\/01\/Bang-Vape-Bangking-36k-Disposable-Vape-Bulk-Price-150x150.webp",150,150,true],"medium":["https:\/\/vapestornado.com\/wp-content\/uploads\/2025\/01\/Bang-Vape-Bangking-36k-Disposable-Vape-Bulk-Price-300x300.webp",300,300,true],"medium_large":["https:\/\/vapestornado.com\/wp-content\/uploads\/2025\/01\/Bang-Vape-Bangking-36k-Disposable-Vape-Bulk-Price-768x768.webp",768,768,true],"large":["https:\/\/vapestornado.com\/wp-content\/uploads\/2025\/01\/Bang-Vape-Bangking-36k-Disposable-Vape-Bulk-Price.webp",800,800,false],"1536x1536":["https:\/\/vapestornado.com\/wp-content\/uploads\/2025\/01\/Bang-Vape-Bangking-36k-Disposable-Vape-Bulk-Price.webp",800,800,false],"2048x2048":["https:\/\/vapestornado.com\/wp-content\/uploads\/2025\/01\/Bang-Vape-Bangking-36k-Disposable-Vape-Bulk-Price.webp",800,800,false],"trp-custom-language-flag":["https:\/\/vapestornado.com\/wp-content\/uploads\/2025\/01\/Bang-Vape-Bangking-36k-Disposable-Vape-Bulk-Price.webp",12,12,false],"woocommerce_thumbnail":["https:\/\/vapestornado.com\/wp-content\/uploads\/2025\/01\/Bang-Vape-Bangking-36k-Disposable-Vape-Bulk-Price-300x300.webp",300,300,true],"woocommerce_single":["https:\/\/vapestornado.com\/wp-content\/uploads\/2025\/01\/Bang-Vape-Bangking-36k-Disposable-Vape-Bulk-Price-600x600.webp",600,600,true],"woocommerce_gallery_thumbnail":["https:\/\/vapestornado.com\/wp-content\/uploads\/2025\/01\/Bang-Vape-Bangking-36k-Disposable-Vape-Bulk-Price-100x100.webp",100,100,true]},"uagb_author_info":{"display_name":"ESAMY","author_link":"https:\/\/vapestornado.com\/de\/author\/"},"uagb_comment_info":0,"uagb_excerpt":"Bang King 35000 Puffs Smart Screen Wholesale Disposable Bang King 35000 Puffs Disposable Vape Bulk Buy Bang King Tornado 35000 35K Puffs Disposable Vape Pen Add Amy's whatsapp get right reply and vape coupon! WhatsApp: +86 17776015835 &nbsp;","_links":{"self":[{"href":"https:\/\/vapestornado.com\/de\/wp-json\/wp\/v2\/product\/3726","targetHints":{"allow":["GET"]}}],"collection":[{"href":"https:\/\/vapestornado.com\/de\/wp-json\/wp\/v2\/product"}],"about":[{"href":"https:\/\/vapestornado.com\/de\/wp-json\/wp\/v2\/types\/product"}],"replies":[{"embeddable":true,"href":"https:\/\/vapestornado.com\/de\/wp-json\/wp\/v2\/comments?post=3726"}],"wp:featuredmedia":[{"embeddable":true,"href":"https:\/\/vapestornado.com\/de\/wp-json\/wp\/v2\/media\/3731"}],"wp:attachment":[{"href":"https:\/\/vapestornado.com\/de\/wp-json\/wp\/v2\/media?parent=3726"}],"wp:term":[{"taxonomy":"product_brand","embeddable":true,"href":"https:\/\/vapestornado.com\/de\/wp-json\/wp\/v2\/product_brand?post=3726"},{"taxonomy":"product_cat","embeddable":true,"href":"https:\/\/vapestornado.com\/de\/wp-json\/wp\/v2\/product_cat?post=3726"},{"taxonomy":"product_tag","embeddable":true,"href":"https:\/\/vapestornado.com\/de\/wp-json\/wp\/v2\/product_tag?post=3726"}],"curies":[{"name":"wp","href":"https:\/\/api.w.org\/{rel}","templated":true}]}}