{"id":3724,"date":"2025-01-11T02:00:22","date_gmt":"2025-01-11T02:00:22","guid":{"rendered":"https:\/\/vapestornado.com\/?post_type=product&#038;p=3724"},"modified":"2025-08-23T12:33:40","modified_gmt":"2025-08-23T12:33:40","slug":"uwin-crystal-20000-shisha-hookah-20k-puffs-disposable-vape-factory-cheap-price","status":"publish","type":"product","link":"https:\/\/vapestornado.com\/de\/product\/uwin-crystal-20000-shisha-hookah-20k-puffs-disposable-vape-factory-cheap-price\/","title":{"rendered":"Uwin Crystal 20000 Shisha Wasserpfeife 20K Z\u00fcge Einweg Vape Fabrik G\u00fcnstiger Preis"},"content":{"rendered":"<h1 class=\"product-title\">Uwin Crystal 20000 Shisha Wasserpfeife 20K Z\u00fcge Einweg Vape Fabrik G\u00fcnstiger Preis<\/h1>\n<p>Der <strong>Uwin Kristall 20000<\/strong> Puffs ist Ihre ultimative Vaping-L\u00f6sung, die unglaubliche Leistung, Erschwinglichkeit und Vielfalt bietet. Mit einem schlanken <strong>Kristalldesign<\/strong> und <strong>g\u00fcnstiger Fabrikpreis<\/strong>, dies <strong>Einweg-Vape<\/strong> ist perfekt f\u00fcr diejenigen, die Premium-Qualit\u00e4t zu einem budgetfreundlichen Preis suchen. Holen Sie sich <strong>20.000 Z\u00fcge<\/strong> pro Ger\u00e4t, was langfristige Zufriedenheit ohne die Notwendigkeit h\u00e4ufiger Ersatzlieferungen gew\u00e4hrleistet. Ideal f\u00fcr Benutzer, die maximalen Wert und minimalen Aufwand w\u00fcnschen.<\/p>\n<p>Auf der Suche nach <strong>g\u00fcnstigen Vapes<\/strong> mit erstklassiger Qualit\u00e4t? Der Uwin Shisha Hookah 20K ist erh\u00e4ltlich zu <strong>Fabrikdirektpreisen<\/strong>, was ihn zu einer gro\u00dfartigen Wahl f\u00fcr Gro\u00dfh\u00e4ndler und einzelne K\u00e4ufer macht. Die fortschrittliche <strong>0,8\u03a9 Mesh-Spule<\/strong> garantiert ein geschmackvolles und sanftes Dampferlebnis. Gepaart mit 12 Geschmacksoptionen ist er perfekt f\u00fcr Geschmacksenthusiasten.<\/p>\n<p>W\u00e4hlen Sie Ihre ideale Nikotinst\u00e4rke, Uwin Crystal 20000 gibt es mit Nikotinoptionen von <strong>0%, 2% und 5%<\/strong>, was dieses Ger\u00e4t f\u00fcr jeden Dampfer vielseitig macht. Sein tragbares und ergonomisches <strong>Kristalldesign<\/strong> ist perfekt f\u00fcr Benutzer, die sowohl Form als auch Funktion sch\u00e4tzen, was es zu einem der <strong>beliebtesten Einweg-Vapes<\/strong> heute macht. Holen Sie sich noch heute den <strong>Uwin Kristall 20000 Z\u00fcge Shisha Wasserpfeife <\/strong>\u00a0und genie\u00dfen Sie die perfekte Mischung aus Stil, Geschmack und Wert!<\/p>\n<p><span style=\"color: #ff0000;\"><strong>F\u00fcgen Sie Amy auf WhatsApp hinzu, um eine direkte Antwort und einen Vape-Gutschein zu erhalten!<\/strong><\/span><\/p>\n<p><img fetchpriority=\"high\" decoding=\"async\" class=\"size-full wp-image-2932\" src=\"https:\/\/vapestornado.com\/wp-content\/uploads\/2024\/12\/Vape-Wholesale.jpg\" alt=\"Vape-Gro\u00dfhandel\" width=\"229\" height=\"300\" \/><\/p>\n<h3><a href=\"https:\/\/wa.me\/8617776015835\" target=\"_blank\" rel=\"noopener\"><span style=\"color: #ff0000;\"><strong>WhatsApp: +86 17776015835<\/strong><\/span><\/a><\/h3>\n<p>&nbsp;<\/p>\n<h2 class=\"product-title\"><strong>Uwin Crystal 20000 Produktmerkmale<\/strong><\/h2>\n<div role=\"article\" data-tabster=\"{&quot;groupper&quot;:{&quot;tabbability&quot;:2},&quot;focusable&quot;:{}}\" data-content=\"ai-message\" aria-labelledby=\"juhNTJ6o7Gk1cgwZMJgv2-author juhNTJ6o7Gk1cgwZMJgv2-content\">\n<div id=\"juhNTJ6o7Gk1cgwZMJgv2-content\">\n<div role=\"article\" data-tabster=\"{&quot;groupper&quot;:{&quot;tabbability&quot;:2},&quot;focusable&quot;:{}}\" data-content=\"ai-message\" aria-labelledby=\"x4EZuCZWrTbh3weWUt7CU-author x4EZuCZWrTbh3weWUt7CU-content\">\n<div id=\"x4EZuCZWrTbh3weWUt7CU-content\">\n<div class=\"flex max-w-full flex-col flex-grow\">\n<div class=\"min-h-8 text-message flex w-full flex-col items-end gap-2 whitespace-normal break-words text-start [.text-message+&amp;]:mt-5\" dir=\"auto\" data-message-author-role=\"assistant\" data-message-id=\"52c6e00a-252f-4104-805d-2f1a84739c71\" data-message-model-slug=\"gpt-4o\">\n<div class=\"flex w-full flex-col gap-1 empty:hidden first:pt-[3px]\">\n<div class=\"markdown prose w-full break-words dark:prose-invert light\">\n<div class=\"flex max-w-full flex-col flex-grow\">\n<div class=\"min-h-8 text-message flex w-full flex-col items-end gap-2 whitespace-normal break-words text-start [.text-message+&amp;]:mt-5\" dir=\"auto\" data-message-author-role=\"assistant\" data-message-id=\"3c321776-aace-4a97-95f3-35c104de1c0a\" data-message-model-slug=\"gpt-4o\">\n<div class=\"flex w-full flex-col gap-1 empty:hidden first:pt-[3px]\">\n<div class=\"markdown prose w-full break-words dark:prose-invert light\">\n<h3><\/h3>\n<ol>\n<li><strong>Hohe Anzahl an Z\u00fcgen<\/strong>: Bietet bis zu 20.000 Z\u00fcge f\u00fcr eine l\u00e4ngere Nutzung.<\/li>\n<li><strong>Nikotin Optionen<\/strong>: Erh\u00e4ltlich in den Nikotinst\u00e4rken 0%, 2%, 3% und 5%.<\/li>\n<li><strong>Kristall-Design<\/strong>: Stilvolles, leichtes und tragbares ergonomisches Design.<\/li>\n<li><strong>Mesh-Coil-Technologie<\/strong>: 0,8\u03a9 Mesh-Coil sorgt f\u00fcr sanften Dampf und reichen Geschmack.<\/li>\n<li><strong>Vielfalt an Geschmacksrichtungen<\/strong>: Bietet 12 einzigartige Geschmacksrichtungen f\u00fcr vielf\u00e4ltige Geschm\u00e4cker.<\/li>\n<li><strong>Gro\u00dfe E-Liquid-Kapazit\u00e4t<\/strong>: 22ml vorgef\u00fclltes E-Liquid reduziert h\u00e4ufiges Nachf\u00fcllen.<\/li>\n<li><strong>Wiederaufladbarer Akku<\/strong>: 650mAh Kobalt-Akku mit Typ-C-Schnellladefunktion.<\/li>\n<li><strong>Erschwingliche Gro\u00dfhandelspreise<\/strong>: Perfekt f\u00fcr Gro\u00dfeink\u00e4ufe mit gro\u00dfartigem Preis-Leistungs-Verh\u00e4ltnis.<\/li>\n<\/ol>\n<\/div>\n<\/div>\n<\/div>\n<\/div>\n<div class=\"mb-2 flex gap-3 empty:hidden -ml-2\">\n<div class=\"items-center justify-start rounded-xl p-1 flex\"><\/div>\n<\/div>\n<\/div>\n<\/div>\n<\/div>\n<\/div>\n<div class=\"mb-2 flex gap-3 empty:hidden -ml-2\">\n<figure id=\"attachment_3719\" aria-describedby=\"caption-attachment-3719\" style=\"width: 800px\" class=\"wp-caption alignnone\"><img decoding=\"async\" class=\"wp-image-3719 size-full\" src=\"https:\/\/vapestornado.com\/wp-content\/uploads\/2025\/01\/Hookah-Shisha-20k-20000-Puffs-E-Disposable-Vape.webp\" alt=\"Shisha 20k 20000 Z\u00fcge E Einweg-Vape\" width=\"800\" height=\"800\" srcset=\"https:\/\/vapestornado.com\/wp-content\/uploads\/2025\/01\/Hookah-Shisha-20k-20000-Puffs-E-Disposable-Vape.webp 800w, https:\/\/vapestornado.com\/wp-content\/uploads\/2025\/01\/Hookah-Shisha-20k-20000-Puffs-E-Disposable-Vape-300x300.webp 300w, https:\/\/vapestornado.com\/wp-content\/uploads\/2025\/01\/Hookah-Shisha-20k-20000-Puffs-E-Disposable-Vape-150x150.webp 150w, https:\/\/vapestornado.com\/wp-content\/uploads\/2025\/01\/Hookah-Shisha-20k-20000-Puffs-E-Disposable-Vape-768x768.webp 768w, https:\/\/vapestornado.com\/wp-content\/uploads\/2025\/01\/Hookah-Shisha-20k-20000-Puffs-E-Disposable-Vape-600x600.webp 600w, https:\/\/vapestornado.com\/wp-content\/uploads\/2025\/01\/Hookah-Shisha-20k-20000-Puffs-E-Disposable-Vape-100x100.webp 100w\" sizes=\"(max-width: 800px) 100vw, 800px\" \/><figcaption id=\"caption-attachment-3719\" class=\"wp-caption-text\">Shisha 20k 20000 Z\u00fcge E Einweg-Vape<\/figcaption><\/figure>\n<\/div>\n<\/div>\n<\/div>\n<\/div>\n<\/div>\n<h2 class=\"product-title\"><strong>Beliebte Geschmacksrichtung f\u00fcr Uwin Crystal 20k<\/strong><strong>\u00a0<\/strong><strong>Einweg-Vapes<\/strong><\/h2>\n<p>Der Uwin Crystal 20000 bietet eine beeindruckende Auswahl von 12 verschiedenen Geschmacksrichtungen, die jedem Geschmack gerecht werden. Was sind die beliebtesten Geschmacksrichtungen f\u00fcr den Uwin Crystal 20k? Jede Geschmacksrichtung bietet ein einzigartiges Dampferlebnis, aber Beerenmix und Zitrone Minze geh\u00f6ren aufgrund ihrer lebendigen, ausgewogenen und befriedigenden Profile stets zu den Top-Favoriten. Diese Geschmacksrichtungen machen den Uwin Crystal 20000 zu einem Highlight in der Welt der Einweg-Vapes. Entdecken Sie alle 12 Geschmacksrichtungen und finden Sie noch heute Ihren Favoriten!<\/p>\n<ol>\n<li>Wassermelone<\/li>\n<li>Mango Eis<\/li>\n<li>Blaubeere Himbeere <span style=\"color: #ff0000;\"><strong>&gt;&gt;&gt;&gt; Hei\u00df !<\/strong><\/span><\/li>\n<li>Traube Minze<\/li>\n<li>Passionsfrucht<\/li>\n<li>Erdbeer Kiwi<\/li>\n<li>Doppelapfel<\/li>\n<li>Pfirsich-Eis<\/li>\n<li>Ananas Kokosnuss<\/li>\n<li>Gemischte Beeren<span style=\"color: #ff0000;\"><strong>&gt;&gt;&gt;&gt; Beste !<\/strong><\/span><\/li>\n<li>Zitronen-Minze <span style=\"color: #ff0000;\"><strong>&gt;&gt;&gt;&gt; Hei\u00df !<\/strong><\/span><\/li>\n<li>Orangen-Crush<\/li>\n<\/ol>\n<div class=\"flex-shrink-0 flex flex-col relative items-end\">\n<div class=\"pt-0\">\n<div class=\"gizmo-bot-avatar flex h-8 w-8 items-center justify-center overflow-hidden rounded-full\">\n<div class=\"relative p-1 rounded-sm flex items-center justify-center bg-token-main-surface-primary text-token-text-primary h-8 w-8\">\n<h3>FAQS f\u00fcr Uwin Crystal 20000 Shisha Hookah wiederaufladbar<strong>\u00a0<\/strong>Einweg-Vape<\/h3>\n<h3><\/h3>\n<h4><strong>1. Warum die Uwin Shisha Hookah 20K w\u00e4hlen?<\/strong><\/h4>\n<p>Mit <strong>20.000 Z\u00fcge<\/strong>, anpassbare Nikotinspiegel und ein elegantes Kristall-Design, ist dieses Ger\u00e4t sowohl praktisch als auch stilvoll.<\/p>\n<h4><strong>2. Ist dieses Vape preisg\u00fcnstig?<\/strong><\/h4>\n<p>Ja! Es ist zu <strong>g\u00fcnstigen Fabrikpreisen<\/strong>erh\u00e4ltlich, perfekt f\u00fcr alle, die <strong>g\u00fcnstigen Vapes<\/strong> ohne Qualit\u00e4tseinbu\u00dfen.<\/p>\n<h4><strong>3. Welche Geschmacksrichtungen sind verf\u00fcgbar?<\/strong><\/h4>\n<p>Die Uwin Shisha Hookah 20K bietet 12 einzigartige Geschmacksrichtungen, wie zum Beispiel <strong>Mango Eis<\/strong>, <strong>Pfirsich-Eis<\/strong>und <strong>Rosa Limonade<\/strong>.<\/p>\n<h4><strong>4. F\u00fcr wen ist dieses Ger\u00e4t ideal?<\/strong><\/h4>\n<p>Dank seiner hohen Zuganzahl, der gro\u00dfen Geschmacksvielfalt und dem erschwinglichen Preis ist es perfekt f\u00fcr alle Benutzer, vom Gelegenheitsraucher bis zum erfahrenen Enthusiasten.<\/p>\n<h4><strong>5. Wo kann man Einweg-Vapes wie diesen kaufen?<\/strong><\/h4>\n<p>Kaufen Sie bei <strong><a href=\"https:\/\/vapestornado.com\/de\/\" target=\"_new\" rel=\"noopener\">Vapestornado Online-Vape-Shop<\/a><\/strong>, einem der <strong>beliebtesten Websites f\u00fcr Einweg-Vapes<\/strong>, um die besten Angebote f\u00fcr die Uwin Shisha Hookah 20K zu erhalten.<\/p>\n<div class=\"flex max-w-full flex-col flex-grow\">\n<div class=\"min-h-8 text-message flex w-full flex-col items-end gap-2 whitespace-normal break-words text-start [.text-message+&amp;]:mt-5\" dir=\"auto\" data-message-author-role=\"assistant\" data-message-id=\"4dc48248-df95-45bd-b800-6dedb43cf7f1\" data-message-model-slug=\"gpt-4o\">\n<div class=\"flex w-full flex-col gap-1 empty:hidden first:pt-[3px]\"><\/div>\n<\/div>\n<\/div>\n<\/div>\n<\/div>\n<\/div>\n<\/div>\n<div class=\"flex-shrink-0 flex flex-col relative items-end\">\n<div class=\"pt-0\">\n<div class=\"gizmo-bot-avatar flex h-8 w-8 items-center justify-center overflow-hidden rounded-full\">\n<div class=\"relative p-1 rounded-sm flex items-center justify-center bg-token-main-surface-primary text-token-text-primary h-8 w-8\">\n<div class=\"mb-2 flex gap-3 empty:hidden -ml-2\">\n<div role=\"article\" data-tabster=\"{&quot;groupper&quot;:{&quot;tabbability&quot;:2},&quot;focusable&quot;:{}}\" data-content=\"ai-message\" aria-labelledby=\"Vdt5ez4X7Tg813x6rFVha-author Vdt5ez4X7Tg813x6rFVha-content\">\n<div id=\"Vdt5ez4X7Tg813x6rFVha-content\">\n<div role=\"article\" data-tabster=\"{&quot;groupper&quot;:{&quot;tabbability&quot;:2},&quot;focusable&quot;:{}}\" data-content=\"ai-message\" aria-labelledby=\"o968oC7CEo2fGHsGdsRYC-author o968oC7CEo2fGHsGdsRYC-content\">\n<div id=\"o968oC7CEo2fGHsGdsRYC-content\">\n<h3>Warum Vapestornado f\u00fcr Uwin Crystal 20000 Shisha Hookah Einweg-Vape im Gro\u00dfhandel w\u00e4hlen?<\/h3>\n<div class=\"flex-shrink-0 flex flex-col relative items-end\">\n<div class=\"pt-0\">\n<div class=\"gizmo-bot-avatar flex h-8 w-8 items-center justify-center overflow-hidden rounded-full\">\n<div class=\"relative p-1 rounded-sm flex items-center justify-center bg-token-main-surface-primary text-token-text-primary h-8 w-8\">\n<p>Im wachsenden Wettbewerb in der Einweg-Vape-Branche hat Vapestornado, eine f\u00fchrende globale Plattform f\u00fcr E-Zigaretten-L\u00f6sungen im Gro\u00dfhandel, den bahnbrechenden Uwin Shisha Hookah Crystal 20000 Puffs Einweg-Vape eingef\u00fchrt. Mit seinem auff\u00e4lligen Kristalldesign und seinen multifunktionalen Merkmalen verbindet dieses innovative Produkt nahtlos Stil mit Funktionalit\u00e4t. Mit einer gro\u00dfen Auswahl an fruchtigen Geschmacksrichtungen soll es die unterschiedlichen Geschm\u00e4cker von Vapern befriedigen.<\/p>\n<p>Vapestornado ist Ihr vertrauensw\u00fcrdiger Online-Vape-Shop f\u00fcr hochwertige Einweg-Vapes. Mit mehr als 5 Jahren Erfahrung bieten wir Ihnen hei\u00dfe Verkaufsmarken f\u00fcr Einweg-Vapes wie Waspe Vape, WGA Vape, Fumot RandM Vape, Vozol Vape, Bang Vape usw.<\/p>\n<p>Unser Sortiment umfasst die beliebtesten Einweg-Vapes wie den <a href=\"https:\/\/vapestornado.com\/de\/product\/vapsolo-viking-12000-puffs-2-5-low-nicotine-bulk-buy-rechargeable-disposable-vapes-pen-wholesale-price\/\">VapSolo Wikinger 12000<\/a>, und geschmacksreiche Optionen wie den <a href=\"https:\/\/vapestornado.com\/de\/product\/uwin-crystal-10000-puffs-wholesale-disposable-vape-puff-10k-low-nicotine-rechargeable-vapes-pen-bulk-buy-wholesalepuffs-disposable-vape-wholesale-price-copy\/\"> Uwin Crystal 10000 Z\u00fcge<\/a> . Jedes Produkt wird mit Fokus auf Qualit\u00e4t, Wert und Vielfalt ausgew\u00e4hlt, um sicherzustellen, dass Sie die perfekte \u00dcbereinstimmung f\u00fcr Ihre Bed\u00fcrfnisse finden. Entdecken Sie au\u00dfergew\u00f6hnlichen Service und eine breite Palette an Spitzenprodukten zum Gro\u00dfhandelspreis bei vapestornado.<\/p>\n<\/div>\n<p>&nbsp;<\/p>\n<p><strong>Andere hei\u00dfe Einweg-Vapes im Angebot<\/strong><\/p>\n<p><a href=\"https:\/\/vapestornado.com\/de\/product\/china-factory-vapsolo-super-15000-puffs-disposable-wholesale-price-disposable-vape-rechargeable-disposable-vapes-pen-bulk-buy-wholesale\/\">Vapsolo Super 15000 Z\u00fcge <span style=\"color: #ff0000;\"><strong>&gt;&gt;&gt;&gt; Los !<\/strong><\/span><\/a><\/p>\n<p><a href=\"https:\/\/vapestornado.com\/de\/product\/jnr-falcon-x-18000-puffs-disposable-vape-wholesale-price\/\">JNR Falcon X 18000 Z\u00fcge<span style=\"color: #ff0000;\"><strong>&gt;&gt;&gt;&gt; Los !<\/strong><\/span><\/a><\/p>\n<p><a href=\"https:\/\/vapestornado.com\/de\/product\/tornado-vape-uwin-35000-puff-35k-music-wholesale-price\/\">Tornado Vape Uwin 35000 <span style=\"color: #ff0000;\"><strong>&gt;&gt;&gt;&gt; Los !<\/strong><\/span><\/a><\/p>\n<\/div>\n<\/div>\n<\/div>\n<p>&nbsp;<\/p>\n<\/div>\n<\/div>\n<\/div>\n<\/div>\n<\/div>\n<\/div>\n<\/div>\n<\/div>\n<\/div>","protected":false},"excerpt":{"rendered":"<p>Bester Uwin Shisha Hookah Crystal 20000 Puffs Einweg-Vape<br \/>\nUwin Crystal 20k Puff Einweg-Shisha Hookah Gro\u00dfhandelspreis<br \/>\nUwin Crystal 20000 Puffs G\u00fcnstiger Preis Gro\u00dfhandelslieferant<\/p>\n<p><strong>F\u00fcge Amy auf WhatsApp hinzu, um sofort eine Antwort und einen Vape-Gutschein zu erhalten!<\/strong><\/p>\n<p><img fetchpriority=\"high\" decoding=\"async\" class=\"size-full wp-image-2932\" src=\"https:\/\/vapestornado.com\/wp-content\/uploads\/2024\/12\/Vape-Wholesale.jpg\" alt=\"Vape-Gro\u00dfhandel\" width=\"229\" height=\"300\" \/><\/p>\n<h3><a href=\"https:\/\/wa.me\/8617776015835\"><span style=\"color: #ff0000;\"><strong>WhatsApp: +86 17776015835<\/strong><\/span><\/a><\/h3>\n<p>&nbsp;<\/p>","protected":false},"featured_media":3723,"comment_status":"open","ping_status":"closed","template":"","meta":{"_acf_changed":false,"_uag_custom_page_level_css":"","_lmt_disableupdate":"no","_lmt_disable":"","_monsterinsights_skip_tracking":false,"_monsterinsights_sitenote_active":false,"_monsterinsights_sitenote_note":"","_monsterinsights_sitenote_category":0,"site-sidebar-layout":"default","site-content-layout":"","ast-site-content-layout":"default","site-content-style":"default","site-sidebar-style":"default","ast-global-header-display":"","ast-banner-title-visibility":"","ast-main-header-display":"","ast-hfb-above-header-display":"","ast-hfb-below-header-display":"","ast-hfb-mobile-header-display":"","site-post-title":"","ast-breadcrumbs-content":"","ast-featured-img":"","footer-sml-layout":"","ast-disable-related-posts":"","theme-transparent-header-meta":"default","adv-header-id-meta":"","stick-header-meta":"","header-above-stick-meta":"","header-main-stick-meta":"","header-below-stick-meta":"","astra-migrate-meta-layouts":"set","ast-page-background-enabled":"default","ast-page-background-meta":{"desktop":{"background-color":"","background-image":"","background-repeat":"repeat","background-position":"center center","background-size":"auto","background-attachment":"scroll","background-type":"","background-media":"","overlay-type":"","overlay-color":"","overlay-opacity":"","overlay-gradient":""},"tablet":{"background-color":"","background-image":"","background-repeat":"repeat","background-position":"center center","background-size":"auto","background-attachment":"scroll","background-type":"","background-media":"","overlay-type":"","overlay-color":"","overlay-opacity":"","overlay-gradient":""},"mobile":{"background-color":"","background-image":"","background-repeat":"repeat","background-position":"center center","background-size":"auto","background-attachment":"scroll","background-type":"","background-media":"","overlay-type":"","overlay-color":"","overlay-opacity":"","overlay-gradient":""}},"ast-content-background-meta":{"desktop":{"background-color":"var(--ast-global-color-5)","background-image":"","background-repeat":"repeat","background-position":"center center","background-size":"auto","background-attachment":"scroll","background-type":"","background-media":"","overlay-type":"","overlay-color":"","overlay-opacity":"","overlay-gradient":""},"tablet":{"background-color":"var(--ast-global-color-5)","background-image":"","background-repeat":"repeat","background-position":"center center","background-size":"auto","background-attachment":"scroll","background-type":"","background-media":"","overlay-type":"","overlay-color":"","overlay-opacity":"","overlay-gradient":""},"mobile":{"background-color":"var(--ast-global-color-5)","background-image":"","background-repeat":"repeat","background-position":"center center","background-size":"auto","background-attachment":"scroll","background-type":"","background-media":"","overlay-type":"","overlay-color":"","overlay-opacity":"","overlay-gradient":""}},"_joinchat":{"telephone":"+8617776015835"}},"product_brand":[],"product_cat":[69,157,141,143,147,233],"product_tag":[165,120,97,166,94,232],"class_list":{"0":"post-3724","1":"product","2":"type-product","3":"status-publish","4":"has-post-thumbnail","6":"product_cat-20000-puff","7":"product_cat-buy-disposable-vapes-in-portugal","8":"product_cat-crystal-disposable-vapes","9":"product_cat-dual-mesh-disposable-vapes","10":"product_cat-shisha-hookah-disposable-vapes","11":"product_cat-uwin-vape","12":"product_tag-cheap-vapes","13":"product_tag-crystal-vape","14":"product_tag-hot-sale-disposable-vape","15":"product_tag-low-nicotine-vape","16":"product_tag-rechargeable-disposable-vape","17":"product_tag-uwin-crystal-20000","18":"desktop-align-left","19":"tablet-align-left","20":"mobile-align-left","22":"first","23":"instock","24":"sale","25":"shipping-taxable","26":"purchasable","27":"product-type-simple"},"acf":[],"uagb_featured_image_src":{"full":["https:\/\/vapestornado.com\/wp-content\/uploads\/2025\/01\/Uwin-Shisha-Hookah-Crystal-20000-Puffs-Disposable-Vape.webp",800,800,false],"thumbnail":["https:\/\/vapestornado.com\/wp-content\/uploads\/2025\/01\/Uwin-Shisha-Hookah-Crystal-20000-Puffs-Disposable-Vape-150x150.webp",150,150,true],"medium":["https:\/\/vapestornado.com\/wp-content\/uploads\/2025\/01\/Uwin-Shisha-Hookah-Crystal-20000-Puffs-Disposable-Vape-300x300.webp",300,300,true],"medium_large":["https:\/\/vapestornado.com\/wp-content\/uploads\/2025\/01\/Uwin-Shisha-Hookah-Crystal-20000-Puffs-Disposable-Vape-768x768.webp",768,768,true],"large":["https:\/\/vapestornado.com\/wp-content\/uploads\/2025\/01\/Uwin-Shisha-Hookah-Crystal-20000-Puffs-Disposable-Vape.webp",800,800,false],"1536x1536":["https:\/\/vapestornado.com\/wp-content\/uploads\/2025\/01\/Uwin-Shisha-Hookah-Crystal-20000-Puffs-Disposable-Vape.webp",800,800,false],"2048x2048":["https:\/\/vapestornado.com\/wp-content\/uploads\/2025\/01\/Uwin-Shisha-Hookah-Crystal-20000-Puffs-Disposable-Vape.webp",800,800,false],"trp-custom-language-flag":["https:\/\/vapestornado.com\/wp-content\/uploads\/2025\/01\/Uwin-Shisha-Hookah-Crystal-20000-Puffs-Disposable-Vape.webp",12,12,false],"woocommerce_thumbnail":["https:\/\/vapestornado.com\/wp-content\/uploads\/2025\/01\/Uwin-Shisha-Hookah-Crystal-20000-Puffs-Disposable-Vape-300x300.webp",300,300,true],"woocommerce_single":["https:\/\/vapestornado.com\/wp-content\/uploads\/2025\/01\/Uwin-Shisha-Hookah-Crystal-20000-Puffs-Disposable-Vape-600x600.webp",600,600,true],"woocommerce_gallery_thumbnail":["https:\/\/vapestornado.com\/wp-content\/uploads\/2025\/01\/Uwin-Shisha-Hookah-Crystal-20000-Puffs-Disposable-Vape-100x100.webp",100,100,true]},"uagb_author_info":{"display_name":"ESAMY","author_link":"https:\/\/vapestornado.com\/de\/author\/"},"uagb_comment_info":0,"uagb_excerpt":"Best Uwin Shisha Hookah Crystal 20000 Puffs Disposable Vape Uwin Crystal 20k Puff Disoisable Shisha Hookah Bulk Price Uwin crystal 20000 Puffs Cheap Price Wholesale Supplier Add Amy's whatsapp get right reply and vape coupon! WhatsApp: +86 17776015835 &nbsp;","_links":{"self":[{"href":"https:\/\/vapestornado.com\/de\/wp-json\/wp\/v2\/product\/3724","targetHints":{"allow":["GET"]}}],"collection":[{"href":"https:\/\/vapestornado.com\/de\/wp-json\/wp\/v2\/product"}],"about":[{"href":"https:\/\/vapestornado.com\/de\/wp-json\/wp\/v2\/types\/product"}],"replies":[{"embeddable":true,"href":"https:\/\/vapestornado.com\/de\/wp-json\/wp\/v2\/comments?post=3724"}],"wp:featuredmedia":[{"embeddable":true,"href":"https:\/\/vapestornado.com\/de\/wp-json\/wp\/v2\/media\/3723"}],"wp:attachment":[{"href":"https:\/\/vapestornado.com\/de\/wp-json\/wp\/v2\/media?parent=3724"}],"wp:term":[{"taxonomy":"product_brand","embeddable":true,"href":"https:\/\/vapestornado.com\/de\/wp-json\/wp\/v2\/product_brand?post=3724"},{"taxonomy":"product_cat","embeddable":true,"href":"https:\/\/vapestornado.com\/de\/wp-json\/wp\/v2\/product_cat?post=3724"},{"taxonomy":"product_tag","embeddable":true,"href":"https:\/\/vapestornado.com\/de\/wp-json\/wp\/v2\/product_tag?post=3724"}],"curies":[{"name":"wp","href":"https:\/\/api.w.org\/{rel}","templated":true}]}}