{"id":3716,"date":"2025-01-08T09:49:40","date_gmt":"2025-01-08T09:49:40","guid":{"rendered":"https:\/\/vapestornado.com\/?post_type=product&#038;p=3716"},"modified":"2025-08-23T09:33:37","modified_gmt":"2025-08-23T09:33:37","slug":"bood-twins-46000-puff-display-disposable-vape-cheap-price","status":"publish","type":"product","link":"https:\/\/vapestornado.com\/de\/product\/bood-twins-46000-puff-display-disposable-vape-cheap-price\/","title":{"rendered":"Bood Twins 46000 Z\u00fcge Display Einweg-Vape G\u00fcnstiger Preis"},"content":{"rendered":"<h1>Bood Twins 46000 Z\u00fcge Display Einweg-Vape G\u00fcnstiger Preis<\/h1>\n<p>&nbsp;<\/p>\n<div role=\"article\" data-tabster=\"{&quot;groupper&quot;:{&quot;tabbability&quot;:2},&quot;focusable&quot;:{}}\" data-content=\"ai-message\" aria-labelledby=\"64JRvXrTnY7mRmPkEQLLT-author 64JRvXrTnY7mRmPkEQLLT-content\">\n<div id=\"64JRvXrTnY7mRmPkEQLLT-content\">\n<p>Der <strong data-start=\"341\" data-end=\"383\">Bood Twins 46000 Z\u00fcge Einweg-Vape<\/strong> ist auf Kapazit\u00e4t, Leistung und Vielseitigkeit ausgelegt. Mit bis zu <strong data-start=\"448\" data-end=\"464\">46.000 Z\u00fcge<\/strong> und einem <strong data-start=\"471\" data-end=\"493\">Dual-Aroma-System<\/strong>erm\u00f6glicht es Benutzern, zwischen zwei Mischungen in einem Ger\u00e4t zu wechseln und bietet so Abwechslung und lang anhaltenden Genuss<\/p>\n<p>Ausgestattet mit einem <strong>fortschrittlichen Mesh-Coil<\/strong>liefert der Bood Twins bei jedem Zug einen gleichm\u00e4\u00dfigen, sanften und geschmackvollen Dampf. Sein <strong>elegantes Vollbild-Display<\/strong> verleiht ihm einen Hauch von Raffinesse und liefert wesentliche Nutzungsdetails, was ihn ideal f\u00fcr stilbewusste Dampfer macht. Der wiederaufladbare Akku stellt sicher, dass das Ger\u00e4t seine volle Zugkapazit\u00e4t ohne Kompromisse liefern kann, wodurch die Notwendigkeit f\u00fcr h\u00e4ufigen Ersatz entf\u00e4llt.<\/p>\n<p>Dieser Premium-Einweg-Vape ist perfekt f\u00fcr Gro\u00dfh\u00e4ndler, die ihren Kunden hochmoderne Produkte anbieten m\u00f6chten. <strong>Bood Twins 46000 Zug-Vapes <\/strong>kombiniert innovative Technologie, elegantes Design und un\u00fcbertroffene Leistung, was es zu einer begehrten Wahl in der Dampfindustrie macht. F\u00fcr die besten Gro\u00dfhandelsangebote auf Bood Twins 46000 Puffs, besuchen Sie vapestornado<strong>.com<\/strong> und werten Sie noch heute Ihr Dampf-Sortiment auf!<\/p>\n<\/div>\n<\/div>\n<p><img fetchpriority=\"high\" decoding=\"async\" class=\"alignleft wp-image-2951 size-medium\" src=\"https:\/\/vapestornado.com\/wp-content\/uploads\/2024\/12\/Wholesale-Disposable-Vape-265x300.jpg\" alt=\"Einweg-Vape im Gro\u00dfhandel\" width=\"265\" height=\"300\" srcset=\"https:\/\/vapestornado.com\/wp-content\/uploads\/2024\/12\/Wholesale-Disposable-Vape-265x300.jpg 265w, https:\/\/vapestornado.com\/wp-content\/uploads\/2024\/12\/Wholesale-Disposable-Vape-768x871.jpg 768w, https:\/\/vapestornado.com\/wp-content\/uploads\/2024\/12\/Wholesale-Disposable-Vape-600x680.jpg 600w, https:\/\/vapestornado.com\/wp-content\/uploads\/2024\/12\/Wholesale-Disposable-Vape.jpg 823w\" sizes=\"(max-width: 265px) 100vw, 265px\" \/><\/p>\n<h5>Bitte kontaktieren Sie Mandys WhatsApp f\u00fcr einen Rabattpreis:<a href=\"https:\/\/wa.me\/8618077105796\" target=\"_blank\" rel=\"noopener\">+8618077105796<\/a><\/h5>\n<div class=\"flex max-w-full flex-col flex-grow\">\n<div class=\"min-h-8 text-message flex w-full flex-col items-end gap-2 whitespace-normal break-words text-start [.text-message+&amp;]:mt-5\" dir=\"auto\" data-message-author-role=\"assistant\" data-message-id=\"cdb991c0-f594-4bff-b2d5-fbbdd7ce9e54\" data-message-model-slug=\"gpt-4o-mini\">\n<div class=\"flex w-full flex-col gap-1 empty:hidden first:pt-[3px]\">\n<div class=\"markdown prose w-full break-words dark:prose-invert light\"><\/div>\n<\/div>\n<\/div>\n<\/div>\n<div class=\"mb-2 flex gap-3 empty:hidden -ml-2\">\n<h2 class=\"sr-proMainInfo-baseInfoH1 J-baseInfo-name\">Gro\u00dfhandel Vape Bood Twins 46000 Puff Hauptmerkmale:<\/h2>\n<ul>\n<li><strong>Massive Puff-Anzahl<\/strong>: Genie\u00dfen Sie bis zu 46.000 Z\u00fcge, perfekt f\u00fcr den Langzeitgebrauch.<\/li>\n<li><strong>Duale Geschmacksrichtungen<\/strong>: Innovatives Dual-Geschmacks-Design in einem Ger\u00e4t f\u00fcr ein vielseitiges Dampferlebnis.<\/li>\n<li><strong>Mesh-Coil-Technologie<\/strong>: Bietet eine sanfte, konsistente Dampfproduktion mit verbesserter Geschmacksentfaltung.<\/li>\n<li><strong>Vollbildanzeige<\/strong>: Schlankes und modernes Design mit einem gut lesbaren Bildschirm f\u00fcr wichtige Informationen.<\/li>\n<li><strong>Gro\u00dfhandelsvorteil<\/strong>: Ideal f\u00fcr Gro\u00dfeink\u00e4ufe, um die Kundennachfrage effizient zu decken.<\/li>\n<\/ul>\n<\/div>\n<h2 class=\"sr-proMainInfo-baseInfoH1 J-baseInfo-name\">Bood Twins 46000Puff Geschmack:<\/h2>\n<p>1. Wassermelone<br \/>\n2. Apfel<br \/>\n3. Limette<br \/>\n4. Gr\u00fcner Apfel<br \/>\n5. Blaubeere Saure Himbeere<br \/>\n6. Schwarze Johannisbeere Himbeere<br \/>\n7. Pfirsich Mango<br \/>\n8. Traube<br \/>\n9. Pinke Limonade<br \/>\n10. Gr\u00fcne Traube<\/p>\n<div role=\"article\" data-tabster=\"{&quot;groupper&quot;:{&quot;tabbability&quot;:2},&quot;focusable&quot;:{}}\" data-content=\"ai-message\" aria-labelledby=\"dARUyEWDoEYhnSPXFwx5A-author dARUyEWDoEYhnSPXFwx5A-content\">\n<div id=\"dARUyEWDoEYhnSPXFwx5A-content\">\n<h2><strong>Warum kaufen <\/strong>Bood Twins 46000 Puffs Vape <strong>von vapestornado?<\/strong><\/h2>\n<ul>\n<li><strong>Unschlagbare Qualit\u00e4t<\/strong>: Bei vapestornado stellen wir sicher, dass jeder Bood Twins 46000 Puff Einweg-Vape die h\u00f6chsten Qualit\u00e4tsstandards erf\u00fcllt und ein erstklassiges Dampferlebnis mit zwei Geschmacksrichtungen und fortschrittlicher Mesh-Coil-Technologie bietet.<\/li>\n<li><strong>Wettbewerbsf\u00e4hige Preise<\/strong>: Profitieren Sie von exklusiven Gro\u00dfhandelspreisen f\u00fcr Gro\u00dfbestellungen, was vapestornado zur idealen Wahl f\u00fcr Einzelh\u00e4ndler und Dampf-Enthusiasten macht.<\/li>\n<li><strong>Weltweiter Versand<\/strong>: vapestornado bietet zuverl\u00e4ssigen und effizienten internationalen Versand innerhalb Europas, um eine rechtzeitige Lieferung Ihrer Lieblingsprodukte zu gew\u00e4hrleisten.<\/li>\n<li><strong>Echtheit garantiert<\/strong>: Alle bei vapestornado verkauften Produkte sind 100% authentisch und qualit\u00e4tsgepr\u00fcft, sodass Sie bei jedem Kauf beruhigt sein k\u00f6nnen.<\/li>\n<li><strong>Engagierter Kundensupport<\/strong>: Unser kompetentes und freundliches Support-Team steht Ihnen bei allen Fragen zur Seite und sorgt f\u00fcr ein reibungsloses und zufriedenstellendes Einkaufserlebnis.<\/li>\n<\/ul>\n<\/div>\n<\/div>\n<h2>FAQs zu Bood Twins 46000 puffs Gro\u00dfhandels-Einweg-Vapes in EUR<\/h2>\n<ul>\n<li><strong>Was ist der Bood Twins 46000 Puffs Einweg-Vape?<\/strong><br \/>\nDer Bood Twins 46000 Puffs ist ein Premium-Einweg-Vape mit einer unglaublichen Kapazit\u00e4t von 46.000 Z\u00fcgen, zwei Geschmacksrichtungen in einem Ger\u00e4t, einem Mesh-Coil f\u00fcr \u00fcberlegenen Geschmack und einem schlanken Vollbild-Display.<\/li>\n<li><strong>Wie viel kostet der Gro\u00dfeinkauf von Bood Twins 46000 Puffs in EUR?<\/strong><br \/>\nDie Preisgestaltung f\u00fcr Gro\u00dfbestellungen h\u00e4ngt von der gekauften Menge ab. vapestornado bietet wettbewerbsf\u00e4hige Gro\u00dfhandelspreise in EUR, um Einzelh\u00e4ndlern und Gro\u00dfabnehmern den besten Wert zu bieten.<\/li>\n<li><strong>Kann ich f\u00fcr Gro\u00dfbestellungen in EUR bezahlen?<\/strong><br \/>\nJa, vapestornado akzeptiert Zahlungen in EUR f\u00fcr Gro\u00dfeink\u00e4ufe, was es f\u00fcr europ\u00e4ische Kunden bequem macht.<\/li>\n<li><strong>Was sind die Vorteile des Gro\u00dfeinkaufs von bood vape 46k puffs vape box?<\/strong><br \/>\nDer Gro\u00dfeinkauf sichert erhebliche Kosteneinsparungen, konsistente Produktverf\u00fcgbarkeit und bessere Gewinnspannen f\u00fcr Unternehmen.<\/li>\n<li><strong>Versendet vapestornado in europ\u00e4ische L\u00e4nder?<\/strong><br \/>\nAbsolut! vapestornado bietet schnellen und zuverl\u00e4ssigen Versand in ganz Europa, einschlie\u00dflich Deutschland, Frankreich, Spanien und den Niederlanden.<\/li>\n<li><strong>Gibt es Rabatte f\u00fcr Gro\u00dfbestellungen?<\/strong><br \/>\nJa, vapestornado bietet gestaffelte Preise und Rabatte f\u00fcr gr\u00f6\u00dfere Mengen an, um Gro\u00dfabnehmern maximale Einsparungen zu gew\u00e4hrleisten.<\/li>\n<li><strong>Was ist die Mindestbestellmenge f\u00fcr den Gro\u00dfhandel?<\/strong><br \/>\nDie Mindestbestellmenge betr\u00e4gt 50 St\u00fcck. Kontaktieren Sie das Kundensupport-Team von vapestornado f\u00fcr Details zu Mengenkaufanforderungen.<\/li>\n<\/ul>","protected":false},"excerpt":{"rendered":"<p><strong>Bood Twins 46000 Puffs LED Display Einweg-Vape<\/strong> zu unschlagbaren Preisen. Genie\u00dfen Sie zwei Geschmacksrichtungen, ein elegantes Vollbild-Display und fortschrittliche Mesh-Coil-Technologie f\u00fcr ein erstklassiges Dampferlebnis.<\/p>\n<figure id=\"attachment_2951\" aria-describedby=\"caption-attachment-2951\" style=\"width: 265px\" class=\"wp-caption alignnone\"><img decoding=\"async\" class=\"size-medium wp-image-2951\" src=\"https:\/\/vapestornado.com\/wp-content\/uploads\/2024\/12\/Wholesale-Disposable-Vape-265x300.jpg\" alt=\"Einweg-Vape im Gro\u00dfhandel\" width=\"265\" height=\"300\" srcset=\"https:\/\/vapestornado.com\/wp-content\/uploads\/2024\/12\/Wholesale-Disposable-Vape-265x300.jpg 265w, https:\/\/vapestornado.com\/wp-content\/uploads\/2024\/12\/Wholesale-Disposable-Vape-768x871.jpg 768w, https:\/\/vapestornado.com\/wp-content\/uploads\/2024\/12\/Wholesale-Disposable-Vape-600x680.jpg 600w, https:\/\/vapestornado.com\/wp-content\/uploads\/2024\/12\/Wholesale-Disposable-Vape.jpg 823w\" sizes=\"(max-width: 265px) 100vw, 265px\" \/><figcaption id=\"caption-attachment-2951\" class=\"wp-caption-text\">F\u00fcr Rabattpreis kontaktieren Sie bitte Mandys WhatsApp\u00a0 <a href=\"https:\/\/wa.me\/8618077105796\">+8618077105796<\/a><\/figcaption><\/figure>\n<p>&nbsp;<\/p>","protected":false},"featured_media":3713,"comment_status":"open","ping_status":"closed","template":"","meta":{"_acf_changed":false,"_uag_custom_page_level_css":"","_lmt_disableupdate":"no","_lmt_disable":"","_monsterinsights_skip_tracking":false,"_monsterinsights_sitenote_active":false,"_monsterinsights_sitenote_note":"","_monsterinsights_sitenote_category":0,"site-sidebar-layout":"default","site-content-layout":"","ast-site-content-layout":"default","site-content-style":"default","site-sidebar-style":"default","ast-global-header-display":"","ast-banner-title-visibility":"","ast-main-header-display":"","ast-hfb-above-header-display":"","ast-hfb-below-header-display":"","ast-hfb-mobile-header-display":"","site-post-title":"","ast-breadcrumbs-content":"","ast-featured-img":"","footer-sml-layout":"","ast-disable-related-posts":"","theme-transparent-header-meta":"default","adv-header-id-meta":"","stick-header-meta":"","header-above-stick-meta":"","header-main-stick-meta":"","header-below-stick-meta":"","astra-migrate-meta-layouts":"set","ast-page-background-enabled":"default","ast-page-background-meta":{"desktop":{"background-color":"","background-image":"","background-repeat":"repeat","background-position":"center center","background-size":"auto","background-attachment":"scroll","background-type":"","background-media":"","overlay-type":"","overlay-color":"","overlay-opacity":"","overlay-gradient":""},"tablet":{"background-color":"","background-image":"","background-repeat":"repeat","background-position":"center center","background-size":"auto","background-attachment":"scroll","background-type":"","background-media":"","overlay-type":"","overlay-color":"","overlay-opacity":"","overlay-gradient":""},"mobile":{"background-color":"","background-image":"","background-repeat":"repeat","background-position":"center center","background-size":"auto","background-attachment":"scroll","background-type":"","background-media":"","overlay-type":"","overlay-color":"","overlay-opacity":"","overlay-gradient":""}},"ast-content-background-meta":{"desktop":{"background-color":"var(--ast-global-color-5)","background-image":"","background-repeat":"repeat","background-position":"center center","background-size":"auto","background-attachment":"scroll","background-type":"","background-media":"","overlay-type":"","overlay-color":"","overlay-opacity":"","overlay-gradient":""},"tablet":{"background-color":"var(--ast-global-color-5)","background-image":"","background-repeat":"repeat","background-position":"center center","background-size":"auto","background-attachment":"scroll","background-type":"","background-media":"","overlay-type":"","overlay-color":"","overlay-opacity":"","overlay-gradient":""},"mobile":{"background-color":"var(--ast-global-color-5)","background-image":"","background-repeat":"repeat","background-position":"center center","background-size":"auto","background-attachment":"scroll","background-type":"","background-media":"","overlay-type":"","overlay-color":"","overlay-opacity":"","overlay-gradient":""}},"_joinchat":{"telephone":"+8618077105796"}},"product_brand":[],"product_cat":[230,193,149,160,146],"product_tag":[231,97,98],"class_list":{"0":"post-3716","1":"product","2":"type-product","3":"status-publish","4":"has-post-thumbnail","6":"product_cat-46000-puff","7":"product_cat-bood-disposable-vapes","8":"product_cat-buy-disposable-vapes-in-austria","9":"product_cat-buy-disposable-vapes-in-switzerland","10":"product_cat-rechargeable-disposable-vapes","11":"product_tag-bood-twins-46000-puff","12":"product_tag-hot-sale-disposable-vape","13":"product_tag-wholesale-price-disposable-vape","14":"desktop-align-left","15":"tablet-align-left","16":"mobile-align-left","18":"first","19":"instock","20":"sale","21":"shipping-taxable","22":"purchasable","23":"product-type-simple"},"acf":[],"uagb_featured_image_src":{"full":["https:\/\/vapestornado.com\/wp-content\/uploads\/2025\/01\/Bood-Twins-46000-Puffs-Top-Sale-Vape-In-Poland.webp",800,800,false],"thumbnail":["https:\/\/vapestornado.com\/wp-content\/uploads\/2025\/01\/Bood-Twins-46000-Puffs-Top-Sale-Vape-In-Poland-150x150.webp",150,150,true],"medium":["https:\/\/vapestornado.com\/wp-content\/uploads\/2025\/01\/Bood-Twins-46000-Puffs-Top-Sale-Vape-In-Poland-300x300.webp",300,300,true],"medium_large":["https:\/\/vapestornado.com\/wp-content\/uploads\/2025\/01\/Bood-Twins-46000-Puffs-Top-Sale-Vape-In-Poland-768x768.webp",768,768,true],"large":["https:\/\/vapestornado.com\/wp-content\/uploads\/2025\/01\/Bood-Twins-46000-Puffs-Top-Sale-Vape-In-Poland.webp",800,800,false],"1536x1536":["https:\/\/vapestornado.com\/wp-content\/uploads\/2025\/01\/Bood-Twins-46000-Puffs-Top-Sale-Vape-In-Poland.webp",800,800,false],"2048x2048":["https:\/\/vapestornado.com\/wp-content\/uploads\/2025\/01\/Bood-Twins-46000-Puffs-Top-Sale-Vape-In-Poland.webp",800,800,false],"trp-custom-language-flag":["https:\/\/vapestornado.com\/wp-content\/uploads\/2025\/01\/Bood-Twins-46000-Puffs-Top-Sale-Vape-In-Poland.webp",12,12,false],"woocommerce_thumbnail":["https:\/\/vapestornado.com\/wp-content\/uploads\/2025\/01\/Bood-Twins-46000-Puffs-Top-Sale-Vape-In-Poland-300x300.webp",300,300,true],"woocommerce_single":["https:\/\/vapestornado.com\/wp-content\/uploads\/2025\/01\/Bood-Twins-46000-Puffs-Top-Sale-Vape-In-Poland-600x600.webp",600,600,true],"woocommerce_gallery_thumbnail":["https:\/\/vapestornado.com\/wp-content\/uploads\/2025\/01\/Bood-Twins-46000-Puffs-Top-Sale-Vape-In-Poland-100x100.webp",100,100,true]},"uagb_author_info":{"display_name":"ESMANDY","author_link":"https:\/\/vapestornado.com\/de\/author\/"},"uagb_comment_info":0,"uagb_excerpt":"Bood Twins 46000 Puffs LED Display Disposable Vape at unbeatable prices. Enjoy dual flavors, a sleek full-screen display, and advanced mesh coil technology for a premium vaping experience. [caption id=\"attachment_2951\" align=\"alignnone\" width=\"265\"] Pls Contact Mandy's WhatsApp For Discount Price\u00a0 +8618077105796[\/caption] &nbsp;","_links":{"self":[{"href":"https:\/\/vapestornado.com\/de\/wp-json\/wp\/v2\/product\/3716","targetHints":{"allow":["GET"]}}],"collection":[{"href":"https:\/\/vapestornado.com\/de\/wp-json\/wp\/v2\/product"}],"about":[{"href":"https:\/\/vapestornado.com\/de\/wp-json\/wp\/v2\/types\/product"}],"replies":[{"embeddable":true,"href":"https:\/\/vapestornado.com\/de\/wp-json\/wp\/v2\/comments?post=3716"}],"wp:featuredmedia":[{"embeddable":true,"href":"https:\/\/vapestornado.com\/de\/wp-json\/wp\/v2\/media\/3713"}],"wp:attachment":[{"href":"https:\/\/vapestornado.com\/de\/wp-json\/wp\/v2\/media?parent=3716"}],"wp:term":[{"taxonomy":"product_brand","embeddable":true,"href":"https:\/\/vapestornado.com\/de\/wp-json\/wp\/v2\/product_brand?post=3716"},{"taxonomy":"product_cat","embeddable":true,"href":"https:\/\/vapestornado.com\/de\/wp-json\/wp\/v2\/product_cat?post=3716"},{"taxonomy":"product_tag","embeddable":true,"href":"https:\/\/vapestornado.com\/de\/wp-json\/wp\/v2\/product_tag?post=3716"}],"curies":[{"name":"wp","href":"https:\/\/api.w.org\/{rel}","templated":true}]}}