{"id":3700,"date":"2025-01-07T09:47:56","date_gmt":"2025-01-07T09:47:56","guid":{"rendered":"https:\/\/vapestornado.com\/?post_type=product&#038;p=3700"},"modified":"2025-08-23T09:34:23","modified_gmt":"2025-08-23T09:34:23","slug":"wholesale-price-bang-king-35000-puffs-tornado-vape","status":"publish","type":"product","link":"https:\/\/vapestornado.com\/de\/product\/wholesale-price-bang-king-35000-puffs-tornado-vape\/","title":{"rendered":"Gro\u00dfhandelspreis Bang King 35000 Puffs Tornado Vape"},"content":{"rendered":"<h1>Gro\u00dfhandelspreis Bang King 35000 Puffs Tornado Vape<\/h1>\n<p>&nbsp;<\/p>\n<div role=\"article\" data-tabster=\"{&quot;groupper&quot;:{&quot;tabbability&quot;:2},&quot;focusable&quot;:{}}\" data-content=\"ai-message\" aria-labelledby=\"64JRvXrTnY7mRmPkEQLLT-author 64JRvXrTnY7mRmPkEQLLT-content\">\n<div id=\"64JRvXrTnY7mRmPkEQLLT-content\">\n<p data-start=\"302\" data-end=\"548\">Der <strong data-start=\"306\" data-end=\"347\">Bang King 35000 Puffs Einweg-Vape<\/strong> bietet Kapazit\u00e4t, Leistung und sanften Geschmack in einem Ger\u00e4t. Mit bis zu <strong data-start=\"424\" data-end=\"440\">35.000 Z\u00fcge<\/strong> und einem <strong data-start=\"447\" data-end=\"480\">23 ml vorgef\u00fclltem E-Liquid-Tank<\/strong>bietet es eine lange Nutzungsdauer bei gleichbleibendem Geschmack.<\/p>\n<p data-start=\"550\" data-end=\"829\">Ausgestattet mit einer <strong data-start=\"566\" data-end=\"584\">0.6\u03a9 Mesh-Coil<\/strong>sorgt der Bang King 35K f\u00fcr satten Dampf und gleichm\u00e4\u00dfigen Luftstrom. Ein <strong data-start=\"645\" data-end=\"677\">konsistenten Geschmack und sanfte Dampfproduktion. Der<\/strong> mit <strong data-start=\"683\" data-end=\"707\">Type-C-Schnellladung<\/strong> unterst\u00fctzt ununterbrochene Sitzungen, w\u00e4hrend <strong data-start=\"747\" data-end=\"775\">Mit mehreren Nikotinst\u00e4rkeoptionen \u2013<\/strong> trockene Z\u00fcge f\u00fcr ein zuverl\u00e4ssiges Dampferlebnis verhindert.<\/p>\n<p data-start=\"831\" data-end=\"1092\">Erh\u00e4ltlich in <strong data-start=\"844\" data-end=\"885\">0%, 2%, 3% und 5% Nikotinst\u00e4rken<\/strong>eignet es sich sowohl f\u00fcr leichte als auch f\u00fcr starke Benutzer. Verpackt <strong data-start=\"933\" data-end=\"972\">\u2013 richtet sich dieser Vape sowohl an Anf\u00e4nger als auch an erfahrene Dampfer und bietet Flexibilit\u00e4t, um individuellen Vorlieben gerecht zu werden. Der Einschluss von<\/strong>ist der Bang King 35000 ideal f\u00fcr den Gro\u00dfhandel und Gro\u00dfabnehmer, die ein stark nachgefragtes Produkt suchen <strong data-start=\"1068\" data-end=\"1089\">35.000 Z\u00fcge Vape<\/strong><\/p>\n<p>10 St\u00fcck pro Box und 200 St\u00fcck pro Karton <strong>Vapebulkp.com<\/strong> um die un\u00fcbertroffene Leistung und Qualit\u00e4t von Bang King 35.000 Puffs zu erleben.<\/p>\n<\/div>\n<\/div>\n<p><img fetchpriority=\"high\" decoding=\"async\" class=\"alignleft wp-image-2951 size-medium\" src=\"https:\/\/vapestornado.com\/wp-content\/uploads\/2024\/12\/Wholesale-Disposable-Vape-265x300.jpg\" alt=\"Einweg-Vape im Gro\u00dfhandel\" width=\"265\" height=\"300\" srcset=\"https:\/\/vapestornado.com\/wp-content\/uploads\/2024\/12\/Wholesale-Disposable-Vape-265x300.jpg 265w, https:\/\/vapestornado.com\/wp-content\/uploads\/2024\/12\/Wholesale-Disposable-Vape-768x871.jpg 768w, https:\/\/vapestornado.com\/wp-content\/uploads\/2024\/12\/Wholesale-Disposable-Vape-600x680.jpg 600w, https:\/\/vapestornado.com\/wp-content\/uploads\/2024\/12\/Wholesale-Disposable-Vape.jpg 823w\" sizes=\"(max-width: 265px) 100vw, 265px\" \/><\/p>\n<h5>Bitte kontaktieren Sie Mandys WhatsApp f\u00fcr einen Rabattpreis:<a href=\"https:\/\/wa.me\/8618077105796\" target=\"_blank\" rel=\"noopener\">+8618077105796<\/a><\/h5>\n<div class=\"flex max-w-full flex-col flex-grow\">\n<div class=\"min-h-8 text-message flex w-full flex-col items-end gap-2 whitespace-normal break-words text-start [.text-message+&amp;]:mt-5\" dir=\"auto\" data-message-author-role=\"assistant\" data-message-id=\"cdb991c0-f594-4bff-b2d5-fbbdd7ce9e54\" data-message-model-slug=\"gpt-4o-mini\">\n<div class=\"flex w-full flex-col gap-1 empty:hidden first:pt-[3px]\">\n<div class=\"markdown prose w-full break-words dark:prose-invert light\"><\/div>\n<\/div>\n<\/div>\n<\/div>\n<div class=\"mb-2 flex gap-3 empty:hidden -ml-2\">\n<h2 class=\"sr-proMainInfo-baseInfoH1 J-baseInfo-name\">Gro\u00dfhandel Smart Vape Bang King 35k Puffs Hauptmerkmale:<\/h2>\n<ul>\n<li><strong>Unvergleichliche Puff-Kapazit\u00e4t<\/strong>: Genie\u00dfen Sie <strong>35.000 Z\u00fcge<\/strong>, perfekt f\u00fcr l\u00e4ngere Nutzung ohne h\u00e4ufigen Austausch.<\/li>\n<li><strong>Gro\u00dfz\u00fcgiges E-Liquid-Volumen<\/strong>: Vorgef\u00fcllt mit <strong>23 ml Premium-Vape-Saft<\/strong> f\u00fcr gleichbleibenden Geschmack.<\/li>\n<li><strong>Wiederaufladbarer Akku<\/strong>: Angetrieben von einem <strong>1000mAh Akku<\/strong> mit <strong>Type-C-Schnellladung<\/strong>.<\/li>\n<li><strong>Mesh-Coil-Technologie<\/strong>: Fortschrittliche <strong>0.6\u03a9 Mesh-Coil<\/strong> sorgt f\u00fcr reichhaltigen, sanften und dichten Dampf.<\/li>\n<li><strong>Anpassbare Nikotinst\u00e4rken<\/strong>: Verf\u00fcgbar in <strong>0%, 2%, 3% und 5% Nikotinsalz<\/strong> umfassen, um jeden Geschmack zu treffen.<\/li>\n<li><strong>Schutz vor Trockenbrand<\/strong>: Verhindert \u00dcberhitzung und Dry Hits f\u00fcr ein sichereres und sanfteres Dampferlebnis.<\/li>\n<li><strong>Gro\u00dfhandelsverpackung<\/strong>: Praktisch verpackt als <strong>\u2013 richtet sich dieser Vape sowohl an Anf\u00e4nger als auch an erfahrene Dampfer und bietet Flexibilit\u00e4t, um individuellen Vorlieben gerecht zu werden. Der Einschluss von<\/strong>, ideal f\u00fcr Einzel- und Gro\u00dfabnehmer.<\/li>\n<\/ul>\n<\/div>\n<h2 class=\"sr-proMainInfo-baseInfoH1 J-baseInfo-name\">BANGKING 35000PUFF DAMPF Geschmack:<\/h2>\n<p>1.Erdbeere Mango<br \/>\n2.liebe66<br \/>\n3.blaue Razz-Eis<br \/>\n4.Erdbeere Wassermelone<br \/>\n5.Zitrone Minze<br \/>\n6. Doppelapfel<br \/>\n7. Energy-Drink<br \/>\n8. Pfirsicheis<br \/>\n9. Erdbeer-Kiwi<br \/>\n10. Traubeneis<br \/>\n11. Blaubeereis<br \/>\n12. Wassermelone<\/p>\n<div role=\"article\" data-tabster=\"{&quot;groupper&quot;:{&quot;tabbability&quot;:2},&quot;focusable&quot;:{}}\" data-content=\"ai-message\" aria-labelledby=\"dARUyEWDoEYhnSPXFwx5A-author dARUyEWDoEYhnSPXFwx5A-content\">\n<div id=\"dARUyEWDoEYhnSPXFwx5A-content\">\n<h2><strong>Warum Bang King 35000 Z\u00fcge Vapes von vapestornado kaufen?<\/strong><\/h2>\n<ul>\n<li><strong>Vertrauensw\u00fcrdige Qualit\u00e4t<\/strong>: vapestornado ist ein f\u00fchrender Distributor von <strong>hochwertigen Einweg-Vapes<\/strong>, um sicherzustellen, dass Sie authentische, qualitativ hochwertige Produkte erhalten.<\/li>\n<li><strong>Wettbewerbsf\u00e4hige Preise<\/strong>: Erhalten Sie die besten Gro\u00dfhandelsangebote und Mengenpreise f\u00fcr die Bang King 35.000 Puffs.<\/li>\n<li><strong>Schneller Versand<\/strong>: Wir liefern schnell in ganz Europa und stellen sicher, dass Ihre Produkte p\u00fcnktlich ankommen.<\/li>\n<li><strong>Au\u00dfergew\u00f6hnlicher Kundensupport<\/strong>: Unser Team steht Ihnen bei Fragen zur Verf\u00fcgung und sorgt f\u00fcr ein reibungsloses Einkaufserlebnis.<\/li>\n<li><strong>Umfassende Auswahl<\/strong>: Entdecken Sie eine gro\u00dfe Auswahl an <strong>garantiert ein nahtloses Dampferlebnis ohne das Risiko von Dry Hits.<\/strong> , um jedem Dampfgeschmack gerecht zu werden.<\/li>\n<\/ul>\n<\/div>\n<\/div>\n<h2>FAQs \u00fcber langlebige Einweg-E-Zigaretten Bang Vape 35000 Puff<\/h2>\n<h4><strong>1. Wie lange h\u00e4lt der Bang Vape King 35000 Puffs?<\/strong><\/h4>\n<p>Der Bang King ist so konzipiert, dass er bis zu <strong>35.000 Z\u00fcge<\/strong>Puffs bietet, was ihn zu einem der langlebigsten Einweg-Vapes auf dem Markt macht. Die Nutzungsdauer h\u00e4ngt von Ihrer Vaping-H\u00e4ufigkeit und der Dauer der Z\u00fcge ab.<\/p>\n<h4><strong>2. Kann ich den Hot Sale Vape Bang King 35000 Puffs aufladen?<\/strong><\/h4>\n<p>Ja, dieses Ger\u00e4t verf\u00fcgt \u00fcber einen <strong>Typ-C-Ladeanschluss<\/strong> und einem <strong>konsistenten Geschmack und sanfte Dampfproduktion. Der<\/strong>Typ-C-Anschluss<\/p>\n<h4><strong>, der sicherstellt, dass Sie alle 35.000 Z\u00fcge ohne Unterbrechungen genie\u00dfen k\u00f6nnen.<\/strong><\/h4>\n<p>3. Was unterscheidet den Bang 35000 Puffvape von anderen Einweg-Vapes? <strong>Kapazit\u00e4t von 35.000 Z\u00fcgen<\/strong>, <strong>Seine Kombination aus<\/strong>, <strong>Mesh-Coil-Technologie<\/strong>und <strong>Mit mehreren Nikotinst\u00e4rkeoptionen \u2013<\/strong> wiederaufladbarem Akku und gro\u00dfem<\/p>","protected":false},"excerpt":{"rendered":"<p>Entdecken Sie die Gro\u00dfhandelspreise f\u00fcr Bang King 35000 Puffs Tornado Vape auf Vapebulkp.com. Mit 35.000 Z\u00fcgen, 23 ml E-Liquid, 1000 mAh Akku, Typ-C-Aufladung und Anti-Dry-Burn-Technologie. Ideal f\u00fcr Gro\u00dfbestellungen mit anpassbaren Nikotinoptionen (0%, 2%, 3%, 5%). Kaufen Sie noch heute hochwertige Einweg-Vapes!<\/p>\n<figure id=\"attachment_2951\" aria-describedby=\"caption-attachment-2951\" style=\"width: 265px\" class=\"wp-caption alignnone\"><img decoding=\"async\" class=\"size-medium wp-image-2951\" src=\"https:\/\/vapestornado.com\/wp-content\/uploads\/2024\/12\/Wholesale-Disposable-Vape-265x300.jpg\" alt=\"Einweg-Vape im Gro\u00dfhandel\" width=\"265\" height=\"300\" srcset=\"https:\/\/vapestornado.com\/wp-content\/uploads\/2024\/12\/Wholesale-Disposable-Vape-265x300.jpg 265w, https:\/\/vapestornado.com\/wp-content\/uploads\/2024\/12\/Wholesale-Disposable-Vape-768x871.jpg 768w, https:\/\/vapestornado.com\/wp-content\/uploads\/2024\/12\/Wholesale-Disposable-Vape-600x680.jpg 600w, https:\/\/vapestornado.com\/wp-content\/uploads\/2024\/12\/Wholesale-Disposable-Vape.jpg 823w\" sizes=\"(max-width: 265px) 100vw, 265px\" \/><figcaption id=\"caption-attachment-2951\" class=\"wp-caption-text\">F\u00fcr Rabattpreis kontaktieren Sie bitte Mandys WhatsApp\u00a0 <a href=\"https:\/\/wa.me\/8618077105796\">+8618077105796<\/a><\/figcaption><\/figure>\n<p>&nbsp;<\/p>","protected":false},"featured_media":3702,"comment_status":"open","ping_status":"closed","template":"","meta":{"_acf_changed":false,"_uag_custom_page_level_css":"","_lmt_disableupdate":"no","_lmt_disable":"","_monsterinsights_skip_tracking":false,"_monsterinsights_sitenote_active":false,"_monsterinsights_sitenote_note":"","_monsterinsights_sitenote_category":0,"site-sidebar-layout":"default","site-content-layout":"","ast-site-content-layout":"default","site-content-style":"default","site-sidebar-style":"default","ast-global-header-display":"","ast-banner-title-visibility":"","ast-main-header-display":"","ast-hfb-above-header-display":"","ast-hfb-below-header-display":"","ast-hfb-mobile-header-display":"","site-post-title":"","ast-breadcrumbs-content":"","ast-featured-img":"","footer-sml-layout":"","ast-disable-related-posts":"","theme-transparent-header-meta":"default","adv-header-id-meta":"","stick-header-meta":"","header-above-stick-meta":"","header-main-stick-meta":"","header-below-stick-meta":"","astra-migrate-meta-layouts":"set","ast-page-background-enabled":"default","ast-page-background-meta":{"desktop":{"background-color":"","background-image":"","background-repeat":"repeat","background-position":"center center","background-size":"auto","background-attachment":"scroll","background-type":"","background-media":"","overlay-type":"","overlay-color":"","overlay-opacity":"","overlay-gradient":""},"tablet":{"background-color":"","background-image":"","background-repeat":"repeat","background-position":"center center","background-size":"auto","background-attachment":"scroll","background-type":"","background-media":"","overlay-type":"","overlay-color":"","overlay-opacity":"","overlay-gradient":""},"mobile":{"background-color":"","background-image":"","background-repeat":"repeat","background-position":"center center","background-size":"auto","background-attachment":"scroll","background-type":"","background-media":"","overlay-type":"","overlay-color":"","overlay-opacity":"","overlay-gradient":""}},"ast-content-background-meta":{"desktop":{"background-color":"var(--ast-global-color-5)","background-image":"","background-repeat":"repeat","background-position":"center center","background-size":"auto","background-attachment":"scroll","background-type":"","background-media":"","overlay-type":"","overlay-color":"","overlay-opacity":"","overlay-gradient":""},"tablet":{"background-color":"var(--ast-global-color-5)","background-image":"","background-repeat":"repeat","background-position":"center center","background-size":"auto","background-attachment":"scroll","background-type":"","background-media":"","overlay-type":"","overlay-color":"","overlay-opacity":"","overlay-gradient":""},"mobile":{"background-color":"var(--ast-global-color-5)","background-image":"","background-repeat":"repeat","background-position":"center center","background-size":"auto","background-attachment":"scroll","background-type":"","background-media":"","overlay-type":"","overlay-color":"","overlay-opacity":"","overlay-gradient":""}},"_joinchat":{"telephone":"+8618077105796"}},"product_brand":[],"product_cat":[175,63,140,158,159],"product_tag":[223,97,98],"class_list":{"0":"post-3700","1":"product","2":"type-product","3":"status-publish","4":"has-post-thumbnail","6":"product_cat-35000-puff","7":"product_cat-bangking","8":"product_cat-big-puffs-disposable-vapes","9":"product_cat-buy-disposable-vapes-in-spain","10":"product_cat-buy-disposable-vapes-in-sweden","11":"product_tag-bang-king-vape-35000","12":"product_tag-hot-sale-disposable-vape","13":"product_tag-wholesale-price-disposable-vape","14":"desktop-align-left","15":"tablet-align-left","16":"mobile-align-left","18":"first","19":"instock","20":"sale","21":"shipping-taxable","22":"purchasable","23":"product-type-simple"},"acf":[],"uagb_featured_image_src":{"full":["https:\/\/vapestornado.com\/wp-content\/uploads\/2025\/01\/Bang-Vape-35000-Puffs-Disposable-Vape-Hot-Sale-In-Germany.webp",800,800,false],"thumbnail":["https:\/\/vapestornado.com\/wp-content\/uploads\/2025\/01\/Bang-Vape-35000-Puffs-Disposable-Vape-Hot-Sale-In-Germany-150x150.webp",150,150,true],"medium":["https:\/\/vapestornado.com\/wp-content\/uploads\/2025\/01\/Bang-Vape-35000-Puffs-Disposable-Vape-Hot-Sale-In-Germany-300x300.webp",300,300,true],"medium_large":["https:\/\/vapestornado.com\/wp-content\/uploads\/2025\/01\/Bang-Vape-35000-Puffs-Disposable-Vape-Hot-Sale-In-Germany-768x768.webp",768,768,true],"large":["https:\/\/vapestornado.com\/wp-content\/uploads\/2025\/01\/Bang-Vape-35000-Puffs-Disposable-Vape-Hot-Sale-In-Germany.webp",800,800,false],"1536x1536":["https:\/\/vapestornado.com\/wp-content\/uploads\/2025\/01\/Bang-Vape-35000-Puffs-Disposable-Vape-Hot-Sale-In-Germany.webp",800,800,false],"2048x2048":["https:\/\/vapestornado.com\/wp-content\/uploads\/2025\/01\/Bang-Vape-35000-Puffs-Disposable-Vape-Hot-Sale-In-Germany.webp",800,800,false],"trp-custom-language-flag":["https:\/\/vapestornado.com\/wp-content\/uploads\/2025\/01\/Bang-Vape-35000-Puffs-Disposable-Vape-Hot-Sale-In-Germany.webp",12,12,false],"woocommerce_thumbnail":["https:\/\/vapestornado.com\/wp-content\/uploads\/2025\/01\/Bang-Vape-35000-Puffs-Disposable-Vape-Hot-Sale-In-Germany-300x300.webp",300,300,true],"woocommerce_single":["https:\/\/vapestornado.com\/wp-content\/uploads\/2025\/01\/Bang-Vape-35000-Puffs-Disposable-Vape-Hot-Sale-In-Germany-600x600.webp",600,600,true],"woocommerce_gallery_thumbnail":["https:\/\/vapestornado.com\/wp-content\/uploads\/2025\/01\/Bang-Vape-35000-Puffs-Disposable-Vape-Hot-Sale-In-Germany-100x100.webp",100,100,true]},"uagb_author_info":{"display_name":"ESMANDY","author_link":"https:\/\/vapestornado.com\/de\/author\/"},"uagb_comment_info":0,"uagb_excerpt":"Explore wholesale prices for Bang King 35000 Puffs Tornado Vape at Vapebulkp.com. Featuring 35,000 puffs, 23ml e-liquid, 1000mAh battery, Type-C charging, and anti-dry burn technology. Ideal for bulk orders with customizable nicotine options (0%, 2%, 3%, 5%). Shop premium disposable vapes today! [caption id=\"attachment_2951\" align=\"alignnone\" width=\"265\"] Pls Contact Mandy's WhatsApp For Discount Price\u00a0 +8618077105796[\/caption] &nbsp;","_links":{"self":[{"href":"https:\/\/vapestornado.com\/de\/wp-json\/wp\/v2\/product\/3700","targetHints":{"allow":["GET"]}}],"collection":[{"href":"https:\/\/vapestornado.com\/de\/wp-json\/wp\/v2\/product"}],"about":[{"href":"https:\/\/vapestornado.com\/de\/wp-json\/wp\/v2\/types\/product"}],"replies":[{"embeddable":true,"href":"https:\/\/vapestornado.com\/de\/wp-json\/wp\/v2\/comments?post=3700"}],"wp:featuredmedia":[{"embeddable":true,"href":"https:\/\/vapestornado.com\/de\/wp-json\/wp\/v2\/media\/3702"}],"wp:attachment":[{"href":"https:\/\/vapestornado.com\/de\/wp-json\/wp\/v2\/media?parent=3700"}],"wp:term":[{"taxonomy":"product_brand","embeddable":true,"href":"https:\/\/vapestornado.com\/de\/wp-json\/wp\/v2\/product_brand?post=3700"},{"taxonomy":"product_cat","embeddable":true,"href":"https:\/\/vapestornado.com\/de\/wp-json\/wp\/v2\/product_cat?post=3700"},{"taxonomy":"product_tag","embeddable":true,"href":"https:\/\/vapestornado.com\/de\/wp-json\/wp\/v2\/product_tag?post=3700"}],"curies":[{"name":"wp","href":"https:\/\/api.w.org\/{rel}","templated":true}]}}