{"id":3690,"date":"2025-01-06T09:55:58","date_gmt":"2025-01-06T09:55:58","guid":{"rendered":"https:\/\/vapestornado.com\/?post_type=product&#038;p=3690"},"modified":"2025-08-23T09:35:59","modified_gmt":"2025-08-23T09:35:59","slug":"wholesale-price-bang-beach-20000-puffs-high-quality-vape-pods","status":"publish","type":"product","link":"https:\/\/vapestornado.com\/de\/product\/wholesale-price-bang-beach-20000-puffs-high-quality-vape-pods\/","title":{"rendered":"Gro\u00dfhandelspreis Bang Beach 20000 Puffs Hochwertige Vape-Pods"},"content":{"rendered":"<h1>Gro\u00dfhandelspreis Bang Beach 20000 Puffs Hochwertige Vape-Pods<\/h1>\n<p>&nbsp;<\/p>\n<div role=\"article\" data-tabster=\"{&quot;groupper&quot;:{&quot;tabbability&quot;:2},&quot;focusable&quot;:{}}\" data-content=\"ai-message\" aria-labelledby=\"64JRvXrTnY7mRmPkEQLLT-author 64JRvXrTnY7mRmPkEQLLT-content\">\n<div id=\"64JRvXrTnY7mRmPkEQLLT-content\">\n<p data-start=\"323\" data-end=\"588\">Der <strong data-start=\"327\" data-end=\"369\">Bang Beach 20000 Z\u00fcge Einweg E-Zigarette<\/strong> kombiniert gro\u00dfe Kapazit\u00e4t, intelligente Technologie und stilvolles Design f\u00fcr eine zuverl\u00e4ssige Vaping-Option. Mit bis zu <strong data-start=\"473\" data-end=\"489\">20.000 Z\u00fcge<\/strong> und einem <strong data-start=\"496\" data-end=\"529\">35 ml vorgef\u00fclltem E-Liquid-Tank<\/strong>bietet es eine l\u00e4ngere Nutzung ohne h\u00e4ufigen Austausch.<\/p>\n<p data-start=\"590\" data-end=\"854\">Angetrieben von einem <strong data-start=\"603\" data-end=\"634\">650mAh wiederaufladbarer Akku<\/strong> mit <strong data-start=\"640\" data-end=\"664\">Type-C-Schnellladung<\/strong>stellt der Bang Beach 20K eine konsistente Leistung \u00fcber den ganzen Tag sicher. Der <strong data-start=\"740\" data-end=\"767\">integrierte Smart Screen<\/strong> bietet Echtzeit-Updates zu Batterielebensdauer und Puff-Nutzung, wodurch die Benutzer die Kontrolle behalten.<\/p>\n<p data-start=\"856\" data-end=\"1041\">Erh\u00e4ltlich in <strong data-start=\"869\" data-end=\"910\">0%, 2%, 3% und 5% Nikotinst\u00e4rken<\/strong>bedient es unterschiedliche Vorlieben, w\u00e4hrend das <strong data-start=\"958\" data-end=\"987\">ergonomische Farbverlaufdesign<\/strong> es sowohl auff\u00e4llig als auch komfortabel in der Hand macht.<\/p>\n<p data-start=\"1043\" data-end=\"1235\">F\u00fcr Gro\u00dfh\u00e4ndler und Einzelh\u00e4ndler, die <strong data-start=\"1078\" data-end=\"1109\">Bang Beach 20000 Z\u00fcge Vape<\/strong> bietet eine starke Mischung aus Kapazit\u00e4t, Design und Gro\u00dfhandelspreis, was es zu einer wettbewerbsf\u00e4higen Wahl auf dem Markt f\u00fcr Einweg-Vapes macht.<\/p>\n<figure id=\"attachment_3691\" aria-describedby=\"caption-attachment-3691\" style=\"width: 676px\" class=\"wp-caption alignnone\"><img fetchpriority=\"high\" decoding=\"async\" class=\"wp-image-3691\" src=\"https:\/\/vapestornado.com\/wp-content\/uploads\/2025\/01\/Bang-Beach-20000-puff-vape-best-sale-Germany.jpg\" alt=\"Bang Beach 20000 Puff Vape Bestseller Deutschland\" width=\"676\" height=\"676\" srcset=\"https:\/\/vapestornado.com\/wp-content\/uploads\/2025\/01\/Bang-Beach-20000-puff-vape-best-sale-Germany.jpg 800w, https:\/\/vapestornado.com\/wp-content\/uploads\/2025\/01\/Bang-Beach-20000-puff-vape-best-sale-Germany-300x300.jpg 300w, https:\/\/vapestornado.com\/wp-content\/uploads\/2025\/01\/Bang-Beach-20000-puff-vape-best-sale-Germany-150x150.jpg 150w, https:\/\/vapestornado.com\/wp-content\/uploads\/2025\/01\/Bang-Beach-20000-puff-vape-best-sale-Germany-768x768.jpg 768w, https:\/\/vapestornado.com\/wp-content\/uploads\/2025\/01\/Bang-Beach-20000-puff-vape-best-sale-Germany-600x600.jpg 600w, https:\/\/vapestornado.com\/wp-content\/uploads\/2025\/01\/Bang-Beach-20000-puff-vape-best-sale-Germany-100x100.jpg 100w\" sizes=\"(max-width: 676px) 100vw, 676px\" \/><figcaption id=\"caption-attachment-3691\" class=\"wp-caption-text\">Bang Beach 20000 Puff Vape Bestseller Deutschland<\/figcaption><\/figure>\n<\/div>\n<\/div>\n<p><img decoding=\"async\" class=\"alignleft wp-image-2951 size-medium\" src=\"https:\/\/vapestornado.com\/wp-content\/uploads\/2024\/12\/Wholesale-Disposable-Vape-265x300.jpg\" alt=\"Einweg-Vape im Gro\u00dfhandel\" width=\"265\" height=\"300\" srcset=\"https:\/\/vapestornado.com\/wp-content\/uploads\/2024\/12\/Wholesale-Disposable-Vape-265x300.jpg 265w, https:\/\/vapestornado.com\/wp-content\/uploads\/2024\/12\/Wholesale-Disposable-Vape-768x871.jpg 768w, https:\/\/vapestornado.com\/wp-content\/uploads\/2024\/12\/Wholesale-Disposable-Vape-600x680.jpg 600w, https:\/\/vapestornado.com\/wp-content\/uploads\/2024\/12\/Wholesale-Disposable-Vape.jpg 823w\" sizes=\"(max-width: 265px) 100vw, 265px\" \/><\/p>\n<h5>Bitte kontaktieren Sie Mandys WhatsApp f\u00fcr einen Rabattpreis:<a href=\"https:\/\/wa.me\/8618077105796\" target=\"_blank\" rel=\"noopener\">+8618077105796<\/a><\/h5>\n<div class=\"flex max-w-full flex-col flex-grow\">\n<div class=\"min-h-8 text-message flex w-full flex-col items-end gap-2 whitespace-normal break-words text-start [.text-message+&amp;]:mt-5\" dir=\"auto\" data-message-author-role=\"assistant\" data-message-id=\"cdb991c0-f594-4bff-b2d5-fbbdd7ce9e54\" data-message-model-slug=\"gpt-4o-mini\">\n<div class=\"flex w-full flex-col gap-1 empty:hidden first:pt-[3px]\">\n<div class=\"markdown prose w-full break-words dark:prose-invert light\"><\/div>\n<\/div>\n<\/div>\n<\/div>\n<div class=\"mb-2 flex gap-3 empty:hidden -ml-2\">\n<h2>Bang Beach 20000 Puffs Hauptmerkmale:<\/h2>\n<ul>\n<li>Verl\u00e4ngerte Dampfsitzungen mit 20.000 Z\u00fcgen.<\/li>\n<li>Reichliche 35 ml E-Liquid-Kapazit\u00e4t f\u00fcr reichhaltige, anhaltende Aromen.<\/li>\n<li>Einstellbare Nikotinst\u00e4rken f\u00fcr personalisierte Zufriedenheit.<\/li>\n<li>Leistungsstarker 650mAh-Akku f\u00fcr lange Nutzungsdauer.<\/li>\n<li>Smart Screen f\u00fcr Echtzeit-Nutzungseinblicke.<\/li>\n<li>Stilvolles, ergonomisches Design mit lebendigen Farbverl\u00e4ufen.<\/li>\n<\/ul>\n<\/div>\n<h2>Bang Beach 20000 Puffs Geschmack:<\/h2>\n<p>1) Dreifache Beeren-Eis<br \/>\n2) Pinke Limonade<br \/>\n3) Blaubeer-Himbeere<br \/>\n4) Gemischte Beeren<br \/>\n5) Erdbeer-Wassermelone<br \/>\n6) Erdbeereis<br \/>\n7) Traubeneis<br \/>\n8) Pfirsich-Mango<br \/>\n9) Blaues Himbeereis<br \/>\n10) Saurer Apfel<br \/>\n11) Wassermeloneneis<br \/>\n12) Pfirsicheis<\/p>\n<h2 data-pm-slice=\"1 1 []\">Warum der Bang Beach Smart Screen 20000 Puff Vape Bar herausragt?<\/h2>\n<p>Der <strong>Bang Beach Smart Screen 20000<\/strong> ist mehr als nur ein Einweg-Vape; es ist ein Hochleistungsger\u00e4t, das f\u00fcr Dampfer entwickelt wurde, die \u00fcberlegene Qualit\u00e4t und Zuverl\u00e4ssigkeit suchen. Seine umfangreiche Zuganzahl, die robuste Batterie und die anpassbaren Nikotinst\u00e4rken machen es zu einer vielseitigen Wahl f\u00fcr alle Dampfvorlieben. Egal, ob Sie ein erfahrener Benutzer sind oder gerade erst anfangen, die Smart-Screen-Funktion und das benutzerfreundliche Design verbessern Ihr Dampferlebnis.<\/p>\n<div role=\"article\" data-tabster=\"{&quot;groupper&quot;:{&quot;tabbability&quot;:2},&quot;focusable&quot;:{}}\" data-content=\"ai-message\" aria-labelledby=\"dARUyEWDoEYhnSPXFwx5A-author dARUyEWDoEYhnSPXFwx5A-content\">\n<div id=\"dARUyEWDoEYhnSPXFwx5A-content\">\n<h2>Warum den Bang Beach Smart Screen 20000 Puff w\u00e4hlen bei <a href=\"https:\/\/vapestornado.com\/de\/product\/bang-box-35k-puffs-high-capacity-long-lasting-disposable-vape\/\">vapestornado.com?<\/a><\/h2>\n<p>vapestornado.com ist Ihr ultimatives Ziel f\u00fcr Premium-Dampfprodukte, und der <strong>Bang Beach Smart Screen 20000 Puffer<\/strong> ist keine Ausnahme. Hier ist, warum dieses Ger\u00e4t herausragt und warum vapestornado.com der beste Ort ist, um es zu kaufen:<\/p>\n<h4><strong>*Un\u00fcbertroffene Qualit\u00e4t<\/strong><\/h4>\n<p>Bei vapestornado.com bieten wir nur authentische und qualitativ hochwertige Dampfprodukte an. Der Bang Beach Smart Screen 20000 Puff wurde mit Blick auf Langlebigkeit und Leistung entwickelt, um bei jeder Verwendung ein zuverl\u00e4ssiges und angenehmes Erlebnis zu gew\u00e4hrleisten.<\/p>\n<h4><strong>*Wettbewerbsf\u00e4hige Preise<\/strong><\/h4>\n<p>vapestornado.com bietet die Bang Beach Smart Screen 20000 Puffs zu \u00e4u\u00dferst wettbewerbsf\u00e4higen Preisen an, um sicherzustellen, dass Sie ein hervorragendes Preis-Leistungs-Verh\u00e4ltnis f\u00fcr ein erstklassiges Produkt erhalten.<\/p>\n<h4><strong>*Schnell<\/strong><\/h4>\n<p>Genie\u00dfen Sie eine schnelle, zuverl\u00e4ssige Lieferung innerhalb Deutschlands, damit Ihr Dampferlebnis nie verz\u00f6gert wird.<\/p>\n<h4><strong>*Kundenorientierter Support<\/strong><\/h4>\n<p>Unser engagiertes Support-Team steht Ihnen bei Fragen zur Seite und sorgt f\u00fcr ein reibungsloses Einkaufserlebnis.<\/p>\n<p>Verbessern Sie noch heute Ihr Dampferlebnis mit dem <strong>Bang Beach Vape 20k Puffs Wiederaufladbare Vapes<\/strong>, exklusiv erh\u00e4ltlich auf vapestornado.com\u2014Ihrem vertrauensw\u00fcrdigen Partner f\u00fcr alles rund ums Dampfen!<\/p>\n<p>Verbessern Sie noch heute Ihr Dampferlebnis mit dem <strong>Bang Beach 20000 Puff Vape Pods<\/strong>, exklusiv erh\u00e4ltlich auf vapestornado.com\u2014Ihrem vertrauensw\u00fcrdigen Partner f\u00fcr alles rund ums Dampfen!<\/p>\n<\/div>\n<\/div>\n<h2>FAQs zum Gro\u00dfeinkauf von Vape Bang Beach Vape 20000 Puffs<\/h2>\n<p><strong>1. Wie kann ich eine Gro\u00dfbestellung f\u00fcr Bang Beach Vape 20000 Puffs aufgeben?<\/strong><br \/>\nBesuchen Sie einen vertrauensw\u00fcrdigen Anbieter wie vapestornado.com, durchst\u00f6bern Sie die Produktseite von Bang Beach Vape und w\u00e4hlen Sie die Option f\u00fcr Gro\u00dfbestellungen. Alternativ k\u00f6nnen Sie sich an den Kundendienst wenden, um Unterst\u00fctzung bei gro\u00dfen Bestellungen zu erhalten.<\/p>\n<p><strong>2. Welche Versandoptionen gibt es f\u00fcr Gro\u00dfbestellungen f\u00fcr Bangvape 20000 Puff?<\/strong><br \/>\nGro\u00dfbestellungen werden sicher versandt, um das Produkt w\u00e4hrend des Transports zu sch\u00fctzen. Viele Lieferanten bieten Expressversandoptionen und Tracking-Services an, um eine rechtzeitige Lieferung zu gew\u00e4hrleisten.<\/p>\n<p><strong>3. Ist der Bang Beach Vape 20000 Puffs Vape f\u00fcr den Gro\u00dfhandel geeignet?<\/strong><br \/>\nAbsolut. Mit seinen fortschrittlichen Funktionen, der langen Lebensdauer und dem stilvollen Design ist der Bang Beach Vape 20000 f\u00fcr Verbraucher sehr attraktiv, was ihn zu einer ausgezeichneten Wahl f\u00fcr den Gro\u00dfhandel macht.<\/p>\n<p><strong>4. Wie stelle ich sicher, dass ich authentische Bang Beach Vape Produkte kaufe?<\/strong><br \/>\nKaufen Sie immer bei vertrauensw\u00fcrdigen Lieferanten oder autorisierten H\u00e4ndlern wie vapestornado.com, um Echtheit und Qualit\u00e4t zu gew\u00e4hrleisten. Vermeiden Sie nicht verifizierte Verk\u00e4ufer, um gef\u00e4lschte Produkte zu vermeiden.<\/p>","protected":false},"excerpt":{"rendered":"<p>Bang Beach 20000 Puffs bietet bis zu 20.000 Z\u00fcge, 35 ml vorgef\u00fclltes E-Liquid, anpassbare Nikotinst\u00e4rken (0%, 2%, 3%, 5%), einen wiederaufladbaren 650mAh-Akku und einen intelligenten Bildschirm zur Nutzungsverfolgung. Stilvoller und langlebiger Vape, perfekt f\u00fcr jeden Bedarf.<\/p>\n<figure id=\"attachment_2951\" aria-describedby=\"caption-attachment-2951\" style=\"width: 265px\" class=\"wp-caption alignnone\"><img decoding=\"async\" class=\"size-medium wp-image-2951\" src=\"https:\/\/vapestornado.com\/wp-content\/uploads\/2024\/12\/Wholesale-Disposable-Vape-265x300.jpg\" alt=\"Einweg-Vape im Gro\u00dfhandel\" width=\"265\" height=\"300\" srcset=\"https:\/\/vapestornado.com\/wp-content\/uploads\/2024\/12\/Wholesale-Disposable-Vape-265x300.jpg 265w, https:\/\/vapestornado.com\/wp-content\/uploads\/2024\/12\/Wholesale-Disposable-Vape-768x871.jpg 768w, https:\/\/vapestornado.com\/wp-content\/uploads\/2024\/12\/Wholesale-Disposable-Vape-600x680.jpg 600w, https:\/\/vapestornado.com\/wp-content\/uploads\/2024\/12\/Wholesale-Disposable-Vape.jpg 823w\" sizes=\"(max-width: 265px) 100vw, 265px\" \/><figcaption id=\"caption-attachment-2951\" class=\"wp-caption-text\">F\u00fcr Rabattpreis kontaktieren Sie bitte Mandys WhatsApp\u00a0 <a href=\"https:\/\/wa.me\/8618077105796\">+8618077105796<\/a><\/figcaption><\/figure>\n<p>&nbsp;<\/p>","protected":false},"featured_media":3693,"comment_status":"open","ping_status":"closed","template":"","meta":{"_acf_changed":false,"_uag_custom_page_level_css":"","_lmt_disableupdate":"no","_lmt_disable":"","_monsterinsights_skip_tracking":false,"_monsterinsights_sitenote_active":false,"_monsterinsights_sitenote_note":"","_monsterinsights_sitenote_category":0,"site-sidebar-layout":"default","site-content-layout":"","ast-site-content-layout":"default","site-content-style":"default","site-sidebar-style":"default","ast-global-header-display":"","ast-banner-title-visibility":"","ast-main-header-display":"","ast-hfb-above-header-display":"","ast-hfb-below-header-display":"","ast-hfb-mobile-header-display":"","site-post-title":"","ast-breadcrumbs-content":"","ast-featured-img":"","footer-sml-layout":"","ast-disable-related-posts":"","theme-transparent-header-meta":"default","adv-header-id-meta":"","stick-header-meta":"","header-above-stick-meta":"","header-main-stick-meta":"","header-below-stick-meta":"","astra-migrate-meta-layouts":"set","ast-page-background-enabled":"default","ast-page-background-meta":{"desktop":{"background-color":"","background-image":"","background-repeat":"repeat","background-position":"center center","background-size":"auto","background-attachment":"scroll","background-type":"","background-media":"","overlay-type":"","overlay-color":"","overlay-opacity":"","overlay-gradient":""},"tablet":{"background-color":"","background-image":"","background-repeat":"repeat","background-position":"center center","background-size":"auto","background-attachment":"scroll","background-type":"","background-media":"","overlay-type":"","overlay-color":"","overlay-opacity":"","overlay-gradient":""},"mobile":{"background-color":"","background-image":"","background-repeat":"repeat","background-position":"center center","background-size":"auto","background-attachment":"scroll","background-type":"","background-media":"","overlay-type":"","overlay-color":"","overlay-opacity":"","overlay-gradient":""}},"ast-content-background-meta":{"desktop":{"background-color":"var(--ast-global-color-5)","background-image":"","background-repeat":"repeat","background-position":"center center","background-size":"auto","background-attachment":"scroll","background-type":"","background-media":"","overlay-type":"","overlay-color":"","overlay-opacity":"","overlay-gradient":""},"tablet":{"background-color":"var(--ast-global-color-5)","background-image":"","background-repeat":"repeat","background-position":"center center","background-size":"auto","background-attachment":"scroll","background-type":"","background-media":"","overlay-type":"","overlay-color":"","overlay-opacity":"","overlay-gradient":""},"mobile":{"background-color":"var(--ast-global-color-5)","background-image":"","background-repeat":"repeat","background-position":"center center","background-size":"auto","background-attachment":"scroll","background-type":"","background-media":"","overlay-type":"","overlay-color":"","overlay-opacity":"","overlay-gradient":""}},"_joinchat":{"telephone":"+8618077105796"}},"product_brand":[],"product_cat":[69,62,151,157],"product_tag":[229,97,98],"class_list":{"0":"post-3690","1":"product","2":"type-product","3":"status-publish","4":"has-post-thumbnail","6":"product_cat-20000-puff","7":"product_cat-bang-vape","8":"product_cat-buy-disposable-vapes-in-france","9":"product_cat-buy-disposable-vapes-in-portugal","10":"product_tag-bang-beach-20000-puffs","11":"product_tag-hot-sale-disposable-vape","12":"product_tag-wholesale-price-disposable-vape","13":"desktop-align-left","14":"tablet-align-left","15":"mobile-align-left","17":"first","18":"instock","19":"sale","20":"shipping-taxable","21":"purchasable","22":"product-type-simple"},"acf":[],"uagb_featured_image_src":{"full":["https:\/\/vapestornado.com\/wp-content\/uploads\/2025\/01\/Bang-Beach-20000-puff-vape-good-sale-Germany.webp",800,800,false],"thumbnail":["https:\/\/vapestornado.com\/wp-content\/uploads\/2025\/01\/Bang-Beach-20000-puff-vape-good-sale-Germany-150x150.webp",150,150,true],"medium":["https:\/\/vapestornado.com\/wp-content\/uploads\/2025\/01\/Bang-Beach-20000-puff-vape-good-sale-Germany-300x300.webp",300,300,true],"medium_large":["https:\/\/vapestornado.com\/wp-content\/uploads\/2025\/01\/Bang-Beach-20000-puff-vape-good-sale-Germany-768x768.webp",768,768,true],"large":["https:\/\/vapestornado.com\/wp-content\/uploads\/2025\/01\/Bang-Beach-20000-puff-vape-good-sale-Germany.webp",800,800,false],"1536x1536":["https:\/\/vapestornado.com\/wp-content\/uploads\/2025\/01\/Bang-Beach-20000-puff-vape-good-sale-Germany.webp",800,800,false],"2048x2048":["https:\/\/vapestornado.com\/wp-content\/uploads\/2025\/01\/Bang-Beach-20000-puff-vape-good-sale-Germany.webp",800,800,false],"trp-custom-language-flag":["https:\/\/vapestornado.com\/wp-content\/uploads\/2025\/01\/Bang-Beach-20000-puff-vape-good-sale-Germany.webp",12,12,false],"woocommerce_thumbnail":["https:\/\/vapestornado.com\/wp-content\/uploads\/2025\/01\/Bang-Beach-20000-puff-vape-good-sale-Germany-300x300.webp",300,300,true],"woocommerce_single":["https:\/\/vapestornado.com\/wp-content\/uploads\/2025\/01\/Bang-Beach-20000-puff-vape-good-sale-Germany-600x600.webp",600,600,true],"woocommerce_gallery_thumbnail":["https:\/\/vapestornado.com\/wp-content\/uploads\/2025\/01\/Bang-Beach-20000-puff-vape-good-sale-Germany-100x100.webp",100,100,true]},"uagb_author_info":{"display_name":"ESMANDY","author_link":"https:\/\/vapestornado.com\/de\/author\/"},"uagb_comment_info":0,"uagb_excerpt":"Bang Beach 20000 Puffs offers up to 20,000 puffs, a 35ml pre-filled e-liquid, customizable nicotine levels (0%, 2%, 3%, 5%), a 650mAh rechargeable battery, and a smart screen for tracking usage. Stylish and long-lasting vape, perfect for every vaping need. [caption id=\"attachment_2951\" align=\"alignnone\" width=\"265\"] Pls Contact Mandy's WhatsApp For Discount Price\u00a0 +8618077105796[\/caption] &nbsp;","_links":{"self":[{"href":"https:\/\/vapestornado.com\/de\/wp-json\/wp\/v2\/product\/3690","targetHints":{"allow":["GET"]}}],"collection":[{"href":"https:\/\/vapestornado.com\/de\/wp-json\/wp\/v2\/product"}],"about":[{"href":"https:\/\/vapestornado.com\/de\/wp-json\/wp\/v2\/types\/product"}],"replies":[{"embeddable":true,"href":"https:\/\/vapestornado.com\/de\/wp-json\/wp\/v2\/comments?post=3690"}],"wp:featuredmedia":[{"embeddable":true,"href":"https:\/\/vapestornado.com\/de\/wp-json\/wp\/v2\/media\/3693"}],"wp:attachment":[{"href":"https:\/\/vapestornado.com\/de\/wp-json\/wp\/v2\/media?parent=3690"}],"wp:term":[{"taxonomy":"product_brand","embeddable":true,"href":"https:\/\/vapestornado.com\/de\/wp-json\/wp\/v2\/product_brand?post=3690"},{"taxonomy":"product_cat","embeddable":true,"href":"https:\/\/vapestornado.com\/de\/wp-json\/wp\/v2\/product_cat?post=3690"},{"taxonomy":"product_tag","embeddable":true,"href":"https:\/\/vapestornado.com\/de\/wp-json\/wp\/v2\/product_tag?post=3690"}],"curies":[{"name":"wp","href":"https:\/\/api.w.org\/{rel}","templated":true}]}}