{"id":3683,"date":"2025-01-06T07:58:56","date_gmt":"2025-01-06T07:58:56","guid":{"rendered":"https:\/\/vapestornado.com\/?post_type=product&#038;p=3683"},"modified":"2025-12-05T07:32:09","modified_gmt":"2025-12-05T07:32:09","slug":"uwin-crystal-10000-puffs-wholesale-disposable-vape-puff-10k-low-nicotine-rechargeable-vapes-pen-bulk-buy-wholesalepuffs-disposable-vape-wholesale-price-copy","status":"publish","type":"product","link":"https:\/\/vapestornado.com\/de\/product\/uwin-crystal-10000-puffs-wholesale-disposable-vape-puff-10k-low-nicotine-rechargeable-vapes-pen-bulk-buy-wholesalepuffs-disposable-vape-wholesale-price-copy\/","title":{"rendered":"Uwin Crystal 10000 Z\u00fcge Einweg-Vape Puff 10k Gro\u00dfhandel mit wenig Nikotin, wiederaufladbare Vape Pens, Gro\u00dfeinkauf im Gro\u00dfhandel"},"content":{"rendered":"<h1 class=\"product-title\">Uwin Crystal 10000 Z\u00fcge Einweg-Vape Puff 10k Gro\u00dfhandel mit wenig Nikotin, wiederaufladbare Vape Pens, Gro\u00dfeinkauf im Gro\u00dfhandel<\/h1>\n<p data-start=\"1245\" data-end=\"1398\">Uwin Crystal 10000 Z\u00fcge ist ein kompaktes wiederaufladbares Einwegger\u00e4t, das bis zu 10.000 Z\u00fcge pro Ger\u00e4t bietet, Low-Nic-Optionen von 0,2% bis 3,5% anbietet und in mehreren Geschmacksrichtungen erh\u00e4ltlich ist, um den t\u00e4glichen Wechsel von Zigaretten zu erleichtern.<\/p>\n<p data-start=\"603\" data-end=\"949\"><strong data-start=\"603\" data-end=\"643\">10.000 Z\u00fcge f\u00fcr echten t\u00e4glichen Gebrauch.<\/strong><br data-start=\"643\" data-end=\"646\" \/>Mit einem <strong data-start=\"653\" data-end=\"672\">10K Zug-Bewertung<\/strong>, Uwin Crystal liegt im Bereich \u201eF\u00fcr eine Weile benutzen, nicht nur am Wochenende\u201c. Es eignet sich f\u00fcr Menschen, die ein Ger\u00e4t wollen, das durch Arbeitstage, Pendeln und Abende ausgeht, ohne st\u00e4ndig nachf\u00fcllen zu m\u00fcssen. In der <strong data-start=\"870\" data-end=\"900\">10000 Zug Einweg-Vape<\/strong> Klasse ist das Ziel: Weniger Wechsel, weniger Aufwand.<\/p>\n<p data-start=\"951\" data-end=\"1264\"><strong data-start=\"951\" data-end=\"994\">Niedrig-Nic-St\u00e4rken, die nicht \u00fcberw\u00e4ltigen.<\/strong><br data-start=\"994\" data-end=\"997\" \/>Uwin Crystal bietet <strong data-start=\"1017\" data-end=\"1039\">0,2%\u20133,5% Nikotin<\/strong> Stufen, die Rauchern Raum lassen, das Richtige zu w\u00e4hlen. Leichtes Nikotin ist f\u00fcr Gelegenheitspuffer oder diejenigen geeignet, die reduzieren m\u00f6chten, w\u00e4hrend die h\u00f6heren Stufen f\u00fcr jeden geeignet sind, der noch einen sp\u00fcrbaren Kick ohne starke Salzst\u00e4rken m\u00f6chte.<\/p>\n<p data-start=\"1266\" data-end=\"1564\"><strong data-start=\"1266\" data-end=\"1329\">Wiederaufladbares Design, das das Ger\u00e4t vor fr\u00fchzeitigem Ausfall bewahrt.<\/strong><br data-start=\"1329\" data-end=\"1332\" \/>Dies ist ein <strong data-start=\"1342\" data-end=\"1399\">Uwin Crystal 10000 Z\u00fcge wiederaufladbarer Einweg-Vape<\/strong>. Das Aufladen bedeutet, dass Sie es nicht wegwerfen m\u00fcssen, nur weil die Batterie vor Ende des Liquids leer ist. Es ist eine praktische L\u00f6sung f\u00fcr Ger\u00e4te mit hoher Zugzahl.<\/p>\n<p data-start=\"1566\" data-end=\"1794\"><strong data-start=\"1566\" data-end=\"1599\">Pocketfreundliches Kristallgeh\u00e4use.<\/strong><br data-start=\"1599\" data-end=\"1602\" \/>Das Geh\u00e4use ist kompakt und sauber im Aussehen, leicht zu tragen, ohne sperrig zu wirken. Es ist die Art von Form, die in eine Jackentasche, einen Autoschacht oder eine Schreibtischschublade passt und f\u00fcr schnelle Pausen bereitsteht.<\/p>\n<p data-start=\"1796\" data-end=\"2073\"><strong data-start=\"1796\" data-end=\"1834\">Geschmacksvielfalt, die es einfach h\u00e4lt.<\/strong><br data-start=\"1834\" data-end=\"1837\" \/>Mehrere Geschmacksoptionen sind verf\u00fcgbar, sodass Benutzer bei dem bleiben k\u00f6nnen, was ihnen gef\u00e4llt\u2014Fr\u00fcchte, k\u00fchle Mischungen oder s\u00fc\u00dfere Profile\u2014ohne das Ger\u00e4t f\u00fcr Abwechslung wechseln zu m\u00fcssen. F\u00fcr Gesch\u00e4fte macht das Uwin Crystal 10K leicht an lokale Geschmackstrends anpassbar.<\/p>\n<h3><strong>Warum mit vapestornado zusammenarbeiten?<\/strong><\/h3>\n<p>vapestornado ist Ihr bevorzugter Lieferant f\u00fcr die besten Gro\u00dfhandelsangebote f\u00fcr Einweg-Vape Pens wie den Uwin Crystal 10000 Puffs. Mit wettbewerbsf\u00e4higen Preisen, au\u00dfergew\u00f6hnlichen Versanddienstleistungen und einem Engagement f\u00fcr Qualit\u00e4t gew\u00e4hrleisten wir ein nahtloses Einkaufserlebnis f\u00fcr Gro\u00dfh\u00e4ndler in ganz Deutschland.<\/p>\n<p>&nbsp;<\/p>\n<p><span style=\"color: #ff0000;\"><strong>F\u00fcgen Sie Amy auf WhatsApp hinzu, um eine direkte Antwort und einen Vape-Gutschein zu erhalten!<\/strong><\/span><\/p>\n<p><img fetchpriority=\"high\" decoding=\"async\" class=\"size-full wp-image-2932\" src=\"https:\/\/vapestornado.com\/wp-content\/uploads\/2024\/12\/Vape-Wholesale.jpg\" alt=\"Vape-Gro\u00dfhandel\" width=\"229\" height=\"300\" \/><\/p>\n<h3><a href=\"https:\/\/wa.me\/8617776015835\" target=\"_blank\" rel=\"noopener\"><span style=\"color: #ff0000;\"><strong>WhatsApp: +86 17776015835<\/strong><\/span><\/a><\/h3>\n<p>&nbsp;<\/p>\n<h2 class=\"product-title\"><strong>Uwin Crystal 10000 Produktmerkmale<\/strong><\/h2>\n<div role=\"article\" data-tabster=\"{&quot;groupper&quot;:{&quot;tabbability&quot;:2},&quot;focusable&quot;:{}}\" data-content=\"ai-message\" aria-labelledby=\"juhNTJ6o7Gk1cgwZMJgv2-author juhNTJ6o7Gk1cgwZMJgv2-content\">\n<div id=\"juhNTJ6o7Gk1cgwZMJgv2-content\">\n<div role=\"article\" data-tabster=\"{&quot;groupper&quot;:{&quot;tabbability&quot;:2},&quot;focusable&quot;:{}}\" data-content=\"ai-message\" aria-labelledby=\"x4EZuCZWrTbh3weWUt7CU-author x4EZuCZWrTbh3weWUt7CU-content\">\n<div id=\"x4EZuCZWrTbh3weWUt7CU-content\">\n<div class=\"flex max-w-full flex-col flex-grow\">\n<div class=\"min-h-8 text-message flex w-full flex-col items-end gap-2 whitespace-normal break-words text-start [.text-message+&amp;]:mt-5\" dir=\"auto\" data-message-author-role=\"assistant\" data-message-id=\"52c6e00a-252f-4104-805d-2f1a84739c71\" data-message-model-slug=\"gpt-4o\">\n<div class=\"flex w-full flex-col gap-1 empty:hidden first:pt-[3px]\">\n<div class=\"markdown prose w-full break-words dark:prose-invert light\">\n<h3><\/h3>\n<table>\n<thead>\n<tr>\n<th>Merkmal \/ Parameter<\/th>\n<th align=\"right\">Spezifikation<\/th>\n<th>Erl\u00e4uterung<\/th>\n<\/tr>\n<\/thead>\n<tbody>\n<tr>\n<td>Produktname<\/td>\n<td align=\"right\">Uwin Crystal 10000 Z\u00fcge Einweg-Vape<\/td>\n<td>Klare Bezeichnung f\u00fcr Wiederholbestellungen und Suche.<\/td>\n<\/tr>\n<tr>\n<td>Zugkapazit\u00e4t<\/td>\n<td align=\"right\">Bis zu 10.000 Z\u00fcge<\/td>\n<td>L\u00e4ngere Nutzung als Standard-Einwegger\u00e4te; weniger Austausch.<\/td>\n<\/tr>\n<tr>\n<td>Nikotingehalt<\/td>\n<td align=\"right\">0,2% \u2013 3,5%<\/td>\n<td>Niedrig-Nikotin-Bereich f\u00fcr leichtere t\u00e4gliche Nutzung oder zum Reduzieren.<\/td>\n<\/tr>\n<tr>\n<td>Batterie<\/td>\n<td align=\"right\">Wiederaufladbar<\/td>\n<td>Hilft Ihnen, die Fl\u00fcssigkeit aufzubrauchen, anstatt Z\u00fcge wegen leerer Batterie zu verlieren.<\/td>\n<\/tr>\n<tr>\n<td>Design<\/td>\n<td align=\"right\">Kompakter Kristall-\u00e4hnlicher K\u00f6rper<\/td>\n<td>Leicht zu tragen, sauberes Design, passt in den Alltag.<\/td>\n<\/tr>\n<tr>\n<td>Geschmacksoptionen<\/td>\n<td align=\"right\">Mehrere Geschmacksrichtungen<\/td>\n<td>Erm\u00f6glicht es Nutzern, ihren gewohnten Geschmack ohne zus\u00e4tzliche Ger\u00e4te zu w\u00e4hlen.<\/td>\n<\/tr>\n<tr>\n<td>Verwendung<\/td>\n<td align=\"right\">Zugaktiviert<\/td>\n<td>Keine Tasten; inhalieren zum Dampfen<\/td>\n<\/tr>\n<\/tbody>\n<\/table>\n<\/div>\n<\/div>\n<\/div>\n<\/div>\n<div class=\"mb-2 flex gap-3 empty:hidden -ml-2\">\n<figure id=\"attachment_3662\" aria-describedby=\"caption-attachment-3662\" style=\"width: 800px\" class=\"wp-caption alignnone\"><img decoding=\"async\" class=\"wp-image-3662 size-full\" src=\"https:\/\/vapestornado.com\/wp-content\/uploads\/2025\/01\/UWIN-Crystal-10000-Puff-Disposable-Vape-Wholesale-Cheap-Price.webp\" alt=\"UWIN Crystal 10000 Z\u00fcge Einweg-Vape Gro\u00dfhandel G\u00fcnstiger Preis\" width=\"800\" height=\"880\" srcset=\"https:\/\/vapestornado.com\/wp-content\/uploads\/2025\/01\/UWIN-Crystal-10000-Puff-Disposable-Vape-Wholesale-Cheap-Price.webp 800w, https:\/\/vapestornado.com\/wp-content\/uploads\/2025\/01\/UWIN-Crystal-10000-Puff-Disposable-Vape-Wholesale-Cheap-Price-273x300.webp 273w, https:\/\/vapestornado.com\/wp-content\/uploads\/2025\/01\/UWIN-Crystal-10000-Puff-Disposable-Vape-Wholesale-Cheap-Price-768x845.webp 768w, https:\/\/vapestornado.com\/wp-content\/uploads\/2025\/01\/UWIN-Crystal-10000-Puff-Disposable-Vape-Wholesale-Cheap-Price-600x660.webp 600w\" sizes=\"(max-width: 800px) 100vw, 800px\" \/><figcaption id=\"caption-attachment-3662\" class=\"wp-caption-text\">UWIN Crystal 10000 Z\u00fcge Einweg-Vape Gro\u00dfhandel G\u00fcnstiger Preis<\/figcaption><\/figure>\n<\/div>\n<\/div>\n<\/div>\n<\/div>\n<\/div>\n<h2 class=\"product-title\"><strong>Beliebte Geschmacksrichtungen f\u00fcr Uwin Crystal 10000<\/strong><strong>\u00a0<\/strong><strong>Einweg-Vapes<\/strong><\/h2>\n<h2 class=\"product-title\"><\/h2>\n<p>Entdecken Sie eine Welt voller Aromen mit dem Uwin Crystal 10000 Puffs. Von erfrischender Minze bis hin zu fruchtigen K\u00f6stlichkeiten \u2013 die gro\u00dfe Auswahl an Optionen stellt sicher, dass f\u00fcr jede Stimmung und jeden Geschmack die perfekte \u00dcbereinstimmung dabei ist. Bitte finden Sie die beliebte Geschmacksrichtung basierend auf unseren Verkaufsdaten und dem Kundenfeedback.<\/p>\n<p>1. Blaubeer-Himbeere <span style=\"color: #ff0000;\"><strong>&gt;&gt;&gt;&gt; Hei\u00df !<\/strong><\/span><br \/>\n2.Traube Eis<br \/>\n3. Erdbeer-Wassermelone<br \/>\n4.Blaubeere auf Eis<br \/>\n5. Wassermelone Eis <span style=\"color: #ff0000;\"><strong>&gt;&gt;&gt;&gt; Hei\u00df !<\/strong><\/span><br \/>\n6.Kirsche Eis<br \/>\n7.Erdbeere Himbeere Kirsche <span style=\"color: #ff0000;\"><strong>&gt;&gt;&gt;&gt; Hei\u00df !<\/strong><\/span><br \/>\n8.Kiwi Passionsfrucht Guave<br \/>\n9.Erdbeere Eis<br \/>\n10.Pfirsich Eis<br \/>\n11.Erdbeere Kiwi<br \/>\n12.Pfirsich Beere<br \/>\n13.Kirsch-Cola <span style=\"color: #ff0000;\"><strong>&gt;&gt;&gt;&gt; Hei\u00df !<\/strong><\/span><br \/>\n14.Gemischte Beere<br \/>\n15.Mr. Blau<br \/>\n16.Pfirsich-Mango-Ananas<br \/>\n17.Zwei \u00c4pfel<br \/>\n18.Erdbeer-Cranberry-Kirsche <span style=\"color: #ff0000;\"><strong>&gt;&gt;&gt;&gt; Beste !<\/strong><\/span><br \/>\n19.Erdbeer-Banane<br \/>\nLady Killa<br \/>\n21.Blaue Himbeer-Limonade<br \/>\n22.Rotbulle <span style=\"color: #ff0000;\"><strong>&gt;&gt;&gt;&gt; Hei\u00df !<\/strong><\/span><br \/>\n23.Erdbeere Traube<br \/>\n24.Kirschbeere<br \/>\n25.Liebe 66<br \/>\n26.Passionsfrucht Eis<br \/>\n27.Cola Eis<br \/>\n28.Miami Minze <span style=\"color: #ff0000;\"><strong>&gt;&gt;&gt;&gt; Hei\u00df !<\/strong><\/span><br \/>\n29.Vanille Eis<br \/>\n30.Zitrone Limette<\/p>\n<div class=\"flex-shrink-0 flex flex-col relative items-end\">\n<div class=\"pt-0\">\n<div class=\"gizmo-bot-avatar flex h-8 w-8 items-center justify-center overflow-hidden rounded-full\">\n<div class=\"relative p-1 rounded-sm flex items-center justify-center bg-token-main-surface-primary text-token-text-primary h-8 w-8\">\n<h3>FAQs f\u00fcr Uwin Crystal 10000 Wiederaufladbar<strong>\u00a0<\/strong>Einweg-Vape<\/h3>\n<h3><\/h3>\n<p data-start=\"2904\" data-end=\"3222\"><strong data-start=\"2904\" data-end=\"3008\">1. Ist das Uwin Crystal 10000 Z\u00fcge Einweg-Vape f\u00fcr jemanden geeignet, der vom Zigarettenkonsum umsteigt?<\/strong><br data-start=\"3008\" data-end=\"3011\" \/>Ja. Das <strong data-start=\"3020\" data-end=\"3064\">Uwin Crystal 10000 Z\u00fcge Einweg-Vape<\/strong> bietet eine lange Laufzeit und einen einstellbaren Niedrig-Nikotin-Bereich, sodass Raucher eine St\u00e4rke w\u00e4hlen k\u00f6nnen, die ihrem gewohnten Konsum nahekommt, und st\u00e4ndiges Ger\u00e4tewechseln vermeiden.<\/p>\n<p data-start=\"3224\" data-end=\"3539\"><strong data-start=\"3224\" data-end=\"3311\">2. Wie lange h\u00e4lt ein Uwin Crystal 10000 Z\u00fcge wiederaufladbarer Einweg-Vape normalerweise?<\/strong><br data-start=\"3311\" data-end=\"3314\" \/>Die Lebensdauer h\u00e4ngt davon ab, wie oft Sie dampfen, aber bei normaler t\u00e4glicher Nutzung h\u00e4lt das <strong data-start=\"3382\" data-end=\"3434\">Uwin Crystal 10000 Z\u00fcge wiederaufladbarer Einweg-Vape<\/strong> in der Regel viel l\u00e4nger als 3k\u20135k Modelle aufgrund seiner h\u00f6heren Zugzahl und wiederaufladbaren Batterie.<\/p>\n<p data-start=\"3541\" data-end=\"3817\"><strong data-start=\"3541\" data-end=\"3619\">3. Welchen Nikotingehalt sollte ich f\u00fcr das Uwin Crystal 10000 Z\u00fcge w\u00e4hlen?<\/strong><br data-start=\"3619\" data-end=\"3622\" \/>Wenn Sie leicht rauchen oder weniger Nikotin m\u00f6chten, beginnen Sie bei <strong data-start=\"3677\" data-end=\"3688\">0,2%\u20131%<\/strong>. Wenn Sie ein st\u00e4rkerer Raucher w\u00e4ren, aber trotzdem einen moderaten Zug m\u00f6chten, <strong data-start=\"3750\" data-end=\"3761\">2%\u20133.5%<\/strong> ist der \u00fcbliche Bereich. Der Punkt ist Kontrolle, nicht \u00dcberladung.<\/p>\n<p data-start=\"3819\" data-end=\"4073\"><strong data-start=\"3819\" data-end=\"3892\">4. H\u00e4lt der Uwin Crystal 10000 Puffs den Geschmack im Laufe der Zeit?<\/strong><br data-start=\"3892\" data-end=\"3895\" \/>Ger\u00e4te mit hoher Pufferzahl k\u00f6nnen verblassen, wenn die Spule die Belastung nicht bew\u00e4ltigen kann. Uwin Crystal ist f\u00fcr den t\u00e4glichen Gebrauch konzipiert, und das Aufladen hilft, eine gleichm\u00e4\u00dfige Leistung aufrechtzuerhalten, bis die Fl\u00fcssigkeit aufgebraucht ist.<\/p>\n<p data-start=\"4075\" data-end=\"4309\"><strong data-start=\"4075\" data-end=\"4149\">5. Ist der Uwin Crystal 10000 Puffs einfach zu tragen f\u00fcr Arbeit oder Reisen?<\/strong><br data-start=\"4149\" data-end=\"4152\" \/>Ja. Der kompakte K\u00f6rper ist f\u00fcr Taschen und Tagesrucks\u00e4cke gebaut. Es ist unkompliziert f\u00fcr Menschen, die w\u00e4hrend Pausen etwas Einfaches m\u00f6chten, ohne Ersatzger\u00e4te mitzunehmen.<\/p>\n<p data-start=\"4075\" data-end=\"4309\">\n<\/div>\n<\/div>\n<\/div>\n<\/div>\n<div class=\"flex-shrink-0 flex flex-col relative items-end\">\n<div class=\"pt-0\">\n<div class=\"gizmo-bot-avatar flex h-8 w-8 items-center justify-center overflow-hidden rounded-full\">\n<div class=\"relative p-1 rounded-sm flex items-center justify-center bg-token-main-surface-primary text-token-text-primary h-8 w-8\">\n<div class=\"mb-2 flex gap-3 empty:hidden -ml-2\">\n<div role=\"article\" data-tabster=\"{&quot;groupper&quot;:{&quot;tabbability&quot;:2},&quot;focusable&quot;:{}}\" data-content=\"ai-message\" aria-labelledby=\"Vdt5ez4X7Tg813x6rFVha-author Vdt5ez4X7Tg813x6rFVha-content\">\n<div id=\"Vdt5ez4X7Tg813x6rFVha-content\">\n<div role=\"article\" data-tabster=\"{&quot;groupper&quot;:{&quot;tabbability&quot;:2},&quot;focusable&quot;:{}}\" data-content=\"ai-message\" aria-labelledby=\"o968oC7CEo2fGHsGdsRYC-author o968oC7CEo2fGHsGdsRYC-content\">\n<div id=\"o968oC7CEo2fGHsGdsRYC-content\">\n<h3>Warum Vapestornado f\u00fcr den Gro\u00dfhandel mit Uwin Crystal 10000 Puffs Einweg-Vape w\u00e4hlen?<\/h3>\n<div class=\"flex-shrink-0 flex flex-col relative items-end\">\n<div class=\"pt-0\">\n<div class=\"gizmo-bot-avatar flex h-8 w-8 items-center justify-center overflow-hidden rounded-full\">\n<div class=\"relative p-1 rounded-sm flex items-center justify-center bg-token-main-surface-primary text-token-text-primary h-8 w-8\">\n<p>Willkommen bei vapestornado, Ihrem vertrauensw\u00fcrdigen Online-Vape-Shop f\u00fcr hochwertige Einweg-Vapes. Mit mehr als 5 Jahren Erfahrung bieten wir Ihnen beliebte Einweg-Vape-Marken wie Fumot RandM Vape, Vapme, Bang Vape, Waspe Vape und WGA Vape, usw.<\/p>\n<p>Unser Sortiment umfasst hei\u00df verkaufte Vapes wie den <a href=\"https:\/\/vapestornado.com\/de\/product\/randm-12000-puffs-fumot-digital-disposable-vape-wholesale-price\/\">RandM Tornado 12000<\/a>, und geschmacksreiche Optionen wie den <a href=\"https:\/\/vapestornado.com\/de\/product\/wga-crystal-pro-max-extra-15000-puffs-rechargeable-disposable-vape-wholesale-bulk-buy\/\">\u00a0WGA Kristall 15k Z\u00fcge<\/a> . Jedes Produkt wird mit Fokus auf Qualit\u00e4t, Wert und Vielfalt ausgew\u00e4hlt, um sicherzustellen, dass Sie die perfekte \u00dcbereinstimmung f\u00fcr Ihre Bed\u00fcrfnisse finden. Entdecken Sie au\u00dfergew\u00f6hnlichen Service und eine breite Palette an Spitzenprodukten zum Gro\u00dfhandelspreis bei vapestornado.<\/p>\n<\/div>\n<p>&nbsp;<\/p>\n<p><strong>Andere hei\u00dfe Einweg-Vapes im Angebot<\/strong><\/p>\n<p><a href=\"https:\/\/vapestornado.com\/de\/product\/vapsolo-tornado-pro-12000-puffs-2-5-low-nicotine-bulk-buy-rechargeable-disposable-vapes-pen-wholesale-price\/\">VapSolo Tornado Pro 12000 Z\u00fcge <span style=\"color: #ff0000;\"><strong>&gt;&gt;&gt;&gt; Los !<\/strong><\/span><\/a><\/p>\n<p><a href=\"https:\/\/vapestornado.com\/de\/product\/jnr-mega-shisha-hookah-100000-puffs-disposable-vape-wholesale-price\/\">JNR Mega Shisha Hookah 100 Z\u00fcge<span style=\"color: #ff0000;\"><strong>&gt;&gt;&gt;&gt; Los !<\/strong><\/span><\/a><\/p>\n<p><a href=\"https:\/\/vapestornado.com\/de\/product\/tornado-vape-fihp-15000-puffs-2-low-nicotine-disposable-vape-wholesale\/\">Tornado Vape FIHP 15000 <span style=\"color: #ff0000;\"><strong>&gt;&gt;&gt;&gt; Los !<\/strong><\/span><\/a><\/p>\n<\/div>\n<\/div>\n<\/div>\n<p>&nbsp;<\/p>\n<\/div>\n<\/div>\n<\/div>\n<\/div>\n<\/div>\n<\/div>\n<\/div>\n<\/div>\n<\/div>","protected":false},"excerpt":{"rendered":"<p>Uwin Crystal 10000 Z\u00fcge Einweg-Vape f\u00fcr stetigen t\u00e4glichen Gebrauch<br \/>\nUwin Crystal 10K Wiederaufladbare Einweg mit Low-Nic-Optionen<br \/>\nUwin Crystal 10000 Zug Bar Reich an Aromen in einem kompakten Kristallgeh\u00e4use<\/p>\n<p><strong>F\u00fcge Amy auf WhatsApp hinzu, um sofort eine Antwort und einen Vape-Gutschein zu erhalten!<\/strong><\/p>\n<p><img fetchpriority=\"high\" decoding=\"async\" class=\"size-full wp-image-2932\" src=\"https:\/\/vapestornado.com\/wp-content\/uploads\/2024\/12\/Vape-Wholesale.jpg\" alt=\"Vape-Gro\u00dfhandel\" width=\"229\" height=\"300\" \/><\/p>\n<h3><a href=\"https:\/\/wa.me\/8617776015835\"><span style=\"color: #ff0000;\"><strong>WhatsApp: +86 17776015835<\/strong><\/span><\/a><\/h3>\n<p>&nbsp;<\/p>","protected":false},"featured_media":3664,"comment_status":"open","ping_status":"closed","template":"","meta":{"_acf_changed":false,"_uag_custom_page_level_css":"","_lmt_disableupdate":"no","_lmt_disable":"","_monsterinsights_skip_tracking":false,"_monsterinsights_sitenote_active":false,"_monsterinsights_sitenote_note":"","_monsterinsights_sitenote_category":0,"site-sidebar-layout":"default","site-content-layout":"","ast-site-content-layout":"default","site-content-style":"default","site-sidebar-style":"default","ast-global-header-display":"","ast-banner-title-visibility":"","ast-main-header-display":"","ast-hfb-above-header-display":"","ast-hfb-below-header-display":"","ast-hfb-mobile-header-display":"","site-post-title":"","ast-breadcrumbs-content":"","ast-featured-img":"","footer-sml-layout":"","ast-disable-related-posts":"","theme-transparent-header-meta":"default","adv-header-id-meta":"","stick-header-meta":"","header-above-stick-meta":"","header-main-stick-meta":"","header-below-stick-meta":"","astra-migrate-meta-layouts":"set","ast-page-background-enabled":"default","ast-page-background-meta":{"desktop":{"background-color":"","background-image":"","background-repeat":"repeat","background-position":"center center","background-size":"auto","background-attachment":"scroll","background-type":"","background-media":"","overlay-type":"","overlay-color":"","overlay-opacity":"","overlay-gradient":""},"tablet":{"background-color":"","background-image":"","background-repeat":"repeat","background-position":"center center","background-size":"auto","background-attachment":"scroll","background-type":"","background-media":"","overlay-type":"","overlay-color":"","overlay-opacity":"","overlay-gradient":""},"mobile":{"background-color":"","background-image":"","background-repeat":"repeat","background-position":"center center","background-size":"auto","background-attachment":"scroll","background-type":"","background-media":"","overlay-type":"","overlay-color":"","overlay-opacity":"","overlay-gradient":""}},"ast-content-background-meta":{"desktop":{"background-color":"var(--ast-global-color-5)","background-image":"","background-repeat":"repeat","background-position":"center center","background-size":"auto","background-attachment":"scroll","background-type":"","background-media":"","overlay-type":"","overlay-color":"","overlay-opacity":"","overlay-gradient":""},"tablet":{"background-color":"var(--ast-global-color-5)","background-image":"","background-repeat":"repeat","background-position":"center center","background-size":"auto","background-attachment":"scroll","background-type":"","background-media":"","overlay-type":"","overlay-color":"","overlay-opacity":"","overlay-gradient":""},"mobile":{"background-color":"var(--ast-global-color-5)","background-image":"","background-repeat":"repeat","background-position":"center center","background-size":"auto","background-attachment":"scroll","background-type":"","background-media":"","overlay-type":"","overlay-color":"","overlay-opacity":"","overlay-gradient":""}},"_joinchat":{"telephone":"+8617776015835"}},"product_brand":[],"product_cat":[106,153,160,143,146,233],"product_tag":[165,120,97,166,94,227,477],"class_list":{"0":"post-3683","1":"product","2":"type-product","3":"status-publish","4":"has-post-thumbnail","6":"product_cat-10000-puff","7":"product_cat-buy-disposable-vapes-in-italy","8":"product_cat-buy-disposable-vapes-in-switzerland","9":"product_cat-dual-mesh-disposable-vapes","10":"product_cat-rechargeable-disposable-vapes","11":"product_cat-uwin-vape","12":"product_tag-cheap-vapes","13":"product_tag-crystal-vape","14":"product_tag-hot-sale-disposable-vape","15":"product_tag-low-nicotine-vape","16":"product_tag-rechargeable-disposable-vape","17":"product_tag-uwin-crystal-10000","18":"product_tag-vape-with-rgb-light","19":"desktop-align-left","20":"tablet-align-left","21":"mobile-align-left","23":"first","24":"instock","25":"sale","26":"shipping-taxable","27":"purchasable","28":"product-type-simple"},"acf":[],"uagb_featured_image_src":{"full":["https:\/\/vapestornado.com\/wp-content\/uploads\/2025\/01\/UWIN-Crystal-10000-Puffs-Disposable-Vape-Wholesale.webp",800,870,false],"thumbnail":["https:\/\/vapestornado.com\/wp-content\/uploads\/2025\/01\/UWIN-Crystal-10000-Puffs-Disposable-Vape-Wholesale-150x150.webp",150,150,true],"medium":["https:\/\/vapestornado.com\/wp-content\/uploads\/2025\/01\/UWIN-Crystal-10000-Puffs-Disposable-Vape-Wholesale-276x300.webp",276,300,true],"medium_large":["https:\/\/vapestornado.com\/wp-content\/uploads\/2025\/01\/UWIN-Crystal-10000-Puffs-Disposable-Vape-Wholesale-768x835.webp",768,835,true],"large":["https:\/\/vapestornado.com\/wp-content\/uploads\/2025\/01\/UWIN-Crystal-10000-Puffs-Disposable-Vape-Wholesale.webp",800,870,false],"1536x1536":["https:\/\/vapestornado.com\/wp-content\/uploads\/2025\/01\/UWIN-Crystal-10000-Puffs-Disposable-Vape-Wholesale.webp",800,870,false],"2048x2048":["https:\/\/vapestornado.com\/wp-content\/uploads\/2025\/01\/UWIN-Crystal-10000-Puffs-Disposable-Vape-Wholesale.webp",800,870,false],"trp-custom-language-flag":["https:\/\/vapestornado.com\/wp-content\/uploads\/2025\/01\/UWIN-Crystal-10000-Puffs-Disposable-Vape-Wholesale.webp",11,12,false],"woocommerce_thumbnail":["https:\/\/vapestornado.com\/wp-content\/uploads\/2025\/01\/UWIN-Crystal-10000-Puffs-Disposable-Vape-Wholesale-300x300.webp",300,300,true],"woocommerce_single":["https:\/\/vapestornado.com\/wp-content\/uploads\/2025\/01\/UWIN-Crystal-10000-Puffs-Disposable-Vape-Wholesale-600x653.webp",600,653,true],"woocommerce_gallery_thumbnail":["https:\/\/vapestornado.com\/wp-content\/uploads\/2025\/01\/UWIN-Crystal-10000-Puffs-Disposable-Vape-Wholesale-100x100.webp",100,100,true]},"uagb_author_info":{"display_name":"ESAMY","author_link":"https:\/\/vapestornado.com\/de\/author\/"},"uagb_comment_info":0,"uagb_excerpt":"Uwin Crystal 10000 Puffs Disposable Vape for Steady Daily Use Uwin Crystal 10K Rechargeable Disposable with Low-Nicitube Options Uwin Crystal 10000 Puff Bar Rich Flavors in a Compact Crystal Body Add Amy's whatsapp get right reply and vape coupon! WhatsApp: +86 17776015835 &nbsp;","_links":{"self":[{"href":"https:\/\/vapestornado.com\/de\/wp-json\/wp\/v2\/product\/3683","targetHints":{"allow":["GET"]}}],"collection":[{"href":"https:\/\/vapestornado.com\/de\/wp-json\/wp\/v2\/product"}],"about":[{"href":"https:\/\/vapestornado.com\/de\/wp-json\/wp\/v2\/types\/product"}],"replies":[{"embeddable":true,"href":"https:\/\/vapestornado.com\/de\/wp-json\/wp\/v2\/comments?post=3683"}],"wp:featuredmedia":[{"embeddable":true,"href":"https:\/\/vapestornado.com\/de\/wp-json\/wp\/v2\/media\/3664"}],"wp:attachment":[{"href":"https:\/\/vapestornado.com\/de\/wp-json\/wp\/v2\/media?parent=3683"}],"wp:term":[{"taxonomy":"product_brand","embeddable":true,"href":"https:\/\/vapestornado.com\/de\/wp-json\/wp\/v2\/product_brand?post=3683"},{"taxonomy":"product_cat","embeddable":true,"href":"https:\/\/vapestornado.com\/de\/wp-json\/wp\/v2\/product_cat?post=3683"},{"taxonomy":"product_tag","embeddable":true,"href":"https:\/\/vapestornado.com\/de\/wp-json\/wp\/v2\/product_tag?post=3683"}],"curies":[{"name":"wp","href":"https:\/\/api.w.org\/{rel}","templated":true}]}}