{"id":3668,"date":"2025-01-03T09:09:38","date_gmt":"2025-01-03T09:09:38","guid":{"rendered":"https:\/\/vapestornado.com\/?post_type=product&#038;p=3668"},"modified":"2025-08-23T10:46:05","modified_gmt":"2025-08-23T10:46:05","slug":"wholesale-waspe-40000-puffs-dual-flavor-disposable-vape","status":"publish","type":"product","link":"https:\/\/vapestornado.com\/de\/product\/wholesale-waspe-40000-puffs-dual-flavor-disposable-vape\/","title":{"rendered":"Gro\u00dfhandel Waspe 40000 Puffs Dual Flavor Einweg-Vape"},"content":{"rendered":"<h1>Gro\u00dfhandel Waspe 40000 Puffs Dual Flavor Einweg-Vape<\/h1>\n<p data-start=\"276\" data-end=\"565\">Der <strong data-start=\"280\" data-end=\"329\">Waspe 40000 Z\u00fcge Dual Flavor Einweg-Vape<\/strong> ist f\u00fcr Gro\u00dfh\u00e4ndler und Einzelh\u00e4ndler konzipiert, die ein Ger\u00e4t mit hoher Kapazit\u00e4t und einzigartigen Funktionen suchen. Bietet bis zu <strong data-start=\"437\" data-end=\"453\">40.000 Z\u00fcge<\/strong> und einem <strong data-start=\"460\" data-end=\"482\">36 ml E-Liquid Tank<\/strong>, dieser Vape bietet eine l\u00e4ngere Nutzungsdauer, wodurch die Notwendigkeit h\u00e4ufiger Austausche reduziert wird.<\/p>\n<p data-start=\"567\" data-end=\"847\">Seine <strong data-start=\"571\" data-end=\"593\">Dual-Flavor-System<\/strong> erm\u00f6glicht es Benutzern, zwischen zwei Geschmacksprofilen in einem einzigen Ger\u00e4t zu wechseln, wodurch die Vielfalt und die Kundenansprache verbessert werden. Ausgestattet mit einem <strong data-start=\"721\" data-end=\"752\">850mAh wiederaufladbare Batterie<\/strong> und <strong data-start=\"757\" data-end=\"781\">Type-C-Schnellladung<\/strong>sorgt der Waspe 40K f\u00fcr eine zuverl\u00e4ssige Leistung den ganzen Tag \u00fcber.<\/p>\n<p data-start=\"849\" data-end=\"1132\">Der <strong data-start=\"853\" data-end=\"874\">LED-Smart-Display<\/strong> h\u00e4lt Benutzer \u00fcber die Akkulaufzeit und den E-Liquid-Stand auf dem Laufenden, w\u00e4hrend die <strong data-start=\"946\" data-end=\"965\">0,9\u03a9 Mesh-Coils<\/strong> sorgen f\u00fcr eine sanfte Dampfproduktion und einen kr\u00e4ftigen Geschmack. Erh\u00e4ltlich in <strong data-start=\"1028\" data-end=\"1060\">2% und 5% Nikotinst\u00e4rken<\/strong>, es richtet sich sowohl an leichtere Benutzer als auch an diejenigen, die einen st\u00e4rkeren Zug bevorzugen.<\/p>\n<p data-start=\"1134\" data-end=\"1325\">F\u00fcr deutsche H\u00e4ndler ist der <strong data-start=\"1165\" data-end=\"1197\">Waspe 40000 Dual-Aromen Vape<\/strong> kombiniert gro\u00dfe Kapazit\u00e4t, modernes Design und <strong data-start=\"1242\" data-end=\"1275\">wettbewerbsf\u00e4hige Gro\u00dfhandelspreise<\/strong>, was es zu einer profitablen Wahl f\u00fcr Gro\u00dfbestellungen macht.<\/p>\n<p><img fetchpriority=\"high\" decoding=\"async\" class=\"alignnone size-medium wp-image-4246\" src=\"https:\/\/vapestornado.com\/wp-content\/uploads\/2024\/12\/Waspe-DOUBLE-FLAVOUR-40k-Vape-Discount-Price-300x234.jpg\" alt=\"Waspe DOUBLE FLAVOUR 40k Vape Rabattpreis\" width=\"300\" height=\"234\" srcset=\"https:\/\/vapestornado.com\/wp-content\/uploads\/2024\/12\/Waspe-DOUBLE-FLAVOUR-40k-Vape-Discount-Price-300x234.jpg 300w, https:\/\/vapestornado.com\/wp-content\/uploads\/2024\/12\/Waspe-DOUBLE-FLAVOUR-40k-Vape-Discount-Price-1024x799.jpg 1024w, https:\/\/vapestornado.com\/wp-content\/uploads\/2024\/12\/Waspe-DOUBLE-FLAVOUR-40k-Vape-Discount-Price-768x600.jpg 768w, https:\/\/vapestornado.com\/wp-content\/uploads\/2024\/12\/Waspe-DOUBLE-FLAVOUR-40k-Vape-Discount-Price-15x12.jpg 15w, https:\/\/vapestornado.com\/wp-content\/uploads\/2024\/12\/Waspe-DOUBLE-FLAVOUR-40k-Vape-Discount-Price-600x468.jpg 600w, https:\/\/vapestornado.com\/wp-content\/uploads\/2024\/12\/Waspe-DOUBLE-FLAVOUR-40k-Vape-Discount-Price.jpg 1500w\" sizes=\"(max-width: 300px) 100vw, 300px\" \/><\/p>\n<h3>Produktdetail<\/h3>\n<p>Z\u00fcge: 40000 Z\u00fcge<br \/>\nDoppelter Geschmack<br \/>\nMesh-Coil: 0,9 Ohm+0,9 Ohm<br \/>\nE-Liquid: 36ml<br \/>\nNikotin: 0 %\/2 %\/5 %<br \/>\nBatterie: 850 mAh<br \/>\nWiederaufladbar: Typ-C<br \/>\nLED-Anzeige<br \/>\nProduktgewicht: 120g\/St\u00fcckProduktgr\u00f6\u00dfe: 61*31*115mm<br \/>\nMenge: 160 St\u00fcck\/Karton, 10 St\u00fcck\/Box<br \/>\nBruttogewicht: 20kg<\/p>\n<h3><strong>Waspe 40000 Z\u00fcge Doppelgeschmack<\/strong> Merkmale<\/h3>\n<ol>\n<li><strong>Duales Geschmackssystem:<\/strong> Genie\u00dfen Sie zwei verschiedene Geschmacksrichtungen in einem Ger\u00e4t f\u00fcr ein einzigartiges Dampferlebnis.<\/li>\n<li><strong>Massive Zuganzahl:<\/strong> Liefert bis zu 40.000 Z\u00fcge pro Ger\u00e4t f\u00fcr eine l\u00e4ngere Nutzung.<\/li>\n<li><strong>Wiederaufladbarer Akku:<\/strong> 850mAh Kapazit\u00e4t mit Typ-C Schnellladung.<\/li>\n<li><strong>Hohe E-Liquid-Kapazit\u00e4t:<\/strong> 36 ml E-Liquid sorgt f\u00fcr ununterbrochenes Dampfvergn\u00fcgen.<\/li>\n<li><strong>Mesh-Coil-Technologie:<\/strong> 0,9-Ohm-Spulen f\u00fcr verbesserten Geschmack und sanfte Dampfproduktion.<\/li>\n<\/ol>\n<h3>Geschmacksliste<\/h3>\n<ol start=\"1\" data-spread=\"false\" data-pm-slice=\"3 3 []\">\n<li>Wassermelone Eis \/ Zitrone Limette<\/li>\n<li>Brausende Kirsche Eis \/ Blaubeere Zuckerwatte<\/li>\n<li>Erdbeere Wassermelone \/ Blaubeere Himbeere<\/li>\n<li>Red Bull Eis \/ Erdbeere Mango<\/li>\n<li>Pfirsich Eis \/ Ananas Mango Pfirsich<\/li>\n<li>Traube Eis \/ Erdbeere Kiwi<\/li>\n<li>Gemischte Beeren \/ Doppelapfel Eis<\/li>\n<li>Blaue Himbeere Limonade \/ Wassermelone Kaugummi<\/li>\n<li>Erdbeere Himbeere Kirsche \/ Love 666<\/li>\n<li>Erdbeere Banane \/ Ananas Kokosnuss Eis<\/li>\n<li>Erdbeere Wassermelone Kaugummi \/ Gemischte Fr\u00fcchte<\/li>\n<li>Kirsch Cola Eis \/ Erdbeere Himbeere Bonbon<\/li>\n<li>Saure Apfel Himbeere \/ Erdbeere Big Bang<\/li>\n<li>Pfirsich Beere \/ Wassermelone Mango Pfirsich<\/li>\n<li>Blaubeere Eis \/ Schwarzer Drache Eis<\/li>\n<li>Erdbeere Kirsche \/ Kiwi Passionsfrucht Guave<\/li>\n<\/ol>\n<h4><strong>Top 5 Geschmacksrichtungen<\/strong><\/h4>\n<ol start=\"1\" data-spread=\"false\">\n<li><strong>Wassermelone Eis \/ Zitrone Limette:<\/strong> Ein erfrischender Ausbruch von Sommerfr\u00fcchten mit einem zitrusartigen Kick.<\/li>\n<li><strong>Sprudelnde Kirsch-Eis \/ Blaubeer-Zuckerwatte:<\/strong> S\u00fc\u00dfe und prickelnde Perfektion f\u00fcr Dessertliebhaber.<\/li>\n<li><strong>Erdbeer-Wassermelone \/ Blaubeer-Himbeer:<\/strong> Eine fruchtige Mischung, die sowohl s\u00fc\u00df als auch spritzig ist.<\/li>\n<li><strong>Red Bull Ice \/ Erdbeer-Mango:<\/strong> Belebend und tropisch, perfekt f\u00fcr einen Energieschub.<\/li>\n<li><strong>Pfirsich Ice \/ Ananas-Mango-Pfirsich:<\/strong> Ein tropisches Trio mit einem coolen, eisigen Abgang.<\/li>\n<\/ol>\n<h2 data-start=\"135\" data-end=\"179\">WASPE Serienvergleich (Gro\u00dfhandelsleitfaden)<\/h2>\n<p data-start=\"181\" data-end=\"206\"><strong data-start=\"181\" data-end=\"204\">WASPE Tornado 15000<\/strong><\/p>\n<ul data-start=\"207\" data-end=\"569\">\n<li data-start=\"207\" data-end=\"224\">\n<p data-start=\"209\" data-end=\"224\">Z\u00fcge: 15.000<\/p>\n<\/li>\n<li data-start=\"225\" data-end=\"257\">\n<p data-start=\"227\" data-end=\"257\">Akku: 850mAh wiederaufladbar<\/p>\n<\/li>\n<li data-start=\"258\" data-end=\"285\">\n<p data-start=\"260\" data-end=\"285\">E-Liquid Kapazit\u00e4t: 25ml<\/p>\n<\/li>\n<li data-start=\"286\" data-end=\"310\">\n<p data-start=\"288\" data-end=\"310\">Coil-Typ: Mesh 0.8\u03a9<\/p>\n<\/li>\n<li data-start=\"311\" data-end=\"382\">\n<p data-start=\"313\" data-end=\"382\">Hauptmerkmale: Digitalanzeige, kompaktes Design, Typ-C-Schnellladung<\/p>\n<\/li>\n<li data-start=\"383\" data-end=\"419\">\n<p data-start=\"385\" data-end=\"419\">Nikotin Optionen: 0%, 2%, 3%, 5%<\/p>\n<\/li>\n<li data-start=\"420\" data-end=\"499\">\n<p data-start=\"422\" data-end=\"499\">Zielkunden: Einsteiger, Einzelh\u00e4ndler, die nach erschwinglicher Ware suchen<\/p>\n<\/li>\n<li data-start=\"500\" data-end=\"569\">\n<p data-start=\"502\" data-end=\"569\">Gro\u00dfhandels-Keywords: Waspe 15K Einweg-Vape, Gro\u00dfhandel Vape Pen<\/p>\n<\/li>\n<\/ul>\n<hr data-start=\"571\" data-end=\"574\" \/>\n<p data-start=\"576\" data-end=\"601\"><strong data-start=\"576\" data-end=\"599\">WASPE 25000 Digital<\/strong><\/p>\n<ul data-start=\"602\" data-end=\"1000\">\n<li data-start=\"602\" data-end=\"619\">\n<p data-start=\"604\" data-end=\"619\">Z\u00fcge: 25.000<\/p>\n<\/li>\n<li data-start=\"620\" data-end=\"652\">\n<p data-start=\"622\" data-end=\"652\">Akku: 850mAh wiederaufladbar<\/p>\n<\/li>\n<li data-start=\"653\" data-end=\"680\">\n<p data-start=\"655\" data-end=\"680\">E-Liquid Kapazit\u00e4t: 28ml<\/p>\n<\/li>\n<li data-start=\"681\" data-end=\"705\">\n<p data-start=\"683\" data-end=\"705\">Spulentyp: Mesh 1.0\u03a9<\/p>\n<\/li>\n<li data-start=\"706\" data-end=\"794\">\n<p data-start=\"708\" data-end=\"794\">Hauptmerkmale: Intelligenter LED-Bildschirm, Dual-Flavor-Schalter, umweltfreundliches, wiederaufladbares Design<\/p>\n<\/li>\n<li data-start=\"795\" data-end=\"831\">\n<p data-start=\"797\" data-end=\"831\">Nikotin Optionen: 0%, 2%, 3%, 5%<\/p>\n<\/li>\n<li data-start=\"832\" data-end=\"919\">\n<p data-start=\"834\" data-end=\"919\">Zielkunden: Einzelh\u00e4ndler, die auf K\u00e4ufer im mittleren Preissegment abzielen, H\u00e4ndler in Deutschland<\/p>\n<\/li>\n<li data-start=\"920\" data-end=\"1000\">\n<p data-start=\"922\" data-end=\"1000\">Gro\u00dfhandels-Keywords: Waspe 25K Digital Vape, Dual Flavor Einweg-Gro\u00dfhandel<\/p>\n<\/li>\n<\/ul>\n<hr data-start=\"1002\" data-end=\"1005\" \/>\n<p data-start=\"1007\" data-end=\"1042\"><strong data-start=\"1007\" data-end=\"1040\">WASPE FIHP 30000 Intelligenter Bildschirm<\/strong><\/p>\n<ul data-start=\"1043\" data-end=\"1431\">\n<li data-start=\"1043\" data-end=\"1060\">\n<p data-start=\"1045\" data-end=\"1060\">Z\u00fcge: 30.000<\/p>\n<\/li>\n<li data-start=\"1061\" data-end=\"1093\">\n<p data-start=\"1063\" data-end=\"1093\">Akku: 850mAh wiederaufladbar<\/p>\n<\/li>\n<li data-start=\"1094\" data-end=\"1121\">\n<p data-start=\"1096\" data-end=\"1121\">E-Liquid Kapazit\u00e4t: 28ml<\/p>\n<\/li>\n<li data-start=\"1122\" data-end=\"1158\">\n<p data-start=\"1124\" data-end=\"1158\">Spulentyp: Dual Mesh 1.0\u03a9 + 1.0\u03a9<\/p>\n<\/li>\n<li data-start=\"1159\" data-end=\"1246\">\n<p data-start=\"1161\" data-end=\"1246\">Hauptmerkmale: Smart Display, zwei Dampfmodi (Regul\u00e4r<\/p>\n<\/li>\n<li data-start=\"1247\" data-end=\"1275\">\n<p data-start=\"1249\" data-end=\"1275\">Nikotin Optionen: 2%, 5%<\/p>\n<\/li>\n<li data-start=\"1276\" data-end=\"1352\">\n<p data-start=\"1278\" data-end=\"1352\">Zielkunden: Gesch\u00e4fte mit Fokus auf Premium-Produkte, Geschmacksenthusiasten<\/p>\n<\/li>\n<li data-start=\"1353\" data-end=\"1431\">\n<p data-start=\"1355\" data-end=\"1431\">Gro\u00dfhandels-Keywords: Waspe FIHP 30K Vape, Smart Screen Einweg-Gro\u00dfhandel<\/p>\n<\/li>\n<\/ul>\n<hr data-start=\"1433\" data-end=\"1436\" \/>\n<p data-start=\"1438\" data-end=\"1467\"><strong data-start=\"1438\" data-end=\"1465\">WASPE 40000 Dual-Aromen<\/strong><\/p>\n<ul data-start=\"1468\" data-end=\"1847\">\n<li data-start=\"1468\" data-end=\"1485\">\n<p data-start=\"1470\" data-end=\"1485\">Z\u00fcge: 40.000<\/p>\n<\/li>\n<li data-start=\"1486\" data-end=\"1518\">\n<p data-start=\"1488\" data-end=\"1518\">Akku: 850mAh wiederaufladbar<\/p>\n<\/li>\n<li data-start=\"1519\" data-end=\"1546\">\n<p data-start=\"1521\" data-end=\"1546\">E-Liquid Kapazit\u00e4t: 36ml<\/p>\n<\/li>\n<li data-start=\"1547\" data-end=\"1576\">\n<p data-start=\"1549\" data-end=\"1576\">Spulentyp: Dual Mesh 0.9\u03a9<\/p>\n<\/li>\n<li data-start=\"1577\" data-end=\"1655\">\n<p data-start=\"1579\" data-end=\"1655\">Hauptmerkmale: Dual-Flavor-System, LED-Smart-Display, langlebige Kapazit\u00e4t<\/p>\n<\/li>\n<li data-start=\"1656\" data-end=\"1684\">\n<p data-start=\"1658\" data-end=\"1684\">Nikotin Optionen: 2%, 5%<\/p>\n<\/li>\n<li data-start=\"1685\" data-end=\"1762\">\n<p data-start=\"1687\" data-end=\"1762\">Zielkunden: Power-User, H\u00e4ndler, die langlebige Ger\u00e4te suchen<\/p>\n<\/li>\n<li data-start=\"1763\" data-end=\"1847\">\n<p data-start=\"1765\" data-end=\"1847\">Gro\u00dfhandels-Keywords: Waspe 40K Dual-Flavor-Vape, Gro\u00dfhandel Einweg-Vape Europa<\/p>\n<\/li>\n<\/ul>\n<h3 data-pm-slice=\"1 3 []\"><strong>H\u00e4ufig gestellte Fragen<\/strong><\/h3>\n<ol start=\"1\" data-spread=\"true\">\n<li><strong>Wie lange h\u00e4lt der Waspe 40000 Puffs Einweg-Vape?<\/strong> Mit bis zu 40.000 Z\u00fcgen kann er je nach Nutzung Wochen oder sogar Monate halten.<\/li>\n<li><strong>Ist der Waspe 40000 Puffs Einweg-Vape wiederaufladbar?<\/strong> Ja, er verf\u00fcgt \u00fcber einen wiederaufladbaren 850-mAh-Akku mit einem Typ-C-Ladeanschluss.<\/li>\n<li><strong>Welche Nikotinst\u00e4rken sind verf\u00fcgbar?<\/strong> W\u00e4hlen Sie zwischen 0%, 2% oder 5% Nikotin, um Ihren Bed\u00fcrfnissen gerecht zu werden.<\/li>\n<li><strong>Unterst\u00fctzt das Ger\u00e4t zwei Geschmacksrichtungen?<\/strong> Ja, es verf\u00fcgt \u00fcber ein Dual-Flavor-System f\u00fcr ein verbessertes Dampferlebnis.<\/li>\n<li><strong>Was zeichnet den Waspe 40000 Puffs aus?<\/strong> Seine massive Zuganzahl, zwei Geschmacksrichtungen, der wiederaufladbare Akku und die \u00fcberragende Verarbeitungsqualit\u00e4t heben ihn ab.<\/li>\n<\/ol>\n<h4>WASPE 40000 Dual Flavor Vapes Gro\u00dfhandel Kontaktieren Sie uns und erhalten Sie jetzt Rabatt!<a href=\"https:\/\/wa.me\/8618077105750\" target=\"_blank\" rel=\"noopener\">+8618077105750<\/a><\/h4>\n<p><img decoding=\"async\" class=\"size-large wp-image-2921\" src=\"https:\/\/vapestornado.com\/wp-content\/uploads\/2024\/11\/20062b3a285f900e79520aad496b94d-887x1024.jpg\" alt=\"Vapestornado Vicky\" width=\"887\" height=\"1024\" srcset=\"https:\/\/vapestornado.com\/wp-content\/uploads\/2024\/11\/20062b3a285f900e79520aad496b94d-887x1024.jpg 887w, https:\/\/vapestornado.com\/wp-content\/uploads\/2024\/11\/20062b3a285f900e79520aad496b94d-260x300.jpg 260w, https:\/\/vapestornado.com\/wp-content\/uploads\/2024\/11\/20062b3a285f900e79520aad496b94d-768x887.jpg 768w, https:\/\/vapestornado.com\/wp-content\/uploads\/2024\/11\/20062b3a285f900e79520aad496b94d-600x693.jpg 600w, https:\/\/vapestornado.com\/wp-content\/uploads\/2024\/11\/20062b3a285f900e79520aad496b94d.jpg 1080w\" sizes=\"(max-width: 887px) 100vw, 887px\" \/><\/p>","protected":false},"excerpt":{"rendered":"<p data-start=\"1365\" data-end=\"1535\">Der <strong data-start=\"1369\" data-end=\"1395\">Waspe 40000 Z\u00fcge Vape<\/strong> bietet duale Aromen, 36 ml Fassungsverm\u00f6gen und einen intelligenten LED-Bildschirm. Eine langlebige, wiederaufladbare Wahl f\u00fcr <strong data-start=\"1496\" data-end=\"1532\">Gro\u00dfhandelsm\u00e4rkte f\u00fcr Vapes in Europa<\/strong>.<\/p>\n<p><strong><span style=\"color: #ff0000;\">(Unser Website-Preis beinhaltet keine Versandkosten, bitte kontaktieren Sie mich, um den Gesamtpreis und Ihren Rabatt zu erhalten!)<\/span><\/strong><\/p>\n<p><img decoding=\"async\" class=\"size-medium wp-image-2921\" src=\"https:\/\/vapestornado.com\/wp-content\/uploads\/2024\/11\/20062b3a285f900e79520aad496b94d-260x300.jpg\" alt=\"Vapestornado Vicky\" width=\"260\" height=\"300\" srcset=\"https:\/\/vapestornado.com\/wp-content\/uploads\/2024\/11\/20062b3a285f900e79520aad496b94d-260x300.jpg 260w, https:\/\/vapestornado.com\/wp-content\/uploads\/2024\/11\/20062b3a285f900e79520aad496b94d-887x1024.jpg 887w, https:\/\/vapestornado.com\/wp-content\/uploads\/2024\/11\/20062b3a285f900e79520aad496b94d-768x887.jpg 768w, https:\/\/vapestornado.com\/wp-content\/uploads\/2024\/11\/20062b3a285f900e79520aad496b94d-600x693.jpg 600w, https:\/\/vapestornado.com\/wp-content\/uploads\/2024\/11\/20062b3a285f900e79520aad496b94d.jpg 1080w\" sizes=\"(max-width: 260px) 100vw, 260px\" \/><\/p>","protected":false},"featured_media":4245,"comment_status":"open","ping_status":"closed","template":"","meta":{"_acf_changed":false,"_uag_custom_page_level_css":"","_lmt_disableupdate":"no","_lmt_disable":"","_monsterinsights_skip_tracking":false,"_monsterinsights_sitenote_active":false,"_monsterinsights_sitenote_note":"","_monsterinsights_sitenote_category":0,"site-sidebar-layout":"default","site-content-layout":"","ast-site-content-layout":"default","site-content-style":"default","site-sidebar-style":"default","ast-global-header-display":"","ast-banner-title-visibility":"","ast-main-header-display":"","ast-hfb-above-header-display":"","ast-hfb-below-header-display":"","ast-hfb-mobile-header-display":"","site-post-title":"","ast-breadcrumbs-content":"","ast-featured-img":"","footer-sml-layout":"","ast-disable-related-posts":"","theme-transparent-header-meta":"default","adv-header-id-meta":"","stick-header-meta":"","header-above-stick-meta":"","header-main-stick-meta":"","header-below-stick-meta":"","astra-migrate-meta-layouts":"set","ast-page-background-enabled":"default","ast-page-background-meta":{"desktop":{"background-color":"","background-image":"","background-repeat":"repeat","background-position":"center center","background-size":"auto","background-attachment":"scroll","background-type":"","background-media":"","overlay-type":"","overlay-color":"","overlay-opacity":"","overlay-gradient":""},"tablet":{"background-color":"","background-image":"","background-repeat":"repeat","background-position":"center center","background-size":"auto","background-attachment":"scroll","background-type":"","background-media":"","overlay-type":"","overlay-color":"","overlay-opacity":"","overlay-gradient":""},"mobile":{"background-color":"","background-image":"","background-repeat":"repeat","background-position":"center center","background-size":"auto","background-attachment":"scroll","background-type":"","background-media":"","overlay-type":"","overlay-color":"","overlay-opacity":"","overlay-gradient":""}},"ast-content-background-meta":{"desktop":{"background-color":"var(--ast-global-color-5)","background-image":"","background-repeat":"repeat","background-position":"center center","background-size":"auto","background-attachment":"scroll","background-type":"","background-media":"","overlay-type":"","overlay-color":"","overlay-opacity":"","overlay-gradient":""},"tablet":{"background-color":"var(--ast-global-color-5)","background-image":"","background-repeat":"repeat","background-position":"center center","background-size":"auto","background-attachment":"scroll","background-type":"","background-media":"","overlay-type":"","overlay-color":"","overlay-opacity":"","overlay-gradient":""},"mobile":{"background-color":"var(--ast-global-color-5)","background-image":"","background-repeat":"repeat","background-position":"center center","background-size":"auto","background-attachment":"scroll","background-type":"","background-media":"","overlay-type":"","overlay-color":"","overlay-opacity":"","overlay-gradient":""}},"_joinchat":{"telephone":"+8618077105750"}},"product_brand":[],"product_cat":[140,65,152,154,155,158,160,143,60],"product_tag":[],"class_list":{"0":"post-3668","1":"product","2":"type-product","3":"status-publish","4":"has-post-thumbnail","6":"product_cat-big-puffs-disposable-vapes","7":"product_cat-40000-puff","8":"product_cat-buy-disposable-vapes-in-cermany","9":"product_cat-buy-disposable-vapes-in-netherlands","10":"product_cat-buy-disposable-vapes-in-norway","11":"product_cat-buy-disposable-vapes-in-spain","12":"product_cat-buy-disposable-vapes-in-switzerland","13":"product_cat-dual-mesh-disposable-vapes","14":"product_cat-waspe-fihp-vape","15":"desktop-align-left","16":"tablet-align-left","17":"mobile-align-left","19":"first","20":"instock","21":"sale","22":"shipping-taxable","23":"purchasable","24":"product-type-simple"},"acf":[],"uagb_featured_image_src":{"full":["https:\/\/vapestornado.com\/wp-content\/uploads\/2024\/12\/Waspe-DOUBLE-FLAVOUR-40k-Vape-Cheap-Price.jpg",1500,1500,false],"thumbnail":["https:\/\/vapestornado.com\/wp-content\/uploads\/2024\/12\/Waspe-DOUBLE-FLAVOUR-40k-Vape-Cheap-Price-150x150.jpg",150,150,true],"medium":["https:\/\/vapestornado.com\/wp-content\/uploads\/2024\/12\/Waspe-DOUBLE-FLAVOUR-40k-Vape-Cheap-Price-300x300.jpg",300,300,true],"medium_large":["https:\/\/vapestornado.com\/wp-content\/uploads\/2024\/12\/Waspe-DOUBLE-FLAVOUR-40k-Vape-Cheap-Price-768x768.jpg",768,768,true],"large":["https:\/\/vapestornado.com\/wp-content\/uploads\/2024\/12\/Waspe-DOUBLE-FLAVOUR-40k-Vape-Cheap-Price-1024x1024.jpg",1024,1024,true],"1536x1536":["https:\/\/vapestornado.com\/wp-content\/uploads\/2024\/12\/Waspe-DOUBLE-FLAVOUR-40k-Vape-Cheap-Price.jpg",1500,1500,false],"2048x2048":["https:\/\/vapestornado.com\/wp-content\/uploads\/2024\/12\/Waspe-DOUBLE-FLAVOUR-40k-Vape-Cheap-Price.jpg",1500,1500,false],"trp-custom-language-flag":["https:\/\/vapestornado.com\/wp-content\/uploads\/2024\/12\/Waspe-DOUBLE-FLAVOUR-40k-Vape-Cheap-Price-12x12.jpg",12,12,true],"woocommerce_thumbnail":["https:\/\/vapestornado.com\/wp-content\/uploads\/2024\/12\/Waspe-DOUBLE-FLAVOUR-40k-Vape-Cheap-Price-300x300.jpg",300,300,true],"woocommerce_single":["https:\/\/vapestornado.com\/wp-content\/uploads\/2024\/12\/Waspe-DOUBLE-FLAVOUR-40k-Vape-Cheap-Price-600x600.jpg",600,600,true],"woocommerce_gallery_thumbnail":["https:\/\/vapestornado.com\/wp-content\/uploads\/2024\/12\/Waspe-DOUBLE-FLAVOUR-40k-Vape-Cheap-Price-100x100.jpg",100,100,true]},"uagb_author_info":{"display_name":"ESvicky","author_link":"https:\/\/vapestornado.com\/de\/author\/"},"uagb_comment_info":0,"uagb_excerpt":"The Waspe 40000 Puffs Vape offers dual flavors, 36ml capacity, and a smart LED screen. A long-lasting, rechargeable choice for wholesale vape markets in Europe. (our website price not include shipping cost, please contact me to get whole price and your disccount!)","_links":{"self":[{"href":"https:\/\/vapestornado.com\/de\/wp-json\/wp\/v2\/product\/3668","targetHints":{"allow":["GET"]}}],"collection":[{"href":"https:\/\/vapestornado.com\/de\/wp-json\/wp\/v2\/product"}],"about":[{"href":"https:\/\/vapestornado.com\/de\/wp-json\/wp\/v2\/types\/product"}],"replies":[{"embeddable":true,"href":"https:\/\/vapestornado.com\/de\/wp-json\/wp\/v2\/comments?post=3668"}],"wp:featuredmedia":[{"embeddable":true,"href":"https:\/\/vapestornado.com\/de\/wp-json\/wp\/v2\/media\/4245"}],"wp:attachment":[{"href":"https:\/\/vapestornado.com\/de\/wp-json\/wp\/v2\/media?parent=3668"}],"wp:term":[{"taxonomy":"product_brand","embeddable":true,"href":"https:\/\/vapestornado.com\/de\/wp-json\/wp\/v2\/product_brand?post=3668"},{"taxonomy":"product_cat","embeddable":true,"href":"https:\/\/vapestornado.com\/de\/wp-json\/wp\/v2\/product_cat?post=3668"},{"taxonomy":"product_tag","embeddable":true,"href":"https:\/\/vapestornado.com\/de\/wp-json\/wp\/v2\/product_tag?post=3668"}],"curies":[{"name":"wp","href":"https:\/\/api.w.org\/{rel}","templated":true}]}}