{"id":3661,"date":"2025-01-03T08:52:12","date_gmt":"2025-01-03T08:52:12","guid":{"rendered":"https:\/\/vapestornado.com\/?post_type=product&#038;p=3661"},"modified":"2025-08-23T09:37:36","modified_gmt":"2025-08-23T09:37:36","slug":"cheap-price-razz-bar-25000-puffs-wholesale-vape","status":"publish","type":"product","link":"https:\/\/vapestornado.com\/de\/product\/cheap-price-razz-bar-25000-puffs-wholesale-vape\/","title":{"rendered":"G\u00fcnstiger Preis RAZZ BAR 25000 Z\u00fcge Gro\u00dfhandel Vape"},"content":{"rendered":"<h1>G\u00fcnstiger Preis RAZZ BAR 25000 Z\u00fcge Gro\u00dfhandel Vape<\/h1>\n<div role=\"article\" data-tabster=\"{&quot;groupper&quot;:{&quot;tabbability&quot;:2},&quot;focusable&quot;:{}}\" data-content=\"ai-message\" aria-labelledby=\"64JRvXrTnY7mRmPkEQLLT-author 64JRvXrTnY7mRmPkEQLLT-content\">\n<div id=\"64JRvXrTnY7mRmPkEQLLT-content\">\n<div role=\"article\" data-tabster=\"{&quot;groupper&quot;:{&quot;tabbability&quot;:2},&quot;focusable&quot;:{}}\" data-content=\"ai-message\" aria-labelledby=\"64JRvXrTnY7mRmPkEQLLT-author 64JRvXrTnY7mRmPkEQLLT-content\">\n<div id=\"64JRvXrTnY7mRmPkEQLLT-content\">\n<p>Der <strong>RAZZ BAR 25000 Z\u00fcge Einweg-Vape<\/strong> ist ein Wendepunkt f\u00fcr Vaping-Enthusiasten und Gro\u00dfh\u00e4ndler gleicherma\u00dfen. Dieses Ger\u00e4t mit hoher Kapazit\u00e4t wurde mit Innovation in seinem Kern entwickelt und bietet eine nahtlose Kombination aus Qualit\u00e4t, Stil und Erschwinglichkeit. Mit einer beeindruckenden <strong>Zugzahl von 25.000<\/strong>garantiert es l\u00e4ngeren Genuss und ist somit perfekt f\u00fcr diejenigen, die langfristigen Wert suchen.<\/p>\n<p>Jede Einheit verf\u00fcgt \u00fcber einen <strong>650mAh wiederaufladbarer Akku<\/strong>, erg\u00e4nzt durch schnelle und zuverl\u00e4ssige <strong>Typ-C-Ladetechnologie<\/strong>, um sicherzustellen, dass Sie \u00fcberall mit Strom versorgt bleiben. Sein <strong>Mesh-Coil-Technologie<\/strong> verst\u00e4rkt jeden Geschmack und liefert sanfte, dichte Wolken, die Ihre Vaping-Zufriedenheit erh\u00f6hen.<\/p>\n<p>Erh\u00e4ltlich in <strong>16 unwiderstehliche Geschmacksrichtungen<\/strong> und angereichert mit <strong>2% oder 5% Nikotinsalz<\/strong>bedient der RAZZ BAR unterschiedliche Geschmackspr\u00e4ferenzen. Sein leichtes und tragbares Design macht es ideal f\u00fcr Gelegenheitsnutzer und engagierte Dampfer.<\/p>\n<p>F\u00fcr Unternehmen ist der RAZZ BAR ein Gro\u00dfhandelstraum, verpackt in <strong>200 St\u00fcck pro Karton<\/strong> f\u00fcr eine effiziente Massenverteilung. Mit seiner wettbewerbsf\u00e4higen Preisgestaltung und den Premium-Funktionen ist dieses Produkt ein Muss f\u00fcr die Erweiterung Ihres Inventars.<\/p>\n<p>Erh\u00f6hen Sie Ihr Vaping-Spiel oder best\u00fccken Sie Ihre Regale mit dem <strong>RAZZ BAR 25000 Z\u00fcge<\/strong>, die perfekte Balance zwischen Leistung und Erschwinglichkeit. Verpassen Sie nicht die Gelegenheit, ein Produkt anzubieten, das den Markt f\u00fcr Einweg-Vapes neu definiert!<\/p>\n<\/div>\n<\/div>\n<figure id=\"attachment_3686\" aria-describedby=\"caption-attachment-3686\" style=\"width: 531px\" class=\"wp-caption alignnone\"><img fetchpriority=\"high\" decoding=\"async\" class=\"wp-image-3686\" src=\"https:\/\/vapestornado.com\/wp-content\/uploads\/2025\/01\/RAZZ-BAR-25000-Puffs-Lemon-Lime.webp\" alt=\"RAZZ BAR 25000 Z\u00fcge Zitrone-Limette\" width=\"531\" height=\"531\" srcset=\"https:\/\/vapestornado.com\/wp-content\/uploads\/2025\/01\/RAZZ-BAR-25000-Puffs-Lemon-Lime.webp 800w, https:\/\/vapestornado.com\/wp-content\/uploads\/2025\/01\/RAZZ-BAR-25000-Puffs-Lemon-Lime-300x300.webp 300w, https:\/\/vapestornado.com\/wp-content\/uploads\/2025\/01\/RAZZ-BAR-25000-Puffs-Lemon-Lime-150x150.webp 150w, https:\/\/vapestornado.com\/wp-content\/uploads\/2025\/01\/RAZZ-BAR-25000-Puffs-Lemon-Lime-768x768.webp 768w, https:\/\/vapestornado.com\/wp-content\/uploads\/2025\/01\/RAZZ-BAR-25000-Puffs-Lemon-Lime-600x600.webp 600w, https:\/\/vapestornado.com\/wp-content\/uploads\/2025\/01\/RAZZ-BAR-25000-Puffs-Lemon-Lime-100x100.webp 100w\" sizes=\"(max-width: 531px) 100vw, 531px\" \/><figcaption id=\"caption-attachment-3686\" class=\"wp-caption-text\">RAZZ BAR 25000 Z\u00fcge Zitrone-Limette<\/figcaption><\/figure>\n<\/div>\n<\/div>\n<p><img decoding=\"async\" class=\"alignleft wp-image-2951 size-medium\" src=\"https:\/\/vapestornado.com\/wp-content\/uploads\/2024\/12\/Wholesale-Disposable-Vape-265x300.jpg\" alt=\"Einweg-Vape im Gro\u00dfhandel\" width=\"265\" height=\"300\" srcset=\"https:\/\/vapestornado.com\/wp-content\/uploads\/2024\/12\/Wholesale-Disposable-Vape-265x300.jpg 265w, https:\/\/vapestornado.com\/wp-content\/uploads\/2024\/12\/Wholesale-Disposable-Vape-768x871.jpg 768w, https:\/\/vapestornado.com\/wp-content\/uploads\/2024\/12\/Wholesale-Disposable-Vape-600x680.jpg 600w, https:\/\/vapestornado.com\/wp-content\/uploads\/2024\/12\/Wholesale-Disposable-Vape.jpg 823w\" sizes=\"(max-width: 265px) 100vw, 265px\" \/><\/p>\n<h5>Bitte kontaktieren Sie Mandys WhatsApp f\u00fcr einen Rabattpreis:<a href=\"https:\/\/wa.me\/8618077105796\" target=\"_blank\" rel=\"noopener\">+8618077105796<\/a><\/h5>\n<div class=\"flex max-w-full flex-col flex-grow\">\n<div class=\"min-h-8 text-message flex w-full flex-col items-end gap-2 whitespace-normal break-words text-start [.text-message+&amp;]:mt-5\" dir=\"auto\" data-message-author-role=\"assistant\" data-message-id=\"cdb991c0-f594-4bff-b2d5-fbbdd7ce9e54\" data-message-model-slug=\"gpt-4o-mini\">\n<div class=\"flex w-full flex-col gap-1 empty:hidden first:pt-[3px]\">\n<div class=\"markdown prose w-full break-words dark:prose-invert light\"><\/div>\n<\/div>\n<\/div>\n<\/div>\n<div class=\"mb-2 flex gap-3 empty:hidden -ml-2\">\n<h2>Razz Bar 25000 Z\u00fcge Vapes Hauptmerkmale:<\/h2>\n<ul>\n<li><strong>Nikotinst\u00e4rke:<\/strong> Erh\u00e4ltlich in 2% und 5% Nikotinsalz f\u00fcr ein ma\u00dfgeschneidertes Dampferlebnis.<\/li>\n<li><strong>Anzahl der Z\u00fcge:<\/strong> Bis zu <strong>25.000 Z\u00fcgen<\/strong>, was eine un\u00fcbertroffene Langlebigkeit gew\u00e4hrleistet.<\/li>\n<li><strong>Geschmacksrichtungen:<\/strong> W\u00e4hlen Sie aus <strong>16 Premium-Aromen<\/strong>, jede f\u00fcr ultimative Zufriedenheit entwickelt.<\/li>\n<li><strong>Batterie:<\/strong> <strong>650mAh wiederaufladbarer Akku<\/strong> mit effizientem <strong>Type-C-Schnellladung<\/strong> f\u00fcr ununterbrochene Nutzung.<\/li>\n<li><strong>Technologie:<\/strong> Integrierte <strong>Mesh-Coil-Technologie<\/strong> liefert konsistenten, sanften Dampf und intensivierten Geschmack.<\/li>\n<li><strong>Verpackung:<\/strong> Praktisch verpackt mit <strong>200 St\u00fcck pro Karton<\/strong> f\u00fcr Gro\u00dfbestellungen.<\/li>\n<\/ul>\n<\/div>\n<h2>RAZZBAR 25000 Z\u00fcge Hot Sale Vape Pods Geschmack:<\/h2>\n<p>1. Saftiges Pfirsicheis<br \/>\n2. Erdbeer-Banane<br \/>\n3. Red Bull Traube<br \/>\n4. Blaubeer-Eis<br \/>\n5. Wassermelonen-Eis<br \/>\n6. \u00dcppiges Eis<br \/>\n7. Tropische Fr\u00fcchte<br \/>\n8. Erdbeer-Kiwi<br \/>\n9. Erdbeer-Eis<br \/>\n10. Gemischte Beeren<br \/>\n11. Erdbeer-Himbeer-Kirsch-Eis<br \/>\n12.Liebe 66<br \/>\n13.Schwarzer Drachen-Eis<br \/>\n14. Zitrone-Limette<br \/>\n15.Blaubeer-Sauer-Himbeere<br \/>\n16.Erdbeer-Wassermelonen-Kaugummi<\/p>\n<div role=\"article\" data-tabster=\"{&quot;groupper&quot;:{&quot;tabbability&quot;:2},&quot;focusable&quot;:{}}\" data-content=\"ai-message\" aria-labelledby=\"dARUyEWDoEYhnSPXFwx5A-author dARUyEWDoEYhnSPXFwx5A-content\">\n<div id=\"dARUyEWDoEYhnSPXFwx5A-content\">\n<h2>Warum den RAZZ BAR 25000 Puffs w\u00e4hlen <strong>\u00a0<\/strong>at <a href=\"https:\/\/vapestornado.com\/de\/product\/bang-box-35k-puffs-high-capacity-long-lasting-disposable-vape\/\">vapestornado.com?<\/a><\/h2>\n<h4><strong>*Un\u00fcbertroffene Langlebigkeit<\/strong><\/h4>\n<p>Der <strong>RAZZ BAR 25000 Z\u00fcge<\/strong> ist auf Ausdauer ausgelegt und liefert bis zu <strong>25.000 Z\u00fcgen<\/strong> pro Ger\u00e4t. Dies macht es zur ultimativen Wahl f\u00fcr Dampfer, die Wert auf langanhaltende Leistung ohne st\u00e4ndigen Austausch legen.<\/p>\n<h4><strong>*\u00dcberlegene Qualit\u00e4t zu wettbewerbsf\u00e4higen Preisen<\/strong><\/h4>\n<p>At <strong>vapestornado.de<\/strong>bieten wir den RAZZ BAR zu unschlagbaren Gro\u00dfhandelspreisen an, was ihn zu einer kosteng\u00fcnstigen Option sowohl f\u00fcr Einzelh\u00e4ndler als auch f\u00fcr Einzelk\u00e4ufer macht. Genie\u00dfen Sie erstklassige Dampftechnologie, ohne Ihr Budget zu sprengen.<\/p>\n<h4><strong>*Vielf\u00e4ltige Geschmacksoptionen<\/strong><\/h4>\n<p>Mit <strong>16 lebendige Geschmacksrichtungen<\/strong> verf\u00fcgbar, es ist f\u00fcr jeden etwas dabei. Von fruchtigen Mischungen bis hin zu erfrischendem Menthol ist jeder Geschmack so konzipiert, dass er ein reichhaltiges und zufriedenstellendes Erlebnis bietet.<\/p>\n<h4><strong>*Fortschrittliche Funktionen<\/strong><\/h4>\n<p>Der <strong>650mAh wiederaufladbarer Akku<\/strong>, kombiniert mit <strong>Type-C-Schnellladung<\/strong> und <strong>Mesh-Coil-Technologie<\/strong>sorgt f\u00fcr eine konstante Leistung, eine sanfte Dampfentwicklung und eine intensive Geschmacksintensit\u00e4t bei jedem Zug.<\/p>\n<h4><strong>*Vertrauensw\u00fcrdiger Gro\u00dfhandelspartner<\/strong><\/h4>\n<p>vapestornado.com ist ein vertrauensw\u00fcrdiger Lieferant in der Dampfindustrie und bietet <strong>sichere Transaktionen<\/strong>, <strong>schnellen Versand<\/strong>und engagierten Kundensupport. Mit Gro\u00dfpackungen von <strong>200 St\u00fcck pro Karton<\/strong>, die Bevorratung Ihres Inventars war noch nie einfacher.<\/p>\n<h4><strong>*Umweltfreundliches Design<\/strong><\/h4>\n<p>Der RAZZ BAR verf\u00fcgt \u00fcber eine wiederaufladbare Technologie, die Abfall reduziert und einen nachhaltigeren Lebensstil beim Dampfen unterst\u00fctzt.<\/p>\n<p>W\u00e4hlen Sie den <strong>RAZZ BAR 25000 Z\u00fcge<\/strong> at <strong>vapestornado.de<\/strong> f\u00fcr eine erstklassige Dampfl\u00f6sung, die au\u00dfergew\u00f6hnlichen Wert, Innovation und Geschmack bei jedem Zug bietet!<\/p>\n<\/div>\n<\/div>\n<h2>FAQs zum RAZZ BAR VAPE 25000 Z\u00fcge<\/h2>\n<p><strong>1. Wie lange h\u00e4lt der RAZZ BAR 25000 Z\u00fcge?<\/strong><br \/>\nDer RAZZ BAR 25000 Z\u00fcge bietet bis zu 25.000 Z\u00fcge und ist damit einer der haltbarsten Einweg-Vapes auf dem Markt. Seine Lebensdauer h\u00e4ngt von den individuellen Nutzungsgewohnheiten ab, h\u00e4lt aber in der Regel mehrere Wochen oder sogar Monate f\u00fcr moderate Benutzer.<\/p>\n<p><strong>2. Kann ich den RAZZ BAR 25000 Puffvape mehrmals aufladen?<\/strong><br \/>\nJa, der RAZZ BAR ist mit einem wiederaufladbaren 650-mAh-Akku ausgestattet, der mehrmals aufgeladen werden kann. Er wurde entwickelt, um eine konstante Leistung w\u00e4hrend seiner gesamten Lebensdauer zu gew\u00e4hrleisten, sodass Sie ihn verwenden k\u00f6nnen, bis das E-Liquid vollst\u00e4ndig aufgebraucht ist.<\/p>\n<p><strong>3. Ist der Typ-C-Ladeanschluss im RAZZ BAR 25k Puff enthalten?<\/strong><br \/>\nDer RAZZ BAR verf\u00fcgt \u00fcber einen integrierten Typ-C-Ladeanschluss, der ein bequemes und schnelles Aufladen erm\u00f6glicht. Das Paket enth\u00e4lt jedoch kein Ladekabel, sodass Sie zum Aufladen ein Standard-Typ-C-Kabel verwenden m\u00fcssen.<\/p>\n<p><strong>4. Wie kann ich die optimale Leistung f\u00fcr den 25000 Puffs Vape For RAZZ BAR aufrechterhalten?<\/strong><br \/>\nUm die optimale Leistung des RAZZ BAR zu gew\u00e4hrleisten, laden Sie ihn regelm\u00e4\u00dfig mit einem Typ-C-Kabel auf und vermeiden Sie ein \u00dcberladen des Akkus. Lagern Sie das Ger\u00e4t an einem k\u00fchlen, trockenen Ort, fern von Hitze oder direkter Sonneneinstrahlung. Stellen Sie sicher, dass der Ladeanschluss sauber und staubfrei bleibt. Lassen Sie das Ger\u00e4t au\u00dferdem zwischen l\u00e4ngeren Dampfsitzungen ruhen, um eine \u00dcberhitzung zu vermeiden.<\/p>","protected":false},"excerpt":{"rendered":"<p><strong>RAZZ BAR 25000 Z\u00fcge Gro\u00dfhandel Vape<\/strong> zu unschlagbaren Preisen. Bietet 16 Premium-Geschmacksrichtungen, einen wiederaufladbaren 650mAh-Akku und 25.000 Z\u00fcge f\u00fcr lang anhaltende Zufriedenheit!<\/p>\n<figure id=\"attachment_2951\" aria-describedby=\"caption-attachment-2951\" style=\"width: 265px\" class=\"wp-caption alignnone\"><img decoding=\"async\" class=\"size-medium wp-image-2951\" src=\"https:\/\/vapestornado.com\/wp-content\/uploads\/2024\/12\/Wholesale-Disposable-Vape-265x300.jpg\" alt=\"Einweg-Vape im Gro\u00dfhandel\" width=\"265\" height=\"300\" srcset=\"https:\/\/vapestornado.com\/wp-content\/uploads\/2024\/12\/Wholesale-Disposable-Vape-265x300.jpg 265w, https:\/\/vapestornado.com\/wp-content\/uploads\/2024\/12\/Wholesale-Disposable-Vape-768x871.jpg 768w, https:\/\/vapestornado.com\/wp-content\/uploads\/2024\/12\/Wholesale-Disposable-Vape-600x680.jpg 600w, https:\/\/vapestornado.com\/wp-content\/uploads\/2024\/12\/Wholesale-Disposable-Vape.jpg 823w\" sizes=\"(max-width: 265px) 100vw, 265px\" \/><figcaption id=\"caption-attachment-2951\" class=\"wp-caption-text\">F\u00fcr Rabattpreis kontaktieren Sie bitte Mandys WhatsApp\u00a0 <a href=\"https:\/\/wa.me\/8618077105796\">+8618077105796<\/a><\/figcaption><\/figure>\n<p>&nbsp;<\/p>","protected":false},"featured_media":3687,"comment_status":"open","ping_status":"closed","template":"","meta":{"_acf_changed":false,"_uag_custom_page_level_css":"","_lmt_disableupdate":"no","_lmt_disable":"","_monsterinsights_skip_tracking":false,"_monsterinsights_sitenote_active":false,"_monsterinsights_sitenote_note":"","_monsterinsights_sitenote_category":0,"site-sidebar-layout":"default","site-content-layout":"","ast-site-content-layout":"default","site-content-style":"default","site-sidebar-style":"default","ast-global-header-display":"","ast-banner-title-visibility":"","ast-main-header-display":"","ast-hfb-above-header-display":"","ast-hfb-below-header-display":"","ast-hfb-mobile-header-display":"","site-post-title":"","ast-breadcrumbs-content":"","ast-featured-img":"","footer-sml-layout":"","ast-disable-related-posts":"","theme-transparent-header-meta":"default","adv-header-id-meta":"","stick-header-meta":"","header-above-stick-meta":"","header-main-stick-meta":"","header-below-stick-meta":"","astra-migrate-meta-layouts":"set","ast-page-background-enabled":"default","ast-page-background-meta":{"desktop":{"background-color":"","background-image":"","background-repeat":"repeat","background-position":"center center","background-size":"auto","background-attachment":"scroll","background-type":"","background-media":"","overlay-type":"","overlay-color":"","overlay-opacity":"","overlay-gradient":""},"tablet":{"background-color":"","background-image":"","background-repeat":"repeat","background-position":"center center","background-size":"auto","background-attachment":"scroll","background-type":"","background-media":"","overlay-type":"","overlay-color":"","overlay-opacity":"","overlay-gradient":""},"mobile":{"background-color":"","background-image":"","background-repeat":"repeat","background-position":"center center","background-size":"auto","background-attachment":"scroll","background-type":"","background-media":"","overlay-type":"","overlay-color":"","overlay-opacity":"","overlay-gradient":""}},"ast-content-background-meta":{"desktop":{"background-color":"var(--ast-global-color-5)","background-image":"","background-repeat":"repeat","background-position":"center center","background-size":"auto","background-attachment":"scroll","background-type":"","background-media":"","overlay-type":"","overlay-color":"","overlay-opacity":"","overlay-gradient":""},"tablet":{"background-color":"var(--ast-global-color-5)","background-image":"","background-repeat":"repeat","background-position":"center center","background-size":"auto","background-attachment":"scroll","background-type":"","background-media":"","overlay-type":"","overlay-color":"","overlay-opacity":"","overlay-gradient":""},"mobile":{"background-color":"var(--ast-global-color-5)","background-image":"","background-repeat":"repeat","background-position":"center center","background-size":"auto","background-attachment":"scroll","background-type":"","background-media":"","overlay-type":"","overlay-color":"","overlay-opacity":"","overlay-gradient":""}},"_joinchat":{"telephone":"+8618077105796"}},"product_brand":[],"product_cat":[68,149,153,158,146],"product_tag":[97,228],"class_list":{"0":"post-3661","1":"product","2":"type-product","3":"status-publish","4":"has-post-thumbnail","6":"product_cat-25000-puff","7":"product_cat-buy-disposable-vapes-in-austria","8":"product_cat-buy-disposable-vapes-in-italy","9":"product_cat-buy-disposable-vapes-in-spain","10":"product_cat-rechargeable-disposable-vapes","11":"product_tag-hot-sale-disposable-vape","12":"product_tag-razz-bar-25000-puffs","13":"desktop-align-left","14":"tablet-align-left","15":"mobile-align-left","17":"first","18":"instock","19":"sale","20":"shipping-taxable","21":"purchasable","22":"product-type-simple"},"acf":[],"uagb_featured_image_src":{"full":["https:\/\/vapestornado.com\/wp-content\/uploads\/2025\/01\/RAZZ-BAR-25000-Puffs-Black-Dragon-ice-GEEK-BAR.webp",800,800,false],"thumbnail":["https:\/\/vapestornado.com\/wp-content\/uploads\/2025\/01\/RAZZ-BAR-25000-Puffs-Black-Dragon-ice-GEEK-BAR-150x150.webp",150,150,true],"medium":["https:\/\/vapestornado.com\/wp-content\/uploads\/2025\/01\/RAZZ-BAR-25000-Puffs-Black-Dragon-ice-GEEK-BAR-300x300.webp",300,300,true],"medium_large":["https:\/\/vapestornado.com\/wp-content\/uploads\/2025\/01\/RAZZ-BAR-25000-Puffs-Black-Dragon-ice-GEEK-BAR-768x768.webp",768,768,true],"large":["https:\/\/vapestornado.com\/wp-content\/uploads\/2025\/01\/RAZZ-BAR-25000-Puffs-Black-Dragon-ice-GEEK-BAR.webp",800,800,false],"1536x1536":["https:\/\/vapestornado.com\/wp-content\/uploads\/2025\/01\/RAZZ-BAR-25000-Puffs-Black-Dragon-ice-GEEK-BAR.webp",800,800,false],"2048x2048":["https:\/\/vapestornado.com\/wp-content\/uploads\/2025\/01\/RAZZ-BAR-25000-Puffs-Black-Dragon-ice-GEEK-BAR.webp",800,800,false],"trp-custom-language-flag":["https:\/\/vapestornado.com\/wp-content\/uploads\/2025\/01\/RAZZ-BAR-25000-Puffs-Black-Dragon-ice-GEEK-BAR.webp",12,12,false],"woocommerce_thumbnail":["https:\/\/vapestornado.com\/wp-content\/uploads\/2025\/01\/RAZZ-BAR-25000-Puffs-Black-Dragon-ice-GEEK-BAR-300x300.webp",300,300,true],"woocommerce_single":["https:\/\/vapestornado.com\/wp-content\/uploads\/2025\/01\/RAZZ-BAR-25000-Puffs-Black-Dragon-ice-GEEK-BAR-600x600.webp",600,600,true],"woocommerce_gallery_thumbnail":["https:\/\/vapestornado.com\/wp-content\/uploads\/2025\/01\/RAZZ-BAR-25000-Puffs-Black-Dragon-ice-GEEK-BAR-100x100.webp",100,100,true]},"uagb_author_info":{"display_name":"ESMANDY","author_link":"https:\/\/vapestornado.com\/de\/author\/"},"uagb_comment_info":0,"uagb_excerpt":"RAZZ BAR 25000 Puffs Wholesale Vape at unbeatable prices. Offering 16 premium flavors, 650mAh rechargeable battery, and 25,000 puffs for long-lasting satisfaction! [caption id=\"attachment_2951\" align=\"alignnone\" width=\"265\"] Pls Contact Mandy's WhatsApp For Discount Price\u00a0 +8618077105796[\/caption] &nbsp;","_links":{"self":[{"href":"https:\/\/vapestornado.com\/de\/wp-json\/wp\/v2\/product\/3661","targetHints":{"allow":["GET"]}}],"collection":[{"href":"https:\/\/vapestornado.com\/de\/wp-json\/wp\/v2\/product"}],"about":[{"href":"https:\/\/vapestornado.com\/de\/wp-json\/wp\/v2\/types\/product"}],"replies":[{"embeddable":true,"href":"https:\/\/vapestornado.com\/de\/wp-json\/wp\/v2\/comments?post=3661"}],"wp:featuredmedia":[{"embeddable":true,"href":"https:\/\/vapestornado.com\/de\/wp-json\/wp\/v2\/media\/3687"}],"wp:attachment":[{"href":"https:\/\/vapestornado.com\/de\/wp-json\/wp\/v2\/media?parent=3661"}],"wp:term":[{"taxonomy":"product_brand","embeddable":true,"href":"https:\/\/vapestornado.com\/de\/wp-json\/wp\/v2\/product_brand?post=3661"},{"taxonomy":"product_cat","embeddable":true,"href":"https:\/\/vapestornado.com\/de\/wp-json\/wp\/v2\/product_cat?post=3661"},{"taxonomy":"product_tag","embeddable":true,"href":"https:\/\/vapestornado.com\/de\/wp-json\/wp\/v2\/product_tag?post=3661"}],"curies":[{"name":"wp","href":"https:\/\/api.w.org\/{rel}","templated":true}]}}