{"id":3639,"date":"2025-01-03T01:54:34","date_gmt":"2025-01-03T01:54:34","guid":{"rendered":"https:\/\/vapestornado.com\/?post_type=product&#038;p=3639"},"modified":"2025-08-28T07:39:36","modified_gmt":"2025-08-28T07:39:36","slug":"bang-king-vape-35000-puff-smart-digital-display-wholesale-disposable-electronic-cigarette-wholesale","status":"publish","type":"product","link":"https:\/\/vapestornado.com\/de\/product\/bang-king-vape-35000-puff-smart-digital-display-wholesale-disposable-electronic-cigarette-wholesale\/","title":{"rendered":"Bang King Vape 35000 Puff Smart Digitalanzeige Gro\u00dfhandel Einweg E-Zigarette Gro\u00dfhandel"},"content":{"rendered":"<h1 class=\"product-title\">Bang King Vape 35000 Puff Smart Digitalanzeige Gro\u00dfhandel Einweg E-Zigarette Gro\u00dfhandel<\/h1>\n<p data-start=\"389\" data-end=\"758\">Wenn Sie nach einem Einweg-Vaporizer suchen, der eine lange Lebensdauer, moderne Funktionen und eine gro\u00dfe Auswahl an kr\u00e4ftigen Geschmacksrichtungen bietet, ist der <strong data-start=\"517\" data-end=\"546\">Bang King Vape 35000 Z\u00fcge<\/strong> genau das Richtige. Entworfen mit einem <strong data-start=\"584\" data-end=\"609\">intelligente Digitalanzeige<\/strong> und angetrieben von einem <strong data-start=\"627\" data-end=\"659\">konsistenten Geschmack und sanfte Dampfproduktion. Der<\/strong>bringt dieses Ger\u00e4t den Komfort des Dampfens auf die n\u00e4chste Stufe und bleibt dabei schlank und taschenfreundlich.<\/p>\n<h4 data-start=\"760\" data-end=\"797\">35.000 Z\u00fcge reiner Genuss<\/h4>\n<p data-start=\"798\" data-end=\"1171\">Mit seinem <strong data-start=\"807\" data-end=\"829\">23 ml E-Liquid-Tank<\/strong> und fortschrittlichen <strong data-start=\"843\" data-end=\"863\">Mesh-Coil-System<\/strong>garantiert der Bang King Vape Konsistenz vom ersten bis zum letzten Zug. Jeder Zug liefert sanften Dampf und satten Geschmack ohne die trockenen Z\u00fcge, unter denen viele andere Einwegprodukte leiden. Mit bis zu <strong data-start=\"1060\" data-end=\"1076\">35.000 Z\u00fcge<\/strong>ist er die perfekte Wahl f\u00fcr M\u00e4nner, die Wert auf Langlebigkeit und erstklassige Leistung in einem Ger\u00e4t legen.<\/p>\n<h4 data-start=\"1173\" data-end=\"1204\">Flexible Nikotin-Optionen<\/h4>\n<p data-start=\"1205\" data-end=\"1495\">Dieser Einweg-Vaporizer geht auf unterschiedliche Vorlieben ein und ist mit <strong data-start=\"1272\" data-end=\"1312\">0%, 2%, 3% und 5% Nikotinst\u00e4rken<\/strong>ausgestattet. Egal, ob Sie schrittweise reduzieren oder einen st\u00e4rkeren Zug bevorzugen, der Bang King Vape passt sich Ihren Bed\u00fcrfnissen an \u2013 was ihn zu einer ausgezeichneten Gro\u00dfhandelsoption f\u00fcr verschiedene M\u00e4rkte in Europa macht.<\/p>\n<h4 data-start=\"1497\" data-end=\"1542\">Intelligentes digitales Display f\u00fcr volle Kontrolle<\/h4>\n<p data-start=\"1543\" data-end=\"1881\">Kein R\u00e4tselraten mehr. Der eingebaute Bildschirm zeigt Ihren <strong data-start=\"1593\" data-end=\"1632\">Akkustand und die E-Liquid-Kapazit\u00e4t<\/strong> in Echtzeit an, sodass Sie immer wissen, wann es Zeit zum Aufladen oder Wechseln ist. Dieses Merkmal unterscheidet ihn von herk\u00f6mmlichen Einweg-Vaporizern und ordnet ihn in die gleiche Premiumklasse ein wie beliebte Modelle wie der <strong data-start=\"1830\" data-end=\"1878\">Elf Bar GH23000 Nikotin Einweg-Vape-Pod<\/strong>.<\/p>\n<h4 data-start=\"1883\" data-end=\"1915\">Schnelles Aufladen mit Typ-C<\/h4>\n<p data-start=\"1916\" data-end=\"2180\">Ausgestattet mit <strong data-start=\"1930\" data-end=\"1953\">USB-C-Schnellladung<\/strong>Der 1000-mAh-Akku ist innerhalb kurzer Zeit einsatzbereit. Dies macht ihn besonders attraktiv f\u00fcr Gro\u00dfhandelsk\u00e4ufer, die einen Einweg-Vaporizer suchen, der die Bequemlichkeit der Wiederverwendbarkeit mit der Einfachheit vorgef\u00fcllter Pods verbindet.<\/p>\n<p>&nbsp;<\/p>\n<p><span style=\"color: #ff0000;\"><strong>F\u00fcgen Sie Amy auf WhatsApp hinzu, um eine direkte Antwort und einen Vape-Gutschein zu erhalten!<\/strong><\/span><\/p>\n<p><img fetchpriority=\"high\" decoding=\"async\" class=\"size-full wp-image-2932\" src=\"https:\/\/vapestornado.com\/wp-content\/uploads\/2024\/12\/Vape-Wholesale.jpg\" alt=\"Vape-Gro\u00dfhandel\" width=\"229\" height=\"300\" \/><\/p>\n<h3><a href=\"https:\/\/wa.me\/8617776015835\" target=\"_blank\" rel=\"noopener\"><span style=\"color: #ff0000;\"><strong>WhatsApp: +86 17776015835<\/strong><\/span><\/a><\/h3>\n<p>&nbsp;<\/p>\n<h2 class=\"product-title\"><strong>Bang King Vape 35000 Produktmerkmale<\/strong><\/h2>\n<div role=\"article\" data-tabster=\"{&quot;groupper&quot;:{&quot;tabbability&quot;:2},&quot;focusable&quot;:{}}\" data-content=\"ai-message\" aria-labelledby=\"juhNTJ6o7Gk1cgwZMJgv2-author juhNTJ6o7Gk1cgwZMJgv2-content\">\n<div id=\"juhNTJ6o7Gk1cgwZMJgv2-content\">\n<div role=\"article\" data-tabster=\"{&quot;groupper&quot;:{&quot;tabbability&quot;:2},&quot;focusable&quot;:{}}\" data-content=\"ai-message\" aria-labelledby=\"x4EZuCZWrTbh3weWUt7CU-author x4EZuCZWrTbh3weWUt7CU-content\">\n<div id=\"x4EZuCZWrTbh3weWUt7CU-content\">\n<div class=\"flex max-w-full flex-col flex-grow\">\n<div class=\"min-h-8 text-message flex w-full flex-col items-end gap-2 whitespace-normal break-words text-start [.text-message+&amp;]:mt-5\" dir=\"auto\" data-message-author-role=\"assistant\" data-message-id=\"52c6e00a-252f-4104-805d-2f1a84739c71\" data-message-model-slug=\"gpt-4o\">\n<div class=\"flex w-full flex-col gap-1 empty:hidden first:pt-[3px]\">\n<div class=\"markdown prose w-full break-words dark:prose-invert light\">\n<ol>\n<li><strong>35.000 Z\u00fcge<\/strong>: Au\u00dfergew\u00f6hnliche Zugzahl f\u00fcr langanhaltende Zufriedenheit.<\/li>\n<li><strong>Intelligentes digitales Display<\/strong>: Zeigt den Akku- und E-Liquid-Stand an, um die Verwendung zu erleichtern.<\/li>\n<li><strong>23ml E-Liquid-Kapazit\u00e4t<\/strong>: Gro\u00dfz\u00fcgige Kapazit\u00e4t f\u00fcr ausgedehnte Dampfsitzungen.<\/li>\n<li><strong>Mesh-Coil-Technologie<\/strong>: Verbessert den Geschmack und sorgt f\u00fcr gleichbleibende Leistung.<\/li>\n<li><strong>1000mAh wiederaufladbarer Akku<\/strong>: Zuverl\u00e4ssige Leistung mit schnellem USB-C-Laden.<\/li>\n<li><strong>Anti-Trockenbrandschutz<\/strong>: Garantiert sanfte und zufriedenstellende Z\u00fcge.<\/li>\n<\/ol>\n<\/div>\n<\/div>\n<\/div>\n<\/div>\n<div class=\"mb-2 flex gap-3 empty:hidden -ml-2\"><img decoding=\"async\" class=\"wp-image-3635 size-full\" src=\"https:\/\/vapestornado.com\/wp-content\/uploads\/2025\/01\/Bang-King-35000-Puffs-Disposable-Vapes-Wholesale.jpg\" alt=\"Bang King 35000 Puffs Einweg-Vapes Gro\u00dfhandel\" width=\"800\" height=\"800\" srcset=\"https:\/\/vapestornado.com\/wp-content\/uploads\/2025\/01\/Bang-King-35000-Puffs-Disposable-Vapes-Wholesale.jpg 800w, https:\/\/vapestornado.com\/wp-content\/uploads\/2025\/01\/Bang-King-35000-Puffs-Disposable-Vapes-Wholesale-300x300.jpg 300w, https:\/\/vapestornado.com\/wp-content\/uploads\/2025\/01\/Bang-King-35000-Puffs-Disposable-Vapes-Wholesale-150x150.jpg 150w, https:\/\/vapestornado.com\/wp-content\/uploads\/2025\/01\/Bang-King-35000-Puffs-Disposable-Vapes-Wholesale-768x768.jpg 768w, https:\/\/vapestornado.com\/wp-content\/uploads\/2025\/01\/Bang-King-35000-Puffs-Disposable-Vapes-Wholesale-600x600.jpg 600w, https:\/\/vapestornado.com\/wp-content\/uploads\/2025\/01\/Bang-King-35000-Puffs-Disposable-Vapes-Wholesale-100x100.jpg 100w\" sizes=\"(max-width: 800px) 100vw, 800px\" \/><\/div>\n<\/div>\n<\/div>\n<\/div>\n<\/div>\n<h2 class=\"product-title\"><strong>Beliebte Geschmacksrichtung f\u00fcr Bang King Vape 35000<\/strong><strong>\u00a0<\/strong><strong>Einweg-Vapes<\/strong><\/h2>\n<p>Bang King Vape 35000 bietet eine vielf\u00e4ltige und aufregende Auswahl an Optionen f\u00fcr Ihre Produktlinie, die verschiedenen Geschmackspr\u00e4ferenzen gerecht wird! Hier finden Sie die beliebtesten Geschmacksrichtungen basierend auf unseren Verkaufsdaten und dem Kundenfeedback.<\/p>\n<p>1. Erdbeere Mango <strong><span style=\"color: #ff0000;\">&gt;&gt;&gt; Beliebt !<\/span><\/strong><br \/>\n2.Love66<br \/>\n3.Blau Razz Eis <strong><span style=\"color: #ff0000;\">&gt;&gt;&gt; Beliebt !<\/span><\/strong><br \/>\n4. Erdbeere Wassermelone<br \/>\n5.Zitronen-Minze<br \/>\n6.Doppelapfel<br \/>\n7.Energy-Drink<br \/>\n8.Pfirsich-Eis<br \/>\n9. Erdbeere Kiwi <strong><span style=\"color: #ff0000;\">&gt;&gt;&gt; Das Beste!<\/span><\/strong><br \/>\n10.Traubeneis<br \/>\n11. Blaubeere Eis <strong><span style=\"color: #ff0000;\">&gt;&gt;&gt; Beliebt !<\/span><\/strong><br \/>\n12.Wassermelone<\/p>\n<div class=\"flex-shrink-0 flex flex-col relative items-end\">\n<div class=\"pt-0\">\n<div class=\"gizmo-bot-avatar flex h-8 w-8 items-center justify-center overflow-hidden rounded-full\">\n<div class=\"relative p-1 rounded-sm flex items-center justify-center bg-token-main-surface-primary text-token-text-primary h-8 w-8\">\n<h2>FAQS f\u00fcr den BangKing Vape 35000 Smart<strong>\u00a0<\/strong>Einweg-Vape<\/h2>\n<h3><\/h3>\n<ol>\n<li><strong>Wie viele Z\u00fcge bietet der Bang King 35000?<\/strong><br \/>\nDer <strong>Bang King 35000<\/strong> bietet erstaunliche <strong>35.000 Z\u00fcge<\/strong>, was es zu einer der langlebigsten Einweg-E-Zigaretten auf dem Markt macht.<\/li>\n<li><strong>Wie hoch ist die E-Liquid-Kapazit\u00e4t des Bang King 35000 Vape?<\/strong><br \/>\nEs verf\u00fcgt \u00fcber ein <strong>23ml E-Liquid-Kapazit\u00e4t<\/strong>, was eine l\u00e4ngere Nutzung ohne h\u00e4ufiges Nachf\u00fcllen gew\u00e4hrleistet.<\/li>\n<li><strong>Hat der BangKing 35000 einen wiederaufladbaren Akku?<\/strong><br \/>\nJa, er verf\u00fcgt \u00fcber einen <strong>konsistenten Geschmack und sanfte Dampfproduktion. Der<\/strong> mit <strong>USB-C-Laden<\/strong>, was eine nachhaltige und bequeme Nutzung erm\u00f6glicht.<\/li>\n<li><strong>Was macht die intelligente Digitalanzeige einzigartig?<\/strong><br \/>\nDer <strong>Digitalanzeige<\/strong> zeigt wichtige Details wie <strong>Batterieprozentsatz<\/strong> und <strong>E-Liquid-F\u00fcllst\u00e4nde<\/strong>, wodurch es einfach ist, Ihren Verbrauch zu verfolgen.<\/li>\n<li><strong>Wo kann ich den Bang King Vape 35000 Puff zu Gro\u00dfhandelspreisen kaufen?<\/strong><br \/>\nF\u00fcr die besten <strong>Gro\u00dfhandelspreis<\/strong>, besuchen Sie <strong>Vape Tornado Online Vape Shop<\/strong>, die exzellente Angebote und eine breite Produktpalette bieten.<\/li>\n<\/ol>\n<div class=\"flex max-w-full flex-col flex-grow\">\n<div class=\"min-h-8 text-message flex w-full flex-col items-end gap-2 whitespace-normal break-words text-start [.text-message+&amp;]:mt-5\" dir=\"auto\" data-message-author-role=\"assistant\" data-message-id=\"4dc48248-df95-45bd-b800-6dedb43cf7f1\" data-message-model-slug=\"gpt-4o\">\n<div class=\"flex w-full flex-col gap-1 empty:hidden first:pt-[3px]\"><\/div>\n<\/div>\n<\/div>\n<\/div>\n<\/div>\n<\/div>\n<\/div>\n<div class=\"flex-shrink-0 flex flex-col relative items-end\">\n<div class=\"pt-0\">\n<div class=\"gizmo-bot-avatar flex h-8 w-8 items-center justify-center overflow-hidden rounded-full\">\n<div class=\"relative p-1 rounded-sm flex items-center justify-center bg-token-main-surface-primary text-token-text-primary h-8 w-8\">\n<div class=\"mb-2 flex gap-3 empty:hidden -ml-2\">\n<div role=\"article\" data-tabster=\"{&quot;groupper&quot;:{&quot;tabbability&quot;:2},&quot;focusable&quot;:{}}\" data-content=\"ai-message\" aria-labelledby=\"Vdt5ez4X7Tg813x6rFVha-author Vdt5ez4X7Tg813x6rFVha-content\">\n<div id=\"Vdt5ez4X7Tg813x6rFVha-content\">\n<div role=\"article\" data-tabster=\"{&quot;groupper&quot;:{&quot;tabbability&quot;:2},&quot;focusable&quot;:{}}\" data-content=\"ai-message\" aria-labelledby=\"o968oC7CEo2fGHsGdsRYC-author o968oC7CEo2fGHsGdsRYC-content\">\n<div id=\"o968oC7CEo2fGHsGdsRYC-content\">\n<h2>Warum vapestornado f\u00fcr den Bang King Vape 35k Puff Vape Gro\u00dfhandel w\u00e4hlen?<\/h2>\n<div class=\"flex-shrink-0 flex flex-col relative items-end\">\n<div class=\"pt-0\">\n<div class=\"gizmo-bot-avatar flex h-8 w-8 items-center justify-center overflow-hidden rounded-full\">\n<div class=\"relative p-1 rounded-sm flex items-center justify-center bg-token-main-surface-primary text-token-text-primary h-8 w-8\">\n<p>Willkommen bei vapestornado, Ihrem vertrauensw\u00fcrdigen Online-Vape-Shop f\u00fcr Premium-Einweg-Vapes. Mit mehr als 5 Jahren Erfahrung bieten wir Ihnen beliebte Einweg-Vape-Marken wie Fumot RandM Vape, <a href=\"https:\/\/vapestornado.com\/de\/product-category\/vapme-shisha\/\">Vapme<\/a>, Bang Vape, Waspe Vape und WGA Vape usw.<\/p>\n<p>Unser Sortiment umfasst hei\u00df verkaufte Vapes wie den <a href=\"https:\/\/vapestornado.com\/de\/product\/randm-12000-puffs-fumot-digital-disposable-vape-wholesale-price\/\">RandM Tornado 12000<\/a>, und geschmacksreiche Optionen wie den <a href=\"https:\/\/vapestornado.com\/de\/product\/wga-crystal-pro-max-extra-15000-puffs-rechargeable-disposable-vape-wholesale-bulk-buy\/\">\u00a0WGA Kristall 15k Z\u00fcge<\/a> . Jedes Produkt wird mit Fokus auf Qualit\u00e4t, Wert und Vielfalt ausgew\u00e4hlt, um sicherzustellen, dass Sie die perfekte \u00dcbereinstimmung f\u00fcr Ihre Bed\u00fcrfnisse finden. Entdecken Sie au\u00dfergew\u00f6hnlichen Service und eine breite Palette an Spitzenprodukten zum Gro\u00dfhandelspreis bei vapestornado.<\/p>\n<\/div>\n<p>&nbsp;<\/p>\n<p><strong>Andere hei\u00dfe Einweg-Vapes im Angebot<\/strong><\/p>\n<p><a href=\"https:\/\/vapestornado.com\/de\/product\/vozol-star-20000-puffs-disposable-vape-2-low-nicotine-bulk-buy-wholesale-cheap-price\/\">VOZOL Star 20000 Z\u00fcge <span style=\"color: #ff0000;\"><strong>&gt;&gt;&gt;&gt; Los !<\/strong><\/span><\/a><\/p>\n<p><a href=\"https:\/\/vapestornado.com\/de\/product\/refillable-disposable-vape-bang-40000-puffs-with-smart-screen-display-wholesale\/\">Bang 40000 Z\u00fcge<span style=\"color: #ff0000;\"><strong>&gt;&gt;&gt;&gt; Los !<\/strong><\/span><\/a><\/p>\n<p><a href=\"https:\/\/vapestornado.com\/de\/product\/puff-25k-bang-king-25000-puffs-rechargeable-disposable-vape-wholesale-bulk-buy\/\">Bang King 25000 <span style=\"color: #ff0000;\"><strong>&gt;&gt;&gt;&gt; Los !<\/strong><\/span><\/a><\/p>\n<\/div>\n<\/div>\n<\/div>\n<p>&nbsp;<\/p>\n<\/div>\n<\/div>\n<\/div>\n<\/div>\n<\/div>\n<\/div>\n<\/div>\n<\/div>\n<\/div>","protected":false},"excerpt":{"rendered":"<p>BangKing Vape 35000 Z\u00fcge 2% Nikotinarm Einweg-Vape Gro\u00dfhandel<br \/>\nBang King 35000 Z\u00fcge Digitalanzeige Einweg-Vape Gro\u00dfeinkauf<br \/>\nBang King Vape 35k Wiederaufladbarer Einweg-Vape G\u00fcnstiger Preis<\/p>\n<p><strong>F\u00fcge Amy auf WhatsApp hinzu, um sofort eine Antwort und einen Vape-Gutschein zu erhalten!<\/strong><\/p>\n<p><img fetchpriority=\"high\" decoding=\"async\" class=\"size-full wp-image-2932\" src=\"https:\/\/vapestornado.com\/wp-content\/uploads\/2024\/12\/Vape-Wholesale.jpg\" alt=\"Vape-Gro\u00dfhandel\" width=\"229\" height=\"300\" \/><\/p>\n<h3><a href=\"https:\/\/wa.me\/8617776015835\"><span style=\"color: #ff0000;\"><strong>WhatsApp: +86 17776015835<\/strong><\/span><\/a><\/h3>\n<p>&nbsp;<\/p>","protected":false},"featured_media":3636,"comment_status":"open","ping_status":"closed","template":"","meta":{"_acf_changed":false,"_uag_custom_page_level_css":"","_lmt_disableupdate":"no","_lmt_disable":"","_monsterinsights_skip_tracking":false,"_monsterinsights_sitenote_active":false,"_monsterinsights_sitenote_note":"","_monsterinsights_sitenote_category":0,"site-sidebar-layout":"default","site-content-layout":"","ast-site-content-layout":"default","site-content-style":"default","site-sidebar-style":"default","ast-global-header-display":"","ast-banner-title-visibility":"","ast-main-header-display":"","ast-hfb-above-header-display":"","ast-hfb-below-header-display":"","ast-hfb-mobile-header-display":"","site-post-title":"","ast-breadcrumbs-content":"","ast-featured-img":"","footer-sml-layout":"","ast-disable-related-posts":"","theme-transparent-header-meta":"default","adv-header-id-meta":"","stick-header-meta":"","header-above-stick-meta":"","header-main-stick-meta":"","header-below-stick-meta":"","astra-migrate-meta-layouts":"set","ast-page-background-enabled":"default","ast-page-background-meta":{"desktop":{"background-color":"","background-image":"","background-repeat":"repeat","background-position":"center center","background-size":"auto","background-attachment":"scroll","background-type":"","background-media":"","overlay-type":"","overlay-color":"","overlay-opacity":"","overlay-gradient":""},"tablet":{"background-color":"","background-image":"","background-repeat":"repeat","background-position":"center center","background-size":"auto","background-attachment":"scroll","background-type":"","background-media":"","overlay-type":"","overlay-color":"","overlay-opacity":"","overlay-gradient":""},"mobile":{"background-color":"","background-image":"","background-repeat":"repeat","background-position":"center center","background-size":"auto","background-attachment":"scroll","background-type":"","background-media":"","overlay-type":"","overlay-color":"","overlay-opacity":"","overlay-gradient":""}},"ast-content-background-meta":{"desktop":{"background-color":"var(--ast-global-color-5)","background-image":"","background-repeat":"repeat","background-position":"center center","background-size":"auto","background-attachment":"scroll","background-type":"","background-media":"","overlay-type":"","overlay-color":"","overlay-opacity":"","overlay-gradient":""},"tablet":{"background-color":"var(--ast-global-color-5)","background-image":"","background-repeat":"repeat","background-position":"center center","background-size":"auto","background-attachment":"scroll","background-type":"","background-media":"","overlay-type":"","overlay-color":"","overlay-opacity":"","overlay-gradient":""},"mobile":{"background-color":"var(--ast-global-color-5)","background-image":"","background-repeat":"repeat","background-position":"center center","background-size":"auto","background-attachment":"scroll","background-type":"","background-media":"","overlay-type":"","overlay-color":"","overlay-opacity":"","overlay-gradient":""}},"_joinchat":{"telephone":"+8617776015835"}},"product_brand":[],"product_cat":[175,63,152,157,160,143,144],"product_tag":[224,223,165,105,97,166,94],"class_list":{"0":"post-3639","1":"product","2":"type-product","3":"status-publish","4":"has-post-thumbnail","6":"product_cat-35000-puff","7":"product_cat-bangking","8":"product_cat-buy-disposable-vapes-in-cermany","9":"product_cat-buy-disposable-vapes-in-portugal","10":"product_cat-buy-disposable-vapes-in-switzerland","11":"product_cat-dual-mesh-disposable-vapes","12":"product_cat-low-nicotine-disposable-vapes","13":"product_tag-bang-king-35000","14":"product_tag-bang-king-vape-35000","15":"product_tag-cheap-vapes","16":"product_tag-digital-disposable-vape","17":"product_tag-hot-sale-disposable-vape","18":"product_tag-low-nicotine-vape","19":"product_tag-rechargeable-disposable-vape","20":"desktop-align-left","21":"tablet-align-left","22":"mobile-align-left","24":"first","25":"instock","26":"sale","27":"shipping-taxable","28":"purchasable","29":"product-type-simple"},"acf":[],"uagb_featured_image_src":{"full":["https:\/\/vapestornado.com\/wp-content\/uploads\/2025\/01\/Bang-King-Vape-35000-Puffs-Wholesale.webp",800,800,false],"thumbnail":["https:\/\/vapestornado.com\/wp-content\/uploads\/2025\/01\/Bang-King-Vape-35000-Puffs-Wholesale-150x150.webp",150,150,true],"medium":["https:\/\/vapestornado.com\/wp-content\/uploads\/2025\/01\/Bang-King-Vape-35000-Puffs-Wholesale-300x300.webp",300,300,true],"medium_large":["https:\/\/vapestornado.com\/wp-content\/uploads\/2025\/01\/Bang-King-Vape-35000-Puffs-Wholesale-768x768.webp",768,768,true],"large":["https:\/\/vapestornado.com\/wp-content\/uploads\/2025\/01\/Bang-King-Vape-35000-Puffs-Wholesale.webp",800,800,false],"1536x1536":["https:\/\/vapestornado.com\/wp-content\/uploads\/2025\/01\/Bang-King-Vape-35000-Puffs-Wholesale.webp",800,800,false],"2048x2048":["https:\/\/vapestornado.com\/wp-content\/uploads\/2025\/01\/Bang-King-Vape-35000-Puffs-Wholesale.webp",800,800,false],"trp-custom-language-flag":["https:\/\/vapestornado.com\/wp-content\/uploads\/2025\/01\/Bang-King-Vape-35000-Puffs-Wholesale.webp",12,12,false],"woocommerce_thumbnail":["https:\/\/vapestornado.com\/wp-content\/uploads\/2025\/01\/Bang-King-Vape-35000-Puffs-Wholesale-300x300.webp",300,300,true],"woocommerce_single":["https:\/\/vapestornado.com\/wp-content\/uploads\/2025\/01\/Bang-King-Vape-35000-Puffs-Wholesale-600x600.webp",600,600,true],"woocommerce_gallery_thumbnail":["https:\/\/vapestornado.com\/wp-content\/uploads\/2025\/01\/Bang-King-Vape-35000-Puffs-Wholesale-100x100.webp",100,100,true]},"uagb_author_info":{"display_name":"ESAMY","author_link":"https:\/\/vapestornado.com\/de\/author\/"},"uagb_comment_info":0,"uagb_excerpt":"BangKing Vape 35000 Puffs 2% Low Nicotine Disposable Vape Wholesale Bang King 35000 Puff \u00a0Digital Display Disposable Vape Bulk Buy Bang King Vape 35k Rechargeable Disposable Vape Cheap Price Add Amy's whatsapp get right reply and vape coupon! WhatsApp: +86 17776015835 &nbsp;","_links":{"self":[{"href":"https:\/\/vapestornado.com\/de\/wp-json\/wp\/v2\/product\/3639","targetHints":{"allow":["GET"]}}],"collection":[{"href":"https:\/\/vapestornado.com\/de\/wp-json\/wp\/v2\/product"}],"about":[{"href":"https:\/\/vapestornado.com\/de\/wp-json\/wp\/v2\/types\/product"}],"replies":[{"embeddable":true,"href":"https:\/\/vapestornado.com\/de\/wp-json\/wp\/v2\/comments?post=3639"}],"wp:featuredmedia":[{"embeddable":true,"href":"https:\/\/vapestornado.com\/de\/wp-json\/wp\/v2\/media\/3636"}],"wp:attachment":[{"href":"https:\/\/vapestornado.com\/de\/wp-json\/wp\/v2\/media?parent=3639"}],"wp:term":[{"taxonomy":"product_brand","embeddable":true,"href":"https:\/\/vapestornado.com\/de\/wp-json\/wp\/v2\/product_brand?post=3639"},{"taxonomy":"product_cat","embeddable":true,"href":"https:\/\/vapestornado.com\/de\/wp-json\/wp\/v2\/product_cat?post=3639"},{"taxonomy":"product_tag","embeddable":true,"href":"https:\/\/vapestornado.com\/de\/wp-json\/wp\/v2\/product_tag?post=3639"}],"curies":[{"name":"wp","href":"https:\/\/api.w.org\/{rel}","templated":true}]}}