{"id":3631,"date":"2025-01-02T09:26:09","date_gmt":"2025-01-02T09:26:09","guid":{"rendered":"https:\/\/vapestornado.com\/?post_type=product&#038;p=3631"},"modified":"2025-08-23T09:38:46","modified_gmt":"2025-08-23T09:38:46","slug":"uwin-tornado-vape-music-35000-puffs-wholesale-price","status":"publish","type":"product","link":"https:\/\/vapestornado.com\/de\/product\/uwin-tornado-vape-music-35000-puffs-wholesale-price\/","title":{"rendered":"UWIN Tornado Vape Musik 35000 Z\u00fcge Gro\u00dfhandelspreis"},"content":{"rendered":"<h1>UWIN Tornado Vape Musik 35000 Z\u00fcge Gro\u00dfhandelspreis<\/h1>\n<p>&nbsp;<\/p>\n<div role=\"article\" data-tabster=\"{&quot;groupper&quot;:{&quot;tabbability&quot;:2},&quot;focusable&quot;:{}}\" data-content=\"ai-message\" aria-labelledby=\"64JRvXrTnY7mRmPkEQLLT-author 64JRvXrTnY7mRmPkEQLLT-content\">\n<div id=\"64JRvXrTnY7mRmPkEQLLT-content\">\n<p data-start=\"318\" data-end=\"611\">Der <strong data-start=\"322\" data-end=\"377\">UWIN Tornado Vape Music 35000 Z\u00fcge Einweg-Vape<\/strong> kombiniert hohe Kapazit\u00e4t, Leistung und einzigartiges Design f\u00fcr Einzelanwender und Gro\u00dfhandelsk\u00e4ufer. Mit bis zu <strong data-start=\"492\" data-end=\"508\">35.000 Z\u00fcge<\/strong> und <strong data-start=\"513\" data-end=\"535\">16 Premium-Aromen<\/strong>Z\u00fcgen bietet er eine lange Nutzungsdauer und Vielfalt, um verschiedenen Vorlieben gerecht zu werden.<\/p>\n<p data-start=\"613\" data-end=\"882\">Erh\u00e4ltlich in <strong data-start=\"626\" data-end=\"667\">0%, 2%, 3% und 5% Nikotinst\u00e4rken<\/strong>richtet sich dieser Vape an ein breites Publikum. Der <strong data-start=\"710\" data-end=\"728\">1.0\u03a9 Mesh-Spule<\/strong> gew\u00e4hrleistet eine reibungslose Dampfproduktion, w\u00e4hrend der <strong data-start=\"772\" data-end=\"803\">650mAh wiederaufladbarer Akku<\/strong> mit <strong data-start=\"809\" data-end=\"833\">Type-C-Schnellladung<\/strong> zuverl\u00e4ssige Leistung f\u00fcr l\u00e4ngere Sitzungen bietet.<\/p>\n<p data-start=\"884\" data-end=\"1179\">Sein herausragendes <strong data-start=\"897\" data-end=\"920\">RGB-Beleuchtungssystem<\/strong> synchronisiert sich mit Musikbeats und bietet ein interaktives Erlebnis neben konsistentem Geschmack und Leistung. Verpackt in <strong data-start=\"1037\" data-end=\"1058\">Kartons mit 160 St\u00fcck<\/strong> (21 kg pro Karton) ist der <strong data-start=\"1082\" data-end=\"1102\">UWIN Tornado 35K<\/strong> f\u00fcr einen effizienten Gro\u00dfhandelsvertrieb und eine starke Einzelhandelsnachfrage konzipiert.<\/p>\n<figure id=\"attachment_3652\" aria-describedby=\"caption-attachment-3652\" style=\"width: 669px\" class=\"wp-caption alignnone\"><img fetchpriority=\"high\" decoding=\"async\" class=\"wp-image-3652\" src=\"https:\/\/vapestornado.com\/wp-content\/uploads\/2025\/01\/Cheap-Price-Uwin-Tornado-35k-Puffs-Vape.jpg\" alt=\"G\u00fcnstiger Preis Uwin Tornado 35k Z\u00fcge Vape\" width=\"669\" height=\"669\" srcset=\"https:\/\/vapestornado.com\/wp-content\/uploads\/2025\/01\/Cheap-Price-Uwin-Tornado-35k-Puffs-Vape.jpg 800w, https:\/\/vapestornado.com\/wp-content\/uploads\/2025\/01\/Cheap-Price-Uwin-Tornado-35k-Puffs-Vape-300x300.jpg 300w, https:\/\/vapestornado.com\/wp-content\/uploads\/2025\/01\/Cheap-Price-Uwin-Tornado-35k-Puffs-Vape-150x150.jpg 150w, https:\/\/vapestornado.com\/wp-content\/uploads\/2025\/01\/Cheap-Price-Uwin-Tornado-35k-Puffs-Vape-768x768.jpg 768w, https:\/\/vapestornado.com\/wp-content\/uploads\/2025\/01\/Cheap-Price-Uwin-Tornado-35k-Puffs-Vape-600x600.jpg 600w, https:\/\/vapestornado.com\/wp-content\/uploads\/2025\/01\/Cheap-Price-Uwin-Tornado-35k-Puffs-Vape-100x100.jpg 100w\" sizes=\"(max-width: 669px) 100vw, 669px\" \/><figcaption id=\"caption-attachment-3652\" class=\"wp-caption-text\">G\u00fcnstiger Preis Uwin Tornado 35k Z\u00fcge Vape<\/figcaption><\/figure>\n<\/div>\n<\/div>\n<p><img decoding=\"async\" class=\"alignleft wp-image-2951 size-medium\" src=\"https:\/\/vapestornado.com\/wp-content\/uploads\/2024\/12\/Wholesale-Disposable-Vape-265x300.jpg\" alt=\"Einweg-Vape im Gro\u00dfhandel\" width=\"265\" height=\"300\" srcset=\"https:\/\/vapestornado.com\/wp-content\/uploads\/2024\/12\/Wholesale-Disposable-Vape-265x300.jpg 265w, https:\/\/vapestornado.com\/wp-content\/uploads\/2024\/12\/Wholesale-Disposable-Vape-768x871.jpg 768w, https:\/\/vapestornado.com\/wp-content\/uploads\/2024\/12\/Wholesale-Disposable-Vape-600x680.jpg 600w, https:\/\/vapestornado.com\/wp-content\/uploads\/2024\/12\/Wholesale-Disposable-Vape.jpg 823w\" sizes=\"(max-width: 265px) 100vw, 265px\" \/><\/p>\n<h5>Bitte kontaktieren Sie Mandys WhatsApp f\u00fcr einen Rabattpreis:<a href=\"https:\/\/wa.me\/8618077105796\" target=\"_blank\" rel=\"noopener\">+8618077105796<\/a><\/h5>\n<div class=\"flex max-w-full flex-col flex-grow\">\n<div class=\"min-h-8 text-message flex w-full flex-col items-end gap-2 whitespace-normal break-words text-start [.text-message+&amp;]:mt-5\" dir=\"auto\" data-message-author-role=\"assistant\" data-message-id=\"cdb991c0-f594-4bff-b2d5-fbbdd7ce9e54\" data-message-model-slug=\"gpt-4o-mini\">\n<div class=\"flex w-full flex-col gap-1 empty:hidden first:pt-[3px]\">\n<div class=\"markdown prose w-full break-words dark:prose-invert light\"><\/div>\n<\/div>\n<\/div>\n<\/div>\n<div class=\"mb-2 flex gap-3 empty:hidden -ml-2\">\n<h2>UWIN Tornado Vape Music 35000 Z\u00fcge Hauptmerkmale:<\/h2>\n<ul>\n<li><strong>Nikotin Optionen<\/strong>: 0%, 2%, 3%, 5% \u2013 Zugeschnitten auf unterschiedliche Vorlieben.<\/li>\n<li><strong>Z\u00fcge<\/strong>: 35.000 \u2013 Au\u00dfergew\u00f6hnliche Langlebigkeit f\u00fcr ein ununterbrochenes Dampferlebnis.<\/li>\n<li><strong>Karton Menge<\/strong>: 160 St\u00fcck \u2013 Ideal f\u00fcr den Gro\u00dfhandel und die gro\u00dffl\u00e4chige Distribution.<\/li>\n<li><strong>Geschmacksrichtungen<\/strong>: 16 \u2013 Gro\u00dfe Auswahl f\u00fcr jeden Geschmack.<\/li>\n<li><strong>Batterie<\/strong>: 650mAh Wiederaufladbar mit Typ-C-Anschluss \u2013 Zuverl\u00e4ssige Leistung mit schnellem Aufladen.<\/li>\n<li><strong>Spule<\/strong>: 1,0-Ohm-Mesh-Coil \u2013 Sorgt f\u00fcr eine sanfte und gleichm\u00e4\u00dfige Dampfproduktion.<\/li>\n<li><strong>Kartongewicht<\/strong>: 21 kg \u2013 Robuste Verpackung f\u00fcr einfache Handhabung.<\/li>\n<li><strong>Kartonabmessungen<\/strong>: Kompakt und optimiert f\u00fcr effiziente Lagerung und Versand.<\/li>\n<li><strong>RGB-Leuchten<\/strong>: Lebendige Beleuchtung f\u00fcr eine moderne \u00c4sthetik.<\/li>\n<li><strong>Dynamische Beleuchtung<\/strong>: Lichter schlagen im Takt der Musik und schaffen ein immersives Dampferlebnis.<\/li>\n<\/ul>\n<\/div>\n<h2>UWIN Tornado Music 35000 Z\u00fcge Einweg-Vapes Geschmack:<\/h2>\n<p>1. Blaubeer-Himbeere<br \/>\n2. Trauben-Eis<br \/>\n3. Erdbeer-Wassermelone<br \/>\n4. Blaubeere auf Eis<br \/>\n5. Wassermelonen-Eis<br \/>\n6. Kirsch-Eis<br \/>\n7. Erdbeer-Himbeer-Kirsch-Eis<br \/>\n8. Kiwi-Passionsfrucht-Guave<br \/>\n9. Erdbeer-Eis<br \/>\n10. Pfirsich-Mango-Ananas<br \/>\n11. Blaubeer-Kirsch-Cranberry<br \/>\n12. Pfirsich-Beere<br \/>\n13. Kirsch-Cola<br \/>\n14. Gemischte Beeren<br \/>\n15. Mr. Blue<br \/>\n16. Sommer-Pfirsich-Eis<\/p>\n<div role=\"article\" data-tabster=\"{&quot;groupper&quot;:{&quot;tabbability&quot;:2},&quot;focusable&quot;:{}}\" data-content=\"ai-message\" aria-labelledby=\"dARUyEWDoEYhnSPXFwx5A-author dARUyEWDoEYhnSPXFwx5A-content\">\n<div id=\"dARUyEWDoEYhnSPXFwx5A-content\">\n<h2>Warum die UWIN Tornado Vapes Music 35000 Puff w\u00e4hlen? <strong>\u00a0<\/strong>at <a href=\"https:\/\/vapestornado.com\/de\/product\/bang-box-35k-puffs-high-capacity-long-lasting-disposable-vape\/\">vapestornado.com?<\/a><\/h2>\n<ul>\n<li><strong>Un\u00fcbertroffene Zugkapazit\u00e4t<\/strong>: 35.000 Z\u00fcge pro Ger\u00e4t gew\u00e4hrleisten einen au\u00dfergew\u00f6hnlichen Wert und Langlebigkeit und ziehen mehr Kunden an.<\/li>\n<li><strong>Innovatives Design<\/strong>: Ausgestattet mit RGB-Lichtern, die sich mit der Musik synchronisieren und ein einzigartiges und immersives Dampferlebnis bieten, das sich auf dem Markt abhebt.<\/li>\n<li><strong>Hochwertige Komponenten<\/strong>: Verf\u00fcgt \u00fcber einen wiederaufladbaren 650mAh-Akku, einen Typ-C-Anschluss und eine 1,0-Ohm-Mesh-Spule f\u00fcr eine konsistente und zuverl\u00e4ssige Leistung.<\/li>\n<li><strong>Geschmacksvielfalt<\/strong>: Mit 16 verschiedenen Geschmacksrichtungen k\u00f6nnen Kunden eine breite Palette von Geschm\u00e4ckern entdecken, was das Gesch\u00e4ft wiederholt ankurbelt.<\/li>\n<li><strong>Gro\u00dfhandelsfreundliche Verpackung<\/strong>: Jeder Karton enth\u00e4lt 160 St\u00fcck, was ihn perfekt f\u00fcr Gro\u00df- und Einzelhandelsbetriebe macht.<\/li>\n<li><strong>Wettbewerbsf\u00e4hige Preise<\/strong>: vapestornado.com bietet branchenf\u00fchrende Gro\u00dfhandelspreise, um Ihre Gewinnmargen zu maximieren.<\/li>\n<li><strong>Vertrauensw\u00fcrdiger Lieferant<\/strong>: Mit einer Verpflichtung zu Qualit\u00e4t und zuverl\u00e4ssiger Lieferung ist vapestornado.com ein Partner, dem Sie beim Ausbau Ihres Gesch\u00e4fts vertrauen k\u00f6nnen.<\/li>\n<\/ul>\n<\/div>\n<\/div>\n<h2>FAQs zu UWIN Tornado Vape Music 35000 Puffs Vape Pods<\/h2>\n<ul>\n<li><strong>Was macht den UWIN 35k Puffs Tornado Vape Music einzigartig?<\/strong><br \/>\nDer UWIN Tornado zeichnet sich durch seine <strong>Kapazit\u00e4t von 35.000 Z\u00fcgen<\/strong>, RGB-Lichter, die sich mit der Musik synchronisieren, und eine gro\u00dfe Auswahl an <strong>16 Premium-Aromen<\/strong>aus und bietet ein stilvolles und immersives Dampferlebnis.<\/li>\n<li><strong>Welche Art von Spule verwendet UWIN Tornado Vape Music 35k Puff?<\/strong><br \/>\nDer UWIN Tornado verf\u00fcgt \u00fcber einen <strong>1,0-Ohm-Mesh-Coil<\/strong>und gew\u00e4hrleistet so eine sanfte, geschmackvolle und konsistente Dampfproduktion bei jedem Zug.<\/li>\n<li><strong>Wie funktionieren die RGB-Leuchten?<\/strong><br \/>\nDie RGB-Leuchten des Ger\u00e4ts sind dynamisch und schlagen im Takt der Musik, wodurch ein visuell ansprechendes Erlebnis entsteht, das das moderne Design erg\u00e4nzt.<\/li>\n<li><strong>Warum sollte ich mich f\u00fcr UWIN Tornado Vapes 35000 Puffs gegen\u00fcber anderen Einweg-Vapes entscheiden?<\/strong><br \/>\nDer UWIN Tornado kombiniert Premium-Qualit\u00e4t, innovative Funktionen und eine un\u00fcbertroffene Zugkapazit\u00e4t, was ihn zu einer erstklassigen Wahl im High-End-Vaping-Markt macht.<\/li>\n<\/ul>","protected":false},"excerpt":{"rendered":"<p><strong>UWIN Tornado Vape Music 35000 Z\u00fcge<\/strong>, ein Wendepunkt im Bereich der Einweg-Vapes. Mit seinen dynamischen, musiksynchronisierten LED-Leuchten, der enormen Kapazit\u00e4t von 35.000 Z\u00fcgen und dem wiederaufladbaren Typ-C-Design verbindet dieser Vape Innovation mit Stil. Perfekt f\u00fcr Gro\u00dfh\u00e4ndler, die Premium-Ger\u00e4te mit hoher Leistung zu wettbewerbsf\u00e4higen Preisen suchen.<\/p>\n<figure id=\"attachment_2951\" aria-describedby=\"caption-attachment-2951\" style=\"width: 265px\" class=\"wp-caption alignnone\"><img decoding=\"async\" class=\"size-medium wp-image-2951\" src=\"https:\/\/vapestornado.com\/wp-content\/uploads\/2024\/12\/Wholesale-Disposable-Vape-265x300.jpg\" alt=\"Einweg-Vape im Gro\u00dfhandel\" width=\"265\" height=\"300\" srcset=\"https:\/\/vapestornado.com\/wp-content\/uploads\/2024\/12\/Wholesale-Disposable-Vape-265x300.jpg 265w, https:\/\/vapestornado.com\/wp-content\/uploads\/2024\/12\/Wholesale-Disposable-Vape-768x871.jpg 768w, https:\/\/vapestornado.com\/wp-content\/uploads\/2024\/12\/Wholesale-Disposable-Vape-600x680.jpg 600w, https:\/\/vapestornado.com\/wp-content\/uploads\/2024\/12\/Wholesale-Disposable-Vape.jpg 823w\" sizes=\"(max-width: 265px) 100vw, 265px\" \/><figcaption id=\"caption-attachment-2951\" class=\"wp-caption-text\">F\u00fcr Rabattpreis kontaktieren Sie bitte Mandys WhatsApp\u00a0 <a href=\"https:\/\/wa.me\/8618077105796\">+8618077105796<\/a><\/figcaption><\/figure>\n<p>&nbsp;<\/p>","protected":false},"featured_media":3654,"comment_status":"open","ping_status":"closed","template":"","meta":{"_acf_changed":false,"_uag_custom_page_level_css":"","_lmt_disableupdate":"no","_lmt_disable":"","_monsterinsights_skip_tracking":false,"_monsterinsights_sitenote_active":false,"_monsterinsights_sitenote_note":"","_monsterinsights_sitenote_category":0,"site-sidebar-layout":"default","site-content-layout":"","ast-site-content-layout":"default","site-content-style":"default","site-sidebar-style":"default","ast-global-header-display":"","ast-banner-title-visibility":"","ast-main-header-display":"","ast-hfb-above-header-display":"","ast-hfb-below-header-display":"","ast-hfb-mobile-header-display":"","site-post-title":"","ast-breadcrumbs-content":"","ast-featured-img":"","footer-sml-layout":"","ast-disable-related-posts":"","theme-transparent-header-meta":"default","adv-header-id-meta":"","stick-header-meta":"","header-above-stick-meta":"","header-main-stick-meta":"","header-below-stick-meta":"","astra-migrate-meta-layouts":"set","ast-page-background-enabled":"default","ast-page-background-meta":{"desktop":{"background-color":"","background-image":"","background-repeat":"repeat","background-position":"center center","background-size":"auto","background-attachment":"scroll","background-type":"","background-media":"","overlay-type":"","overlay-color":"","overlay-opacity":"","overlay-gradient":""},"tablet":{"background-color":"","background-image":"","background-repeat":"repeat","background-position":"center center","background-size":"auto","background-attachment":"scroll","background-type":"","background-media":"","overlay-type":"","overlay-color":"","overlay-opacity":"","overlay-gradient":""},"mobile":{"background-color":"","background-image":"","background-repeat":"repeat","background-position":"center center","background-size":"auto","background-attachment":"scroll","background-type":"","background-media":"","overlay-type":"","overlay-color":"","overlay-opacity":"","overlay-gradient":""}},"ast-content-background-meta":{"desktop":{"background-color":"var(--ast-global-color-5)","background-image":"","background-repeat":"repeat","background-position":"center center","background-size":"auto","background-attachment":"scroll","background-type":"","background-media":"","overlay-type":"","overlay-color":"","overlay-opacity":"","overlay-gradient":""},"tablet":{"background-color":"var(--ast-global-color-5)","background-image":"","background-repeat":"repeat","background-position":"center center","background-size":"auto","background-attachment":"scroll","background-type":"","background-media":"","overlay-type":"","overlay-color":"","overlay-opacity":"","overlay-gradient":""},"mobile":{"background-color":"var(--ast-global-color-5)","background-image":"","background-repeat":"repeat","background-position":"center center","background-size":"auto","background-attachment":"scroll","background-type":"","background-media":"","overlay-type":"","overlay-color":"","overlay-opacity":"","overlay-gradient":""}},"_joinchat":{"telephone":"+8618077105796"}},"product_brand":[],"product_cat":[175,140,150,157,233],"product_tag":[97,133],"class_list":{"0":"post-3631","1":"product","2":"type-product","3":"status-publish","4":"has-post-thumbnail","6":"product_cat-35000-puff","7":"product_cat-big-puffs-disposable-vapes","8":"product_cat-buy-disposable-vapes-in-belgium","9":"product_cat-buy-disposable-vapes-in-portugal","10":"product_cat-uwin-vape","11":"product_tag-hot-sale-disposable-vape","12":"product_tag-uwin-tornado-35000","13":"desktop-align-left","14":"tablet-align-left","15":"mobile-align-left","17":"first","18":"instock","19":"sale","20":"shipping-taxable","21":"purchasable","22":"product-type-simple"},"acf":[],"uagb_featured_image_src":{"full":["https:\/\/vapestornado.com\/wp-content\/uploads\/2025\/01\/Good-Sale-Uwin-Tornado-35k-Puffs-Disposable-Vape.jpg",800,800,false],"thumbnail":["https:\/\/vapestornado.com\/wp-content\/uploads\/2025\/01\/Good-Sale-Uwin-Tornado-35k-Puffs-Disposable-Vape-150x150.jpg",150,150,true],"medium":["https:\/\/vapestornado.com\/wp-content\/uploads\/2025\/01\/Good-Sale-Uwin-Tornado-35k-Puffs-Disposable-Vape-300x300.jpg",300,300,true],"medium_large":["https:\/\/vapestornado.com\/wp-content\/uploads\/2025\/01\/Good-Sale-Uwin-Tornado-35k-Puffs-Disposable-Vape-768x768.jpg",768,768,true],"large":["https:\/\/vapestornado.com\/wp-content\/uploads\/2025\/01\/Good-Sale-Uwin-Tornado-35k-Puffs-Disposable-Vape.jpg",800,800,false],"1536x1536":["https:\/\/vapestornado.com\/wp-content\/uploads\/2025\/01\/Good-Sale-Uwin-Tornado-35k-Puffs-Disposable-Vape.jpg",800,800,false],"2048x2048":["https:\/\/vapestornado.com\/wp-content\/uploads\/2025\/01\/Good-Sale-Uwin-Tornado-35k-Puffs-Disposable-Vape.jpg",800,800,false],"trp-custom-language-flag":["https:\/\/vapestornado.com\/wp-content\/uploads\/2025\/01\/Good-Sale-Uwin-Tornado-35k-Puffs-Disposable-Vape.jpg",12,12,false],"woocommerce_thumbnail":["https:\/\/vapestornado.com\/wp-content\/uploads\/2025\/01\/Good-Sale-Uwin-Tornado-35k-Puffs-Disposable-Vape-300x300.jpg",300,300,true],"woocommerce_single":["https:\/\/vapestornado.com\/wp-content\/uploads\/2025\/01\/Good-Sale-Uwin-Tornado-35k-Puffs-Disposable-Vape-600x600.jpg",600,600,true],"woocommerce_gallery_thumbnail":["https:\/\/vapestornado.com\/wp-content\/uploads\/2025\/01\/Good-Sale-Uwin-Tornado-35k-Puffs-Disposable-Vape-100x100.jpg",100,100,true]},"uagb_author_info":{"display_name":"ESMANDY","author_link":"https:\/\/vapestornado.com\/de\/author\/"},"uagb_comment_info":0,"uagb_excerpt":"UWIN Tornado Vape Music 35000 Puffs, a game-changer in disposable vaping. With its dynamic music-synced LED lights, massive 35,000 puffs capacity, and rechargeable Type-C design, this vape blends innovation with style. Perfect for wholesalers seeking premium, high-performance devices at competitive prices. [caption id=\"attachment_2951\" align=\"alignnone\" width=\"265\"] Pls Contact Mandy's WhatsApp For Discount Price\u00a0 +8618077105796[\/caption] &nbsp;","_links":{"self":[{"href":"https:\/\/vapestornado.com\/de\/wp-json\/wp\/v2\/product\/3631","targetHints":{"allow":["GET"]}}],"collection":[{"href":"https:\/\/vapestornado.com\/de\/wp-json\/wp\/v2\/product"}],"about":[{"href":"https:\/\/vapestornado.com\/de\/wp-json\/wp\/v2\/types\/product"}],"replies":[{"embeddable":true,"href":"https:\/\/vapestornado.com\/de\/wp-json\/wp\/v2\/comments?post=3631"}],"wp:featuredmedia":[{"embeddable":true,"href":"https:\/\/vapestornado.com\/de\/wp-json\/wp\/v2\/media\/3654"}],"wp:attachment":[{"href":"https:\/\/vapestornado.com\/de\/wp-json\/wp\/v2\/media?parent=3631"}],"wp:term":[{"taxonomy":"product_brand","embeddable":true,"href":"https:\/\/vapestornado.com\/de\/wp-json\/wp\/v2\/product_brand?post=3631"},{"taxonomy":"product_cat","embeddable":true,"href":"https:\/\/vapestornado.com\/de\/wp-json\/wp\/v2\/product_cat?post=3631"},{"taxonomy":"product_tag","embeddable":true,"href":"https:\/\/vapestornado.com\/de\/wp-json\/wp\/v2\/product_tag?post=3631"}],"curies":[{"name":"wp","href":"https:\/\/api.w.org\/{rel}","templated":true}]}}