{"id":3598,"date":"2024-12-31T09:02:37","date_gmt":"2024-12-31T09:02:37","guid":{"rendered":"https:\/\/vapestornado.com\/?post_type=product&#038;p=3598"},"modified":"2025-08-23T12:23:15","modified_gmt":"2025-08-23T12:23:15","slug":"vozol-vista-20000-vape-rechargeable-disposable-vape-wholesale-cheap-price","status":"publish","type":"product","link":"https:\/\/vapestornado.com\/de\/product\/vozol-vista-20000-vape-rechargeable-disposable-vape-wholesale-cheap-price\/","title":{"rendered":"Vozol Vista 20000 Vape wiederaufladbare Einwegbox Gro\u00dfhandel g\u00fcnstiger Preis"},"content":{"rendered":"<h1 class=\"product-title\">Vozol Vista 20000 Vape Wiederaufladbare Einweg E-Zigarette Gro\u00dfhandel G\u00fcnstiger Preis<\/h1>\n<p>Der <strong data-start=\"324\" data-end=\"374\">Vozol Vista 20000 Wiederaufladbarer Einweg-Vaporizer<\/strong> bietet erstklassige Leistung mit fortschrittlicher Technologie und stilvollem Design und ist somit ein Muss f\u00fcr Gro\u00dfhandelsk\u00e4ufer in ganz Europa. Bietet bis zu <strong data-start=\"522\" data-end=\"538\">20.000 Z\u00fcge<\/strong>ist dieses Ger\u00e4t mit einem <strong data-start=\"568\" data-end=\"599\">650mAh wiederaufladbarer Akku<\/strong> und <strong data-start=\"604\" data-end=\"628\">Type-C-Schnellladung<\/strong>ausgestattet, was ununterbrochene Sitzungen und minimale Ausfallzeiten gew\u00e4hrleistet.<\/p>\n<p>Mit <strong data-start=\"703\" data-end=\"732\">Dual Mesh Coil Technologie<\/strong>ist jeder Zug sanft, geschmackvoll und konsistent. Die <strong data-start=\"787\" data-end=\"814\">6-stufiger Wattzahlregelung<\/strong> und <strong data-start=\"819\" data-end=\"848\">einstellbaren Luftstromsystem<\/strong> erm\u00f6glichen es Benutzern, die Dampfausgabe anzupassen, von starken Wolken bis zu einem weicheren Zug. Ein modernes <strong data-start=\"934\" data-end=\"958\">Farbanzeigebildschirm<\/strong> zeigt Batterielebensdauer und Wattzahl-Einstellungen in Echtzeit an und gibt Benutzern die totale Kontrolle \u00fcber ihr Dampferlebnis.<\/p>\n<p>Kompakt, tragbar und optisch ansprechend \u2013 der Vozol Vista 20K ist auf Komfort und Stil ausgelegt. Er ist in verschiedenen Geschmacksrichtungen und Nikotinoptionen erh\u00e4ltlich und bedient unterschiedliche Vorlieben unter Beibehaltung erstklassiger Qualit\u00e4t. Mit <strong data-start=\"1305\" data-end=\"1337\">g\u00fcnstigen Gro\u00dfhandelspreisen f\u00fcr Vapes<\/strong>ist es perfekt f\u00fcr Wiederverk\u00e4ufer, H\u00e4ndler und Vape-Shop-Besitzer, die ihren Kunden die beste Kombination aus Leistung, Design und Wert bieten m\u00f6chten.<\/p>\n<p><span style=\"color: #ff0000;\"><strong>F\u00fcgen Sie Amy auf WhatsApp hinzu, um eine direkte Antwort und einen Vape-Gutschein zu erhalten!<\/strong><\/span><\/p>\n<p><img fetchpriority=\"high\" decoding=\"async\" class=\"size-full wp-image-2932\" src=\"https:\/\/vapestornado.com\/wp-content\/uploads\/2024\/12\/Vape-Wholesale.jpg\" alt=\"Vape-Gro\u00dfhandel\" width=\"229\" height=\"300\" \/><\/p>\n<h3><a href=\"https:\/\/wa.me\/8617776015835\" target=\"_blank\" rel=\"noopener\"><span style=\"color: #ff0000;\"><strong>WhatsApp: +86 17776015835<\/strong><\/span><\/a><\/h3>\n<p>&nbsp;<\/p>\n<h2 class=\"product-title\"><strong>Vozol Vista 20000 Produktmerkmale<\/strong><\/h2>\n<div role=\"article\" data-tabster=\"{&quot;groupper&quot;:{&quot;tabbability&quot;:2},&quot;focusable&quot;:{}}\" data-content=\"ai-message\" aria-labelledby=\"juhNTJ6o7Gk1cgwZMJgv2-author juhNTJ6o7Gk1cgwZMJgv2-content\">\n<div id=\"juhNTJ6o7Gk1cgwZMJgv2-content\">\n<div role=\"article\" data-tabster=\"{&quot;groupper&quot;:{&quot;tabbability&quot;:2},&quot;focusable&quot;:{}}\" data-content=\"ai-message\" aria-labelledby=\"x4EZuCZWrTbh3weWUt7CU-author x4EZuCZWrTbh3weWUt7CU-content\">\n<div id=\"x4EZuCZWrTbh3weWUt7CU-content\">\n<div class=\"flex max-w-full flex-col flex-grow\">\n<div class=\"min-h-8 text-message flex w-full flex-col items-end gap-2 whitespace-normal break-words text-start [.text-message+&amp;]:mt-5\" dir=\"auto\" data-message-author-role=\"assistant\" data-message-id=\"52c6e00a-252f-4104-805d-2f1a84739c71\" data-message-model-slug=\"gpt-4o\">\n<div class=\"flex w-full flex-col gap-1 empty:hidden first:pt-[3px]\">\n<div class=\"markdown prose w-full break-words dark:prose-invert light\">\n<h4><\/h4>\n<ul>\n<li><strong>Hohe Anzahl an Z\u00fcgen<\/strong>: Genie\u00dfen Sie bis zu <strong>14,000<\/strong> und <strong>20.000 Z\u00fcge<\/strong> f\u00fcr eine lange Nutzungsdauer.<\/li>\n<li><strong>6-stufige Wattzahlregelung<\/strong>: Passen Sie Ihr Dampferlebnis mit einstellbarer Wattzahl an.<\/li>\n<li><strong>Sanfte Z\u00fcge<\/strong>: Fortschrittliche Airflow-Technologie garantiert einen sanften und gleichm\u00e4\u00dfigen Zug.<\/li>\n<li><strong>Tragbar<\/strong>: Ein kompaktes, schlankes Design, das leicht zu transportieren und perfekt f\u00fcr unterwegs ist.<\/li>\n<li><strong>Dual-Mesh-Coil<\/strong>: Erleben Sie verbesserten Geschmack und \u00fcberlegene Dampfproduktion.<\/li>\n<li><strong>Farbbildschirm<\/strong>: Das gut lesbare Display sorgt f\u00fcr ein optimales Benutzererlebnis.<\/li>\n<\/ul>\n<\/div>\n<\/div>\n<\/div>\n<\/div>\n<div class=\"mb-2 flex gap-3 empty:hidden -ml-2\">\n<p>&nbsp;<\/p>\n<\/div>\n<\/div>\n<\/div>\n<\/div>\n<\/div>\n<h2 class=\"product-title\"><strong>Beliebte Geschmacksrichtung f\u00fcr Vozol Vista 20000<\/strong><strong>\u00a0<\/strong><strong>Einweg-Vapes<\/strong><\/h2>\n<p>Vozol Vista 20000 bietet eine vielf\u00e4ltige und aufregende Auswahl an Optionen f\u00fcr Ihre Produktlinie, die auf verschiedene Geschmackspr\u00e4ferenzen zugeschnitten sind! Hier finden Sie die beliebtesten Geschmacksrichtungen gem\u00e4\u00df unseren Verkaufsdaten und Kundenfeedback.<\/p>\n<ol>\n<li><strong>Kirsch Cola<\/strong><br \/>\nEine perfekte Mischung aus klassischem Kirschgeschmack und erfrischender Cola, die einen s\u00fc\u00dfen, aber nicht \u00fcberm\u00e4\u00dfig zuckerhaltigen Geschmack bietet, der eine nostalgische Getr\u00e4nkestimmung vermittelt.<\/li>\n<li><strong>Pfirsich-Eis <span style=\"color: #ff0000;\">&gt;&gt;&gt;&gt; Hei\u00df !<\/span><\/strong><br \/>\nDer s\u00fc\u00dfe, saftige Geschmack reifer Pfirsiche kombiniert mit einer k\u00fchlenden Eis-Sensation, wodurch ein sanftes, erfrischendes Erlebnis entsteht, das perfekt f\u00fcr hei\u00dfe Tage ist.<\/li>\n<li><strong>Saurer Apfel Ice<\/strong><br \/>\nHerber gr\u00fcner Apfelgeschmack gepaart mit einem k\u00fchlenden Eis-Effekt, der ein knackiges, sauer-s\u00fc\u00dfes Gleichgewicht bietet, das mit jedem Zug erfrischt.<\/li>\n<li><strong>Miami Minze<\/strong><br \/>\nEin k\u00fchler, belebender Minzgeschmack, der eine erfrischende Brise wie die Meeresluft in Miami liefert, perfekt f\u00fcr ein erfrischendes und energiespendendes Dampferlebnis.<\/li>\n<li><strong>Traubeneis<\/strong><br \/>\nReichhaltiger, s\u00fc\u00dfer Traubengeschmack mit einem Hauch von Eis, der einen vollmundigen Geschmack bietet, der sowohl geschmackvoll als auch erfrischend ist, ideal f\u00fcr Liebhaber fruchtiger Dampferlebnisse.<\/li>\n<li><strong>Wassermelonen-Eis <span style=\"color: #ff0000;\">&gt;&gt;&gt;&gt; Hei\u00df !<\/span><\/strong><br \/>\nEin saftiger Wassermelonengeschmack kombiniert mit einem k\u00fchlenden Eis-Effekt, der mit jedem Einatmen ein s\u00fc\u00dfes und erfrischendes Sommererlebnis liefert.<\/li>\n<li><strong>Blaue Himbeereis <span style=\"color: #ff0000;\">&gt;&gt;&gt;&gt; Beste !<\/span><\/strong><br \/>\nEine Mischung aus s\u00fc\u00dfen Blaubeeren und herben Himbeeren mit einem k\u00fchlenden Eis-Effekt, die einen erfrischenden und lebendigen Beerengeschmack bietet, der sowohl s\u00fc\u00df als auch spritzig ist.<\/li>\n<li><strong>Pfirsich Mango Wassermelone<\/strong><br \/>\nEin tropisches Trio aus reifen Pfirsichen, saftigen Mangos und erfrischender Wassermelone, das einen vielschichtigen, s\u00fc\u00dfen und fruchtigen Geschmack bietet, der perfekt f\u00fcr Obstliebhaber ist.<\/li>\n<li><strong>Erdbeer-Mango<\/strong><br \/>\nDie nat\u00fcrliche S\u00fc\u00dfe reifer Erdbeeren kombiniert mit der exotischen Reichhaltigkeit der Mango, f\u00fcr ein sanftes, ausgewogenes Fruchterlebnis.<\/li>\n<li><strong>Himbeer-Wassermelone<\/strong><br \/>\nEine erfrischende Kombination aus herben Himbeeren und s\u00fc\u00dfer, saftiger Wassermelone, die ein fruchtiges und feuchtigkeitsspendendes Dampferlebnis mit einer perfekten Balance der Aromen schafft.<\/li>\n<li><strong>VZBull <span style=\"color: #ff0000;\">&gt;&gt;&gt;&gt; Hei\u00df !<\/span><\/strong><br \/>\nEin kr\u00e4ftiger, von Energy-Drinks inspirierter Geschmack, der s\u00fc\u00df mit einer leichten S\u00e4ure ist und den erfrischenden und belebenden Geschmack eines klassischen Energy-Getr\u00e4nks bietet.<\/li>\n<li><strong>Wassermelonen-Kaugummi<\/strong><br \/>\nEine nostalgische Mischung aus saftiger Wassermelone und s\u00fc\u00dfem Kaugummi, die einen verspielten, bonbonartigen Geschmack liefert, der sowohl fruchtig als auch lustig ist.<\/li>\n<li><strong>Gemischte Beeren <span style=\"color: #ff0000;\">&gt;&gt;&gt;&gt; Hei\u00df !<\/span><\/strong><br \/>\nEin Potpourri verschiedener Beeren, das ein reichhaltiges, herbes und s\u00fc\u00dfes Fruchterlebnis bietet, mit Aromaschichten, die perfekt f\u00fcr diejenigen sind, die Beerenmischungen genie\u00dfen.<\/li>\n<li><strong>Zitrone-Limette<\/strong><br \/>\nEine scharfe und spritzige Mischung aus Zitrone und Limette, die ein erfrischendes, zitrusartiges Dampferlebnis bietet, das sowohl herb als auch k\u00fchlend ist \u2013 perfekt f\u00fcr Zitrusliebhaber.<\/li>\n<li><strong>Erdbeere Himbeere Kirsche Mango Eis<\/strong><br \/>\nEine komplexe Mischung aus Erdbeere, Himbeere, Kirsche und Mango mit einem k\u00fchlenden Eis-Effekt, die mit jedem Zug ein fruchtiges, s\u00fc\u00dfes und erfrischendes Erlebnis bietet.<\/li>\n<li><strong>Drachenfrucht Banane Kirsche<\/strong><br \/>\nEine einzigartige Kombination aus Drachenfrucht, Banane und Kirsche, die ein tropisches, exotisches Geschmacksprofil bietet, das s\u00fc\u00df, sanft und cremig mit einem Hauch von S\u00e4ure ist.<\/li>\n<li><strong>Holunderbl\u00fcte Grapefruit<\/strong><br \/>\nEin zarter Holunderbl\u00fctengeschmack gepaart mit der S\u00e4ure der Grapefruit, der einen erfrischenden, blumigen und zitrusartigen Geschmack erzeugt, der sowohl einzigartig als auch beruhigend ist.<\/li>\n<li><strong>LavaFire<\/strong><br \/>\nEin feuriger und kr\u00e4ftiger Geschmack mit einem leichten w\u00fcrzigen Kick, der ein hitziges, intensives Dampferlebnis bietet, das perfekt f\u00fcr diejenigen ist, die kr\u00e4ftige und abenteuerliche Aromen genie\u00dfen.<\/li>\n<\/ol>\n<figure id=\"attachment_3586\" aria-describedby=\"caption-attachment-3586\" style=\"width: 1024px\" class=\"wp-caption alignnone\"><img decoding=\"async\" class=\"wp-image-3586 size-large\" src=\"https:\/\/vapestornado.com\/wp-content\/uploads\/2024\/12\/Vozol-Vista-20000-Disposable-Pod-Device-1024x1024.jpg\" alt=\"Vozol Vista 20000 Einweg-Pod-Ger\u00e4t\" width=\"1024\" height=\"1024\" srcset=\"https:\/\/vapestornado.com\/wp-content\/uploads\/2024\/12\/Vozol-Vista-20000-Disposable-Pod-Device-1024x1024.jpg 1024w, https:\/\/vapestornado.com\/wp-content\/uploads\/2024\/12\/Vozol-Vista-20000-Disposable-Pod-Device-300x300.jpg 300w, https:\/\/vapestornado.com\/wp-content\/uploads\/2024\/12\/Vozol-Vista-20000-Disposable-Pod-Device-150x150.jpg 150w, https:\/\/vapestornado.com\/wp-content\/uploads\/2024\/12\/Vozol-Vista-20000-Disposable-Pod-Device-768x768.jpg 768w, https:\/\/vapestornado.com\/wp-content\/uploads\/2024\/12\/Vozol-Vista-20000-Disposable-Pod-Device-600x600.jpg 600w, https:\/\/vapestornado.com\/wp-content\/uploads\/2024\/12\/Vozol-Vista-20000-Disposable-Pod-Device-100x100.jpg 100w, https:\/\/vapestornado.com\/wp-content\/uploads\/2024\/12\/Vozol-Vista-20000-Disposable-Pod-Device.jpg 1126w\" sizes=\"(max-width: 1024px) 100vw, 1024px\" \/><figcaption id=\"caption-attachment-3586\" class=\"wp-caption-text\">Vozol Vista 20000 Einweg-Pod-Ger\u00e4t<\/figcaption><\/figure>\n<div class=\"flex-shrink-0 flex flex-col relative items-end\">\n<div class=\"pt-0\">\n<div class=\"gizmo-bot-avatar flex h-8 w-8 items-center justify-center overflow-hidden rounded-full\">\n<div class=\"relative p-1 rounded-sm flex items-center justify-center bg-token-main-surface-primary text-token-text-primary h-8 w-8\">\n<h2>FAQS f\u00fcr Vozol Vista 20000<strong>\u00a0<\/strong>Einweg-Vape<\/h2>\n<div class=\"flex max-w-full flex-col flex-grow\">\n<div class=\"min-h-8 text-message flex w-full flex-col items-end gap-2 whitespace-normal break-words text-start [.text-message+&amp;]:mt-5\" dir=\"auto\" data-message-author-role=\"assistant\" data-message-id=\"4dc48248-df95-45bd-b800-6dedb43cf7f1\" data-message-model-slug=\"gpt-4o\">\n<div class=\"flex w-full flex-col gap-1 empty:hidden first:pt-[3px]\">\n<div class=\"markdown prose w-full break-words dark:prose-invert light\">\n<p><strong>1. Was unterscheidet die Vozol Vista 20000 Serie von anderen Einweg-Vapes?<\/strong><br \/>\nDie Vozol Vista Serie zeichnet sich durch eine hohe Anzahl an Z\u00fcgen (bis zu 14.000 bis 20.000 Z\u00fcge), eine 6-stufige Leistungsregelung und eine Dual-Mesh-Coil-Technologie aus, die einen sanfteren, gleichm\u00e4\u00dfigeren Zug mit verbesserter Geschmacks- und Dampfentwicklung gew\u00e4hrleistet. Dar\u00fcber hinaus macht das schlanke und tragbare Design es ideal f\u00fcr das Dampfen unterwegs.<\/p>\n<p><strong>2. Wie lange halten die Ger\u00e4te der Vozol Vista 20k Serie?<\/strong><br \/>\nAbh\u00e4ngig vom gew\u00e4hlten Modell bieten die Vozol Vista Ger\u00e4te beeindruckende 14.000 bis 20.000 Z\u00fcge und gew\u00e4hrleisten so eine lange Nutzungsdauer. Das bedeutet, dass Sie Ihr Ger\u00e4t \u00fcber einen l\u00e4ngeren Zeitraum genie\u00dfen k\u00f6nnen, bevor Sie es austauschen m\u00fcssen.<\/p>\n<p><strong>3. Kann ich das Dampferlebnis mit dem Vozol Vista 20k individuell gestalten?<\/strong><br \/>\nJa! Die Vozol Vista Serie verf\u00fcgt \u00fcber eine 6-stufige Wattzahlregelung, mit der Sie die Leistungseinstellungen an Ihren bevorzugten Dampfstil anpassen k\u00f6nnen. Egal, ob Sie einen sanfteren, leichteren Zug oder einen intensiveren, geschmackvolleren Hit bevorzugen.<\/p>\n<p><strong>4. Welche Geschmacksrichtungen sind im Vozol Vista 20000 erh\u00e4ltlich?<\/strong><br \/>\nDie Vozol Vista Serie bietet eine gro\u00dfe Auswahl an aufregenden Geschmacksrichtungen, darunter Optionen wie Cherry Cola, Peach Ice, Sour Apple Ice, Mixed Berries, Watermelon Bubble Gum und viele mehr. Egal, ob Sie fruchtige, minzige oder sogar von Energy-Drinks inspirierte Aromen m\u00f6gen, es ist f\u00fcr jeden etwas dabei.<\/p>\n<p><strong>5. Sind die Vozol Vista Ger\u00e4te tragbar und einfach zu bedienen?<\/strong><br \/>\nAbsolut! Die Vozol Vista Serie zeichnet sich durch ein schlankes und tragbares Design aus, sodass Sie sie problemlos \u00fcberallhin mitnehmen k\u00f6nnen. Dar\u00fcber hinaus bietet das Ger\u00e4t mit seinem Farbbildschirm f\u00fcr gut lesbare Anzeigen eine intuitive Benutzererfahrung und ist somit ideal f\u00fcr Anf\u00e4nger und erfahrene Dampfer.<\/p>\n<\/div>\n<\/div>\n<\/div>\n<\/div>\n<\/div>\n<\/div>\n<\/div>\n<\/div>\n<div class=\"flex-shrink-0 flex flex-col relative items-end\">\n<div class=\"pt-0\">\n<div class=\"gizmo-bot-avatar flex h-8 w-8 items-center justify-center overflow-hidden rounded-full\">\n<div class=\"relative p-1 rounded-sm flex items-center justify-center bg-token-main-surface-primary text-token-text-primary h-8 w-8\">\n<div class=\"mb-2 flex gap-3 empty:hidden -ml-2\">\n<div role=\"article\" data-tabster=\"{&quot;groupper&quot;:{&quot;tabbability&quot;:2},&quot;focusable&quot;:{}}\" data-content=\"ai-message\" aria-labelledby=\"Vdt5ez4X7Tg813x6rFVha-author Vdt5ez4X7Tg813x6rFVha-content\">\n<div id=\"Vdt5ez4X7Tg813x6rFVha-content\">\n<div role=\"article\" data-tabster=\"{&quot;groupper&quot;:{&quot;tabbability&quot;:2},&quot;focusable&quot;:{}}\" data-content=\"ai-message\" aria-labelledby=\"o968oC7CEo2fGHsGdsRYC-author o968oC7CEo2fGHsGdsRYC-content\">\n<div id=\"o968oC7CEo2fGHsGdsRYC-content\">\n<p>&nbsp;<\/p>\n<h2>Warum vapestornado f\u00fcr FIHP 15000 Puffs Vape Gro\u00dfhandel w\u00e4hlen?<\/h2>\n<div class=\"flex-shrink-0 flex flex-col relative items-end\">\n<div class=\"pt-0\">\n<div class=\"gizmo-bot-avatar flex h-8 w-8 items-center justify-center overflow-hidden rounded-full\">\n<div class=\"relative p-1 rounded-sm flex items-center justify-center bg-token-main-surface-primary text-token-text-primary h-8 w-8\">\n<p>Willkommen bei vapestornado, Ihrem vertrauensw\u00fcrdigen Online-Vape-Shop f\u00fcr Premium-Einweg-Vapes. Mit mehr als 5 Jahren Erfahrung bieten wir Ihnen beliebte Einweg-Vape-Marken wie Fumot RandM Vape, <a href=\"https:\/\/vapestornado.com\/de\/product-category\/vapme-shisha\/\">Vapme<\/a>, Bang Vape, Waspe Vape und WGA Vape usw.<\/p>\n<p>Unser Sortiment umfasst hei\u00df verkaufte Vapes wie den <a href=\"https:\/\/vapestornado.com\/de\/product\/randm-12000-puffs-fumot-digital-disposable-vape-wholesale-price\/\">RandM Tornado 12000<\/a>, und geschmacksreiche Optionen wie den <a href=\"https:\/\/vapestornado.com\/de\/product\/wga-crystal-pro-max-extra-15000-puffs-rechargeable-disposable-vape-wholesale-bulk-buy\/\">\u00a0WGA Kristall 15k Z\u00fcge<\/a> . Jedes Produkt wird mit Fokus auf Qualit\u00e4t, Wert und Vielfalt ausgew\u00e4hlt, um sicherzustellen, dass Sie die perfekte \u00dcbereinstimmung f\u00fcr Ihre Bed\u00fcrfnisse finden. Entdecken Sie au\u00dfergew\u00f6hnlichen Service und eine breite Palette an Spitzenprodukten zum Gro\u00dfhandelspreis bei vapestornado.<\/p>\n<\/div>\n<p>&nbsp;<\/p>\n<p><strong>Andere hei\u00dfe Einweg-Vapes im Angebot<\/strong><\/p>\n<p><a href=\"https:\/\/vapestornado.com\/de\/product\/bang-vape-35000-puffs-low-nicotine-bulk-buy-rechargeable-disposable-vapes-box-wholesale-price\/\">Bang Vape 40000 Z\u00fcge <span style=\"color: #ff0000;\"><strong>&gt;&gt;&gt;&gt; Los !<\/strong><\/span><\/a><\/p>\n<p><a href=\"https:\/\/vapestornado.com\/de\/product\/vopk-ultra-40000-puffs-2-in-1-digital-screen-rechargeable-disposable-vape\/\">VOPK 40000 Doppelter Geschmack<span style=\"color: #ff0000;\"><strong>&gt;&gt;&gt;&gt; Los !<\/strong><\/span><\/a><\/p>\n<p><a href=\"https:\/\/vapestornado.com\/de\/product\/puff-25k-bang-king-25000-puffs-rechargeable-disposable-vape-wholesale-bulk-buy\/\">Bang King 25000 <span style=\"color: #ff0000;\"><strong>&gt;&gt;&gt;&gt; Los !<\/strong><\/span><\/a><\/p>\n<\/div>\n<\/div>\n<\/div>\n<p>&nbsp;<\/p>\n<\/div>\n<\/div>\n<\/div>\n<\/div>\n<\/div>\n<\/div>\n<\/div>\n<\/div>\n<\/div>","protected":false},"excerpt":{"rendered":"<p>Vozol Vista 20000 Z\u00fcge Einweg E-Zigarette Gro\u00dfhandel<br \/>\nVozol Vista 20000 Vape Wiederaufladbare Einweg E-Zigarette<br \/>\nVozol Vista 20000 Z\u00fcge Einweg Pod Ger\u00e4t Gro\u00dfeinkauf<\/p>\n<p><strong>F\u00fcge Amy auf WhatsApp hinzu, um sofort eine Antwort und einen Vape-Gutschein zu erhalten!<\/strong><\/p>\n<p><img fetchpriority=\"high\" decoding=\"async\" class=\"size-full wp-image-2932\" src=\"https:\/\/vapestornado.com\/wp-content\/uploads\/2024\/12\/Vape-Wholesale.jpg\" alt=\"Vape-Gro\u00dfhandel\" width=\"229\" height=\"300\" \/><\/p>\n<h3><a href=\"https:\/\/wa.me\/8617776015835\"><span style=\"color: #ff0000;\"><strong>WhatsApp: +86 17776015835<\/strong><\/span><\/a><\/h3>\n<p>&nbsp;<\/p>","protected":false},"featured_media":3588,"comment_status":"open","ping_status":"closed","template":"","meta":{"_acf_changed":false,"_uag_custom_page_level_css":"","_lmt_disableupdate":"no","_lmt_disable":"","_monsterinsights_skip_tracking":false,"_monsterinsights_sitenote_active":false,"_monsterinsights_sitenote_note":"","_monsterinsights_sitenote_category":0,"site-sidebar-layout":"default","site-content-layout":"","ast-site-content-layout":"default","site-content-style":"default","site-sidebar-style":"default","ast-global-header-display":"","ast-banner-title-visibility":"","ast-main-header-display":"","ast-hfb-above-header-display":"","ast-hfb-below-header-display":"","ast-hfb-mobile-header-display":"","site-post-title":"","ast-breadcrumbs-content":"","ast-featured-img":"","footer-sml-layout":"","ast-disable-related-posts":"","theme-transparent-header-meta":"default","adv-header-id-meta":"","stick-header-meta":"","header-above-stick-meta":"","header-main-stick-meta":"","header-below-stick-meta":"","astra-migrate-meta-layouts":"set","ast-page-background-enabled":"default","ast-page-background-meta":{"desktop":{"background-color":"","background-image":"","background-repeat":"repeat","background-position":"center center","background-size":"auto","background-attachment":"scroll","background-type":"","background-media":"","overlay-type":"","overlay-color":"","overlay-opacity":"","overlay-gradient":""},"tablet":{"background-color":"","background-image":"","background-repeat":"repeat","background-position":"center center","background-size":"auto","background-attachment":"scroll","background-type":"","background-media":"","overlay-type":"","overlay-color":"","overlay-opacity":"","overlay-gradient":""},"mobile":{"background-color":"","background-image":"","background-repeat":"repeat","background-position":"center center","background-size":"auto","background-attachment":"scroll","background-type":"","background-media":"","overlay-type":"","overlay-color":"","overlay-opacity":"","overlay-gradient":""}},"ast-content-background-meta":{"desktop":{"background-color":"var(--ast-global-color-5)","background-image":"","background-repeat":"repeat","background-position":"center center","background-size":"auto","background-attachment":"scroll","background-type":"","background-media":"","overlay-type":"","overlay-color":"","overlay-opacity":"","overlay-gradient":""},"tablet":{"background-color":"var(--ast-global-color-5)","background-image":"","background-repeat":"repeat","background-position":"center center","background-size":"auto","background-attachment":"scroll","background-type":"","background-media":"","overlay-type":"","overlay-color":"","overlay-opacity":"","overlay-gradient":""},"mobile":{"background-color":"var(--ast-global-color-5)","background-image":"","background-repeat":"repeat","background-position":"center center","background-size":"auto","background-attachment":"scroll","background-type":"","background-media":"","overlay-type":"","overlay-color":"","overlay-opacity":"","overlay-gradient":""}},"_joinchat":{"telephone":"+8617776015835"}},"product_brand":[],"product_cat":[69,152,153,143,144,57],"product_tag":[165,105,97,166,94,220,219],"class_list":{"0":"post-3598","1":"product","2":"type-product","3":"status-publish","4":"has-post-thumbnail","6":"product_cat-20000-puff","7":"product_cat-buy-disposable-vapes-in-cermany","8":"product_cat-buy-disposable-vapes-in-italy","9":"product_cat-dual-mesh-disposable-vapes","10":"product_cat-low-nicotine-disposable-vapes","11":"product_cat-vozol-vape","12":"product_tag-cheap-vapes","13":"product_tag-digital-disposable-vape","14":"product_tag-hot-sale-disposable-vape","15":"product_tag-low-nicotine-vape","16":"product_tag-rechargeable-disposable-vape","17":"product_tag-vozol-vape","18":"product_tag-vozol-vista-20000","19":"desktop-align-left","20":"tablet-align-left","21":"mobile-align-left","23":"first","24":"instock","25":"sale","26":"shipping-taxable","27":"purchasable","28":"product-type-simple"},"acf":[],"uagb_featured_image_src":{"full":["https:\/\/vapestornado.com\/wp-content\/uploads\/2024\/12\/Vozol-Vista-20000-Disposable-Vape-Wholesale.jpg",1126,1126,false],"thumbnail":["https:\/\/vapestornado.com\/wp-content\/uploads\/2024\/12\/Vozol-Vista-20000-Disposable-Vape-Wholesale-150x150.jpg",150,150,true],"medium":["https:\/\/vapestornado.com\/wp-content\/uploads\/2024\/12\/Vozol-Vista-20000-Disposable-Vape-Wholesale-300x300.jpg",300,300,true],"medium_large":["https:\/\/vapestornado.com\/wp-content\/uploads\/2024\/12\/Vozol-Vista-20000-Disposable-Vape-Wholesale-768x768.jpg",768,768,true],"large":["https:\/\/vapestornado.com\/wp-content\/uploads\/2024\/12\/Vozol-Vista-20000-Disposable-Vape-Wholesale-1024x1024.jpg",1024,1024,true],"1536x1536":["https:\/\/vapestornado.com\/wp-content\/uploads\/2024\/12\/Vozol-Vista-20000-Disposable-Vape-Wholesale.jpg",1126,1126,false],"2048x2048":["https:\/\/vapestornado.com\/wp-content\/uploads\/2024\/12\/Vozol-Vista-20000-Disposable-Vape-Wholesale.jpg",1126,1126,false],"trp-custom-language-flag":["https:\/\/vapestornado.com\/wp-content\/uploads\/2024\/12\/Vozol-Vista-20000-Disposable-Vape-Wholesale.jpg",12,12,false],"woocommerce_thumbnail":["https:\/\/vapestornado.com\/wp-content\/uploads\/2024\/12\/Vozol-Vista-20000-Disposable-Vape-Wholesale-300x300.jpg",300,300,true],"woocommerce_single":["https:\/\/vapestornado.com\/wp-content\/uploads\/2024\/12\/Vozol-Vista-20000-Disposable-Vape-Wholesale-600x600.jpg",600,600,true],"woocommerce_gallery_thumbnail":["https:\/\/vapestornado.com\/wp-content\/uploads\/2024\/12\/Vozol-Vista-20000-Disposable-Vape-Wholesale-100x100.jpg",100,100,true]},"uagb_author_info":{"display_name":"ESAMY","author_link":"https:\/\/vapestornado.com\/de\/author\/"},"uagb_comment_info":0,"uagb_excerpt":"Vozol Vista 20000 Puffs Disposable Vape Wholesale Vozol Vista 20000 Vape Rechargeable Disposable Vape Vozol Vista 20000 Puffs Disposable Pod Device Bulk Buy Add Amy's whatsapp get right reply and vape coupon! WhatsApp: +86 17776015835 &nbsp;","_links":{"self":[{"href":"https:\/\/vapestornado.com\/de\/wp-json\/wp\/v2\/product\/3598","targetHints":{"allow":["GET"]}}],"collection":[{"href":"https:\/\/vapestornado.com\/de\/wp-json\/wp\/v2\/product"}],"about":[{"href":"https:\/\/vapestornado.com\/de\/wp-json\/wp\/v2\/types\/product"}],"replies":[{"embeddable":true,"href":"https:\/\/vapestornado.com\/de\/wp-json\/wp\/v2\/comments?post=3598"}],"wp:featuredmedia":[{"embeddable":true,"href":"https:\/\/vapestornado.com\/de\/wp-json\/wp\/v2\/media\/3588"}],"wp:attachment":[{"href":"https:\/\/vapestornado.com\/de\/wp-json\/wp\/v2\/media?parent=3598"}],"wp:term":[{"taxonomy":"product_brand","embeddable":true,"href":"https:\/\/vapestornado.com\/de\/wp-json\/wp\/v2\/product_brand?post=3598"},{"taxonomy":"product_cat","embeddable":true,"href":"https:\/\/vapestornado.com\/de\/wp-json\/wp\/v2\/product_cat?post=3598"},{"taxonomy":"product_tag","embeddable":true,"href":"https:\/\/vapestornado.com\/de\/wp-json\/wp\/v2\/product_tag?post=3598"}],"curies":[{"name":"wp","href":"https:\/\/api.w.org\/{rel}","templated":true}]}}