{"id":3567,"date":"2024-12-31T08:11:45","date_gmt":"2024-12-31T08:11:45","guid":{"rendered":"https:\/\/vapestornado.com\/?post_type=product&#038;p=3567"},"modified":"2025-08-23T09:41:24","modified_gmt":"2025-08-23T09:41:24","slug":"vapme-crystal-7000-puffs-disposable-vape","status":"publish","type":"product","link":"https:\/\/vapestornado.com\/de\/product\/vapme-crystal-7000-puffs-disposable-vape\/","title":{"rendered":"Vapme Crystal 7000 Puffs Einweg-Vape RGB-Licht"},"content":{"rendered":"<h1>Vapme Crystal 7000 Puffs Einweg-Vape RGB-Licht<\/h1>\n<p data-start=\"359\" data-end=\"637\">Der <strong data-start=\"363\" data-end=\"407\">Vapme Crystal 7000 Z\u00fcge Einweg E-Zigarette<\/strong> vereint Kapazit\u00e4t, Leistung und Stil in einem kompakten Ger\u00e4t. Mit einem <strong data-start=\"478\" data-end=\"500\">14ml E-Liquid-Tank<\/strong> und bis zu <strong data-start=\"511\" data-end=\"526\">7.000 Z\u00fcge<\/strong>bietet es eine lange Nutzungsdauer und ist somit eine praktische Wahl f\u00fcr allt\u00e4gliche Dampfer und Gro\u00dfhandelsk\u00e4ufer.<\/p>\n<p data-start=\"639\" data-end=\"892\">Angetrieben von einem <strong data-start=\"652\" data-end=\"683\">650mAh wiederaufladbarer Akku<\/strong> mit <strong data-start=\"689\" data-end=\"713\">Type-C-Schnellladung<\/strong>minimiert der Vapme Crystal 7K Ausfallzeiten und gew\u00e4hrleistet eine konstante Leistung. Sein <strong data-start=\"795\" data-end=\"813\">1.0\u03a9 Mesh-Spule<\/strong> verbessert den Geschmack und die Dampfproduktion und sorgt f\u00fcr sanfte und zufriedenstellende Z\u00fcge.<\/p>\n<p data-start=\"894\" data-end=\"1237\">Das Ger\u00e4t verf\u00fcgt au\u00dferdem \u00fcber <strong data-start=\"919\" data-end=\"935\">RGB-Beleuchtung<\/strong>, was dem kristallklaren Geh\u00e4use eine stilvolle Note verleiht. Mit <strong data-start=\"992\" data-end=\"1013\">30 Geschmacksrichtungen<\/strong>\u2014von fruchtigen und eisigen bis hin zu von S\u00fc\u00dfigkeiten inspirierten Profilen\u2014bietet die <strong data-start=\"1073\" data-end=\"1106\">Vapme Crystal 7000 Z\u00fcge Vape<\/strong> bietet f\u00fcr jeden Geschmack etwas. Kompakt, einfach zu bedienen und zuverl\u00e4ssig, ideal f\u00fcr Anf\u00e4nger und erfahrene Dampfer.<\/p>\n<p><img fetchpriority=\"high\" decoding=\"async\" class=\"size-full wp-image-3585\" src=\"https:\/\/vapestornado.com\/wp-content\/uploads\/2024\/12\/Vapme-Crystal-7000-Puffs-Wholesale-Supplier-Affordable-Bulk-Vape-Solutions.jpg\" alt=\"Vapme Crystal 7000 Z\u00fcge Gro\u00dfhandelslieferant Erschwingliche Bulk-Vape-L\u00f6sungen\" width=\"1000\" height=\"666\" srcset=\"https:\/\/vapestornado.com\/wp-content\/uploads\/2024\/12\/Vapme-Crystal-7000-Puffs-Wholesale-Supplier-Affordable-Bulk-Vape-Solutions.jpg 1000w, https:\/\/vapestornado.com\/wp-content\/uploads\/2024\/12\/Vapme-Crystal-7000-Puffs-Wholesale-Supplier-Affordable-Bulk-Vape-Solutions-300x200.jpg 300w, https:\/\/vapestornado.com\/wp-content\/uploads\/2024\/12\/Vapme-Crystal-7000-Puffs-Wholesale-Supplier-Affordable-Bulk-Vape-Solutions-768x511.jpg 768w, https:\/\/vapestornado.com\/wp-content\/uploads\/2024\/12\/Vapme-Crystal-7000-Puffs-Wholesale-Supplier-Affordable-Bulk-Vape-Solutions-600x400.jpg 600w\" sizes=\"(max-width: 1000px) 100vw, 1000px\" \/><\/p>\n<h3>Produktmerkmale<\/h3>\n<ol>\n<li>Langlebige 7.000+ Z\u00fcge mit 14mL E-Liquid-Kapazit\u00e4t.<\/li>\n<li>Wiederaufladbarer 650mAh-Akku mit schnellem Typ-C-Laden.<\/li>\n<li>1,0\u03a9 Mesh-Spule f\u00fcr satten Geschmack und dichten Dampf.<\/li>\n<li>Stilvolle RGB-Beleuchtung f\u00fcr ein erstklassiges Dampferlebnis.<\/li>\n<li>Erh\u00e4ltlich in 30 einzigartigen und k\u00f6stlichen Geschmacksrichtungen.<\/li>\n<\/ol>\n<h3>Geschmacksliste<\/h3>\n<ol>\n<li>Blaubeere Himbeere<\/li>\n<li>Traubenbeere<\/li>\n<li>Erdbeer-Wassermelonen-Kaugummi<\/li>\n<li>Erdbeer-Himbeer-Bonbon<\/li>\n<li>Erdbeer-Banane<\/li>\n<li>Erdbeer-Mango<\/li>\n<li>Pfirsich-Mango-Ananas<\/li>\n<li>Wassermelonen-Eis<\/li>\n<li>Dreifach-Mango<\/li>\n<li>Kirsche Eis<\/li>\n<li>Passionsfrucht-Melonen-Eis<\/li>\n<li>Kiwi-Passionsfrucht-Guave<\/li>\n<li>Erdbeer-Eis<\/li>\n<li>Pfirsich-Eis<\/li>\n<li>Blaue Himbeer-Limonade<\/li>\n<li>Erdbeer Kiwi<\/li>\n<li>Energy-Drink<\/li>\n<li>Kirsch Cola<\/li>\n<li>Gemischte Beeren Eis<\/li>\n<li>Zitrone<\/li>\n<li>Erdbeer-Traube<\/li>\n<li>Schwarze Johannisbeere Eis<\/li>\n<li>Blaubeer-Cranberry-Kirsche<\/li>\n<li>Wassermelonen-Kiwi-Eis<\/li>\n<li>Kirschbeere<\/li>\n<li>Minze<\/li>\n<li>Tropischer Fruchtpunsch<\/li>\n<li>Herr Blau<\/li>\n<li>Doppelapfel<\/li>\n<li>Banane Eis<\/li>\n<\/ol>\n<h4><strong>Vapme 7000 Z\u00fcge Top-Geschmacksrichtungen<\/strong><\/h4>\n<ol>\n<li><strong>Blaubeere Himbeere<\/strong>: Eine perfekt ausgewogene Mischung aus s\u00fc\u00dfen Blaubeeren und spritzigen Himbeeren.<\/li>\n<li><strong>Traubenbeere<\/strong>: Kr\u00e4ftiger Traubengeschmack, vermischt mit \u00fcppigen gemischten Beeren f\u00fcr ein erfrischendes Dampferlebnis.<\/li>\n<li><strong>Erdbeer-Wassermelonen-Kaugummi<\/strong>: Saftige Erdbeeren und Wassermelone kombiniert mit nostalgischer Kaugummi-S\u00fc\u00dfe.<\/li>\n<li><strong>Pfirsich-Mango-Ananas<\/strong>: Eine tropische Mischung aus s\u00fc\u00dfem Pfirsich, Mango und spritziger Ananas.<\/li>\n<li><strong>Wassermelonen-Eis<\/strong>: S\u00fc\u00dfe, erfrischende Wassermelone mit einem k\u00fchlen Menthol-Twist.<\/li>\n<\/ol>\n<h4><strong>Warum Vapme Crystal 7000 Puffs w\u00e4hlen?<\/strong><\/h4>\n<p>Der Vapme Crystal 7000 Puffs zeichnet sich durch seine au\u00dfergew\u00f6hnliche Leistung, sein schlankes Design und seine umfangreiche Geschmacksauswahl aus. Mit seiner enormen Kapazit\u00e4t von \u00fcber 7.000 Z\u00fcgen \u00fcberdauert er die meisten Einweg-Vapes und ist somit eine kosteng\u00fcnstige Wahl f\u00fcr Vielnutzer. Der wiederaufladbare 650mAh-Akku und das Typ-C-Laden sorgen f\u00fcr Komfort und weniger Abfall im Vergleich zu Einwegger\u00e4ten. Ausgestattet mit fortschrittlicher 1.0\u03a9 Mesh-Coil-Technologie liefert dieser Vape eine unvergleichliche Geschmacksintensit\u00e4t und sanfte Dampfproduktion. Sein leichtes, kompaktes Design und das RGB-Licht machen ihn zum perfekten Begleiter f\u00fcr das Dampfen unterwegs. Ob Sie ein Geschmacksenthusiast sind oder jemand, der Haltbarkeit und Stil sucht, Vapme Crystal 7000 Puffs ist die ultimative Wahl.<\/p>\n<h3><strong>H\u00e4ufig gestellte Fragen<\/strong><\/h3>\n<ol>\n<li><strong>Wie viele Z\u00fcge bietet der Vapme Crystal 7k Puff?<\/strong><br \/>\nEr bietet \u00fcber 7.000 Z\u00fcge und gew\u00e4hrleistet so eine lange Nutzungsdauer.<\/li>\n<li><strong>Ist der Vapme Crystal 7000 Puffs wiederaufladbar?<\/strong><br \/>\nJa, er verf\u00fcgt \u00fcber einen wiederaufladbaren 650mAh-Akku mit einem Typ-C-Anschluss.<\/li>\n<li><strong>Welche Geschmacksrichtungen sind f\u00fcr die Vapme Crystal 7k Vapes erh\u00e4ltlich?<\/strong><br \/>\nEs gibt 30 einzigartige Geschmacksrichtungen, darunter fruchtige, eisige und von S\u00fc\u00dfigkeiten inspirierte Optionen.<\/li>\n<li><strong>Welche Coil-Technologie verwendet dieser Vapme Vape 7k Crystal?<\/strong><br \/>\nEr ist mit einer 1.0\u03a9 Mesh-Coil f\u00fcr verbesserte Geschmacks- und Dampfproduktion ausgestattet.<\/li>\n<li><strong>Verf\u00fcgt der Vapme Crystal 7k Puffs \u00fcber eine RGB-Beleuchtung?<\/strong><br \/>\nJa, er verf\u00fcgt \u00fcber eine stilvolle RGB-Beleuchtung f\u00fcr ein verbessertes Dampferlebnis.<\/li>\n<\/ol>\n<h4>Vapme Crystal 7k Vape Gro\u00dfhandel Kontaktieren Sie uns und erhalten Sie jetzt Rabatt!<a href=\"https:\/\/wa.me\/8618077105750\" target=\"_blank\" rel=\"noopener\">+8618077105750<\/a><\/h4>\n<p><img decoding=\"async\" class=\"size-large wp-image-2921\" src=\"https:\/\/vapestornado.com\/wp-content\/uploads\/2024\/11\/20062b3a285f900e79520aad496b94d-887x1024.jpg\" alt=\"Vapestornado Vicky\" width=\"887\" height=\"1024\" srcset=\"https:\/\/vapestornado.com\/wp-content\/uploads\/2024\/11\/20062b3a285f900e79520aad496b94d-887x1024.jpg 887w, https:\/\/vapestornado.com\/wp-content\/uploads\/2024\/11\/20062b3a285f900e79520aad496b94d-260x300.jpg 260w, https:\/\/vapestornado.com\/wp-content\/uploads\/2024\/11\/20062b3a285f900e79520aad496b94d-768x887.jpg 768w, https:\/\/vapestornado.com\/wp-content\/uploads\/2024\/11\/20062b3a285f900e79520aad496b94d-600x693.jpg 600w, https:\/\/vapestornado.com\/wp-content\/uploads\/2024\/11\/20062b3a285f900e79520aad496b94d.jpg 1080w\" sizes=\"(max-width: 887px) 100vw, 887px\" \/><\/p>","protected":false},"excerpt":{"rendered":"<p>Vapme Crystal 7000 Puffs bietet \u00fcber 7.000 Z\u00fcge, 30 Geschmacksrichtungen, einen wiederaufladbaren Akku und eine 1,0\u03a9 Mesh-Spule f\u00fcr \u00fcberlegenen Geschmack.<\/p>\n<p><strong><span style=\"color: #ff0000;\">(Unser Website-Preis beinhaltet keine Versandkosten, bitte kontaktieren Sie mich, um den Gesamtpreis und Ihren Rabatt zu erhalten!)<\/span><\/strong><\/p>\n<p><img decoding=\"async\" class=\"size-medium wp-image-2921\" src=\"https:\/\/vapestornado.com\/wp-content\/uploads\/2024\/11\/20062b3a285f900e79520aad496b94d-260x300.jpg\" alt=\"Vapestornado Vicky\" width=\"260\" height=\"300\" srcset=\"https:\/\/vapestornado.com\/wp-content\/uploads\/2024\/11\/20062b3a285f900e79520aad496b94d-260x300.jpg 260w, https:\/\/vapestornado.com\/wp-content\/uploads\/2024\/11\/20062b3a285f900e79520aad496b94d-887x1024.jpg 887w, https:\/\/vapestornado.com\/wp-content\/uploads\/2024\/11\/20062b3a285f900e79520aad496b94d-768x887.jpg 768w, https:\/\/vapestornado.com\/wp-content\/uploads\/2024\/11\/20062b3a285f900e79520aad496b94d-600x693.jpg 600w, https:\/\/vapestornado.com\/wp-content\/uploads\/2024\/11\/20062b3a285f900e79520aad496b94d.jpg 1080w\" sizes=\"(max-width: 260px) 100vw, 260px\" \/><\/p>","protected":false},"featured_media":3579,"comment_status":"open","ping_status":"closed","template":"","meta":{"_acf_changed":false,"_uag_custom_page_level_css":"","_lmt_disableupdate":"no","_lmt_disable":"","_monsterinsights_skip_tracking":false,"_monsterinsights_sitenote_active":false,"_monsterinsights_sitenote_note":"","_monsterinsights_sitenote_category":0,"site-sidebar-layout":"default","site-content-layout":"","ast-site-content-layout":"default","site-content-style":"default","site-sidebar-style":"default","ast-global-header-display":"","ast-banner-title-visibility":"","ast-main-header-display":"","ast-hfb-above-header-display":"","ast-hfb-below-header-display":"","ast-hfb-mobile-header-display":"","site-post-title":"","ast-breadcrumbs-content":"","ast-featured-img":"","footer-sml-layout":"","ast-disable-related-posts":"","theme-transparent-header-meta":"default","adv-header-id-meta":"","stick-header-meta":"","header-above-stick-meta":"","header-main-stick-meta":"","header-below-stick-meta":"","astra-migrate-meta-layouts":"set","ast-page-background-enabled":"default","ast-page-background-meta":{"desktop":{"background-color":"","background-image":"","background-repeat":"repeat","background-position":"center center","background-size":"auto","background-attachment":"scroll","background-type":"","background-media":"","overlay-type":"","overlay-color":"","overlay-opacity":"","overlay-gradient":""},"tablet":{"background-color":"","background-image":"","background-repeat":"repeat","background-position":"center center","background-size":"auto","background-attachment":"scroll","background-type":"","background-media":"","overlay-type":"","overlay-color":"","overlay-opacity":"","overlay-gradient":""},"mobile":{"background-color":"","background-image":"","background-repeat":"repeat","background-position":"center center","background-size":"auto","background-attachment":"scroll","background-type":"","background-media":"","overlay-type":"","overlay-color":"","overlay-opacity":"","overlay-gradient":""}},"ast-content-background-meta":{"desktop":{"background-color":"var(--ast-global-color-5)","background-image":"","background-repeat":"repeat","background-position":"center center","background-size":"auto","background-attachment":"scroll","background-type":"","background-media":"","overlay-type":"","overlay-color":"","overlay-opacity":"","overlay-gradient":""},"tablet":{"background-color":"var(--ast-global-color-5)","background-image":"","background-repeat":"repeat","background-position":"center center","background-size":"auto","background-attachment":"scroll","background-type":"","background-media":"","overlay-type":"","overlay-color":"","overlay-opacity":"","overlay-gradient":""},"mobile":{"background-color":"var(--ast-global-color-5)","background-image":"","background-repeat":"repeat","background-position":"center center","background-size":"auto","background-attachment":"scroll","background-type":"","background-media":"","overlay-type":"","overlay-color":"","overlay-opacity":"","overlay-gradient":""}},"_joinchat":{"telephone":"+8618077105750"}},"product_brand":[],"product_cat":[74,154,159,143,144,61],"product_tag":[],"class_list":{"0":"post-3567","1":"product","2":"type-product","3":"status-publish","4":"has-post-thumbnail","6":"product_cat-7000-puff","7":"product_cat-buy-disposable-vapes-in-netherlands","8":"product_cat-buy-disposable-vapes-in-sweden","9":"product_cat-dual-mesh-disposable-vapes","10":"product_cat-low-nicotine-disposable-vapes","11":"product_cat-vapme-shisha","12":"desktop-align-left","13":"tablet-align-left","14":"mobile-align-left","16":"first","17":"instock","18":"sale","19":"shipping-taxable","20":"purchasable","21":"product-type-simple"},"acf":[],"uagb_featured_image_src":{"full":["https:\/\/vapestornado.com\/wp-content\/uploads\/2024\/12\/Vapme-Crystal-7000-Puffs-Price-Best-Value-for-High-Performance-Disposable-Vapes.jpg",1000,1000,false],"thumbnail":["https:\/\/vapestornado.com\/wp-content\/uploads\/2024\/12\/Vapme-Crystal-7000-Puffs-Price-Best-Value-for-High-Performance-Disposable-Vapes-150x150.jpg",150,150,true],"medium":["https:\/\/vapestornado.com\/wp-content\/uploads\/2024\/12\/Vapme-Crystal-7000-Puffs-Price-Best-Value-for-High-Performance-Disposable-Vapes-300x300.jpg",300,300,true],"medium_large":["https:\/\/vapestornado.com\/wp-content\/uploads\/2024\/12\/Vapme-Crystal-7000-Puffs-Price-Best-Value-for-High-Performance-Disposable-Vapes-768x768.jpg",768,768,true],"large":["https:\/\/vapestornado.com\/wp-content\/uploads\/2024\/12\/Vapme-Crystal-7000-Puffs-Price-Best-Value-for-High-Performance-Disposable-Vapes.jpg",1000,1000,false],"1536x1536":["https:\/\/vapestornado.com\/wp-content\/uploads\/2024\/12\/Vapme-Crystal-7000-Puffs-Price-Best-Value-for-High-Performance-Disposable-Vapes.jpg",1000,1000,false],"2048x2048":["https:\/\/vapestornado.com\/wp-content\/uploads\/2024\/12\/Vapme-Crystal-7000-Puffs-Price-Best-Value-for-High-Performance-Disposable-Vapes.jpg",1000,1000,false],"trp-custom-language-flag":["https:\/\/vapestornado.com\/wp-content\/uploads\/2024\/12\/Vapme-Crystal-7000-Puffs-Price-Best-Value-for-High-Performance-Disposable-Vapes.jpg",12,12,false],"woocommerce_thumbnail":["https:\/\/vapestornado.com\/wp-content\/uploads\/2024\/12\/Vapme-Crystal-7000-Puffs-Price-Best-Value-for-High-Performance-Disposable-Vapes-300x300.jpg",300,300,true],"woocommerce_single":["https:\/\/vapestornado.com\/wp-content\/uploads\/2024\/12\/Vapme-Crystal-7000-Puffs-Price-Best-Value-for-High-Performance-Disposable-Vapes-600x600.jpg",600,600,true],"woocommerce_gallery_thumbnail":["https:\/\/vapestornado.com\/wp-content\/uploads\/2024\/12\/Vapme-Crystal-7000-Puffs-Price-Best-Value-for-High-Performance-Disposable-Vapes-100x100.jpg",100,100,true]},"uagb_author_info":{"display_name":"ESvicky","author_link":"https:\/\/vapestornado.com\/de\/author\/"},"uagb_comment_info":0,"uagb_excerpt":"Vapme Crystal 7000 Puffs offers 7,000+ puffs, 30 flavors, rechargeable battery, and 1.0\u03a9 mesh coil for superior flavor. (our website price not include shipping cost, please contact me to get whole price and your disccount!)","_links":{"self":[{"href":"https:\/\/vapestornado.com\/de\/wp-json\/wp\/v2\/product\/3567","targetHints":{"allow":["GET"]}}],"collection":[{"href":"https:\/\/vapestornado.com\/de\/wp-json\/wp\/v2\/product"}],"about":[{"href":"https:\/\/vapestornado.com\/de\/wp-json\/wp\/v2\/types\/product"}],"replies":[{"embeddable":true,"href":"https:\/\/vapestornado.com\/de\/wp-json\/wp\/v2\/comments?post=3567"}],"wp:featuredmedia":[{"embeddable":true,"href":"https:\/\/vapestornado.com\/de\/wp-json\/wp\/v2\/media\/3579"}],"wp:attachment":[{"href":"https:\/\/vapestornado.com\/de\/wp-json\/wp\/v2\/media?parent=3567"}],"wp:term":[{"taxonomy":"product_brand","embeddable":true,"href":"https:\/\/vapestornado.com\/de\/wp-json\/wp\/v2\/product_brand?post=3567"},{"taxonomy":"product_cat","embeddable":true,"href":"https:\/\/vapestornado.com\/de\/wp-json\/wp\/v2\/product_cat?post=3567"},{"taxonomy":"product_tag","embeddable":true,"href":"https:\/\/vapestornado.com\/de\/wp-json\/wp\/v2\/product_tag?post=3567"}],"curies":[{"name":"wp","href":"https:\/\/api.w.org\/{rel}","templated":true}]}}