{"id":3515,"date":"2024-12-28T08:19:21","date_gmt":"2024-12-28T08:19:21","guid":{"rendered":"https:\/\/vapestornado.com\/?post_type=product&#038;p=3515"},"modified":"2025-08-23T12:19:13","modified_gmt":"2025-08-23T12:19:13","slug":"uwin-shisha-hookah-crystal-20000-puffs-new-vape-bulk-price","status":"publish","type":"product","link":"https:\/\/vapestornado.com\/de\/product\/uwin-shisha-hookah-crystal-20000-puffs-new-vape-bulk-price\/","title":{"rendered":"Uwin SHISHA HOOKAH Crystal 20000 Puffs Neuer Vape Gro\u00dfhandelspreis"},"content":{"rendered":"<h1>Uwin SHISHA HOOKAH Crystal 20000 Puffs Neuer Vape Gro\u00dfhandelspreis<\/h1>\n<p>Der <strong data-start=\"291\" data-end=\"333\">Uwin Shisha Wasserpfeife Crystal 20000 Z\u00fcge<\/strong> ist ein Premium-Einweg-Vape, der f\u00fcr Einzelh\u00e4ndler und Distributoren entwickelt wurde, die <strong data-start=\"415\" data-end=\"438\">Vape-Gro\u00dfhandelsl\u00f6sungen<\/strong> mit starker Nachfrage in ganz Deutschland suchen. Jedes Ger\u00e4t liefert bis zu <strong data-start=\"500\" data-end=\"523\">20.000 sanfte Z\u00fcge<\/strong>, vorgef\u00fcllt mit <strong data-start=\"541\" data-end=\"561\">25ml E-Liquid<\/strong> und angetrieben von einem <strong data-start=\"580\" data-end=\"618\">wiederaufladbare 850mAh Kobaltbatterie<\/strong> mit schnellem <strong data-start=\"629\" data-end=\"648\">Typ-C-Laden<\/strong>.<\/p>\n<p>Erh\u00e4ltlich in <strong data-start=\"672\" data-end=\"713\">0%, 2%, 3% und 5% Nikotinst\u00e4rken<\/strong>, bietet es Flexibilit\u00e4t f\u00fcr jeden Kundentyp. Der <strong data-start=\"769\" data-end=\"793\">Mesh-Coil-Technologie<\/strong> sorgt f\u00fcr reichen Geschmack und dichte Wolken, w\u00e4hrend das <strong data-start=\"842\" data-end=\"867\">Kristall-Shisha-Design<\/strong> einen modernen, stilvollen Reiz hinzuf\u00fcgt.<\/p>\n<p>Mit <strong data-start=\"913\" data-end=\"940\">12 meistverkaufte Geschmacksrichtungen<\/strong> und praktische Gro\u00dfhandelsverpackungen (<strong data-start=\"976\" data-end=\"1019\">10 St\u00fcck\/Karton, 200 St\u00fcck\/Karton, 20,3 kg\/Karton<\/strong>), ist die Uwin Crystal 20K sowohl f\u00fcr <strong data-start=\"1061\" data-end=\"1109\">Einzelhandelsregale als auch f\u00fcr gro\u00dfe Distributionsauftr\u00e4ge<\/strong>konzipiert. Kompakt und doch leistungsstark, kombiniert sie <strong data-start=\"1145\" data-end=\"1192\">Zuverl\u00e4ssigkeit, Leistung und Erschwinglichkeit<\/strong>, was sie zu einer der wettbewerbsf\u00e4higsten Gro\u00dfhandels-Vapes in der 20k-Z\u00fcge-Kategorie macht.<img fetchpriority=\"high\" decoding=\"async\" class=\"wp-image-3531\" style=\"font-style: inherit; font-weight: 600;\" src=\"https:\/\/vapestornado.com\/wp-content\/uploads\/2024\/12\/UWIN-VAPES-HOOKAH-Crystal-20000-Puffs-Grape-ice.jpg\" alt=\"UWIN VAPES HOOKAH Kristall 20000 Z\u00fcge Traube Eis\" width=\"473\" height=\"473\" srcset=\"https:\/\/vapestornado.com\/wp-content\/uploads\/2024\/12\/UWIN-VAPES-HOOKAH-Crystal-20000-Puffs-Grape-ice.jpg 800w, https:\/\/vapestornado.com\/wp-content\/uploads\/2024\/12\/UWIN-VAPES-HOOKAH-Crystal-20000-Puffs-Grape-ice-300x300.jpg 300w, https:\/\/vapestornado.com\/wp-content\/uploads\/2024\/12\/UWIN-VAPES-HOOKAH-Crystal-20000-Puffs-Grape-ice-150x150.jpg 150w, https:\/\/vapestornado.com\/wp-content\/uploads\/2024\/12\/UWIN-VAPES-HOOKAH-Crystal-20000-Puffs-Grape-ice-768x768.jpg 768w, https:\/\/vapestornado.com\/wp-content\/uploads\/2024\/12\/UWIN-VAPES-HOOKAH-Crystal-20000-Puffs-Grape-ice-600x600.jpg 600w, https:\/\/vapestornado.com\/wp-content\/uploads\/2024\/12\/UWIN-VAPES-HOOKAH-Crystal-20000-Puffs-Grape-ice-100x100.jpg 100w\" sizes=\"(max-width: 473px) 100vw, 473px\" \/><\/p>\n<div role=\"article\" data-tabster=\"{&quot;groupper&quot;:{&quot;tabbability&quot;:2},&quot;focusable&quot;:{}}\" data-content=\"ai-message\" aria-labelledby=\"64JRvXrTnY7mRmPkEQLLT-author 64JRvXrTnY7mRmPkEQLLT-content\">\n<div id=\"64JRvXrTnY7mRmPkEQLLT-content\">UWIN VAPES HOOKAH Kristall 20000 Z\u00fcge Traube Eis<\/div>\n<\/div>\n<p><img decoding=\"async\" class=\"alignleft wp-image-2951 size-medium\" src=\"https:\/\/vapestornado.com\/wp-content\/uploads\/2024\/12\/Wholesale-Disposable-Vape-265x300.jpg\" alt=\"Einweg-Vape im Gro\u00dfhandel\" width=\"265\" height=\"300\" srcset=\"https:\/\/vapestornado.com\/wp-content\/uploads\/2024\/12\/Wholesale-Disposable-Vape-265x300.jpg 265w, https:\/\/vapestornado.com\/wp-content\/uploads\/2024\/12\/Wholesale-Disposable-Vape-768x871.jpg 768w, https:\/\/vapestornado.com\/wp-content\/uploads\/2024\/12\/Wholesale-Disposable-Vape-600x680.jpg 600w, https:\/\/vapestornado.com\/wp-content\/uploads\/2024\/12\/Wholesale-Disposable-Vape.jpg 823w\" sizes=\"(max-width: 265px) 100vw, 265px\" \/><\/p>\n<h6>Bitte kontaktieren Sie Mandys WhatsApp f\u00fcr einen Rabattpreis:<a href=\"https:\/\/wa.me\/8618077105796\" target=\"_blank\" rel=\"noopener\">+8618077105796<\/a><\/h6>\n<div class=\"flex max-w-full flex-col flex-grow\">\n<div class=\"min-h-8 text-message flex w-full flex-col items-end gap-2 whitespace-normal break-words text-start [.text-message+&amp;]:mt-5\" dir=\"auto\" data-message-author-role=\"assistant\" data-message-id=\"cdb991c0-f594-4bff-b2d5-fbbdd7ce9e54\" data-message-model-slug=\"gpt-4o-mini\">\n<div class=\"flex w-full flex-col gap-1 empty:hidden first:pt-[3px]\">\n<div class=\"markdown prose w-full break-words dark:prose-invert light\"><\/div>\n<\/div>\n<\/div>\n<\/div>\n<div class=\"mb-2 flex gap-3 empty:hidden -ml-2\">\n<h2><strong>Uwin SHISHA VAPE Crystal 20000 Z\u00fcge <\/strong>Hervorragende Eigenschaften:<\/h2>\n<ul>\n<li><strong>Nikotingehalt<\/strong>: 0%, 2%, 3%, 5%<\/li>\n<li><strong>Z\u00fcge<\/strong>: Bis zu 20.000<\/li>\n<li><strong>E-Liquid<\/strong>: 25 ml Fassungsverm\u00f6gen<\/li>\n<li><strong>Batterie<\/strong>: 850 mAh wiederaufladbar, Typ-C Anschluss<\/li>\n<li><strong>Spule<\/strong>: Mesh-Coil f\u00fcr intensiven Geschmack<\/li>\n<li><strong>Geschmacksrichtungen<\/strong>: 12 Optionen<\/li>\n<li><strong>Verpackung<\/strong>: 10 St\u00fcck\/Box, 200 St\u00fcck\/Karton<\/li>\n<li><strong>Kartonspezifikationen<\/strong>: 20,3 kg, 39,5 \u00d7 39 \u00d7 30,5 cm<\/li>\n<li><strong>Ziehverhalten<\/strong>: Direkt-in-Lunge (DTL)<\/li>\n<\/ul>\n<\/div>\n<h2><strong>Uwin SHISHA HOOKAH Crystal VAPES 20k Z\u00fcge<\/strong> Geschmacksliste:<\/h2>\n<p>1. Heidelbeere auf Eis<br \/>\n2.Kiwi-Passionsfrucht-Guave<br \/>\n3.Erdbeere-Kiwi<br \/>\n4.Beerenmix<br \/>\n5.Erdbeere-Wassermelone<br \/>\n6.Traube-Eis<br \/>\n7.Wassermelone Eis<br \/>\n8.Kirsche Eis<br \/>\n9.Erdbeere Eis<br \/>\n10.Pfirsich Eis<br \/>\n11.Blaubeere Himbeere<br \/>\n12.Liebe 66<\/p>\n<div role=\"article\" data-tabster=\"{&quot;groupper&quot;:{&quot;tabbability&quot;:2},&quot;focusable&quot;:{}}\" data-content=\"ai-message\" aria-labelledby=\"dARUyEWDoEYhnSPXFwx5A-author dARUyEWDoEYhnSPXFwx5A-content\">\n<div id=\"dARUyEWDoEYhnSPXFwx5A-content\">\n<h2>Warum die <strong>Uwin SHISHA HOOKAH Kristall 20000 Z\u00fcge <\/strong>at <a href=\"https:\/\/vapestornado.com\/de\/product\/bang-box-35k-puffs-high-capacity-long-lasting-disposable-vape\/\">vapestornado.com?<\/a><\/h2>\n<p>Wenn Sie erstklassige Einweg-Vapes zu wettbewerbsf\u00e4higen Preisen suchen, ist vapestornado.com Ihre vertrauensw\u00fcrdige Quelle f\u00fcr die <strong>Uwin Shisha Kristall 20000 Zug<\/strong>. Deshalb zeichnen sich dieses Produkt und diese Plattform aus:<\/p>\n<ul>\n<li><strong>Au\u00dfergew\u00f6hnliche Langlebigkeit<\/strong><br \/>\nDie Uwin Shisha Hookah Crystal liefert bis zu <strong>20.000 Z\u00fcge<\/strong>, was ihn zu einem der langlebigsten Einweg-Vapes auf dem Markt macht. Perfekt f\u00fcr begeisterte Dampfer und diejenigen, die eine l\u00e4ngere Nutzung anstreben.<\/li>\n<li><strong>Vielf\u00e4ltige Nikotinoptionen<\/strong><br \/>\nF\u00fcr alle Vorlieben ist dieser Vape erh\u00e4ltlich in <strong>0%, 2%, 3% und 5% Nikotinst\u00e4rken<\/strong>, was ihn ideal f\u00fcr Gelegenheits- und regelm\u00e4\u00dfige Nutzer macht.<\/li>\n<li><strong>Geschmacksvielfalt<\/strong><br \/>\nW\u00e4hlen Sie aus <strong>12 Premium-Geschmacksrichtungen<\/strong>, sorgf\u00e4ltig hergestellt, um eine Vielzahl von Geschm\u00e4ckern zu befriedigen, von fruchtigen Favoriten bis hin zu k\u00fchlen Mentholmischungen.<\/li>\n<li><strong>Fortschrittliche Technologie<\/strong><br \/>\nAusgestattet mit einer <strong>Mesh-Coil<\/strong> und <strong>wiederaufladbare 850mAh Kobaltbatterie<\/strong>, das Ger\u00e4t bietet sanften Dampf, reichen Geschmack und schnelles, bequemes Laden \u00fcber ein <strong>Typ-C-Anschluss<\/strong>.<\/li>\n<li><strong>Gro\u00dfhandelskomfort<\/strong><br \/>\nBei vapestornado.com genie\u00dfen Sie Gro\u00dfpackungsoptionen mit <strong>10 St\u00fcck pro Karton<\/strong> und <strong>200 St\u00fcck pro Karton<\/strong>, perfekt f\u00fcr Einzelh\u00e4ndler und H\u00e4ndler.<\/li>\n<li><strong>Vertrauensw\u00fcrdiger Lieferant<\/strong><br \/>\nvapestornado.com ist bekannt f\u00fcr seinen zuverl\u00e4ssigen Service, echte Produkte und wettbewerbsf\u00e4hige Preise, was es zur ersten Anlaufstelle f\u00fcr hochwertige Vapes macht.<\/li>\n<\/ul>\n<\/div>\n<\/div>\n<h2>FAQs zu <strong>Uwin SHISHA HOOKAH Kristall 20000 Z\u00fcge <\/strong>Vape Pods<\/h2>\n<p>&nbsp;<\/p>\n<p><strong>1. Wie viele Z\u00fcge kann ich von den Uwin Shisha Hookah Vapes 20k puff bekommen?<\/strong><br \/>\nJeder Pod bietet bis zu <strong>20.000 Z\u00fcge<\/strong>, was ihn zu einer langlebigen Option f\u00fcr regelm\u00e4\u00dfiges Dampfen macht.<\/p>\n<p><strong>2. Welche Nikotinst\u00e4rken sind f\u00fcr Uwin Crystal 20000 Puffs verf\u00fcgbar?<\/strong><br \/>\nDer Uwin Shisha Hookah Crystal ist erh\u00e4ltlich in <strong>0%, 2%, 3% und 5% Nikotin<\/strong> um verschiedenen Vorlieben gerecht zu werden.<\/p>\n<p><strong>3. Wie viel E-Liquid enthalten Uwin Crystal Vapes 20k Puffs?<\/strong><br \/>\nJeder Pod ist vorgef\u00fcllt mit <strong>25ml Premium-E-Liquid<\/strong> f\u00fcr verl\u00e4ngerten Gebrauch.<\/p>\n<p><strong>4. Wie lange dauert die Lieferung der Uwin Shisha Hookah Crystal 20000 Puffs Vape Pods in mein Land?<\/strong><br \/>\nDie Lieferzeiten variieren je nach Ihrem Standort und der gew\u00e4hlten Versandart. F\u00fcr europ\u00e4ische L\u00e4nder dauert der Standardversand in der Regel 10<strong>\u201315 Werktage.<\/strong> Bei Feiertagen verz\u00f6gert sich die Lieferzeit des Pakets.<\/p>\n<p><strong>5. Wie verfolge ich meine Bestellung?<\/strong><br \/>\nSobald Ihre Bestellung versandt wurde, erhalten Sie vom Lieferanten oder H\u00e4ndler eine Sendungsverfolgungsnummer. Nutzen Sie diese, um den Fortschritt Ihrer Lieferung zu \u00fcberwachen.<\/p>","protected":false},"excerpt":{"rendered":"<p>Uwin Shisha Hookah Crystal 20000 Puffs Vape, Gro\u00dfhandelspreise, erstklassige Geschmacksrichtungen, wiederaufladbar, 2% und 5% Nikotin, umweltfreundlich. Perfekt f\u00fcr Gro\u00dfhandelsk\u00e4ufer in Deutschland.<\/p>\n<figure id=\"attachment_2951\" aria-describedby=\"caption-attachment-2951\" style=\"width: 265px\" class=\"wp-caption alignnone\"><img decoding=\"async\" class=\"size-medium wp-image-2951\" src=\"https:\/\/vapestornado.com\/wp-content\/uploads\/2024\/12\/Wholesale-Disposable-Vape-265x300.jpg\" alt=\"Einweg-Vape im Gro\u00dfhandel\" width=\"265\" height=\"300\" srcset=\"https:\/\/vapestornado.com\/wp-content\/uploads\/2024\/12\/Wholesale-Disposable-Vape-265x300.jpg 265w, https:\/\/vapestornado.com\/wp-content\/uploads\/2024\/12\/Wholesale-Disposable-Vape-768x871.jpg 768w, https:\/\/vapestornado.com\/wp-content\/uploads\/2024\/12\/Wholesale-Disposable-Vape-600x680.jpg 600w, https:\/\/vapestornado.com\/wp-content\/uploads\/2024\/12\/Wholesale-Disposable-Vape.jpg 823w\" sizes=\"(max-width: 265px) 100vw, 265px\" \/><figcaption id=\"caption-attachment-2951\" class=\"wp-caption-text\">F\u00fcr Rabattpreis kontaktieren Sie bitte Mandys WhatsApp\u00a0 <a href=\"https:\/\/wa.me\/8618077105796\">+8618077105796<\/a><\/figcaption><\/figure>\n<p>&nbsp;<\/p>","protected":false},"featured_media":3520,"comment_status":"open","ping_status":"closed","template":"","meta":{"_acf_changed":false,"_uag_custom_page_level_css":"","_lmt_disableupdate":"no","_lmt_disable":"","_monsterinsights_skip_tracking":false,"_monsterinsights_sitenote_active":false,"_monsterinsights_sitenote_note":"","_monsterinsights_sitenote_category":0,"site-sidebar-layout":"default","site-content-layout":"","ast-site-content-layout":"default","site-content-style":"default","site-sidebar-style":"default","ast-global-header-display":"","ast-banner-title-visibility":"","ast-main-header-display":"","ast-hfb-above-header-display":"","ast-hfb-below-header-display":"","ast-hfb-mobile-header-display":"","site-post-title":"","ast-breadcrumbs-content":"","ast-featured-img":"","footer-sml-layout":"","ast-disable-related-posts":"","theme-transparent-header-meta":"default","adv-header-id-meta":"","stick-header-meta":"","header-above-stick-meta":"","header-main-stick-meta":"","header-below-stick-meta":"","astra-migrate-meta-layouts":"set","ast-page-background-enabled":"default","ast-page-background-meta":{"desktop":{"background-color":"","background-image":"","background-repeat":"repeat","background-position":"center center","background-size":"auto","background-attachment":"scroll","background-type":"","background-media":"","overlay-type":"","overlay-color":"","overlay-opacity":"","overlay-gradient":""},"tablet":{"background-color":"","background-image":"","background-repeat":"repeat","background-position":"center center","background-size":"auto","background-attachment":"scroll","background-type":"","background-media":"","overlay-type":"","overlay-color":"","overlay-opacity":"","overlay-gradient":""},"mobile":{"background-color":"","background-image":"","background-repeat":"repeat","background-position":"center center","background-size":"auto","background-attachment":"scroll","background-type":"","background-media":"","overlay-type":"","overlay-color":"","overlay-opacity":"","overlay-gradient":""}},"ast-content-background-meta":{"desktop":{"background-color":"var(--ast-global-color-5)","background-image":"","background-repeat":"repeat","background-position":"center center","background-size":"auto","background-attachment":"scroll","background-type":"","background-media":"","overlay-type":"","overlay-color":"","overlay-opacity":"","overlay-gradient":""},"tablet":{"background-color":"var(--ast-global-color-5)","background-image":"","background-repeat":"repeat","background-position":"center center","background-size":"auto","background-attachment":"scroll","background-type":"","background-media":"","overlay-type":"","overlay-color":"","overlay-opacity":"","overlay-gradient":""},"mobile":{"background-color":"var(--ast-global-color-5)","background-image":"","background-repeat":"repeat","background-position":"center center","background-size":"auto","background-attachment":"scroll","background-type":"","background-media":"","overlay-type":"","overlay-color":"","overlay-opacity":"","overlay-gradient":""}},"_joinchat":{"telephone":"+8618077105796"}},"product_brand":[],"product_cat":[69,150,151,153,157,141],"product_tag":[97,217],"class_list":{"0":"post-3515","1":"product","2":"type-product","3":"status-publish","4":"has-post-thumbnail","6":"product_cat-20000-puff","7":"product_cat-buy-disposable-vapes-in-belgium","8":"product_cat-buy-disposable-vapes-in-france","9":"product_cat-buy-disposable-vapes-in-italy","10":"product_cat-buy-disposable-vapes-in-portugal","11":"product_cat-crystal-disposable-vapes","12":"product_tag-hot-sale-disposable-vape","13":"product_tag-uwin-shisha-hookah-crystal-20000-puffs","14":"desktop-align-left","15":"tablet-align-left","16":"mobile-align-left","18":"first","19":"instock","20":"sale","21":"shipping-taxable","22":"purchasable","23":"product-type-simple"},"acf":[],"uagb_featured_image_src":{"full":["https:\/\/vapestornado.com\/wp-content\/uploads\/2024\/12\/Good-Sale-UWIN-HOOKAH-Crystal-20000-Puffs-Watermelon-ice.jpg",800,800,false],"thumbnail":["https:\/\/vapestornado.com\/wp-content\/uploads\/2024\/12\/Good-Sale-UWIN-HOOKAH-Crystal-20000-Puffs-Watermelon-ice-150x150.jpg",150,150,true],"medium":["https:\/\/vapestornado.com\/wp-content\/uploads\/2024\/12\/Good-Sale-UWIN-HOOKAH-Crystal-20000-Puffs-Watermelon-ice-300x300.jpg",300,300,true],"medium_large":["https:\/\/vapestornado.com\/wp-content\/uploads\/2024\/12\/Good-Sale-UWIN-HOOKAH-Crystal-20000-Puffs-Watermelon-ice-768x768.jpg",768,768,true],"large":["https:\/\/vapestornado.com\/wp-content\/uploads\/2024\/12\/Good-Sale-UWIN-HOOKAH-Crystal-20000-Puffs-Watermelon-ice.jpg",800,800,false],"1536x1536":["https:\/\/vapestornado.com\/wp-content\/uploads\/2024\/12\/Good-Sale-UWIN-HOOKAH-Crystal-20000-Puffs-Watermelon-ice.jpg",800,800,false],"2048x2048":["https:\/\/vapestornado.com\/wp-content\/uploads\/2024\/12\/Good-Sale-UWIN-HOOKAH-Crystal-20000-Puffs-Watermelon-ice.jpg",800,800,false],"trp-custom-language-flag":["https:\/\/vapestornado.com\/wp-content\/uploads\/2024\/12\/Good-Sale-UWIN-HOOKAH-Crystal-20000-Puffs-Watermelon-ice.jpg",12,12,false],"woocommerce_thumbnail":["https:\/\/vapestornado.com\/wp-content\/uploads\/2024\/12\/Good-Sale-UWIN-HOOKAH-Crystal-20000-Puffs-Watermelon-ice-300x300.jpg",300,300,true],"woocommerce_single":["https:\/\/vapestornado.com\/wp-content\/uploads\/2024\/12\/Good-Sale-UWIN-HOOKAH-Crystal-20000-Puffs-Watermelon-ice-600x600.jpg",600,600,true],"woocommerce_gallery_thumbnail":["https:\/\/vapestornado.com\/wp-content\/uploads\/2024\/12\/Good-Sale-UWIN-HOOKAH-Crystal-20000-Puffs-Watermelon-ice-100x100.jpg",100,100,true]},"uagb_author_info":{"display_name":"ESMANDY","author_link":"https:\/\/vapestornado.com\/de\/author\/"},"uagb_comment_info":0,"uagb_excerpt":"Uwin Shisha Hookah Crystal 20000 Puffs Vape, bulk prices, premium flavors, rechargeable, 2%5% nicotine, eco-friendly. Perfect for wholesale buyers in Europe. [caption id=\"attachment_2951\" align=\"alignnone\" width=\"265\"] Pls Contact Mandy's WhatsApp For Discount Price\u00a0 +8618077105796[\/caption] &nbsp;","_links":{"self":[{"href":"https:\/\/vapestornado.com\/de\/wp-json\/wp\/v2\/product\/3515","targetHints":{"allow":["GET"]}}],"collection":[{"href":"https:\/\/vapestornado.com\/de\/wp-json\/wp\/v2\/product"}],"about":[{"href":"https:\/\/vapestornado.com\/de\/wp-json\/wp\/v2\/types\/product"}],"replies":[{"embeddable":true,"href":"https:\/\/vapestornado.com\/de\/wp-json\/wp\/v2\/comments?post=3515"}],"wp:featuredmedia":[{"embeddable":true,"href":"https:\/\/vapestornado.com\/de\/wp-json\/wp\/v2\/media\/3520"}],"wp:attachment":[{"href":"https:\/\/vapestornado.com\/de\/wp-json\/wp\/v2\/media?parent=3515"}],"wp:term":[{"taxonomy":"product_brand","embeddable":true,"href":"https:\/\/vapestornado.com\/de\/wp-json\/wp\/v2\/product_brand?post=3515"},{"taxonomy":"product_cat","embeddable":true,"href":"https:\/\/vapestornado.com\/de\/wp-json\/wp\/v2\/product_cat?post=3515"},{"taxonomy":"product_tag","embeddable":true,"href":"https:\/\/vapestornado.com\/de\/wp-json\/wp\/v2\/product_tag?post=3515"}],"curies":[{"name":"wp","href":"https:\/\/api.w.org\/{rel}","templated":true}]}}