{"id":3450,"date":"2024-12-27T09:35:12","date_gmt":"2024-12-27T09:35:12","guid":{"rendered":"https:\/\/vapestornado.com\/?post_type=product&#038;p=3450"},"modified":"2025-08-23T11:18:02","modified_gmt":"2025-08-23T11:18:02","slug":"fumot-randm-tornado-7000-puffs-disposable-vape","status":"publish","type":"product","link":"https:\/\/vapestornado.com\/de\/product\/fumot-randm-tornado-7000-puffs-disposable-vape\/","title":{"rendered":"Fumot RandM Tornado 7000 Z\u00fcge Einweg Vape"},"content":{"rendered":"<h1>Fumot RandM Tornado 7000 Z\u00fcge Einweg Vape<\/h1>\n<p data-start=\"181\" data-end=\"479\">Der <strong data-start=\"185\" data-end=\"235\">Fumot RandM Tornado 7000 Z\u00fcge Einweg Vape<\/strong> ist ein kompaktes und dennoch leistungsstarkes Ger\u00e4t, das f\u00fcr Einzelh\u00e4ndler, H\u00e4ndler und Gro\u00dfabnehmer entwickelt wurde, die ein stark nachgefragtes Modell suchen. Mit bis zu <strong data-start=\"367\" data-end=\"391\">7.000 Z\u00fcge pro Einheit<\/strong>bietet es eine konstante Leistung und ein ausgezeichnetes Preis-Leistungs-Verh\u00e4ltnis sowohl f\u00fcr Gesch\u00e4fte als auch f\u00fcr Endverbraucher.<\/p>\n<p data-start=\"481\" data-end=\"761\">Dieses Modell verf\u00fcgt \u00fcber eine <strong data-start=\"503\" data-end=\"540\">14 ml vorgef\u00fcllte E-Liquid-Kapazit\u00e4t<\/strong> und ist in <strong data-start=\"554\" data-end=\"586\">2% und 5% Nikotinst\u00e4rken<\/strong>erh\u00e4ltlich, um verschiedenen Kundenpr\u00e4ferenzen gerecht zu werden. Der <strong data-start=\"636\" data-end=\"667\">850mAh wiederaufladbare Batterie<\/strong> gepaart mit <strong data-start=\"680\" data-end=\"704\">Type-C-Schnellladung<\/strong> sorgt f\u00fcr minimale Ausfallzeiten und umweltfreundliche Wiederverwendbarkeit.<\/p>\n<p data-start=\"763\" data-end=\"1036\">Der <strong data-start=\"767\" data-end=\"796\">einstellbaren Luftstromsystem<\/strong> erm\u00f6glicht es Benutzern, zwischen einem engeren MTL-Zug oder einem offeneren Inhalieren zu w\u00e4hlen, wodurch es vielseitig f\u00fcr verschiedene Dampfstile ist. Sein <strong data-start=\"918\" data-end=\"941\">RGB-Beleuchtungsdesign<\/strong> verleiht ihm ein modernes, auff\u00e4lliges Aussehen, das j\u00fcngere Zielgruppen auf den europ\u00e4ischen M\u00e4rkten anspricht.<\/p>\n<p data-start=\"1038\" data-end=\"1262\">F\u00fcr Gro\u00dfh\u00e4ndler ist die <strong data-start=\"1059\" data-end=\"1085\">Fumot RandM Tornado 7K<\/strong> bietet ein starkes Gleichgewicht zwischen Zugkapazit\u00e4t, stilvollem Design und zuverl\u00e4ssiger Technologie, was es zu einer profitablen Wahl f\u00fcr Gro\u00dfbestellungen in ganz Deutschland, Polen und den breiteren EU-Regionen macht.<\/p>\n<figure id=\"attachment_3451\" aria-describedby=\"caption-attachment-3451\" style=\"width: 1000px\" class=\"wp-caption alignnone\"><img fetchpriority=\"high\" decoding=\"async\" class=\"size-full wp-image-3451\" src=\"https:\/\/vapestornado.com\/wp-content\/uploads\/2024\/12\/All-Flavors-of-Fumot-RandM-Tornado-7000-Puffs-Vape-\u2013-Wholesale-Prices.jpg\" alt=\"Alle Geschmacksrichtungen des Fumot RandM Tornado 7000 Puffs Vape \u2013 Gro\u00dfhandelspreise\" width=\"1000\" height=\"736\" srcset=\"https:\/\/vapestornado.com\/wp-content\/uploads\/2024\/12\/All-Flavors-of-Fumot-RandM-Tornado-7000-Puffs-Vape-\u2013-Wholesale-Prices.jpg 1000w, https:\/\/vapestornado.com\/wp-content\/uploads\/2024\/12\/All-Flavors-of-Fumot-RandM-Tornado-7000-Puffs-Vape-\u2013-Wholesale-Prices-300x221.jpg 300w, https:\/\/vapestornado.com\/wp-content\/uploads\/2024\/12\/All-Flavors-of-Fumot-RandM-Tornado-7000-Puffs-Vape-\u2013-Wholesale-Prices-768x565.jpg 768w, https:\/\/vapestornado.com\/wp-content\/uploads\/2024\/12\/All-Flavors-of-Fumot-RandM-Tornado-7000-Puffs-Vape-\u2013-Wholesale-Prices-600x442.jpg 600w\" sizes=\"(max-width: 1000px) 100vw, 1000px\" \/><figcaption id=\"caption-attachment-3451\" class=\"wp-caption-text\">Alle Geschmacksrichtungen des Fumot RandM Tornado 7000 Puffs Vape \u2013 Gro\u00dfhandelspreise<\/figcaption><\/figure>\n<h2>Produktmerkmale<\/h2>\n<ol>\n<li><strong>Hohe Zugkapazit\u00e4t:<\/strong> Bis zu 7000 Z\u00fcge f\u00fcr langanhaltenden Genuss.<\/li>\n<li><strong>Anpassbarer Luftstrom:<\/strong> Einstellbare Optionen f\u00fcr ein ma\u00dfgeschneidertes Dampferlebnis.<\/li>\n<li><strong>Wiederaufladbarer Akku:<\/strong> 850-mAh-Akku mit schneller Typ-C-Ladung.<\/li>\n<li><strong>Mesh-Coil-Technologie:<\/strong> Liefert sanften Dampf und reiche Geschmacksprofile.<\/li>\n<li><strong>Gro\u00dfe Geschmacksauswahl:<\/strong> W\u00e4hlen Sie aus 56 einzigartigen Geschmacksrichtungen f\u00fcr jede Vorliebe.<\/li>\n<\/ol>\n<h2>RandM Tornado 7000 Geschmacksliste<\/h2>\n<ol>\n<li>1 K\u00fchle Minze<br \/>\n2 \u00dcppiges Eis<br \/>\n3 Mandarinen-Eis<br \/>\n4 Erdbeer-Donut<br \/>\n5 Gummib\u00e4rchen<br \/>\n6 Blaubeere auf Eis<br \/>\n7 Mango auf Eis<br \/>\n8 Pfirsich-Eis<br \/>\n9 Bananen-Eis<br \/>\n10 Trauben-Eis<br \/>\n11 Pinke Limonade<br \/>\n12 Pina Colada Rum<br \/>\n13 Gemischte Beeren<br \/>\n14 Bananen-Milchshake<br \/>\n15 Erdbeer-Wassermelone<br \/>\n16 Roter Apfel Zitrone<br \/>\n17 Ananas-Eis<br \/>\n18 Zuckerwatte<br \/>\n19 Erdbeer-Banane<br \/>\n20 Erdbeer-Eis<br \/>\n21 Erdbeer-Kiwi<br \/>\n22.Rote Energie Eis<br \/>\n23.Blue Razz Limonade<br \/>\n24.Roter Apfel Eis<br \/>\n25.Beeren-Limonade<br \/>\n26.Blaubeer-Kaugummi<br \/>\n27.Bluesour Himbeere<br \/>\n28.Dr. Blue<br \/>\n29. Apfel Pfirsich Birne<br \/>\n30. Blaubeere Granatapfel<br \/>\n31. Vimto<br \/>\n32. Kiwi Passionsfrucht Guave<br \/>\n33. Colaice<br \/>\n34. Saurer Apfel<br \/>\n35. Schwarze Johannisbeere Menthol<br \/>\n36. Tiger Blood<br \/>\n37. Pfirsich Blaubeer Bonbon<br \/>\n38. Pfirsich Mango<br \/>\n39. Erdbeer Red Bull<br \/>\n40. Schwarze Johannisbeere Eis<br \/>\n41. Erdbeer Wassermelonenlimonade<br \/>\n42. Kirsche<br \/>\n43. Blaue Himbeer Kirsche<br \/>\n44. Skittles<br \/>\n45. Blaubeer Himbeere<br \/>\n46. Erdbeer Traube<br \/>\n47. Blaubeer Kirsch Cranberry<br \/>\n48. Apfel Beeren Explosion<br \/>\n49. Cherry Cola<br \/>\n50. Zitrone<br \/>\n51. Pink Burst<br \/>\n52. Pacific Cooler<br \/>\n53. Ice Pop<br \/>\n54. Bingo Crush<br \/>\n55. Vimto Crush<br \/>\n56. Tabak<\/li>\n<\/ol>\n<h3>RandM Tornado 7000 Top 10 Geschmacksrichtungen<\/h3>\n<ol>\n<li><strong>K\u00fchle Minze:<\/strong> Ein erfrischender Sto\u00df eiskalter Minze.<\/li>\n<li><strong>\u00dcppiges Eis:<\/strong> S\u00fc\u00dfe Wassermelone mit einem k\u00fchlenden Menthol-Abgang.<\/li>\n<li><strong>Tangerinen-Eis:<\/strong> Saftige Mandarine gepaart mit einem frostigen Twist.<\/li>\n<li><strong>Erdbeer-Donut:<\/strong> S\u00fc\u00dfe Erdbeere mit einem Hauch von glasiertem Geb\u00e4ck.<\/li>\n<li><strong>Gummib\u00e4rchen:<\/strong> Ein nostalgischer Genuss, inspiriert von S\u00fc\u00dfigkeiten.<\/li>\n<li><strong>Blaubeere auf Eis:<\/strong> Reife Blaubeeren mit einer frischen Menthol-Note.<\/li>\n<li><strong>Mango auf Eis:<\/strong> Tropische Mango, durchzogen von einer k\u00fchlen Menthol-Brise.<\/li>\n<li><strong>Pfirsich-Eis:<\/strong> S\u00fc\u00dfer Pfirsich mit einem eisigen Kick.<\/li>\n<li><strong>Bananen-Eis:<\/strong> Cremiger Bananengeschmack mit einer Menthol-K\u00fchle.<\/li>\n<li><strong>Trauben-Eis:<\/strong> Saftige Traube gepaart mit einem erfrischenden, eisigen Abgang.<\/li>\n<\/ol>\n<h2>Warum den Fumot RandM Tornado 7000 Puffs w\u00e4hlen?<\/h2>\n<p><strong>Der Fumot RandM Tornado 7000 Puffs<\/strong> ist perfekt f\u00fcr alle, die ein unkompliziertes, leistungsstarkes Dampfger\u00e4t suchen. Er zeichnet sich durch seine lange Zuganzahl, die vielf\u00e4ltigen Geschmacksoptionen und den wiederaufladbaren Akku aus. Mit einem einstellbaren Luftstromsystem und stilvoller RGB-Beleuchtung bietet er ein erstklassiges Erlebnis, das auf Ihre Vorlieben zugeschnitten ist.<\/p>\n<h2>FAQ<\/h2>\n<ol>\n<li><strong>Wie lange h\u00e4lt der Akku?<\/strong><br \/>\nDer wiederaufladbare 850-mAh-Akku des RandM 7k h\u00e4lt einen ganzen E-Liquid-Zyklus lang und kann \u00fcber USB-C schnell aufgeladen werden.<\/li>\n<li><strong>Welche Nikotinst\u00e4rken sind beim RandM 7k erh\u00e4ltlich?<\/strong><br \/>\nW\u00e4hlen Sie zwischen 2 % oder 5 % Nikotinsalz f\u00fcr eine individuelle St\u00e4rke.<\/li>\n<li><strong>Wie viele Geschmacksrichtungen des RandM Vape 7k sind erh\u00e4ltlich?<\/strong><br \/>\nDas Ger\u00e4t bietet 56 einzigartige Geschmacksrichtungen f\u00fcr jeden Geschmack.<\/li>\n<li><strong>Ist der Luftstrom der Fumot 7k Vapes einstellbar?<\/strong><br \/>\nJa, die einstellbare Luftstromfunktion erm\u00f6glicht es Ihnen, die Vaping-Intensit\u00e4t zu kontrollieren.<\/li>\n<li><strong>Wie hoch ist die E-Liquid-Kapazit\u00e4t des 7k RandM Vape?<\/strong><br \/>\nJeder RandM Vape 7k enth\u00e4lt 14 ml E-Liquid, was eine langanhaltende Nutzung gew\u00e4hrleistet.<\/li>\n<\/ol>\n<h4>Fumot Vape 12k Gro\u00dfhandel Kontaktieren Sie uns und erhalten Sie jetzt Rabatt!<\/h4>\n<p><img decoding=\"async\" class=\"size-large wp-image-2921\" src=\"https:\/\/vapestornado.com\/wp-content\/uploads\/2024\/11\/20062b3a285f900e79520aad496b94d-887x1024.jpg\" alt=\"Vapestornado Vicky\" width=\"887\" height=\"1024\" srcset=\"https:\/\/vapestornado.com\/wp-content\/uploads\/2024\/11\/20062b3a285f900e79520aad496b94d-887x1024.jpg 887w, https:\/\/vapestornado.com\/wp-content\/uploads\/2024\/11\/20062b3a285f900e79520aad496b94d-260x300.jpg 260w, https:\/\/vapestornado.com\/wp-content\/uploads\/2024\/11\/20062b3a285f900e79520aad496b94d-768x887.jpg 768w, https:\/\/vapestornado.com\/wp-content\/uploads\/2024\/11\/20062b3a285f900e79520aad496b94d-600x693.jpg 600w, https:\/\/vapestornado.com\/wp-content\/uploads\/2024\/11\/20062b3a285f900e79520aad496b94d.jpg 1080w\" sizes=\"(max-width: 887px) 100vw, 887px\" \/><\/p>","protected":false},"excerpt":{"rendered":"<p>Der <strong data-start=\"1306\" data-end=\"1344\">Fumot RandM Tornado 7000 Puff Vape<\/strong> kombiniert RGB-Design, wiederaufladbaren Akku und einstellbare Luftzufuhr. Ein kompakter, f\u00fcr 7.000 Z\u00fcge ausgelegter Einwegartikel, der f\u00fcr <strong data-start=\"1451\" data-end=\"1486\">Gro\u00dfhandels-Massenbestellungen in Europa<\/strong>.<\/p>\n<p><strong><span style=\"color: #ff0000;\">(Unser Website-Preis beinhaltet keine Versandkosten, bitte kontaktieren Sie mich, um den Gesamtpreis und Ihren Rabatt zu erhalten!)<\/span><\/strong><\/p>\n<p><img decoding=\"async\" class=\"size-medium wp-image-2921\" src=\"https:\/\/vapestornado.com\/wp-content\/uploads\/2024\/11\/20062b3a285f900e79520aad496b94d-260x300.jpg\" alt=\"Vapestornado Vicky\" width=\"260\" height=\"300\" srcset=\"https:\/\/vapestornado.com\/wp-content\/uploads\/2024\/11\/20062b3a285f900e79520aad496b94d-260x300.jpg 260w, https:\/\/vapestornado.com\/wp-content\/uploads\/2024\/11\/20062b3a285f900e79520aad496b94d-887x1024.jpg 887w, https:\/\/vapestornado.com\/wp-content\/uploads\/2024\/11\/20062b3a285f900e79520aad496b94d-768x887.jpg 768w, https:\/\/vapestornado.com\/wp-content\/uploads\/2024\/11\/20062b3a285f900e79520aad496b94d-600x693.jpg 600w, https:\/\/vapestornado.com\/wp-content\/uploads\/2024\/11\/20062b3a285f900e79520aad496b94d.jpg 1080w\" sizes=\"(max-width: 260px) 100vw, 260px\" \/><\/p>","protected":false},"featured_media":3457,"comment_status":"open","ping_status":"closed","template":"","meta":{"_acf_changed":false,"_uag_custom_page_level_css":"","_lmt_disableupdate":"no","_lmt_disable":"","_monsterinsights_skip_tracking":false,"_monsterinsights_sitenote_active":false,"_monsterinsights_sitenote_note":"","_monsterinsights_sitenote_category":0,"site-sidebar-layout":"default","site-content-layout":"","ast-site-content-layout":"default","site-content-style":"default","site-sidebar-style":"default","ast-global-header-display":"","ast-banner-title-visibility":"","ast-main-header-display":"","ast-hfb-above-header-display":"","ast-hfb-below-header-display":"","ast-hfb-mobile-header-display":"","site-post-title":"","ast-breadcrumbs-content":"","ast-featured-img":"","footer-sml-layout":"","ast-disable-related-posts":"","theme-transparent-header-meta":"default","adv-header-id-meta":"","stick-header-meta":"","header-above-stick-meta":"","header-main-stick-meta":"","header-below-stick-meta":"","astra-migrate-meta-layouts":"set","ast-page-background-enabled":"default","ast-page-background-meta":{"desktop":{"background-color":"","background-image":"","background-repeat":"repeat","background-position":"center center","background-size":"auto","background-attachment":"scroll","background-type":"","background-media":"","overlay-type":"","overlay-color":"","overlay-opacity":"","overlay-gradient":""},"tablet":{"background-color":"","background-image":"","background-repeat":"repeat","background-position":"center center","background-size":"auto","background-attachment":"scroll","background-type":"","background-media":"","overlay-type":"","overlay-color":"","overlay-opacity":"","overlay-gradient":""},"mobile":{"background-color":"","background-image":"","background-repeat":"repeat","background-position":"center center","background-size":"auto","background-attachment":"scroll","background-type":"","background-media":"","overlay-type":"","overlay-color":"","overlay-opacity":"","overlay-gradient":""}},"ast-content-background-meta":{"desktop":{"background-color":"var(--ast-global-color-5)","background-image":"","background-repeat":"repeat","background-position":"center center","background-size":"auto","background-attachment":"scroll","background-type":"","background-media":"","overlay-type":"","overlay-color":"","overlay-opacity":"","overlay-gradient":""},"tablet":{"background-color":"var(--ast-global-color-5)","background-image":"","background-repeat":"repeat","background-position":"center center","background-size":"auto","background-attachment":"scroll","background-type":"","background-media":"","overlay-type":"","overlay-color":"","overlay-opacity":"","overlay-gradient":""},"mobile":{"background-color":"var(--ast-global-color-5)","background-image":"","background-repeat":"repeat","background-position":"center center","background-size":"auto","background-attachment":"scroll","background-type":"","background-media":"","overlay-type":"","overlay-color":"","overlay-opacity":"","overlay-gradient":""}},"_joinchat":{"telephone":"+8618077105750"}},"product_brand":[],"product_cat":[74,149,156,157,143,58,148],"product_tag":[],"class_list":{"0":"post-3450","1":"product","2":"type-product","3":"status-publish","4":"has-post-thumbnail","6":"product_cat-7000-puff","7":"product_cat-buy-disposable-vapes-in-austria","8":"product_cat-buy-disposable-vapes-in-poland","9":"product_cat-buy-disposable-vapes-in-portugal","10":"product_cat-dual-mesh-disposable-vapes","11":"product_cat-fumot-vape","12":"product_cat-tornado-disposable-vapes","13":"desktop-align-left","14":"tablet-align-left","15":"mobile-align-left","17":"first","18":"instock","19":"sale","20":"shipping-taxable","21":"purchasable","22":"product-type-simple"},"acf":[],"uagb_featured_image_src":{"full":["https:\/\/vapestornado.com\/wp-content\/uploads\/2024\/12\/Fumot-RandM-Tornado-7000-Puffs-Review-with-Real-Pictures.png",1000,678,false],"thumbnail":["https:\/\/vapestornado.com\/wp-content\/uploads\/2024\/12\/Fumot-RandM-Tornado-7000-Puffs-Review-with-Real-Pictures-150x150.png",150,150,true],"medium":["https:\/\/vapestornado.com\/wp-content\/uploads\/2024\/12\/Fumot-RandM-Tornado-7000-Puffs-Review-with-Real-Pictures-300x203.png",300,203,true],"medium_large":["https:\/\/vapestornado.com\/wp-content\/uploads\/2024\/12\/Fumot-RandM-Tornado-7000-Puffs-Review-with-Real-Pictures-768x521.png",768,521,true],"large":["https:\/\/vapestornado.com\/wp-content\/uploads\/2024\/12\/Fumot-RandM-Tornado-7000-Puffs-Review-with-Real-Pictures.png",1000,678,false],"1536x1536":["https:\/\/vapestornado.com\/wp-content\/uploads\/2024\/12\/Fumot-RandM-Tornado-7000-Puffs-Review-with-Real-Pictures.png",1000,678,false],"2048x2048":["https:\/\/vapestornado.com\/wp-content\/uploads\/2024\/12\/Fumot-RandM-Tornado-7000-Puffs-Review-with-Real-Pictures.png",1000,678,false],"trp-custom-language-flag":["https:\/\/vapestornado.com\/wp-content\/uploads\/2024\/12\/Fumot-RandM-Tornado-7000-Puffs-Review-with-Real-Pictures.png",18,12,false],"woocommerce_thumbnail":["https:\/\/vapestornado.com\/wp-content\/uploads\/2024\/12\/Fumot-RandM-Tornado-7000-Puffs-Review-with-Real-Pictures-300x300.png",300,300,true],"woocommerce_single":["https:\/\/vapestornado.com\/wp-content\/uploads\/2024\/12\/Fumot-RandM-Tornado-7000-Puffs-Review-with-Real-Pictures-600x407.png",600,407,true],"woocommerce_gallery_thumbnail":["https:\/\/vapestornado.com\/wp-content\/uploads\/2024\/12\/Fumot-RandM-Tornado-7000-Puffs-Review-with-Real-Pictures-100x100.png",100,100,true]},"uagb_author_info":{"display_name":"ESvicky","author_link":"https:\/\/vapestornado.com\/de\/author\/"},"uagb_comment_info":0,"uagb_excerpt":"The Fumot RandM Tornado 7000 Puff Vape combines RGB design, rechargeable battery, and adjustable airflow. A compact 7K puff disposable built for wholesale bulk orders in Europe. (our website price not include shipping cost, please contact me to get whole price and your disccount!)","_links":{"self":[{"href":"https:\/\/vapestornado.com\/de\/wp-json\/wp\/v2\/product\/3450","targetHints":{"allow":["GET"]}}],"collection":[{"href":"https:\/\/vapestornado.com\/de\/wp-json\/wp\/v2\/product"}],"about":[{"href":"https:\/\/vapestornado.com\/de\/wp-json\/wp\/v2\/types\/product"}],"replies":[{"embeddable":true,"href":"https:\/\/vapestornado.com\/de\/wp-json\/wp\/v2\/comments?post=3450"}],"wp:featuredmedia":[{"embeddable":true,"href":"https:\/\/vapestornado.com\/de\/wp-json\/wp\/v2\/media\/3457"}],"wp:attachment":[{"href":"https:\/\/vapestornado.com\/de\/wp-json\/wp\/v2\/media?parent=3450"}],"wp:term":[{"taxonomy":"product_brand","embeddable":true,"href":"https:\/\/vapestornado.com\/de\/wp-json\/wp\/v2\/product_brand?post=3450"},{"taxonomy":"product_cat","embeddable":true,"href":"https:\/\/vapestornado.com\/de\/wp-json\/wp\/v2\/product_cat?post=3450"},{"taxonomy":"product_tag","embeddable":true,"href":"https:\/\/vapestornado.com\/de\/wp-json\/wp\/v2\/product_tag?post=3450"}],"curies":[{"name":"wp","href":"https:\/\/api.w.org\/{rel}","templated":true}]}}