{"id":3445,"date":"2024-12-27T09:09:56","date_gmt":"2024-12-27T09:09:56","guid":{"rendered":"https:\/\/vapestornado.com\/?post_type=product&#038;p=3445"},"modified":"2025-08-23T10:50:44","modified_gmt":"2025-08-23T10:50:44","slug":"bood-pulse-pro-25k-50k-puffs-geek-bar-new-vape-bulk-price","status":"publish","type":"product","link":"https:\/\/vapestornado.com\/de\/product\/bood-pulse-pro-25k-50k-puffs-geek-bar-new-vape-bulk-price\/","title":{"rendered":"Bood Pulse Pro 25k 50k Z\u00fcge Geek Bar Neue Vape Gro\u00dfhandelspreis"},"content":{"rendered":"<h1>Bood Pulse Pro 25k 50k Z\u00fcge Geek Bar Neue Vape Gro\u00dfhandelspreis<\/h1>\n<p>&nbsp;<\/p>\n<div role=\"article\" data-tabster=\"{&quot;groupper&quot;:{&quot;tabbability&quot;:2},&quot;focusable&quot;:{}}\" data-content=\"ai-message\" aria-labelledby=\"64JRvXrTnY7mRmPkEQLLT-author 64JRvXrTnY7mRmPkEQLLT-content\">\n<div id=\"64JRvXrTnY7mRmPkEQLLT-content\">\n<p data-start=\"210\" data-end=\"488\">Der <strong data-start=\"214\" data-end=\"268\">Bood Pulse Pro 25K \/ 50K Z\u00fcge Einweg Vape Bar<\/strong> ist f\u00fcr Gro\u00dfh\u00e4ndler und Einzelh\u00e4ndler konzipiert, die ihren Kunden die Wahl zwischen Ger\u00e4ten mit mittlerer und ultrahoher Kapazit\u00e4t bieten m\u00f6chten. Mit <strong data-start=\"404\" data-end=\"437\">25.000 oder 50.000 Zug Optionen<\/strong>richtet sich dieser Vape sowohl an leichte als auch an starke Nutzer.<\/p>\n<p data-start=\"490\" data-end=\"798\">Jede Einheit wird von einem <strong data-start=\"517\" data-end=\"548\">850mAh wiederaufladbare Batterie<\/strong> mit <strong data-start=\"554\" data-end=\"578\">Type-C-Schnellladung<\/strong>angetrieben, was eine zuverl\u00e4ssige Leistung und minimale Ausfallzeiten gew\u00e4hrleistet. Der <strong data-start=\"636\" data-end=\"669\">38ml vorbef\u00fcllte E-Liquid Tank<\/strong> bietet eine l\u00e4ngere Nutzungsdauer, w\u00e4hrend <strong data-start=\"701\" data-end=\"734\">fortschrittliche Mesh-Coil-Technologie<\/strong> eine reichhaltige Geschmacksentfaltung und einen sanften Dampf von Anfang bis Ende garantiert.<\/p>\n<p data-start=\"800\" data-end=\"1124\">Erh\u00e4ltlich in <strong data-start=\"813\" data-end=\"835\">Nikotinfrei (0%)<\/strong>, sowie <strong data-start=\"848\" data-end=\"880\">2% und 5% Nikotinst\u00e4rken<\/strong>, ist der <strong data-start=\"886\" data-end=\"912\">Bood Pulse Pro 25K\/50K<\/strong> eignet sich f\u00fcr eine breite Palette von deutschen Kunden. Sein <strong data-start=\"959\" data-end=\"1027\">schlankes Design, die starke Dampfentwicklung und die gro\u00dfhandelsfreundliche Preisgestaltung<\/strong> machen es zu einer attraktiven Option f\u00fcr Vape-Shops und H\u00e4ndler, die zuverl\u00e4ssige Gro\u00dfhandelsware suchen.<\/p>\n<p>&nbsp;<\/p>\n<\/div>\n<\/div>\n<p><img fetchpriority=\"high\" decoding=\"async\" class=\"alignleft wp-image-2951 size-medium\" src=\"https:\/\/vapestornado.com\/wp-content\/uploads\/2024\/12\/Wholesale-Disposable-Vape-265x300.jpg\" alt=\"Einweg-Vape im Gro\u00dfhandel\" width=\"265\" height=\"300\" srcset=\"https:\/\/vapestornado.com\/wp-content\/uploads\/2024\/12\/Wholesale-Disposable-Vape-265x300.jpg 265w, https:\/\/vapestornado.com\/wp-content\/uploads\/2024\/12\/Wholesale-Disposable-Vape-768x871.jpg 768w, https:\/\/vapestornado.com\/wp-content\/uploads\/2024\/12\/Wholesale-Disposable-Vape-600x680.jpg 600w, https:\/\/vapestornado.com\/wp-content\/uploads\/2024\/12\/Wholesale-Disposable-Vape.jpg 823w\" sizes=\"(max-width: 265px) 100vw, 265px\" \/><\/p>\n<h6>Bitte kontaktieren Sie Mandys WhatsApp f\u00fcr einen Rabattpreis:<a href=\"https:\/\/wa.me\/8618077105796\" target=\"_blank\" rel=\"noopener\">+8618077105796<\/a><\/h6>\n<div class=\"flex max-w-full flex-col flex-grow\">\n<div class=\"min-h-8 text-message flex w-full flex-col items-end gap-2 whitespace-normal break-words text-start [.text-message+&amp;]:mt-5\" dir=\"auto\" data-message-author-role=\"assistant\" data-message-id=\"cdb991c0-f594-4bff-b2d5-fbbdd7ce9e54\" data-message-model-slug=\"gpt-4o-mini\">\n<div class=\"flex w-full flex-col gap-1 empty:hidden first:pt-[3px]\">\n<div class=\"markdown prose w-full break-words dark:prose-invert light\"><\/div>\n<\/div>\n<\/div>\n<\/div>\n<div class=\"mb-2 flex gap-3 empty:hidden -ml-2\">\n<h2><strong>Bood Pulse Pro 50k Z\u00fcge <\/strong>Hervorragende Eigenschaften:<\/h2>\n<ul>\n<li><strong>50.000 Z\u00fcge<\/strong>: Aussergew\u00f6hnliche Langlebigkeit f\u00fcr l\u00e4ngere Dampfsitzungen<\/li>\n<li><strong>E-Liquid Kapazit\u00e4t<\/strong>: Grossz\u00fcgige 38ml f\u00fcr weniger Nachf\u00fcllungen<\/li>\n<li><strong>Batterielebensdauer<\/strong>: Langlebiger 850mAh Akku f\u00fcr konstante Leistung<\/li>\n<li><strong>Nikotinoptionen<\/strong>: 0%, 2% und 5% Varianten, um individuellen Vorlieben gerecht zu werden<\/li>\n<li><strong>Mesh-Coil<\/strong>: Verbesserter Geschmack und Dampfproduktion<\/li>\n<\/ul>\n<\/div>\n<h2>Bood Pulse Pro 50000 Z\u00fcge Geschmacksliste:<\/h2>\n<p>1.MELONE ANANAS ORANGE<br \/>\n2.HEIDELBEERE SAURE HIMBEERE<br \/>\n3.WASSERMELONE KIWI<br \/>\n4.HEIDELBEERE WASSERMELONE<br \/>\n5.SCHWARZE BEERE EIS<br \/>\n6.DREIFACH MELONE<br \/>\n7.ERDBEERE EIS<br \/>\n8.ERDBEERE WASSERMELONE EIS<br \/>\n9.DOPPELTE LIMONADE<br \/>\n10.TRAUBE CRANBERRY HEIDELBEERE HIMBEERE<\/p>\n<div role=\"article\" data-tabster=\"{&quot;groupper&quot;:{&quot;tabbability&quot;:2},&quot;focusable&quot;:{}}\" data-content=\"ai-message\" aria-labelledby=\"dARUyEWDoEYhnSPXFwx5A-author dARUyEWDoEYhnSPXFwx5A-content\">\n<div id=\"dARUyEWDoEYhnSPXFwx5A-content\">\n<h2>Warum den Bood Pulse Pro 25k\/50k Puffs bei vapestornado.com w\u00e4hlen?<\/h2>\n<p>Der <strong>Bood Pulse Pro 25k\/50k Z\u00fcge<\/strong> Einweg-Vape ist die ultimative Wahl f\u00fcr Dampfer, die Leistung, Komfort und Qualit\u00e4t suchen. Exklusiv erh\u00e4ltlich bei <strong>vapestornado.de<\/strong>Dieses Ger\u00e4t bietet eine Reihe von Funktionen, die Ihr Dampferlebnis verbessern sollen. Hier ist der Grund, warum Sie den Bood Pulse Pro w\u00e4hlen sollten:<\/p>\n<ul>\n<li><strong>Un\u00fcbertroffene Langlebigkeit<\/strong><\/li>\n<\/ul>\n<p>Mit einer beeindruckenden <strong>25.000 bis 50.000 Z\u00fcge<\/strong>Der Bood Pulse Pro bietet einen der langlebigsten Einweg-Vapes auf dem Markt. Sie m\u00fcssen sich keine Sorgen \u00fcber h\u00e4ufigen Austausch machen, was ihn perfekt f\u00fcr den t\u00e4glichen Gebrauch und langfristige Zufriedenheit macht.<\/p>\n<ul>\n<li><strong>Vielseitige Nikotinoptionen<\/strong><\/li>\n<\/ul>\n<p>Der Bood Pulse Pro kommt mit <strong>nikotinfrei<\/strong>, <strong>2%<\/strong>und <strong>5%<\/strong> Nikotinoptionen, die Ihnen die Flexibilit\u00e4t geben, Ihre bevorzugte Nikotinst\u00e4rke zu w\u00e4hlen. Egal, ob Sie mit dem Nikotinkonsum aufh\u00f6ren oder einen starken Zug genie\u00dfen m\u00f6chten, es gibt die perfekte Option f\u00fcr Sie.<\/p>\n<ul>\n<li><strong>Gro\u00dfe E-Liquid-Kapazit\u00e4t<\/strong><\/li>\n<\/ul>\n<p>Gef\u00fcllt mit <strong>38 ml E-Liquid<\/strong>Der Bood Pulse Pro bietet mehr als genug Liquid f\u00fcr ausgedehntes Dampfen, ohne dass h\u00e4ufiges Nachf\u00fcllen erforderlich ist. Dies macht ihn zu einer bequemen und zuverl\u00e4ssigen Wahl f\u00fcr Benutzer, die unterwegs sind.<\/p>\n<ul>\n<li><strong>Leistungsstarke Performance<\/strong><\/li>\n<\/ul>\n<p>Ausgestattet mit einem robusten <strong>850mAh wiederaufladbare Batterie<\/strong>Der Bood Pulse Pro gew\u00e4hrleistet eine konstante Leistung \u00fcber seine lange Lebensdauer. Mit einem <strong>Mesh-Coil<\/strong> F\u00fcr optimalen Geschmack und sanfte Dampfproduktion ist jeder Zug ein erstklassiges Erlebnis.<\/p>\n<ul>\n<li><strong>Qualit\u00e4t, der Sie vertrauen k\u00f6nnen<\/strong><\/li>\n<\/ul>\n<p>vapestornado.com bietet eine kuratierte Auswahl der besten Vaping-Produkte, und der <strong>Bood Pulse Pro 25k\/50k Z\u00fcge<\/strong> ist keine Ausnahme. Wenn Sie bei uns einkaufen, sind Ihnen authentische Produkte, wettbewerbsf\u00e4hige Preise und schneller, zuverl\u00e4ssiger Versand garantiert.<\/p>\n<ul>\n<li><strong>Kundenzufriedenheit<\/strong><\/li>\n<\/ul>\n<p>Bei vapestornado.com hat die Kundenzufriedenheit oberste Priorit\u00e4t. Wir bieten exzellenten Kundenservice, um ein nahtloses Einkaufserlebnis zu gew\u00e4hrleisten, einschlie\u00dflich einfacher R\u00fccksendungen, detaillierter Produktinformationen und pers\u00f6nlicher Betreuung.<\/p>\n<p>&nbsp;<\/p>\n<\/div>\n<\/div>\n<h2>FAQs zu Bood Pulse Pro 25k\/50k Puffs Vape Pods<\/h2>\n<p>Hier sind einige h\u00e4ufig gestellte Fragen, die Ihnen helfen sollen, mehr \u00fcber die <strong>Bood Pulse Pro 25k\/50k Vape Pods<\/strong>:<\/p>\n<h4>1. <strong>Wie lange h\u00e4lt der Bood Pulse Pro 50000 Puff Vape?<\/strong><\/h4>\n<p>Der <strong>Bood Pulse Pro<\/strong> bietet eine beeindruckende Lebensdauer von bis zu <strong>25.000 bis 50.000 Z\u00fcge<\/strong>, abh\u00e4ngig von Ihrer Nutzung. Dieses langlebige Design stellt sicher, dass Sie Ihr Ger\u00e4t nicht h\u00e4ufig austauschen m\u00fcssen, was es zu einer ausgezeichneten Wahl f\u00fcr den t\u00e4glichen Gebrauch macht.<\/p>\n<h4>2. <strong>Welche Nikotinst\u00e4rke-Optionen sind in Bood 50000 Puffs Vapor verf\u00fcgbar?<\/strong><\/h4>\n<p>Der Bood Pulse Pro ist in <strong>nikotinfrei<\/strong>, <strong>2%<\/strong>und <strong>5%<\/strong> Nikotinoptionen erh\u00e4ltlich. Egal, ob Sie einen milden oder einen st\u00e4rkeren Nikotinschub w\u00fcnschen, es ist f\u00fcr jeden etwas dabei. Die nikotinfreie Version ist perfekt f\u00fcr diejenigen, die lieber ohne Nikotin dampfen.<\/p>\n<h4>3. <strong>Wie hoch ist die E-Liquid-Kapazit\u00e4t des Bood Pulse Pro 50000 Puff?<\/strong><\/h4>\n<p>Das Ger\u00e4t ist vorgef\u00fcllt mit <strong>38 ml E-Liquid<\/strong>, was ausreichend Liquid f\u00fcr l\u00e4ngere Vaping-Sessions bietet. Dies bedeutet weniger Nachf\u00fcllungen und mehr Komfort f\u00fcr Vaper.<\/p>\n<h4>4. <strong>Wo kann ich den Bood Pulse Pro 25000 50000 Puffs kaufen?<\/strong><\/h4>\n<p>Sie k\u00f6nnen den <strong>Bood Pulse Pro 25k\/50k Vape Pods<\/strong> direkt von <strong>vapestornado.de<\/strong>. Wir bieten schnellen Versand, wettbewerbsf\u00e4hige Preise und au\u00dfergew\u00f6hnlichen Kundenservice, um ein reibungsloses Einkaufserlebnis zu gew\u00e4hrleisten.<\/p>\n<p>F\u00fcr weitere Informationen oder spezifische Anfragen k\u00f6nnen Sie sich gerne an unser Kundensupport-Team wenden!<\/p>","protected":false},"excerpt":{"rendered":"<p>Der <strong data-start=\"1168\" data-end=\"1205\">Bood Pulse Pro 25K\/50K Z\u00fcge Vape<\/strong> bietet duale Kapazit\u00e4tsoptionen, Mesh-Coil-Leistung und wiederaufladbare Energie. Ein vielseitiges Einwegger\u00e4t, entwickelt f\u00fcr <strong data-start=\"1319\" data-end=\"1354\">Gro\u00dfhandels-Eink\u00e4ufer in Europa<\/strong>.<\/p>\n<figure id=\"attachment_2951\" aria-describedby=\"caption-attachment-2951\" style=\"width: 265px\" class=\"wp-caption alignnone\"><img decoding=\"async\" class=\"size-medium wp-image-2951\" src=\"https:\/\/vapestornado.com\/wp-content\/uploads\/2024\/12\/Wholesale-Disposable-Vape-265x300.jpg\" alt=\"Einweg-Vape im Gro\u00dfhandel\" width=\"265\" height=\"300\" srcset=\"https:\/\/vapestornado.com\/wp-content\/uploads\/2024\/12\/Wholesale-Disposable-Vape-265x300.jpg 265w, https:\/\/vapestornado.com\/wp-content\/uploads\/2024\/12\/Wholesale-Disposable-Vape-768x871.jpg 768w, https:\/\/vapestornado.com\/wp-content\/uploads\/2024\/12\/Wholesale-Disposable-Vape-600x680.jpg 600w, https:\/\/vapestornado.com\/wp-content\/uploads\/2024\/12\/Wholesale-Disposable-Vape.jpg 823w\" sizes=\"(max-width: 265px) 100vw, 265px\" \/><figcaption id=\"caption-attachment-2951\" class=\"wp-caption-text\">F\u00fcr Rabattpreis kontaktieren Sie bitte Mandys WhatsApp\u00a0 <a href=\"https:\/\/wa.me\/8618077105796\">+8618077105796<\/a><\/figcaption><\/figure>\n<p>&nbsp;<\/p>","protected":false},"featured_media":3504,"comment_status":"open","ping_status":"closed","template":"","meta":{"_acf_changed":false,"_uag_custom_page_level_css":"","_lmt_disableupdate":"no","_lmt_disable":"","_monsterinsights_skip_tracking":false,"_monsterinsights_sitenote_active":false,"_monsterinsights_sitenote_note":"","_monsterinsights_sitenote_category":0,"site-sidebar-layout":"default","site-content-layout":"","ast-site-content-layout":"default","site-content-style":"default","site-sidebar-style":"default","ast-global-header-display":"","ast-banner-title-visibility":"","ast-main-header-display":"","ast-hfb-above-header-display":"","ast-hfb-below-header-display":"","ast-hfb-mobile-header-display":"","site-post-title":"","ast-breadcrumbs-content":"","ast-featured-img":"","footer-sml-layout":"","ast-disable-related-posts":"","theme-transparent-header-meta":"default","adv-header-id-meta":"","stick-header-meta":"","header-above-stick-meta":"","header-main-stick-meta":"","header-below-stick-meta":"","astra-migrate-meta-layouts":"set","ast-page-background-enabled":"default","ast-page-background-meta":{"desktop":{"background-color":"","background-image":"","background-repeat":"repeat","background-position":"center center","background-size":"auto","background-attachment":"scroll","background-type":"","background-media":"","overlay-type":"","overlay-color":"","overlay-opacity":"","overlay-gradient":""},"tablet":{"background-color":"","background-image":"","background-repeat":"repeat","background-position":"center center","background-size":"auto","background-attachment":"scroll","background-type":"","background-media":"","overlay-type":"","overlay-color":"","overlay-opacity":"","overlay-gradient":""},"mobile":{"background-color":"","background-image":"","background-repeat":"repeat","background-position":"center center","background-size":"auto","background-attachment":"scroll","background-type":"","background-media":"","overlay-type":"","overlay-color":"","overlay-opacity":"","overlay-gradient":""}},"ast-content-background-meta":{"desktop":{"background-color":"var(--ast-global-color-5)","background-image":"","background-repeat":"repeat","background-position":"center center","background-size":"auto","background-attachment":"scroll","background-type":"","background-media":"","overlay-type":"","overlay-color":"","overlay-opacity":"","overlay-gradient":""},"tablet":{"background-color":"var(--ast-global-color-5)","background-image":"","background-repeat":"repeat","background-position":"center center","background-size":"auto","background-attachment":"scroll","background-type":"","background-media":"","overlay-type":"","overlay-color":"","overlay-opacity":"","overlay-gradient":""},"mobile":{"background-color":"var(--ast-global-color-5)","background-image":"","background-repeat":"repeat","background-position":"center center","background-size":"auto","background-attachment":"scroll","background-type":"","background-media":"","overlay-type":"","overlay-color":"","overlay-opacity":"","overlay-gradient":""}},"_joinchat":{"telephone":"+8618077105796"}},"product_brand":[],"product_cat":[192,140,193,155,156],"product_tag":[190,97],"class_list":{"0":"post-3445","1":"product","2":"type-product","3":"status-publish","4":"has-post-thumbnail","6":"product_cat-50000-puff","7":"product_cat-big-puffs-disposable-vapes","8":"product_cat-bood-disposable-vapes","9":"product_cat-buy-disposable-vapes-in-norway","10":"product_cat-buy-disposable-vapes-in-poland","11":"product_tag-bood-pulse-pro-50000","12":"product_tag-hot-sale-disposable-vape","13":"desktop-align-left","14":"tablet-align-left","15":"mobile-align-left","17":"first","18":"instock","19":"sale","20":"shipping-taxable","21":"purchasable","22":"product-type-simple"},"acf":[],"uagb_featured_image_src":{"full":["https:\/\/vapestornado.com\/wp-content\/uploads\/2024\/12\/Bood-vape-pulse-pro-25000-Puffs-50000-Puffs.jpg",800,800,false],"thumbnail":["https:\/\/vapestornado.com\/wp-content\/uploads\/2024\/12\/Bood-vape-pulse-pro-25000-Puffs-50000-Puffs-150x150.jpg",150,150,true],"medium":["https:\/\/vapestornado.com\/wp-content\/uploads\/2024\/12\/Bood-vape-pulse-pro-25000-Puffs-50000-Puffs-300x300.jpg",300,300,true],"medium_large":["https:\/\/vapestornado.com\/wp-content\/uploads\/2024\/12\/Bood-vape-pulse-pro-25000-Puffs-50000-Puffs-768x768.jpg",768,768,true],"large":["https:\/\/vapestornado.com\/wp-content\/uploads\/2024\/12\/Bood-vape-pulse-pro-25000-Puffs-50000-Puffs.jpg",800,800,false],"1536x1536":["https:\/\/vapestornado.com\/wp-content\/uploads\/2024\/12\/Bood-vape-pulse-pro-25000-Puffs-50000-Puffs.jpg",800,800,false],"2048x2048":["https:\/\/vapestornado.com\/wp-content\/uploads\/2024\/12\/Bood-vape-pulse-pro-25000-Puffs-50000-Puffs.jpg",800,800,false],"trp-custom-language-flag":["https:\/\/vapestornado.com\/wp-content\/uploads\/2024\/12\/Bood-vape-pulse-pro-25000-Puffs-50000-Puffs.jpg",12,12,false],"woocommerce_thumbnail":["https:\/\/vapestornado.com\/wp-content\/uploads\/2024\/12\/Bood-vape-pulse-pro-25000-Puffs-50000-Puffs-300x300.jpg",300,300,true],"woocommerce_single":["https:\/\/vapestornado.com\/wp-content\/uploads\/2024\/12\/Bood-vape-pulse-pro-25000-Puffs-50000-Puffs-600x600.jpg",600,600,true],"woocommerce_gallery_thumbnail":["https:\/\/vapestornado.com\/wp-content\/uploads\/2024\/12\/Bood-vape-pulse-pro-25000-Puffs-50000-Puffs-100x100.jpg",100,100,true]},"uagb_author_info":{"display_name":"ESMANDY","author_link":"https:\/\/vapestornado.com\/de\/author\/"},"uagb_comment_info":0,"uagb_excerpt":"The Bood Pulse Pro 25K\/50K Puffs Vape offers dual capacity options, mesh coil performance, and rechargeable power. A versatile disposable designed for wholesale bulk buyers in Europe. [caption id=\"attachment_2951\" align=\"alignnone\" width=\"265\"] Pls Contact Mandy's WhatsApp For Discount Price\u00a0 +8618077105796[\/caption] &nbsp;","_links":{"self":[{"href":"https:\/\/vapestornado.com\/de\/wp-json\/wp\/v2\/product\/3445","targetHints":{"allow":["GET"]}}],"collection":[{"href":"https:\/\/vapestornado.com\/de\/wp-json\/wp\/v2\/product"}],"about":[{"href":"https:\/\/vapestornado.com\/de\/wp-json\/wp\/v2\/types\/product"}],"replies":[{"embeddable":true,"href":"https:\/\/vapestornado.com\/de\/wp-json\/wp\/v2\/comments?post=3445"}],"wp:featuredmedia":[{"embeddable":true,"href":"https:\/\/vapestornado.com\/de\/wp-json\/wp\/v2\/media\/3504"}],"wp:attachment":[{"href":"https:\/\/vapestornado.com\/de\/wp-json\/wp\/v2\/media?parent=3445"}],"wp:term":[{"taxonomy":"product_brand","embeddable":true,"href":"https:\/\/vapestornado.com\/de\/wp-json\/wp\/v2\/product_brand?post=3445"},{"taxonomy":"product_cat","embeddable":true,"href":"https:\/\/vapestornado.com\/de\/wp-json\/wp\/v2\/product_cat?post=3445"},{"taxonomy":"product_tag","embeddable":true,"href":"https:\/\/vapestornado.com\/de\/wp-json\/wp\/v2\/product_tag?post=3445"}],"curies":[{"name":"wp","href":"https:\/\/api.w.org\/{rel}","templated":true}]}}