{"id":3394,"date":"2024-12-26T07:40:36","date_gmt":"2024-12-26T07:40:36","guid":{"rendered":"https:\/\/vapestornado.com\/?post_type=product&#038;p=3394"},"modified":"2025-08-23T12:25:34","modified_gmt":"2025-08-23T12:25:34","slug":"vookbar-cyber-pro-30000-puffs-touch-screen-2-low-nicotine-rechargeable-disposable-vapes-pen-bulk-buy-wholesale","status":"publish","type":"product","link":"https:\/\/vapestornado.com\/de\/product\/vookbar-cyber-pro-30000-puffs-touch-screen-2-low-nicotine-rechargeable-disposable-vapes-pen-bulk-buy-wholesale\/","title":{"rendered":"Vookbar Cyber Pro 30000 Z\u00fcge Touchscreen 2% Aufladbare Einweg-Vapes Pen mit niedrigem Nikotingehalt, Gro\u00dfhandel"},"content":{"rendered":"<h1 class=\"product-title\">Vookbar Cyber Pro 30000 Z\u00fcge Touchscreen 2% Aufladbare Einweg-Vapes Pen mit niedrigem Nikotingehalt, Gro\u00dfhandel<\/h1>\n<p>Der <strong>Vookbar Cyber Pro 30000 Z\u00fcge<\/strong> ist hier, um Einweg-Vaping neu zu definieren. Mit seinem schlanken Design, fortschrittlicher Technologie und benutzerfreundlichen Funktionen ist dieser Vape-Stift perfekt f\u00fcr Gelegenheitsnutzer und erfahrene Dampfer, die ein erstklassiges Erlebnis suchen.<\/p>\n<h4><strong>Un\u00fcbertroffene Langlebigkeit<\/strong><\/h4>\n<p>Ausgestattet mit einer unglaublichen <strong>30.000 Z\u00fcge<\/strong> Kapazit\u00e4t, macht der Vookbar Cyber Pro h\u00e4ufige Nachf\u00fcllungen \u00fcberfl\u00fcssig und sorgt f\u00fcr lang anhaltende Zufriedenheit. Der <strong>22ml E-Liquid-Reservoir<\/strong> l\u00e4sst Sie ununterbrochen dampfen mit Ihren Lieblingsgeschmacksrichtungen.<\/p>\n<h4><strong>Leistungsstark und wiederaufladbar<\/strong><\/h4>\n<p>Angetrieben von einem <strong>650mAh wiederaufladbarer Akku<\/strong>, der Vookbar Cyber Pro h\u00e4lt Sie den ganzen Tag am Laufen. Der <strong>Type-C Schnellladeanschluss<\/strong> sorgt daf\u00fcr, dass Sie schnell aufladen und ohne Verz\u00f6gerung wieder dampfen k\u00f6nnen.<\/p>\n<h4><strong>Verbesserter Geschmack und Dampf<\/strong><\/h4>\n<p>Mit einer <strong>Dual-Mesh-Coil-System<\/strong>, dieses Ger\u00e4t liefert reiche, konsistente Geschm\u00e4cker und beeindruckende Dampfproduktion. Das einstellbare Luftstromdesign gibt Ihnen Kontrolle \u00fcber die Intensit\u00e4t und bedient sowohl sanfte als auch k\u00fchne Dampfvorlieben.<\/p>\n<h4><strong>Intelligente Touchscreen-Technologie<\/strong><\/h4>\n<p>Der Vookbar Cyber Pro sticht hervor mit seinem <strong>2,1-Zoll-Touchscreen<\/strong>, der eine nahtlose Navigation durch seine Funktionen bietet. Mit Bluetooth-Konnektivit\u00e4t k\u00f6nnen Sie ihn mit der Wearinos-App koppeln, um Ihr Erlebnis zu personalisieren \u2013 Einstellungen anpassen, benutzerdefinierte Hintergrundbilder festlegen und sogar auf einzigartige Optionen wie Remote-Selfies und Benachrichtigungen zugreifen.<\/p>\n<h4><strong>Sicherheit und Komfort<\/strong><\/h4>\n<p>Der Vookbar Cyber Pro verf\u00fcgt \u00fcber eine <strong>Kindersicherung<\/strong>und ist somit eine sicherere Option f\u00fcr Haushalte. Er ist f\u00fcr Benutzer mit geringem Nikotingehalt konzipiert, mit St\u00e4rken von <strong>0%, 2%, 3% und 5%<\/strong>, um einer Vielzahl von Vorlieben gerecht zu werden.<\/p>\n<h4><strong>Jenseits des Dampfens<\/strong><\/h4>\n<p>Heben Sie Ihr Erlebnis auf die n\u00e4chste Stufe mit zus\u00e4tzlichen Funktionen wie Minispielen und Social-Media-Benachrichtigungen, die das Dampfen nahtlos in Ihren Lebensstil integrieren. Dies ist mehr als nur eine E-Zigarette \u2013 es ist ein smartes Ger\u00e4t f\u00fcr den modernen Benutzer.<\/p>\n<h3><strong>Erh\u00f6hen Sie Ihr Dampferlebnis<\/strong><\/h3>\n<p>Egal, ob Sie in gro\u00dfen Mengen f\u00fcr den Gro\u00dfhandel einkaufen oder nach einer herausragenden Einweg-Vape-Pen suchen, der <strong>Vookbar Cyber Pro 30000 Z\u00fcge<\/strong> bietet die perfekte Kombination aus Innovation, Leistung und Stil. Erleben Sie die Zukunft des Dampfens noch heute!<\/p>\n<p><span style=\"color: #ff0000;\"><strong>F\u00fcgen Sie Amy auf WhatsApp hinzu, um eine direkte Antwort und einen Vape-Gutschein zu erhalten!<\/strong><\/span><\/p>\n<p><img fetchpriority=\"high\" decoding=\"async\" class=\"size-full wp-image-2932\" src=\"https:\/\/vapestornado.com\/wp-content\/uploads\/2024\/12\/Vape-Wholesale.jpg\" alt=\"Vape-Gro\u00dfhandel\" width=\"229\" height=\"300\" \/><\/p>\n<h3><a href=\"https:\/\/wa.me\/8617776015835\" target=\"_blank\" rel=\"noopener\"><span style=\"color: #ff0000;\"><strong>WhatsApp: +86 17776015835<\/strong><\/span><\/a><\/h3>\n<p>&nbsp;<\/p>\n<h2 class=\"product-title\">Vookbar Cyber Pro 30000 Einweg-Vape<strong> Produktmerkmale<\/strong><\/h2>\n<div role=\"article\" data-tabster=\"{&quot;groupper&quot;:{&quot;tabbability&quot;:2},&quot;focusable&quot;:{}}\" data-content=\"ai-message\" aria-labelledby=\"juhNTJ6o7Gk1cgwZMJgv2-author juhNTJ6o7Gk1cgwZMJgv2-content\">\n<div id=\"juhNTJ6o7Gk1cgwZMJgv2-content\">\n<div role=\"article\" data-tabster=\"{&quot;groupper&quot;:{&quot;tabbability&quot;:2},&quot;focusable&quot;:{}}\" data-content=\"ai-message\" aria-labelledby=\"x4EZuCZWrTbh3weWUt7CU-author x4EZuCZWrTbh3weWUt7CU-content\">\n<div id=\"x4EZuCZWrTbh3weWUt7CU-content\">\n<div class=\"flex max-w-full flex-col flex-grow\">\n<div class=\"min-h-8 text-message flex w-full flex-col items-end gap-2 whitespace-normal break-words text-start [.text-message+&amp;]:mt-5\" dir=\"auto\" data-message-author-role=\"assistant\" data-message-id=\"52c6e00a-252f-4104-805d-2f1a84739c71\" data-message-model-slug=\"gpt-4o\">\n<div class=\"flex w-full flex-col gap-1 empty:hidden first:pt-[3px]\">\n<div class=\"markdown prose w-full break-words dark:prose-invert light\">\n<div class=\"flex max-w-full flex-col flex-grow\">\n<div class=\"min-h-8 text-message flex w-full flex-col items-end gap-2 whitespace-normal break-words text-start [.text-message+&amp;]:mt-5\" dir=\"auto\" data-message-author-role=\"assistant\" data-message-id=\"d3382d71-de90-4719-8ad8-700b383ac952\" data-message-model-slug=\"gpt-4o\">\n<div class=\"flex w-full flex-col gap-1 empty:hidden first:pt-[3px]\">\n<div class=\"markdown prose w-full break-words dark:prose-invert light\">\n<h3><\/h3>\n<ol>\n<li><strong>Hohe Zugkapazit\u00e4t<\/strong>: 30.000 Z\u00fcge f\u00fcr eine lange Nutzung ohne Austausch.<\/li>\n<li><strong>Gro\u00dfes E-Liquid-Volumen<\/strong>: 22ml Kapazit\u00e4t f\u00fcr langanhaltenden Geschmack.<\/li>\n<li><strong>Leistungsstarker Akku<\/strong>: 650mAh wiederaufladbarer Akku mit Typ-C Schnellladung.<\/li>\n<li><strong>Dual-Mesh-Coil<\/strong>: Liefert dichten Dampf und sanfte, geschmackvolle Z\u00fcge.<\/li>\n<li><strong>Intelligente Touchscreen-Steuerung<\/strong>: 2,1-Zoll-Touchscreen mit Bluetooth-Konnektivit\u00e4t und anpassbaren Einstellungen.<\/li>\n<li><strong>Multifunktionales Ger\u00e4t<\/strong>: Unterst\u00fctzt Minispiele, Social-Media-Benachrichtigungen und mehr.<\/li>\n<li><strong>Nikotin-Vielfalt<\/strong>: Erh\u00e4ltlich in den Nikotinst\u00e4rken 0%, 2%, 3% und 5%.<\/li>\n<li><strong>Sicherheitsfunktionen<\/strong>: Eingebaute Kindersicherung f\u00fcr zuverl\u00e4ssigen Schutz.<\/li>\n<\/ol>\n<\/div>\n<\/div>\n<\/div>\n<\/div>\n<div class=\"mb-2 flex gap-3 empty:hidden -ml-2\">\n<div class=\"items-center justify-start rounded-xl p-1 flex\"><\/div>\n<\/div>\n<\/div>\n<\/div>\n<\/div>\n<\/div>\n<\/div>\n<\/div>\n<\/div>\n<\/div>\n<h2 class=\"product-title\"><strong>Beliebte Geschmacksrichtung f\u00fcr Vookbar Cyber Pro 30000 Einweg-Vapes<\/strong><\/h2>\n<p>Die Kollektion bietet eine vielf\u00e4ltige Auswahl an Geschmacksrichtungen, die klassische Fr\u00fcchte, tropische K\u00f6stlichkeiten und eisige Abg\u00e4nge vereinen. Von s\u00fc\u00dfen und w\u00fcrzigen Kombinationen wie <strong>Pfirsich Mango<\/strong> und <strong>Erdbeer Kiwi<\/strong> bis hin zu erfrischenden Menthol-Twists wie <strong>Wassermelonen-Eis<\/strong> und <strong>Blaue Himbeereis<\/strong>, ist f\u00fcr jeden Gaumen etwas dabei.<\/p>\n<p>1. Blaue Himbeereis <span style=\"color: #ff0000;\"><strong>&gt;&gt;&gt;&gt; Hei\u00df !<\/strong><\/span><br \/>\n2. Pfirsicheis<br \/>\n3. Traubeneis<br \/>\n4. Erdbeere Wassermelone <span style=\"color: #ff0000;\"><strong>&gt;&gt;&gt;&gt; Hei\u00df !<\/strong><\/span><br \/>\n5. Erdbeer-Banane<br \/>\n6.Kirsch-Wassermelone<br \/>\n7.Wassermelone Eis<br \/>\n8.Pfirsich-Mango<br \/>\n9.Erdbeer-Kiwi<br \/>\n10.Wei\u00dfe Erdbeereis<br \/>\n11.Wei\u00dfes Gummib\u00e4rchen-Eis<br \/>\n12.Gefrorene Pi\u00f1a Colada<br \/>\n13.Verdammt geil<br \/>\n14.Mojito-Beerenmix <span style=\"color: #ff0000;\"><strong>&gt;&gt;&gt;&gt; Beste !<\/strong><\/span><\/p>\n<figure id=\"attachment_3554\" aria-describedby=\"caption-attachment-3554\" style=\"width: 1000px\" class=\"wp-caption alignnone\"><img decoding=\"async\" class=\"wp-image-3554 size-full\" src=\"https:\/\/vapestornado.com\/wp-content\/uploads\/2024\/12\/Bluetooth-Vape-Vookbar-Cyber-\u200b\u200bPro-30000-Puffs-Disposable-Vape-Wholesale.webp\" alt=\"Bluetooth Vape Vookbar Cyber Pro 30000 Puffs Einweg-Vape Gro\u00dfhandel\" width=\"1000\" height=\"1000\" srcset=\"https:\/\/vapestornado.com\/wp-content\/uploads\/2024\/12\/Bluetooth-Vape-Vookbar-Cyber-\u200b\u200bPro-30000-Puffs-Disposable-Vape-Wholesale.webp 1000w, https:\/\/vapestornado.com\/wp-content\/uploads\/2024\/12\/Bluetooth-Vape-Vookbar-Cyber-\u200b\u200bPro-30000-Puffs-Disposable-Vape-Wholesale-300x300.webp 300w, https:\/\/vapestornado.com\/wp-content\/uploads\/2024\/12\/Bluetooth-Vape-Vookbar-Cyber-\u200b\u200bPro-30000-Puffs-Disposable-Vape-Wholesale-150x150.webp 150w, https:\/\/vapestornado.com\/wp-content\/uploads\/2024\/12\/Bluetooth-Vape-Vookbar-Cyber-\u200b\u200bPro-30000-Puffs-Disposable-Vape-Wholesale-768x768.webp 768w, https:\/\/vapestornado.com\/wp-content\/uploads\/2024\/12\/Bluetooth-Vape-Vookbar-Cyber-\u200b\u200bPro-30000-Puffs-Disposable-Vape-Wholesale-600x600.webp 600w, https:\/\/vapestornado.com\/wp-content\/uploads\/2024\/12\/Bluetooth-Vape-Vookbar-Cyber-\u200b\u200bPro-30000-Puffs-Disposable-Vape-Wholesale-100x100.webp 100w\" sizes=\"(max-width: 1000px) 100vw, 1000px\" \/><figcaption id=\"caption-attachment-3554\" class=\"wp-caption-text\">Bluetooth Vape Vookbar Cyber Pro 30000 Puffs Einweg-Vape Gro\u00dfhandel<\/figcaption><\/figure>\n<div class=\"flex-shrink-0 flex flex-col relative items-end\">\n<div class=\"pt-0\">\n<div class=\"gizmo-bot-avatar flex h-8 w-8 items-center justify-center overflow-hidden rounded-full\">\n<div class=\"relative p-1 rounded-sm flex items-center justify-center bg-token-main-surface-primary text-token-text-primary h-8 w-8\">\n<h3>FAQs zu Vookbar Cyber Pro 30000 Einweg-Vapes<\/h3>\n<div class=\"flex max-w-full flex-col flex-grow\">\n<div class=\"min-h-8 text-message flex w-full flex-col items-end gap-2 whitespace-normal break-words text-start [.text-message+&amp;]:mt-5\" dir=\"auto\" data-message-author-role=\"assistant\" data-message-id=\"4dc48248-df95-45bd-b800-6dedb43cf7f1\" data-message-model-slug=\"gpt-4o\">\n<div class=\"flex w-full flex-col gap-1 empty:hidden first:pt-[3px]\">\n<div class=\"markdown prose w-full break-words dark:prose-invert light\">\n<ol>\n<li><strong>Wie lange h\u00e4lt der Vookbar Cyber Pro 30000 Puffs?<\/strong><br \/>\nDas Ger\u00e4t bietet bis zu 30.000 Z\u00fcge und erm\u00f6glicht eine l\u00e4ngere Nutzung ohne h\u00e4ufigen Austausch.<\/li>\n<li><strong>Kann ich den Luftstrom am Vookbar 30000 Einweg-Vape anpassen?<\/strong><br \/>\nJa, die einstellbare Luftstromfunktion erm\u00f6glicht es Ihnen, Ihre Inhalation f\u00fcr ein individuelles Dampferlebnis anzupassen.<\/li>\n<li><strong>Unterst\u00fctzt der Vookbar Cyber Pro 30k Touch Einweg-Vape schnelles Laden?<\/strong><br \/>\nAbsolut! Er verf\u00fcgt \u00fcber einen USB-C-Ladeanschluss f\u00fcr schnelles und effizientes Aufladen.<\/li>\n<li><strong>Welche Nikotinst\u00e4rken sind f\u00fcr den wiederaufladbaren Vookbar 30000 Vape erh\u00e4ltlich?<\/strong><br \/>\nDas Ger\u00e4t ist in 0 %, 2 %, 3 % und 5 % Nikotinkonzentrationen erh\u00e4ltlich, um verschiedenen Vorlieben gerecht zu werden.<\/li>\n<li><strong>Welche zus\u00e4tzlichen Funktionen bietet der Touchscreen?<\/strong><br \/>\nDer 2,1-Zoll-Touchscreen erm\u00f6glicht es Ihnen, Einstellungen zu \u00fcberwachen, sich \u00fcber Bluetooth zu verbinden, Hintergrundbilder anzupassen und sogar Selfies fernzusteuern.<\/li>\n<\/ol>\n<\/div>\n<\/div>\n<\/div>\n<\/div>\n<\/div>\n<\/div>\n<\/div>\n<\/div>\n<div class=\"flex-shrink-0 flex flex-col relative items-end\">\n<div class=\"pt-0\">\n<div class=\"gizmo-bot-avatar flex h-8 w-8 items-center justify-center overflow-hidden rounded-full\">\n<div class=\"relative p-1 rounded-sm flex items-center justify-center bg-token-main-surface-primary text-token-text-primary h-8 w-8\">\n<div class=\"mb-2 flex gap-3 empty:hidden -ml-2\">\n<div role=\"article\" data-tabster=\"{&quot;groupper&quot;:{&quot;tabbability&quot;:2},&quot;focusable&quot;:{}}\" data-content=\"ai-message\" aria-labelledby=\"Vdt5ez4X7Tg813x6rFVha-author Vdt5ez4X7Tg813x6rFVha-content\">\n<div id=\"Vdt5ez4X7Tg813x6rFVha-content\">\n<div role=\"article\" data-tabster=\"{&quot;groupper&quot;:{&quot;tabbability&quot;:2},&quot;focusable&quot;:{}}\" data-content=\"ai-message\" aria-labelledby=\"o968oC7CEo2fGHsGdsRYC-author o968oC7CEo2fGHsGdsRYC-content\">\n<div id=\"o968oC7CEo2fGHsGdsRYC-content\">\n<h3>Warum vapestornado f\u00fcr Vookbar 30000 Touch Einweg-Vape Gro\u00dfhandel w\u00e4hlen?<\/h3>\n<div class=\"flex-shrink-0 flex flex-col relative items-end\">\n<div class=\"pt-0\">\n<div class=\"gizmo-bot-avatar flex h-8 w-8 items-center justify-center overflow-hidden rounded-full\">\n<div class=\"relative p-1 rounded-sm flex items-center justify-center bg-token-main-surface-primary text-token-text-primary h-8 w-8\">\n<p>Willkommen bei vapestornado, Ihrem vertrauensw\u00fcrdigen Online-Vape-Shop f\u00fcr Premium-Einweg-Vapes. Mit mehr als 5 Jahren Erfahrung bieten wir Ihnen beliebte Einweg-Vape-Marken wie Fumot RandM Vape, <a href=\"https:\/\/vapestornado.com\/de\/product-category\/vapme-shisha\/\">Vapme<\/a>, Bang Vape, Waspe Vape und WGA Vape usw.<\/p>\n<p>Unser Sortiment umfasst hei\u00df verkaufte Vapes wie den <a href=\"https:\/\/vapestornado.com\/de\/product\/randm-12000-puffs-fumot-digital-disposable-vape-wholesale-price\/\">RandM Tornado 12000<\/a>, und geschmacksreiche Optionen wie den <a href=\"https:\/\/vapestornado.com\/de\/product\/wga-crystal-pro-max-extra-15000-puffs-rechargeable-disposable-vape-wholesale-bulk-buy\/\">\u00a0WGA Kristall 15k Z\u00fcge<\/a> . Jedes Produkt wird mit Fokus auf Qualit\u00e4t, Wert und Vielfalt ausgew\u00e4hlt, um sicherzustellen, dass Sie die perfekte \u00dcbereinstimmung f\u00fcr Ihre Bed\u00fcrfnisse finden. Entdecken Sie au\u00dfergew\u00f6hnlichen Service und eine breite Palette an Spitzenprodukten zum Gro\u00dfhandelspreis bei vapestornado.<\/p>\n<\/div>\n<p>&nbsp;<\/p>\n<p><strong>Andere hei\u00dfe Einweg-Vapes im Angebot<\/strong><\/p>\n<p><a href=\"https:\/\/vapestornado.com\/de\/product\/bang-vape-35000-puffs-low-nicotine-bulk-buy-rechargeable-disposable-vapes-box-wholesale-price\/\">Bang Vape 35000 Z\u00fcge <span style=\"color: #ff0000;\"><strong>&gt;&gt;&gt;&gt; Los !<\/strong><\/span><\/a><\/p>\n<p><a href=\"https:\/\/vapestornado.com\/de\/product\/vopk-ultra-40000-puffs-2-in-1-digital-screen-rechargeable-disposable-vape\/\">VOPK 40000 Doppelter Geschmack<span style=\"color: #ff0000;\"><strong>&gt;&gt;&gt;&gt; Los !<\/strong><\/span><\/a><\/p>\n<p><a href=\"https:\/\/vapestornado.com\/de\/product\/bood-twins-46000-puff-double-flavour-low-nicotine-disposable-vape-wholesale-bulk-buy-price\/\">Bood Twins 46000<span style=\"color: #ff0000;\"><strong>&gt;&gt;&gt;&gt; Los !<\/strong><\/span><\/a><\/p>\n<\/div>\n<\/div>\n<\/div>\n<p>&nbsp;<\/p>\n<\/div>\n<\/div>\n<\/div>\n<\/div>\n<\/div>\n<\/div>\n<\/div>\n<\/div>\n<\/div>","protected":false},"excerpt":{"rendered":"<p>Hei\u00dfer Vookbar Cyber Pro 30000 Puffs 2% Geringes Nikotin Einweg-Vape<br \/>\nVookbar Vape Cyber Pro 30000 Puffs Digitalanzeige Einweg-Vape Gro\u00dfhandel<br \/>\nVookbar Cyber Pro 30k Touch Wiederaufladbarer Einweg-Vape Gro\u00dfhandel<\/p>\n<p><strong>F\u00fcge Amy auf WhatsApp hinzu, um sofort eine Antwort und einen Vape-Gutschein zu erhalten!<\/strong><\/p>\n<p><img fetchpriority=\"high\" decoding=\"async\" class=\"size-full wp-image-2932\" src=\"https:\/\/vapestornado.com\/wp-content\/uploads\/2024\/12\/Vape-Wholesale.jpg\" alt=\"Vape-Gro\u00dfhandel\" width=\"229\" height=\"300\" \/><\/p>\n<h3><a href=\"https:\/\/wa.me\/8617776015835\"><span style=\"color: #ff0000;\"><strong>WhatsApp: +86 17776015835<\/strong><\/span><\/a><\/h3>\n<p>&nbsp;<\/p>","protected":false},"featured_media":3388,"comment_status":"open","ping_status":"closed","template":"","meta":{"_acf_changed":false,"_uag_custom_page_level_css":"","_lmt_disableupdate":"no","_lmt_disable":"","_monsterinsights_skip_tracking":false,"_monsterinsights_sitenote_active":false,"_monsterinsights_sitenote_note":"","_monsterinsights_sitenote_category":0,"site-sidebar-layout":"default","site-content-layout":"","ast-site-content-layout":"default","site-content-style":"default","site-sidebar-style":"default","ast-global-header-display":"","ast-banner-title-visibility":"","ast-main-header-display":"","ast-hfb-above-header-display":"","ast-hfb-below-header-display":"","ast-hfb-mobile-header-display":"","site-post-title":"","ast-breadcrumbs-content":"","ast-featured-img":"","footer-sml-layout":"","ast-disable-related-posts":"","theme-transparent-header-meta":"default","adv-header-id-meta":"","stick-header-meta":"","header-above-stick-meta":"","header-main-stick-meta":"","header-below-stick-meta":"","astra-migrate-meta-layouts":"set","ast-page-background-enabled":"default","ast-page-background-meta":{"desktop":{"background-color":"","background-image":"","background-repeat":"repeat","background-position":"center center","background-size":"auto","background-attachment":"scroll","background-type":"","background-media":"","overlay-type":"","overlay-color":"","overlay-opacity":"","overlay-gradient":""},"tablet":{"background-color":"","background-image":"","background-repeat":"repeat","background-position":"center center","background-size":"auto","background-attachment":"scroll","background-type":"","background-media":"","overlay-type":"","overlay-color":"","overlay-opacity":"","overlay-gradient":""},"mobile":{"background-color":"","background-image":"","background-repeat":"repeat","background-position":"center center","background-size":"auto","background-attachment":"scroll","background-type":"","background-media":"","overlay-type":"","overlay-color":"","overlay-opacity":"","overlay-gradient":""}},"ast-content-background-meta":{"desktop":{"background-color":"var(--ast-global-color-5)","background-image":"","background-repeat":"repeat","background-position":"center center","background-size":"auto","background-attachment":"scroll","background-type":"","background-media":"","overlay-type":"","overlay-color":"","overlay-opacity":"","overlay-gradient":""},"tablet":{"background-color":"var(--ast-global-color-5)","background-image":"","background-repeat":"repeat","background-position":"center center","background-size":"auto","background-attachment":"scroll","background-type":"","background-media":"","overlay-type":"","overlay-color":"","overlay-opacity":"","overlay-gradient":""},"mobile":{"background-color":"var(--ast-global-color-5)","background-image":"","background-repeat":"repeat","background-position":"center center","background-size":"auto","background-attachment":"scroll","background-type":"","background-media":"","overlay-type":"","overlay-color":"","overlay-opacity":"","overlay-gradient":""}},"_joinchat":{"telephone":"+8617776015835"}},"product_brand":[],"product_cat":[140,67,150,154,160,142,146],"product_tag":[165,105,97,166,94,207,208],"class_list":{"0":"post-3394","1":"product","2":"type-product","3":"status-publish","4":"has-post-thumbnail","6":"product_cat-big-puffs-disposable-vapes","7":"product_cat-30000-puff","8":"product_cat-buy-disposable-vapes-in-belgium","9":"product_cat-buy-disposable-vapes-in-netherlands","10":"product_cat-buy-disposable-vapes-in-switzerland","11":"product_cat-digital-box-disposable-vapes","12":"product_cat-rechargeable-disposable-vapes","13":"product_tag-cheap-vapes","14":"product_tag-digital-disposable-vape","15":"product_tag-hot-sale-disposable-vape","16":"product_tag-low-nicotine-vape","17":"product_tag-rechargeable-disposable-vape","18":"product_tag-vookbar-cyber-pro-30000","19":"product_tag-vookbar-vape","20":"desktop-align-left","21":"tablet-align-left","22":"mobile-align-left","24":"first","25":"instock","26":"sale","27":"shipping-taxable","28":"purchasable","29":"product-type-simple"},"acf":[],"uagb_featured_image_src":{"full":["https:\/\/vapestornado.com\/wp-content\/uploads\/2024\/12\/Vookbar-Cyber-\u200b\u200bPro-30k-Vape-Wholesale.jpg",1000,1000,false],"thumbnail":["https:\/\/vapestornado.com\/wp-content\/uploads\/2024\/12\/Vookbar-Cyber-\u200b\u200bPro-30k-Vape-Wholesale-150x150.jpg",150,150,true],"medium":["https:\/\/vapestornado.com\/wp-content\/uploads\/2024\/12\/Vookbar-Cyber-\u200b\u200bPro-30k-Vape-Wholesale-300x300.jpg",300,300,true],"medium_large":["https:\/\/vapestornado.com\/wp-content\/uploads\/2024\/12\/Vookbar-Cyber-\u200b\u200bPro-30k-Vape-Wholesale-768x768.jpg",768,768,true],"large":["https:\/\/vapestornado.com\/wp-content\/uploads\/2024\/12\/Vookbar-Cyber-\u200b\u200bPro-30k-Vape-Wholesale.jpg",1000,1000,false],"1536x1536":["https:\/\/vapestornado.com\/wp-content\/uploads\/2024\/12\/Vookbar-Cyber-\u200b\u200bPro-30k-Vape-Wholesale.jpg",1000,1000,false],"2048x2048":["https:\/\/vapestornado.com\/wp-content\/uploads\/2024\/12\/Vookbar-Cyber-\u200b\u200bPro-30k-Vape-Wholesale.jpg",1000,1000,false],"trp-custom-language-flag":["https:\/\/vapestornado.com\/wp-content\/uploads\/2024\/12\/Vookbar-Cyber-\u200b\u200bPro-30k-Vape-Wholesale.jpg",12,12,false],"woocommerce_thumbnail":["https:\/\/vapestornado.com\/wp-content\/uploads\/2024\/12\/Vookbar-Cyber-\u200b\u200bPro-30k-Vape-Wholesale-300x300.jpg",300,300,true],"woocommerce_single":["https:\/\/vapestornado.com\/wp-content\/uploads\/2024\/12\/Vookbar-Cyber-\u200b\u200bPro-30k-Vape-Wholesale-600x600.jpg",600,600,true],"woocommerce_gallery_thumbnail":["https:\/\/vapestornado.com\/wp-content\/uploads\/2024\/12\/Vookbar-Cyber-\u200b\u200bPro-30k-Vape-Wholesale-100x100.jpg",100,100,true]},"uagb_author_info":{"display_name":"ESAMY","author_link":"https:\/\/vapestornado.com\/de\/author\/"},"uagb_comment_info":0,"uagb_excerpt":"Hot Vookbar Cyber Pro 30000 Puffs 2% Low Nicotine Disposable Vape Vookbar Vape Cyber Pro 30000 Puffs Digital Display Disposable Vape Bulk Buy Vookbar Cyber Pro 30k Touch Rechargeable Disposable Vape Wholesale Add Amy's whatsapp get right reply and vape coupon! WhatsApp: +86 17776015835 &nbsp;","_links":{"self":[{"href":"https:\/\/vapestornado.com\/de\/wp-json\/wp\/v2\/product\/3394","targetHints":{"allow":["GET"]}}],"collection":[{"href":"https:\/\/vapestornado.com\/de\/wp-json\/wp\/v2\/product"}],"about":[{"href":"https:\/\/vapestornado.com\/de\/wp-json\/wp\/v2\/types\/product"}],"replies":[{"embeddable":true,"href":"https:\/\/vapestornado.com\/de\/wp-json\/wp\/v2\/comments?post=3394"}],"wp:featuredmedia":[{"embeddable":true,"href":"https:\/\/vapestornado.com\/de\/wp-json\/wp\/v2\/media\/3388"}],"wp:attachment":[{"href":"https:\/\/vapestornado.com\/de\/wp-json\/wp\/v2\/media?parent=3394"}],"wp:term":[{"taxonomy":"product_brand","embeddable":true,"href":"https:\/\/vapestornado.com\/de\/wp-json\/wp\/v2\/product_brand?post=3394"},{"taxonomy":"product_cat","embeddable":true,"href":"https:\/\/vapestornado.com\/de\/wp-json\/wp\/v2\/product_cat?post=3394"},{"taxonomy":"product_tag","embeddable":true,"href":"https:\/\/vapestornado.com\/de\/wp-json\/wp\/v2\/product_tag?post=3394"}],"curies":[{"name":"wp","href":"https:\/\/api.w.org\/{rel}","templated":true}]}}