{"id":3386,"date":"2024-12-26T06:35:55","date_gmt":"2024-12-26T06:35:55","guid":{"rendered":"https:\/\/vapestornado.com\/?post_type=product&#038;p=3386"},"modified":"2025-08-23T08:57:06","modified_gmt":"2025-08-23T08:57:06","slug":"bood-30k-puffs-geek-bar-cheap-price-rechargeable-vape","status":"publish","type":"product","link":"https:\/\/vapestornado.com\/de\/product\/bood-30k-puffs-geek-bar-cheap-price-rechargeable-vape\/","title":{"rendered":"BOOD 30k Puffs Geek Bar G\u00fcnstiger Preis Wiederaufladbare Vape"},"content":{"rendered":"<h1>BOOD INFINITY 30k Puffs Geek Bar G\u00fcnstiger Preis Wiederaufladbarer Vape<\/h1>\n<p>&nbsp;<\/p>\n<div role=\"article\" data-tabster=\"{&quot;groupper&quot;:{&quot;tabbability&quot;:2},&quot;focusable&quot;:{}}\" data-content=\"ai-message\" aria-labelledby=\"64JRvXrTnY7mRmPkEQLLT-author 64JRvXrTnY7mRmPkEQLLT-content\">\n<div id=\"64JRvXrTnY7mRmPkEQLLT-content\">\n<p data-start=\"300\" data-end=\"543\">Der <strong data-start=\"304\" data-end=\"358\">BOOD INFINITY 30000 Z\u00fcge Geek Bar Einweg-Vape<\/strong> vereint Kapazit\u00e4t, Stil und Leistung in einem leistungsstarken Ger\u00e4t. Mit bis zu <strong data-start=\"436\" data-end=\"452\">30.000 Z\u00fcge<\/strong> und einem <strong data-start=\"459\" data-end=\"490\">650mAh wiederaufladbarer Akku<\/strong>Z\u00fcgen gew\u00e4hrleistet es eine lange Nutzungsdauer und reduziert gleichzeitig Abfall.<\/p>\n<p data-start=\"545\" data-end=\"844\">Ausgestattet mit einem <strong data-start=\"562\" data-end=\"600\">E-Liquid<\/strong>k\u00f6nnen Benutzer den Akku- und E-Liquid-Stand in Echtzeit \u00fcberpr\u00fcfen, um eine problemlose Erfahrung zu gew\u00e4hrleisten. Der <strong data-start=\"693\" data-end=\"718\">Dual-Mesh-Coil-System<\/strong> verbessert die Dampfdichte und Geschmackskonsistenz, w\u00e4hrend der <strong data-start=\"776\" data-end=\"798\">einstellbarer Luftstrom<\/strong> es jedem Benutzer erm\u00f6glicht, seinen Zug zu personalisieren.<\/p>\n<p data-start=\"846\" data-end=\"1065\">Kompakt und langlebig, der <strong data-start=\"871\" data-end=\"908\">BOOD INFINITY 30K Einweg-Vape<\/strong> liefert sanfte Wolken und satten Geschmack und ist somit eine praktische Wahl f\u00fcr Gro\u00dfh\u00e4ndler, Einzelh\u00e4ndler und einzelne Benutzer, die zuverl\u00e4ssige Vapes mit hoher Kapazit\u00e4t suchen.<\/p>\n<\/div>\n<\/div>\n<p><img fetchpriority=\"high\" decoding=\"async\" class=\"alignleft wp-image-2951 size-medium\" src=\"https:\/\/vapestornado.com\/wp-content\/uploads\/2024\/12\/Wholesale-Disposable-Vape-265x300.jpg\" alt=\"Einweg-Vape im Gro\u00dfhandel\" width=\"265\" height=\"300\" srcset=\"https:\/\/vapestornado.com\/wp-content\/uploads\/2024\/12\/Wholesale-Disposable-Vape-265x300.jpg 265w, https:\/\/vapestornado.com\/wp-content\/uploads\/2024\/12\/Wholesale-Disposable-Vape-768x871.jpg 768w, https:\/\/vapestornado.com\/wp-content\/uploads\/2024\/12\/Wholesale-Disposable-Vape-600x680.jpg 600w, https:\/\/vapestornado.com\/wp-content\/uploads\/2024\/12\/Wholesale-Disposable-Vape.jpg 823w\" sizes=\"(max-width: 265px) 100vw, 265px\" \/><\/p>\n<h6>Bitte kontaktieren Sie Mandys WhatsApp f\u00fcr einen Rabattpreis:<a href=\"https:\/\/wa.me\/8618077105796\" target=\"_blank\" rel=\"noopener\">+8618077105796<\/a><\/h6>\n<div class=\"flex max-w-full flex-col flex-grow\">\n<div class=\"min-h-8 text-message flex w-full flex-col items-end gap-2 whitespace-normal break-words text-start [.text-message+&amp;]:mt-5\" dir=\"auto\" data-message-author-role=\"assistant\" data-message-id=\"cdb991c0-f594-4bff-b2d5-fbbdd7ce9e54\" data-message-model-slug=\"gpt-4o-mini\">\n<div class=\"flex w-full flex-col gap-1 empty:hidden first:pt-[3px]\">\n<div class=\"markdown prose w-full break-words dark:prose-invert light\"><\/div>\n<\/div>\n<\/div>\n<\/div>\n<div class=\"mb-2 flex gap-3 empty:hidden -ml-2\">\n<h2><strong>Hei\u00dfe BOOD INFINITY 30K PUFF Vapes Spezifikationen<\/strong><\/h2>\n<ul>\n<li><strong>Massive 30K Puff Kapazit\u00e4t<\/strong>: Entwickelt f\u00fcr ausgedehnte Dampfsitzungen und bietet bis zu 30.000 Z\u00fcge f\u00fcr ein wirklich langanhaltendes Erlebnis.<\/li>\n<li><strong>E-Liquid<\/strong>: Verf\u00fcgt \u00fcber ein integriertes Display, um den \u00dcberblick \u00fcber den E-Liquid-Stand und die Akkulaufzeit zu behalten und eine nahtlose Nutzung ohne Unterbrechungen zu gew\u00e4hrleisten.<\/li>\n<li><strong>Fortschrittliche Double Mesh Coil Technologie<\/strong>: Liefert eine verbesserte Geschmacksintensit\u00e4t, eine sanfte Dampfproduktion und einen befriedigenden Throat Hit bei jedem Zug.<\/li>\n<li><strong>Wiederaufladbares Design mit USB-Kompatibilit\u00e4t<\/strong>: Gebaut mit einem umweltfreundlichen, wiederaufladbaren System, wodurch die Notwendigkeit f\u00fcr h\u00e4ufige Austausche entf\u00e4llt.<\/li>\n<li><strong>Hochleistungsf\u00e4higer 650mAh Akku<\/strong>: Bietet zuverl\u00e4ssige und konstante Leistung, gepaart mit schnellem Aufladen f\u00fcr maximalen Komfort.<\/li>\n<\/ul>\n<\/div>\n<h2>Gro\u00dfeinkauf Vape Bood 30k Puffs Geschmacksliste:<\/h2>\n<p>1 ERDBEER WASSERMELONE<br \/>\n2 PFIRSICH MANGO ANANAS<br \/>\n3 \u00dcPPIGES EIS<br \/>\n4 BEEREN-EXPLOSION<br \/>\n5 ERDBEER-KIWI<br \/>\n6 HAWAII<br \/>\n7 BLAUE HIMBEERE EIS<br \/>\n8 BLAUBEER-LIMONADE<br \/>\n9 SCHWARZES EIS<br \/>\n10 TIFFANY<\/p>\n<div role=\"article\" data-tabster=\"{&quot;groupper&quot;:{&quot;tabbability&quot;:2},&quot;focusable&quot;:{}}\" data-content=\"ai-message\" aria-labelledby=\"dARUyEWDoEYhnSPXFwx5A-author dARUyEWDoEYhnSPXFwx5A-content\">\n<div id=\"dARUyEWDoEYhnSPXFwx5A-content\">\n<h3>Warum den BOOD INFINITY 30K Puffs bei vapestornado.com w\u00e4hlen?<\/h3>\n<p>Der BOOD INFINITY 30K Puffs sticht als bahnbrechende Neuerung in der Welt des Dampfens hervor, und vapestornado.com ist Ihr ideales Ziel, um sein volles Potenzial zu genie\u00dfen. Hier sind die Gr\u00fcnde:<\/p>\n<ol>\n<li><strong>Massive Puff-Kapazit\u00e4t:<\/strong> Mit einer unglaublichen <strong>Lebensdauer von 30.000 Z\u00fcgen<\/strong>ist der BOOD INFINITY f\u00fcr den l\u00e4ngeren Gebrauch konzipiert, wodurch die Notwendigkeit h\u00e4ufiger Austausche reduziert und ein au\u00dfergew\u00f6hnlicher Wert geboten wird.<\/li>\n<li><strong>Fortschrittliche Technologie:<\/strong> Mit einer <strong>Doppel-Mesh-Coil<\/strong>gew\u00e4hrleistet dieses Ger\u00e4t eine dichte Dampfproduktion und reichhaltige, konsistente Aromen, wodurch jeder Zug f\u00fcr ein erstklassiges Dampferlebnis verbessert wird.<\/li>\n<li><strong>Intelligente \u00dcberwachung:<\/strong> Der <strong>E-Liquid<\/strong> Bietet Echtzeit-Updates zu E-Liquid-F\u00fcllst\u00e4nden und Batteriestatus, sodass Sie immer die Kontrolle \u00fcber Ihren Vape haben.<\/li>\n<li><strong>Anpassbare Erfahrung:<\/strong> Mit einem <strong>einstellbaren Luftstromsystem<\/strong>k\u00f6nnen Sie Ihren Vaping-Stil an Ihre Vorlieben anpassen, egal ob Sie einen festeren Zug oder einen offeneren Luftstrom bevorzugen.<\/li>\n<li><strong>Umweltfreundliches Design:<\/strong> Ausgestattet mit einer <strong>wiederaufladbarer 650mAh Akku<\/strong>unterst\u00fctzt der BOOD INFINITY nachhaltige Vaping-Praktiken, indem er Abfall minimiert.<\/li>\n<li><strong>Wettbewerbsf\u00e4hige Preise:<\/strong> Auf vapestornado.com bieten wir dieses Hochleistungsger\u00e4t zu einem <strong>g\u00fcnstige Preis<\/strong>an, um sicherzustellen, dass Sie Premium-Qualit\u00e4t erhalten, ohne Ihr Budget zu belasten.<\/li>\n<li><strong>Schneller und zuverl\u00e4ssiger Versand:<\/strong> Alle Bestellungen werden schnell und sicher versandt, mit Lieferoptionen, die Ihren Bed\u00fcrfnissen entsprechen.<\/li>\n<\/ol>\n<p>vapestornado.com hat sich der Bereitstellung erstklassiger Vaping-Produkte und au\u00dfergew\u00f6hnlichem Kundenservice verschrieben. Kaufen Sie noch heute ein und entdecken Sie, warum die BOOD INFINITY 30K Puffs die perfekte Wahl f\u00fcr ein langlebiges, funktionsreiches und erschwingliches Vaping-Erlebnis ist!<\/p>\n<\/div>\n<\/div>\n<h3>FAQs zu BOOD INFINITY 30k Puffs<\/h3>\n<p><strong>1. Wie lange h\u00e4lt die BOOD INFINITY 30K Puffs?<\/strong><br \/>\nDie BOOD INFINITY ist so konzipiert, dass sie bis zu 30.000 Z\u00fcge liefert, was sie zu einer ausgezeichneten Wahl f\u00fcr den langfristigen Gebrauch ohne h\u00e4ufigen Austausch macht. Die tats\u00e4chliche Nutzungsdauer kann je nach individuellen Vaping-Gewohnheiten variieren.<\/p>\n<p><strong>2. Muss die Bood Vapes 30000 Puffs aufgeladen werden?<\/strong><br \/>\nJa, die BOOD INFINITY verf\u00fcgt \u00fcber einen Akku <strong>650mAh Akku<\/strong> , um eine konstante Leistung zu gew\u00e4hrleisten. Verwenden Sie einfach ein kompatibles Ladekabel, um das Ger\u00e4t bei Bedarf aufzuladen.<\/p>\n<p><strong>3. Was macht die BOOD INFINITY 30k Puffs im Vergleich zu anderen Einweg-Vapes so einzigartig?<\/strong><br \/>\nDieser Vape zeichnet sich durch seine <strong>E-Liquid<\/strong>aus, wodurch Benutzer sowohl den E-Liquid-Stand als auch die Akkulaufzeit einfach \u00fcberwachen k\u00f6nnen. Zus\u00e4tzlich ist seine <strong>Double Mesh Coil Technologie<\/strong> sorgt f\u00fcr sanfteren Dampf und reichhaltige Aromen bei jedem Zug.<\/p>\n<p>4.<strong>Wie lange dauert es, bis ich meine Bestellung erhalte, und von wo wird sie versandt?<\/strong><br \/>\nDie Produktion der BOOD INFINITY erfordert <strong>3-5 Werktage<\/strong>, und nach dem Versand dauert es <strong>10-15 Werktage<\/strong> , bis das Paket ankommt. Alle Produkte werden direkt aus <strong>Deutschland<\/strong>.<\/p>\n<p>andere Vapes, die Ihnen gefallen k\u00f6nnten:<a href=\"https:\/\/vapestornado.com\/de\/product-category\/bood-disposable-vapes\/\">BOOD VAPE EINWEG<\/a>\u00a0 \u00a0<a href=\"https:\/\/vapestornado.com\/de\/product-category\/30000-puff\/\">30000 Z\u00fcge Vape hei\u00dfer Verkauf\u00a0<\/a><\/p>","protected":false},"excerpt":{"rendered":"<p>BOOD 30k Puffs Geek Bar Vape: Wiederaufladbarer, erschwinglicher Vape mit 30.000 Z\u00fcgen. Kaufen Sie jetzt Premium-Qualit\u00e4t zum besten Preis!<\/p>\n<figure id=\"attachment_2951\" aria-describedby=\"caption-attachment-2951\" style=\"width: 265px\" class=\"wp-caption alignnone\"><img decoding=\"async\" class=\"size-medium wp-image-2951\" src=\"https:\/\/vapestornado.com\/wp-content\/uploads\/2024\/12\/Wholesale-Disposable-Vape-265x300.jpg\" alt=\"Einweg-Vape im Gro\u00dfhandel\" width=\"265\" height=\"300\" srcset=\"https:\/\/vapestornado.com\/wp-content\/uploads\/2024\/12\/Wholesale-Disposable-Vape-265x300.jpg 265w, https:\/\/vapestornado.com\/wp-content\/uploads\/2024\/12\/Wholesale-Disposable-Vape-768x871.jpg 768w, https:\/\/vapestornado.com\/wp-content\/uploads\/2024\/12\/Wholesale-Disposable-Vape-600x680.jpg 600w, https:\/\/vapestornado.com\/wp-content\/uploads\/2024\/12\/Wholesale-Disposable-Vape.jpg 823w\" sizes=\"(max-width: 265px) 100vw, 265px\" \/><figcaption id=\"caption-attachment-2951\" class=\"wp-caption-text\">F\u00fcr Rabattpreis kontaktieren Sie bitte Mandys WhatsApp\u00a0 <a href=\"https:\/\/wa.me\/8618077105796\">+8618077105796<\/a><\/figcaption><\/figure>\n<p>&nbsp;<\/p>","protected":false},"featured_media":3495,"comment_status":"open","ping_status":"closed","template":"","meta":{"_acf_changed":false,"_uag_custom_page_level_css":"","_lmt_disableupdate":"no","_lmt_disable":"","_monsterinsights_skip_tracking":false,"_monsterinsights_sitenote_active":false,"_monsterinsights_sitenote_note":"","_monsterinsights_sitenote_category":0,"site-sidebar-layout":"default","site-content-layout":"","ast-site-content-layout":"default","site-content-style":"default","site-sidebar-style":"default","ast-global-header-display":"","ast-banner-title-visibility":"","ast-main-header-display":"","ast-hfb-above-header-display":"","ast-hfb-below-header-display":"","ast-hfb-mobile-header-display":"","site-post-title":"","ast-breadcrumbs-content":"","ast-featured-img":"","footer-sml-layout":"","ast-disable-related-posts":"","theme-transparent-header-meta":"default","adv-header-id-meta":"","stick-header-meta":"","header-above-stick-meta":"","header-main-stick-meta":"","header-below-stick-meta":"","astra-migrate-meta-layouts":"set","ast-page-background-enabled":"default","ast-page-background-meta":{"desktop":{"background-color":"","background-image":"","background-repeat":"repeat","background-position":"center center","background-size":"auto","background-attachment":"scroll","background-type":"","background-media":"","overlay-type":"","overlay-color":"","overlay-opacity":"","overlay-gradient":""},"tablet":{"background-color":"","background-image":"","background-repeat":"repeat","background-position":"center center","background-size":"auto","background-attachment":"scroll","background-type":"","background-media":"","overlay-type":"","overlay-color":"","overlay-opacity":"","overlay-gradient":""},"mobile":{"background-color":"","background-image":"","background-repeat":"repeat","background-position":"center center","background-size":"auto","background-attachment":"scroll","background-type":"","background-media":"","overlay-type":"","overlay-color":"","overlay-opacity":"","overlay-gradient":""}},"ast-content-background-meta":{"desktop":{"background-color":"var(--ast-global-color-5)","background-image":"","background-repeat":"repeat","background-position":"center center","background-size":"auto","background-attachment":"scroll","background-type":"","background-media":"","overlay-type":"","overlay-color":"","overlay-opacity":"","overlay-gradient":""},"tablet":{"background-color":"var(--ast-global-color-5)","background-image":"","background-repeat":"repeat","background-position":"center center","background-size":"auto","background-attachment":"scroll","background-type":"","background-media":"","overlay-type":"","overlay-color":"","overlay-opacity":"","overlay-gradient":""},"mobile":{"background-color":"var(--ast-global-color-5)","background-image":"","background-repeat":"repeat","background-position":"center center","background-size":"auto","background-attachment":"scroll","background-type":"","background-media":"","overlay-type":"","overlay-color":"","overlay-opacity":"","overlay-gradient":""}},"_joinchat":{"telephone":"+8618077105796"}},"product_brand":[],"product_cat":[67,64,140,193,149,150,151,152,153,154,155,156,157,158,58],"product_tag":[209,97],"class_list":{"0":"post-3386","1":"product","2":"type-product","3":"status-publish","4":"has-post-thumbnail","6":"product_cat-30000-puff","7":"product_cat-bangbox-vape","8":"product_cat-big-puffs-disposable-vapes","9":"product_cat-bood-disposable-vapes","10":"product_cat-buy-disposable-vapes-in-austria","11":"product_cat-buy-disposable-vapes-in-belgium","12":"product_cat-buy-disposable-vapes-in-france","13":"product_cat-buy-disposable-vapes-in-cermany","14":"product_cat-buy-disposable-vapes-in-italy","15":"product_cat-buy-disposable-vapes-in-netherlands","16":"product_cat-buy-disposable-vapes-in-norway","17":"product_cat-buy-disposable-vapes-in-poland","18":"product_cat-buy-disposable-vapes-in-portugal","19":"product_cat-buy-disposable-vapes-in-spain","20":"product_cat-fumot-vape","21":"product_tag-bood-infinity-30k-puffs","22":"product_tag-hot-sale-disposable-vape","23":"desktop-align-left","24":"tablet-align-left","25":"mobile-align-left","27":"first","28":"instock","29":"sale","30":"shipping-taxable","31":"purchasable","32":"product-type-simple"},"acf":[],"uagb_featured_image_src":{"full":["https:\/\/vapestornado.com\/wp-content\/uploads\/2024\/12\/bood-infinity-30k-blue-razz-ice-cheap-price.jpg",800,800,false],"thumbnail":["https:\/\/vapestornado.com\/wp-content\/uploads\/2024\/12\/bood-infinity-30k-blue-razz-ice-cheap-price-150x150.jpg",150,150,true],"medium":["https:\/\/vapestornado.com\/wp-content\/uploads\/2024\/12\/bood-infinity-30k-blue-razz-ice-cheap-price-300x300.jpg",300,300,true],"medium_large":["https:\/\/vapestornado.com\/wp-content\/uploads\/2024\/12\/bood-infinity-30k-blue-razz-ice-cheap-price-768x768.jpg",768,768,true],"large":["https:\/\/vapestornado.com\/wp-content\/uploads\/2024\/12\/bood-infinity-30k-blue-razz-ice-cheap-price.jpg",800,800,false],"1536x1536":["https:\/\/vapestornado.com\/wp-content\/uploads\/2024\/12\/bood-infinity-30k-blue-razz-ice-cheap-price.jpg",800,800,false],"2048x2048":["https:\/\/vapestornado.com\/wp-content\/uploads\/2024\/12\/bood-infinity-30k-blue-razz-ice-cheap-price.jpg",800,800,false],"trp-custom-language-flag":["https:\/\/vapestornado.com\/wp-content\/uploads\/2024\/12\/bood-infinity-30k-blue-razz-ice-cheap-price.jpg",12,12,false],"woocommerce_thumbnail":["https:\/\/vapestornado.com\/wp-content\/uploads\/2024\/12\/bood-infinity-30k-blue-razz-ice-cheap-price-300x300.jpg",300,300,true],"woocommerce_single":["https:\/\/vapestornado.com\/wp-content\/uploads\/2024\/12\/bood-infinity-30k-blue-razz-ice-cheap-price-600x600.jpg",600,600,true],"woocommerce_gallery_thumbnail":["https:\/\/vapestornado.com\/wp-content\/uploads\/2024\/12\/bood-infinity-30k-blue-razz-ice-cheap-price-100x100.jpg",100,100,true]},"uagb_author_info":{"display_name":"ESMANDY","author_link":"https:\/\/vapestornado.com\/de\/author\/"},"uagb_comment_info":0,"uagb_excerpt":"BOOD 30k Puffs Geek Bar Vape: Rechargeable, affordable vape with 30,000 puffs. Shop now for premium quality at the best price! [caption id=\"attachment_2951\" align=\"alignnone\" width=\"265\"] Pls Contact Mandy's WhatsApp For Discount Price\u00a0 +8618077105796[\/caption] &nbsp;","_links":{"self":[{"href":"https:\/\/vapestornado.com\/de\/wp-json\/wp\/v2\/product\/3386","targetHints":{"allow":["GET"]}}],"collection":[{"href":"https:\/\/vapestornado.com\/de\/wp-json\/wp\/v2\/product"}],"about":[{"href":"https:\/\/vapestornado.com\/de\/wp-json\/wp\/v2\/types\/product"}],"replies":[{"embeddable":true,"href":"https:\/\/vapestornado.com\/de\/wp-json\/wp\/v2\/comments?post=3386"}],"wp:featuredmedia":[{"embeddable":true,"href":"https:\/\/vapestornado.com\/de\/wp-json\/wp\/v2\/media\/3495"}],"wp:attachment":[{"href":"https:\/\/vapestornado.com\/de\/wp-json\/wp\/v2\/media?parent=3386"}],"wp:term":[{"taxonomy":"product_brand","embeddable":true,"href":"https:\/\/vapestornado.com\/de\/wp-json\/wp\/v2\/product_brand?post=3386"},{"taxonomy":"product_cat","embeddable":true,"href":"https:\/\/vapestornado.com\/de\/wp-json\/wp\/v2\/product_cat?post=3386"},{"taxonomy":"product_tag","embeddable":true,"href":"https:\/\/vapestornado.com\/de\/wp-json\/wp\/v2\/product_tag?post=3386"}],"curies":[{"name":"wp","href":"https:\/\/api.w.org\/{rel}","templated":true}]}}