{"id":3385,"date":"2024-12-26T03:09:17","date_gmt":"2024-12-26T03:09:17","guid":{"rendered":"https:\/\/vapestornado.com\/?post_type=product&#038;p=3385"},"modified":"2025-08-23T11:12:32","modified_gmt":"2025-08-23T11:12:32","slug":"wga-crystal-plus-20000-puff-vape-2-in-1-rechargeable-disposable-vape-wholesale-bulk-buy","status":"publish","type":"product","link":"https:\/\/vapestornado.com\/de\/product\/wga-crystal-plus-20000-puff-vape-2-in-1-rechargeable-disposable-vape-wholesale-bulk-buy\/","title":{"rendered":"WGA Crystal Plus 20000 Puff Vape 2 in 1 Wiederaufladbarer Einweg-Vaporizer Gro\u00dfhandel Bulk Buy"},"content":{"rendered":"<h1 class=\"product-title\">WGA Crystal Plus 20000 Puff Vape 2 in 1 Wiederaufladbarer Einweg-Vaporizer Gro\u00dfhandel Bulk Buy<\/h1>\n<p data-start=\"239\" data-end=\"582\">Der <strong data-start=\"243\" data-end=\"275\">WGA Crystal Plus 20000 Z\u00fcge<\/strong> ist eine praktische 2-in-1-Option f\u00fcr <strong data-start=\"309\" data-end=\"360\">EU-Einzelh\u00e4ndler, Distributoren und B2B-Gro\u00dfabnehmer<\/strong> die Vielfalt w\u00fcnschen, ohne zus\u00e4tzliche SKUs zu halten. Jedes Ger\u00e4t liefert bis zu <strong data-start=\"433\" data-end=\"449\">20.000 Z\u00fcge<\/strong> und erm\u00f6glicht es Kunden, <strong data-start=\"469\" data-end=\"511\">zwischen zwei vorgef\u00fcllten Geschmacksrichtungen zu wechseln<\/strong> sofort \u2013 ideal f\u00fcr Gesch\u00e4fte, die gemischte Geschmacksprofile in einem Produkt bedienen.<\/p>\n<p data-start=\"584\" data-end=\"988\">A <strong data-start=\"586\" data-end=\"616\">wiederaufladbares Typ-C-Design<\/strong> tr\u00e4gt dazu bei, dass der Pod vollst\u00e4ndig genutzt wird, wodurch E-Liquid-Verschwendung und -R\u00fccksendungen reduziert werden. Das Kristallgeh\u00e4use ist kompakt f\u00fcr Thekendisplays und das Tragen in der Hosentasche, w\u00e4hrend die saubere Geschmacksabgabe wiederholte Verk\u00e4ufe in Convenience- und Vape-Fachgesch\u00e4ften unterst\u00fctzt. <strong data-start=\"850\" data-end=\"881\">Mehrere Nikotinst\u00e4rken<\/strong> (Verf\u00fcgbarkeit variiert je nach Markt) machen die Produktreihe sowohl f\u00fcr Gelegenheitsnutzer als auch f\u00fcr Stammkunden in ganz Europa geeignet.<\/p>\n<p data-start=\"990\" data-end=\"1021\"><strong data-start=\"990\" data-end=\"1021\">Warum es f\u00fcr den Gro\u00dfhandel funktioniert:<\/strong><\/p>\n<ul data-start=\"1022\" data-end=\"1325\">\n<li data-start=\"1022\" data-end=\"1079\">\n<p data-start=\"1024\" data-end=\"1079\"><strong data-start=\"1024\" data-end=\"1037\">20.000 Z\u00fcge<\/strong> pro Einheit f\u00fcr l\u00e4ngere Verkaufszyklen<\/p>\n<\/li>\n<li data-start=\"1080\" data-end=\"1157\">\n<p data-start=\"1082\" data-end=\"1157\"><strong data-start=\"1082\" data-end=\"1105\">2-in-1 Dual-Geschmack<\/strong> Umschaltung = breitere Anziehungskraft, weniger zu lagernde Varianten<\/p>\n<\/li>\n<li data-start=\"1158\" data-end=\"1238\">\n<p data-start=\"1160\" data-end=\"1238\"><strong data-start=\"1160\" data-end=\"1187\">Wiederaufladbar \u00fcber Typ-C<\/strong> f\u00fcr bessere Auslastung und Kundenzufriedenheit<\/p>\n<\/li>\n<li data-start=\"1239\" data-end=\"1325\">\n<p data-start=\"1241\" data-end=\"1325\"><strong data-start=\"1241\" data-end=\"1284\">Massenfreundliche Verpackung<\/strong>, zugeschnitten auf EU-H\u00e4ndler und -Distributoren<\/p>\n<\/li>\n<\/ul>\n<p><span style=\"color: #ff0000;\"><strong>F\u00fcgen Sie Amy auf WhatsApp hinzu, um eine direkte Antwort und einen Vape-Gutschein zu erhalten!<\/strong><\/span><\/p>\n<p><img fetchpriority=\"high\" decoding=\"async\" class=\"size-full wp-image-2932\" src=\"https:\/\/vapestornado.com\/wp-content\/uploads\/2024\/12\/Vape-Wholesale.jpg\" alt=\"Vape-Gro\u00dfhandel\" width=\"229\" height=\"300\" \/><\/p>\n<h3><a href=\"https:\/\/wa.me\/8617776015835\" target=\"_blank\" rel=\"noopener\"><span style=\"color: #ff0000;\"><strong>WhatsApp: +86 17776015835<\/strong><\/span><\/a><\/h3>\n<p>&nbsp;<\/p>\n<h2 class=\"product-title\">WGA Crystal Plus 20000 Einweg-Vape<strong> Produktmerkmale<\/strong><\/h2>\n<div role=\"article\" data-tabster=\"{&quot;groupper&quot;:{&quot;tabbability&quot;:2},&quot;focusable&quot;:{}}\" data-content=\"ai-message\" aria-labelledby=\"juhNTJ6o7Gk1cgwZMJgv2-author juhNTJ6o7Gk1cgwZMJgv2-content\">\n<div id=\"juhNTJ6o7Gk1cgwZMJgv2-content\">\n<div role=\"article\" data-tabster=\"{&quot;groupper&quot;:{&quot;tabbability&quot;:2},&quot;focusable&quot;:{}}\" data-content=\"ai-message\" aria-labelledby=\"x4EZuCZWrTbh3weWUt7CU-author x4EZuCZWrTbh3weWUt7CU-content\">\n<div id=\"x4EZuCZWrTbh3weWUt7CU-content\">\n<div class=\"flex max-w-full flex-col flex-grow\">\n<div class=\"min-h-8 text-message flex w-full flex-col items-end gap-2 whitespace-normal break-words text-start [.text-message+&amp;]:mt-5\" dir=\"auto\" data-message-author-role=\"assistant\" data-message-id=\"52c6e00a-252f-4104-805d-2f1a84739c71\" data-message-model-slug=\"gpt-4o\">\n<div class=\"flex w-full flex-col gap-1 empty:hidden first:pt-[3px]\">\n<div class=\"markdown prose w-full break-words dark:prose-invert light\">\n<h4><\/h4>\n<h4><strong>Un\u00fcbertroffene Puffkapazit\u00e4t<\/strong><\/h4>\n<p>Mit <strong>20.000 Z\u00fcge<\/strong>der Crystal Plus gew\u00e4hrleistet eine langanhaltende Nutzung und macht ihn zu einem zuverl\u00e4ssigen Begleiter f\u00fcr l\u00e4ngere Dampfsitzungen.<\/p>\n<h4><strong>Klares LCD-Display<\/strong><\/h4>\n<p>Das Ger\u00e4t verf\u00fcgt \u00fcber einen <strong>kristallklare LCD-Anzeige<\/strong> das Sie \u00fcber den Batteriestatus und den E-Liquid-F\u00fcllstand auf dem Laufenden h\u00e4lt und so unn\u00f6tiges R\u00e4tselraten \u00fcberfl\u00fcssig macht.<\/p>\n<h4><strong>Wiederaufladbarer 650mAh Akku<\/strong><\/h4>\n<p>Angetrieben von einem <strong>650mAh wiederaufladbarer Akku<\/strong>, dieser Vape ist auf Langlebigkeit und Bequemlichkeit ausgelegt. Der <strong>USB-Typ-C-Ladeanschluss<\/strong> gew\u00e4hrleistet ein schnelles und effizientes Aufladen, sodass Sie mehr Zeit mit dem Dampfen und weniger Zeit mit dem Warten verbringen k\u00f6nnen.<\/p>\n<h4><strong>Dual-Mesh-Coil-Technologie<\/strong><\/h4>\n<p>Ausgestattet mit fortschrittlichen <strong>Doppel-Mesh-Coils<\/strong>, der Crystal Plus liefert mit jedem Zug sanften, gleichm\u00e4\u00dfigen Dampf und ein reichhaltiges Aroma. Diese Technologie steigert die E-Liquid-Effizienz und sorgt f\u00fcr ein zufriedenstellendes Mund-zu-Lunge (MTL) Dampferlebnis.<\/p>\n<h4><strong>18 Exquisite Geschmacksrichtungen<\/strong><\/h4>\n<p>W\u00e4hlen Sie aus einer Vielfalt von <strong>18 sorgf\u00e4ltig kreierten Geschmacksrichtungen<\/strong>, jede davon wurde entworfen, um Ihre Geschmacksknospen zu erfreuen. Von fruchtig \u00fcber minzig und dar\u00fcber hinaus ist f\u00fcr jeden Gaumen etwas dabei.<\/p>\n<h4><strong>Verpackt f\u00fcr Bequemlichkeit<\/strong><\/h4>\n<p>Erh\u00e4ltlich in <strong>10-Einheiten-Gro\u00dfpackungen<\/strong>, der WGA Crystal Plus ist eine ausgezeichnete Wahl f\u00fcr Gro\u00dfh\u00e4ndler, Einzelh\u00e4ndler oder jeden, der sich mit einem leistungsstarken Einweg-Vape eindecken m\u00f6chte.<\/p>\n<\/div>\n<\/div>\n<\/div>\n<\/div>\n<div class=\"mb-2 flex gap-3 empty:hidden -ml-2\">\n<p>&nbsp;<\/p>\n<\/div>\n<\/div>\n<\/div>\n<\/div>\n<\/div>\n<h2 class=\"product-title\"><strong>Beliebte Geschmacksrichtungen f\u00fcr WGA Crystal Plus 20000 Puffs Einweg-Vapes<\/strong><\/h2>\n<p>1.BLAUE HIMBEERE KIRSCH\/SPRUDELNDE KIRSCH<br \/>\n2.BLAUE HIMBEERE GUMMI\/BLAUE HIMBEERE\u00a0 <span style=\"color: #ff0000;\"><strong>&gt;&gt;&gt;&gt; Hei\u00df !<\/strong><\/span><br \/>\n3.BLAUE HIMBEERE LIMONADE\/COLA ZITRONE<br \/>\n4.FRISCHE MINZE\/DOPPELTES MENTHOL<br \/>\n5.GUMMIB\u00c4RCHEN\/SKITTLES <span style=\"color: #ff0000;\"><strong>&gt;&gt;&gt;&gt; Beste !<\/strong><\/span><br \/>\n6.HEISENBERG\/PINK MAN<br \/>\n7.ZITRONE<br \/>\n8.ANANAS ICE\/ANANAS PFIRSICH MANGO<br \/>\n9.ANANAS ZITRONE\/TRAUBEN ICE<br \/>\n10.SOMMER TRAUM\/KIRSCH COLA ICE<br \/>\n11.ERDBEER EIS\/ERDBEER BANANE<br \/>\n12.ERDBEER HIMBEER ICE\/BLAUBEERE KIRSCH PREISELBEERE <span style=\"color: #ff0000;\"><strong>&gt;&gt;&gt;&gt; Hei\u00df !<\/strong><\/span><br \/>\n13.DREIFACH MANGO\/KIWI PASSIONSFRUCHT GUAVE<br \/>\n14.WASSERMELONE ICE\/DOPPEL APFEL<br \/>\n15.WASSERMELONE HUBBA BUBBA\/BLAUBEERE HUBBA BUBBA<br \/>\n16.BANANE ICE\/GUAVE ICE<br \/>\n17.BLAUBEERE ICE\/ERDBEERE ICE <span style=\"color: #ff0000;\"><strong>&gt;&gt;&gt;&gt; Hei\u00df !<\/strong><\/span><br \/>\n18.HEIDELBEEREIS\/ERDBEEEREIS<br \/>\n19.KIRSCHEIS\/ORANGEEIS<br \/>\n20.SAFTIGER PFIRSICH\/PFIRSICH APFEL EIS <span style=\"color: #ff0000;\"><strong>&gt;&gt;&gt;&gt; Hei\u00df !<\/strong><\/span><\/p>\n<div class=\"flex-shrink-0 flex flex-col relative items-end\">\n<div class=\"pt-0\">\n<div class=\"gizmo-bot-avatar flex h-8 w-8 items-center justify-center overflow-hidden rounded-full\">\n<div class=\"relative p-1 rounded-sm flex items-center justify-center bg-token-main-surface-primary text-token-text-primary h-8 w-8\">\n<figure id=\"attachment_3374\" aria-describedby=\"caption-attachment-3374\" style=\"width: 1000px\" class=\"wp-caption alignnone\"><img decoding=\"async\" class=\"wp-image-3374 size-full\" src=\"https:\/\/vapestornado.com\/wp-content\/uploads\/2024\/12\/WGA-Crystal-20K-Puffs-Disposable-Vape-Bulk-Buy.jpg\" alt=\"WGA Crystal 20K Puffs Einweg-Vape Gro\u00dfhandel\" width=\"1000\" height=\"520\" srcset=\"https:\/\/vapestornado.com\/wp-content\/uploads\/2024\/12\/WGA-Crystal-20K-Puffs-Disposable-Vape-Bulk-Buy.jpg 1000w, https:\/\/vapestornado.com\/wp-content\/uploads\/2024\/12\/WGA-Crystal-20K-Puffs-Disposable-Vape-Bulk-Buy-300x156.jpg 300w, https:\/\/vapestornado.com\/wp-content\/uploads\/2024\/12\/WGA-Crystal-20K-Puffs-Disposable-Vape-Bulk-Buy-768x399.jpg 768w, https:\/\/vapestornado.com\/wp-content\/uploads\/2024\/12\/WGA-Crystal-20K-Puffs-Disposable-Vape-Bulk-Buy-600x312.jpg 600w\" sizes=\"(max-width: 1000px) 100vw, 1000px\" \/><figcaption id=\"caption-attachment-3374\" class=\"wp-caption-text\">WGA Crystal 20K Puffs Einweg-Vape Gro\u00dfhandel<\/figcaption><\/figure>\n<h2>FAQs f\u00fcr WGA Crystal Plus 20000 Einweg-Vape<\/h2>\n<div class=\"flex max-w-full flex-col flex-grow\">\n<div class=\"min-h-8 text-message flex w-full flex-col items-end gap-2 whitespace-normal break-words text-start [.text-message+&amp;]:mt-5\" dir=\"auto\" data-message-author-role=\"assistant\" data-message-id=\"4dc48248-df95-45bd-b800-6dedb43cf7f1\" data-message-model-slug=\"gpt-4o\">\n<div class=\"flex w-full flex-col gap-1 empty:hidden first:pt-[3px]\">\n<div class=\"markdown prose w-full break-words dark:prose-invert light\">\n<h3><\/h3>\n<ol>\n<li><strong>Was macht den WGA Crystal Plus 20000 Puffs einzigartig?<\/strong><br \/>\nDer <strong>WGA Crystal Plus 20000 Z\u00fcge<\/strong> bietet einen <strong>Dual-Flavor-System<\/strong>, mit dem Sie in einem Ger\u00e4t zwischen zwei vorgef\u00fcllten Geschmacksrichtungen wechseln k\u00f6nnen, was un\u00fcbertroffene Vielseitigkeit und Bequemlichkeit bietet.<\/li>\n<li><strong>Wie \u00fcberpr\u00fcfe ich den Akku- und E-Liquid-Stand des WGA Crystal Plus 20k?<\/strong><br \/>\nDieses Ger\u00e4t verf\u00fcgt \u00fcber ein <strong>kristallklares LCD-Display<\/strong>, das sowohl die Akkulaufzeit als auch den E-Liquid-Stand anzeigt und Sie so immer \u00fcber den Status Ihres Vapes informiert.<\/li>\n<li><strong>Welche Geschmacksrichtungen sind f\u00fcr den WGA Crystal 20000 Dual-Flavor-Vape erh\u00e4ltlich?<\/strong><br \/>\nEs gibt <strong>18 aufregende Geschmackskombinationen<\/strong>, wie zum Beispiel <strong>Blaue Himbeere Kirsche<\/strong> und <strong>Wassermelone Eis<\/strong>, die unterschiedlichen Geschmacksvorlieben gerecht werden.<\/li>\n<li><strong>Kann ich den WGA Crystal 20k Puffs Einweg-Vape aufladen?<\/strong><br \/>\nJa, es wird mit einem <strong>wiederaufladbarer 650mAh Akku<\/strong> und einem <strong>Typ-C-Ladeanschluss<\/strong>, was ein schnelles und bequemes Aufladen f\u00fcr eine l\u00e4ngere Nutzung erm\u00f6glicht.<\/li>\n<li><strong>Ist der WGA Crystal Plus 20000 f\u00fcr Mouth-to-Lung (MTL) Vaping geeignet?<\/strong><br \/>\nAbsolut! Seine <strong>Dual Mesh Coil Technologie<\/strong> gew\u00e4hrleistet eine sanfte Dampfproduktion, was ihn ideal f\u00fcr MTL-Vaper macht, die kontrollierte, geschmacksintensive Z\u00fcge genie\u00dfen.<\/li>\n<\/ol>\n<\/div>\n<\/div>\n<\/div>\n<\/div>\n<div class=\"mb-2 flex gap-3 empty:hidden -ml-2\">\n<div class=\"items-center justify-start rounded-xl p-1 flex\"><\/div>\n<\/div>\n<\/div>\n<\/div>\n<\/div>\n<\/div>\n<div class=\"flex-shrink-0 flex flex-col relative items-end\">\n<div class=\"pt-0\">\n<div class=\"gizmo-bot-avatar flex h-8 w-8 items-center justify-center overflow-hidden rounded-full\">\n<div class=\"relative p-1 rounded-sm flex items-center justify-center bg-token-main-surface-primary text-token-text-primary h-8 w-8\">\n<div class=\"mb-2 flex gap-3 empty:hidden -ml-2\">\n<div role=\"article\" data-tabster=\"{&quot;groupper&quot;:{&quot;tabbability&quot;:2},&quot;focusable&quot;:{}}\" data-content=\"ai-message\" aria-labelledby=\"Vdt5ez4X7Tg813x6rFVha-author Vdt5ez4X7Tg813x6rFVha-content\">\n<div id=\"Vdt5ez4X7Tg813x6rFVha-content\">\n<div role=\"article\" data-tabster=\"{&quot;groupper&quot;:{&quot;tabbability&quot;:2},&quot;focusable&quot;:{}}\" data-content=\"ai-message\" aria-labelledby=\"o968oC7CEo2fGHsGdsRYC-author o968oC7CEo2fGHsGdsRYC-content\">\n<div id=\"o968oC7CEo2fGHsGdsRYC-content\">\n<p>&nbsp;<\/p>\n<h2>Warum vapestornado f\u00fcr WGA Crystal 15000 Puffs Vape Gro\u00dfhandel w\u00e4hlen?<\/h2>\n<div class=\"flex-shrink-0 flex flex-col relative items-end\">\n<div class=\"pt-0\">\n<div class=\"gizmo-bot-avatar flex h-8 w-8 items-center justify-center overflow-hidden rounded-full\">\n<div class=\"relative p-1 rounded-sm flex items-center justify-center bg-token-main-surface-primary text-token-text-primary h-8 w-8\">\n<p>Willkommen bei vapestornado, Ihrem vertrauensw\u00fcrdigen Online-Vape-Shop f\u00fcr Premium-Einweg-Vapes. Mit mehr als 5 Jahren Erfahrung bieten wir Ihnen beliebte Einweg-Vape-Marken wie Fumot RandM Vape, <a href=\"https:\/\/vapestornado.com\/de\/product-category\/vapme-shisha\/\">Vapme<\/a>, Bang Vape, Waspe Vape und WGA Vape usw.<\/p>\n<p>Unser Sortiment umfasst hei\u00df verkaufte Vapes wie den <a href=\"https:\/\/vapestornado.com\/de\/product\/randm-12000-puffs-fumot-digital-disposable-vape-wholesale-price\/\">RandM Tornado 12000<\/a>, und geschmacksreiche Optionen wie den <a href=\"https:\/\/vapestornado.com\/de\/product\/wga-crystal-pro-max-extra-15000-puffs-rechargeable-disposable-vape-wholesale-bulk-buy\/\">\u00a0WGA Kristall 15k Z\u00fcge<\/a> . Jedes Produkt wird mit Fokus auf Qualit\u00e4t, Wert und Vielfalt ausgew\u00e4hlt, um sicherzustellen, dass Sie die perfekte \u00dcbereinstimmung f\u00fcr Ihre Bed\u00fcrfnisse finden. Entdecken Sie au\u00dfergew\u00f6hnlichen Service und eine breite Palette an Spitzenprodukten zum Gro\u00dfhandelspreis bei vapestornado.<\/p>\n<\/div>\n<p>&nbsp;<\/p>\n<p><strong>Andere hei\u00dfe Einweg-Vapes im Angebot<\/strong><\/p>\n<p><a href=\"https:\/\/vapestornado.com\/de\/product\/bang-vape-35000-puffs-low-nicotine-bulk-buy-rechargeable-disposable-vapes-box-wholesale-price\/\">Bang Vape 35000 Z\u00fcge <span style=\"color: #ff0000;\"><strong>&gt;&gt;&gt;&gt; Los !<\/strong><\/span><\/a><\/p>\n<p><a href=\"https:\/\/vapestornado.com\/de\/product\/vopk-ultra-40000-puffs-2-in-1-digital-screen-rechargeable-disposable-vape\/\">VOPK 40000 Doppelter Geschmack<span style=\"color: #ff0000;\"><strong>&gt;&gt;&gt;&gt; Los !<\/strong><\/span><\/a><\/p>\n<p><a href=\"https:\/\/vapestornado.com\/de\/product\/bood-twins-46000-puff-double-flavour-low-nicotine-disposable-vape-wholesale-bulk-buy-price\/\">Bood Twins 46000<span style=\"color: #ff0000;\"><strong>&gt;&gt;&gt;&gt; Los !<\/strong><\/span><\/a><\/p>\n<\/div>\n<\/div>\n<\/div>\n<p>&nbsp;<\/p>\n<\/div>\n<\/div>\n<\/div>\n<\/div>\n<\/div>\n<\/div>\n<\/div>\n<\/div>\n<\/div>","protected":false},"excerpt":{"rendered":"<p><strong data-start=\"1473\" data-end=\"1505\">WGA Crystal Plus 20000 Z\u00fcge<\/strong>\u2014a <strong data-start=\"1508\" data-end=\"1552\">2-in-1 Dual-Geschmack, Typ-C wiederaufladbar<\/strong> Einwegger\u00e4t entwickelt f\u00fcr <strong data-start=\"1574\" data-end=\"1606\">EU-Gro\u00dfhandel und Gro\u00dfbestellungen<\/strong>. Hohe Kapazit\u00e4t, einfacher Geschmackswechsel und einzelhandelsfreundliche Verpackung f\u00fcr starke, wiederholbare Ums\u00e4tze.<\/p>\n<p><strong>F\u00fcge Amy auf WhatsApp hinzu, um sofort eine Antwort und einen Vape-Gutschein zu erhalten!<\/strong><\/p>\n<p><img fetchpriority=\"high\" decoding=\"async\" class=\"size-full wp-image-2932\" src=\"https:\/\/vapestornado.com\/wp-content\/uploads\/2024\/12\/Vape-Wholesale.jpg\" alt=\"Vape-Gro\u00dfhandel\" width=\"229\" height=\"300\" \/><\/p>\n<h3><a href=\"https:\/\/wa.me\/8617776015835\"><span style=\"color: #ff0000;\"><strong>WhatsApp: +86 17776015835<\/strong><\/span><\/a><\/h3>\n<p>&nbsp;<\/p>","protected":false},"featured_media":3370,"comment_status":"open","ping_status":"closed","template":"","meta":{"_acf_changed":false,"_uag_custom_page_level_css":"","_lmt_disableupdate":"no","_lmt_disable":"","_monsterinsights_skip_tracking":false,"_monsterinsights_sitenote_active":false,"_monsterinsights_sitenote_note":"","_monsterinsights_sitenote_category":0,"site-sidebar-layout":"default","site-content-layout":"","ast-site-content-layout":"default","site-content-style":"default","site-sidebar-style":"default","ast-global-header-display":"","ast-banner-title-visibility":"","ast-main-header-display":"","ast-hfb-above-header-display":"","ast-hfb-below-header-display":"","ast-hfb-mobile-header-display":"","site-post-title":"","ast-breadcrumbs-content":"","ast-featured-img":"","footer-sml-layout":"","ast-disable-related-posts":"","theme-transparent-header-meta":"default","adv-header-id-meta":"","stick-header-meta":"","header-above-stick-meta":"","header-main-stick-meta":"","header-below-stick-meta":"","astra-migrate-meta-layouts":"set","ast-page-background-enabled":"default","ast-page-background-meta":{"desktop":{"background-color":"","background-image":"","background-repeat":"repeat","background-position":"center center","background-size":"auto","background-attachment":"scroll","background-type":"","background-media":"","overlay-type":"","overlay-color":"","overlay-opacity":"","overlay-gradient":""},"tablet":{"background-color":"","background-image":"","background-repeat":"repeat","background-position":"center center","background-size":"auto","background-attachment":"scroll","background-type":"","background-media":"","overlay-type":"","overlay-color":"","overlay-opacity":"","overlay-gradient":""},"mobile":{"background-color":"","background-image":"","background-repeat":"repeat","background-position":"center center","background-size":"auto","background-attachment":"scroll","background-type":"","background-media":"","overlay-type":"","overlay-color":"","overlay-opacity":"","overlay-gradient":""}},"ast-content-background-meta":{"desktop":{"background-color":"var(--ast-global-color-5)","background-image":"","background-repeat":"repeat","background-position":"center center","background-size":"auto","background-attachment":"scroll","background-type":"","background-media":"","overlay-type":"","overlay-color":"","overlay-opacity":"","overlay-gradient":""},"tablet":{"background-color":"var(--ast-global-color-5)","background-image":"","background-repeat":"repeat","background-position":"center center","background-size":"auto","background-attachment":"scroll","background-type":"","background-media":"","overlay-type":"","overlay-color":"","overlay-opacity":"","overlay-gradient":""},"mobile":{"background-color":"var(--ast-global-color-5)","background-image":"","background-repeat":"repeat","background-position":"center center","background-size":"auto","background-attachment":"scroll","background-type":"","background-media":"","overlay-type":"","overlay-color":"","overlay-opacity":"","overlay-gradient":""}},"_joinchat":{"telephone":"+8617776015835"}},"product_brand":[],"product_cat":[69,151,155,142,146,59],"product_tag":[165,105,97,166,94,205,206,204],"class_list":{"0":"post-3385","1":"product","2":"type-product","3":"status-publish","4":"has-post-thumbnail","6":"product_cat-20000-puff","7":"product_cat-buy-disposable-vapes-in-france","8":"product_cat-buy-disposable-vapes-in-norway","9":"product_cat-digital-box-disposable-vapes","10":"product_cat-rechargeable-disposable-vapes","11":"product_cat-wga-crystal-vape","12":"product_tag-cheap-vapes","13":"product_tag-digital-disposable-vape","14":"product_tag-hot-sale-disposable-vape","15":"product_tag-low-nicotine-vape","16":"product_tag-rechargeable-disposable-vape","17":"product_tag-wga-crystal-20k","18":"product_tag-wga-crystal-plus-20000","19":"product_tag-wga-vape","20":"desktop-align-left","21":"tablet-align-left","22":"mobile-align-left","24":"first","25":"instock","26":"sale","27":"shipping-taxable","28":"purchasable","29":"product-type-simple"},"acf":[],"uagb_featured_image_src":{"full":["https:\/\/vapestornado.com\/wp-content\/uploads\/2024\/12\/WGA-Crystal-Plus-20000-Disposable-Vape-Wholesale.jpg",1000,992,false],"thumbnail":["https:\/\/vapestornado.com\/wp-content\/uploads\/2024\/12\/WGA-Crystal-Plus-20000-Disposable-Vape-Wholesale-150x150.jpg",150,150,true],"medium":["https:\/\/vapestornado.com\/wp-content\/uploads\/2024\/12\/WGA-Crystal-Plus-20000-Disposable-Vape-Wholesale-300x298.jpg",300,298,true],"medium_large":["https:\/\/vapestornado.com\/wp-content\/uploads\/2024\/12\/WGA-Crystal-Plus-20000-Disposable-Vape-Wholesale-768x762.jpg",768,762,true],"large":["https:\/\/vapestornado.com\/wp-content\/uploads\/2024\/12\/WGA-Crystal-Plus-20000-Disposable-Vape-Wholesale.jpg",1000,992,false],"1536x1536":["https:\/\/vapestornado.com\/wp-content\/uploads\/2024\/12\/WGA-Crystal-Plus-20000-Disposable-Vape-Wholesale.jpg",1000,992,false],"2048x2048":["https:\/\/vapestornado.com\/wp-content\/uploads\/2024\/12\/WGA-Crystal-Plus-20000-Disposable-Vape-Wholesale.jpg",1000,992,false],"trp-custom-language-flag":["https:\/\/vapestornado.com\/wp-content\/uploads\/2024\/12\/WGA-Crystal-Plus-20000-Disposable-Vape-Wholesale.jpg",12,12,false],"woocommerce_thumbnail":["https:\/\/vapestornado.com\/wp-content\/uploads\/2024\/12\/WGA-Crystal-Plus-20000-Disposable-Vape-Wholesale-300x300.jpg",300,300,true],"woocommerce_single":["https:\/\/vapestornado.com\/wp-content\/uploads\/2024\/12\/WGA-Crystal-Plus-20000-Disposable-Vape-Wholesale-600x595.jpg",600,595,true],"woocommerce_gallery_thumbnail":["https:\/\/vapestornado.com\/wp-content\/uploads\/2024\/12\/WGA-Crystal-Plus-20000-Disposable-Vape-Wholesale-100x100.jpg",100,100,true]},"uagb_author_info":{"display_name":"ESAMY","author_link":"https:\/\/vapestornado.com\/de\/author\/"},"uagb_comment_info":0,"uagb_excerpt":"WGA Crystal Plus 20000 Puffs\u2014a 2\u2011in\u20111 dual\u2011flavour, Type\u2011C rechargeable disposable built for EU wholesale and bulk orders. High capacity, easy flavour switch, and retailer\u2011friendly packaging for strong, repeatable sales. Add Amy's whatsapp get right reply and vape coupon! WhatsApp: +86 17776015835 &nbsp;","_links":{"self":[{"href":"https:\/\/vapestornado.com\/de\/wp-json\/wp\/v2\/product\/3385","targetHints":{"allow":["GET"]}}],"collection":[{"href":"https:\/\/vapestornado.com\/de\/wp-json\/wp\/v2\/product"}],"about":[{"href":"https:\/\/vapestornado.com\/de\/wp-json\/wp\/v2\/types\/product"}],"replies":[{"embeddable":true,"href":"https:\/\/vapestornado.com\/de\/wp-json\/wp\/v2\/comments?post=3385"}],"wp:featuredmedia":[{"embeddable":true,"href":"https:\/\/vapestornado.com\/de\/wp-json\/wp\/v2\/media\/3370"}],"wp:attachment":[{"href":"https:\/\/vapestornado.com\/de\/wp-json\/wp\/v2\/media?parent=3385"}],"wp:term":[{"taxonomy":"product_brand","embeddable":true,"href":"https:\/\/vapestornado.com\/de\/wp-json\/wp\/v2\/product_brand?post=3385"},{"taxonomy":"product_cat","embeddable":true,"href":"https:\/\/vapestornado.com\/de\/wp-json\/wp\/v2\/product_cat?post=3385"},{"taxonomy":"product_tag","embeddable":true,"href":"https:\/\/vapestornado.com\/de\/wp-json\/wp\/v2\/product_tag?post=3385"}],"curies":[{"name":"wp","href":"https:\/\/api.w.org\/{rel}","templated":true}]}}