{"id":3383,"date":"2024-12-26T02:33:15","date_gmt":"2024-12-26T02:33:15","guid":{"rendered":"https:\/\/vapestornado.com\/?post_type=product&#038;p=3383"},"modified":"2025-12-09T09:06:34","modified_gmt":"2025-12-09T09:06:34","slug":"wga-crystal-pro-max-extra-15000-puffs-rechargeable-disposable-vape-wholesale-bulk-buy","status":"publish","type":"product","link":"https:\/\/vapestornado.com\/de\/product\/wga-crystal-pro-max-extra-15000-puffs-rechargeable-disposable-vape-wholesale-bulk-buy\/","title":{"rendered":"WGA Crystal Pro Max Extra 15000 Z\u00fcge Wiederaufladbare Einweg-Vape Gro\u00dfhandel"},"content":{"rendered":"<h1 class=\"product-title\">WGA Crystal Pro Max Extra 15000 Z\u00fcge Einweg-Vape mit Bildschirmanzeige &amp; Mesh-Spulen-Gl\u00e4tte<\/h1>\n<p>WGA Crystal Pro Max Extra 15000 Z\u00fcge ist eine beliebte wiederaufladbare Einweg-Vape, ausgestattet mit Kristalldesign, 15000 Z\u00fcge, wiederaufladbar mit Mesh-Spule, Geschmacksstabilit\u00e4t und Typ-C Schnellladung, entwickelt f\u00fcr sanftes t\u00e4gliches Vaping mit 2% und 5% Nikotin.<\/p>\n<p data-start=\"904\" data-end=\"1140\"><strong data-start=\"904\" data-end=\"938\">Ausgewogene Langzeitleistung.<\/strong> Der <strong data-start=\"943\" data-end=\"1013\">WGA Crystal Pro Max Extra 15000 Z\u00fcge wiederaufladbare Einweg-Vape<\/strong> ist f\u00fcr regelm\u00e4\u00dfige Nutzer konzipiert, die ein Ger\u00e4t m\u00f6chten, das l\u00e4nger h\u00e4lt als Standard-Einwegprodukte, ohne in der Tasche sperrig zu werden.<\/p>\n<p data-start=\"1144\" data-end=\"1344\"><strong data-start=\"1144\" data-end=\"1181\">Mesh-Spulen-Konsistenz, die Sie sp\u00fcren.<\/strong> Der <strong data-start=\"1186\" data-end=\"1236\">WGA 15K Mesh-Spulen-Einweg<\/strong> liefert gleichm\u00e4\u00dfige Erw\u00e4rmung, was zu sanfteren Z\u00fcgen und weniger rauen Sp\u00e4tphasen-Hits f\u00fchrt, wenn die Zugzahl steigt.<\/p>\n<p data-start=\"1348\" data-end=\"1566\"><strong data-start=\"1348\" data-end=\"1382\">EU-freundliche Nikotinst\u00e4rke.<\/strong> Mit einer festen <strong data-start=\"1396\" data-end=\"1427\">2% und 5% Nikotin-Einweg-Vape<\/strong> Einrichtung bleibt der Hit leicht bis moderat und vorhersehbar \u2013 beliebt in M\u00e4rkten wie <strong data-start=\"1510\" data-end=\"1565\">Deutschland, die Niederlande, Spanien, Frankreich und Polen<\/strong>.<\/p>\n<p data-start=\"1570\" data-end=\"1784\"><strong data-start=\"1570\" data-end=\"1616\">Schnellladung mit Alltagskompatibilit\u00e4t.<\/strong> Der <strong data-start=\"1621\" data-end=\"1676\">Typ-C wiederaufladbare WGA Crystal Pro Max Extra 15000<\/strong> h\u00e4lt Ausfallzeiten gering, indem moderne EU-Kabel verwendet werden, die Sie bereits besitzen, was sie praktisch f\u00fcr Reisen oder lange Arbeitstage macht.<\/p>\n<p data-start=\"1788\" data-end=\"1988\"><strong data-start=\"1788\" data-end=\"1823\">Sauberes Design, das sich selbst verkauft.<\/strong> Der Kristall-\u00e4hnliche K\u00f6rper verleiht dem <strong data-start=\"1857\" data-end=\"1895\">WGA Crystal 15K Vape<\/strong> ein hochwertiges Erscheinungsbild, das in Verkaufsdisplays gut aussieht und sich angenehm in der Hand anf\u00fchlt f\u00fcr den t\u00e4glichen Gebrauch.<\/p>\n<p><span style=\"color: #ff0000;\"><strong>F\u00fcgen Sie Amy auf WhatsApp hinzu, um eine direkte Antwort und einen Vape-Gutschein zu erhalten!<\/strong><\/span><\/p>\n<p><img fetchpriority=\"high\" decoding=\"async\" class=\"size-full wp-image-2932\" src=\"https:\/\/vapestornado.com\/wp-content\/uploads\/2024\/12\/Vape-Wholesale.jpg\" alt=\"Vape-Gro\u00dfhandel\" width=\"229\" height=\"300\" \/><\/p>\n<h3><a href=\"https:\/\/wa.me\/8617776015835\" target=\"_blank\" rel=\"noopener\"><span style=\"color: #ff0000;\"><strong>WhatsApp: +86 17776015835<\/strong><\/span><\/a><\/h3>\n<p>&nbsp;<\/p>\n<h2 class=\"product-title\">WGA Crystal 15k Einweg-Vape<strong> Produktmerkmale<\/strong><\/h2>\n<div role=\"article\" data-tabster=\"{&quot;groupper&quot;:{&quot;tabbability&quot;:2},&quot;focusable&quot;:{}}\" data-content=\"ai-message\" aria-labelledby=\"juhNTJ6o7Gk1cgwZMJgv2-author juhNTJ6o7Gk1cgwZMJgv2-content\">\n<div id=\"juhNTJ6o7Gk1cgwZMJgv2-content\">\n<div role=\"article\" data-tabster=\"{&quot;groupper&quot;:{&quot;tabbability&quot;:2},&quot;focusable&quot;:{}}\" data-content=\"ai-message\" aria-labelledby=\"x4EZuCZWrTbh3weWUt7CU-author x4EZuCZWrTbh3weWUt7CU-content\">\n<div id=\"x4EZuCZWrTbh3weWUt7CU-content\">\n<div class=\"flex max-w-full flex-col flex-grow\">\n<div class=\"min-h-8 text-message flex w-full flex-col items-end gap-2 whitespace-normal break-words text-start [.text-message+&amp;]:mt-5\" dir=\"auto\" data-message-author-role=\"assistant\" data-message-id=\"52c6e00a-252f-4104-805d-2f1a84739c71\" data-message-model-slug=\"gpt-4o\">\n<div class=\"flex w-full flex-col gap-1 empty:hidden first:pt-[3px]\">\n<div class=\"markdown prose w-full break-words dark:prose-invert light\"><\/div>\n<\/div>\n<\/div>\n<\/div>\n<div class=\"mb-2 flex gap-3 empty:hidden -ml-2\">\n<table>\n<thead>\n<tr>\n<th>Eigenschaft<\/th>\n<th>Spezifikation<\/th>\n<th>Details<\/th>\n<\/tr>\n<\/thead>\n<tbody>\n<tr>\n<td>Produktname<\/td>\n<td>WGA Crystal Pro Max Extra 15000<\/td>\n<td>Premium wiederaufladbare Einweg-Vape.<\/td>\n<\/tr>\n<tr>\n<td>Zugkapazit\u00e4t<\/td>\n<td>Bis zu 15.000 Z\u00fcge<\/td>\n<td>Verl\u00e4ngerte Lebensdauer f\u00fcr den t\u00e4glichen Gebrauch.<\/td>\n<\/tr>\n<tr>\n<td>Spulentyp<\/td>\n<td>Mesh-Coil<\/td>\n<td>Gleichm\u00e4\u00dfige Erw\u00e4rmung f\u00fcr sanften Dampf und stabilen Geschmack.<\/td>\n<\/tr>\n<tr>\n<td>Nikotinst\u00e4rke<\/td>\n<td>2% Salznikotin<\/td>\n<td>Leichter bis m\u00e4\u00dfiger Zug, abgestimmt auf die EU-Pr\u00e4ferenz.<\/td>\n<\/tr>\n<tr>\n<td>Aufladen<\/td>\n<td>Type-C Schnellladen<\/td>\n<td>Schnelles Aufladen mit g\u00e4ngigen modernen Kabeln.<\/td>\n<\/tr>\n<tr>\n<td>Batterie<\/td>\n<td>Langlebige wiederaufladbare Batterie<\/td>\n<td>Entwickelt, um die volle Nutzung des Ger\u00e4ts zu unterst\u00fctzen; bei Bedarf aufladen.<\/td>\n<\/tr>\n<tr>\n<td>Geh\u00e4usedesign<\/td>\n<td>Kristallartiges transparentes Geh\u00e4use<\/td>\n<td>Elegantes, modernes Aussehen; einfach zu tragen und auszustellen.<\/td>\n<\/tr>\n<tr>\n<td>Zweckbestimmung<\/td>\n<td>Einweg, hoher Bedarf im EU-Einzelhandel\/Gro\u00dfhandel<\/td>\n<td>Einfache Bedienung mit hochwertigem Gef\u00fchl.<\/td>\n<\/tr>\n<\/tbody>\n<\/table>\n<\/div>\n<\/div>\n<\/div>\n<\/div>\n<\/div>\n<h2><\/h2>\n<h2 class=\"product-title\"><strong>Beliebte Geschmacksrichtung f\u00fcr WGA Crystal 15000 Puffs Einweg-Vapes<\/strong><\/h2>\n<p>1. Wassermelonen-Eis<span style=\"color: #ff0000;\"> <strong>&gt;&gt;&gt;&gt; Hei\u00df!<\/strong><\/span><br \/>\n2. Blaubeer-Himbeere <span style=\"color: #ff0000;\"><strong>&gt;&gt;&gt;&gt; Hei\u00df!<\/strong><\/span><br \/>\n3.Sprudelnde Kirsche<br \/>\n4.Gummib\u00e4rchen<br \/>\n5. Zitrone Limette<br \/>\n6. Erdbeer-Eis<br \/>\n7.Blaubeere Saure Himbeere <span style=\"color: #ff0000;\"><strong>&gt;&gt;&gt;&gt; Hei\u00df!<\/strong><\/span><br \/>\n8.Blaue Himbeereis<br \/>\n9.Mr Blau<br \/>\n10. Skittles<br \/>\n11. Blaubeer-Kirsch-Cranberry<br \/>\n12.Saftiger Pfirsich<br \/>\n13.Erdbeere Himbeere Kirscheis <span style=\"color: #ff0000;\"><strong>&gt;&gt;&gt;&gt; Am besten!<\/strong><\/span><br \/>\n14. Hubba Bubba<br \/>\n15.Brombeere Blaubeere Himbeere<br \/>\n16.Erdbeereis am Stiel<br \/>\n17.Blaubeereis am Stiel<br \/>\n18.Prime Erdbeere Wassermelone<br \/>\n19.Erdbeere Kirsche Kaugummi<br \/>\n20.Himbeere Kirsche Eis <span style=\"color: #ff0000;\"><strong>&gt;&gt;&gt;&gt; Hei\u00df!<\/strong><\/span><br \/>\n21.Ananas Eis<br \/>\n22.Sommertraum<br \/>\n23. Wga Pink<br \/>\n24.Frische Minze<br \/>\n25.Doppelapfel<br \/>\n26.Dreifach-Mango<br \/>\n27.Schwarzer Dracheis<br \/>\n28.Cola Eis<br \/>\n29.Ananas Zitrone <span style=\"color: #ff0000;\"><strong>&gt;&gt;&gt;&gt; Hei\u00df!<\/strong><\/span><br \/>\n30.Mr Schwarz<br \/>\n31.Kiwi Passionsfrucht Guave<\/p>\n<div class=\"flex-shrink-0 flex flex-col relative items-end\">\n<div class=\"pt-0\">\n<div class=\"gizmo-bot-avatar flex h-8 w-8 items-center justify-center overflow-hidden rounded-full\">\n<div class=\"relative p-1 rounded-sm flex items-center justify-center bg-token-main-surface-primary text-token-text-primary h-8 w-8\">\n<figure id=\"attachment_3375\" aria-describedby=\"caption-attachment-3375\" style=\"width: 1000px\" class=\"wp-caption alignnone\"><img decoding=\"async\" class=\"wp-image-3375 size-full\" src=\"https:\/\/vapestornado.com\/wp-content\/uploads\/2024\/12\/WGA-Crystal-15k-Disposable-Vape.jpg\" alt=\"WGA Crystal 15k Einweg-Vape\" width=\"1000\" height=\"1000\" srcset=\"https:\/\/vapestornado.com\/wp-content\/uploads\/2024\/12\/WGA-Crystal-15k-Disposable-Vape.jpg 1000w, https:\/\/vapestornado.com\/wp-content\/uploads\/2024\/12\/WGA-Crystal-15k-Disposable-Vape-300x300.jpg 300w, https:\/\/vapestornado.com\/wp-content\/uploads\/2024\/12\/WGA-Crystal-15k-Disposable-Vape-150x150.jpg 150w, https:\/\/vapestornado.com\/wp-content\/uploads\/2024\/12\/WGA-Crystal-15k-Disposable-Vape-768x768.jpg 768w, https:\/\/vapestornado.com\/wp-content\/uploads\/2024\/12\/WGA-Crystal-15k-Disposable-Vape-600x600.jpg 600w, https:\/\/vapestornado.com\/wp-content\/uploads\/2024\/12\/WGA-Crystal-15k-Disposable-Vape-100x100.jpg 100w\" sizes=\"(max-width: 1000px) 100vw, 1000px\" \/><figcaption id=\"caption-attachment-3375\" class=\"wp-caption-text\">WGA Crystal 15k Einweg-Vape<\/figcaption><\/figure>\n<h3>FAQs f\u00fcr WGA Crystal 15000 Einweg-Vape<\/h3>\n<ol data-start=\"2830\" data-end=\"4028\">\n<li data-start=\"2830\" data-end=\"3071\">\n<p data-start=\"2833\" data-end=\"3071\"><strong data-start=\"2833\" data-end=\"2923\">Wie beeinflusst die Mesh-Spule des WGA Crystal Pro Max Extra 15000 Z\u00fcge den Geschmack im Laufe der Zeit?<\/strong><br data-start=\"2923\" data-end=\"2926\" \/>Mesh-Spulen heizen gleichm\u00e4\u00dfig \u00fcber den Docht, sodass der Geschmack l\u00e4nger voll und sanft bleibt, tiefer in der Lebensdauer des Ger\u00e4ts im Vergleich zu Standard-Drahtspulen.<\/p>\n<\/li>\n<li data-start=\"3073\" data-end=\"3301\">\n<p data-start=\"3076\" data-end=\"3301\"><strong data-start=\"3076\" data-end=\"3181\">Ist der WGA Crystal Pro Max Extra 15K wiederaufladbare Einweg-Vape geeignet f\u00fcr den t\u00e4glichen Weg zur Arbeit und Reisen?<\/strong><br data-start=\"3181\" data-end=\"3184\" \/>Ja. Der Kristallk\u00f6rper bleibt kompakt und <strong data-start=\"3225\" data-end=\"3244\">Typ-C-Laden<\/strong> macht es einfach, w\u00e4hrend langer Tage abseits des Hauses nachzuf\u00fcllen.<\/p>\n<\/li>\n<li data-start=\"3303\" data-end=\"3532\">\n<p data-start=\"3306\" data-end=\"3532\"><strong data-start=\"3306\" data-end=\"3412\">Welche Art von Dampferlebnis sollten Nutzer vom WGA Crystal Pro Max Extra 15000 Einweg-Vape erwarten?<\/strong><br data-start=\"3412\" data-end=\"3415\" \/>Erwarten Sie einen sanften, gleichm\u00e4\u00dfigen Zug mit konstanter Dampfdichte\u2014Mesh-Spulendesign hilft, scharfe, trockene Hits gegen Ende der Nutzung zu vermeiden.<\/p>\n<\/li>\n<li data-start=\"3534\" data-end=\"3772\">\n<p data-start=\"3537\" data-end=\"3772\"><strong data-start=\"3537\" data-end=\"3632\">Warum ist Nikotin 2% eine starke Wahl f\u00fcr den WGA Crystal Pro Max Extra 15000 Puffs EU-Version?<\/strong><br data-start=\"3632\" data-end=\"3635\" \/>2% bietet einen kontrollierten, moderaten Zug, der vielen europ\u00e4ischen Nutzern gef\u00e4llt, die eine leichtere t\u00e4gliche St\u00e4rke bevorzugen, ohne auf Zufriedenheit zu verzichten.<\/p>\n<\/li>\n<li data-start=\"3774\" data-end=\"4028\">\n<p data-start=\"3777\" data-end=\"4028\"><strong data-start=\"3777\" data-end=\"3878\">Verhindert die WGA Crystal Pro Max Extra 15000 Type-C wiederaufladbare Vape einen fr\u00fchen Batterieverbrauch?<\/strong><br data-start=\"3878\" data-end=\"3881\" \/>Wiederaufladbarkeit l\u00f6st dieses Problem. Wenn die Batterie vor Abschluss der Z\u00fcge schw\u00e4chelt, sorgt ein schnelles Top-up \u00fcber Type-C daf\u00fcr, dass das Ger\u00e4t weiterl\u00e4uft, bis es fertig ist.<\/p>\n<\/li>\n<\/ol>\n<\/div>\n<\/div>\n<\/div>\n<\/div>\n<div class=\"flex-shrink-0 flex flex-col relative items-end\">\n<div class=\"pt-0\">\n<div class=\"gizmo-bot-avatar flex h-8 w-8 items-center justify-center overflow-hidden rounded-full\">\n<div class=\"relative p-1 rounded-sm flex items-center justify-center bg-token-main-surface-primary text-token-text-primary h-8 w-8\">\n<div class=\"mb-2 flex gap-3 empty:hidden -ml-2\">\n<div role=\"article\" data-tabster=\"{&quot;groupper&quot;:{&quot;tabbability&quot;:2},&quot;focusable&quot;:{}}\" data-content=\"ai-message\" aria-labelledby=\"Vdt5ez4X7Tg813x6rFVha-author Vdt5ez4X7Tg813x6rFVha-content\">\n<div id=\"Vdt5ez4X7Tg813x6rFVha-content\">\n<div role=\"article\" data-tabster=\"{&quot;groupper&quot;:{&quot;tabbability&quot;:2},&quot;focusable&quot;:{}}\" data-content=\"ai-message\" aria-labelledby=\"o968oC7CEo2fGHsGdsRYC-author o968oC7CEo2fGHsGdsRYC-content\">\n<div id=\"o968oC7CEo2fGHsGdsRYC-content\">\n<p>&nbsp;<\/p>\n<h3>Warum vapestornado f\u00fcr WGA Crystal 15000 Puffs Vape Gro\u00dfhandel w\u00e4hlen?<\/h3>\n<div class=\"flex-shrink-0 flex flex-col relative items-end\">\n<div class=\"pt-0\">\n<div class=\"gizmo-bot-avatar flex h-8 w-8 items-center justify-center overflow-hidden rounded-full\">\n<div class=\"relative p-1 rounded-sm flex items-center justify-center bg-token-main-surface-primary text-token-text-primary h-8 w-8\">\n<p>Willkommen bei vapestornado, Ihrem vertrauensw\u00fcrdigen Online-Vape-Shop f\u00fcr Premium-Einweg-Vapes. Mit mehr als 5 Jahren Erfahrung bieten wir Ihnen beliebte Einweg-Vape-Marken wie Fumot RandM Vape, <a href=\"https:\/\/vapestornado.com\/de\/product-category\/vapme-shisha\/\">Vapme<\/a>, Bang Vape, Waspe Vape und WGA Vape usw.<\/p>\n<p>Unser Sortiment umfasst hei\u00df verkaufte Vapes wie den <a href=\"https:\/\/vapestornado.com\/de\/product\/fumot-randm-tornado-15000-puffs-rechargeable-disposable-vape-wholesale\/\">RandM Tornado 15000<\/a>, und geschmacksreiche Optionen wie den <a href=\"https:\/\/vapestornado.com\/de\/product\/vapsolo-dg-18000-puffs-smart-screen-wholesale-disposable-cheap-vapes\/\">\u00a0Vapsolo DG18000 Z\u00fcge<\/a> . Jedes Produkt wird mit Fokus auf Qualit\u00e4t, Wert und Vielfalt ausgew\u00e4hlt, um sicherzustellen, dass Sie die perfekte \u00dcbereinstimmung f\u00fcr Ihre Bed\u00fcrfnisse finden. Entdecken Sie au\u00dfergew\u00f6hnlichen Service und eine breite Palette an Spitzenprodukten zum Gro\u00dfhandelspreis bei vapestornado.<\/p>\n<\/div>\n<p>&nbsp;<\/p>\n<p><strong>Andere hei\u00dfe Einweg-Vapes im Angebot<\/strong><\/p>\n<p><a href=\"https:\/\/vapestornado.com\/de\/product\/bang-vape-35000-puffs-low-nicotine-bulk-buy-rechargeable-disposable-vapes-box-wholesale-price\/\">Bang Vape 35000 Z\u00fcge <span style=\"color: #ff0000;\"><strong>&gt;&gt;&gt;&gt; Los !<\/strong><\/span><\/a><\/p>\n<p><a href=\"https:\/\/vapestornado.com\/de\/product\/bang-box-30000-30k-puffs-low-nicotine-bulk-buy-rechargeable-digital-display-disposable-vapes-pen-wholesale\/\">Bang Box 30000 <span style=\"color: #ff0000;\"><strong>&gt;&gt;&gt;&gt; Los !<\/strong><\/span><\/a><\/p>\n<p><a href=\"https:\/\/vapestornado.com\/de\/product\/bood-twins-46000-puff-double-flavour-low-nicotine-disposable-vape-wholesale-bulk-buy-price\/\">Bood Twins 46000<span style=\"color: #ff0000;\"><strong>&gt;&gt;&gt;&gt; Los !<\/strong><\/span><\/a><\/p>\n<\/div>\n<\/div>\n<\/div>\n<p>&nbsp;<\/p>\n<\/div>\n<\/div>\n<\/div>\n<\/div>\n<\/div>\n<\/div>\n<\/div>\n<\/div>\n<\/div>","protected":false},"excerpt":{"rendered":"<p>WGA Crystal Pro Max Extra 15000 Z\u00fcge wiederaufladbare Einweg-Vape mit Kristalldesign, Mesh-Spulentechnologie, 2% Nikotinst\u00e4rke und Typ-C Schnellladung. Kompaktes Premium-Design f\u00fcr geschmackssicheres, stabiles Dampf und starke EU-Einzelhandelsnachfrage.<\/p>\n<p><strong>F\u00fcge Amy auf WhatsApp hinzu, um sofort eine Antwort und einen Vape-Gutschein zu erhalten!<\/strong><\/p>\n<p><img fetchpriority=\"high\" decoding=\"async\" class=\"size-full wp-image-2932\" src=\"https:\/\/vapestornado.com\/wp-content\/uploads\/2024\/12\/Vape-Wholesale.jpg\" alt=\"Vape-Gro\u00dfhandel\" width=\"229\" height=\"300\" \/><\/p>\n<h3><a href=\"https:\/\/wa.me\/8617776015835\"><span style=\"color: #ff0000;\"><strong>WhatsApp: +86 17776015835<\/strong><\/span><\/a><\/h3>\n<p>&nbsp;<\/p>","protected":false},"featured_media":3378,"comment_status":"open","ping_status":"closed","template":"","meta":{"_acf_changed":false,"_uag_custom_page_level_css":"","_lmt_disableupdate":"no","_lmt_disable":"","_monsterinsights_skip_tracking":false,"_monsterinsights_sitenote_active":false,"_monsterinsights_sitenote_note":"","_monsterinsights_sitenote_category":0,"site-sidebar-layout":"default","site-content-layout":"","ast-site-content-layout":"default","site-content-style":"default","site-sidebar-style":"default","ast-global-header-display":"","ast-banner-title-visibility":"","ast-main-header-display":"","ast-hfb-above-header-display":"","ast-hfb-below-header-display":"","ast-hfb-mobile-header-display":"","site-post-title":"","ast-breadcrumbs-content":"","ast-featured-img":"","footer-sml-layout":"","ast-disable-related-posts":"","theme-transparent-header-meta":"default","adv-header-id-meta":"","stick-header-meta":"","header-above-stick-meta":"","header-main-stick-meta":"","header-below-stick-meta":"","astra-migrate-meta-layouts":"set","ast-page-background-enabled":"default","ast-page-background-meta":{"desktop":{"background-color":"","background-image":"","background-repeat":"repeat","background-position":"center center","background-size":"auto","background-attachment":"scroll","background-type":"","background-media":"","overlay-type":"","overlay-color":"","overlay-opacity":"","overlay-gradient":""},"tablet":{"background-color":"","background-image":"","background-repeat":"repeat","background-position":"center center","background-size":"auto","background-attachment":"scroll","background-type":"","background-media":"","overlay-type":"","overlay-color":"","overlay-opacity":"","overlay-gradient":""},"mobile":{"background-color":"","background-image":"","background-repeat":"repeat","background-position":"center center","background-size":"auto","background-attachment":"scroll","background-type":"","background-media":"","overlay-type":"","overlay-color":"","overlay-opacity":"","overlay-gradient":""}},"ast-content-background-meta":{"desktop":{"background-color":"var(--ast-global-color-5)","background-image":"","background-repeat":"repeat","background-position":"center center","background-size":"auto","background-attachment":"scroll","background-type":"","background-media":"","overlay-type":"","overlay-color":"","overlay-opacity":"","overlay-gradient":""},"tablet":{"background-color":"var(--ast-global-color-5)","background-image":"","background-repeat":"repeat","background-position":"center center","background-size":"auto","background-attachment":"scroll","background-type":"","background-media":"","overlay-type":"","overlay-color":"","overlay-opacity":"","overlay-gradient":""},"mobile":{"background-color":"var(--ast-global-color-5)","background-image":"","background-repeat":"repeat","background-position":"center center","background-size":"auto","background-attachment":"scroll","background-type":"","background-media":"","overlay-type":"","overlay-color":"","overlay-opacity":"","overlay-gradient":""}},"_joinchat":{"telephone":"+8617776015835"}},"product_brand":[],"product_cat":[71,153,154,155,141,142,143,59],"product_tag":[165,105,97,166,94,485,202,203,204],"class_list":{"0":"post-3383","1":"product","2":"type-product","3":"status-publish","4":"has-post-thumbnail","6":"product_cat-15000-puff","7":"product_cat-buy-disposable-vapes-in-italy","8":"product_cat-buy-disposable-vapes-in-netherlands","9":"product_cat-buy-disposable-vapes-in-norway","10":"product_cat-crystal-disposable-vapes","11":"product_cat-digital-box-disposable-vapes","12":"product_cat-dual-mesh-disposable-vapes","13":"product_cat-wga-crystal-vape","14":"product_tag-cheap-vapes","15":"product_tag-digital-disposable-vape","16":"product_tag-hot-sale-disposable-vape","17":"product_tag-low-nicotine-vape","18":"product_tag-rechargeable-disposable-vape","19":"product_tag-wga-15k","20":"product_tag-wga-crystal-15000","21":"product_tag-wga-crystal-15k","22":"product_tag-wga-vape","23":"desktop-align-left","24":"tablet-align-left","25":"mobile-align-left","27":"first","28":"instock","29":"sale","30":"shipping-taxable","31":"purchasable","32":"product-type-simple"},"acf":[],"uagb_featured_image_src":{"full":["https:\/\/vapestornado.com\/wp-content\/uploads\/2024\/12\/WGA-Crystal-15000-Rechargeable-Vape.jpg",1000,1000,false],"thumbnail":["https:\/\/vapestornado.com\/wp-content\/uploads\/2024\/12\/WGA-Crystal-15000-Rechargeable-Vape-150x150.jpg",150,150,true],"medium":["https:\/\/vapestornado.com\/wp-content\/uploads\/2024\/12\/WGA-Crystal-15000-Rechargeable-Vape-300x300.jpg",300,300,true],"medium_large":["https:\/\/vapestornado.com\/wp-content\/uploads\/2024\/12\/WGA-Crystal-15000-Rechargeable-Vape-768x768.jpg",768,768,true],"large":["https:\/\/vapestornado.com\/wp-content\/uploads\/2024\/12\/WGA-Crystal-15000-Rechargeable-Vape.jpg",1000,1000,false],"1536x1536":["https:\/\/vapestornado.com\/wp-content\/uploads\/2024\/12\/WGA-Crystal-15000-Rechargeable-Vape.jpg",1000,1000,false],"2048x2048":["https:\/\/vapestornado.com\/wp-content\/uploads\/2024\/12\/WGA-Crystal-15000-Rechargeable-Vape.jpg",1000,1000,false],"trp-custom-language-flag":["https:\/\/vapestornado.com\/wp-content\/uploads\/2024\/12\/WGA-Crystal-15000-Rechargeable-Vape.jpg",12,12,false],"woocommerce_thumbnail":["https:\/\/vapestornado.com\/wp-content\/uploads\/2024\/12\/WGA-Crystal-15000-Rechargeable-Vape-300x300.jpg",300,300,true],"woocommerce_single":["https:\/\/vapestornado.com\/wp-content\/uploads\/2024\/12\/WGA-Crystal-15000-Rechargeable-Vape-600x600.jpg",600,600,true],"woocommerce_gallery_thumbnail":["https:\/\/vapestornado.com\/wp-content\/uploads\/2024\/12\/WGA-Crystal-15000-Rechargeable-Vape-100x100.jpg",100,100,true]},"uagb_author_info":{"display_name":"ESAMY","author_link":"https:\/\/vapestornado.com\/de\/author\/"},"uagb_comment_info":1,"uagb_excerpt":"WGA Crystal Pro Max Extra 15000 Puffs rechargeable disposable vape with crystal design, mesh coil technology, 2% nicotine strength, and Type-C fast charging. Compact premium design for smooth flavour-stable vapour and strong EU retail demand. Add Amy's whatsapp get right reply and vape coupon! WhatsApp: +86 17776015835 &nbsp;","_links":{"self":[{"href":"https:\/\/vapestornado.com\/de\/wp-json\/wp\/v2\/product\/3383","targetHints":{"allow":["GET"]}}],"collection":[{"href":"https:\/\/vapestornado.com\/de\/wp-json\/wp\/v2\/product"}],"about":[{"href":"https:\/\/vapestornado.com\/de\/wp-json\/wp\/v2\/types\/product"}],"replies":[{"embeddable":true,"href":"https:\/\/vapestornado.com\/de\/wp-json\/wp\/v2\/comments?post=3383"}],"wp:featuredmedia":[{"embeddable":true,"href":"https:\/\/vapestornado.com\/de\/wp-json\/wp\/v2\/media\/3378"}],"wp:attachment":[{"href":"https:\/\/vapestornado.com\/de\/wp-json\/wp\/v2\/media?parent=3383"}],"wp:term":[{"taxonomy":"product_brand","embeddable":true,"href":"https:\/\/vapestornado.com\/de\/wp-json\/wp\/v2\/product_brand?post=3383"},{"taxonomy":"product_cat","embeddable":true,"href":"https:\/\/vapestornado.com\/de\/wp-json\/wp\/v2\/product_cat?post=3383"},{"taxonomy":"product_tag","embeddable":true,"href":"https:\/\/vapestornado.com\/de\/wp-json\/wp\/v2\/product_tag?post=3383"}],"curies":[{"name":"wp","href":"https:\/\/api.w.org\/{rel}","templated":true}]}}