{"id":3318,"date":"2024-12-23T08:44:02","date_gmt":"2024-12-23T08:44:02","guid":{"rendered":"https:\/\/vapestornado.com\/?post_type=product&#038;p=3318"},"modified":"2025-12-08T03:39:19","modified_gmt":"2025-12-08T03:39:19","slug":"bood-pulse-pro-50000-puffs-50k-big-puff-disposable-vape-wholesale-bulk-buy-cheap-price","status":"publish","type":"product","link":"https:\/\/vapestornado.com\/de\/product\/bood-pulse-pro-50000-puffs-50k-big-puff-disposable-vape-wholesale-bulk-buy-cheap-price\/","title":{"rendered":"Bood Pulse PRO 50000 Puffs 50k Big Puff Einweg-Vape Gro\u00dfhandel Gro\u00dfkauf G\u00fcnstiger Preis"},"content":{"rendered":"<h1 class=\"product-title\">Bood Pulse PRO 50000 Z\u00fcge Einweg-Vape: 50K Z\u00fcge + Dual-Vaping-Modus &amp; LED-Smart-Display<\/h1>\n<p>Wenn Sie es leid sind, Einwegger\u00e4te zu verwenden, die zu schnell den Geist aufgeben oder den Geschmack halb durch verlieren, <strong data-start=\"181\" data-end=\"211\">Bood Pulse PRO 50000 Z\u00fcge<\/strong> ist f\u00fcr einen einfachen Grund gebaut: <strong data-start=\"244\" data-end=\"315\">l\u00e4nger zu halten, konsistenten Geschmack zu bieten und im echten Leben vorhersehbar zu bleiben<\/strong>. Dies ist kein Ger\u00e4t f\u00fcr \u201egro\u00dfe Zahlen auf der Verpackung\u201c. Es ist f\u00fcr Menschen, die regelm\u00e4\u00dfig dampfen und weniger Ersatzteile, weniger \u00dcberraschungen und ein reibungsloseres Erlebnis vom ersten bis zum letzten Zug w\u00fcnschen.<\/p>\n<h3 data-start=\"738\" data-end=\"798\">warum Bood Pulse PRO 50000 Z\u00fcge den Kauf wert ist<\/h3>\n<ul data-start=\"800\" data-end=\"1862\">\n<li data-start=\"800\" data-end=\"1039\">\n<p data-start=\"802\" data-end=\"1039\"><strong data-start=\"802\" data-end=\"847\">Langlebigkeit in der realen Welt, nicht Marketing-Hype.<\/strong> Mit bis zu <strong data-start=\"859\" data-end=\"875\">50.000 Z\u00fcge<\/strong> und einem <strong data-start=\"882\" data-end=\"906\">40ml vorgef\u00fcllter Tank<\/strong>, dieses Ger\u00e4t ist so konzipiert, dass es die H\u00e4ufigkeit des Kaufs und Tragens von Ersatzteilen reduziert. F\u00fcr regelm\u00e4\u00dfige Nutzer bedeutet das weniger Ladenbesuche und weniger Abfall.<\/p>\n<\/li>\n<li data-start=\"1041\" data-end=\"1309\">\n<p data-start=\"1043\" data-end=\"1309\"><strong data-start=\"1043\" data-end=\"1116\">Wiederaufladbar + Schnellladung \u00fcber Typ-C = kein Problem des \u201evorzeitig leer\u201c.<\/strong> Gro\u00dfe Einwegger\u00e4te scheitern oft, weil die Batterie fr\u00fchzeitig schlappmacht. Hier sorgen die <strong data-start=\"1190\" data-end=\"1221\">950mAh wiederaufladbarer Akku<\/strong> und <strong data-start=\"1226\" data-end=\"1236\">Typ-C<\/strong> Ladung daf\u00fcr, dass das Ger\u00e4t nutzbar bleibt, bis das E-Liquid tats\u00e4chlich aufgebraucht ist.<\/p>\n<\/li>\n<li data-start=\"1311\" data-end=\"1503\">\n<p data-start=\"1313\" data-end=\"1503\"><strong data-start=\"1313\" data-end=\"1357\">Doppel-Mesh-Spulentechnologie h\u00e4lt den Geschmack stabil.<\/strong> Die beiden Mesh-Spulen heizen gleichm\u00e4\u00dfiger als Standard-Einwegger\u00e4te. Ergebnis: <strong data-start=\"1429\" data-end=\"1487\">sanftere Z\u00fcge, dichtere Dampfentwicklung und weniger Geschmacksverlust<\/strong> gegen Ende.<\/p>\n<\/li>\n<li data-start=\"1505\" data-end=\"1687\">\n<p data-start=\"1507\" data-end=\"1687\"><strong data-start=\"1507\" data-end=\"1549\">LED-Smart-Display sorgt f\u00fcr echte Kontrolle.<\/strong> Batterie- und E-Liquid-Anzeigen zeigen genau, wo Sie stehen \u2014 <strong data-start=\"1621\" data-end=\"1655\">kein R\u00e4tselraten, kein pl\u00f6tzlicher Schnitt<\/strong> w\u00e4hrend Sie unterwegs oder auf Reisen sind.<\/p>\n<\/li>\n<li data-start=\"1689\" data-end=\"1862\">\n<p data-start=\"1691\" data-end=\"1862\"><strong data-start=\"1691\" data-end=\"1733\">Nikotinoptionen f\u00fcr unterschiedliche Gewohnheiten.<\/strong> Erh\u00e4ltlich in <strong data-start=\"1747\" data-end=\"1774\">2% und 5% Salznikotin<\/strong> (und 0% in einigen M\u00e4rkten), passend f\u00fcr leichtere Nutzer und diejenigen, die einen st\u00e4rkeren Zug w\u00fcnschen.<\/p>\n<\/li>\n<\/ul>\n<p><strong>F\u00fcgen Sie Amy auf WhatsApp hinzu, um eine direkte Antwort und einen Vape-Gutschein zu erhalten!<\/strong><\/p>\n<p><img fetchpriority=\"high\" decoding=\"async\" class=\"size-full wp-image-2932\" src=\"https:\/\/vapestornado.com\/wp-content\/uploads\/2024\/12\/Vape-Wholesale.jpg\" alt=\"Vape-Gro\u00dfhandel\" width=\"229\" height=\"300\" \/><\/p>\n<h3><a href=\"https:\/\/wa.me\/8617776015835\" target=\"_blank\" rel=\"noopener\"><span style=\"color: #ff0000;\"><strong>WhatsApp: +86 17776015835<\/strong><\/span><\/a><\/h3>\n<p>&nbsp;<\/p>\n<h2><span style=\"font-size: 1.5em; font-weight: bold;\">Hauptmerkmale des Bood Pulse PRO 50000\u00a0<\/span><\/h2>\n<div role=\"article\" data-tabster=\"{&quot;groupper&quot;:{&quot;tabbability&quot;:2},&quot;focusable&quot;:{}}\" data-content=\"ai-message\" aria-labelledby=\"juhNTJ6o7Gk1cgwZMJgv2-author juhNTJ6o7Gk1cgwZMJgv2-content\">\n<div id=\"juhNTJ6o7Gk1cgwZMJgv2-content\">\n<div role=\"article\" data-tabster=\"{&quot;groupper&quot;:{&quot;tabbability&quot;:2},&quot;focusable&quot;:{}}\" data-content=\"ai-message\" aria-labelledby=\"x4EZuCZWrTbh3weWUt7CU-author x4EZuCZWrTbh3weWUt7CU-content\">\n<div id=\"x4EZuCZWrTbh3weWUt7CU-content\">\n<h4 data-pm-slice=\"1 3 []\"><\/h4>\n<table>\n<thead>\n<tr>\n<th>Spezifikation<\/th>\n<th>Details<\/th>\n<th><\/th>\n<\/tr>\n<\/thead>\n<tbody>\n<tr>\n<td>Puff-Kapazit\u00e4t<\/td>\n<td>Bis zu ~50.000 Z\u00fcge (Normalmodus); ~25.000 Z\u00fcge (Pulse-Modus)<\/td>\n<td>Normal priorisiert Ausdauer; Pulse erh\u00f6ht die Leistung f\u00fcr st\u00e4rkere Z\u00fcge mit weniger Z\u00fcgen.<\/td>\n<\/tr>\n<tr>\n<td>E-Liquid-Volumen<\/td>\n<td>40ml vorgef\u00fcllt<\/td>\n<td>Gro\u00dfer Tank = weniger Austausch und bessere Kosten pro Zug.<\/td>\n<\/tr>\n<tr>\n<td>Batterie<\/td>\n<td>950mAh wiederaufladbar<\/td>\n<td>Entwickelt, um die Fl\u00fcssigkeit zu halten; bei Bedarf aufladen.<\/td>\n<\/tr>\n<tr>\n<td>Aufladen<\/td>\n<td>Type-C-Schnellladung<\/td>\n<td>Schnelleres Laden und einfachere Kabelkompatibilit\u00e4t.<\/td>\n<\/tr>\n<tr>\n<td>Spulensystem<\/td>\n<td>Duale Mesh-Coils<\/td>\n<td>Gleichm\u00e4\u00dfigere Erw\u00e4rmung, sanfterer Zug, intensiverer Geschmack, weniger Leistungsverlust im Laufe der Zeit.<\/td>\n<\/tr>\n<tr>\n<td>Nikotinst\u00e4rken<\/td>\n<td>2% \/ 5% Salznikotin (0% in einigen Regionen)<\/td>\n<td>Erm\u00f6glicht es, den Zug an Ihre pers\u00f6nliche Gewohnheit anzupassen.<\/td>\n<\/tr>\n<tr>\n<td>Anzeige<\/td>\n<td>LED-Smart-Display (Batterie + E-Liquid)<\/td>\n<td>Klare Nutzungserfassung und weniger \u00dcberraschungen.<\/td>\n<\/tr>\n<tr>\n<td>Geschmacksrichtungen<\/td>\n<td>Mehrere Optionen verf\u00fcgbar<\/td>\n<td>Vielfalt f\u00fcr unterschiedliche Stimmungen und Vorlieben.<\/td>\n<\/tr>\n<\/tbody>\n<\/table>\n<\/div>\n<\/div>\n<\/div>\n<\/div>\n<h2 class=\"product-title\"><strong>Beliebte Geschmacksrichtung f\u00fcr Bood Pulse PRO 50000 Z\u00fcge<\/strong><\/h2>\n<p>1.MELONE ANANAS ORANGE<br \/>\n2.HEIDELBEERE SAURE HIMBEERE <strong><span style=\"color: #ff0000;\">&gt;&gt;&gt;&gt;&gt; Hei\u00df!<\/span><\/strong><br \/>\n3.WASSERMELONE KIWI<br \/>\n4.HEIDELBEERE WASSERMELONE<br \/>\n5.SCHWARZE BEERE EIS<br \/>\n6.DREIFACH MELONE<br \/>\n7.ERDBEERE EIS<br \/>\n8.ERDBEERE WASSERMELONE EIS <strong><span style=\"color: #ff0000;\">&gt;&gt;&gt;&gt; Beste !<\/span><\/strong><br \/>\n9.DOPPELTE LIMONADE<br \/>\n10.TRAUBE CRANBERRY HEIDELBEERE HIMBEERE <strong><span style=\"color: #ff0000;\">&gt;&gt;&gt;&gt;&gt; Hei\u00df!<\/span><\/strong><\/p>\n<figure id=\"attachment_3317\" aria-describedby=\"caption-attachment-3317\" style=\"width: 800px\" class=\"wp-caption alignnone\"><img decoding=\"async\" class=\"wp-image-3317 size-full\" src=\"https:\/\/vapestornado.com\/wp-content\/uploads\/2024\/12\/PUFF-50K-Bood-Pulse-50000-Puff-Disposable-Vape.jpg\" alt=\"PUFF 50K Bood Pulse 50000 Zug Einweg-Vape\" width=\"800\" height=\"800\" srcset=\"https:\/\/vapestornado.com\/wp-content\/uploads\/2024\/12\/PUFF-50K-Bood-Pulse-50000-Puff-Disposable-Vape.jpg 800w, https:\/\/vapestornado.com\/wp-content\/uploads\/2024\/12\/PUFF-50K-Bood-Pulse-50000-Puff-Disposable-Vape-300x300.jpg 300w, https:\/\/vapestornado.com\/wp-content\/uploads\/2024\/12\/PUFF-50K-Bood-Pulse-50000-Puff-Disposable-Vape-150x150.jpg 150w, https:\/\/vapestornado.com\/wp-content\/uploads\/2024\/12\/PUFF-50K-Bood-Pulse-50000-Puff-Disposable-Vape-768x768.jpg 768w, https:\/\/vapestornado.com\/wp-content\/uploads\/2024\/12\/PUFF-50K-Bood-Pulse-50000-Puff-Disposable-Vape-600x600.jpg 600w, https:\/\/vapestornado.com\/wp-content\/uploads\/2024\/12\/PUFF-50K-Bood-Pulse-50000-Puff-Disposable-Vape-100x100.jpg 100w\" sizes=\"(max-width: 800px) 100vw, 800px\" \/><figcaption id=\"caption-attachment-3317\" class=\"wp-caption-text\">PUFF 50K Bood Pulse 50000 Zug Einweg-Vape<\/figcaption><\/figure>\n<p>&nbsp;<\/p>\n<h2>Warum vapestornado f\u00fcr Bood Pulse 50000 Z\u00fcge Vape Gro\u00dfhandel w\u00e4hlen?<\/h2>\n<div class=\"flex-shrink-0 flex flex-col relative items-end\">\n<div class=\"pt-0\">\n<div class=\"gizmo-bot-avatar flex h-8 w-8 items-center justify-center overflow-hidden rounded-full\">\n<div class=\"relative p-1 rounded-sm flex items-center justify-center bg-token-main-surface-primary text-token-text-primary h-8 w-8\">\n<p>Willkommen bei vapestornado, Ihrem vertrauensw\u00fcrdigen Online-Vape-Shop f\u00fcr Premium-Einweg-Vapes. Mit mehr als 5 Jahren Erfahrung bieten wir Ihnen beliebte Einweg-Vape-Marken wie Fumot RandM Vape, <a href=\"https:\/\/vapestornado.com\/de\/product\/vapme-crystal-7000-puffs-rechargeable-disposable-vape-wholesale-cheap-price\/\">Vapme<\/a>, Bang Vape, Waspe Vape und WGA Vape usw.<\/p>\n<p>Unser Sortiment umfasst hei\u00df verkaufte Vapes wie den <a href=\"https:\/\/vapestornado.com\/de\/product\/fumot-randm-tornado-15000-puffs-rechargeable-disposable-vape-wholesale\/\">RandM Tornado 15000<\/a>, und geschmacksreiche Optionen wie den <a href=\"https:\/\/vapestornado.com\/de\/product\/vapsolo-dg-18000-puffs-smart-screen-wholesale-disposable-cheap-vapes\/\">\u00a0Vapsolo DG18000 Z\u00fcge<\/a> . Jedes Produkt wird mit Fokus auf Qualit\u00e4t, Wert und Vielfalt ausgew\u00e4hlt, um sicherzustellen, dass Sie die perfekte \u00dcbereinstimmung f\u00fcr Ihre Bed\u00fcrfnisse finden. Entdecken Sie au\u00dfergew\u00f6hnlichen Service und eine breite Palette an Spitzenprodukten zum Gro\u00dfhandelspreis bei vapestornado.<\/p>\n<\/div>\n<h3><\/h3>\n<div class=\"relative p-1 rounded-sm flex items-center justify-center bg-token-main-surface-primary text-token-text-primary h-8 w-8\">\n<h2>FAQS f\u00fcr Bood Pulse 50k Einweg-Vape<\/h2>\n<\/div>\n<\/div>\n<\/div>\n<\/div>\n<div class=\"flex-shrink-0 flex flex-col relative items-end\">\n<div class=\"pt-0\">\n<div class=\"gizmo-bot-avatar flex h-8 w-8 items-center justify-center overflow-hidden rounded-full\">\n<div class=\"relative p-1 rounded-sm flex items-center justify-center bg-token-main-surface-primary text-token-text-primary h-8 w-8\">\n<div class=\"mb-2 flex gap-3 empty:hidden -ml-2\">\n<div role=\"article\" data-tabster=\"{&quot;groupper&quot;:{&quot;tabbability&quot;:2},&quot;focusable&quot;:{}}\" data-content=\"ai-message\" aria-labelledby=\"Vdt5ez4X7Tg813x6rFVha-author Vdt5ez4X7Tg813x6rFVha-content\">\n<div id=\"Vdt5ez4X7Tg813x6rFVha-content\">\n<div role=\"article\" data-tabster=\"{&quot;groupper&quot;:{&quot;tabbability&quot;:2},&quot;focusable&quot;:{}}\" data-content=\"ai-message\" aria-labelledby=\"o968oC7CEo2fGHsGdsRYC-author o968oC7CEo2fGHsGdsRYC-content\">\n<div id=\"o968oC7CEo2fGHsGdsRYC-content\">\n<div class=\"flex max-w-full flex-col flex-grow\">\n<div class=\"min-h-8 text-message flex w-full flex-col items-end gap-2 whitespace-normal break-words text-start [.text-message+&amp;]:mt-5\" dir=\"auto\" data-message-author-role=\"assistant\" data-message-id=\"b080906d-586a-45a5-bbed-ade28bd7e809\" data-message-model-slug=\"gpt-4o\">\n<div class=\"flex w-full flex-col gap-1 empty:hidden first:pt-[3px]\">\n<div class=\"markdown prose w-full break-words dark:prose-invert light\">\n<div role=\"article\" data-tabster=\"{&quot;groupper&quot;:{&quot;tabbability&quot;:2},&quot;focusable&quot;:{}}\" data-content=\"ai-message\" aria-labelledby=\"56SXh4AMWhyZudHYw72d2-author} 56SXh4AMWhyZudHYw72d2-content-0\">\n<div id=\"56SXh4AMWhyZudHYw72d2-content-0\">\n<ol data-start=\"3949\" data-end=\"5414\">\n<li data-start=\"3949\" data-end=\"4266\">\n<p data-start=\"3952\" data-end=\"4266\"><strong data-start=\"3952\" data-end=\"4059\">Wie verbessert die Bood Pulse PRO 50000 Z\u00fcge Dual Mesh Coil den Geschmack im Vergleich zu anderen Einwegprodukten?<\/strong><br data-start=\"4059\" data-end=\"4062\" \/>Doppelte Mesh-Coils erhitzen die Fl\u00fcssigkeit gleichm\u00e4\u00dfig \u00fcber eine gr\u00f6\u00dfere Oberfl\u00e4che. In der Praxis ergibt das <strong data-start=\"4151\" data-end=\"4221\">sauberer Geschmack, st\u00e4rkere Geschmacksnoten und weniger \u201everbrannter\/trockener\u201c Eindruck<\/strong>, besonders wenn man tiefer in den Tank eindringt.<\/p>\n<\/li>\n<li data-start=\"4268\" data-end=\"4553\">\n<p data-start=\"4271\" data-end=\"4553\"><strong data-start=\"4271\" data-end=\"4378\">L\u00e4uft die wiederaufladbare Einweg-Vape Bood Pulse PRO 50K vor dem Ende des E-Liquids leer?<\/strong><br data-start=\"4378\" data-end=\"4381\" \/>Genau das soll verhindert werden. Der <strong data-start=\"4428\" data-end=\"4469\">950mAh Akku plus Typ-C-Aufladung<\/strong> erm\u00f6glichen es, die Energie jederzeit aufzuf\u00fcllen, sodass du die volle Liquidzufuhr tats\u00e4chlich aufbrauchen kannst.<\/p>\n<\/li>\n<li data-start=\"4555\" data-end=\"4810\">\n<p data-start=\"4558\" data-end=\"4810\"><strong data-start=\"4558\" data-end=\"4640\">Ist der LED-Smart-Screen am Bood Pulse PRO 50000 Puffs genau und n\u00fctzlich?<\/strong><br data-start=\"4640\" data-end=\"4643\" \/>Ja \u2014 sein Wert ist praktisch. Das Wissen um den Batteriestatus und den Fl\u00fcssigkeitsstand bedeutet <strong data-start=\"4718\" data-end=\"4758\">dass du rechtzeitig aufladen oder austauschen kannst<\/strong>, nicht erst, wenn du schon drau\u00dfen bist und nichts mehr hast.<\/p>\n<\/li>\n<li data-start=\"4812\" data-end=\"5106\">\n<p data-start=\"4815\" data-end=\"5106\"><strong data-start=\"4815\" data-end=\"4907\">Was ist der echte Unterschied zwischen Normalmodus und Pulsmodus beim Bood Pulse PRO 50K?<\/strong><br data-start=\"4907\" data-end=\"4910\" \/>Der Normalmodus bietet maximale Lebensdauer und eine gleichm\u00e4\u00dfigere Ausgabe. Der Pulsmodus erh\u00f6ht die Intensit\u00e4t f\u00fcr <strong data-start=\"5001\" data-end=\"5044\">st\u00e4rkeren Dampf und einen sch\u00e4rferen Rachenhit<\/strong>, aber du erh\u00e4ltst weniger Gesamtdampf. Denk an Ausdauer vs. Power.<\/p>\n<\/li>\n<li data-start=\"5108\" data-end=\"5414\">\n<p data-start=\"5111\" data-end=\"5414\"><strong data-start=\"5111\" data-end=\"5203\">Ist der Bood Pulse PRO 50000 Puffs f\u00fcr Vielraucher geeignet, ohne dass der Geschmack schnell nachl\u00e4sst?<\/strong><br data-start=\"5203\" data-end=\"5206\" \/>Ja. Vielraucher profitieren am meisten von dem <strong data-start=\"5245\" data-end=\"5280\">40ml Tank + Doppel-Mesh-Stabilit\u00e4t<\/strong>, was den Geschmacksverlust verlangsamt. Wie bei jeder Vape wird der Geschmack nat\u00fcrlich mit der Zeit schw\u00e4cher, aber dieses Modell ist f\u00fcr einen <strong data-start=\"5388\" data-end=\"5413\">viel gleichm\u00e4\u00dfigeren R\u00fcckgang ausgelegt<\/strong>.<\/p>\n<\/li>\n<\/ol>\n<\/div>\n<\/div>\n<\/div>\n<\/div>\n<\/div>\n<\/div>\n<\/div>\n<\/div>\n<\/div>\n<\/div>\n<\/div>\n<\/div>\n<\/div>\n<\/div>\n<\/div>","protected":false},"excerpt":{"rendered":"<p><strong data-start=\"1495\" data-end=\"1525\">Bood Pulse PRO 50000 Z\u00fcge, <\/strong>ein 40ml hochkapazitatives Einwegger\u00e4t mit Doppel-Mesh-Spulen und einem wiederaufladbaren 950mAh Akku, das bis zu 50.000 gleichm\u00e4\u00dfige, vollmundige Z\u00fcge mit weniger Ausfallzeiten und geringeren langfristigen Kosten liefert.<\/p>\n<p><strong>F\u00fcge Amy auf WhatsApp hinzu, um sofort eine Antwort und einen Vape-Gutschein zu erhalten!<\/strong><\/p>\n<p><img fetchpriority=\"high\" decoding=\"async\" class=\"size-full wp-image-2932\" src=\"https:\/\/vapestornado.com\/wp-content\/uploads\/2024\/12\/Vape-Wholesale.jpg\" alt=\"Vape-Gro\u00dfhandel\" width=\"229\" height=\"300\" \/><\/p>\n<h3><a href=\"https:\/\/wa.me\/8617776015835\"><span style=\"color: #ff0000;\"><strong>WhatsApp: +86 17776015835<\/strong><\/span><\/a><\/h3>\n<p>&nbsp;<\/p>","protected":false},"featured_media":3315,"comment_status":"open","ping_status":"closed","template":"","meta":{"_acf_changed":false,"_uag_custom_page_level_css":"","_lmt_disableupdate":"no","_lmt_disable":"","_monsterinsights_skip_tracking":false,"_monsterinsights_sitenote_active":false,"_monsterinsights_sitenote_note":"","_monsterinsights_sitenote_category":0,"site-sidebar-layout":"default","site-content-layout":"","ast-site-content-layout":"default","site-content-style":"default","site-sidebar-style":"default","ast-global-header-display":"","ast-banner-title-visibility":"","ast-main-header-display":"","ast-hfb-above-header-display":"","ast-hfb-below-header-display":"","ast-hfb-mobile-header-display":"","site-post-title":"","ast-breadcrumbs-content":"","ast-featured-img":"","footer-sml-layout":"","ast-disable-related-posts":"","theme-transparent-header-meta":"default","adv-header-id-meta":"","stick-header-meta":"","header-above-stick-meta":"","header-main-stick-meta":"","header-below-stick-meta":"","astra-migrate-meta-layouts":"set","ast-page-background-enabled":"default","ast-page-background-meta":{"desktop":{"background-color":"","background-image":"","background-repeat":"repeat","background-position":"center center","background-size":"auto","background-attachment":"scroll","background-type":"","background-media":"","overlay-type":"","overlay-color":"","overlay-opacity":"","overlay-gradient":""},"tablet":{"background-color":"","background-image":"","background-repeat":"repeat","background-position":"center center","background-size":"auto","background-attachment":"scroll","background-type":"","background-media":"","overlay-type":"","overlay-color":"","overlay-opacity":"","overlay-gradient":""},"mobile":{"background-color":"","background-image":"","background-repeat":"repeat","background-position":"center center","background-size":"auto","background-attachment":"scroll","background-type":"","background-media":"","overlay-type":"","overlay-color":"","overlay-opacity":"","overlay-gradient":""}},"ast-content-background-meta":{"desktop":{"background-color":"var(--ast-global-color-5)","background-image":"","background-repeat":"repeat","background-position":"center center","background-size":"auto","background-attachment":"scroll","background-type":"","background-media":"","overlay-type":"","overlay-color":"","overlay-opacity":"","overlay-gradient":""},"tablet":{"background-color":"var(--ast-global-color-5)","background-image":"","background-repeat":"repeat","background-position":"center center","background-size":"auto","background-attachment":"scroll","background-type":"","background-media":"","overlay-type":"","overlay-color":"","overlay-opacity":"","overlay-gradient":""},"mobile":{"background-color":"var(--ast-global-color-5)","background-image":"","background-repeat":"repeat","background-position":"center center","background-size":"auto","background-attachment":"scroll","background-type":"","background-media":"","overlay-type":"","overlay-color":"","overlay-opacity":"","overlay-gradient":""}},"_joinchat":{"telephone":"+8617776015835"}},"product_brand":[],"product_cat":[140,192,193,150,151,157,142,146],"product_tag":[190,165,97,166,189,191,94],"class_list":{"0":"post-3318","1":"product","2":"type-product","3":"status-publish","4":"has-post-thumbnail","6":"product_cat-big-puffs-disposable-vapes","7":"product_cat-50000-puff","8":"product_cat-bood-disposable-vapes","9":"product_cat-buy-disposable-vapes-in-belgium","10":"product_cat-buy-disposable-vapes-in-france","11":"product_cat-buy-disposable-vapes-in-portugal","12":"product_cat-digital-box-disposable-vapes","13":"product_cat-rechargeable-disposable-vapes","14":"product_tag-bood-pulse-pro-50000","15":"product_tag-cheap-vapes","16":"product_tag-hot-sale-disposable-vape","17":"product_tag-low-nicotine-vape","18":"product_tag-puff-50k","19":"product_tag-pulse-disposable-vape","20":"product_tag-rechargeable-disposable-vape","21":"desktop-align-left","22":"tablet-align-left","23":"mobile-align-left","25":"first","26":"instock","27":"sale","28":"shipping-taxable","29":"purchasable","30":"product-type-simple"},"acf":[],"uagb_featured_image_src":{"full":["https:\/\/vapestornado.com\/wp-content\/uploads\/2024\/12\/Bood-Pulse-50000-Puff-Disposable-Vape.jpg",800,800,false],"thumbnail":["https:\/\/vapestornado.com\/wp-content\/uploads\/2024\/12\/Bood-Pulse-50000-Puff-Disposable-Vape-150x150.jpg",150,150,true],"medium":["https:\/\/vapestornado.com\/wp-content\/uploads\/2024\/12\/Bood-Pulse-50000-Puff-Disposable-Vape-300x300.jpg",300,300,true],"medium_large":["https:\/\/vapestornado.com\/wp-content\/uploads\/2024\/12\/Bood-Pulse-50000-Puff-Disposable-Vape-768x768.jpg",768,768,true],"large":["https:\/\/vapestornado.com\/wp-content\/uploads\/2024\/12\/Bood-Pulse-50000-Puff-Disposable-Vape.jpg",800,800,false],"1536x1536":["https:\/\/vapestornado.com\/wp-content\/uploads\/2024\/12\/Bood-Pulse-50000-Puff-Disposable-Vape.jpg",800,800,false],"2048x2048":["https:\/\/vapestornado.com\/wp-content\/uploads\/2024\/12\/Bood-Pulse-50000-Puff-Disposable-Vape.jpg",800,800,false],"trp-custom-language-flag":["https:\/\/vapestornado.com\/wp-content\/uploads\/2024\/12\/Bood-Pulse-50000-Puff-Disposable-Vape.jpg",12,12,false],"woocommerce_thumbnail":["https:\/\/vapestornado.com\/wp-content\/uploads\/2024\/12\/Bood-Pulse-50000-Puff-Disposable-Vape-300x300.jpg",300,300,true],"woocommerce_single":["https:\/\/vapestornado.com\/wp-content\/uploads\/2024\/12\/Bood-Pulse-50000-Puff-Disposable-Vape-600x600.jpg",600,600,true],"woocommerce_gallery_thumbnail":["https:\/\/vapestornado.com\/wp-content\/uploads\/2024\/12\/Bood-Pulse-50000-Puff-Disposable-Vape-100x100.jpg",100,100,true]},"uagb_author_info":{"display_name":"ESAMY","author_link":"https:\/\/vapestornado.com\/de\/author\/"},"uagb_comment_info":0,"uagb_excerpt":"Bood Pulse PRO 50000 Puffs, a 40ml high-capacity disposable with dual mesh coils and a rechargeable 950mAh battery, delivering up to 50,000 steady, full-flavor puffs with less downtime and lower long-term cost. Add Amy's whatsapp get right reply and vape vape coupon! WhatsApp: +86 17776015835 &nbsp;","_links":{"self":[{"href":"https:\/\/vapestornado.com\/de\/wp-json\/wp\/v2\/product\/3318","targetHints":{"allow":["GET"]}}],"collection":[{"href":"https:\/\/vapestornado.com\/de\/wp-json\/wp\/v2\/product"}],"about":[{"href":"https:\/\/vapestornado.com\/de\/wp-json\/wp\/v2\/types\/product"}],"replies":[{"embeddable":true,"href":"https:\/\/vapestornado.com\/de\/wp-json\/wp\/v2\/comments?post=3318"}],"wp:featuredmedia":[{"embeddable":true,"href":"https:\/\/vapestornado.com\/de\/wp-json\/wp\/v2\/media\/3315"}],"wp:attachment":[{"href":"https:\/\/vapestornado.com\/de\/wp-json\/wp\/v2\/media?parent=3318"}],"wp:term":[{"taxonomy":"product_brand","embeddable":true,"href":"https:\/\/vapestornado.com\/de\/wp-json\/wp\/v2\/product_brand?post=3318"},{"taxonomy":"product_cat","embeddable":true,"href":"https:\/\/vapestornado.com\/de\/wp-json\/wp\/v2\/product_cat?post=3318"},{"taxonomy":"product_tag","embeddable":true,"href":"https:\/\/vapestornado.com\/de\/wp-json\/wp\/v2\/product_tag?post=3318"}],"curies":[{"name":"wp","href":"https:\/\/api.w.org\/{rel}","templated":true}]}}