{"id":3246,"date":"2024-12-19T07:46:10","date_gmt":"2024-12-19T07:46:10","guid":{"rendered":"https:\/\/vapestornado.com\/?post_type=product&#038;p=3246"},"modified":"2025-08-23T12:26:13","modified_gmt":"2025-08-23T12:26:13","slug":"vapsolo-king-10000-puffs-2-5-low-nicotine-rechargeable-disposable-vapes-pen-wholesale-bulk-buy","status":"publish","type":"product","link":"https:\/\/vapestornado.com\/de\/product\/vapsolo-king-10000-puffs-2-5-low-nicotine-rechargeable-disposable-vapes-pen-wholesale-bulk-buy\/","title":{"rendered":"Vapsolo King 10000 Puffs 2% 5% wiederaufladbare Einweg-Vape-Stifte mit niedrigem Nikotingehalt Gro\u00dfhandel"},"content":{"rendered":"<h1 class=\"product-title\">Vapsolo King 10000 Puffs 2% 5% wiederaufladbare Einweg-Vape-Stifte mit niedrigem Nikotingehalt Gro\u00dfhandel<\/h1>\n<p>Der <strong>Vapsolo King 10000 Z\u00fcge Niedrig-Nikotin Wiederaufladbarer Einweg-Vape Stift<\/strong> ist eine erstklassige Wahl f\u00fcr Vaper, die <strong>lang anhaltende Leistung<\/strong>, <strong>anpassbarer Luftstrom<\/strong>und ein hervorragendes Preis-Leistungs-Verh\u00e4ltnis suchen. Mit beeindruckenden <strong>10.000 Z\u00fcgen<\/strong> pro Ger\u00e4t sorgt dieser Vape f\u00fcr langanhaltende Zufriedenheit, ohne dass h\u00e4ufige Ersatzk\u00e4ufe erforderlich sind.<\/p>\n<p>Seine <strong>20 ml E-Liquid-Kapazit\u00e4t<\/strong> gepaart mit <strong>Mesh-Coil-Technologie<\/strong> liefert eine sanfte Dampfproduktion und au\u00dfergew\u00f6hnlichen Geschmack bei jedem Zug. Der <strong>650mAh wiederaufladbarer Akku<\/strong> gew\u00e4hrleistet eine konstante Leistung und die <strong>Type-C-Schnellladung<\/strong> sorgt daf\u00fcr, dass Sie mit minimalen Ausfallzeiten zum Dampfen bereit sind.<\/p>\n<p>Entwickelt zur Personalisierung bietet die <strong>einstellbarer Luftstrom<\/strong> Funktion drei Einstellungen, die Ihrem bevorzugten Dampfstil entsprechen \u2013 egal, ob Sie einen festeren Zug oder einen offeneren Luftstrom bevorzugen. Sein <strong>leichtes und tragbares Design<\/strong>, das nur 95 g wiegt, macht ihn perfekt f\u00fcr Vaper unterwegs. Dar\u00fcber hinaus ist der Vapsolo King 10000 mit <strong>Gro\u00dfhandelspreise<\/strong>eine erschwingliche und zuverl\u00e4ssige Option f\u00fcr Einzelpersonen und H\u00e4ndler gleicherma\u00dfen.<\/p>\n<p>&nbsp;<\/p>\n<p><strong>F\u00fcgen Sie Amy auf WhatsApp hinzu, um eine direkte Antwort und einen Vape-Gutschein zu erhalten!<\/strong><\/p>\n<p><img fetchpriority=\"high\" decoding=\"async\" class=\"size-full wp-image-2932\" src=\"https:\/\/vapestornado.com\/wp-content\/uploads\/2024\/12\/Vape-Wholesale.jpg\" alt=\"Vape-Gro\u00dfhandel\" width=\"229\" height=\"300\" \/><\/p>\n<h3><a href=\"https:\/\/wa.me\/8617776015835\" target=\"_blank\" rel=\"noopener\"><span style=\"color: #ff0000;\"><strong>WhatsApp: +86 17776015835<\/strong><\/span><\/a><\/h3>\n<p>&nbsp;<\/p>\n<h2><strong>Vapsolo King 10000 Z\u00fcge Produktmerkmale<\/strong><\/h2>\n<div role=\"article\" data-tabster=\"{&quot;groupper&quot;:{&quot;tabbability&quot;:2},&quot;focusable&quot;:{}}\" data-content=\"ai-message\" aria-labelledby=\"juhNTJ6o7Gk1cgwZMJgv2-author juhNTJ6o7Gk1cgwZMJgv2-content\">\n<div id=\"juhNTJ6o7Gk1cgwZMJgv2-content\">\n<div role=\"article\" data-tabster=\"{&quot;groupper&quot;:{&quot;tabbability&quot;:2},&quot;focusable&quot;:{}}\" data-content=\"ai-message\" aria-labelledby=\"x4EZuCZWrTbh3weWUt7CU-author x4EZuCZWrTbh3weWUt7CU-content\">\n<div id=\"x4EZuCZWrTbh3weWUt7CU-content\">\n<h3><\/h3>\n<ol>\n<li style=\"list-style-type: none;\">\n<ol>\n<li><strong>10.000 Z\u00fcge:<\/strong> Langanhaltendes Dampferlebnis f\u00fcr ununterbrochene Zufriedenheit.<\/li>\n<li><strong>Wiederaufladbarer Akku:<\/strong> <strong>650mAh Akku<\/strong> mit <strong>Type-C-Schnellladung<\/strong> f\u00fcr Komfort.<\/li>\n<li><strong>Einstellbare Luftzufuhr:<\/strong> Drei anpassbare Einstellungen f\u00fcr einen personalisierten Zug.<\/li>\n<li><strong>Mesh-Coil-Technologie:<\/strong> Sorgt f\u00fcr eine reibungslose Dampfproduktion und verbesserten Geschmack.<\/li>\n<li><strong>20ml E-Liquid Kapazit\u00e4t:<\/strong> Weniger Nachf\u00fcllungen f\u00fcr mehr Komfort.<\/li>\n<li><strong>Anpassbare Nikotinst\u00e4rken:<\/strong> Erh\u00e4ltlich in <strong>2%- und 5%-Optionen mit niedrigem Nikotingehalt erh\u00e4ltlich,<\/strong> Optionen.<\/li>\n<li><strong>Leichtes Design:<\/strong> Wiegt nur <strong>95g<\/strong>, perfekt f\u00fcr den Transport und auf Reisen.<\/li>\n<li><strong>Gro\u00dfhandelsverf\u00fcgbarkeit:<\/strong> Erschwingliche Gro\u00dfhandelsoptionen ideal f\u00fcr den pers\u00f6nlichen Gebrauch und den Einzelhandel.<\/li>\n<\/ol>\n<\/li>\n<\/ol>\n<figure id=\"attachment_3241\" aria-describedby=\"caption-attachment-3241\" style=\"width: 600px\" class=\"wp-caption alignnone\"><img decoding=\"async\" class=\"wp-image-3241\" src=\"https:\/\/vapestornado.com\/wp-content\/uploads\/2024\/12\/Vapsolo-Disposable-Vape-Wholesale-300x300.jpg\" alt=\"Einweg-Vape Gro\u00dfhandel Vapsolo King 10000 Puffs\" width=\"600\" height=\"600\" srcset=\"https:\/\/vapestornado.com\/wp-content\/uploads\/2024\/12\/Vapsolo-Disposable-Vape-Wholesale-300x300.jpg 300w, https:\/\/vapestornado.com\/wp-content\/uploads\/2024\/12\/Vapsolo-Disposable-Vape-Wholesale-150x150.jpg 150w, https:\/\/vapestornado.com\/wp-content\/uploads\/2024\/12\/Vapsolo-Disposable-Vape-Wholesale-768x768.jpg 768w, https:\/\/vapestornado.com\/wp-content\/uploads\/2024\/12\/Vapsolo-Disposable-Vape-Wholesale-600x600.jpg 600w, https:\/\/vapestornado.com\/wp-content\/uploads\/2024\/12\/Vapsolo-Disposable-Vape-Wholesale-100x100.jpg 100w, https:\/\/vapestornado.com\/wp-content\/uploads\/2024\/12\/Vapsolo-Disposable-Vape-Wholesale.jpg 1000w\" sizes=\"(max-width: 600px) 100vw, 600px\" \/><figcaption id=\"caption-attachment-3241\" class=\"wp-caption-text\">Einweg-Vape Gro\u00dfhandel Vapsolo King 10000 Puffs<\/figcaption><\/figure>\n<\/div>\n<\/div>\n<\/div>\n<\/div>\n<h2 class=\"product-title\"><strong>Vapsolo King 10000 Geschmacksliste<\/strong><\/h2>\n<p>1.Heidelbeere Himbeere<br \/>\n2.Blaue Himbeere<br \/>\n3.Erdbeere Kiwi<br \/>\n4.Pfirsich Mango Ananas<br \/>\n5.Energy Drink<br \/>\n6.Banane Eis<br \/>\n7.Saure Ananas Eis<br \/>\n8.Erdbeere Himbeere Kirsche Eis<br \/>\n9.Kiwi Passionsfrucht Guave<br \/>\n10.Erdbeere Banane<br \/>\n11.Sprudelnde Kirsche<br \/>\n12.Heidelbeere Eis<br \/>\n13.Prime Erdbeere Wassermelone<br \/>\n14.l purple rain<br \/>\n15.Zitrone Limette<br \/>\n16.Mr. Blue<br \/>\n17.Roter Apfel<br \/>\n18 Gemischte Beeren<br \/>\n19.Wassermelone Eis<br \/>\n20.Erdbeere Eis<\/p>\n<h3>Warum Vapestornado f\u00fcr Vapsolo King 10k Puffs Vape Gro\u00dfhandel w\u00e4hlen?<\/h3>\n<div class=\"flex-shrink-0 flex flex-col relative items-end\">\n<div class=\"pt-0\">\n<div class=\"gizmo-bot-avatar flex h-8 w-8 items-center justify-center overflow-hidden rounded-full\">\n<div class=\"relative p-1 rounded-sm flex items-center justify-center bg-token-main-surface-primary text-token-text-primary h-8 w-8\">\n<p>Willkommen bei vapestornado, Ihrem vertrauensw\u00fcrdigen Online-Vape-Shop f\u00fcr Premium-Einweg-Vapes. Mit mehr als 5 Jahren Erfahrung bieten wir Ihnen beliebte Einweg-Vape-Marken wie Fumot RandM Vape, <a href=\"https:\/\/vapestornado.com\/de\/product\/vapme-crystal-7000-puffs-rechargeable-disposable-vape-wholesale-cheap-price\/\">Vapme<\/a>, Bang Vape, Waspe Vape und WGA Vape usw.<\/p>\n<p>Unser Sortiment umfasst hei\u00df verkaufte Vapes wie den <a href=\"https:\/\/vapestornado.com\/de\/product\/fumot-randm-tornado-15000-puffs-rechargeable-disposable-vape-wholesale\/\">RandM Tornado 15000<\/a>, und geschmacksreiche Optionen wie den <a href=\"https:\/\/vapestornado.com\/de\/product\/vapsolo-dg-18000-puffs-smart-screen-wholesale-disposable-cheap-vapes\/\">\u00a0Vapsolo DG18000 Z\u00fcge<\/a> . Jedes Produkt wird mit Fokus auf Qualit\u00e4t, Wert und Vielfalt ausgew\u00e4hlt, um sicherzustellen, dass Sie die perfekte \u00dcbereinstimmung f\u00fcr Ihre Bed\u00fcrfnisse finden. Entdecken Sie au\u00dfergew\u00f6hnlichen Service und eine breite Palette an Spitzenprodukten zum Gro\u00dfhandelspreis bei vapestornado.<\/p>\n<\/div>\n<h3><\/h3>\n<div class=\"relative p-1 rounded-sm flex items-center justify-center bg-token-main-surface-primary text-token-text-primary h-8 w-8\">\n<h3>FAQs f\u00fcr Vapsolo King 10000 Einweg-Vape<\/h3>\n<\/div>\n<\/div>\n<\/div>\n<\/div>\n<div class=\"flex-shrink-0 flex flex-col relative items-end\">\n<div class=\"pt-0\">\n<div class=\"gizmo-bot-avatar flex h-8 w-8 items-center justify-center overflow-hidden rounded-full\">\n<div class=\"relative p-1 rounded-sm flex items-center justify-center bg-token-main-surface-primary text-token-text-primary h-8 w-8\">\n<div class=\"mb-2 flex gap-3 empty:hidden -ml-2\">\n<div role=\"article\" data-tabster=\"{&quot;groupper&quot;:{&quot;tabbability&quot;:2},&quot;focusable&quot;:{}}\" data-content=\"ai-message\" aria-labelledby=\"Vdt5ez4X7Tg813x6rFVha-author Vdt5ez4X7Tg813x6rFVha-content\">\n<div id=\"Vdt5ez4X7Tg813x6rFVha-content\">\n<div role=\"article\" data-tabster=\"{&quot;groupper&quot;:{&quot;tabbability&quot;:2},&quot;focusable&quot;:{}}\" data-content=\"ai-message\" aria-labelledby=\"o968oC7CEo2fGHsGdsRYC-author o968oC7CEo2fGHsGdsRYC-content\">\n<div id=\"o968oC7CEo2fGHsGdsRYC-content\">\n<h3><\/h3>\n<ol>\n<li><strong>Wie viele Z\u00fcge bietet die Vapsolo 10000?<\/strong><br \/>\nSie bietet beeindruckende <strong>10.000 Z\u00fcgen<\/strong>, was sie zu einer Top-Wahl f\u00fcr langlebige Einweg-Vapes macht.<\/li>\n<li><strong>Kann ich die Vapsolo King 10k wiederaufladen?<\/strong><br \/>\nJa, es verf\u00fcgt \u00fcber einen <strong>650mAh wiederaufladbarer Akku<\/strong> mit einem <strong>Typ-C-Ladeanschluss<\/strong> f\u00fcr schnelles und einfaches Aufladen.<\/li>\n<li><strong>Welche Nikotinst\u00e4rken sind erh\u00e4ltlich?<\/strong><br \/>\nDas Ger\u00e4t ist erh\u00e4ltlich in <strong>2%- und 5%-Optionen mit niedrigem Nikotingehalt erh\u00e4ltlich,<\/strong> Optionen, die eine breite Palette von Vorlieben abdecken.<\/li>\n<li><strong>Wie funktioniert die einstellbare Luftzufuhr?<\/strong><br \/>\nDie Vapsolo King 10000 hat <strong>drei Luftstromeinstellungen<\/strong>, mit denen Sie Ihr Dampferlebnis f\u00fcr einen strafferen oder lockereren Zug anpassen k\u00f6nnen.<\/li>\n<li><strong>Wo kann ich die Vapsolo King 10000 zu Gro\u00dfhandelspreisen kaufen?<\/strong><br \/>\nF\u00fcr die besten <strong>Gro\u00dfhandel Einweg-Vape<\/strong> Angebote, besuchen Sie vapestornado<strong>\u00a0Online-Vape-Shop<\/strong>, wo Sie <strong>g\u00fcnstigen Einweg-Vapes<\/strong> mit hochwertiger Leistung finden.<\/li>\n<\/ol>\n<\/div>\n<\/div>\n<\/div>\n<\/div>\n<\/div>\n<\/div>\n<\/div>\n<\/div>\n<\/div>","protected":false},"excerpt":{"rendered":"<p>Vapsolo King 10000 Z\u00fcge 2% 5% Niedrig-Nikotin Einweg-Vape Gro\u00dfhandelspreis<br \/>\nVapsolo King 10000 Z\u00fcge Wiederaufladbarer Einweg-Vape Gro\u00dfhandel<br \/>\nG\u00fcnstige Fabrik Vapsolo King 10000 Z\u00fcge 2% 5% Niedrig-Nikotin Einweg-Vape<\/p>\n<p><strong>F\u00fcge Amy auf WhatsApp hinzu, um sofort eine Antwort und einen Vape-Gutschein zu erhalten!<\/strong><\/p>\n<p><img fetchpriority=\"high\" decoding=\"async\" class=\"size-full wp-image-2932\" src=\"https:\/\/vapestornado.com\/wp-content\/uploads\/2024\/12\/Vape-Wholesale.jpg\" alt=\"Vape-Gro\u00dfhandel\" width=\"229\" height=\"300\" \/><\/p>\n<h3><a href=\"https:\/\/wa.me\/8617776015835\"><span style=\"color: #ff0000;\"><strong>WhatsApp: +86 17776015835<\/strong><\/span><\/a><\/h3>\n<p>&nbsp;<\/p>","protected":false},"featured_media":3240,"comment_status":"open","ping_status":"closed","template":"","meta":{"_acf_changed":false,"_uag_custom_page_level_css":"","_lmt_disableupdate":"no","_lmt_disable":"","_monsterinsights_skip_tracking":false,"_monsterinsights_sitenote_active":false,"_monsterinsights_sitenote_note":"","_monsterinsights_sitenote_category":0,"site-sidebar-layout":"default","site-content-layout":"","ast-site-content-layout":"default","site-content-style":"default","site-sidebar-style":"default","ast-global-header-display":"","ast-banner-title-visibility":"","ast-main-header-display":"","ast-hfb-above-header-display":"","ast-hfb-below-header-display":"","ast-hfb-mobile-header-display":"","site-post-title":"","ast-breadcrumbs-content":"","ast-featured-img":"","footer-sml-layout":"","ast-disable-related-posts":"","theme-transparent-header-meta":"default","adv-header-id-meta":"","stick-header-meta":"","header-above-stick-meta":"","header-main-stick-meta":"","header-below-stick-meta":"","astra-migrate-meta-layouts":"set","ast-page-background-enabled":"default","ast-page-background-meta":{"desktop":{"background-color":"","background-image":"","background-repeat":"repeat","background-position":"center center","background-size":"auto","background-attachment":"scroll","background-type":"","background-media":"","overlay-type":"","overlay-color":"","overlay-opacity":"","overlay-gradient":""},"tablet":{"background-color":"","background-image":"","background-repeat":"repeat","background-position":"center center","background-size":"auto","background-attachment":"scroll","background-type":"","background-media":"","overlay-type":"","overlay-color":"","overlay-opacity":"","overlay-gradient":""},"mobile":{"background-color":"","background-image":"","background-repeat":"repeat","background-position":"center center","background-size":"auto","background-attachment":"scroll","background-type":"","background-media":"","overlay-type":"","overlay-color":"","overlay-opacity":"","overlay-gradient":""}},"ast-content-background-meta":{"desktop":{"background-color":"var(--ast-global-color-5)","background-image":"","background-repeat":"repeat","background-position":"center center","background-size":"auto","background-attachment":"scroll","background-type":"","background-media":"","overlay-type":"","overlay-color":"","overlay-opacity":"","overlay-gradient":""},"tablet":{"background-color":"var(--ast-global-color-5)","background-image":"","background-repeat":"repeat","background-position":"center center","background-size":"auto","background-attachment":"scroll","background-type":"","background-media":"","overlay-type":"","overlay-color":"","overlay-opacity":"","overlay-gradient":""},"mobile":{"background-color":"var(--ast-global-color-5)","background-image":"","background-repeat":"repeat","background-position":"center center","background-size":"auto","background-attachment":"scroll","background-type":"","background-media":"","overlay-type":"","overlay-color":"","overlay-opacity":"","overlay-gradient":""}},"_joinchat":{"telephone":"+8617776015835"}},"product_brand":[],"product_cat":[106,151,154,160,144,146,19,171],"product_tag":[165,97,166,94,139,180],"class_list":{"0":"post-3246","1":"product","2":"type-product","3":"status-publish","4":"has-post-thumbnail","6":"product_cat-10000-puff","7":"product_cat-buy-disposable-vapes-in-france","8":"product_cat-buy-disposable-vapes-in-netherlands","9":"product_cat-buy-disposable-vapes-in-switzerland","10":"product_cat-low-nicotine-disposable-vapes","11":"product_cat-rechargeable-disposable-vapes","12":"product_cat-vapes","13":"product_cat-vapsolo-disposable-vapes","14":"product_tag-cheap-vapes","15":"product_tag-hot-sale-disposable-vape","16":"product_tag-low-nicotine-vape","17":"product_tag-rechargeable-disposable-vape","18":"product_tag-vapsolo","19":"product_tag-vapsolo-king-10000","20":"desktop-align-left","21":"tablet-align-left","22":"mobile-align-left","24":"first","25":"instock","26":"sale","27":"shipping-taxable","28":"purchasable","29":"product-type-simple"},"acf":[],"uagb_featured_image_src":{"full":["https:\/\/vapestornado.com\/wp-content\/uploads\/2024\/12\/Disposable-Vape-Wholesale-Vapsolo-King-10000-Puffs.jpg",1000,1000,false],"thumbnail":["https:\/\/vapestornado.com\/wp-content\/uploads\/2024\/12\/Disposable-Vape-Wholesale-Vapsolo-King-10000-Puffs-150x150.jpg",150,150,true],"medium":["https:\/\/vapestornado.com\/wp-content\/uploads\/2024\/12\/Disposable-Vape-Wholesale-Vapsolo-King-10000-Puffs-300x300.jpg",300,300,true],"medium_large":["https:\/\/vapestornado.com\/wp-content\/uploads\/2024\/12\/Disposable-Vape-Wholesale-Vapsolo-King-10000-Puffs-768x768.jpg",768,768,true],"large":["https:\/\/vapestornado.com\/wp-content\/uploads\/2024\/12\/Disposable-Vape-Wholesale-Vapsolo-King-10000-Puffs.jpg",1000,1000,false],"1536x1536":["https:\/\/vapestornado.com\/wp-content\/uploads\/2024\/12\/Disposable-Vape-Wholesale-Vapsolo-King-10000-Puffs.jpg",1000,1000,false],"2048x2048":["https:\/\/vapestornado.com\/wp-content\/uploads\/2024\/12\/Disposable-Vape-Wholesale-Vapsolo-King-10000-Puffs.jpg",1000,1000,false],"trp-custom-language-flag":["https:\/\/vapestornado.com\/wp-content\/uploads\/2024\/12\/Disposable-Vape-Wholesale-Vapsolo-King-10000-Puffs.jpg",12,12,false],"woocommerce_thumbnail":["https:\/\/vapestornado.com\/wp-content\/uploads\/2024\/12\/Disposable-Vape-Wholesale-Vapsolo-King-10000-Puffs-300x300.jpg",300,300,true],"woocommerce_single":["https:\/\/vapestornado.com\/wp-content\/uploads\/2024\/12\/Disposable-Vape-Wholesale-Vapsolo-King-10000-Puffs-600x600.jpg",600,600,true],"woocommerce_gallery_thumbnail":["https:\/\/vapestornado.com\/wp-content\/uploads\/2024\/12\/Disposable-Vape-Wholesale-Vapsolo-King-10000-Puffs-100x100.jpg",100,100,true]},"uagb_author_info":{"display_name":"ESAMY","author_link":"https:\/\/vapestornado.com\/de\/author\/"},"uagb_comment_info":1,"uagb_excerpt":"Vapsolo King 10000 Puffs 2% 5% Low Nicotine Disposable Vape Bulk Buy Price Vapsolo King 10000 Puffs Rechargeable Disposable Vape Wholesale Cheap Factory Vapsolo King 10000 Puffs 2% 5% Low Nicotine Disposable Vape Add Amy's whatsapp get right reply and vape vape coupon! WhatsApp: +86 17776015835 &nbsp;","_links":{"self":[{"href":"https:\/\/vapestornado.com\/de\/wp-json\/wp\/v2\/product\/3246","targetHints":{"allow":["GET"]}}],"collection":[{"href":"https:\/\/vapestornado.com\/de\/wp-json\/wp\/v2\/product"}],"about":[{"href":"https:\/\/vapestornado.com\/de\/wp-json\/wp\/v2\/types\/product"}],"replies":[{"embeddable":true,"href":"https:\/\/vapestornado.com\/de\/wp-json\/wp\/v2\/comments?post=3246"}],"wp:featuredmedia":[{"embeddable":true,"href":"https:\/\/vapestornado.com\/de\/wp-json\/wp\/v2\/media\/3240"}],"wp:attachment":[{"href":"https:\/\/vapestornado.com\/de\/wp-json\/wp\/v2\/media?parent=3246"}],"wp:term":[{"taxonomy":"product_brand","embeddable":true,"href":"https:\/\/vapestornado.com\/de\/wp-json\/wp\/v2\/product_brand?post=3246"},{"taxonomy":"product_cat","embeddable":true,"href":"https:\/\/vapestornado.com\/de\/wp-json\/wp\/v2\/product_cat?post=3246"},{"taxonomy":"product_tag","embeddable":true,"href":"https:\/\/vapestornado.com\/de\/wp-json\/wp\/v2\/product_tag?post=3246"}],"curies":[{"name":"wp","href":"https:\/\/api.w.org\/{rel}","templated":true}]}}