{"id":3231,"date":"2024-12-18T09:42:32","date_gmt":"2024-12-18T09:42:32","guid":{"rendered":"https:\/\/vapestornado.com\/?post_type=product&#038;p=3231"},"modified":"2025-08-23T12:12:36","modified_gmt":"2025-08-23T12:12:36","slug":"wholesale-price-aivono-curved-smart-screen-35000-puffs-disposable-vape","status":"publish","type":"product","link":"https:\/\/vapestornado.com\/de\/product\/wholesale-price-aivono-curved-smart-screen-35000-puffs-disposable-vape\/","title":{"rendered":"Gro\u00dfhandelspreis AIVONO Curved Smart Screen 35000 Z\u00fcge Einweg-Vape"},"content":{"rendered":"<h1>Gro\u00dfhandelspreis AIVONO Curved Smart Screen 35000 Z\u00fcge Einweg-Vape<\/h1>\n<p>Der <strong data-start=\"346\" data-end=\"404\">AIVONO Curved Smart Screen 35000 Z\u00fcge Einweg-Vape<\/strong> wurde f\u00fcr Dampfer entwickelt, die Wert auf fortschrittliche Technologie, erstklassiges Design und langanhaltende Leistung legen. Mit bis zu <strong data-start=\"524\" data-end=\"540\">35.000 Z\u00fcge<\/strong>liefert dieses Ger\u00e4t eine zuverl\u00e4ssige <strong data-start=\"579\" data-end=\"622\">850mAh reiner Kobalt-Akku<\/strong> mit <strong data-start=\"628\" data-end=\"652\">Type-C-Schnellladung<\/strong>, der ein ununterbrochenes Dampfen gew\u00e4hrleistet. Seine <strong data-start=\"689\" data-end=\"726\">28ml vorgef\u00fcllte E-Liquid-Kapazit\u00e4t<\/strong> und verschiedene Nikotinst\u00e4rken (0%, 2%, 3%, 5%) machen es f\u00fcr ein breites Publikum geeignet.<\/p>\n<p>A <strong data-start=\"825\" data-end=\"848\">1.0\u03a9 Dual-Mesh-Spule<\/strong> sorgt f\u00fcr satten Geschmack und sanfte Wolken, w\u00e4hrend die <strong data-start=\"898\" data-end=\"927\">einstellbaren Leistungseinstellungen<\/strong> es Benutzern erm\u00f6glichen, die Dampfdichte und -intensit\u00e4t anzupassen. Der dynamische Curved <strong data-start=\"998\" data-end=\"1015\">intelligentes Display<\/strong> zeigt Batterielebensdauer und E-Liquid-St\u00e4nde in Echtzeit an, erg\u00e4nzt durch animierte Ladevisualisierungen und ein anpassbares beleuchtetes Logo.<\/p>\n<p>Mit seinem <strong data-start=\"1166\" data-end=\"1190\">schlanke, kompakte Bauweise<\/strong> und OEM\/ODM-Optionen machen den AIVONO Curved Smart Screen 35K ideal f\u00fcr Privatanwender und <strong data-start=\"1284\" data-end=\"1304\">Gro\u00dfhandelsk\u00e4ufer<\/strong> in ganz Europa. Es vereint Innovation, Langlebigkeit und Stil und ist eine herausragende Wahl f\u00fcr <strong data-start=\"1392\" data-end=\"1452\">Einzelh\u00e4ndler und Distributoren, die Einweg-Vapes in gro\u00dfen Mengen suchen<\/strong> zu wettbewerbsf\u00e4higen Preisen.<\/p>\n<figure id=\"attachment_3474\" aria-describedby=\"caption-attachment-3474\" style=\"width: 800px\" class=\"wp-caption alignnone\"><img fetchpriority=\"high\" decoding=\"async\" class=\"wp-image-3474 size-full\" src=\"https:\/\/vapestornado.com\/wp-content\/uploads\/2024\/12\/AIVONO-35k-puff-vape-Box.jpg\" alt=\"AIVONO 35k Zug Vape Box\" width=\"800\" height=\"800\" srcset=\"https:\/\/vapestornado.com\/wp-content\/uploads\/2024\/12\/AIVONO-35k-puff-vape-Box.jpg 800w, https:\/\/vapestornado.com\/wp-content\/uploads\/2024\/12\/AIVONO-35k-puff-vape-Box-300x300.jpg 300w, https:\/\/vapestornado.com\/wp-content\/uploads\/2024\/12\/AIVONO-35k-puff-vape-Box-150x150.jpg 150w, https:\/\/vapestornado.com\/wp-content\/uploads\/2024\/12\/AIVONO-35k-puff-vape-Box-768x768.jpg 768w, https:\/\/vapestornado.com\/wp-content\/uploads\/2024\/12\/AIVONO-35k-puff-vape-Box-600x600.jpg 600w, https:\/\/vapestornado.com\/wp-content\/uploads\/2024\/12\/AIVONO-35k-puff-vape-Box-100x100.jpg 100w\" sizes=\"(max-width: 800px) 100vw, 800px\" \/><figcaption id=\"caption-attachment-3474\" class=\"wp-caption-text\">AIVONO 35k Zug Vape Box<\/figcaption><\/figure>\n<p><img decoding=\"async\" class=\"wp-image-2951\" src=\"https:\/\/vapestornado.com\/wp-content\/uploads\/2024\/12\/Wholesale-Disposable-Vape-265x300.jpg\" alt=\"Einweg-Vape im Gro\u00dfhandel\" width=\"295\" height=\"334\" srcset=\"https:\/\/vapestornado.com\/wp-content\/uploads\/2024\/12\/Wholesale-Disposable-Vape-265x300.jpg 265w, https:\/\/vapestornado.com\/wp-content\/uploads\/2024\/12\/Wholesale-Disposable-Vape-768x871.jpg 768w, https:\/\/vapestornado.com\/wp-content\/uploads\/2024\/12\/Wholesale-Disposable-Vape-600x680.jpg 600w, https:\/\/vapestornado.com\/wp-content\/uploads\/2024\/12\/Wholesale-Disposable-Vape.jpg 823w\" sizes=\"(max-width: 295px) 100vw, 295px\" \/><\/p>\n<h6>F\u00fcr Rabattpreis kontaktieren Sie bitte Mandys WhatsApp<a href=\"https:\/\/wa.me\/8618077105796\" target=\"_blank\" rel=\"noopener\">+8618077105796<\/a><\/h6>\n<h2><strong>AIVONO Vape Curved Screen 35000 Puffs \u2013 Wichtige Spezifikationen<\/strong><\/h2>\n<div class=\"flex max-w-full flex-col flex-grow\">\n<div class=\"min-h-8 text-message flex w-full flex-col items-end gap-2 whitespace-normal break-words text-start [.text-message+&amp;]:mt-5\" dir=\"auto\" data-message-author-role=\"assistant\" data-message-id=\"cdb991c0-f594-4bff-b2d5-fbbdd7ce9e54\" data-message-model-slug=\"gpt-4o-mini\">\n<div class=\"flex w-full flex-col gap-1 empty:hidden first:pt-[3px]\">\n<div class=\"markdown prose w-full break-words dark:prose-invert light\">\n<ul>\n<li><strong>Z\u00fcge:<\/strong> Bis zu 35.000 Z\u00fcge<\/li>\n<li><strong>E-Liquid-Kapazit\u00e4t:<\/strong> 28ml<\/li>\n<li><strong>Batterie:<\/strong> 17350 reines Kobalt, 850mAh (Wiederaufladbar, Typ-C)<\/li>\n<li><strong>Widerstand der Spule:<\/strong> 1.0\u03a9 Dual-Mesh-Spule<\/li>\n<li><strong>Nikotinoptionen:<\/strong> 5%, 3%, 2%, 0%<\/li>\n<li><strong>Bildschirmfunktionen:<\/strong> Indikatorleuchten f\u00fcr E-Liquid und Batterie, anpassbares beleuchtetes Logo<\/li>\n<li><strong>Anzeige:<\/strong> Gebogener dynamischer Bildschirm mit Lade- und Dampfanimationseffekten<\/li>\n<li><strong>Einstellbare Leistung:<\/strong> Unterst\u00fctzt Geschmacks- und Dampfregulierung<\/li>\n<li><strong>Design:<\/strong> Kompakte Gr\u00f6\u00dfe (55*95mm), unterst\u00fctzt OEM\/ODM-Anpassung<\/li>\n<\/ul>\n<\/div>\n<\/div>\n<\/div>\n<\/div>\n<div class=\"mb-2 flex gap-3 empty:hidden -ml-2\">\n<div class=\"items-center justify-start rounded-xl p-1 flex\"><\/div>\n<\/div>\n<h2><strong>Gro\u00dfhandel Vapes AIVONO Curved Screen 35k Puff Geschmacksliste:<\/strong><\/h2>\n<p>1.AIM FLASH: Erdbeereis<br \/>\n2.AIM FLASH: Erdbeer-Wassermelone<br \/>\n3.AIM FLASH: Kirsch-Himbeere<br \/>\n4.AIM FLASH: Blauer Himbeereis<br \/>\n5.AIM FLASH: Zitrone<br \/>\n6.AIM FLASH: Pfirsichsaft<br \/>\n7.AIM FLASH: Heidelbeere-Traube<br \/>\n8.AIM FLASH:Wassermelone Eis<br \/>\n9.AIM FLASH:Apfelbeere<br \/>\n10.AIM FLASH:Mango Ananas<br \/>\n11.AIM FLASH:Blaue Ranch<br \/>\n12.AIM FLASH:Erdbeereis<br \/>\n13.AIM FLASH:Traube<br \/>\n14.AIM FLASH:Gemischte Beeren<br \/>\n15.AIM FLASH:Erdbeere Kiwi Eis<\/p>\n<div role=\"article\" data-tabster=\"{&quot;groupper&quot;:{&quot;tabbability&quot;:2},&quot;focusable&quot;:{}}\" data-content=\"ai-message\" aria-labelledby=\"dARUyEWDoEYhnSPXFwx5A-author dARUyEWDoEYhnSPXFwx5A-content\">\n<div id=\"dARUyEWDoEYhnSPXFwx5A-content\">\n<h3>Warum das AIVONO Curved Smart Screen 35000 Puffs w\u00e4hlen bei <a href=\"https:\/\/vapestornado.com\/de\/store\/\">vapestornado.de<\/a>?<\/h3>\n<ol>\n<li><strong>Premium Qualit\u00e4t und Leistung<\/strong><br \/>\nDer AIVONO Curved Smart Screen 35000 Puffs Einweg-Vape bietet ein au\u00dfergew\u00f6hnliches Dampferlebnis mit bis zu 35.000 Z\u00fcgen. Angetrieben von einem wiederaufladbaren 850mAh Akku mit hoher Kapazit\u00e4t, bietet er konstante Leistung und \u00fcberlegene Langlebigkeit.<\/li>\n<li><strong>Fortschrittliche Funktionen f\u00fcr ein \u00fcberragendes Erlebnis<\/strong><br \/>\nAusgestattet mit einer 1,0\u03a9 Dual-Mesh-Spule, sorgt dieses Ger\u00e4t f\u00fcr eine sanfte Dampfproduktion und einen reichen Geschmack bei jedem Zug. Der gebogene dynamische Smart Screen liefert Echtzeit-Updates \u00fcber E-Liquid- und Akkust\u00e4nde, w\u00e4hrend das anpassbare beleuchtete Logo einen Hauch von Raffinesse hinzuf\u00fcgt.<\/li>\n<li><strong>Ma\u00dfgeschneidert f\u00fcr jeden Dampfer<\/strong><br \/>\nMit mehreren Nikotinoptionen (5%, 3%, 2%, 0%) erf\u00fcllt der AIVONO Vape eine Vielzahl von Vorlieben und stellt sicher, dass f\u00fcr jeden Dampfer die ideale Wahl dabei ist.<\/li>\n<li><strong>Schlankes, kompaktes Design<\/strong><br \/>\nEntwickelt mit Blick auf Bequemlichkeit, verf\u00fcgt der AIVONO Curved Smart Screen Vape \u00fcber einen kompakten 55*95mm Formfaktor, was ihn leicht tragbar macht, w\u00e4hrend er ein stilvolles und modernes Aussehen beibeh\u00e4lt.<\/li>\n<li><strong>Exklusive Verf\u00fcgbarkeit bei vapestornado.com<\/strong><br \/>\nvapestornado.com bietet exklusiven Zugang zum AIVONO Curved Smart Screen 35000 Puffs, was wettbewerbsf\u00e4hige Preise, schnellen Versand und exzellenten Kundenservice f\u00fcr Kunden in Deutschland und dar\u00fcber hinaus gew\u00e4hrleistet.<\/li>\n<li><strong>Ideal f\u00fcr Dampfer in Deutschland<\/strong><br \/>\nMit seinem innovativen Design und seiner erstklassigen Leistung ist der AIVONO Curved Smart Screen Vape perfekt auf den anspruchsvollen Geschmack von Dampfern in Deutschland zugeschnitten, indem er High-End-Technologie und Langlebigkeit in einem Ger\u00e4t vereint.<\/li>\n<\/ol>\n<\/div>\n<\/div>\n<h3>H\u00e4ufig gestellte Fragen zum AIVONO Curved Smart Screen 35000 Puffs<\/h3>\n<p><strong>F: Wie viele Z\u00fcge kann ich vom AIVONO Curved Smart Screen 35000 Puffs erwarten?<\/strong><br \/>\n<strong>A:<\/strong> Der AIVONO Curved Smart Screen bietet bis zu <strong>35.000 Z\u00fcge<\/strong>, was ein langanhaltendes und befriedigendes Dampferlebnis gew\u00e4hrleistet.<\/p>\n<p><strong>F: Wie hoch ist die Akkukapazit\u00e4t des 35k Zug AIVONO CurvedScreen Vapes?<\/strong><br \/>\n<strong>A:<\/strong> Das Ger\u00e4t wird von einem <strong>17350 reinen Kobalt-Wiederaufladbaren Akku<\/strong> mit einer Kapazit\u00e4t von <strong>850mAh<\/strong>, bietet zuverl\u00e4ssige Leistung und lange Akkulaufzeit.<\/p>\n<p><strong>F: Unterst\u00fctzt der AIVONO Screen Vape 35k puff das Laden \u00fcber USB-C?<\/strong><br \/>\n<strong>A:<\/strong> Ja, das Ger\u00e4t verf\u00fcgt \u00fcber ein <strong>Typ-C-Ladeanschluss<\/strong>, was ein schnelles und bequemes Aufladen erm\u00f6glicht.<\/p>\n<p><strong>F: Welche Art von Coil verwendet der AIVONO Curved Screen 35k puffs?<\/strong><br \/>\n<strong>A:<\/strong> Diese Vape verwendet ein <strong>1.0\u03a9 Dual-Mesh-Spule<\/strong>, was eine gleichm\u00e4\u00dfige und konsistente Dampfproduktion sowie reichhaltige und geschmackvolle Z\u00fcge gew\u00e4hrleistet.<\/p>\n<p><strong>F: Wie kann ich den E-Liquid- und Akkustand des AIVONO Curved Smart Screen 35000 Vape Bar \u00fcberpr\u00fcfen?<\/strong><br \/>\n<strong>A:<\/strong> Das Ger\u00e4t verf\u00fcgt \u00fcber einen <strong>gekr\u00fcmmter dynamischer Smart-Bildschirm<\/strong> der den E-Liquid- und Akkustand in Echtzeit anzeigt, sodass Sie immer wissen, wann Sie aufladen oder nachf\u00fcllen m\u00fcssen.<\/p>\n<p><strong>F: Was macht die AIVONO Curved Smart Screen 35k Vapes zum idealen Preis f\u00fcr europ\u00e4ische Dampfer?<\/strong><br \/>\n<strong>A:<\/strong> Der AIVONO Curved 35k puff Vape kombiniert modernste Technologie, schlankes Design und mehrere Nikotinoptionen, was ihn zur perfekten Wahl f\u00fcr die anspruchsvollen Vorlieben europ\u00e4ischer Dampfer macht.<\/p>","protected":false},"excerpt":{"rendered":"<p>AIVONO Curved Smart Screen 35000 Puff Vape Pods: Premium Einweg-Vape, 35.000 Z\u00fcge, anpassbare Funktionen, dualer Mesh-Coil, Typ-C-Laden, ideal f\u00fcr Dampfer in Deutschland.<\/p>\n<figure id=\"attachment_2951\" aria-describedby=\"caption-attachment-2951\" style=\"width: 265px\" class=\"wp-caption alignnone\"><img decoding=\"async\" class=\"size-medium wp-image-2951\" src=\"https:\/\/vapestornado.com\/wp-content\/uploads\/2024\/12\/Wholesale-Disposable-Vape-265x300.jpg\" alt=\"Einweg-Vape im Gro\u00dfhandel\" width=\"265\" height=\"300\" srcset=\"https:\/\/vapestornado.com\/wp-content\/uploads\/2024\/12\/Wholesale-Disposable-Vape-265x300.jpg 265w, https:\/\/vapestornado.com\/wp-content\/uploads\/2024\/12\/Wholesale-Disposable-Vape-768x871.jpg 768w, https:\/\/vapestornado.com\/wp-content\/uploads\/2024\/12\/Wholesale-Disposable-Vape-600x680.jpg 600w, https:\/\/vapestornado.com\/wp-content\/uploads\/2024\/12\/Wholesale-Disposable-Vape.jpg 823w\" sizes=\"(max-width: 265px) 100vw, 265px\" \/><figcaption id=\"caption-attachment-2951\" class=\"wp-caption-text\">F\u00fcr Rabattpreis kontaktieren Sie bitte Mandys WhatsApp\u00a0 <a href=\"https:\/\/wa.me\/8618077105796\">+8618077105796<\/a><\/figcaption><\/figure>\n<p>&nbsp;<\/p>","protected":false},"featured_media":3479,"comment_status":"open","ping_status":"closed","template":"","meta":{"_acf_changed":false,"_uag_custom_page_level_css":"","_lmt_disableupdate":"no","_lmt_disable":"","_monsterinsights_skip_tracking":false,"_monsterinsights_sitenote_active":false,"_monsterinsights_sitenote_note":"","_monsterinsights_sitenote_category":0,"site-sidebar-layout":"default","site-content-layout":"","ast-site-content-layout":"default","site-content-style":"default","site-sidebar-style":"default","ast-global-header-display":"","ast-banner-title-visibility":"","ast-main-header-display":"","ast-hfb-above-header-display":"","ast-hfb-below-header-display":"","ast-hfb-mobile-header-display":"","site-post-title":"","ast-breadcrumbs-content":"","ast-featured-img":"","footer-sml-layout":"","ast-disable-related-posts":"","theme-transparent-header-meta":"default","adv-header-id-meta":"","stick-header-meta":"","header-above-stick-meta":"","header-main-stick-meta":"","header-below-stick-meta":"","astra-migrate-meta-layouts":"set","ast-page-background-enabled":"default","ast-page-background-meta":{"desktop":{"background-color":"","background-image":"","background-repeat":"repeat","background-position":"center center","background-size":"auto","background-attachment":"scroll","background-type":"","background-media":"","overlay-type":"","overlay-color":"","overlay-opacity":"","overlay-gradient":""},"tablet":{"background-color":"","background-image":"","background-repeat":"repeat","background-position":"center center","background-size":"auto","background-attachment":"scroll","background-type":"","background-media":"","overlay-type":"","overlay-color":"","overlay-opacity":"","overlay-gradient":""},"mobile":{"background-color":"","background-image":"","background-repeat":"repeat","background-position":"center center","background-size":"auto","background-attachment":"scroll","background-type":"","background-media":"","overlay-type":"","overlay-color":"","overlay-opacity":"","overlay-gradient":""}},"ast-content-background-meta":{"desktop":{"background-color":"var(--ast-global-color-5)","background-image":"","background-repeat":"repeat","background-position":"center center","background-size":"auto","background-attachment":"scroll","background-type":"","background-media":"","overlay-type":"","overlay-color":"","overlay-opacity":"","overlay-gradient":""},"tablet":{"background-color":"var(--ast-global-color-5)","background-image":"","background-repeat":"repeat","background-position":"center center","background-size":"auto","background-attachment":"scroll","background-type":"","background-media":"","overlay-type":"","overlay-color":"","overlay-opacity":"","overlay-gradient":""},"mobile":{"background-color":"var(--ast-global-color-5)","background-image":"","background-repeat":"repeat","background-position":"center center","background-size":"auto","background-attachment":"scroll","background-type":"","background-media":"","overlay-type":"","overlay-color":"","overlay-opacity":"","overlay-gradient":""}},"_joinchat":{"telephone":"+8618077105796"}},"product_brand":[],"product_cat":[175,176,140,153,157],"product_tag":[177,97],"class_list":{"0":"post-3231","1":"product","2":"type-product","3":"status-publish","4":"has-post-thumbnail","6":"product_cat-35000-puff","7":"product_cat-aivono-vape","8":"product_cat-big-puffs-disposable-vapes","9":"product_cat-buy-disposable-vapes-in-italy","10":"product_cat-buy-disposable-vapes-in-portugal","11":"product_tag-aivono-35000-puffs","12":"product_tag-hot-sale-disposable-vape","13":"desktop-align-left","14":"tablet-align-left","15":"mobile-align-left","17":"first","18":"instock","19":"sale","20":"shipping-taxable","21":"purchasable","22":"product-type-simple"},"acf":[],"uagb_featured_image_src":{"full":["https:\/\/vapestornado.com\/wp-content\/uploads\/2024\/12\/AIVONO-35000-Puffs-Good-Sale-Vape.jpg",800,800,false],"thumbnail":["https:\/\/vapestornado.com\/wp-content\/uploads\/2024\/12\/AIVONO-35000-Puffs-Good-Sale-Vape-150x150.jpg",150,150,true],"medium":["https:\/\/vapestornado.com\/wp-content\/uploads\/2024\/12\/AIVONO-35000-Puffs-Good-Sale-Vape-300x300.jpg",300,300,true],"medium_large":["https:\/\/vapestornado.com\/wp-content\/uploads\/2024\/12\/AIVONO-35000-Puffs-Good-Sale-Vape-768x768.jpg",768,768,true],"large":["https:\/\/vapestornado.com\/wp-content\/uploads\/2024\/12\/AIVONO-35000-Puffs-Good-Sale-Vape.jpg",800,800,false],"1536x1536":["https:\/\/vapestornado.com\/wp-content\/uploads\/2024\/12\/AIVONO-35000-Puffs-Good-Sale-Vape.jpg",800,800,false],"2048x2048":["https:\/\/vapestornado.com\/wp-content\/uploads\/2024\/12\/AIVONO-35000-Puffs-Good-Sale-Vape.jpg",800,800,false],"trp-custom-language-flag":["https:\/\/vapestornado.com\/wp-content\/uploads\/2024\/12\/AIVONO-35000-Puffs-Good-Sale-Vape.jpg",12,12,false],"woocommerce_thumbnail":["https:\/\/vapestornado.com\/wp-content\/uploads\/2024\/12\/AIVONO-35000-Puffs-Good-Sale-Vape-300x300.jpg",300,300,true],"woocommerce_single":["https:\/\/vapestornado.com\/wp-content\/uploads\/2024\/12\/AIVONO-35000-Puffs-Good-Sale-Vape-600x600.jpg",600,600,true],"woocommerce_gallery_thumbnail":["https:\/\/vapestornado.com\/wp-content\/uploads\/2024\/12\/AIVONO-35000-Puffs-Good-Sale-Vape-100x100.jpg",100,100,true]},"uagb_author_info":{"display_name":"ESMANDY","author_link":"https:\/\/vapestornado.com\/de\/author\/"},"uagb_comment_info":0,"uagb_excerpt":"AIVONO Curved Smart Screen 35000 Puff\u00a0 vape pods : Premium disposable vape, 35,000 puffs, customizable features, dual mesh coil, Type-C charging, ideal for European vapers. [caption id=\"attachment_2951\" align=\"alignnone\" width=\"265\"] Pls Contact Mandy's WhatsApp For Discount Price\u00a0 +8618077105796[\/caption] &nbsp;","_links":{"self":[{"href":"https:\/\/vapestornado.com\/de\/wp-json\/wp\/v2\/product\/3231","targetHints":{"allow":["GET"]}}],"collection":[{"href":"https:\/\/vapestornado.com\/de\/wp-json\/wp\/v2\/product"}],"about":[{"href":"https:\/\/vapestornado.com\/de\/wp-json\/wp\/v2\/types\/product"}],"replies":[{"embeddable":true,"href":"https:\/\/vapestornado.com\/de\/wp-json\/wp\/v2\/comments?post=3231"}],"wp:featuredmedia":[{"embeddable":true,"href":"https:\/\/vapestornado.com\/de\/wp-json\/wp\/v2\/media\/3479"}],"wp:attachment":[{"href":"https:\/\/vapestornado.com\/de\/wp-json\/wp\/v2\/media?parent=3231"}],"wp:term":[{"taxonomy":"product_brand","embeddable":true,"href":"https:\/\/vapestornado.com\/de\/wp-json\/wp\/v2\/product_brand?post=3231"},{"taxonomy":"product_cat","embeddable":true,"href":"https:\/\/vapestornado.com\/de\/wp-json\/wp\/v2\/product_cat?post=3231"},{"taxonomy":"product_tag","embeddable":true,"href":"https:\/\/vapestornado.com\/de\/wp-json\/wp\/v2\/product_tag?post=3231"}],"curies":[{"name":"wp","href":"https:\/\/api.w.org\/{rel}","templated":true}]}}