{"id":3223,"date":"2024-12-18T08:28:53","date_gmt":"2024-12-18T08:28:53","guid":{"rendered":"https:\/\/vapestornado.com\/?post_type=product&#038;p=3223"},"modified":"2025-08-23T12:21:59","modified_gmt":"2025-08-23T12:21:59","slug":"vapsolo-triple-30000-puffs-3-flavors-in-1-rechargeable-disposable-vapes-pen-bulk-buy-wholesale","status":"publish","type":"product","link":"https:\/\/vapestornado.com\/de\/product\/vapsolo-triple-30000-puffs-3-flavors-in-1-rechargeable-disposable-vapes-pen-bulk-buy-wholesale\/","title":{"rendered":"Vapsolo Triple 30000 Z\u00fcge 3 Geschmacksrichtungen in 1 Wiederaufladbarer Einweg Vape Pen Gro\u00dfhandel"},"content":{"rendered":"<h1 class=\"product-title\">Vapsolo Triple 30000 Z\u00fcge 3 Geschmacksrichtungen in 1 Wiederaufladbarer Einweg Vape Pen Gro\u00dfhandel<\/h1>\n<p>Der <strong>Vapsolo Dreifach 30000<\/strong> revolutioniert das Dampferlebnis mit seinem einzigartigen <strong>3 Geschmacksrichtungen in 1 Einweg-E-Zigarette<\/strong> Design. Genie\u00dfen Sie bis zu <strong>30.000 Z\u00fcge<\/strong> mit nahtlosem Wechsel zwischen drei verschiedenen Geschmacksrichtungen, alles in einem schlanken, wiederaufladbaren Ger\u00e4t. Ausgestattet mit <strong>dreifachen Mesh-Coils<\/strong> f\u00fcr verbesserte Geschmacks- und Dampfproduktion sorgt dieses Ger\u00e4t daf\u00fcr, dass jeder Zug sanft und befriedigend ist.<\/p>\n<p>Mit einem <strong>45 ml E-Liquid-Kapazit\u00e4t<\/strong> (15 ml pro Geschmacksrichtung), die <strong>Vapsolo Dreifach 30000<\/strong> minimiert die Notwendigkeit f\u00fcr Nachf\u00fcllungen, w\u00e4hrend die <strong>650mAh wiederaufladbarer Akku<\/strong> mit <strong>Type-C-Schnellladung<\/strong> garantiert eine konstante Leistung. Das eingebaute <strong>LCD-Display<\/strong> h\u00e4lt Sie \u00fcber den E-Liquid-Stand, die Akkulaufzeit und die Geschmackseinstellungen f\u00fcr ultimative Kontrolle auf dem Laufenden.<\/p>\n<p>Erh\u00e4ltlich in <strong>2% und 5% Optionen mit niedrigem Nikotingehalt<\/strong>, dies <strong>Top Einweg-Vape<\/strong> ist perfekt f\u00fcr Gelegenheits- und erfahrene Dampfer gleicherma\u00dfen. Sein <strong>Gro\u00dfhandel Einweg-Vape<\/strong> Die Preisgestaltung macht es zu einer kosteng\u00fcnstigen Option f\u00fcr Gro\u00dfeink\u00e4ufer, um sicherzustellen, dass Sie qualitativ hochwertige Funktionen zu einem <strong>billigen Vape<\/strong> Preis erhalten.<\/p>\n<p>&nbsp;<\/p>\n<p><strong>F\u00fcgen Sie Amy auf WhatsApp hinzu, um eine direkte Antwort und einen Vape-Gutschein zu erhalten!<\/strong><\/p>\n<p><img fetchpriority=\"high\" decoding=\"async\" class=\"size-full wp-image-2932\" src=\"https:\/\/vapestornado.com\/wp-content\/uploads\/2024\/12\/Vape-Wholesale.jpg\" alt=\"Vape-Gro\u00dfhandel\" width=\"229\" height=\"300\" \/><\/p>\n<h3><a href=\"https:\/\/wa.me\/8617776015835\" target=\"_blank\" rel=\"noopener\"><span style=\"color: #ff0000;\"><strong>WhatsApp: +86 17776015835<\/strong><\/span><\/a><\/h3>\n<p>&nbsp;<\/p>\n<h2><strong>Vapsolo Triple 30000 Puffs Produkteigenschaften<\/strong><\/h2>\n<div role=\"article\" data-tabster=\"{&quot;groupper&quot;:{&quot;tabbability&quot;:2},&quot;focusable&quot;:{}}\" data-content=\"ai-message\" aria-labelledby=\"juhNTJ6o7Gk1cgwZMJgv2-author juhNTJ6o7Gk1cgwZMJgv2-content\">\n<div id=\"juhNTJ6o7Gk1cgwZMJgv2-content\">\n<div role=\"article\" data-tabster=\"{&quot;groupper&quot;:{&quot;tabbability&quot;:2},&quot;focusable&quot;:{}}\" data-content=\"ai-message\" aria-labelledby=\"x4EZuCZWrTbh3weWUt7CU-author x4EZuCZWrTbh3weWUt7CU-content\">\n<div id=\"x4EZuCZWrTbh3weWUt7CU-content\">\n<h3><\/h3>\n<ol>\n<li><strong>30.000 Z\u00fcge:<\/strong> Massive Zuganzahl f\u00fcr l\u00e4ngere Dampfsitzungen.<\/li>\n<li><strong>3 Geschmacksrichtungen in 1 Design:<\/strong> Wechseln Sie m\u00fchelos zwischen drei k\u00f6stlichen Geschmacksrichtungen.<\/li>\n<li><strong>Dreifach-Mesh-Coils:<\/strong> Verbesserte Geschmacks- und Dampfproduktion.<\/li>\n<li><strong>Wiederaufladbarer Akku:<\/strong> 650mAh Akku mit schnellem Typ-C-Aufladen.<\/li>\n<li><strong>45ml E-Liquid Kapazit\u00e4t:<\/strong> Reichlich Fl\u00fcssigkeitsspeicher mit 15ml pro Geschmacksrichtung.<\/li>\n<li><strong>LCD-Anzeige:<\/strong> Echtzeit\u00fcberwachung von Z\u00fcgen, Batterie und Geschmackseinstellungen.<\/li>\n<li><strong>Optionen mit niedrigem Nikotingehalt:<\/strong> Erh\u00e4ltlich in 2% und 5% f\u00fcr anpassbare Nikotinst\u00e4rken.<\/li>\n<li><strong>Dauerhaft<\/strong> Leichtes, kompaktes Design f\u00fcr das Dampfen unterwegs.<\/li>\n<li><strong>Gro\u00dfhandelsbereit:<\/strong> Erschwingliche Gro\u00dfhandelspreise f\u00fcr Einzelh\u00e4ndler und Wiederverk\u00e4ufer.<\/li>\n<li><strong>10 Geschmackskombinationen:<\/strong> Breite Palette an Geschmacksoptionen f\u00fcr jeden Gaumen.<\/li>\n<\/ol>\n<figure id=\"attachment_3224\" aria-describedby=\"caption-attachment-3224\" style=\"width: 600px\" class=\"wp-caption alignnone\"><img decoding=\"async\" class=\"wp-image-3224\" src=\"https:\/\/vapestornado.com\/wp-content\/uploads\/2024\/12\/Vapsolo-Triple-30000-Puffs-3-Flavors-in-1-Disposable-Vape-300x300.jpg\" alt=\"Vapsolo Triple 30000 Z\u00fcge 3 Geschmacksrichtungen in 1 Einweg-Vape\" width=\"600\" height=\"600\" srcset=\"https:\/\/vapestornado.com\/wp-content\/uploads\/2024\/12\/Vapsolo-Triple-30000-Puffs-3-Flavors-in-1-Disposable-Vape-300x300.jpg 300w, https:\/\/vapestornado.com\/wp-content\/uploads\/2024\/12\/Vapsolo-Triple-30000-Puffs-3-Flavors-in-1-Disposable-Vape-1024x1024.jpg 1024w, https:\/\/vapestornado.com\/wp-content\/uploads\/2024\/12\/Vapsolo-Triple-30000-Puffs-3-Flavors-in-1-Disposable-Vape-150x150.jpg 150w, https:\/\/vapestornado.com\/wp-content\/uploads\/2024\/12\/Vapsolo-Triple-30000-Puffs-3-Flavors-in-1-Disposable-Vape-768x768.jpg 768w, https:\/\/vapestornado.com\/wp-content\/uploads\/2024\/12\/Vapsolo-Triple-30000-Puffs-3-Flavors-in-1-Disposable-Vape-600x600.jpg 600w, https:\/\/vapestornado.com\/wp-content\/uploads\/2024\/12\/Vapsolo-Triple-30000-Puffs-3-Flavors-in-1-Disposable-Vape-100x100.jpg 100w, https:\/\/vapestornado.com\/wp-content\/uploads\/2024\/12\/Vapsolo-Triple-30000-Puffs-3-Flavors-in-1-Disposable-Vape.jpg 1126w\" sizes=\"(max-width: 600px) 100vw, 600px\" \/><figcaption id=\"caption-attachment-3224\" class=\"wp-caption-text\">Vapsolo Triple 30000 Z\u00fcge 3 Geschmacksrichtungen in 1 Einweg-Vape<\/figcaption><\/figure>\n<\/div>\n<\/div>\n<\/div>\n<\/div>\n<h2 class=\"product-title\"><strong>Vapsolo Triple 30000 Z\u00fcge Geschmacksliste<\/strong><\/h2>\n<p>1.Wassermelone-Eis<br \/>\n2.Zitrone-Limette<br \/>\n3. Erdbeer-Banane<br \/>\n4. Erdbeer-Kiwi<br \/>\n5. Tropische Fr\u00fcchte<br \/>\n6. Ananas-Kokosnuss<br \/>\n7. Erdbeer-Himbeere<br \/>\n8. Himbeer-Wassermelone<br \/>\n9. Erdbeer-Vanille-Cola<br \/>\n10. Wassermelonen-Eis<\/p>\n<h3>Warum Vapestornado f\u00fcr Vapsolo 30000 Puffs Vape Gro\u00dfhandel w\u00e4hlen?<\/h3>\n<div class=\"flex-shrink-0 flex flex-col relative items-end\">\n<div class=\"pt-0\">\n<div class=\"gizmo-bot-avatar flex h-8 w-8 items-center justify-center overflow-hidden rounded-full\">\n<div class=\"relative p-1 rounded-sm flex items-center justify-center bg-token-main-surface-primary text-token-text-primary h-8 w-8\">\n<p>Willkommen bei vapestornado, Ihrem vertrauensw\u00fcrdigen Online-Vape-Shop f\u00fcr Premium-Einweg-Vapes. Mit mehr als 5 Jahren Erfahrung bieten wir Ihnen beliebte Einweg-Vape-Marken wie Fumot RandM Vape, <a href=\"https:\/\/vapestornado.com\/de\/product\/vapme-crystal-7000-puffs-rechargeable-disposable-vape-wholesale-cheap-price\/\">Vapme<\/a>, Bang Vape, Waspe Vape und WGA Vape usw.<\/p>\n<p>Unser Sortiment umfasst hei\u00df verkaufte Vapes wie den <a href=\"https:\/\/vapestornado.com\/de\/product\/fumot-randm-tornado-15000-puffs-rechargeable-disposable-vape-wholesale\/\">RandM Tornado 15000<\/a>, und geschmacksreiche Optionen wie den <a href=\"https:\/\/vapestornado.com\/de\/product\/vapsolo-dg-18000-puffs-smart-screen-wholesale-disposable-cheap-vapes\/\">\u00a0Vapsolo DG18000 Z\u00fcge<\/a> . Jedes Produkt wird mit Fokus auf Qualit\u00e4t, Wert und Vielfalt ausgew\u00e4hlt, um sicherzustellen, dass Sie die perfekte \u00dcbereinstimmung f\u00fcr Ihre Bed\u00fcrfnisse finden. Entdecken Sie au\u00dfergew\u00f6hnlichen Service und eine breite Palette an Spitzenprodukten zum Gro\u00dfhandelspreis bei vapestornado.<\/p>\n<\/div>\n<h3><\/h3>\n<div class=\"relative p-1 rounded-sm flex items-center justify-center bg-token-main-surface-primary text-token-text-primary h-8 w-8\">\n<h3>FAQs f\u00fcr Vapsolo Triple 30000 Puffs Einweg-Vape<\/h3>\n<\/div>\n<\/div>\n<\/div>\n<\/div>\n<div class=\"flex-shrink-0 flex flex-col relative items-end\">\n<div class=\"pt-0\">\n<div class=\"gizmo-bot-avatar flex h-8 w-8 items-center justify-center overflow-hidden rounded-full\">\n<div class=\"relative p-1 rounded-sm flex items-center justify-center bg-token-main-surface-primary text-token-text-primary h-8 w-8\">\n<div class=\"mb-2 flex gap-3 empty:hidden -ml-2\">\n<div role=\"article\" data-tabster=\"{&quot;groupper&quot;:{&quot;tabbability&quot;:2},&quot;focusable&quot;:{}}\" data-content=\"ai-message\" aria-labelledby=\"Vdt5ez4X7Tg813x6rFVha-author Vdt5ez4X7Tg813x6rFVha-content\">\n<div id=\"Vdt5ez4X7Tg813x6rFVha-content\">\n<div role=\"article\" data-tabster=\"{&quot;groupper&quot;:{&quot;tabbability&quot;:2},&quot;focusable&quot;:{}}\" data-content=\"ai-message\" aria-labelledby=\"o968oC7CEo2fGHsGdsRYC-author o968oC7CEo2fGHsGdsRYC-content\">\n<div id=\"o968oC7CEo2fGHsGdsRYC-content\">\n<h3><\/h3>\n<ol>\n<li><strong>Was macht den Vapsolo Triple 30000 einzigartig?<\/strong><br \/>\nEr bietet <strong>3 Geschmacksrichtungen in 1 Einweg-Vape<\/strong>, wodurch Benutzer m\u00fchelos zwischen drei verschiedenen Geschmacksrichtungen wechseln k\u00f6nnen.<\/li>\n<li><strong>Wie lange h\u00e4lt das Ger\u00e4t?<\/strong><br \/>\nMit einem <strong>30.000 Z\u00fcge Kapazit\u00e4t<\/strong> und einem <strong>650mAh wiederaufladbarer Akku<\/strong>, es ist f\u00fcr den l\u00e4ngeren Gebrauch konzipiert.<\/li>\n<li><strong>Wo kann ich diesen Vape zu Gro\u00dfhandelspreisen kaufen?<\/strong><br \/>\nKaufen Sie den <strong>Vapsolo Dreifach 30000<\/strong> bei vapestornado<strong>\u00a0Online-Vape-Shop<\/strong>, eine vertrauensw\u00fcrdige Quelle f\u00fcr <strong>Gro\u00dfhandel Einweg-Vapes<\/strong>.<\/li>\n<li><strong>Unterst\u00fctzt das Ger\u00e4t schnelles Aufladen?<\/strong><br \/>\nJa, es wird mit einem <strong>Typ-C-Ladeanschluss<\/strong> zum schnellen und effizienten Aufladen geliefert.<\/li>\n<li><strong>Welche Nikotinst\u00e4rken sind verf\u00fcgbar?<\/strong><br \/>\nDas Ger\u00e4t ist in <strong>2%- und 5%-Optionen mit niedrigem Nikotingehalt erh\u00e4ltlich,<\/strong> um verschiedenen Vorlieben gerecht zu werden.<\/li>\n<\/ol>\n<\/div>\n<\/div>\n<\/div>\n<\/div>\n<\/div>\n<\/div>\n<\/div>\n<\/div>\n<\/div>","protected":false},"excerpt":{"rendered":"<p>Beste Vapsolo Triple 30000 Z\u00fcge 2% 5% Einweg-E-Zigarette mit niedrigem Nikotingehalt zum Gro\u00dfhandelspreis<br \/>\nVapsolo Triple 30000 Z\u00fcge Wiederaufladbare Einweg-E-Zigarette Gro\u00dfhandel<br \/>\nG\u00fcnstige Fabrik Vapsolo Triple 30000 Z\u00fcge 2% 5% Einweg-E-Zigarette mit niedrigem Nikotingehalt<\/p>\n<p><strong>F\u00fcge Amy auf WhatsApp hinzu, um sofort eine Antwort und einen Vape-Gutschein zu erhalten!<\/strong><\/p>\n<p><img fetchpriority=\"high\" decoding=\"async\" class=\"size-full wp-image-2932\" src=\"https:\/\/vapestornado.com\/wp-content\/uploads\/2024\/12\/Vape-Wholesale.jpg\" alt=\"Vape-Gro\u00dfhandel\" width=\"229\" height=\"300\" \/><\/p>\n<h3><a href=\"https:\/\/wa.me\/8617776015835\"><span style=\"color: #ff0000;\"><strong>WhatsApp: +86 17776015835<\/strong><\/span><\/a><\/h3>\n<p>&nbsp;<\/p>","protected":false},"featured_media":3230,"comment_status":"open","ping_status":"closed","template":"","meta":{"_acf_changed":false,"_uag_custom_page_level_css":"","_lmt_disableupdate":"no","_lmt_disable":"","_monsterinsights_skip_tracking":false,"_monsterinsights_sitenote_active":false,"_monsterinsights_sitenote_note":"","_monsterinsights_sitenote_category":0,"site-sidebar-layout":"default","site-content-layout":"","ast-site-content-layout":"default","site-content-style":"default","site-sidebar-style":"default","ast-global-header-display":"","ast-banner-title-visibility":"","ast-main-header-display":"","ast-hfb-above-header-display":"","ast-hfb-below-header-display":"","ast-hfb-mobile-header-display":"","site-post-title":"","ast-breadcrumbs-content":"","ast-featured-img":"","footer-sml-layout":"","ast-disable-related-posts":"","theme-transparent-header-meta":"default","adv-header-id-meta":"","stick-header-meta":"","header-above-stick-meta":"","header-main-stick-meta":"","header-below-stick-meta":"","astra-migrate-meta-layouts":"set","ast-page-background-enabled":"default","ast-page-background-meta":{"desktop":{"background-color":"","background-image":"","background-repeat":"repeat","background-position":"center center","background-size":"auto","background-attachment":"scroll","background-type":"","background-media":"","overlay-type":"","overlay-color":"","overlay-opacity":"","overlay-gradient":""},"tablet":{"background-color":"","background-image":"","background-repeat":"repeat","background-position":"center center","background-size":"auto","background-attachment":"scroll","background-type":"","background-media":"","overlay-type":"","overlay-color":"","overlay-opacity":"","overlay-gradient":""},"mobile":{"background-color":"","background-image":"","background-repeat":"repeat","background-position":"center center","background-size":"auto","background-attachment":"scroll","background-type":"","background-media":"","overlay-type":"","overlay-color":"","overlay-opacity":"","overlay-gradient":""}},"ast-content-background-meta":{"desktop":{"background-color":"var(--ast-global-color-5)","background-image":"","background-repeat":"repeat","background-position":"center center","background-size":"auto","background-attachment":"scroll","background-type":"","background-media":"","overlay-type":"","overlay-color":"","overlay-opacity":"","overlay-gradient":""},"tablet":{"background-color":"var(--ast-global-color-5)","background-image":"","background-repeat":"repeat","background-position":"center center","background-size":"auto","background-attachment":"scroll","background-type":"","background-media":"","overlay-type":"","overlay-color":"","overlay-opacity":"","overlay-gradient":""},"mobile":{"background-color":"var(--ast-global-color-5)","background-image":"","background-repeat":"repeat","background-position":"center center","background-size":"auto","background-attachment":"scroll","background-type":"","background-media":"","overlay-type":"","overlay-color":"","overlay-opacity":"","overlay-gradient":""}},"_joinchat":{"telephone":"+8617776015835"}},"product_brand":[],"product_cat":[67,149,151,143,144,277,146,171],"product_tag":[165,97,166,94,139,174,173],"class_list":{"0":"post-3223","1":"product","2":"type-product","3":"status-publish","4":"has-post-thumbnail","6":"product_cat-30000-puff","7":"product_cat-buy-disposable-vapes-in-austria","8":"product_cat-buy-disposable-vapes-in-france","9":"product_cat-dual-mesh-disposable-vapes","10":"product_cat-low-nicotine-disposable-vapes","11":"product_cat-mesii-vape","12":"product_cat-rechargeable-disposable-vapes","13":"product_cat-vapsolo-disposable-vapes","14":"product_tag-cheap-vapes","15":"product_tag-hot-sale-disposable-vape","16":"product_tag-low-nicotine-vape","17":"product_tag-rechargeable-disposable-vape","18":"product_tag-vapsolo","19":"product_tag-vapsolo-30000","20":"product_tag-vapsolo-triple-30000","21":"desktop-align-left","22":"tablet-align-left","23":"mobile-align-left","25":"first","26":"instock","27":"sale","28":"shipping-taxable","29":"purchasable","30":"product-type-simple"},"acf":[],"uagb_featured_image_src":{"full":["https:\/\/vapestornado.com\/wp-content\/uploads\/2024\/12\/Vapsolo-Triple-30000-Puffs-Rechargeable-Disposable-Vape.jpg",1126,1126,false],"thumbnail":["https:\/\/vapestornado.com\/wp-content\/uploads\/2024\/12\/Vapsolo-Triple-30000-Puffs-Rechargeable-Disposable-Vape-150x150.jpg",150,150,true],"medium":["https:\/\/vapestornado.com\/wp-content\/uploads\/2024\/12\/Vapsolo-Triple-30000-Puffs-Rechargeable-Disposable-Vape-300x300.jpg",300,300,true],"medium_large":["https:\/\/vapestornado.com\/wp-content\/uploads\/2024\/12\/Vapsolo-Triple-30000-Puffs-Rechargeable-Disposable-Vape-768x768.jpg",768,768,true],"large":["https:\/\/vapestornado.com\/wp-content\/uploads\/2024\/12\/Vapsolo-Triple-30000-Puffs-Rechargeable-Disposable-Vape-1024x1024.jpg",1024,1024,true],"1536x1536":["https:\/\/vapestornado.com\/wp-content\/uploads\/2024\/12\/Vapsolo-Triple-30000-Puffs-Rechargeable-Disposable-Vape.jpg",1126,1126,false],"2048x2048":["https:\/\/vapestornado.com\/wp-content\/uploads\/2024\/12\/Vapsolo-Triple-30000-Puffs-Rechargeable-Disposable-Vape.jpg",1126,1126,false],"trp-custom-language-flag":["https:\/\/vapestornado.com\/wp-content\/uploads\/2024\/12\/Vapsolo-Triple-30000-Puffs-Rechargeable-Disposable-Vape.jpg",12,12,false],"woocommerce_thumbnail":["https:\/\/vapestornado.com\/wp-content\/uploads\/2024\/12\/Vapsolo-Triple-30000-Puffs-Rechargeable-Disposable-Vape-300x300.jpg",300,300,true],"woocommerce_single":["https:\/\/vapestornado.com\/wp-content\/uploads\/2024\/12\/Vapsolo-Triple-30000-Puffs-Rechargeable-Disposable-Vape-600x600.jpg",600,600,true],"woocommerce_gallery_thumbnail":["https:\/\/vapestornado.com\/wp-content\/uploads\/2024\/12\/Vapsolo-Triple-30000-Puffs-Rechargeable-Disposable-Vape-100x100.jpg",100,100,true]},"uagb_author_info":{"display_name":"ESAMY","author_link":"https:\/\/vapestornado.com\/de\/author\/"},"uagb_comment_info":0,"uagb_excerpt":"Best Vapsolo Triple 30000 Puffs 2% 5% Low Nicotine Disposable Vape Bulk Buy Price Vapsolo Triple 30000 Puffs Rechargeable Disposable Vape Wholesale Cheap Factory Vapsolo Triple 30000 Puffs 2% 5% Low Nicotine Disposable Vape Add Amy's whatsapp get right reply and vape vape coupon! WhatsApp: +86 17776015835 &nbsp;","_links":{"self":[{"href":"https:\/\/vapestornado.com\/de\/wp-json\/wp\/v2\/product\/3223","targetHints":{"allow":["GET"]}}],"collection":[{"href":"https:\/\/vapestornado.com\/de\/wp-json\/wp\/v2\/product"}],"about":[{"href":"https:\/\/vapestornado.com\/de\/wp-json\/wp\/v2\/types\/product"}],"replies":[{"embeddable":true,"href":"https:\/\/vapestornado.com\/de\/wp-json\/wp\/v2\/comments?post=3223"}],"wp:featuredmedia":[{"embeddable":true,"href":"https:\/\/vapestornado.com\/de\/wp-json\/wp\/v2\/media\/3230"}],"wp:attachment":[{"href":"https:\/\/vapestornado.com\/de\/wp-json\/wp\/v2\/media?parent=3223"}],"wp:term":[{"taxonomy":"product_brand","embeddable":true,"href":"https:\/\/vapestornado.com\/de\/wp-json\/wp\/v2\/product_brand?post=3223"},{"taxonomy":"product_cat","embeddable":true,"href":"https:\/\/vapestornado.com\/de\/wp-json\/wp\/v2\/product_cat?post=3223"},{"taxonomy":"product_tag","embeddable":true,"href":"https:\/\/vapestornado.com\/de\/wp-json\/wp\/v2\/product_tag?post=3223"}],"curies":[{"name":"wp","href":"https:\/\/api.w.org\/{rel}","templated":true}]}}