{"id":3222,"date":"2024-12-18T08:11:42","date_gmt":"2024-12-18T08:11:42","guid":{"rendered":"https:\/\/vapestornado.com\/?post_type=product&#038;p=3222"},"modified":"2025-08-23T09:46:41","modified_gmt":"2025-08-23T09:46:41","slug":"vapsolo-tornado-pro-12000-puffs-2-5-low-nicotine-bulk-buy-rechargeable-disposable-vapes-pen-wholesale-price","status":"publish","type":"product","link":"https:\/\/vapestornado.com\/de\/product\/vapsolo-tornado-pro-12000-puffs-2-5-low-nicotine-bulk-buy-rechargeable-disposable-vapes-pen-wholesale-price\/","title":{"rendered":"Vapsolo Tornado Pro 12000 Z\u00fcge 2% 5% Nachf\u00fcllbare Einweg-Vapes mit niedrigem Nikotingehalt, Gro\u00dfhandelspreis"},"content":{"rendered":"<h1 class=\"product-title\">Vapsolo Tornado Pro 12000 Z\u00fcge 2% 5% Nachf\u00fcllbare Einweg-Vapes mit niedrigem Nikotingehalt, Gro\u00dfhandelspreis<\/h1>\n<p>Der <strong>Vapsolo Tornado Pro 12000<\/strong> Z\u00fcge ist das Nonplusultra <strong>wiederaufladbare Einweg-E-Zigarette<\/strong> das modernste Technologie mit Stil verbindet. Bietet <strong>bis zu 12.000 Z\u00fcge<\/strong>ist dieses Ger\u00e4t perfekt f\u00fcr l\u00e4ngere Dampfsitzungen. Seine <strong>20 ml E-Liquid-Kapazit\u00e4t<\/strong> minimiert das Nachf\u00fcllen, w\u00e4hrend die <strong>650mAh wiederaufladbarer Akku<\/strong> stellt sicher, dass Sie immer bereit zum Dampfen sind, dank <strong>Type-C-Schnellladung<\/strong>.<\/p>\n<p>Was das <strong>Vapsolo Tornado Pro 12000<\/strong> auszeichnet, ist die Einbeziehung von <strong>RGB-Beleuchtung<\/strong>und bietet ein dynamisches, farbenfrohes Dampferlebnis, das ins Auge f\u00e4llt. Das <strong>LCD-Display<\/strong> h\u00e4lt Sie \u00fcber wichtige Details wie Zuganzahl und Batteriestatus auf dem Laufenden und gew\u00e4hrleistet so eine problemlose Nutzung. Mit <strong>einstellbarer Luftstrom<\/strong> und <strong>Mesh-Coil-Technologie<\/strong>liefert es jedes Mal sanften, geschmackvollen Dampf.<\/p>\n<p>Erh\u00e4ltlich bei <strong>Gro\u00dfhandel Einweg-Vape<\/strong> Preisgestaltung, die <strong>Vapsolo Tornado Pro 12000<\/strong> ist perfekt f\u00fcr Einzelh\u00e4ndler und Gro\u00dfabnehmer, die ein hochwertiges, funktionsreiches Ger\u00e4t suchen. Egal, ob Sie nach einem <strong>nikotinarmen Vape<\/strong> oder einem stilvollen <strong>billigen Einweg-Vape<\/strong>suchen, dieses Modell erf\u00fcllt alle Anforderungen.<\/p>\n<p>&nbsp;<\/p>\n<p><strong>F\u00fcgen Sie Amy auf WhatsApp hinzu, um eine direkte Antwort und einen Vape-Gutschein zu erhalten!<\/strong><\/p>\n<p><img fetchpriority=\"high\" decoding=\"async\" class=\"size-full wp-image-2932\" src=\"https:\/\/vapestornado.com\/wp-content\/uploads\/2024\/12\/Vape-Wholesale.jpg\" alt=\"Vape-Gro\u00dfhandel\" width=\"229\" height=\"300\" \/><\/p>\n<h3><a href=\"https:\/\/wa.me\/8617776015835\" target=\"_blank\" rel=\"noopener\"><span style=\"color: #ff0000;\"><strong>WhatsApp: +86 17776015835<\/strong><\/span><\/a><\/h3>\n<p>&nbsp;<\/p>\n<h2><strong>Vapsolo Tornado Pro 12000 Z\u00fcge Produkteigenschaften<\/strong><\/h2>\n<div role=\"article\" data-tabster=\"{&quot;groupper&quot;:{&quot;tabbability&quot;:2},&quot;focusable&quot;:{}}\" data-content=\"ai-message\" aria-labelledby=\"juhNTJ6o7Gk1cgwZMJgv2-author juhNTJ6o7Gk1cgwZMJgv2-content\">\n<div id=\"juhNTJ6o7Gk1cgwZMJgv2-content\">\n<div role=\"article\" data-tabster=\"{&quot;groupper&quot;:{&quot;tabbability&quot;:2},&quot;focusable&quot;:{}}\" data-content=\"ai-message\" aria-labelledby=\"x4EZuCZWrTbh3weWUt7CU-author x4EZuCZWrTbh3weWUt7CU-content\">\n<div id=\"x4EZuCZWrTbh3weWUt7CU-content\">\n<h3><\/h3>\n<ol>\n<li><strong>12.000 Z\u00fcge:<\/strong> Verl\u00e4ngerte Nutzung ohne h\u00e4ufigen Austausch.<\/li>\n<li><strong>Wiederaufladbarer Akku:<\/strong> 650mAh mit Typ-C-Schnellladung.<\/li>\n<li><strong>20ml E-Liquid Kapazit\u00e4t:<\/strong> Weniger h\u00e4ufiges Nachf\u00fcllen f\u00fcr mehr Komfort.<\/li>\n<li><strong>RGB-Beleuchtung:<\/strong> Stilvolle, farbenfrohe visuelle Effekte f\u00fcr einen modernen Look.<\/li>\n<li><strong>LCD-Anzeige:<\/strong> Einfache \u00dcberwachung der Zuganzahl und des Batteriestands.<\/li>\n<li><strong>Einstellbare Luftzufuhr:<\/strong> Vier Einstellungen f\u00fcr personalisierte Z\u00fcge.<\/li>\n<li><strong>Mesh-Coil-Technologie:<\/strong> Konstanter Dampf mit verbessertem Geschmack.<\/li>\n<li><strong>Optionen mit niedrigem Nikotingehalt:<\/strong> W\u00e4hlen Sie zwischen 2% und 5% Nikotingehalt.<\/li>\n<li><strong>Tragbares Design:<\/strong> Leicht, langlebig und einfach zu transportieren.<\/li>\n<li><strong>Gro\u00dfhandelsfreundlich:<\/strong> Erschwingliche Preise f\u00fcr Gro\u00dfeink\u00e4ufe.<\/li>\n<\/ol>\n<p>&nbsp;<\/p>\n<\/div>\n<\/div>\n<\/div>\n<\/div>\n<h2 class=\"product-title\"><strong>Vapsolo Tornado 12000 Z\u00fcge Aromenliste<\/strong><\/h2>\n<p>1. Wassermeloneneis<br \/>\n2. Erdbeer-Kiwi<br \/>\n3. Blaue Himbeere<br \/>\n4. Sprudelnde Kirsche<br \/>\n5. Blaubeereis<br \/>\n6. Erdbeer-Himbeer-Kirsch-Eis<br \/>\n7. Pfirsich-Mango-Ananas<br \/>\n8. Trauben-Eis<br \/>\n9. Himbeer-Wassermelone<br \/>\n10. Erdbeer-Banane<\/p>\n<figure id=\"attachment_3211\" aria-describedby=\"caption-attachment-3211\" style=\"width: 600px\" class=\"wp-caption alignnone\"><img decoding=\"async\" class=\"wp-image-3211\" src=\"https:\/\/vapestornado.com\/wp-content\/uploads\/2024\/12\/Best-Vapsolo-Tornado-Pro-12000-Disposable-Vapes-Wholesale-300x300.jpg\" alt=\"Beste Vapsolo Tornado Pro 12000 Einweg-Vapes im Gro\u00dfhandel\" width=\"600\" height=\"600\" srcset=\"https:\/\/vapestornado.com\/wp-content\/uploads\/2024\/12\/Best-Vapsolo-Tornado-Pro-12000-Disposable-Vapes-Wholesale-300x300.jpg 300w, https:\/\/vapestornado.com\/wp-content\/uploads\/2024\/12\/Best-Vapsolo-Tornado-Pro-12000-Disposable-Vapes-Wholesale-1024x1024.jpg 1024w, https:\/\/vapestornado.com\/wp-content\/uploads\/2024\/12\/Best-Vapsolo-Tornado-Pro-12000-Disposable-Vapes-Wholesale-150x150.jpg 150w, https:\/\/vapestornado.com\/wp-content\/uploads\/2024\/12\/Best-Vapsolo-Tornado-Pro-12000-Disposable-Vapes-Wholesale-768x768.jpg 768w, https:\/\/vapestornado.com\/wp-content\/uploads\/2024\/12\/Best-Vapsolo-Tornado-Pro-12000-Disposable-Vapes-Wholesale-600x600.jpg 600w, https:\/\/vapestornado.com\/wp-content\/uploads\/2024\/12\/Best-Vapsolo-Tornado-Pro-12000-Disposable-Vapes-Wholesale-100x100.jpg 100w, https:\/\/vapestornado.com\/wp-content\/uploads\/2024\/12\/Best-Vapsolo-Tornado-Pro-12000-Disposable-Vapes-Wholesale.jpg 1126w\" sizes=\"(max-width: 600px) 100vw, 600px\" \/><figcaption id=\"caption-attachment-3211\" class=\"wp-caption-text\">Beste Vapsolo Tornado Pro 12000 Einweg-Vapes im Gro\u00dfhandel<\/figcaption><\/figure>\n<h3>Warum Vapestornado f\u00fcr Vapsolo Tornado 12000 Puffs Vape Gro\u00dfhandel w\u00e4hlen?<\/h3>\n<div class=\"flex-shrink-0 flex flex-col relative items-end\">\n<div class=\"pt-0\">\n<div class=\"gizmo-bot-avatar flex h-8 w-8 items-center justify-center overflow-hidden rounded-full\">\n<div class=\"relative p-1 rounded-sm flex items-center justify-center bg-token-main-surface-primary text-token-text-primary h-8 w-8\">\n<p>Willkommen bei vapestornado, Ihrem vertrauensw\u00fcrdigen Online-Vape-Shop f\u00fcr Premium-Einweg-Vapes. Mit mehr als 5 Jahren Erfahrung bieten wir Ihnen beliebte Einweg-Vape-Marken wie Fumot RandM Vape, <a href=\"https:\/\/vapestornado.com\/de\/product\/vapme-crystal-7000-puffs-rechargeable-disposable-vape-wholesale-cheap-price\/\">Vapme<\/a>, Bang Vape, Waspe Vape und WGA Vape usw.<\/p>\n<p>Unser Sortiment umfasst hei\u00df verkaufte Vapes wie den <a href=\"https:\/\/vapestornado.com\/de\/product\/fumot-randm-tornado-15000-puffs-rechargeable-disposable-vape-wholesale\/\">RandM Tornado 15000<\/a>, und geschmacksreiche Optionen wie den <a href=\"https:\/\/vapestornado.com\/de\/product\/vapsolo-dg-18000-puffs-smart-screen-wholesale-disposable-cheap-vapes\/\">\u00a0Vapsolo DG18000 Z\u00fcge<\/a> . Jedes Produkt wird mit Fokus auf Qualit\u00e4t, Wert und Vielfalt ausgew\u00e4hlt, um sicherzustellen, dass Sie die perfekte \u00dcbereinstimmung f\u00fcr Ihre Bed\u00fcrfnisse finden. Entdecken Sie au\u00dfergew\u00f6hnlichen Service und eine breite Palette an Spitzenprodukten zum Gro\u00dfhandelspreis bei vapestornado.<\/p>\n<\/div>\n<h3><\/h3>\n<div class=\"relative p-1 rounded-sm flex items-center justify-center bg-token-main-surface-primary text-token-text-primary h-8 w-8\">\n<h3>FAQs f\u00fcr Vapsolo Tornado Pro 12000 Puffs Einweg-Vape<\/h3>\n<\/div>\n<\/div>\n<\/div>\n<\/div>\n<div class=\"flex-shrink-0 flex flex-col relative items-end\">\n<div class=\"pt-0\">\n<div class=\"gizmo-bot-avatar flex h-8 w-8 items-center justify-center overflow-hidden rounded-full\">\n<div class=\"relative p-1 rounded-sm flex items-center justify-center bg-token-main-surface-primary text-token-text-primary h-8 w-8\">\n<div class=\"mb-2 flex gap-3 empty:hidden -ml-2\">\n<div role=\"article\" data-tabster=\"{&quot;groupper&quot;:{&quot;tabbability&quot;:2},&quot;focusable&quot;:{}}\" data-content=\"ai-message\" aria-labelledby=\"Vdt5ez4X7Tg813x6rFVha-author Vdt5ez4X7Tg813x6rFVha-content\">\n<div id=\"Vdt5ez4X7Tg813x6rFVha-content\">\n<div role=\"article\" data-tabster=\"{&quot;groupper&quot;:{&quot;tabbability&quot;:2},&quot;focusable&quot;:{}}\" data-content=\"ai-message\" aria-labelledby=\"o968oC7CEo2fGHsGdsRYC-author o968oC7CEo2fGHsGdsRYC-content\">\n<div id=\"o968oC7CEo2fGHsGdsRYC-content\">\n<h3><\/h3>\n<ol>\n<li><strong>Wie viele Z\u00fcge bietet der Vapsolo Tornado Pro 12000?<\/strong><br \/>\nDieses Ger\u00e4t bietet bis zu <strong>12.000 Z\u00fcge<\/strong>, was ihn ideal f\u00fcr den langfristigen Gebrauch ohne Austausch macht.<\/li>\n<li><strong>Verf\u00fcgt das Vapsolo 12000 Ger\u00e4t \u00fcber wiederaufladbare Funktionen?<\/strong><br \/>\nJa, es verf\u00fcgt \u00fcber einen <strong>650mAh wiederaufladbarer Akku<\/strong> mit einem <strong>Typ-C-Ladeanschluss<\/strong> f\u00fcr schnelles und effizientes Aufladen.<\/li>\n<li><strong>Was macht die Vapsolo Tornado Pro 12000 RGB-Beleuchtung einzigartig?<\/strong><br \/>\nDer <strong>RGB-Beleuchtung<\/strong> verbessert das Dampferlebnis mit lebendigen, farbenfrohen Effekten und verleiht ihm eine moderne und stilvolle Ausstrahlung.<\/li>\n<li><strong>Wie funktioniert die einstellbare Luftstromregelung des Vapsolo Tornado 12000?<\/strong><br \/>\nDer <strong>Vier-Stufen-Luftstromsystem<\/strong> erm\u00f6glicht es Ihnen, Ihr Dampferlebnis anzupassen, von straffen Z\u00fcgen bis hin zu entspannten Z\u00fcgen.<\/li>\n<li><strong>Warum ist der Vapsolo Tornado Pro 12000 ideal f\u00fcr Gro\u00dfhandelsk\u00e4ufer?<\/strong><br \/>\nEs kombiniert <strong>hohe Zugkapazit\u00e4t<\/strong>, <strong>Premium-Funktionen<\/strong>und <strong>erschwingliche Mengenpreise<\/strong>, was es perfekt f\u00fcr Einzelh\u00e4ndler und Wiederverk\u00e4ufer macht.<\/li>\n<\/ol>\n<\/div>\n<\/div>\n<\/div>\n<\/div>\n<\/div>\n<\/div>\n<\/div>\n<\/div>\n<\/div>","protected":false},"excerpt":{"rendered":"<p>VapSolo Tornado Pro 12000 Z\u00fcge 2% 5% Einweg-E-Zigarette mit niedrigem Nikotingehalt zum Gro\u00dfhandelspreis<br \/>\nVapSolo Tornado Pro 12000 Z\u00fcge Wiederaufladbare Einweg-E-Zigarette Gro\u00dfhandel<br \/>\nG\u00fcnstige Fabrik Tornado 12000 Z\u00fcge 2% 5% Einweg-E-Zigarette mit niedrigem Nikotingehalt<\/p>\n<p><strong>F\u00fcge Amy auf WhatsApp hinzu, um sofort eine Antwort und einen Vape-Gutschein zu erhalten!<\/strong><\/p>\n<p><img fetchpriority=\"high\" decoding=\"async\" class=\"size-full wp-image-2932\" src=\"https:\/\/vapestornado.com\/wp-content\/uploads\/2024\/12\/Vape-Wholesale.jpg\" alt=\"Vape-Gro\u00dfhandel\" width=\"229\" height=\"300\" \/><\/p>\n<h3><a href=\"https:\/\/wa.me\/8617776015835\"><span style=\"color: #ff0000;\"><strong>WhatsApp: +86 17776015835<\/strong><\/span><\/a><\/h3>\n<p>&nbsp;<\/p>","protected":false},"featured_media":3215,"comment_status":"open","ping_status":"closed","template":"","meta":{"_acf_changed":false,"_uag_custom_page_level_css":"","_lmt_disableupdate":"no","_lmt_disable":"","_monsterinsights_skip_tracking":false,"_monsterinsights_sitenote_active":false,"_monsterinsights_sitenote_note":"","_monsterinsights_sitenote_category":0,"site-sidebar-layout":"default","site-content-layout":"","ast-site-content-layout":"default","site-content-style":"default","site-sidebar-style":"default","ast-global-header-display":"","ast-banner-title-visibility":"","ast-main-header-display":"","ast-hfb-above-header-display":"","ast-hfb-below-header-display":"","ast-hfb-mobile-header-display":"","site-post-title":"","ast-breadcrumbs-content":"","ast-featured-img":"","footer-sml-layout":"","ast-disable-related-posts":"","theme-transparent-header-meta":"default","adv-header-id-meta":"","stick-header-meta":"","header-above-stick-meta":"","header-main-stick-meta":"","header-below-stick-meta":"","astra-migrate-meta-layouts":"set","ast-page-background-enabled":"default","ast-page-background-meta":{"desktop":{"background-color":"","background-image":"","background-repeat":"repeat","background-position":"center center","background-size":"auto","background-attachment":"scroll","background-type":"","background-media":"","overlay-type":"","overlay-color":"","overlay-opacity":"","overlay-gradient":""},"tablet":{"background-color":"","background-image":"","background-repeat":"repeat","background-position":"center center","background-size":"auto","background-attachment":"scroll","background-type":"","background-media":"","overlay-type":"","overlay-color":"","overlay-opacity":"","overlay-gradient":""},"mobile":{"background-color":"","background-image":"","background-repeat":"repeat","background-position":"center center","background-size":"auto","background-attachment":"scroll","background-type":"","background-media":"","overlay-type":"","overlay-color":"","overlay-opacity":"","overlay-gradient":""}},"ast-content-background-meta":{"desktop":{"background-color":"var(--ast-global-color-5)","background-image":"","background-repeat":"repeat","background-position":"center center","background-size":"auto","background-attachment":"scroll","background-type":"","background-media":"","overlay-type":"","overlay-color":"","overlay-opacity":"","overlay-gradient":""},"tablet":{"background-color":"var(--ast-global-color-5)","background-image":"","background-repeat":"repeat","background-position":"center center","background-size":"auto","background-attachment":"scroll","background-type":"","background-media":"","overlay-type":"","overlay-color":"","overlay-opacity":"","overlay-gradient":""},"mobile":{"background-color":"var(--ast-global-color-5)","background-image":"","background-repeat":"repeat","background-position":"center center","background-size":"auto","background-attachment":"scroll","background-type":"","background-media":"","overlay-type":"","overlay-color":"","overlay-opacity":"","overlay-gradient":""}},"_joinchat":{"telephone":"+8617776015835"}},"product_brand":[],"product_cat":[72,153,154,159,142,143,171],"product_tag":[165,97,166,94,139,172,169],"class_list":{"0":"post-3222","1":"product","2":"type-product","3":"status-publish","4":"has-post-thumbnail","6":"product_cat-12000-puff","7":"product_cat-buy-disposable-vapes-in-italy","8":"product_cat-buy-disposable-vapes-in-netherlands","9":"product_cat-buy-disposable-vapes-in-sweden","10":"product_cat-digital-box-disposable-vapes","11":"product_cat-dual-mesh-disposable-vapes","12":"product_cat-vapsolo-disposable-vapes","13":"product_tag-cheap-vapes","14":"product_tag-hot-sale-disposable-vape","15":"product_tag-low-nicotine-vape","16":"product_tag-rechargeable-disposable-vape","17":"product_tag-vapsolo","18":"product_tag-vapsolo-tornado-pro-12000","19":"product_tag-vasolo-12000","20":"desktop-align-left","21":"tablet-align-left","22":"mobile-align-left","24":"first","25":"instock","26":"sale","27":"shipping-taxable","28":"purchasable","29":"product-type-simple"},"acf":[],"uagb_featured_image_src":{"full":["https:\/\/vapestornado.com\/wp-content\/uploads\/2024\/12\/Vapsolo-Tornado-Pro-12000-Rechargeable-Disposable-Vapes-Bulk-Buy-Wholesale.jpg",1126,1126,false],"thumbnail":["https:\/\/vapestornado.com\/wp-content\/uploads\/2024\/12\/Vapsolo-Tornado-Pro-12000-Rechargeable-Disposable-Vapes-Bulk-Buy-Wholesale-150x150.jpg",150,150,true],"medium":["https:\/\/vapestornado.com\/wp-content\/uploads\/2024\/12\/Vapsolo-Tornado-Pro-12000-Rechargeable-Disposable-Vapes-Bulk-Buy-Wholesale-300x300.jpg",300,300,true],"medium_large":["https:\/\/vapestornado.com\/wp-content\/uploads\/2024\/12\/Vapsolo-Tornado-Pro-12000-Rechargeable-Disposable-Vapes-Bulk-Buy-Wholesale-768x768.jpg",768,768,true],"large":["https:\/\/vapestornado.com\/wp-content\/uploads\/2024\/12\/Vapsolo-Tornado-Pro-12000-Rechargeable-Disposable-Vapes-Bulk-Buy-Wholesale-1024x1024.jpg",1024,1024,true],"1536x1536":["https:\/\/vapestornado.com\/wp-content\/uploads\/2024\/12\/Vapsolo-Tornado-Pro-12000-Rechargeable-Disposable-Vapes-Bulk-Buy-Wholesale.jpg",1126,1126,false],"2048x2048":["https:\/\/vapestornado.com\/wp-content\/uploads\/2024\/12\/Vapsolo-Tornado-Pro-12000-Rechargeable-Disposable-Vapes-Bulk-Buy-Wholesale.jpg",1126,1126,false],"trp-custom-language-flag":["https:\/\/vapestornado.com\/wp-content\/uploads\/2024\/12\/Vapsolo-Tornado-Pro-12000-Rechargeable-Disposable-Vapes-Bulk-Buy-Wholesale.jpg",12,12,false],"woocommerce_thumbnail":["https:\/\/vapestornado.com\/wp-content\/uploads\/2024\/12\/Vapsolo-Tornado-Pro-12000-Rechargeable-Disposable-Vapes-Bulk-Buy-Wholesale-300x300.jpg",300,300,true],"woocommerce_single":["https:\/\/vapestornado.com\/wp-content\/uploads\/2024\/12\/Vapsolo-Tornado-Pro-12000-Rechargeable-Disposable-Vapes-Bulk-Buy-Wholesale-600x600.jpg",600,600,true],"woocommerce_gallery_thumbnail":["https:\/\/vapestornado.com\/wp-content\/uploads\/2024\/12\/Vapsolo-Tornado-Pro-12000-Rechargeable-Disposable-Vapes-Bulk-Buy-Wholesale-100x100.jpg",100,100,true]},"uagb_author_info":{"display_name":"ESAMY","author_link":"https:\/\/vapestornado.com\/de\/author\/"},"uagb_comment_info":0,"uagb_excerpt":"VapSolo Tornado Pro 12000 Puffs 2% 5% Low Nicotine Disposable Vape Bulk Buy Price VapSolo Tornado Pro 12000 Puffs Rechargeable Disposable Vape Wholesale Cheap Factory Tornado 12000 Puffs 2% 5% Low Nicotine Disposable Vape Add Amy's whatsapp get right reply and vape vape coupon! WhatsApp: +86 17776015835 &nbsp;","_links":{"self":[{"href":"https:\/\/vapestornado.com\/de\/wp-json\/wp\/v2\/product\/3222","targetHints":{"allow":["GET"]}}],"collection":[{"href":"https:\/\/vapestornado.com\/de\/wp-json\/wp\/v2\/product"}],"about":[{"href":"https:\/\/vapestornado.com\/de\/wp-json\/wp\/v2\/types\/product"}],"replies":[{"embeddable":true,"href":"https:\/\/vapestornado.com\/de\/wp-json\/wp\/v2\/comments?post=3222"}],"wp:featuredmedia":[{"embeddable":true,"href":"https:\/\/vapestornado.com\/de\/wp-json\/wp\/v2\/media\/3215"}],"wp:attachment":[{"href":"https:\/\/vapestornado.com\/de\/wp-json\/wp\/v2\/media?parent=3222"}],"wp:term":[{"taxonomy":"product_brand","embeddable":true,"href":"https:\/\/vapestornado.com\/de\/wp-json\/wp\/v2\/product_brand?post=3222"},{"taxonomy":"product_cat","embeddable":true,"href":"https:\/\/vapestornado.com\/de\/wp-json\/wp\/v2\/product_cat?post=3222"},{"taxonomy":"product_tag","embeddable":true,"href":"https:\/\/vapestornado.com\/de\/wp-json\/wp\/v2\/product_tag?post=3222"}],"curies":[{"name":"wp","href":"https:\/\/api.w.org\/{rel}","templated":true}]}}