{"id":3201,"date":"2024-12-18T03:39:14","date_gmt":"2024-12-18T03:39:14","guid":{"rendered":"https:\/\/vapestornado.com\/?post_type=product&#038;p=3201"},"modified":"2025-08-23T09:47:27","modified_gmt":"2025-08-23T09:47:27","slug":"vapsolo-viking-12000-puffs-2-5-low-nicotine-bulk-buy-rechargeable-disposable-vapes-pen-wholesale-price","status":"publish","type":"product","link":"https:\/\/vapestornado.com\/de\/product\/vapsolo-viking-12000-puffs-2-5-low-nicotine-bulk-buy-rechargeable-disposable-vapes-pen-wholesale-price\/","title":{"rendered":"VapSolo Viking 12000 Z\u00fcge 2% 5% Nachf\u00fcllbare Einweg-Vapes mit niedrigem Nikotingehalt, Gro\u00dfhandelspreis"},"content":{"rendered":"<h1 class=\"product-title\">VapSolo Viking 12000 Z\u00fcge 2% 5% Nachf\u00fcllbare Einweg-Vapes mit niedrigem Nikotingehalt, Gro\u00dfhandelspreis<\/h1>\n<p data-start=\"403\" data-end=\"652\">Der <strong data-start=\"407\" data-end=\"453\">VapSolo Viking 12000 Z\u00fcge Einweg-Vape<\/strong> bietet erweiterte Leistung und Flexibilit\u00e4t in einem schlanken, tragbaren Design. Mit einem <strong data-start=\"536\" data-end=\"562\">22ml E-Liquid-Kapazit\u00e4t<\/strong> und bis zu <strong data-start=\"573\" data-end=\"589\">12.000 Z\u00fcge<\/strong>bietet es eine lange Nutzungsdauer ohne st\u00e4ndigen Austausch.<\/p>\n<p data-start=\"654\" data-end=\"909\">Angetrieben von einem <strong data-start=\"667\" data-end=\"698\">650mAh wiederaufladbarer Akku<\/strong> mit <strong data-start=\"704\" data-end=\"728\">Type-C-Schnellladung<\/strong>gew\u00e4hrleistet der Viking 12K konsistente Sitzungen und effizientes Aufladen. Es ist in <strong data-start=\"811\" data-end=\"843\">2% und 5% Nikotinst\u00e4rken<\/strong>erh\u00e4ltlich und eignet sich sowohl f\u00fcr moderate als auch f\u00fcr st\u00e4rkere Vorlieben.<\/p>\n<p data-start=\"911\" data-end=\"1150\">Ausgestattet mit <strong data-start=\"925\" data-end=\"949\">Mesh-Coil-Technologie<\/strong> und <strong data-start=\"954\" data-end=\"984\">4-stufig einstellbare Luftstromregulierung<\/strong>garantiert dieses Ger\u00e4t eine reibungslose Dampfproduktion und anpassbare Z\u00fcge. Der <strong data-start=\"1061\" data-end=\"1076\">LCD-Display<\/strong> bietet zus\u00e4tzlichen Komfort, indem er die Anzahl der Z\u00fcge und den Batteriestatus in Echtzeit anzeigt.<\/p>\n<p data-start=\"1152\" data-end=\"1410\">Leicht und einfach zu transportieren, ist der <strong data-start=\"1187\" data-end=\"1211\">VapSolo Wikinger 12000<\/strong> ideal f\u00fcr allt\u00e4gliche Benutzer und Gro\u00dfh\u00e4ndler. Seine Kombination aus Kapazit\u00e4t, fortschrittlichen Funktionen und wettbewerbsf\u00e4higen <strong data-start=\"1326\" data-end=\"1347\">Gro\u00dfhandelspreise<\/strong> macht es zu einer profitablen Option f\u00fcr Einzelh\u00e4ndler und Distributoren.<\/p>\n<p><strong>F\u00fcgen Sie Amy auf WhatsApp hinzu, um eine direkte Antwort und einen Vape-Gutschein zu erhalten!<\/strong><\/p>\n<p><img fetchpriority=\"high\" decoding=\"async\" class=\"size-full wp-image-2932\" src=\"https:\/\/vapestornado.com\/wp-content\/uploads\/2024\/12\/Vape-Wholesale.jpg\" alt=\"Vape-Gro\u00dfhandel\" width=\"229\" height=\"300\" \/><\/p>\n<h3><a href=\"https:\/\/wa.me\/8617776015835\" target=\"_blank\" rel=\"noopener\"><span style=\"color: #ff0000;\"><strong>WhatsApp: +86 17776015835<\/strong><\/span><\/a><\/h3>\n<p>&nbsp;<\/p>\n<h2><strong>VapSolo Viking 12000 Produktmerkmale<\/strong><\/h2>\n<div role=\"article\" data-tabster=\"{&quot;groupper&quot;:{&quot;tabbability&quot;:2},&quot;focusable&quot;:{}}\" data-content=\"ai-message\" aria-labelledby=\"juhNTJ6o7Gk1cgwZMJgv2-author juhNTJ6o7Gk1cgwZMJgv2-content\">\n<div id=\"juhNTJ6o7Gk1cgwZMJgv2-content\">\n<div role=\"article\" data-tabster=\"{&quot;groupper&quot;:{&quot;tabbability&quot;:2},&quot;focusable&quot;:{}}\" data-content=\"ai-message\" aria-labelledby=\"x4EZuCZWrTbh3weWUt7CU-author x4EZuCZWrTbh3weWUt7CU-content\">\n<div id=\"x4EZuCZWrTbh3weWUt7CU-content\">\n<h3><\/h3>\n<ol>\n<li><strong>12.000 Z\u00fcge pro Ger\u00e4t:<\/strong> Verl\u00e4ngerte Nutzung f\u00fcr ein problemloses Dampferlebnis.<\/li>\n<li><strong>Optionen mit niedrigem Nikotingehalt:<\/strong> Erh\u00e4ltlich in 2% und 5%, passend f\u00fcr eine Vielzahl von Vorlieben.<\/li>\n<li><strong>Wiederaufladbarer Akku:<\/strong> 650mAh Kapazit\u00e4t mit praktischem Typ-C Schnellladen.<\/li>\n<li><strong>4-stufig einstellbare Luftzirkulation:<\/strong> Passen Sie Ihren Vaping-Stil pr\u00e4zise an.<\/li>\n<li><strong>Mesh-Coil-Technologie:<\/strong> Liefert jedes Mal sanften Dampf und verbesserten Geschmack.<\/li>\n<li><strong>22ml E-Liquid Kapazit\u00e4t:<\/strong> Erm\u00f6glicht l\u00e4ngere Vaping-Sitzungen ohne h\u00e4ufiges Nachf\u00fcllen.<\/li>\n<li><strong>LCD-Anzeige:<\/strong> \u00dcberwachen Sie ganz einfach die Zuganzahl und den Batteriestatus in Echtzeit.<\/li>\n<li><strong>Kompakt und leicht:<\/strong> Tragbares Design, wiegt nur 95g f\u00fcr einfache Nutzung unterwegs.<\/li>\n<li><strong>Erschwingliche Gro\u00dfhandelspreise:<\/strong> Ideal f\u00fcr Gro\u00dfeink\u00e4ufe und den Wiederverkauf.<\/li>\n<li><strong>Premium Einweg-Vape-Marke:<\/strong> Vereint Bequemlichkeit, Leistung und Stil.<\/li>\n<\/ol>\n<\/div>\n<\/div>\n<\/div>\n<\/div>\n<h2 class=\"product-title\"><strong>VapSolo 12000 Puffs Geschmackssorten-Liste<\/strong><\/h2>\n<p>1.Heidelbeere Himbeere<br \/>\n2.Heidelbeere<br \/>\n3.Brausekirsche<br \/>\n4. Wassermelone Eis<br \/>\n5. Erdbeere Kiwi<br \/>\n6.Erdbeere Wassermelone<br \/>\n7.Sommertraum<br \/>\n8. Blaubeere Kirsche Cranberry<br \/>\n9. Zitrone Limette<br \/>\n10.Gummib\u00e4rchen<br \/>\n11. Erdbeer-Banane<br \/>\n12.Frische Minze<br \/>\n13.Erdbeere Himbeere Eis<br \/>\n14.Zitrone Pfirsich<br \/>\n15.Roter Apfel Eis<\/p>\n<figure id=\"attachment_3194\" aria-describedby=\"caption-attachment-3194\" style=\"width: 600px\" class=\"wp-caption alignnone\"><img decoding=\"async\" class=\"wp-image-3194\" src=\"https:\/\/vapestornado.com\/wp-content\/uploads\/2024\/12\/VapSolo-12000-Puffs-Disposable-Vape-Wholesale-Cheap-Price-300x300.jpg\" alt=\"VapSolo 12000 Z\u00fcge Einweg-Vape Gro\u00dfhandel G\u00fcnstiger Preis\" width=\"600\" height=\"600\" srcset=\"https:\/\/vapestornado.com\/wp-content\/uploads\/2024\/12\/VapSolo-12000-Puffs-Disposable-Vape-Wholesale-Cheap-Price-300x300.jpg 300w, https:\/\/vapestornado.com\/wp-content\/uploads\/2024\/12\/VapSolo-12000-Puffs-Disposable-Vape-Wholesale-Cheap-Price-1024x1024.jpg 1024w, https:\/\/vapestornado.com\/wp-content\/uploads\/2024\/12\/VapSolo-12000-Puffs-Disposable-Vape-Wholesale-Cheap-Price-150x150.jpg 150w, https:\/\/vapestornado.com\/wp-content\/uploads\/2024\/12\/VapSolo-12000-Puffs-Disposable-Vape-Wholesale-Cheap-Price-768x768.jpg 768w, https:\/\/vapestornado.com\/wp-content\/uploads\/2024\/12\/VapSolo-12000-Puffs-Disposable-Vape-Wholesale-Cheap-Price-600x600.jpg 600w, https:\/\/vapestornado.com\/wp-content\/uploads\/2024\/12\/VapSolo-12000-Puffs-Disposable-Vape-Wholesale-Cheap-Price-100x100.jpg 100w, https:\/\/vapestornado.com\/wp-content\/uploads\/2024\/12\/VapSolo-12000-Puffs-Disposable-Vape-Wholesale-Cheap-Price.jpg 1126w\" sizes=\"(max-width: 600px) 100vw, 600px\" \/><figcaption id=\"caption-attachment-3194\" class=\"wp-caption-text\">VapSolo 12000 Z\u00fcge Einweg-Vape Gro\u00dfhandel G\u00fcnstiger Preis<\/figcaption><\/figure>\n<h3>Warum vapestornado f\u00fcr VapSolo Viking 12000 Puffs Vape Gro\u00dfhandel w\u00e4hlen?<\/h3>\n<div class=\"flex-shrink-0 flex flex-col relative items-end\">\n<div class=\"pt-0\">\n<div class=\"gizmo-bot-avatar flex h-8 w-8 items-center justify-center overflow-hidden rounded-full\">\n<div class=\"relative p-1 rounded-sm flex items-center justify-center bg-token-main-surface-primary text-token-text-primary h-8 w-8\">\n<p>Willkommen bei vapestornado, Ihrem vertrauensw\u00fcrdigen Online-Vape-Shop f\u00fcr Premium-Einweg-Vapes. Mit mehr als 5 Jahren Erfahrung bieten wir Ihnen beliebte Einweg-Vape-Marken wie Fumot RandM Vape, <a href=\"https:\/\/vapestornado.com\/de\/product\/vapme-crystal-7000-puffs-rechargeable-disposable-vape-wholesale-cheap-price\/\">Vapme<\/a>, Bang Vape, Waspe Vape und WGA Vape usw.<\/p>\n<p>Unser Sortiment umfasst hei\u00df verkaufte Vapes wie den <a href=\"https:\/\/vapestornado.com\/de\/product\/fumot-randm-tornado-15000-puffs-rechargeable-disposable-vape-wholesale\/\">RandM Tornado 15000<\/a>, und geschmacksreiche Optionen wie den <a href=\"https:\/\/vapestornado.com\/de\/product\/waspe-40000-puffs-double-flavour-led-display-disposable-vape-wholesale\/\">WASPE Doppelgeschmack 40000 Z\u00fcge<\/a> . Jedes Produkt wird mit Fokus auf Qualit\u00e4t, Wert und Vielfalt ausgew\u00e4hlt, um sicherzustellen, dass Sie die perfekte \u00dcbereinstimmung f\u00fcr Ihre Bed\u00fcrfnisse finden. Entdecken Sie au\u00dfergew\u00f6hnlichen Service und eine breite Palette an Spitzenprodukten zum Gro\u00dfhandelspreis bei vapestornado.<\/p>\n<\/div>\n<h3><\/h3>\n<div class=\"relative p-1 rounded-sm flex items-center justify-center bg-token-main-surface-primary text-token-text-primary h-8 w-8\">\n<h3>FAQS f\u00fcr VapSolo Viking 12k Puff Einweg-Vape<\/h3>\n<\/div>\n<\/div>\n<\/div>\n<\/div>\n<div class=\"flex-shrink-0 flex flex-col relative items-end\">\n<div class=\"pt-0\">\n<div class=\"gizmo-bot-avatar flex h-8 w-8 items-center justify-center overflow-hidden rounded-full\">\n<div class=\"relative p-1 rounded-sm flex items-center justify-center bg-token-main-surface-primary text-token-text-primary h-8 w-8\">\n<div class=\"mb-2 flex gap-3 empty:hidden -ml-2\">\n<div role=\"article\" data-tabster=\"{&quot;groupper&quot;:{&quot;tabbability&quot;:2},&quot;focusable&quot;:{}}\" data-content=\"ai-message\" aria-labelledby=\"Vdt5ez4X7Tg813x6rFVha-author Vdt5ez4X7Tg813x6rFVha-content\">\n<div id=\"Vdt5ez4X7Tg813x6rFVha-content\">\n<div role=\"article\" data-tabster=\"{&quot;groupper&quot;:{&quot;tabbability&quot;:2},&quot;focusable&quot;:{}}\" data-content=\"ai-message\" aria-labelledby=\"o968oC7CEo2fGHsGdsRYC-author o968oC7CEo2fGHsGdsRYC-content\">\n<div id=\"o968oC7CEo2fGHsGdsRYC-content\">\n<ol>\n<li><strong>Wie hoch ist die Zugkapazit\u00e4t des VapSolo Viking 12000?<\/strong><br \/>\nDer <strong>VapSolo Wikinger 12000<\/strong> bietet bis zu <strong>12.000 Z\u00fcge<\/strong>, was eine l\u00e4ngere Nutzung bei minimalem Wartungsaufwand gew\u00e4hrleistet.<\/li>\n<li><strong>Kann ich den VapSolo Viking 12000 aufladen?<\/strong><br \/>\nJa, das Ger\u00e4t ist ausgestattet mit einem <strong>650mAh wiederaufladbarer Akku<\/strong> und einem <strong>Typ-C-Ladeanschluss<\/strong> f\u00fcr schnelles und effizientes Aufladen.<\/li>\n<li><strong>Welche Nikotinst\u00e4rken sind verf\u00fcgbar?<\/strong><br \/>\nDas Ger\u00e4t ist erh\u00e4ltlich in <strong>2% und 5% Optionen mit niedrigem Nikotingehalt<\/strong>, um den unterschiedlichsten Nutzerpr\u00e4ferenzen gerecht zu werden.<\/li>\n<li><strong>Wie funktioniert die einstellbare Luftzufuhr?<\/strong><br \/>\nDer <strong>4-stufig einstellbare Luftstromregulierung<\/strong> erm\u00f6glicht Ihnen den Wechsel zwischen einem engeren und einem lockereren Zug, sodass Sie die vollst\u00e4ndige Kontrolle \u00fcber Ihren Dampfstil haben.<\/li>\n<li><strong>Warum ist der VapSolo Viking 12000 ideal f\u00fcr Gro\u00dfhandelsk\u00e4ufer?<\/strong><br \/>\nMit seinem <strong>hohe Zuganzahl<\/strong>, <strong>LCD-Display<\/strong>und <strong>erschwingliche Mengenpreise<\/strong>ist er perfekt f\u00fcr Einzelh\u00e4ndler, die hochwertige, funktionsreiche <strong>Einweg-Vape<\/strong> Produkte zu wettbewerbsf\u00e4higen Preisen lagern m\u00f6chten.<\/li>\n<\/ol>\n<\/div>\n<\/div>\n<\/div>\n<\/div>\n<\/div>\n<\/div>\n<\/div>\n<\/div>\n<\/div>","protected":false},"excerpt":{"rendered":"<p>VapSolo Viking 12000 Z\u00fcge 2% 5% Niedrig Nikotin Einweg-VapeGro\u00dfhandelspreis<br \/>\nVapSolo Viking 12000 Z\u00fcge Wiederaufladbarer Einweg-Vape Gro\u00dfhandel<br \/>\nG\u00fcnstige Fabrik VapSolo 12000 Z\u00fcge 2% 5% Niedrig Nikotin Einweg-Vape<\/p>\n<p><strong>F\u00fcge Amy auf WhatsApp hinzu, um sofort eine Antwort und einen Vape-Gutschein zu erhalten!<\/strong><\/p>\n<p><img fetchpriority=\"high\" decoding=\"async\" class=\"size-full wp-image-2932\" src=\"https:\/\/vapestornado.com\/wp-content\/uploads\/2024\/12\/Vape-Wholesale.jpg\" alt=\"Vape-Gro\u00dfhandel\" width=\"229\" height=\"300\" \/><\/p>\n<h3><a href=\"https:\/\/wa.me\/8617776015835\"><span style=\"color: #ff0000;\"><strong>WhatsApp: +86 17776015835<\/strong><\/span><\/a><\/h3>\n<p>&nbsp;<\/p>","protected":false},"featured_media":3193,"comment_status":"open","ping_status":"closed","template":"","meta":{"_acf_changed":false,"_uag_custom_page_level_css":"","_lmt_disableupdate":"no","_lmt_disable":"","_monsterinsights_skip_tracking":false,"_monsterinsights_sitenote_active":false,"_monsterinsights_sitenote_note":"","_monsterinsights_sitenote_category":0,"site-sidebar-layout":"default","site-content-layout":"","ast-site-content-layout":"default","site-content-style":"default","site-sidebar-style":"default","ast-global-header-display":"","ast-banner-title-visibility":"","ast-main-header-display":"","ast-hfb-above-header-display":"","ast-hfb-below-header-display":"","ast-hfb-mobile-header-display":"","site-post-title":"","ast-breadcrumbs-content":"","ast-featured-img":"","footer-sml-layout":"","ast-disable-related-posts":"","theme-transparent-header-meta":"default","adv-header-id-meta":"","stick-header-meta":"","header-above-stick-meta":"","header-main-stick-meta":"","header-below-stick-meta":"","astra-migrate-meta-layouts":"set","ast-page-background-enabled":"default","ast-page-background-meta":{"desktop":{"background-color":"","background-image":"","background-repeat":"repeat","background-position":"center center","background-size":"auto","background-attachment":"scroll","background-type":"","background-media":"","overlay-type":"","overlay-color":"","overlay-opacity":"","overlay-gradient":""},"tablet":{"background-color":"","background-image":"","background-repeat":"repeat","background-position":"center center","background-size":"auto","background-attachment":"scroll","background-type":"","background-media":"","overlay-type":"","overlay-color":"","overlay-opacity":"","overlay-gradient":""},"mobile":{"background-color":"","background-image":"","background-repeat":"repeat","background-position":"center center","background-size":"auto","background-attachment":"scroll","background-type":"","background-media":"","overlay-type":"","overlay-color":"","overlay-opacity":"","overlay-gradient":""}},"ast-content-background-meta":{"desktop":{"background-color":"var(--ast-global-color-5)","background-image":"","background-repeat":"repeat","background-position":"center center","background-size":"auto","background-attachment":"scroll","background-type":"","background-media":"","overlay-type":"","overlay-color":"","overlay-opacity":"","overlay-gradient":""},"tablet":{"background-color":"var(--ast-global-color-5)","background-image":"","background-repeat":"repeat","background-position":"center center","background-size":"auto","background-attachment":"scroll","background-type":"","background-media":"","overlay-type":"","overlay-color":"","overlay-opacity":"","overlay-gradient":""},"mobile":{"background-color":"var(--ast-global-color-5)","background-image":"","background-repeat":"repeat","background-position":"center center","background-size":"auto","background-attachment":"scroll","background-type":"","background-media":"","overlay-type":"","overlay-color":"","overlay-opacity":"","overlay-gradient":""}},"_joinchat":{"telephone":"+8617776015835"}},"product_brand":[],"product_cat":[72,149,150,156,144,146,171],"product_tag":[165,97,166,94,139,170,169],"class_list":{"0":"post-3201","1":"product","2":"type-product","3":"status-publish","4":"has-post-thumbnail","6":"product_cat-12000-puff","7":"product_cat-buy-disposable-vapes-in-austria","8":"product_cat-buy-disposable-vapes-in-belgium","9":"product_cat-buy-disposable-vapes-in-poland","10":"product_cat-low-nicotine-disposable-vapes","11":"product_cat-rechargeable-disposable-vapes","12":"product_cat-vapsolo-disposable-vapes","13":"product_tag-cheap-vapes","14":"product_tag-hot-sale-disposable-vape","15":"product_tag-low-nicotine-vape","16":"product_tag-rechargeable-disposable-vape","17":"product_tag-vapsolo","18":"product_tag-vapsolo-viking-12000","19":"product_tag-vasolo-12000","20":"desktop-align-left","21":"tablet-align-left","22":"mobile-align-left","24":"first","25":"instock","26":"sale","27":"shipping-taxable","28":"purchasable","29":"product-type-simple"},"acf":[],"uagb_featured_image_src":{"full":["https:\/\/vapestornado.com\/wp-content\/uploads\/2024\/12\/VapSolo-12000-Puffs-Disposable-Vape-Bulk-Buy-Price.jpg",1126,1126,false],"thumbnail":["https:\/\/vapestornado.com\/wp-content\/uploads\/2024\/12\/VapSolo-12000-Puffs-Disposable-Vape-Bulk-Buy-Price-150x150.jpg",150,150,true],"medium":["https:\/\/vapestornado.com\/wp-content\/uploads\/2024\/12\/VapSolo-12000-Puffs-Disposable-Vape-Bulk-Buy-Price-300x300.jpg",300,300,true],"medium_large":["https:\/\/vapestornado.com\/wp-content\/uploads\/2024\/12\/VapSolo-12000-Puffs-Disposable-Vape-Bulk-Buy-Price-768x768.jpg",768,768,true],"large":["https:\/\/vapestornado.com\/wp-content\/uploads\/2024\/12\/VapSolo-12000-Puffs-Disposable-Vape-Bulk-Buy-Price-1024x1024.jpg",1024,1024,true],"1536x1536":["https:\/\/vapestornado.com\/wp-content\/uploads\/2024\/12\/VapSolo-12000-Puffs-Disposable-Vape-Bulk-Buy-Price.jpg",1126,1126,false],"2048x2048":["https:\/\/vapestornado.com\/wp-content\/uploads\/2024\/12\/VapSolo-12000-Puffs-Disposable-Vape-Bulk-Buy-Price.jpg",1126,1126,false],"trp-custom-language-flag":["https:\/\/vapestornado.com\/wp-content\/uploads\/2024\/12\/VapSolo-12000-Puffs-Disposable-Vape-Bulk-Buy-Price.jpg",12,12,false],"woocommerce_thumbnail":["https:\/\/vapestornado.com\/wp-content\/uploads\/2024\/12\/VapSolo-12000-Puffs-Disposable-Vape-Bulk-Buy-Price-300x300.jpg",300,300,true],"woocommerce_single":["https:\/\/vapestornado.com\/wp-content\/uploads\/2024\/12\/VapSolo-12000-Puffs-Disposable-Vape-Bulk-Buy-Price-600x600.jpg",600,600,true],"woocommerce_gallery_thumbnail":["https:\/\/vapestornado.com\/wp-content\/uploads\/2024\/12\/VapSolo-12000-Puffs-Disposable-Vape-Bulk-Buy-Price-100x100.jpg",100,100,true]},"uagb_author_info":{"display_name":"ESAMY","author_link":"https:\/\/vapestornado.com\/de\/author\/"},"uagb_comment_info":0,"uagb_excerpt":"VapSolo Viking 12000 Puffs 2% 5% Low Nicotine Disposable VapeBulk Buy Price VapSolo Viking 12000 Puffs Rechargeable Disposable Vape Wholesale Cheap Factory VapSolo 12000 Puffs 2% 5% Low Nicotine Disposable Vape Add Amy's whatsapp get right reply and vape vape coupon! WhatsApp: +86 17776015835 &nbsp;","_links":{"self":[{"href":"https:\/\/vapestornado.com\/de\/wp-json\/wp\/v2\/product\/3201","targetHints":{"allow":["GET"]}}],"collection":[{"href":"https:\/\/vapestornado.com\/de\/wp-json\/wp\/v2\/product"}],"about":[{"href":"https:\/\/vapestornado.com\/de\/wp-json\/wp\/v2\/types\/product"}],"replies":[{"embeddable":true,"href":"https:\/\/vapestornado.com\/de\/wp-json\/wp\/v2\/comments?post=3201"}],"wp:featuredmedia":[{"embeddable":true,"href":"https:\/\/vapestornado.com\/de\/wp-json\/wp\/v2\/media\/3193"}],"wp:attachment":[{"href":"https:\/\/vapestornado.com\/de\/wp-json\/wp\/v2\/media?parent=3201"}],"wp:term":[{"taxonomy":"product_brand","embeddable":true,"href":"https:\/\/vapestornado.com\/de\/wp-json\/wp\/v2\/product_brand?post=3201"},{"taxonomy":"product_cat","embeddable":true,"href":"https:\/\/vapestornado.com\/de\/wp-json\/wp\/v2\/product_cat?post=3201"},{"taxonomy":"product_tag","embeddable":true,"href":"https:\/\/vapestornado.com\/de\/wp-json\/wp\/v2\/product_tag?post=3201"}],"curies":[{"name":"wp","href":"https:\/\/api.w.org\/{rel}","templated":true}]}}