{"id":3107,"date":"2024-12-13T02:59:26","date_gmt":"2024-12-13T02:59:26","guid":{"rendered":"https:\/\/vapestornado.com\/?post_type=product&#038;p=3107"},"modified":"2025-08-22T10:31:24","modified_gmt":"2025-08-22T10:31:24","slug":"randm-tornado-music-30000-puffs-fumot-bulk-sale-disposable","status":"publish","type":"product","link":"https:\/\/vapestornado.com\/de\/product\/randm-tornado-music-30000-puffs-fumot-bulk-sale-disposable\/","title":{"rendered":"Randm Tornado Musik 30000 Fumot Gro\u00dfhandel Einweg-Vape"},"content":{"rendered":"<h1>Randm Tornado Music 30000 Z\u00fcge Fumot Bulk Sale Einweg-Vape<\/h1>\n<p data-start=\"293\" data-end=\"626\">Der <strong data-start=\"297\" data-end=\"364\">Randm Tornado Music 30000 Z\u00fcge Fumot Bulk Sale Einweg-Vape<\/strong> ist f\u00fcr Dampfer konzipiert, die langlebige Leistung und Komfort w\u00fcnschen. Mit beeindruckenden <strong data-start=\"458\" data-end=\"482\">30.000 Z\u00fcge Kapazit\u00e4t<\/strong>, einem <strong data-start=\"486\" data-end=\"517\">600mAh Akku<\/strong>, und fortschrittlich <strong data-start=\"532\" data-end=\"569\">1.0\u03a9 Mesh-Coil-Luftstromtechnologie<\/strong>, liefert sie bei jedem Zug gleichm\u00e4\u00dfigen, sanften Dampf.<\/p>\n<p data-start=\"628\" data-end=\"848\">Kompakt und stilvoll, ist der Tornado Music 30K einfach zu tragen und ideal f\u00fcr den ganzen Tag Dampfen. Vorbef\u00fcllt mit einer breiten Palette von <strong data-start=\"750\" data-end=\"771\">30 einzigartigen Geschmacksrichtungen<\/strong>, bietet f\u00fcr jeden Geschmack etwas \u2013 von fruchtigen bis zu eisigen Mischungen.<\/p>\n<p data-start=\"850\" data-end=\"1048\">F\u00fcr Gro\u00dfh\u00e4ndler und Einzelh\u00e4ndler, die <strong data-start=\"885\" data-end=\"920\">Fumot Randm 30k Einweg-Vape<\/strong> kombiniert hohe Kapazit\u00e4t, starke Markenbekanntheit und Mengenrabatt-Preis, was sie zu einer profitablen Wahl f\u00fcr den europ\u00e4ischen Markt macht.<\/p>\n<p><img fetchpriority=\"high\" decoding=\"async\" class=\"wp-image-3114 alignleft\" src=\"https:\/\/vapestornado.com\/wp-content\/uploads\/2024\/12\/Randm-tornado-vape-30000-puffs.jpg\" alt=\"Randm Tornado Vape 30.000 Z\u00fcge Gro\u00dfhandelspreis\" width=\"559\" height=\"559\" srcset=\"https:\/\/vapestornado.com\/wp-content\/uploads\/2024\/12\/Randm-tornado-vape-30000-puffs.jpg 800w, https:\/\/vapestornado.com\/wp-content\/uploads\/2024\/12\/Randm-tornado-vape-30000-puffs-300x300.jpg 300w, https:\/\/vapestornado.com\/wp-content\/uploads\/2024\/12\/Randm-tornado-vape-30000-puffs-150x150.jpg 150w, https:\/\/vapestornado.com\/wp-content\/uploads\/2024\/12\/Randm-tornado-vape-30000-puffs-768x768.jpg 768w, https:\/\/vapestornado.com\/wp-content\/uploads\/2024\/12\/Randm-tornado-vape-30000-puffs-600x600.jpg 600w, https:\/\/vapestornado.com\/wp-content\/uploads\/2024\/12\/Randm-tornado-vape-30000-puffs-100x100.jpg 100w\" sizes=\"(max-width: 559px) 100vw, 559px\" \/><\/p>\n<p style=\"padding-left: 40px;\">\u00a0<img decoding=\"async\" class=\"wp-image-3124 alignleft\" src=\"https:\/\/vapestornado.com\/wp-content\/uploads\/2024\/12\/LYN-whatsapp-846x1024.jpg\" alt=\"LYN WhatsApp\" width=\"290\" height=\"351\" srcset=\"https:\/\/vapestornado.com\/wp-content\/uploads\/2024\/12\/LYN-whatsapp-846x1024.jpg 846w, https:\/\/vapestornado.com\/wp-content\/uploads\/2024\/12\/LYN-whatsapp-248x300.jpg 248w, https:\/\/vapestornado.com\/wp-content\/uploads\/2024\/12\/LYN-whatsapp-768x930.jpg 768w, https:\/\/vapestornado.com\/wp-content\/uploads\/2024\/12\/LYN-whatsapp-600x726.jpg 600w, https:\/\/vapestornado.com\/wp-content\/uploads\/2024\/12\/LYN-whatsapp.jpg 1046w\" sizes=\"(max-width: 290px) 100vw, 290px\" \/><\/p>\n<p><em><strong><span style=\"color: #ff0000;\">Kontaktieren Sie mich, indem Sie diesen Code scannen, um mehr \u00fcber Z\u00fcge zu erfahren<\/span><\/strong><\/em><\/p>\n<p><em><strong>WhatsApp\uff1a<a href=\"https:\/\/wa.me\/8617840853976\" target=\"_blank\" rel=\"noopener\">+86178 4085 3976<\/a><\/strong><\/em><\/p>\n<p>&nbsp;<\/p>\n<h2><\/h2>\n<h2><strong>Produkt-Highlights f\u00fcr 30k Music Fumot Vape.<br \/>\n<\/strong><\/h2>\n<p>(1) Batterie\uff1a<span style=\"color: #ff0000;\">600mAh<\/span> aufladbar, um eine lang anhaltende Leistung zu gew\u00e4hrleisten.<\/p>\n<p>(2) Nikotin\uff1abietet <span style=\"color: #ff0000;\">2%\/5% Nikotin<\/span> zur Auswahl f\u00fcr verschiedene Nutzer.<\/p>\n<p>(3) Z\u00fcge\uff1aangebot<span style=\"color: #ff0000;\">r 30000 Z\u00fcge<\/span>,kann lange Zeit verwendet werden und erfordert keinen h\u00e4ufigen Austausch.<\/p>\n<p>(4) <span style=\"color: #ff0000;\">30 Geschmacksrichtungen<\/span>\uff1aes kann mehr Geschmacksrichtungen gew\u00e4hlt werden, und 50 St\u00fcck k\u00f6nnen mindestens 5 Geschmacksrichtungen w\u00e4hlen.<\/p>\n<p>(5) Ladeanschluss\uff1a<span style=\"color: #ff0000;\">Typ-C<\/span> Schnelllade-Schnittstelle, unterst\u00fctzt Ladefunktion.<\/p>\n<p>(6) <span style=\"color: #ff0000;\">Musiklicht<\/span>\uff1aRandm 30k\u2019s Licht wird beim Gebrauch synchron mit der Musik wechseln und so ein verbessertes Dampferlebnis schaffen.<\/p>\n<h2><strong>Welche Geschmacksrichtungen sind bei den 30k Fumot Einweg-Vapes erh\u00e4ltlich?<br \/>\n<\/strong><\/h2>\n<p><em><span style=\"color: #000000;\"><strong>1. Banane Eis: <\/strong><\/span><\/em>Eine sanfte Mischung aus reifen Bananen mit einem erfrischenden eisigen Abgang.<br \/>\n<span style=\"color: #000000;\"><strong><em>2. Schwarzer Eis:<\/em> <\/strong><\/span>Kraftvoller schwarzer Johannisbeergeschmack mit einem k\u00fchlen Menthol-Twist.<br \/>\n<em><strong><span style=\"color: #000000;\">3. Blauer Razz Eis:<\/span> <\/strong><\/em>S\u00fc\u00dfer und herber blauer Himbeergeschmack mit einem frostigen Kick.<br \/>\n<em><strong><span style=\"color: #000000;\">4. Blaubeere auf Eis:<\/span><\/strong> <\/em>Saftige Blaubeeren kombiniert mit einer k\u00fchlenden Menthol-Brise.<br \/>\n<em><strong><span style=\"color: #000000;\">5. Blaubeere Himbeere:<\/span><\/strong><\/em> Eine k\u00f6stliche Mischung aus s\u00fc\u00dfen Blaubeeren und sauren Himbeeren.<br \/>\n<em><strong><span style=\"color: #000000;\">6. Blaubeere Sauer Himbeere:<\/span> <\/strong><\/em>Blaubeeren und Himbeeren mit einer sauren Note.<br \/>\n<em><strong><span style=\"color: #000000;\">7. Kirsche Eis:<\/span> <\/strong><\/em>S\u00fc\u00dfe Kirschen mit einem erfrischenden eisigen Hauch.<br \/>\n<em><strong><span style=\"color: #000000;\">8. Kirsche Cola:<\/span> <\/strong><\/em>Klassischer Cola-Geschmack mit einem Hauch Kirsche.<br \/>\n<em><strong><span style=\"color: #000000;\">9. Cola Eis:<\/span> <\/strong><\/em>Spritzige Cola mit einem k\u00fchlen Menthol-Abschluss.<br \/>\n<em><strong><span style=\"color: #000000;\">10. Frischer Minze:<\/span><\/strong> <\/em>Knackiger und erfrischender Minzgeschmack.<br \/>\n<em><strong><span style=\"color: #000000;\">11. Doppelter Apfel:<\/span><\/strong> <\/em>Eine Mischung aus s\u00fc\u00dfen und sauren \u00c4pfeln.<br \/>\n<em><strong><span style=\"color: #000000;\">12. Dr Blue:<\/span><\/strong> <\/em>Eine mysteri\u00f6se Mischung aus Beeren mit einem k\u00fchlen Abgang.<br \/>\n<em><strong><span style=\"color: #000000;\">13. Trauben Eis:<\/span> <\/strong><\/em>S\u00fc\u00dfe Trauben mit einem frostigen Menthol-Twist.<br \/>\n<em><strong><span style=\"color: #000000;\">14. Eis am Stiel:<\/span> <\/strong><\/em>Eine nostalgische Mischung aus fruchtigen Eis am Stiel-Aromen.<br \/>\n<em><strong><span style=\"color: #000000;\">15. Kiwi Passionsfrucht Guave:<\/span><\/strong> <\/em>Exotische Kiwi, Passionsfrucht und Guave Mischung.<br \/>\n<em><strong><span style=\"color: #000000;\">16. Liebe 66:<\/span> <\/strong><\/em>Eine einzigartige Mischung aus tropischen Fr\u00fcchten mit einem Hauch von Menthol.<br \/>\n<em><strong><span style=\"color: #000000;\">17. Lush Ice:<\/span><\/strong> <\/em>Wassermelone mit einem erfrischenden eisigen Abschluss.<br \/>\n<em><strong><span style=\"color: #000000;\">18. Gemischte Beeren:<\/span><\/strong><\/em> Eine Melodie verschiedener Beeren.<br \/>\n<em><strong><span style=\"color: #000000;\">19. Pfirsich Beere:<\/span> <\/strong><\/em>Saftige Pfirsiche mit einem Beeren-Twist.<br \/>\n<em><strong><span style=\"color: #000000;\">20. Pfirsich Eis:<\/span> <\/strong><\/em>S\u00fc\u00dfe Pfirsiche mit einem k\u00fchlen Menthol-Finish.<br \/>\n<em><strong><span style=\"color: #000000;\">21. Pfirsich Mango Ananas:<\/span><\/strong> <\/em>Eine tropische Mischung aus Pfirsich, Mango und Ananas.<br \/>\n<em><strong><span style=\"color: #000000;\">22. Ananas Eis:<\/span> <\/strong><\/em>S\u00fc\u00dfe und herbe Ananas mit einem frostigen Touch.<br \/>\n<em><strong><span style=\"color: #000000;\">23. Pinke Limonade:<\/span> <\/strong><\/em>Herbe Limonade mit einem Hauch von Beere.<br \/>\n<em><strong><span style=\"color: #000000;\">24. Skittles:<\/span> <\/strong><\/em>Ein Regenbogen aus fruchtigen Geschmacksrichtungen.<br \/>\n<em><strong><span style=\"color: #000000;\">25. Erdbeer-Banane:<\/span> <\/strong><\/em>Ein klassischer Mix aus s\u00fc\u00dfen Erdbeeren und cremigen Bananen.<br \/>\n<em><strong><span style=\"color: #000000;\">26. Erdbeer-Traube:<\/span><\/strong> <\/em>S\u00fc\u00dfe Erdbeeren kombiniert mit saftigen Trauben.<br \/>\n<em><strong><span style=\"color: #000000;\">27. Erdbeer-Eis:<\/span><\/strong> <\/em>Frische Erdbeeren mit einem k\u00fchlen Menthol-Finish.<br \/>\n<em><strong><span style=\"color: #000000;\">28. Erdbeer-Wassermelone:<\/span> <\/strong><\/em>Ein erfrischender Mix aus Erdbeeren und Wassermelone.<br \/>\n<em><strong><span style=\"color: #000000;\">29. Dreifacher Mango:<\/span> <\/strong><\/em>Ein intensiver Mangogeschmack mit dreifacher Power.<br \/>\n<em><strong><span style=\"color: #000000;\">30. Vimto:<\/span> <\/strong><\/em>Eine einzigartige Mischung aus Fruchtmix, inspiriert vom klassischen Getr\u00e4nk.<\/p>\n<div class=\"flex-shrink-0 flex flex-col relative items-end\">\n<div class=\"pt-0\">\n<div class=\"gizmo-bot-avatar flex h-8 w-8 items-center justify-center overflow-hidden rounded-full\">\n<div class=\"relative p-1 rounded-sm flex items-center justify-center bg-token-main-surface-primary text-token-text-primary h-8 w-8\">\n<h2><strong>FAQ:<\/strong><\/h2>\n<h4>F\uff1aWarum den Fumot RANDM Tornado Einweg-Vape mit 30.000 Z\u00fcgen w\u00e4hlen?<\/h4>\n<p><span style=\"color: #000000;\"><b>A\uff1a<\/b><\/span>W\u00e4hlen Sie Fumot RANDM Tornado 15000 Z\u00fcge f\u00fcr langanhaltendes, geschmackvolles und sorgenfreies Dampfen. Perfekt f\u00fcr Gro\u00dfbestellungen.<\/p>\n<h4>F\uff1aWas ist die Mindestbestellmenge f\u00fcr den Gro\u00dfhandel bei Fumot Einweg-Vape mit 30k?<\/h4>\n<p><span style=\"color: #000000;\"><b>A\uff1a<\/b><\/span>Die Mindestbestellmenge f\u00fcr den Fumot 30k Tornado Music Einweg-Vape betr\u00e4gt 50 St\u00fcck, je mehr Sie bestellen, desto besser ist der Preis.<\/p>\n<h4>F: Steigt der Rabatt mit der Bestellmenge?<\/h4>\n<p><span style=\"color: #000000;\"><b>A\uff1a<\/b>Wir bieten den Rabatt zu einem sehr niedrigen Preis an, aber der Preis wird bei einer Erh\u00f6hung der Bestellmenge nicht sinken. Wir werden jedoch unser Bestes tun, um ein Muster f\u00fcr Sie zu beantragen. Schlie\u00dflich hoffen wir, dass Sie eine gute Erfahrung machen.<\/span><\/p>\n<h4>F: Kann man das Paket selbst verfolgen?<\/h4>\n<p><strong><span style=\"color: #000000;\"><b>A\uff1a<\/b><\/span><\/strong><span style=\"color: #000000;\">Ja, sobald das Paket versendet wurde, senden wir Ihnen eine Sendungsverfolgungsnummer <\/span><span style=\"color: #000000;\">damit Sie den Status \u00fcberpr\u00fcfen k\u00f6nnen. Au\u00dferdem werden wir die Sendung verfolgen, bis Sie sie erhalten haben, und Sie w\u00e4hrend des gesamten Prozesses auf dem Laufenden halten.<\/span><\/p>\n<p>andere Vapes, die Sie vielleicht auch m\u00f6gen<br \/>\n<a href=\"https:\/\/vapestornado.com\/de\/product-category\/30000-puff\/\">30000 Z\u00fcge Vape<\/a><\/p>\n<\/div>\n<\/div>\n<\/div>\n<\/div>","protected":false},"excerpt":{"rendered":"<p><em><strong>Randm 30k Einweg-Musik-Vape, die 30.000 Z\u00fcge und 30 Geschmacksrichtungen zur Auswahl bietet.\u00a0 <\/strong><\/em><\/p>\n<p><em><strong>Wir haben 2% oder 5% Nikotinst\u00e4rke, die im Fumot 15k Vape gew\u00e4hlt werden k\u00f6nnen. Au\u00dferdem verkaufen wir Gro\u00dfpackungen und bieten den besten Service.<\/strong><\/em><\/p>\n<figure id=\"attachment_3124\" aria-describedby=\"caption-attachment-3124\" style=\"width: 248px\" class=\"wp-caption alignleft\"><img decoding=\"async\" class=\"size-medium wp-image-3124\" src=\"https:\/\/vapestornado.com\/wp-content\/uploads\/2024\/12\/LYN-whatsapp-248x300.jpg\" alt=\"LYN WhatsApp\" width=\"248\" height=\"300\" srcset=\"https:\/\/vapestornado.com\/wp-content\/uploads\/2024\/12\/LYN-whatsapp-248x300.jpg 248w, https:\/\/vapestornado.com\/wp-content\/uploads\/2024\/12\/LYN-whatsapp-846x1024.jpg 846w, https:\/\/vapestornado.com\/wp-content\/uploads\/2024\/12\/LYN-whatsapp-768x930.jpg 768w, https:\/\/vapestornado.com\/wp-content\/uploads\/2024\/12\/LYN-whatsapp-600x726.jpg 600w, https:\/\/vapestornado.com\/wp-content\/uploads\/2024\/12\/LYN-whatsapp.jpg 1046w\" sizes=\"(max-width: 248px) 100vw, 248px\" \/><figcaption id=\"caption-attachment-3124\" class=\"wp-caption-text\"><a href=\"https:\/\/wa.me\/8617840853976\"><em><strong>Kontaktieren Sie Lyn, um mehr \u00fcber Z\u00fcge zu erfahren<\/strong><\/em><\/a><\/figcaption><\/figure>","protected":false},"featured_media":3109,"comment_status":"open","ping_status":"closed","template":"","meta":{"_acf_changed":false,"_uag_custom_page_level_css":"","_lmt_disableupdate":"no","_lmt_disable":"","_monsterinsights_skip_tracking":false,"_monsterinsights_sitenote_active":false,"_monsterinsights_sitenote_note":"","_monsterinsights_sitenote_category":0,"site-sidebar-layout":"default","site-content-layout":"","ast-site-content-layout":"default","site-content-style":"default","site-sidebar-style":"default","ast-global-header-display":"","ast-banner-title-visibility":"","ast-main-header-display":"","ast-hfb-above-header-display":"","ast-hfb-below-header-display":"","ast-hfb-mobile-header-display":"","site-post-title":"","ast-breadcrumbs-content":"","ast-featured-img":"","footer-sml-layout":"","ast-disable-related-posts":"","theme-transparent-header-meta":"default","adv-header-id-meta":"","stick-header-meta":"","header-above-stick-meta":"","header-main-stick-meta":"","header-below-stick-meta":"","astra-migrate-meta-layouts":"set","ast-page-background-enabled":"default","ast-page-background-meta":{"desktop":{"background-color":"","background-image":"","background-repeat":"repeat","background-position":"center center","background-size":"auto","background-attachment":"scroll","background-type":"","background-media":"","overlay-type":"","overlay-color":"","overlay-opacity":"","overlay-gradient":""},"tablet":{"background-color":"","background-image":"","background-repeat":"repeat","background-position":"center center","background-size":"auto","background-attachment":"scroll","background-type":"","background-media":"","overlay-type":"","overlay-color":"","overlay-opacity":"","overlay-gradient":""},"mobile":{"background-color":"","background-image":"","background-repeat":"repeat","background-position":"center center","background-size":"auto","background-attachment":"scroll","background-type":"","background-media":"","overlay-type":"","overlay-color":"","overlay-opacity":"","overlay-gradient":""}},"ast-content-background-meta":{"desktop":{"background-color":"var(--ast-global-color-5)","background-image":"","background-repeat":"repeat","background-position":"center center","background-size":"auto","background-attachment":"scroll","background-type":"","background-media":"","overlay-type":"","overlay-color":"","overlay-opacity":"","overlay-gradient":""},"tablet":{"background-color":"var(--ast-global-color-5)","background-image":"","background-repeat":"repeat","background-position":"center center","background-size":"auto","background-attachment":"scroll","background-type":"","background-media":"","overlay-type":"","overlay-color":"","overlay-opacity":"","overlay-gradient":""},"mobile":{"background-color":"var(--ast-global-color-5)","background-image":"","background-repeat":"repeat","background-position":"center center","background-size":"auto","background-attachment":"scroll","background-type":"","background-media":"","overlay-type":"","overlay-color":"","overlay-opacity":"","overlay-gradient":""}},"_joinchat":{"telephone":"17776015835"}},"product_brand":[],"product_cat":[19,67,58],"product_tag":[83,125,124,126,78,114],"class_list":{"0":"post-3107","1":"product","2":"type-product","3":"status-publish","4":"has-post-thumbnail","6":"product_cat-vapes","7":"product_cat-30000-puff","8":"product_cat-fumot-vape","9":"product_tag-fumot-vape","10":"product_tag-randm-30000","11":"product_tag-randm-tornado-30000","12":"product_tag-randm-tornado-30k","13":"product_tag-randm-vape","14":"product_tag-tornado-vape","15":"desktop-align-left","16":"tablet-align-left","17":"mobile-align-left","19":"first","20":"instock","21":"sale","22":"shipping-taxable","23":"purchasable","24":"product-type-simple"},"acf":[],"uagb_featured_image_src":{"full":["https:\/\/vapestornado.com\/wp-content\/uploads\/2024\/12\/Randm-disposable-vape-30k-puffs.jpg",800,800,false],"thumbnail":["https:\/\/vapestornado.com\/wp-content\/uploads\/2024\/12\/Randm-disposable-vape-30k-puffs-150x150.jpg",150,150,true],"medium":["https:\/\/vapestornado.com\/wp-content\/uploads\/2024\/12\/Randm-disposable-vape-30k-puffs-300x300.jpg",300,300,true],"medium_large":["https:\/\/vapestornado.com\/wp-content\/uploads\/2024\/12\/Randm-disposable-vape-30k-puffs-768x768.jpg",768,768,true],"large":["https:\/\/vapestornado.com\/wp-content\/uploads\/2024\/12\/Randm-disposable-vape-30k-puffs.jpg",800,800,false],"1536x1536":["https:\/\/vapestornado.com\/wp-content\/uploads\/2024\/12\/Randm-disposable-vape-30k-puffs.jpg",800,800,false],"2048x2048":["https:\/\/vapestornado.com\/wp-content\/uploads\/2024\/12\/Randm-disposable-vape-30k-puffs.jpg",800,800,false],"trp-custom-language-flag":["https:\/\/vapestornado.com\/wp-content\/uploads\/2024\/12\/Randm-disposable-vape-30k-puffs.jpg",12,12,false],"woocommerce_thumbnail":["https:\/\/vapestornado.com\/wp-content\/uploads\/2024\/12\/Randm-disposable-vape-30k-puffs-300x300.jpg",300,300,true],"woocommerce_single":["https:\/\/vapestornado.com\/wp-content\/uploads\/2024\/12\/Randm-disposable-vape-30k-puffs-600x600.jpg",600,600,true],"woocommerce_gallery_thumbnail":["https:\/\/vapestornado.com\/wp-content\/uploads\/2024\/12\/Randm-disposable-vape-30k-puffs-100x100.jpg",100,100,true]},"uagb_author_info":{"display_name":"ESLYN","author_link":"https:\/\/vapestornado.com\/de\/author\/"},"uagb_comment_info":0,"uagb_excerpt":"Randm 30k disaposable music vape that can offer 30,000 puffs and 30 flavors to choose.\u00a0 We have 2% or 5% Nicotine level can be choose in Fumot 30k vapes. Beside,we are sale Bulk price and have best service. [caption id=\"attachment_3124\" align=\"alignleft\" width=\"248\"] Contact Lyn to know more about puffs[\/caption]","_links":{"self":[{"href":"https:\/\/vapestornado.com\/de\/wp-json\/wp\/v2\/product\/3107","targetHints":{"allow":["GET"]}}],"collection":[{"href":"https:\/\/vapestornado.com\/de\/wp-json\/wp\/v2\/product"}],"about":[{"href":"https:\/\/vapestornado.com\/de\/wp-json\/wp\/v2\/types\/product"}],"replies":[{"embeddable":true,"href":"https:\/\/vapestornado.com\/de\/wp-json\/wp\/v2\/comments?post=3107"}],"wp:featuredmedia":[{"embeddable":true,"href":"https:\/\/vapestornado.com\/de\/wp-json\/wp\/v2\/media\/3109"}],"wp:attachment":[{"href":"https:\/\/vapestornado.com\/de\/wp-json\/wp\/v2\/media?parent=3107"}],"wp:term":[{"taxonomy":"product_brand","embeddable":true,"href":"https:\/\/vapestornado.com\/de\/wp-json\/wp\/v2\/product_brand?post=3107"},{"taxonomy":"product_cat","embeddable":true,"href":"https:\/\/vapestornado.com\/de\/wp-json\/wp\/v2\/product_cat?post=3107"},{"taxonomy":"product_tag","embeddable":true,"href":"https:\/\/vapestornado.com\/de\/wp-json\/wp\/v2\/product_tag?post=3107"}],"curies":[{"name":"wp","href":"https:\/\/api.w.org\/{rel}","templated":true}]}}