{"id":3103,"date":"2024-12-12T09:36:42","date_gmt":"2024-12-12T09:36:42","guid":{"rendered":"https:\/\/vapestornado.com\/?post_type=product&#038;p=3103"},"modified":"2025-08-23T11:16:54","modified_gmt":"2025-08-23T11:16:54","slug":"randm-tornado-7k-puffs-hot-sale-rechargeable-vape","status":"publish","type":"product","link":"https:\/\/vapestornado.com\/de\/product\/randm-tornado-7k-puffs-hot-sale-rechargeable-vape\/","title":{"rendered":"Randm Tornado 7k Z\u00fcge Wiederaufladbarer Vape Hei\u00dfer Verkauf"},"content":{"rendered":"<h1>Randm Tornado 7k Z\u00fcge Wiederaufladbarer Vape Hei\u00dfer Verkauf<\/h1>\n<p>&nbsp;<\/p>\n<div role=\"article\" data-tabster=\"{&quot;groupper&quot;:{&quot;tabbability&quot;:2},&quot;focusable&quot;:{}}\" data-content=\"ai-message\" aria-labelledby=\"64JRvXrTnY7mRmPkEQLLT-author 64JRvXrTnY7mRmPkEQLLT-content\">\n<div id=\"64JRvXrTnY7mRmPkEQLLT-content\">\n<p>Steigern Sie Ihr Dampferlebnis mit dem wiederaufladbaren Randm Tornado 7000 Puffs Pre-filled Vape, einem Gipfel an Luxus und Leistung. Dieses High-End-Ger\u00e4t verf\u00fcgt \u00fcber eine bemerkenswerte Tankkapazit\u00e4t von 15 ml, die ein l\u00e4ngeres Dampfvergn\u00fcgen erm\u00f6glicht, ohne dass st\u00e4ndiges Nachf\u00fcllen erforderlich ist. Der robuste 850-mAh-Akku sorgt f\u00fcr eine nahtlose, ununterbrochene Nutzung und macht ihn zu einem zuverl\u00e4ssigen Begleiter, egal ob zu Hause oder unterwegs.<\/p>\n<p>Eines der herausragenden Merkmale des RandM Vape Tornado 7000 ist seine Vielseitigkeit bei E-Liquids. Dies erm\u00f6glicht es Ihnen, eine vielf\u00e4ltige Palette von Aromen zu erkunden, von belebenden Fruchtmischungen bis hin zu reichhaltigem, befriedigendem Tabak. Personalisieren Sie Ihre Dampfreise, um Ihren anspruchsvollen Gaumen zu befriedigen und sicherzustellen, dass jeder Zug ein einzigartiges Erlebnis ist.<\/p>\n<p>Die fortschrittliche Mesh-Coil-Technologie, die in den RandM Tornado 7k Puffs eingebettet ist, maximiert den Geschmack und die Dampfproduktion und verwandelt jeden Atemzug in ein exquisites Geschmackserlebnis. Sein benutzerfreundliches Design in Verbindung mit dem praktischen USB-C-Ladesystem macht dieses Ger\u00e4t ebenso praktisch wie leistungsstark.<\/p>\n<p>F\u00fcr diejenigen, die das Beste an Qualit\u00e4t und Leistung verlangen, ist der RandM Tornado 7000 Einweg-Vape die ultimative Wahl. Seine Mischung aus \u00fcberlegener Bauweise, innovativen Funktionen und Geschmacksvielfalt setzt einen neuen Standard im luxuri\u00f6sen Dampfen. Erleben Sie den Unterschied mit einem Ger\u00e4t, das f\u00fcr Kenner entwickelt wurde, die die sch\u00f6nen Dinge im Leben sch\u00e4tzen.<\/p>\n<\/div>\n<\/div>\n<p>&nbsp;<\/p>\n<p><img fetchpriority=\"high\" decoding=\"async\" class=\"wp-image-2951\" src=\"https:\/\/vapestornado.com\/wp-content\/uploads\/2024\/12\/Wholesale-Disposable-Vape-265x300.jpg\" alt=\"Einweg-Vape im Gro\u00dfhandel\" width=\"295\" height=\"334\" srcset=\"https:\/\/vapestornado.com\/wp-content\/uploads\/2024\/12\/Wholesale-Disposable-Vape-265x300.jpg 265w, https:\/\/vapestornado.com\/wp-content\/uploads\/2024\/12\/Wholesale-Disposable-Vape-768x871.jpg 768w, https:\/\/vapestornado.com\/wp-content\/uploads\/2024\/12\/Wholesale-Disposable-Vape-600x680.jpg 600w, https:\/\/vapestornado.com\/wp-content\/uploads\/2024\/12\/Wholesale-Disposable-Vape.jpg 823w\" sizes=\"(max-width: 295px) 100vw, 295px\" \/><\/p>\n<h6>F\u00fcr Rabattpreis kontaktieren Sie bitte Mandys WhatsApp<a href=\"https:\/\/wa.me\/8618077105796\" target=\"_blank\" rel=\"noopener\">+8618077105796<\/a><\/h6>\n<h2><strong>Randm Vape 7000 Puffs \u2013 Hauptspezifikationen<\/strong><\/h2>\n<ul>\n<li><strong>Batteriekapazit\u00e4t<\/strong>: 850mAh f\u00fcr l\u00e4ngere Dampfsitzungen.<\/li>\n<li><strong>E-Liquid-Volumen<\/strong>: 15 ml Tank sorgt f\u00fcr dauerhaften Geschmack und Zufriedenheit.<\/li>\n<li><strong>Zugzahl<\/strong>: Bis zu 7.000 Z\u00fcge f\u00fcr den Langzeitgebrauch.<\/li>\n<li><strong>Aufladen<\/strong>: Ausgestattet mit einem USB-C-Anschluss zum schnellen und bequemen Aufladen.<\/li>\n<li><strong>Spulentyp<\/strong>: Fortschrittliche Mesh-Spule f\u00fcr einen sanfteren und geschmackvolleren Dampf.<\/li>\n<li><strong>Beleuchtungsfunktion<\/strong>: Die RGB-Tankbeleuchtung f\u00fcgt ein stilvolles und dynamisches visuelles Element hinzu.<\/li>\n<\/ul>\n<h2><strong>Tornado Vape Randm 7k Puffs Geschmacksliste:<\/strong><\/h2>\n<p>1 K\u00fchle Minze<br \/>\n2 \u00dcppiges Eis<br \/>\n3 Mandarinen-Eis<br \/>\n4 Erdbeer-Donut<br \/>\n5 Gummib\u00e4rchen<br \/>\n6 Blaubeere auf Eis<br \/>\n7 Mango auf Eis<br \/>\n8 Pfirsich-Eis<br \/>\n9 Bananen-Eis<br \/>\n10 Trauben-Eis<br \/>\n11 Pinke Limonade<br \/>\n12 Pina Colada Rum<br \/>\n13 Gemischte Beeren<br \/>\n14 Bananen-Milchshake<br \/>\n15 Erdbeer-Wassermelone<br \/>\n16 Roter Apfel Zitrone<br \/>\n17 Ananas-Eis<br \/>\n18 Zuckerwatte<br \/>\n19 Erdbeer-Banane<br \/>\n20 Erdbeer-Eis<br \/>\n21 Erdbeer-Kiwi<br \/>\n22.Rote Energie Eis<br \/>\n23.Blue Razz Limonade<br \/>\n24.Roter Apfel Eis<br \/>\n25.Beeren-Limonade<br \/>\n26.Blaubeer-Kaugummi<br \/>\n27.Bluesour Himbeere<br \/>\n28.Dr. Blue<br \/>\n29. Apfel Pfirsich Birne<br \/>\n30. Blaubeere Granatapfel<br \/>\n31. Vimto<br \/>\n32. Kiwi Passionsfrucht Guave<br \/>\n33. Colaice<br \/>\n34. Saurer Apfel<br \/>\n35. Schwarze Johannisbeere Menthol<br \/>\n36. Tiger Blood<br \/>\n37. Pfirsich Blaubeer Bonbon<br \/>\n38. Pfirsich Mango<br \/>\n39. Erdbeer Red Bull<br \/>\n40. Schwarze Johannisbeere Eis<br \/>\n41. Erdbeer Wassermelonenlimonade<br \/>\n42. Kirsche<br \/>\n43. Blaue Himbeer Kirsche<br \/>\n44. Skittles<br \/>\n45. Blaubeer Himbeere<br \/>\n46. Erdbeer Traube<br \/>\n47. Blaubeer Kirsch Cranberry<br \/>\n48. Apfel Beeren Explosion<br \/>\n49. Cherry Cola<br \/>\n50. Zitrone<br \/>\n51. Pink Burst<br \/>\n52. Pacific Cooler<br \/>\n53. Ice Pop<br \/>\n54. Bingo Crush<br \/>\n55. Vimto Crush<br \/>\n56. Tabak<\/p>\n<div role=\"article\" data-tabster=\"{&quot;groupper&quot;:{&quot;tabbability&quot;:2},&quot;focusable&quot;:{}}\" data-content=\"ai-message\" aria-labelledby=\"dARUyEWDoEYhnSPXFwx5A-author dARUyEWDoEYhnSPXFwx5A-content\">\n<div id=\"dARUyEWDoEYhnSPXFwx5A-content\">\n<h2>Warum die RandM Tornado 7000 Puffs Vapes w\u00e4hlen bei <a href=\"https:\/\/vapestornado.com\/de\/store\/\">vapestornado.de<\/a>?<\/h2>\n<p><strong>1. \u00dcberlegene Tankkapazit\u00e4t<\/strong>: Der RandM Tornado 7000 Puffs Vape verf\u00fcgt \u00fcber eine herausragende Tankkapazit\u00e4t von 15 ml, die erweiterte Vaping-Sessions erm\u00f6glicht, ohne dass st\u00e4ndiges Nachf\u00fcllen erforderlich ist. Perfekt f\u00fcr lange Tage und ununterbrochenen Genuss.<\/p>\n<p><strong>2. Robuste Batterieleistung<\/strong>: Ausgestattet mit einem wiederaufladbaren 850 mAh-Akku garantiert dieses Ger\u00e4t eine kontinuierliche und zuverl\u00e4ssige Leistung, sodass Sie nie einen Takt verpassen, egal ob zu Hause oder unterwegs.<\/p>\n<p><strong>3. Vielseitigkeit der Aromen<\/strong>: Der RandM Tornado 7000 ist mit einer Vielzahl von E-Liquids kompatibel und erm\u00f6glicht es Ihnen, Ihr Dampferlebnis individuell anzupassen. Von frischen Fruchtmischungen bis hin zu reichhaltigen Tabakaromen sind Ihre Optionen grenzenlos.<\/p>\n<p><strong>4. Fortschrittliche Mesh-Coil-Technologie<\/strong>: Die innovative Mesh-Coil-Technologie sorgt f\u00fcr eine optimale Geschmacksentwicklung und Dampfproduktion und verwandelt jeden Zug in ein erstklassiges Geschmackserlebnis. Erleben Sie mit jedem Einatmen den H\u00f6hepunkt der Geschmacksintensit\u00e4t.<\/p>\n<p><strong>5. Benutzerfreundliches Design<\/strong>: Mit einfacher Nachf\u00fcllbarkeit und einem praktischen USB-C-Ladesystem ist der RandM Tornado 7000 auf Komfort und Effizienz ausgelegt. Er ist nicht nur leistungsstark, sondern auch unglaublich einfach zu bedienen.<\/p>\n<p>W\u00e4hlen Sie den RandM Tornado 7000 Puffs Vape Pod von <a href=\"https:\/\/vapestornado.com\/de\/store\/\">vapestornado.de<\/a> f\u00fcr ein Dampferlebnis, das Luxus, Leistung und Vielseitigkeit vereint.<\/p>\n<\/div>\n<\/div>\n<h2>FAQs zum wiederaufladbaren RandM Tornado 7000 Puffs Vape<\/h2>\n<p><strong>F: Wie viele Z\u00fcge kann ich vom RandM Tornado 7000 erwarten?<\/strong><\/p>\n<p><strong>A:<\/strong> Der RandM Tornado 7000 bietet ungef\u00e4hr 7.000 Z\u00fcge pro Ger\u00e4t und gew\u00e4hrleistet so ein langanhaltendes Dampferlebnis.<\/p>\n<p><strong>F: Was ist die Batteriekapazit\u00e4t des RandM Tornado 7000?<\/strong><\/p>\n<p><strong>A:<\/strong> Der RandM Tornado 7000 ist mit einem wiederaufladbaren 850-mAh-Akku ausgestattet, der eine konstante Leistung und Zuverl\u00e4ssigkeit bietet.<\/p>\n<p><strong>F: Wie lade ich den RandM Tornado 7000 Puff Vape Pen auf?<\/strong><\/p>\n<p><strong>A:<\/strong> Das Ger\u00e4t verf\u00fcgt \u00fcber einen USB-C-Ladeanschluss, der das Aufladen erleichtert. Schlie\u00dfen Sie das Ger\u00e4t einfach an ein kompatibles Ladeger\u00e4t an und laden Sie es nach Bedarf auf.<\/p>\n<p><strong>F: Welche E-Liquid-Kapazit\u00e4t hat der Randm Vape Tornado 7000 Puffs?<\/strong><\/p>\n<p><strong>A:<\/strong> Die Tankkapazit\u00e4t des RandM Tornado 7k Puff betr\u00e4gt 15 ml, was eine l\u00e4ngere Nutzung ohne h\u00e4ufiges Nachf\u00fcllen erm\u00f6glicht.<\/p>\n<p>&nbsp;<\/p>","protected":false},"excerpt":{"rendered":"<p><strong>Sichern Sie sich Randm Tornado 7000 Puffs noch heute zum Aktionspreis<\/strong><\/p>\n<p><strong>Erschwinglicher Gro\u00dfhandelspreis f\u00fcr Randm Tornado 7000 Puffs Vapes<\/strong><\/p>\n<p><strong>Kaufen Sie Randm Tornado 7000 Puff Vape in gro\u00dfen Mengen, um maximale Einsparungen zu erzielen<\/strong><\/p>\n<figure id=\"attachment_2951\" aria-describedby=\"caption-attachment-2951\" style=\"width: 265px\" class=\"wp-caption alignnone\"><img decoding=\"async\" class=\"size-medium wp-image-2951\" src=\"https:\/\/vapestornado.com\/wp-content\/uploads\/2024\/12\/Wholesale-Disposable-Vape-265x300.jpg\" alt=\"Einweg-Vape im Gro\u00dfhandel\" width=\"265\" height=\"300\" srcset=\"https:\/\/vapestornado.com\/wp-content\/uploads\/2024\/12\/Wholesale-Disposable-Vape-265x300.jpg 265w, https:\/\/vapestornado.com\/wp-content\/uploads\/2024\/12\/Wholesale-Disposable-Vape-768x871.jpg 768w, https:\/\/vapestornado.com\/wp-content\/uploads\/2024\/12\/Wholesale-Disposable-Vape-600x680.jpg 600w, https:\/\/vapestornado.com\/wp-content\/uploads\/2024\/12\/Wholesale-Disposable-Vape.jpg 823w\" sizes=\"(max-width: 265px) 100vw, 265px\" \/><figcaption id=\"caption-attachment-2951\" class=\"wp-caption-text\">F\u00fcr Rabattpreis kontaktieren Sie bitte Mandys WhatsApp\u00a0 <a href=\"https:\/\/wa.me\/8618077105796\">+8618077105796<\/a><\/figcaption><\/figure>\n<p>&nbsp;<\/p>","protected":false},"featured_media":3117,"comment_status":"open","ping_status":"closed","template":"","meta":{"_acf_changed":false,"_uag_custom_page_level_css":"","_lmt_disableupdate":"no","_lmt_disable":"","_monsterinsights_skip_tracking":false,"_monsterinsights_sitenote_active":false,"_monsterinsights_sitenote_note":"","_monsterinsights_sitenote_category":0,"site-sidebar-layout":"default","site-content-layout":"","ast-site-content-layout":"default","site-content-style":"default","site-sidebar-style":"default","ast-global-header-display":"","ast-banner-title-visibility":"","ast-main-header-display":"","ast-hfb-above-header-display":"","ast-hfb-below-header-display":"","ast-hfb-mobile-header-display":"","site-post-title":"","ast-breadcrumbs-content":"","ast-featured-img":"","footer-sml-layout":"","ast-disable-related-posts":"","theme-transparent-header-meta":"default","adv-header-id-meta":"","stick-header-meta":"","header-above-stick-meta":"","header-main-stick-meta":"","header-below-stick-meta":"","astra-migrate-meta-layouts":"set","ast-page-background-enabled":"default","ast-page-background-meta":{"desktop":{"background-color":"","background-image":"","background-repeat":"repeat","background-position":"center center","background-size":"auto","background-attachment":"scroll","background-type":"","background-media":"","overlay-type":"","overlay-color":"","overlay-opacity":"","overlay-gradient":""},"tablet":{"background-color":"","background-image":"","background-repeat":"repeat","background-position":"center center","background-size":"auto","background-attachment":"scroll","background-type":"","background-media":"","overlay-type":"","overlay-color":"","overlay-opacity":"","overlay-gradient":""},"mobile":{"background-color":"","background-image":"","background-repeat":"repeat","background-position":"center center","background-size":"auto","background-attachment":"scroll","background-type":"","background-media":"","overlay-type":"","overlay-color":"","overlay-opacity":"","overlay-gradient":""}},"ast-content-background-meta":{"desktop":{"background-color":"var(--ast-global-color-5)","background-image":"","background-repeat":"repeat","background-position":"center center","background-size":"auto","background-attachment":"scroll","background-type":"","background-media":"","overlay-type":"","overlay-color":"","overlay-opacity":"","overlay-gradient":""},"tablet":{"background-color":"var(--ast-global-color-5)","background-image":"","background-repeat":"repeat","background-position":"center center","background-size":"auto","background-attachment":"scroll","background-type":"","background-media":"","overlay-type":"","overlay-color":"","overlay-opacity":"","overlay-gradient":""},"mobile":{"background-color":"var(--ast-global-color-5)","background-image":"","background-repeat":"repeat","background-position":"center center","background-size":"auto","background-attachment":"scroll","background-type":"","background-media":"","overlay-type":"","overlay-color":"","overlay-opacity":"","overlay-gradient":""}},"_joinchat":{"telephone":"+8618077105796"}},"product_brand":[],"product_cat":[58,74,153,154,148],"product_tag":[97,127],"class_list":{"0":"post-3103","1":"product","2":"type-product","3":"status-publish","4":"has-post-thumbnail","6":"product_cat-fumot-vape","7":"product_cat-7000-puff","8":"product_cat-buy-disposable-vapes-in-italy","9":"product_cat-buy-disposable-vapes-in-netherlands","10":"product_cat-tornado-disposable-vapes","11":"product_tag-hot-sale-disposable-vape","12":"product_tag-randm-tornado-7000","13":"desktop-align-left","14":"tablet-align-left","15":"mobile-align-left","17":"first","18":"instock","19":"sale","20":"shipping-taxable","21":"purchasable","22":"product-type-simple"},"acf":[],"uagb_featured_image_src":{"full":["https:\/\/vapestornado.com\/wp-content\/uploads\/2024\/12\/Randm-7000-Puff-Strawberry-Watermelon-Lemonade.jpg",800,800,false],"thumbnail":["https:\/\/vapestornado.com\/wp-content\/uploads\/2024\/12\/Randm-7000-Puff-Strawberry-Watermelon-Lemonade-150x150.jpg",150,150,true],"medium":["https:\/\/vapestornado.com\/wp-content\/uploads\/2024\/12\/Randm-7000-Puff-Strawberry-Watermelon-Lemonade-300x300.jpg",300,300,true],"medium_large":["https:\/\/vapestornado.com\/wp-content\/uploads\/2024\/12\/Randm-7000-Puff-Strawberry-Watermelon-Lemonade-768x768.jpg",768,768,true],"large":["https:\/\/vapestornado.com\/wp-content\/uploads\/2024\/12\/Randm-7000-Puff-Strawberry-Watermelon-Lemonade.jpg",800,800,false],"1536x1536":["https:\/\/vapestornado.com\/wp-content\/uploads\/2024\/12\/Randm-7000-Puff-Strawberry-Watermelon-Lemonade.jpg",800,800,false],"2048x2048":["https:\/\/vapestornado.com\/wp-content\/uploads\/2024\/12\/Randm-7000-Puff-Strawberry-Watermelon-Lemonade.jpg",800,800,false],"trp-custom-language-flag":["https:\/\/vapestornado.com\/wp-content\/uploads\/2024\/12\/Randm-7000-Puff-Strawberry-Watermelon-Lemonade.jpg",12,12,false],"woocommerce_thumbnail":["https:\/\/vapestornado.com\/wp-content\/uploads\/2024\/12\/Randm-7000-Puff-Strawberry-Watermelon-Lemonade-300x300.jpg",300,300,true],"woocommerce_single":["https:\/\/vapestornado.com\/wp-content\/uploads\/2024\/12\/Randm-7000-Puff-Strawberry-Watermelon-Lemonade-600x600.jpg",600,600,true],"woocommerce_gallery_thumbnail":["https:\/\/vapestornado.com\/wp-content\/uploads\/2024\/12\/Randm-7000-Puff-Strawberry-Watermelon-Lemonade-100x100.jpg",100,100,true]},"uagb_author_info":{"display_name":"ESMANDY","author_link":"https:\/\/vapestornado.com\/de\/author\/"},"uagb_comment_info":0,"uagb_excerpt":"Grab Randm Tornado 7000 Puffs at a Discount Price Today Affordable Wholesale Price for Randm Tornado 7000 Puffs Vapes Bulk Buy Randm Tornado 7000 Puff Vape for Maximum Savings [caption id=\"attachment_2951\" align=\"alignnone\" width=\"265\"] Pls Contact Mandy's WhatsApp For Discount Price\u00a0 +8618077105796[\/caption] &nbsp;","_links":{"self":[{"href":"https:\/\/vapestornado.com\/de\/wp-json\/wp\/v2\/product\/3103","targetHints":{"allow":["GET"]}}],"collection":[{"href":"https:\/\/vapestornado.com\/de\/wp-json\/wp\/v2\/product"}],"about":[{"href":"https:\/\/vapestornado.com\/de\/wp-json\/wp\/v2\/types\/product"}],"replies":[{"embeddable":true,"href":"https:\/\/vapestornado.com\/de\/wp-json\/wp\/v2\/comments?post=3103"}],"wp:featuredmedia":[{"embeddable":true,"href":"https:\/\/vapestornado.com\/de\/wp-json\/wp\/v2\/media\/3117"}],"wp:attachment":[{"href":"https:\/\/vapestornado.com\/de\/wp-json\/wp\/v2\/media?parent=3103"}],"wp:term":[{"taxonomy":"product_brand","embeddable":true,"href":"https:\/\/vapestornado.com\/de\/wp-json\/wp\/v2\/product_brand?post=3103"},{"taxonomy":"product_cat","embeddable":true,"href":"https:\/\/vapestornado.com\/de\/wp-json\/wp\/v2\/product_cat?post=3103"},{"taxonomy":"product_tag","embeddable":true,"href":"https:\/\/vapestornado.com\/de\/wp-json\/wp\/v2\/product_tag?post=3103"}],"curies":[{"name":"wp","href":"https:\/\/api.w.org\/{rel}","templated":true}]}}