{"id":3101,"date":"2024-12-12T09:12:28","date_gmt":"2024-12-12T09:12:28","guid":{"rendered":"https:\/\/vapestornado.com\/?post_type=product&#038;p=3101"},"modified":"2025-12-05T08:52:27","modified_gmt":"2025-12-05T08:52:27","slug":"jnr-falcon-x-18000-puffs-disposable-vape-wholesale-price","status":"publish","type":"product","link":"https:\/\/vapestornado.com\/de\/product\/jnr-falcon-x-18000-puffs-disposable-vape-wholesale-price\/","title":{"rendered":"JNR Falcon X 18000 Puffs Einweg-Vape Gro\u00dfhandelspreis"},"content":{"rendered":"<h1 class=\"product-title\">JNR Falcon X 18000 Puffs Einweg-Vape Gro\u00dfhandelspreis<\/h1>\n<p data-start=\"1154\" data-end=\"1343\">JNR Falcon X 18000 liefert 18.000 Z\u00fcge mit Dual-Mesh-Spulen, einem wiederaufladbaren 950mAh Typ-C-Akku und einem HD-Statusbildschirm\u2014entwickelt f\u00fcr gleichbleibenden Geschmack und lange t\u00e4gliche Nutzung ohne Leistungsverlust durch verbrannten Geschmack.<\/p>\n<p data-start=\"567\" data-end=\"897\"><strong data-start=\"567\" data-end=\"608\">Kapazit\u00e4t von 18K, die echte Routinen passt.<\/strong><br data-start=\"608\" data-end=\"611\" \/>Der <strong data-start=\"615\" data-end=\"653\">JNR Falcon X 18000 Einweg-Vape<\/strong> ist f\u00fcr l\u00e4ngere Eins\u00e4tze gemacht, nicht f\u00fcr kurze Pausen. Mit <strong data-start=\"700\" data-end=\"722\">bis zu 18.000 Z\u00fcgen<\/strong>reduziert es, wie oft ein Nutzer einen Austausch ben\u00f6tigt, im Vergleich zu kleineren Einwegprodukten. F\u00fcr alle, die tags\u00fcber und am Wochenende dampfen, ist das wichtiger als schicke Extras.<\/p>\n<p data-start=\"899\" data-end=\"1149\"><strong data-start=\"899\" data-end=\"936\">Duale Mesh-Spulen f\u00fcr stabilen Geschmack.<\/strong><br data-start=\"936\" data-end=\"939\" \/>Im Inneren sorgt eine <strong data-start=\"949\" data-end=\"974\">Dual-Mesh-Coil-System<\/strong> f\u00fcr gleichm\u00e4\u00dfige W\u00e4rmeverteilung. Das h\u00e4lt den Zug glatt und hilft, die harte, verbrannte Note zu vermeiden, die bei schw\u00e4cheren Hoch-Puff-Ger\u00e4ten auftritt. Der Geschmack bleibt auch bei tieferem F\u00fcllen konstant.<\/p>\n<p data-start=\"1151\" data-end=\"1400\"><strong data-start=\"1151\" data-end=\"1192\">Gro\u00dfer wiederaufladbarer Akku mit Typ-C.<\/strong><br data-start=\"1192\" data-end=\"1195\" \/>A <strong data-start=\"1197\" data-end=\"1215\">950mAh Akku<\/strong> betrieben dieses Ger\u00e4t, und es ist wiederaufladbar. Wenn der Akku schwach wird, sorgt ein schnelles <strong data-start=\"1294\" data-end=\"1311\">Typ-C-Aufladung<\/strong> daf\u00fcr, dass es wieder einsatzbereit ist, sodass die Fl\u00fcssigkeit nicht verschwendet wird, weil die Energie zuerst ausgeht.<\/p>\n<p data-start=\"1402\" data-end=\"1619\"><strong data-start=\"1402\" data-end=\"1437\">HD-Display h\u00e4lt die Dinge einfach.<\/strong><br data-start=\"1437\" data-end=\"1440\" \/>Der Bildschirm zeigt <strong data-start=\"1457\" data-end=\"1493\">Akkustand und E-Liquid-Stand<\/strong> in Echtzeit. Benutzer k\u00f6nnen auf einen Blick sehen, was \u00fcbrig ist, vor dem Power-Drop aufladen und unerwartete Trockenhits gegen Ende vermeiden.<\/p>\n<p data-start=\"1621\" data-end=\"1892\"><strong data-start=\"1621\" data-end=\"1660\">Niedrig-Nikotin-Optionen f\u00fcr kontrollierten Gebrauch.<\/strong><br data-start=\"1660\" data-end=\"1663\" \/>Dieses Modell wird in niedrigeren Nikotinauswahlen angeboten, f\u00fcr Menschen, die einen gleichm\u00e4\u00dfigeren, weniger aggressiven Zug w\u00fcnschen. Das macht das <strong data-start=\"1782\" data-end=\"1802\">JNR 18K Falcon X<\/strong> zu einem praktischen Schritt f\u00fcr Raucher, die mehr Kontrolle \u00fcber die Aufnahme haben m\u00f6chten, ohne die Laufzeit aufzugeben.<\/p>\n<p><strong>F\u00fcgen Sie Amy auf WhatsApp hinzu, um eine direkte Antwort und einen Vape-Gutschein zu erhalten!<\/strong><\/p>\n<p><img fetchpriority=\"high\" decoding=\"async\" class=\"size-full wp-image-2932\" src=\"https:\/\/vapestornado.com\/wp-content\/uploads\/2024\/12\/Vape-Wholesale.jpg\" alt=\"Vape-Gro\u00dfhandel\" width=\"229\" height=\"300\" \/><\/p>\n<h3><a href=\"https:\/\/wa.me\/8617776015835\" target=\"_blank\" rel=\"noopener\"><span style=\"color: #ff0000;\"><strong>WhatsApp: +86 17776015835<\/strong><\/span><\/a><\/h3>\n<p>&nbsp;<\/p>\n<h2><strong>JNR Falcon X 18000 Produktmerkmale<\/strong><\/h2>\n<div role=\"article\" data-tabster=\"{&quot;groupper&quot;:{&quot;tabbability&quot;:2},&quot;focusable&quot;:{}}\" data-content=\"ai-message\" aria-labelledby=\"juhNTJ6o7Gk1cgwZMJgv2-author juhNTJ6o7Gk1cgwZMJgv2-content\">\n<div id=\"juhNTJ6o7Gk1cgwZMJgv2-content\">\n<div role=\"article\" data-tabster=\"{&quot;groupper&quot;:{&quot;tabbability&quot;:2},&quot;focusable&quot;:{}}\" data-content=\"ai-message\" aria-labelledby=\"x4EZuCZWrTbh3weWUt7CU-author x4EZuCZWrTbh3weWUt7CU-content\">\n<div id=\"x4EZuCZWrTbh3weWUt7CU-content\">\n<table>\n<thead>\n<tr>\n<th>Merkmal \/ Parameter<\/th>\n<th align=\"right\">Spezifikation<\/th>\n<th>Erl\u00e4uterung<\/th>\n<\/tr>\n<\/thead>\n<tbody>\n<tr>\n<td>Produktname<\/td>\n<td align=\"right\">JNR Falcon X 18000 Z\u00fcge Einweg-Vape<\/td>\n<td>Klare Bezeichnung f\u00fcr Wiederholbestellungen und Suche.<\/td>\n<\/tr>\n<tr>\n<td>Zugkapazit\u00e4t<\/td>\n<td align=\"right\">Bis zu 18.000 Z\u00fcge<\/td>\n<td>Langanhaltende Nutzung; weniger Ger\u00e4tewechsel.<\/td>\n<\/tr>\n<tr>\n<td>Spulentyp<\/td>\n<td align=\"right\">Doppelte Mesh-Coils<\/td>\n<td>Gleichm\u00e4\u00dfiges Erhitzen = sanfter Dampf, gleichm\u00e4\u00dfigere Aromen, weniger verbrannte Z\u00fcge.<\/td>\n<\/tr>\n<tr>\n<td>Batterie<\/td>\n<td align=\"right\">950mAh wiederaufladbar<\/td>\n<td>Stark genug f\u00fcr hohen Zugverbrauch; aufladen, um den Tank zu beenden.<\/td>\n<\/tr>\n<tr>\n<td>Aufladen<\/td>\n<td align=\"right\">USB Typ-C Schnellladung<\/td>\n<td>G\u00e4ngiger Kabelstandard; k\u00fcrzere Ausfallzeiten.<\/td>\n<\/tr>\n<tr>\n<td>Anzeige<\/td>\n<td align=\"right\">HD-Bildschirm (Akku + E-Liquid)<\/td>\n<td>Zeigt verbleibende Leistung und Fl\u00fcssigkeit an, damit Sie die Kontrolle behalten.<\/td>\n<\/tr>\n<tr>\n<td>Nikotin Optionen<\/td>\n<td align=\"right\">Niedrig-Nikotin-Varianten<\/td>\n<td>Geeignet f\u00fcr Nutzer, die einen leichteren t\u00e4glichen Zug w\u00fcnschen.<\/td>\n<\/tr>\n<tr>\n<td>Geh\u00e4use<\/td>\n<td align=\"right\">Kompakter, langlebiger K\u00f6rper<\/td>\n<td>Einfach zu tragen; passt f\u00fcr den t\u00e4glichen Gebrauch in die Tasche.<\/td>\n<\/tr>\n<tr>\n<td>Target Fit<\/td>\n<td align=\"right\">EU-Einzelhandel &amp; Gro\u00dfhandel 2025<\/td>\n<td>Hochkapazit\u00e4tssegment mit Wiederverkaufsnachfrage.<\/td>\n<\/tr>\n<\/tbody>\n<\/table>\n<\/div>\n<\/div>\n<\/div>\n<\/div>\n<h2 class=\"product-title\"><strong>JNR Falcon X 18000 Geschmacksrichtungen Liste<\/strong><\/h2>\n<p>1.Blau Razz Ice<br \/>\n2. Blaubeer-Himbeere<br \/>\n3. K\u00fchle Minze<br \/>\n4. Kiwi-Wassermelone-Eis<br \/>\n5. Trauben-Eis<br \/>\n6. Erdbeer-Kiwi<br \/>\n7. Erdbeer-Wassermelone-Eis<br \/>\n8. Wassermelone-Eis<br \/>\n9. Erdbeer-Eis<br \/>\n10. Gemischte Beeren<br \/>\n11. Wassermelonen-Kaugummi<br \/>\n12. Saurer Apfel Ice<br \/>\n13. Pfirsich Ice<br \/>\n14. Beerenexplosion<br \/>\n15. Blaubeer-Himbeer-Kirsche<br \/>\n16. Kirsch-Beere<br \/>\n17. Erdbeer-Banane<br \/>\n18. Blaubeer-Kiwi<br \/>\n19. Passionsfrucht-Kiwi<br \/>\n20. Wei\u00dfer Pfirsich-Razz<br \/>\n21. Blaue Himbeer-Kirsche<br \/>\n22. Kirsch-Wassermelonen-Freeze<br \/>\n23. Kirsch-Cola<br \/>\n24. Bananen-Eis<br \/>\n25. Skittles<br \/>\n26. Dreifache Melone<br \/>\n27. Mr. Blue<br \/>\n28. Kirsch-Eis<br \/>\n29. Wassermelone-Litschi<\/p>\n<h3>Warum Vapestornado f\u00fcr den JNR 18000 Puff Vape Gro\u00dfhandel w\u00e4hlen?<\/h3>\n<div class=\"flex-shrink-0 flex flex-col relative items-end\">\n<div class=\"pt-0\">\n<div class=\"gizmo-bot-avatar flex h-8 w-8 items-center justify-center overflow-hidden rounded-full\">\n<div class=\"relative p-1 rounded-sm flex items-center justify-center bg-token-main-surface-primary text-token-text-primary h-8 w-8\">\n<p>Willkommen bei vapestornado, Ihrem vertrauensw\u00fcrdigen Online-Vape-Shop f\u00fcr Premium-Einweg-Vapes. Mit mehr als 5 Jahren Erfahrung bieten wir Ihnen beliebte Einweg-Vape-Marken wie Fumot RandM Vape, <a href=\"https:\/\/vapestornado.com\/de\/product\/vapme-crystal-7000-puffs-rechargeable-disposable-vape-wholesale-cheap-price\/\">Vapme<\/a>, Bang Vape, Waspe Vape und WGA Vape usw.<\/p>\n<p>Unser Sortiment umfasst hei\u00df verkaufte Vapes wie den <a href=\"https:\/\/vapestornado.com\/de\/product\/fumot-randm-tornado-15000-puffs-rechargeable-disposable-vape-wholesale\/\">RandM Tornado 15000<\/a>, und geschmacksreiche Optionen wie den <a href=\"https:\/\/vapestornado.com\/de\/product\/waspe-40000-puffs-double-flavour-led-display-disposable-vape-wholesale\/\">WASPE Doppelgeschmack 40000 Z\u00fcge<\/a> . Jedes Produkt wird mit Fokus auf Qualit\u00e4t, Wert und Vielfalt ausgew\u00e4hlt, um sicherzustellen, dass Sie die perfekte \u00dcbereinstimmung f\u00fcr Ihre Bed\u00fcrfnisse finden. Entdecken Sie au\u00dfergew\u00f6hnlichen Service und eine breite Palette an Spitzenprodukten zum Gro\u00dfhandelspreis bei vapestornado.<\/p>\n<\/div>\n<h3><\/h3>\n<div class=\"relative p-1 rounded-sm flex items-center justify-center bg-token-main-surface-primary text-token-text-primary h-8 w-8\">\n<h3>FAQs f\u00fcr JNR Falcon X 18k Puff Einweg-Vape<\/h3>\n<p data-start=\"2922\" data-end=\"3135\"><strong data-start=\"2922\" data-end=\"2995\">1. Brauche ich ein spezielles Ladeger\u00e4t f\u00fcr den JNR Falcon X 18K Einweg?<\/strong><br data-start=\"2995\" data-end=\"2998\" \/>Nein. Das <strong data-start=\"3006\" data-end=\"3042\">JNR Falcon X 18K Einweg-Vape<\/strong> l\u00e4dt mit Standard <strong data-start=\"3065\" data-end=\"3079\">USB Typ-C<\/strong>, sodass jedes normale Type-C-Kabel und sicherer Adapter funktionieren.<\/p>\n<p data-start=\"3137\" data-end=\"3403\"><strong data-start=\"3137\" data-end=\"3216\">2. Wie lange h\u00e4lt eine JNR Falcon X 18000 Puffs Vape bei einem t\u00e4glichen Raucher?<\/strong><br data-start=\"3216\" data-end=\"3219\" \/>Es h\u00e4ngt vom Gebrauch ab, aber die meisten t\u00e4glichen Nutzer erzielen eine deutlich l\u00e4ngere Laufzeit als bei 5k\u201310k Ger\u00e4ten, weil die <strong data-start=\"3321\" data-end=\"3349\">JNR Falcon X 18000 Puffs<\/strong> eine hohe Puffs-Anzahl mit einer wiederaufladbaren Batterie kombiniert.<\/p>\n<p data-start=\"3405\" data-end=\"3635\"><strong data-start=\"3405\" data-end=\"3471\">3. Vermeidet die JNR Falcon X 18K, dass es gegen Ende verbrannten Geschmack gibt?<\/strong><br data-start=\"3471\" data-end=\"3474\" \/>Der <strong data-start=\"3478\" data-end=\"3497\">Doppel-Mesh-Coils<\/strong> im <strong data-start=\"3505\" data-end=\"3525\">JNR 18K Falcon X<\/strong> gleichm\u00e4\u00dfig erhitzt und sind so konzipiert, dass sie sp\u00e4te verbrannte Hits reduzieren, die oft bei Hochkapazit\u00e4ts-Einwegger\u00e4ten auftreten.<\/p>\n<p data-start=\"3637\" data-end=\"3918\"><strong data-start=\"3637\" data-end=\"3714\">4. Ist die JNR Falcon X 18000 Low-Nik-Version geeignet, um den Konsum zu reduzieren?<\/strong><br data-start=\"3714\" data-end=\"3717\" \/>Ja. Das <strong data-start=\"3726\" data-end=\"3772\">JNR Falcon X 18000 Low-Nik-Einweg-Vape<\/strong> wird oft von Nutzern gew\u00e4hlt, die einen leichteren t\u00e4glichen Konsum w\u00fcnschen, w\u00e4hrend sie ein langlebiges Ger\u00e4t behalten, um kleinere Einheiten nicht zu \u00fcbernutzen.<\/p>\n<p data-start=\"3920\" data-end=\"4186\"><strong data-start=\"3920\" data-end=\"3989\">5. Kann ich eine JNR Falcon X 18000 Einweg-Vape ins Flugzeug mitnehmen?<\/strong><br data-start=\"3989\" data-end=\"3992\" \/>Die meisten Fluggesellschaften erlauben Einwegger\u00e4te nur in <strong data-start=\"4032\" data-end=\"4052\">Handgep\u00e4ck<\/strong>, nicht \u00fcberpr\u00fcfte Gep\u00e4ckst\u00fccke aufgrund der Batterierichtlinien. Halten Sie die <strong data-start=\"4103\" data-end=\"4141\">JNR Falcon X 18000 Einweg-Vape<\/strong> versiegelt und folgen Sie den Fluggesellschafts-\/lokalen Vorschriften.<\/p>\n<\/div>\n<\/div>\n<\/div>\n<\/div>","protected":false},"excerpt":{"rendered":"<p>JNR Falcon X 18000 Z\u00fcge Einweg-Vape Gro\u00dfhandel<br \/>\nJNR Bar 18000 Z\u00dcGE Kristall Einweg-Vape<br \/>\nJNR Falcon X 18000 Z\u00fcge Digitaler Einweg-Vape<\/p>\n<p><strong>F\u00fcge Amy auf WhatsApp hinzu, um sofort eine Antwort und einen Vape-Gutschein zu erhalten!<\/strong><\/p>\n<p><img fetchpriority=\"high\" decoding=\"async\" class=\"size-full wp-image-2932\" src=\"https:\/\/vapestornado.com\/wp-content\/uploads\/2024\/12\/Vape-Wholesale.jpg\" alt=\"Vape-Gro\u00dfhandel\" width=\"229\" height=\"300\" \/><\/p>\n<h3><a href=\"https:\/\/wa.me\/8617776015835\"><span style=\"color: #ff0000;\"><strong>WhatsApp: +86 17776015835<\/strong><\/span><\/a><\/h3>\n<p>&nbsp;<\/p>","protected":false},"featured_media":3089,"comment_status":"open","ping_status":"closed","template":"","meta":{"_acf_changed":false,"_uag_custom_page_level_css":"","_lmt_disableupdate":"no","_lmt_disable":"","_monsterinsights_skip_tracking":false,"_monsterinsights_sitenote_active":false,"_monsterinsights_sitenote_note":"","_monsterinsights_sitenote_category":0,"site-sidebar-layout":"default","site-content-layout":"","ast-site-content-layout":"default","site-content-style":"default","site-sidebar-style":"default","ast-global-header-display":"","ast-banner-title-visibility":"","ast-main-header-display":"","ast-hfb-above-header-display":"","ast-hfb-below-header-display":"","ast-hfb-mobile-header-display":"","site-post-title":"","ast-breadcrumbs-content":"","ast-featured-img":"","footer-sml-layout":"","ast-disable-related-posts":"","theme-transparent-header-meta":"default","adv-header-id-meta":"","stick-header-meta":"","header-above-stick-meta":"","header-main-stick-meta":"","header-below-stick-meta":"","astra-migrate-meta-layouts":"set","ast-page-background-enabled":"default","ast-page-background-meta":{"desktop":{"background-color":"","background-image":"","background-repeat":"repeat","background-position":"center center","background-size":"auto","background-attachment":"scroll","background-type":"","background-media":"","overlay-type":"","overlay-color":"","overlay-opacity":"","overlay-gradient":""},"tablet":{"background-color":"","background-image":"","background-repeat":"repeat","background-position":"center center","background-size":"auto","background-attachment":"scroll","background-type":"","background-media":"","overlay-type":"","overlay-color":"","overlay-opacity":"","overlay-gradient":""},"mobile":{"background-color":"","background-image":"","background-repeat":"repeat","background-position":"center center","background-size":"auto","background-attachment":"scroll","background-type":"","background-media":"","overlay-type":"","overlay-color":"","overlay-opacity":"","overlay-gradient":""}},"ast-content-background-meta":{"desktop":{"background-color":"var(--ast-global-color-5)","background-image":"","background-repeat":"repeat","background-position":"center center","background-size":"auto","background-attachment":"scroll","background-type":"","background-media":"","overlay-type":"","overlay-color":"","overlay-opacity":"","overlay-gradient":""},"tablet":{"background-color":"var(--ast-global-color-5)","background-image":"","background-repeat":"repeat","background-position":"center center","background-size":"auto","background-attachment":"scroll","background-type":"","background-media":"","overlay-type":"","overlay-color":"","overlay-opacity":"","overlay-gradient":""},"mobile":{"background-color":"var(--ast-global-color-5)","background-image":"","background-repeat":"repeat","background-position":"center center","background-size":"auto","background-attachment":"scroll","background-type":"","background-media":"","overlay-type":"","overlay-color":"","overlay-opacity":"","overlay-gradient":""}},"_joinchat":{"telephone":"+8617776015835"}},"product_brand":[],"product_cat":[70,151,141,76],"product_tag":[97,136,479,134,135,94],"class_list":{"0":"post-3101","1":"product","2":"type-product","3":"status-publish","4":"has-post-thumbnail","6":"product_cat-18000-puff","7":"product_cat-buy-disposable-vapes-in-france","8":"product_cat-crystal-disposable-vapes","9":"product_cat-jnr-vape","10":"product_tag-hot-sale-disposable-vape","11":"product_tag-jnr-18000","12":"product_tag-jnr-18k","13":"product_tag-jnr-falcon-x-18000","14":"product_tag-jnr-vape","15":"product_tag-rechargeable-disposable-vape","16":"desktop-align-left","17":"tablet-align-left","18":"mobile-align-left","20":"first","21":"instock","22":"sale","23":"shipping-taxable","24":"purchasable","25":"product-type-simple"},"acf":[],"uagb_featured_image_src":{"full":["https:\/\/vapestornado.com\/wp-content\/uploads\/2024\/12\/JNR-Falcon-X-18000-Digital-Disposable-Vape.jpg",1126,1130,false],"thumbnail":["https:\/\/vapestornado.com\/wp-content\/uploads\/2024\/12\/JNR-Falcon-X-18000-Digital-Disposable-Vape-150x150.jpg",150,150,true],"medium":["https:\/\/vapestornado.com\/wp-content\/uploads\/2024\/12\/JNR-Falcon-X-18000-Digital-Disposable-Vape-300x300.jpg",300,300,true],"medium_large":["https:\/\/vapestornado.com\/wp-content\/uploads\/2024\/12\/JNR-Falcon-X-18000-Digital-Disposable-Vape-768x771.jpg",768,771,true],"large":["https:\/\/vapestornado.com\/wp-content\/uploads\/2024\/12\/JNR-Falcon-X-18000-Digital-Disposable-Vape-1020x1024.jpg",1020,1024,true],"1536x1536":["https:\/\/vapestornado.com\/wp-content\/uploads\/2024\/12\/JNR-Falcon-X-18000-Digital-Disposable-Vape.jpg",1126,1130,false],"2048x2048":["https:\/\/vapestornado.com\/wp-content\/uploads\/2024\/12\/JNR-Falcon-X-18000-Digital-Disposable-Vape.jpg",1126,1130,false],"trp-custom-language-flag":["https:\/\/vapestornado.com\/wp-content\/uploads\/2024\/12\/JNR-Falcon-X-18000-Digital-Disposable-Vape.jpg",12,12,false],"woocommerce_thumbnail":["https:\/\/vapestornado.com\/wp-content\/uploads\/2024\/12\/JNR-Falcon-X-18000-Digital-Disposable-Vape-300x300.jpg",300,300,true],"woocommerce_single":["https:\/\/vapestornado.com\/wp-content\/uploads\/2024\/12\/JNR-Falcon-X-18000-Digital-Disposable-Vape-600x602.jpg",600,602,true],"woocommerce_gallery_thumbnail":["https:\/\/vapestornado.com\/wp-content\/uploads\/2024\/12\/JNR-Falcon-X-18000-Digital-Disposable-Vape-100x100.jpg",100,100,true]},"uagb_author_info":{"display_name":"ESAMY","author_link":"https:\/\/vapestornado.com\/de\/author\/"},"uagb_comment_info":0,"uagb_excerpt":"JNR Falcon X 18000 Puffs Disposable Vape Wholesale JNR Bar 18000 PUFFS Crystal Disposable Vape JNR Falcon X 18000 Puffs Digital Disposable Vape Add Amy's whatsapp get right reply and vape vape coupon! WhatsApp: +86 17776015835 &nbsp;","_links":{"self":[{"href":"https:\/\/vapestornado.com\/de\/wp-json\/wp\/v2\/product\/3101","targetHints":{"allow":["GET"]}}],"collection":[{"href":"https:\/\/vapestornado.com\/de\/wp-json\/wp\/v2\/product"}],"about":[{"href":"https:\/\/vapestornado.com\/de\/wp-json\/wp\/v2\/types\/product"}],"replies":[{"embeddable":true,"href":"https:\/\/vapestornado.com\/de\/wp-json\/wp\/v2\/comments?post=3101"}],"wp:featuredmedia":[{"embeddable":true,"href":"https:\/\/vapestornado.com\/de\/wp-json\/wp\/v2\/media\/3089"}],"wp:attachment":[{"href":"https:\/\/vapestornado.com\/de\/wp-json\/wp\/v2\/media?parent=3101"}],"wp:term":[{"taxonomy":"product_brand","embeddable":true,"href":"https:\/\/vapestornado.com\/de\/wp-json\/wp\/v2\/product_brand?post=3101"},{"taxonomy":"product_cat","embeddable":true,"href":"https:\/\/vapestornado.com\/de\/wp-json\/wp\/v2\/product_cat?post=3101"},{"taxonomy":"product_tag","embeddable":true,"href":"https:\/\/vapestornado.com\/de\/wp-json\/wp\/v2\/product_tag?post=3101"}],"curies":[{"name":"wp","href":"https:\/\/api.w.org\/{rel}","templated":true}]}}