{"id":3083,"date":"2024-12-11T09:26:24","date_gmt":"2024-12-11T09:26:24","guid":{"rendered":"https:\/\/vapestornado.com\/?post_type=product&#038;p=3083"},"modified":"2025-08-23T11:13:51","modified_gmt":"2025-08-23T11:13:51","slug":"randm-vape-tornado-7000-puffs-disposable-vape-bulk-buy-price-germany","status":"publish","type":"product","link":"https:\/\/vapestornado.com\/de\/product\/randm-vape-tornado-7000-puffs-disposable-vape-bulk-buy-price-germany\/","title":{"rendered":"RandM Vape Tornado 7000 Puffs Einweg-Vape Gro\u00dfeinkaufspreis Deutschland"},"content":{"rendered":"<h1 class=\"product-title\">RandM Vape Tornado 7000 Puffs Einweg-Vape Gro\u00dfeinkaufspreis Deutschland<\/h1>\n<p data-start=\"178\" data-end=\"507\">Der <strong data-start=\"182\" data-end=\"220\">RandM Tornado 7000 Einweg-Vape<\/strong> ist ein starker Verk\u00e4ufer auf dem deutschen Markt, der zuverl\u00e4ssige Leistung mit einer breiten Geschmacksvielfalt zu einem wettbewerbsf\u00e4higen Preis kombiniert. <strong data-start=\"336\" data-end=\"354\">Gro\u00dfhandelspreise<\/strong>. Mit bis zu <strong data-start=\"367\" data-end=\"391\">7.000 Z\u00fcge pro Einheit<\/strong>, dieses Modell bietet Einzelh\u00e4ndlern eine erschwingliche und dennoch langlebige Option f\u00fcr Kunden, die sowohl Geschmack als auch Bequemlichkeit suchen.<span id=\"1\" class=\"notranslate immersive-translate-target-wrapper\" lang=\"zh-CN\" translate=\"no\" data-immersive-translate-loading-id=\"\">\u00a0 <\/span><\/p>\n<p data-start=\"509\" data-end=\"785\">Ausgestattet mit einer <strong data-start=\"525\" data-end=\"557\">konsistenten Geschmack und sanfte Dampfproduktion. Der<\/strong> und <strong data-start=\"562\" data-end=\"586\">Type-C-Schnellladung<\/strong>stellt der RandM 7K eine kontinuierliche Nutzung ohne verschwendetes E-Liquid sicher. Ein <strong data-start=\"654\" data-end=\"683\">einstellbaren Luftstromsystem<\/strong> erm\u00f6glicht es den Benutzern, zwischen engeren oder offeneren Z\u00fcgen zu wechseln, wodurch es f\u00fcr verschiedene Vorlieben geeignet ist.<\/p>\n<p data-start=\"787\" data-end=\"1022\">Mit <strong data-start=\"792\" data-end=\"816\">56 Geschmacksrichtungen<\/strong> von fruchtigen bis hin zu Dessert-Profilen, dieses Ger\u00e4t spricht eine vielf\u00e4ltige deutsche Kundschaft an. Das <strong data-start=\"915\" data-end=\"938\">nikotinarme Format<\/strong> (2% oder weniger) macht es zu einer attraktiven Option f\u00fcr Dampfer, die sanftere Sessions suchen.<\/p>\n<p data-start=\"1024\" data-end=\"1096\">F\u00fcr H\u00e4ndler und Ladenbesitzer, der <strong data-start=\"1062\" data-end=\"1084\">RandM Tornado 7000<\/strong> bietet:<\/p>\n<ul data-start=\"1097\" data-end=\"1349\">\n<li data-start=\"1097\" data-end=\"1151\">\n<p data-start=\"1099\" data-end=\"1151\">Eine mittlere Zugkapazit\u00e4t, ideal f\u00fcr den t\u00e4glichen Verkauf<\/p>\n<\/li>\n<li data-start=\"1152\" data-end=\"1200\">\n<p data-start=\"1154\" data-end=\"1200\">Breiter Geschmackskatalog f\u00fcr Wiederholungsk\u00e4ufe<\/p>\n<\/li>\n<li data-start=\"1201\" data-end=\"1257\">\n<p data-start=\"1203\" data-end=\"1257\">Wiederaufladbares Design, das R\u00fccksendungen und Beschwerden reduziert<\/p>\n<\/li>\n<li data-start=\"1258\" data-end=\"1349\">\n<p data-start=\"1260\" data-end=\"1349\"><strong data-start=\"1260\" data-end=\"1312\">Gro\u00dfhandelsverpackung und wettbewerbsf\u00e4hige Mengenpreise<\/strong> auf EU- und Deutschland-M\u00e4rkte zugeschnitten<\/p>\n<\/li>\n<\/ul>\n<p><strong>F\u00fcgen Sie Amy auf WhatsApp hinzu, um eine direkte Antwort und einen Vape-Gutschein zu erhalten!<\/strong><\/p>\n<p><img fetchpriority=\"high\" decoding=\"async\" class=\"size-full wp-image-2932\" src=\"https:\/\/vapestornado.com\/wp-content\/uploads\/2024\/12\/Vape-Wholesale.jpg\" alt=\"Vape-Gro\u00dfhandel\" width=\"229\" height=\"300\" \/><\/p>\n<h3><a href=\"https:\/\/wa.me\/8617776015835\" target=\"_blank\" rel=\"noopener\"><span style=\"color: #ff0000;\"><strong>WhatsApp: +86 17776015835<\/strong><\/span><\/a><\/h3>\n<p>&nbsp;<\/p>\n<h2><strong>RandM Tornado 7000 Produkteigenschaften<\/strong><\/h2>\n<p>Integrierter 1000mAh Akku<br \/>\nAkku wiederaufladbar<br \/>\n7000 Z\u00fcge pro Ger\u00e4t<br \/>\nLuftstromkontrolle<br \/>\n56 Geschmacksrichtungen verf\u00fcgbar<br \/>\nTyp-C wiederaufladbar<\/p>\n<h2 class=\"product-title\"><strong>RandM Tornado 7000 Geschmacksrichtungen Liste<\/strong><\/h2>\n<p>1 K\u00fchle Minze<br \/>\n2 \u00dcppiges Eis<br \/>\n3 Mandarinen-Eis<br \/>\n4 Erdbeer-Donut<br \/>\n5 Gummib\u00e4rchen<br \/>\n6 Blaubeere auf Eis<br \/>\n7 Mango auf Eis<br \/>\n8 Pfirsich-Eis<br \/>\n9 Bananen-Eis<br \/>\n10 Trauben-Eis<br \/>\n11 Pinke Limonade<br \/>\n12 Pina Colada Rum<br \/>\n13 Gemischte Beeren<br \/>\n14 Bananen-Milchshake<br \/>\n15 Erdbeer-Wassermelone<br \/>\n16 Roter Apfel Zitrone<br \/>\n17 Ananas-Eis<br \/>\n18 Zuckerwatte<br \/>\n19 Erdbeer-Banane<br \/>\n20 Erdbeer-Eis<br \/>\n21 Erdbeer-Kiwi<br \/>\n22.Rote Energie Eis<br \/>\n23.Blue Razz Limonade<br \/>\n24.Roter Apfel Eis<br \/>\n25.Beeren-Limonade<br \/>\n26.Blaubeer-Kaugummi<br \/>\n27.Bluesour Himbeere<br \/>\n28.Dr. Blue<br \/>\n29. Apfel Pfirsich Birne<br \/>\n30. Blaubeere Granatapfel<br \/>\n31. Vimto<br \/>\n32. Kiwi Passionsfrucht Guave<br \/>\n33. Colaice<br \/>\n34. Saurer Apfel<br \/>\n35. Schwarze Johannisbeere Menthol<br \/>\n36. Tiger Blood<br \/>\n37. Pfirsich Blaubeer Bonbon<br \/>\n38. Pfirsich Mango<br \/>\n39. Erdbeer Red Bull<br \/>\n40. Schwarze Johannisbeere Eis<br \/>\n41. Erdbeer Wassermelonenlimonade<br \/>\n42. Kirsche<br \/>\n43. Blaue Himbeer Kirsche<br \/>\n44. Skittles<br \/>\n45. Blaubeer Himbeere<br \/>\n46. Erdbeer Traube<br \/>\n47. Blaubeer Kirsch Cranberry<br \/>\n48. Apfel Beeren Explosion<br \/>\n49. Cherry Cola<br \/>\n50. Zitrone<br \/>\n51. Pink Burst<br \/>\n52. Pacific Cooler<br \/>\n53. Ice Pop<br \/>\n54. Bingo Crush<\/p>\n<h2>Warum vapestornado f\u00fcr Fumot RandM 7k Vape Gro\u00dfhandel w\u00e4hlen?<\/h2>\n<div class=\"flex-shrink-0 flex flex-col relative items-end\">\n<div class=\"pt-0\">\n<div class=\"gizmo-bot-avatar flex h-8 w-8 items-center justify-center overflow-hidden rounded-full\">\n<div class=\"relative p-1 rounded-sm flex items-center justify-center bg-token-main-surface-primary text-token-text-primary h-8 w-8\">\n<p>Willkommen bei vapestornado, Ihrem vertrauensw\u00fcrdigen Online-Vape-Shop f\u00fcr Premium-Einweg-Vapes. Mit mehr als 5 Jahren Erfahrung bieten wir Ihnen beliebte Einweg-Vape-Marken wie Fumot RandM Vape, <a href=\"https:\/\/vapestornado.com\/de\/product\/vapme-crystal-7000-puffs-rechargeable-disposable-vape-wholesale-cheap-price\/\">Vapme<\/a>, Bang Vape, Waspe Vape und WGA Vape usw.<\/p>\n<p>Unser Sortiment umfasst hei\u00df verkaufte Vapes wie den <a href=\"https:\/\/vapestornado.com\/de\/product\/fumot-randm-tornado-15000-puffs-rechargeable-disposable-vape-wholesale\/\">RandM Tornado 15000<\/a>, und geschmacksreiche Optionen wie den <a href=\"https:\/\/vapestornado.com\/de\/product\/waspe-40000-puffs-double-flavour-led-display-disposable-vape-wholesale\/\">WASPE Doppelgeschmack 40000 Z\u00fcge<\/a> . Jedes Produkt wird mit Fokus auf Qualit\u00e4t, Wert und Vielfalt ausgew\u00e4hlt, um sicherzustellen, dass Sie die perfekte \u00dcbereinstimmung f\u00fcr Ihre Bed\u00fcrfnisse finden. Entdecken Sie au\u00dfergew\u00f6hnlichen Service und eine breite Palette an Spitzenprodukten zum Gro\u00dfhandelspreis bei vapestornado.<\/p>\n<\/div>\n<h3><\/h3>\n<div class=\"relative p-1 rounded-sm flex items-center justify-center bg-token-main-surface-primary text-token-text-primary h-8 w-8\">\n<h2>FAQS f\u00fcr RandM 7000 Music Einweg Vape<\/h2>\n<\/div>\n<\/div>\n<\/div>\n<\/div>\n<div class=\"flex-shrink-0 flex flex-col relative items-end\">\n<div class=\"pt-0\">\n<div class=\"gizmo-bot-avatar flex h-8 w-8 items-center justify-center overflow-hidden rounded-full\">\n<div class=\"relative p-1 rounded-sm flex items-center justify-center bg-token-main-surface-primary text-token-text-primary h-8 w-8\">\n<div class=\"mb-2 flex gap-3 empty:hidden -ml-2\">\n<h3><\/h3>\n<ol>\n<li><strong>Wie viele Z\u00fcge bietet der RandM 7000?<\/strong><br \/>\nDer RandM 7000 bietet beeindruckende 7.000 Z\u00fcge pro Ger\u00e4t und gew\u00e4hrleistet so eine lange Nutzungsdauer f\u00fcr jede Vape-Session.<\/li>\n<li><strong>Kann der RandM 7000 wiederaufgeladen werden?<\/strong><br \/>\nJa, das Ger\u00e4t ist mit einem wiederaufladbaren 1000mAh-Akku ausgestattet und unterst\u00fctzt f\u00fcr zus\u00e4tzlichen Komfort schnelles Aufladen \u00fcber Typ C.<\/li>\n<li><strong>Wie viele Geschmacksrichtungen sind f\u00fcr den Fumot Tornado 7000 erh\u00e4ltlich?<\/strong><br \/>\nDer Fumot Tornado 7000 ist mit 56 verschiedenen Geschmacksrichtungen erh\u00e4ltlich und bietet eine gro\u00dfe Vielfalt, um unterschiedliche Vorlieben zu befriedigen.<\/li>\n<li><strong>Ist der RandM Tornado 7k f\u00fcr Benutzer mit niedrigem Nikotingehalt geeignet?<\/strong><br \/>\nJa, der RandM Tornado 7k ist ein <strong>Einweg-Vape mit wenig Nikotin<\/strong>, was ihn zu einer gro\u00dfartigen Option f\u00fcr diejenigen macht, die ein sanfteres und milderes Dampferlebnis bevorzugen.<\/li>\n<li><strong>Kann ich den RandM Tornado 7000 in gro\u00dfen Mengen zu Gro\u00dfhandelspreisen kaufen?<\/strong><br \/>\nAbsolut! Der RandM Tornado 7000 ist erh\u00e4ltlich f\u00fcr <strong>Vape-Gro\u00dfhandel<\/strong>, und bietet wettbewerbsf\u00e4hige Mengenpreise f\u00fcr Einzelh\u00e4ndler in Deutschland und dar\u00fcber hinaus.<\/li>\n<\/ol>\n<p>&nbsp;<\/p>\n<\/div>\n<\/div>\n<\/div>\n<\/div>\n<\/div>\n<div class=\"group\/conversation-turn relative flex w-full min-w-0 flex-col agent-turn\">\n<div class=\"flex-col gap-1 md:gap-3\">\n<div class=\"flex max-w-full flex-col flex-grow\">\n<div class=\"min-h-8 text-message flex w-full flex-col items-end gap-2 whitespace-normal break-words [.text-message+&amp;]:mt-5\" dir=\"auto\" data-message-author-role=\"assistant\" data-message-id=\"db716a1c-9ed0-4b8d-b3b0-7bdb913c3d42\" data-message-model-slug=\"gpt-4o\">\n<div class=\"flex w-full flex-col gap-1 empty:hidden first:pt-[3px]\">\n<div class=\"markdown prose w-full break-words dark:prose-invert light\">\n<p>&nbsp;<\/p>\n<\/div>\n<\/div>\n<\/div>\n<\/div>\n<\/div>\n<\/div>","protected":false},"excerpt":{"rendered":"<p>Der <strong data-start=\"1398\" data-end=\"1426\">RandM Tornado 7000 Z\u00fcge<\/strong> bietet 56 Geschmacksrichtungen, einen wiederaufladbaren 1000mAh-Akku und einstellbaren Luftstrom. Ein Einweg-Vape mit mittlerer Kapazit\u00e4t, entwickelt f\u00fcr <strong data-start=\"1545\" data-end=\"1578\">deutsche Gro\u00dfh\u00e4ndler<\/strong> zu wettbewerbsf\u00e4higen Preisen.<\/p>\n<p><strong>F\u00fcge Amy auf WhatsApp hinzu, um sofort eine Antwort und einen Vape-Gutschein zu erhalten!<\/strong><\/p>\n<p><img fetchpriority=\"high\" decoding=\"async\" class=\"size-full wp-image-2932\" src=\"https:\/\/vapestornado.com\/wp-content\/uploads\/2024\/12\/Vape-Wholesale.jpg\" alt=\"Vape-Gro\u00dfhandel\" width=\"229\" height=\"300\" \/><\/p>\n<h3><a href=\"https:\/\/wa.me\/8617776015835\"><span style=\"color: #ff0000;\"><strong>WhatsApp: +86 17776015835<\/strong><\/span><\/a><\/h3>\n<p>&nbsp;<\/p>","protected":false},"featured_media":3080,"comment_status":"open","ping_status":"closed","template":"","meta":{"_acf_changed":false,"_uag_custom_page_level_css":"","_lmt_disableupdate":"no","_lmt_disable":"","_monsterinsights_skip_tracking":false,"_monsterinsights_sitenote_active":false,"_monsterinsights_sitenote_note":"","_monsterinsights_sitenote_category":0,"site-sidebar-layout":"default","site-content-layout":"","ast-site-content-layout":"default","site-content-style":"default","site-sidebar-style":"default","ast-global-header-display":"","ast-banner-title-visibility":"","ast-main-header-display":"","ast-hfb-above-header-display":"","ast-hfb-below-header-display":"","ast-hfb-mobile-header-display":"","site-post-title":"","ast-breadcrumbs-content":"","ast-featured-img":"","footer-sml-layout":"","ast-disable-related-posts":"","theme-transparent-header-meta":"default","adv-header-id-meta":"","stick-header-meta":"","header-above-stick-meta":"","header-main-stick-meta":"","header-below-stick-meta":"","astra-migrate-meta-layouts":"set","ast-page-background-enabled":"default","ast-page-background-meta":{"desktop":{"background-color":"","background-image":"","background-repeat":"repeat","background-position":"center center","background-size":"auto","background-attachment":"scroll","background-type":"","background-media":"","overlay-type":"","overlay-color":"","overlay-opacity":"","overlay-gradient":""},"tablet":{"background-color":"","background-image":"","background-repeat":"repeat","background-position":"center center","background-size":"auto","background-attachment":"scroll","background-type":"","background-media":"","overlay-type":"","overlay-color":"","overlay-opacity":"","overlay-gradient":""},"mobile":{"background-color":"","background-image":"","background-repeat":"repeat","background-position":"center center","background-size":"auto","background-attachment":"scroll","background-type":"","background-media":"","overlay-type":"","overlay-color":"","overlay-opacity":"","overlay-gradient":""}},"ast-content-background-meta":{"desktop":{"background-color":"var(--ast-global-color-5)","background-image":"","background-repeat":"repeat","background-position":"center center","background-size":"auto","background-attachment":"scroll","background-type":"","background-media":"","overlay-type":"","overlay-color":"","overlay-opacity":"","overlay-gradient":""},"tablet":{"background-color":"var(--ast-global-color-5)","background-image":"","background-repeat":"repeat","background-position":"center center","background-size":"auto","background-attachment":"scroll","background-type":"","background-media":"","overlay-type":"","overlay-color":"","overlay-opacity":"","overlay-gradient":""},"mobile":{"background-color":"var(--ast-global-color-5)","background-image":"","background-repeat":"repeat","background-position":"center center","background-size":"auto","background-attachment":"scroll","background-type":"","background-media":"","overlay-type":"","overlay-color":"","overlay-opacity":"","overlay-gradient":""}},"_joinchat":{"telephone":"+8617776015835"}},"product_brand":[],"product_cat":[74,151,152,143,58,144,148],"product_tag":[83,128,127,129,78,114,93],"class_list":{"0":"post-3083","1":"product","2":"type-product","3":"status-publish","4":"has-post-thumbnail","6":"product_cat-7000-puff","7":"product_cat-buy-disposable-vapes-in-france","8":"product_cat-buy-disposable-vapes-in-cermany","9":"product_cat-dual-mesh-disposable-vapes","10":"product_cat-fumot-vape","11":"product_cat-low-nicotine-disposable-vapes","12":"product_cat-tornado-disposable-vapes","13":"product_tag-fumot-vape","14":"product_tag-randm-7000","15":"product_tag-randm-tornado-7000","16":"product_tag-randm-tornado-7000-germany","17":"product_tag-randm-vape","18":"product_tag-tornado-vape","19":"product_tag-vape-wholesale","20":"desktop-align-left","21":"tablet-align-left","22":"mobile-align-left","24":"first","25":"instock","26":"sale","27":"shipping-taxable","28":"purchasable","29":"product-type-simple"},"acf":[],"uagb_featured_image_src":{"full":["https:\/\/vapestornado.com\/wp-content\/uploads\/2024\/12\/RandM-Tornado-7000-Puffs-Disposable-Vape.jpg",1126,1126,false],"thumbnail":["https:\/\/vapestornado.com\/wp-content\/uploads\/2024\/12\/RandM-Tornado-7000-Puffs-Disposable-Vape-150x150.jpg",150,150,true],"medium":["https:\/\/vapestornado.com\/wp-content\/uploads\/2024\/12\/RandM-Tornado-7000-Puffs-Disposable-Vape-300x300.jpg",300,300,true],"medium_large":["https:\/\/vapestornado.com\/wp-content\/uploads\/2024\/12\/RandM-Tornado-7000-Puffs-Disposable-Vape-768x768.jpg",768,768,true],"large":["https:\/\/vapestornado.com\/wp-content\/uploads\/2024\/12\/RandM-Tornado-7000-Puffs-Disposable-Vape-1024x1024.jpg",1024,1024,true],"1536x1536":["https:\/\/vapestornado.com\/wp-content\/uploads\/2024\/12\/RandM-Tornado-7000-Puffs-Disposable-Vape.jpg",1126,1126,false],"2048x2048":["https:\/\/vapestornado.com\/wp-content\/uploads\/2024\/12\/RandM-Tornado-7000-Puffs-Disposable-Vape.jpg",1126,1126,false],"trp-custom-language-flag":["https:\/\/vapestornado.com\/wp-content\/uploads\/2024\/12\/RandM-Tornado-7000-Puffs-Disposable-Vape.jpg",12,12,false],"woocommerce_thumbnail":["https:\/\/vapestornado.com\/wp-content\/uploads\/2024\/12\/RandM-Tornado-7000-Puffs-Disposable-Vape-300x300.jpg",300,300,true],"woocommerce_single":["https:\/\/vapestornado.com\/wp-content\/uploads\/2024\/12\/RandM-Tornado-7000-Puffs-Disposable-Vape-600x600.jpg",600,600,true],"woocommerce_gallery_thumbnail":["https:\/\/vapestornado.com\/wp-content\/uploads\/2024\/12\/RandM-Tornado-7000-Puffs-Disposable-Vape-100x100.jpg",100,100,true]},"uagb_author_info":{"display_name":"ESAMY","author_link":"https:\/\/vapestornado.com\/de\/author\/"},"uagb_comment_info":0,"uagb_excerpt":"The RandM Tornado 7000 Puffs offers 56 flavours, 1000mAh rechargeable battery, and adjustable airflow. A mid-capacity disposable vape designed for Germany wholesale bulk buyers at competitive prices. Add Amy's whatsapp get right reply and vape vape coupon! WhatsApp: +86 17776015835 &nbsp;","_links":{"self":[{"href":"https:\/\/vapestornado.com\/de\/wp-json\/wp\/v2\/product\/3083","targetHints":{"allow":["GET"]}}],"collection":[{"href":"https:\/\/vapestornado.com\/de\/wp-json\/wp\/v2\/product"}],"about":[{"href":"https:\/\/vapestornado.com\/de\/wp-json\/wp\/v2\/types\/product"}],"replies":[{"embeddable":true,"href":"https:\/\/vapestornado.com\/de\/wp-json\/wp\/v2\/comments?post=3083"}],"wp:featuredmedia":[{"embeddable":true,"href":"https:\/\/vapestornado.com\/de\/wp-json\/wp\/v2\/media\/3080"}],"wp:attachment":[{"href":"https:\/\/vapestornado.com\/de\/wp-json\/wp\/v2\/media?parent=3083"}],"wp:term":[{"taxonomy":"product_brand","embeddable":true,"href":"https:\/\/vapestornado.com\/de\/wp-json\/wp\/v2\/product_brand?post=3083"},{"taxonomy":"product_cat","embeddable":true,"href":"https:\/\/vapestornado.com\/de\/wp-json\/wp\/v2\/product_cat?post=3083"},{"taxonomy":"product_tag","embeddable":true,"href":"https:\/\/vapestornado.com\/de\/wp-json\/wp\/v2\/product_tag?post=3083"}],"curies":[{"name":"wp","href":"https:\/\/api.w.org\/{rel}","templated":true}]}}