{"id":3033,"date":"2024-12-10T06:54:50","date_gmt":"2024-12-10T06:54:50","guid":{"rendered":"https:\/\/vapestornado.com\/?post_type=product&#038;p=3033"},"modified":"2025-08-23T10:12:12","modified_gmt":"2025-08-23T10:12:12","slug":"wga-crystal-pro-max-15k-puffs-wholesale-price-vape-pods","status":"publish","type":"product","link":"https:\/\/vapestornado.com\/de\/product\/wga-crystal-pro-max-15k-puffs-wholesale-price-vape-pods\/","title":{"rendered":"WGA Crystal Pro Max 15k Puffs Gro\u00dfhandelspreis Vape Pods"},"content":{"rendered":"<h1>WGA Crystal Pro Max 15k Puffs Gro\u00dfhandelspreis Vape Pods<\/h1>\n<p data-start=\"286\" data-end=\"581\">Der <strong data-start=\"290\" data-end=\"339\">WGA Crystal Pro Max 15K Z\u00fcge Einweg-Vape<\/strong> ist f\u00fcr Gro\u00dfh\u00e4ndler und Einzelh\u00e4ndler konzipiert, die zuverl\u00e4ssige, stark nachgefragte Produkte f\u00fcr den europ\u00e4ischen Markt suchen. Mit bis zu <strong data-start=\"457\" data-end=\"484\">15.000 Z\u00fcge pro Ger\u00e4t<\/strong> und einem <strong data-start=\"491\" data-end=\"524\">25 ml vorgef\u00fclltem E-Liquid-Tank<\/strong>bietet es eine l\u00e4ngere Nutzung und ein starkes Wiederverkaufspotenzial.<\/p>\n<p data-start=\"583\" data-end=\"874\">Angetrieben von einem <strong data-start=\"596\" data-end=\"627\">650mAh wiederaufladbarer Akku<\/strong> mit <strong data-start=\"633\" data-end=\"657\">Type-C-Schnellladung<\/strong>stellt der Crystal Pro Max konsistente Sitzungen ohne Unterbrechungen sicher. Eine <strong data-start=\"732\" data-end=\"759\">Echtzeit-LED-Anzeige<\/strong> h\u00e4lt die Benutzer \u00fcber den Batteriestatus auf dem Laufenden, w\u00e4hrend die <strong data-start=\"810\" data-end=\"828\">0,8\u03a9 Mesh-Spule<\/strong> die Dampfdichte und Geschmacksabgabe verbessert.<\/p>\n<p data-start=\"876\" data-end=\"1231\">Kompakt und tragbar bei <strong data-start=\"900\" data-end=\"923\">43 mm \u00d7 23 mm \u00d7 105 mm<\/strong>, ist der <strong data-start=\"929\" data-end=\"961\">WGA Kristall Pro Max 15K Vape<\/strong> ist leicht zu transportieren, stilvoll im Display und in einer breiten Palette von Geschmacksprofilen erh\u00e4ltlich, um verschiedenen Vorlieben gerecht zu werden. Seine Kombination aus Kapazit\u00e4t, Design und Wettbewerbsf\u00e4higkeit <strong data-start=\"1133\" data-end=\"1154\">Gro\u00dfhandelspreise<\/strong> macht es zu einer ausgezeichneten Wahl f\u00fcr Einzelh\u00e4ndler und H\u00e4ndler in ganz Europa.<\/p>\n<p>&nbsp;<\/p>\n<p><img fetchpriority=\"high\" decoding=\"async\" class=\"size-medium wp-image-2951\" src=\"https:\/\/vapestornado.com\/wp-content\/uploads\/2024\/12\/Wholesale-Disposable-Vape-265x300.jpg\" alt=\"Einweg-Vape im Gro\u00dfhandel\" width=\"265\" height=\"300\" srcset=\"https:\/\/vapestornado.com\/wp-content\/uploads\/2024\/12\/Wholesale-Disposable-Vape-265x300.jpg 265w, https:\/\/vapestornado.com\/wp-content\/uploads\/2024\/12\/Wholesale-Disposable-Vape-768x871.jpg 768w, https:\/\/vapestornado.com\/wp-content\/uploads\/2024\/12\/Wholesale-Disposable-Vape-600x680.jpg 600w, https:\/\/vapestornado.com\/wp-content\/uploads\/2024\/12\/Wholesale-Disposable-Vape.jpg 823w\" sizes=\"(max-width: 265px) 100vw, 265px\" \/><\/p>\n<h6><span style=\"font-size: 1.1em; font-weight: bold;\">F\u00fcr Rabattpreis kontaktieren Sie bitte Mandys WhatsApp<\/span><a style=\"font-size: 1.1em; font-weight: bold; background-color: #ffffff;\" href=\"https:\/\/wa.me\/8618077105796\" target=\"_blank\" rel=\"noopener\">+8618077105796<\/a><\/h6>\n<p>&nbsp;<\/p>\n<h2><strong>WGA The Crystal Pro Max Extra 15.000 Puffs Vape \u2013 Hauptspezifikationen<\/strong><\/h2>\n<ul>\n<li><strong>Umfangreiche Zugkapazit\u00e4t<\/strong>: Bietet bis zu 15.000 Z\u00fcge pro Ger\u00e4t und bietet so eine l\u00e4ngere Nutzungsdauer und einen geringeren Bedarf an Ersatz.<\/li>\n<li><strong>650mAh Wiederaufladbarer Akku<\/strong>: Verf\u00fcgt \u00fcber einen langlebigen 650-mAh-Akku f\u00fcr eine stabile Stromversorgung w\u00e4hrend jeder Sitzung.<\/li>\n<li><strong>Effizientes Typ-C-Laden<\/strong>: Verf\u00fcgt \u00fcber einen modernen Typ-C-Anschluss zum schnellen und bequemen Aufladen, damit Ihr Ger\u00e4t einsatzbereit bleibt.<\/li>\n<li><strong>Gro\u00dfe E-Liquid-Kapazit\u00e4t<\/strong>: Ausgestattet mit einem 25-ml-E-Liquid-Reservoir, das lange Dampfsitzungen ohne st\u00e4ndiges Nachf\u00fcllen unterst\u00fctzt.<\/li>\n<li><strong>LED-Batteriestatusanzeige<\/strong>: Enth\u00e4lt eine Echtzeit-LED-Anzeige zur \u00dcberwachung des Batteriestands und zur Vermeidung unerwarteter Unterbrechungen.<\/li>\n<li><strong>Tragbares und stilvolles Design<\/strong>: Kompakte Abmessungen von 43 mm x 23 mm x 105 mm gew\u00e4hrleisten eine einfache Handhabung und Tragbarkeit, ideal f\u00fcr unterwegs.<\/li>\n<\/ul>\n<h2><strong>WGA Crystal Pro Max 15k Puffs Geschmacksliste:<\/strong><\/h2>\n<p>1. WASSERMELONE EIS<br \/>\n2. BLAUBEER HIMBEERE<br \/>\n3. FIZZIGE KIRSCHE<br \/>\n4. GUMMIB\u00c4R<br \/>\n5. ZITRONE-LIMETTE<br \/>\n6. ERDBEEREIS<br \/>\n7. BLAUBEERE SAURE HIMBEERE<br \/>\n8. BLAUE HIMBEEREIS<br \/>\n9. MR. BLUE<br \/>\n10. SKITTLES<br \/>\n11. BLAUBEERE KIRSCHE CRANBERRY<br \/>\n12. SAFTIGER PFIRSICH<br \/>\n13. Erdbeer-Himbeer-Kirsch-Eis<br \/>\n14. HUBBA BUBBA<br \/>\n15. Brombeere Blaubeere Himbeere<br \/>\n16. Erdbeereis am Stiel<br \/>\n17. Blaubeereis am Stiel<br \/>\n18. Prime Erdbeer-Wassermelone<br \/>\n19. Erdbeer-Kirsch-Kaugummi<br \/>\n20. Himbeer-Kirsch-Eis<br \/>\n21. ANANAS-EIS<br \/>\n22. SOMMER-TRAUM<br \/>\n23. WGA PINK<br \/>\n24.FRISCHE MINZE<br \/>\n25.DOPPELAPFEL<br \/>\n26.DREIFACHE MANGO<br \/>\n27. SCHWARZER DRACHE EIS<br \/>\n28. COLA EIS<br \/>\n29.ANANAS ZITRONE<br \/>\n30. MR SCHWARZ<br \/>\n31.KIWI PASSIONSFRUCHT GUAVE<\/p>\n<h3><strong>Warum die WGA The Crystal Pro Max 15.000 Puffs Vapes w\u00e4hlen?<\/strong><\/h3>\n<ul>\n<li><strong>Au\u00dfergew\u00f6hnliche Geschmacksprofile<\/strong>: Tauchen Sie ein in eine kuratierte Auswahl an lebendigen und erfrischenden Fruchtaromen, die alle darauf ausgelegt sind, ein durchweg herrliches Dampferlebnis zu bieten.<\/li>\n<li><strong>M\u00fchelose Bequemlichkeit<\/strong>: Diese Einweg-E-Zigarette wurde mit Blick auf Einfachheit entwickelt und bietet eine nahtlose und stressfreie M\u00f6glichkeit, jederzeit und \u00fcberall erstklassiges Dampfen zu genie\u00dfen.<\/li>\n<li><strong>Haltbarkeit und Leistung<\/strong>: Mit bis zu 15.000 Z\u00fcgen, einem robusten 650mAh Akku und einer 25ml E-Liquid-Kapazit\u00e4t ist diese E-Zigarette so konzipiert, dass sie \u00fcber einen l\u00e4ngeren Zeitraum eine zuverl\u00e4ssige Leistung bietet.<\/li>\n<li><strong>Modernes und kompaktes Design<\/strong>: Seine schlanken Abmessungen und die elegante Bauweise gew\u00e4hrleisten Portabilit\u00e4t, ohne dabei auf Stil oder Funktionalit\u00e4t zu verzichten.<\/li>\n<\/ul>\n<p>Der <strong>WGA The Crystal Pro Max Extra 15000 Z\u00fcge Vape Pod\u00a0<\/strong> ist die ultimative Wahl f\u00fcr Dampfer, die Bequemlichkeit, Leistung und ein au\u00dfergew\u00f6hnliches sensorisches Erlebnis suchen. Eine perfekte Verschmelzung von modernster Technologie und \u00fcberlegenem Geschmack erwartet Sie.<\/p>\n<p>&nbsp;<\/p>\n<h3><strong>FAQs \u00fcber WGA The Crystal Pro Max 15.000 Z\u00fcge Wiederaufladbare E-Zigarette<\/strong><\/h3>\n<ol>\n<li><strong>Wie viele Z\u00fcge bietet die WGA Crystal Pro Max 15k?<\/strong><br \/>\nDas Ger\u00e4t liefert bis zu 15.000 Z\u00fcge und ist somit ideal f\u00fcr den l\u00e4ngeren Gebrauch ohne h\u00e4ufigen Austausch.<\/li>\n<li><strong>Welchen Akkutyp verwendet es?<\/strong><br \/>\nEs verf\u00fcgt \u00fcber einen 650mAh Akku mit einem Typ-C-Ladeanschluss, der ein schnelles und effizientes Aufladen gew\u00e4hrleistet.<\/li>\n<li><strong>Wie hoch ist die E-Liquid-Kapazit\u00e4t der Vape 15000 Z\u00fcge <a href=\"https:\/\/vapestornado.com\/de\/product\/wga-crystal-pro-max-15k-puffs-wholesale-price-vape-pods\/\">WGA Vape<\/a>?<\/strong><br \/>\nDie Crystal Pro Max verf\u00fcgt \u00fcber eine gro\u00dfz\u00fcgige 25ml E-Liquid-Kapazit\u00e4t, die l\u00e4ngere Dampfsitzungen erm\u00f6glicht.<\/li>\n<li><strong>Hat die WGA Crystal Vape 15000 Z\u00fcge eine Akkuanzeige?<\/strong><br \/>\nJa, sie verf\u00fcgt \u00fcber eine Echtzeit-LED-Akkuanzeige, sodass Sie den Akkustand \u00fcberwachen und bei Bedarf aufladen k\u00f6nnen.<\/li>\n<li><strong>Kann die E-Liquid des WGA 15000 Puffs nachgef\u00fcllt werden?<\/strong><br \/>\nNein, der WGA Crystal Pro Max 15000 Puffs ist ein vorgef\u00fclltes Einwegger\u00e4t und unterst\u00fctzt kein Nachf\u00fcllen.<\/li>\n<\/ol>","protected":false},"excerpt":{"rendered":"<p>WGA Crystal Pro Max 15k Puffs Vape-Pods zu Gro\u00dfhandelspreisen. Genie\u00dfen Sie langanhaltende Z\u00fcge, Premium-Aromen und Mengenrabatte f\u00fcr Ihr Unternehmen.<\/p>\n<figure id=\"attachment_2951\" aria-describedby=\"caption-attachment-2951\" style=\"width: 265px\" class=\"wp-caption alignnone\"><img fetchpriority=\"high\" decoding=\"async\" class=\"size-medium wp-image-2951\" src=\"https:\/\/vapestornado.com\/wp-content\/uploads\/2024\/12\/Wholesale-Disposable-Vape-265x300.jpg\" alt=\"Einweg-Vape im Gro\u00dfhandel\" width=\"265\" height=\"300\" srcset=\"https:\/\/vapestornado.com\/wp-content\/uploads\/2024\/12\/Wholesale-Disposable-Vape-265x300.jpg 265w, https:\/\/vapestornado.com\/wp-content\/uploads\/2024\/12\/Wholesale-Disposable-Vape-768x871.jpg 768w, https:\/\/vapestornado.com\/wp-content\/uploads\/2024\/12\/Wholesale-Disposable-Vape-600x680.jpg 600w, https:\/\/vapestornado.com\/wp-content\/uploads\/2024\/12\/Wholesale-Disposable-Vape.jpg 823w\" sizes=\"(max-width: 265px) 100vw, 265px\" \/><figcaption id=\"caption-attachment-2951\" class=\"wp-caption-text\">F\u00fcr Rabattpreis kontaktieren Sie bitte Mandys WhatsApp<a href=\"https:\/\/wa.me\/8618077105796\">+8618077105796<\/a><\/figcaption><\/figure>\n<p>&nbsp;<\/p>","protected":false},"featured_media":3052,"comment_status":"open","ping_status":"closed","template":"","meta":{"_acf_changed":false,"_uag_custom_page_level_css":"","_lmt_disableupdate":"no","_lmt_disable":"","_monsterinsights_skip_tracking":false,"_monsterinsights_sitenote_active":false,"_monsterinsights_sitenote_note":"","_monsterinsights_sitenote_category":0,"site-sidebar-layout":"default","site-content-layout":"","ast-site-content-layout":"default","site-content-style":"default","site-sidebar-style":"default","ast-global-header-display":"","ast-banner-title-visibility":"","ast-main-header-display":"","ast-hfb-above-header-display":"","ast-hfb-below-header-display":"","ast-hfb-mobile-header-display":"","site-post-title":"","ast-breadcrumbs-content":"","ast-featured-img":"","footer-sml-layout":"","ast-disable-related-posts":"","theme-transparent-header-meta":"default","adv-header-id-meta":"","stick-header-meta":"","header-above-stick-meta":"","header-main-stick-meta":"","header-below-stick-meta":"","astra-migrate-meta-layouts":"set","ast-page-background-enabled":"default","ast-page-background-meta":{"desktop":{"background-color":"","background-image":"","background-repeat":"repeat","background-position":"center center","background-size":"auto","background-attachment":"scroll","background-type":"","background-media":"","overlay-type":"","overlay-color":"","overlay-opacity":"","overlay-gradient":""},"tablet":{"background-color":"","background-image":"","background-repeat":"repeat","background-position":"center center","background-size":"auto","background-attachment":"scroll","background-type":"","background-media":"","overlay-type":"","overlay-color":"","overlay-opacity":"","overlay-gradient":""},"mobile":{"background-color":"","background-image":"","background-repeat":"repeat","background-position":"center center","background-size":"auto","background-attachment":"scroll","background-type":"","background-media":"","overlay-type":"","overlay-color":"","overlay-opacity":"","overlay-gradient":""}},"ast-content-background-meta":{"desktop":{"background-color":"var(--ast-global-color-5)","background-image":"","background-repeat":"repeat","background-position":"center center","background-size":"auto","background-attachment":"scroll","background-type":"","background-media":"","overlay-type":"","overlay-color":"","overlay-opacity":"","overlay-gradient":""},"tablet":{"background-color":"var(--ast-global-color-5)","background-image":"","background-repeat":"repeat","background-position":"center center","background-size":"auto","background-attachment":"scroll","background-type":"","background-media":"","overlay-type":"","overlay-color":"","overlay-opacity":"","overlay-gradient":""},"mobile":{"background-color":"var(--ast-global-color-5)","background-image":"","background-repeat":"repeat","background-position":"center center","background-size":"auto","background-attachment":"scroll","background-type":"","background-media":"","overlay-type":"","overlay-color":"","overlay-opacity":"","overlay-gradient":""}},"_joinchat":{"telephone":"+8618077105796"}},"product_brand":[],"product_cat":[71,140,153,158,159,160,141,59],"product_tag":[97,111],"class_list":{"0":"post-3033","1":"product","2":"type-product","3":"status-publish","4":"has-post-thumbnail","6":"product_cat-15000-puff","7":"product_cat-big-puffs-disposable-vapes","8":"product_cat-buy-disposable-vapes-in-italy","9":"product_cat-buy-disposable-vapes-in-spain","10":"product_cat-buy-disposable-vapes-in-sweden","11":"product_cat-buy-disposable-vapes-in-switzerland","12":"product_cat-crystal-disposable-vapes","13":"product_cat-wga-crystal-vape","14":"product_tag-hot-sale-disposable-vape","15":"product_tag-wga-15k-puffs","16":"desktop-align-left","17":"tablet-align-left","18":"mobile-align-left","20":"first","21":"instock","22":"sale","23":"shipping-taxable","24":"purchasable","25":"product-type-simple"},"acf":[],"uagb_featured_image_src":{"full":["https:\/\/vapestornado.com\/wp-content\/uploads\/2024\/12\/WGA-15000-PUFFS-JUICY-PEACH-Disposable-Vape.jpg",800,800,false],"thumbnail":["https:\/\/vapestornado.com\/wp-content\/uploads\/2024\/12\/WGA-15000-PUFFS-JUICY-PEACH-Disposable-Vape-150x150.jpg",150,150,true],"medium":["https:\/\/vapestornado.com\/wp-content\/uploads\/2024\/12\/WGA-15000-PUFFS-JUICY-PEACH-Disposable-Vape-300x300.jpg",300,300,true],"medium_large":["https:\/\/vapestornado.com\/wp-content\/uploads\/2024\/12\/WGA-15000-PUFFS-JUICY-PEACH-Disposable-Vape-768x768.jpg",768,768,true],"large":["https:\/\/vapestornado.com\/wp-content\/uploads\/2024\/12\/WGA-15000-PUFFS-JUICY-PEACH-Disposable-Vape.jpg",800,800,false],"1536x1536":["https:\/\/vapestornado.com\/wp-content\/uploads\/2024\/12\/WGA-15000-PUFFS-JUICY-PEACH-Disposable-Vape.jpg",800,800,false],"2048x2048":["https:\/\/vapestornado.com\/wp-content\/uploads\/2024\/12\/WGA-15000-PUFFS-JUICY-PEACH-Disposable-Vape.jpg",800,800,false],"trp-custom-language-flag":["https:\/\/vapestornado.com\/wp-content\/uploads\/2024\/12\/WGA-15000-PUFFS-JUICY-PEACH-Disposable-Vape.jpg",12,12,false],"woocommerce_thumbnail":["https:\/\/vapestornado.com\/wp-content\/uploads\/2024\/12\/WGA-15000-PUFFS-JUICY-PEACH-Disposable-Vape-300x300.jpg",300,300,true],"woocommerce_single":["https:\/\/vapestornado.com\/wp-content\/uploads\/2024\/12\/WGA-15000-PUFFS-JUICY-PEACH-Disposable-Vape-600x600.jpg",600,600,true],"woocommerce_gallery_thumbnail":["https:\/\/vapestornado.com\/wp-content\/uploads\/2024\/12\/WGA-15000-PUFFS-JUICY-PEACH-Disposable-Vape-100x100.jpg",100,100,true]},"uagb_author_info":{"display_name":"ESMANDY","author_link":"https:\/\/vapestornado.com\/de\/author\/"},"uagb_comment_info":0,"uagb_excerpt":"WGA Crystal Pro Max 15k Puffs vape pods at wholesale prices. Enjoy long-lasting puffs, premium flavors, and bulk purchase options for your business. [caption id=\"attachment_2951\" align=\"alignnone\" width=\"265\"] Pls Contact Mandy's WhatsApp For Discount Price+8618077105796[\/caption] &nbsp;","_links":{"self":[{"href":"https:\/\/vapestornado.com\/de\/wp-json\/wp\/v2\/product\/3033","targetHints":{"allow":["GET"]}}],"collection":[{"href":"https:\/\/vapestornado.com\/de\/wp-json\/wp\/v2\/product"}],"about":[{"href":"https:\/\/vapestornado.com\/de\/wp-json\/wp\/v2\/types\/product"}],"replies":[{"embeddable":true,"href":"https:\/\/vapestornado.com\/de\/wp-json\/wp\/v2\/comments?post=3033"}],"wp:featuredmedia":[{"embeddable":true,"href":"https:\/\/vapestornado.com\/de\/wp-json\/wp\/v2\/media\/3052"}],"wp:attachment":[{"href":"https:\/\/vapestornado.com\/de\/wp-json\/wp\/v2\/media?parent=3033"}],"wp:term":[{"taxonomy":"product_brand","embeddable":true,"href":"https:\/\/vapestornado.com\/de\/wp-json\/wp\/v2\/product_brand?post=3033"},{"taxonomy":"product_cat","embeddable":true,"href":"https:\/\/vapestornado.com\/de\/wp-json\/wp\/v2\/product_cat?post=3033"},{"taxonomy":"product_tag","embeddable":true,"href":"https:\/\/vapestornado.com\/de\/wp-json\/wp\/v2\/product_tag?post=3033"}],"curies":[{"name":"wp","href":"https:\/\/api.w.org\/{rel}","templated":true}]}}