{"id":3021,"date":"2024-12-09T09:52:59","date_gmt":"2024-12-09T09:52:59","guid":{"rendered":"https:\/\/vapestornado.com\/?post_type=product&#038;p=3021"},"modified":"2025-12-05T09:42:57","modified_gmt":"2025-12-05T09:42:57","slug":"bang-36000-smart-disposable-vape-wholesale-shop-online","status":"publish","type":"product","link":"https:\/\/vapestornado.com\/de\/product\/bang-36000-smart-disposable-vape-wholesale-shop-online\/","title":{"rendered":"Bang 36000 Smart Einweg-Vape Gro\u00dfhandel Shop Online"},"content":{"rendered":"<div class=\"flex-shrink-0 flex flex-col relative items-end\">\n<div>\n<div class=\"pt-0\">\n<div class=\"gizmo-bot-avatar flex h-8 w-8 items-center justify-center overflow-hidden rounded-full\">\n<div class=\"relative p-1 rounded-sm flex items-center justify-center bg-token-main-surface-primary text-token-text-primary h-8 w-8\"><\/div>\n<\/div>\n<\/div>\n<\/div>\n<\/div>\n<div class=\"group\/conversation-turn relative flex w-full min-w-0 flex-col agent-turn\">\n<div class=\"flex-col gap-1 md:gap-3\">\n<div class=\"flex max-w-full flex-col flex-grow\">\n<div class=\"min-h-8 text-message flex w-full flex-col items-end gap-2 whitespace-normal break-words text-start [.text-message+&amp;]:mt-5\" dir=\"auto\" data-message-author-role=\"assistant\" data-message-id=\"24923bbb-bc24-49c4-aeeb-a72cf182457d\" data-message-model-slug=\"gpt-4o\">\n<div class=\"flex w-full flex-col gap-1 empty:hidden first:pt-[3px]\">\n<div class=\"markdown prose w-full break-words dark:prose-invert light\">\n<h3><strong>Bang 36000 Smart Einweg-Vape Gro\u00dfhandel Shop Online<\/strong><\/h3>\n<\/div>\n<\/div>\n<\/div>\n<\/div>\n<\/div>\n<\/div>\n<p data-start=\"289\" data-end=\"603\">Bang 36000 Smart Einweg-Vape bietet eine lange Laufzeit von 36.000 Z\u00fcgen mit einem 30 ml Tank, 0,6\u03a9 Mesh-Spule, einstellbarem Luftstrom, einem Live-LED-Statusbildschirm und einer 650mAh Typ-C wiederaufladbaren Batterie in einem kompakten Ger\u00e4t.<\/p>\n<p data-start=\"571\" data-end=\"921\"><strong data-start=\"571\" data-end=\"615\">36.000 Z\u00fcge, unterst\u00fctzt durch einen vollst\u00e4ndigen 30 ml Tank.<\/strong><br data-start=\"615\" data-end=\"618\" \/>Der <strong data-start=\"622\" data-end=\"658\">Bang 36000 Smart Einweg-Vape<\/strong> liegt im Hochkapazit\u00e4tsbereich f\u00fcr Menschen, die t\u00e4glich dampfen und keine kleinen Einheiten st\u00e4ndig austauschen m\u00f6chten. Ein <strong data-start=\"768\" data-end=\"797\">30ml vorbef\u00fcllten Tank<\/strong> unterst\u00fctzt die Zugsrate im normalen Gebrauch, sodass das Ger\u00e4t l\u00e4nger h\u00e4lt als Standard-Einwegprodukte und Ihren Routineablauf stabil h\u00e4lt.<\/p>\n<p data-start=\"923\" data-end=\"1193\"><strong data-start=\"923\" data-end=\"971\">Intelligenter LED-Bildschirm, der anzeigt, was \u00fcbrig ist.<\/strong><br data-start=\"971\" data-end=\"974\" \/>Ein eingebauter <strong data-start=\"985\" data-end=\"1010\">LED-Anzeige<\/strong> zeigt <strong data-start=\"1017\" data-end=\"1067\">Batteriestand und E-Liquid-Status in Echtzeit<\/strong>. Es ist eine einfache Funktion, aber n\u00fctzlich: Sie wissen, wann Sie nachladen m\u00fcssen und wann der Tank zur Neige geht, ohne mitten im Gebrauch zu raten.<\/p>\n<p data-start=\"1195\" data-end=\"1456\"><strong data-start=\"1195\" data-end=\"1238\">0,6\u03a9 Mesh-Spule f\u00fcr dichten, glatten Dampf.<\/strong><br data-start=\"1238\" data-end=\"1241\" \/>Der <strong data-start=\"1245\" data-end=\"1265\">0,6\u03a9 Mesh-Spule<\/strong> ist auf einen offenen Zug und dickeren Dampf abgestimmt. Mesh-Heizung verteilt die Temperatur gleichm\u00e4\u00dfig, hilft, den Geschmack klar zu halten, und reduziert den trockenen, verbrannten Rand, den viele Hoch-Zug-Einwegprodukte gegen Ende bekommen.<\/p>\n<p data-start=\"1458\" data-end=\"1688\"><strong data-start=\"1458\" data-end=\"1496\">Luftstromregulierung f\u00fcr deinen Stil.<\/strong><br data-start=\"1496\" data-end=\"1499\" \/>Die Luftstromregelung erm\u00f6glicht es Ihnen, einen engeren Zug oder einen offeneren Inhalation zu w\u00e4hlen. Raucher, die einen Widerstand \u00e4hnlich einer Zigarette w\u00fcnschen, k\u00f6nnen ihn verringern; Nutzer, die einen lockereren Zug bevorzugen, k\u00f6nnen ihn \u00f6ffnen.<\/p>\n<p data-start=\"1690\" data-end=\"1987\"><strong data-start=\"1690\" data-end=\"1740\">Wiederaufladbare Typ-C-Stromversorgung plus Nikotinspektrum.<\/strong><br data-start=\"1740\" data-end=\"1743\" \/>Bang 36k Smart Einweg-Vape wird mit einem <strong data-start=\"1745\" data-end=\"1776\">650mAh wiederaufladbarer Akku<\/strong> mit <strong data-start=\"1782\" data-end=\"1810\">USB Typ-C Schnellladung<\/strong> H\u00e4lt Ausfallzeiten kurz und l\u00e4sst Sie den Tank fertig verwenden, anstatt den Vape fr\u00fchzeitig zu entsorgen. Nikotinauswahl deckt <strong data-start=\"1919\" data-end=\"1941\">0%, 2%, 3% und 5%<\/strong>, damit Nutzer die St\u00e4rke an ihre t\u00e4glichen Gewohnheiten anpassen k\u00f6nnen.<\/p>\n<p>&nbsp;<\/p>\n<p><strong>F\u00fcgen Sie Amy's WhatsApp hinzu, um eine richtige Antwort und einen Vape-Gutschein zu erhalten!<\/strong><\/p>\n<p><img fetchpriority=\"high\" decoding=\"async\" class=\"size-full wp-image-2932\" src=\"https:\/\/vapestornado.com\/wp-content\/uploads\/2024\/12\/Vape-Wholesale.jpg\" alt=\"Vape-Gro\u00dfhandel\" width=\"229\" height=\"300\" \/><\/p>\n<h3><a href=\"https:\/\/wa.me\/8617776015835\" target=\"_blank\" rel=\"noopener\"><span style=\"color: #ff0000;\"><strong>WhatsApp: +86 17776015835<\/strong><\/span><\/a><\/h3>\n<p>&nbsp;<\/p>\n<h4><strong style=\"font-size: 1.7em;\">\u00a0Bang 36000 Produktmerkmale<\/strong><\/h4>\n<table>\n<thead>\n<tr>\n<th>Merkmal \/ Parameter<\/th>\n<th align=\"right\">Spezifikation<\/th>\n<th>Erl\u00e4uterung<\/th>\n<\/tr>\n<\/thead>\n<tbody>\n<tr>\n<td>Produktname<\/td>\n<td align=\"right\">Bang 36000 Smart Einweg-Vape<\/td>\n<td>Klare Modellbezeichnung f\u00fcr Nachbestellungen und Suche.<\/td>\n<\/tr>\n<tr>\n<td>Zugkapazit\u00e4t<\/td>\n<td align=\"right\">Bis zu 36.000 Z\u00fcge<\/td>\n<td>Hochlauf-wegwerfbar; weniger Austausch<\/td>\n<\/tr>\n<tr>\n<td>E-Liquid-Volumen<\/td>\n<td align=\"right\">30ml vorgef\u00fcllt<\/td>\n<td>Gro\u00dfer Tank unterst\u00fctzt die 36K-Bewertung.<\/td>\n<\/tr>\n<tr>\n<td>Spule \/ Widerstand<\/td>\n<td align=\"right\">0.6\u03a9 Mesh-Coil<\/td>\n<td>Offener Zug, dichter Dampf, gleichm\u00e4\u00dfiger Geschmack.<\/td>\n<\/tr>\n<tr>\n<td>Luftstrom<\/td>\n<td align=\"right\">Verstellbar<\/td>\n<td>Enge Zug- oder offenes Inhalieren, der Nutzer entscheidet.<\/td>\n<\/tr>\n<tr>\n<td>Batterie<\/td>\n<td align=\"right\">650mAh wiederaufladbar<\/td>\n<td>Aufladen, um den vollen Tank zu verwenden.<\/td>\n<\/tr>\n<tr>\n<td>Aufladen<\/td>\n<td align=\"right\">USB Typ-C Schnellladung<\/td>\n<td>Standardkabel und schnelle Nachf\u00fcllungen.<\/td>\n<\/tr>\n<tr>\n<td>Nikotin Optionen<\/td>\n<td align=\"right\">0% \/ 2% \/ 3% \/ 5%<\/td>\n<td>W\u00e4hlen Sie null Nikotin f\u00fcr einen schw\u00e4cheren Zug oder st\u00e4rkeren Hit.<\/td>\n<\/tr>\n<tr>\n<td>Geschmacksrichtungen<\/td>\n<td align=\"right\">12 Optionen<\/td>\n<td>Deckt die wichtigsten EU-Geschmacksrichtungen ab.<\/td>\n<\/tr>\n<tr>\n<td>Anzeige<\/td>\n<td align=\"right\">Intelligente LED-Batterie + E-Liquid-Anzeige<\/td>\n<td>Echtzeit-Status\u00fcberwachung beim Dampfen.<\/td>\n<\/tr>\n<tr>\n<td>Formfaktor<\/td>\n<td align=\"right\">Kompakter, taschenfertiger K\u00f6rper<\/td>\n<td>Praktisch f\u00fcr den t\u00e4glichen Gebrauch und Reisen.<\/td>\n<\/tr>\n<\/tbody>\n<\/table>\n<p>&nbsp;<\/p>\n<h2 class=\"product-title\"><strong>\u00a0Bang 36000 Geschmacksliste<\/strong><\/h2>\n<p>1. Erdbeere Kiwi<br \/>\n2. Gemischte Beeren<br \/>\n3. Blaubeere auf Eis<br \/>\n4. Traube Eis<br \/>\n5. Kirsche Eis<br \/>\n6. Blaubeere Himbeere Limonade<br \/>\n7. Pfirsich Eis<br \/>\n8. Erdbeere Wassermelone<br \/>\n9. Pfirsich Mango Wassermelone<br \/>\n10. Wassermelone Eis<\/p>\n<h3>Warum vapestornado f\u00fcr den Bang 36k Vape Gro\u00dfhandel w\u00e4hlen?<\/h3>\n<div class=\"flex-shrink-0 flex flex-col relative items-end\">\n<div class=\"pt-0\">\n<div class=\"gizmo-bot-avatar flex h-8 w-8 items-center justify-center overflow-hidden rounded-full\">\n<div class=\"relative p-1 rounded-sm flex items-center justify-center bg-token-main-surface-primary text-token-text-primary h-8 w-8\">\n<p>Willkommen bei vapestornado, Ihrem vertrauensw\u00fcrdigen Online-Vape-Shop f\u00fcr hochwertige Einweg-Vapes. Mit mehr als 5 Jahren Erfahrung bieten wir Ihnen beliebte Einweg-Vape-Marken wie Fumot RandM Vape, Vapme, Bang Vape, Waspe Vape und WGA Vape, usw.<\/p>\n<p>Unser Sortiment umfasst hei\u00df verkaufte Vapes wie den <a href=\"https:\/\/vapestornado.com\/de\/product\/fumot-randm-tornado-15000-puffs-rechargeable-disposable-vape-wholesale\/\">RandM Tornado 15000<\/a>, und geschmacksreiche Optionen wie den <a href=\"https:\/\/vapestornado.com\/de\/product\/waspe-40000-puffs-double-flavour-led-display-disposable-vape-wholesale\/\">WASPE Doppelgeschmack 40000 Z\u00fcge<\/a> . Jedes Produkt wird mit Fokus auf Qualit\u00e4t, Wert und Vielfalt ausgew\u00e4hlt, um sicherzustellen, dass Sie die perfekte \u00dcbereinstimmung f\u00fcr Ihre Bed\u00fcrfnisse finden. Entdecken Sie au\u00dfergew\u00f6hnlichen Service und eine breite Palette an Top-Produkten bei vapestornado.<\/p>\n<\/div>\n<h3><\/h3>\n<div class=\"relative p-1 rounded-sm flex items-center justify-center bg-token-main-surface-primary text-token-text-primary h-8 w-8\">\n<h3>FAQs f\u00fcr den wiederaufladbaren Einweg-Vape Bang 36000<\/h3>\n<\/div>\n<\/div>\n<\/div>\n<\/div>\n<div class=\"group\/conversation-turn relative flex w-full min-w-0 flex-col agent-turn\">\n<div class=\"flex-col gap-1 md:gap-3\">\n<div class=\"flex max-w-full flex-col flex-grow\">\n<div class=\"min-h-8 text-message flex w-full flex-col items-end gap-2 whitespace-normal break-words [.text-message+&amp;]:mt-5\" dir=\"auto\" data-message-author-role=\"assistant\" data-message-id=\"db716a1c-9ed0-4b8d-b3b0-7bdb913c3d42\" data-message-model-slug=\"gpt-4o\">\n<div class=\"flex w-full flex-col gap-1 empty:hidden first:pt-[3px]\">\n<div class=\"markdown prose w-full break-words dark:prose-invert light\">\n<div class=\"flex max-w-full flex-col flex-grow\">\n<div class=\"min-h-8 text-message flex w-full flex-col items-end gap-2 whitespace-normal break-words text-start [.text-message+&amp;]:mt-5\" dir=\"auto\" data-message-author-role=\"assistant\" data-message-id=\"2dbf2369-71ab-44c2-8168-31d5a517a1e4\" data-message-model-slug=\"gpt-4o-mini\">\n<div class=\"flex w-full flex-col gap-1 empty:hidden first:pt-[3px]\">\n<div class=\"markdown prose w-full break-words dark:prose-invert light\">\n<article class=\"text-token-text-primary w-full focus:outline-none [--shadow-height:45px] has-data-writing-block:pointer-events-none has-data-writing-block:-mt-(--shadow-height) has-data-writing-block:pt-(--shadow-height) [&amp;:has([data-writing-block])&gt;*]:pointer-events-auto scroll-mt-[calc(var(--header-height)+min(200px,max(70px,20svh)))]\" dir=\"auto\" tabindex=\"-1\" data-turn-id=\"ee759558-2db1-4861-8932-66c87485c242\" data-testid=\"conversation-turn-82\" data-scroll-anchor=\"true\" data-turn=\"assistant\">\n<div class=\"text-base my-auto mx-auto pb-10 [--thread-content-margin:--spacing(4)] @w-sm\/main:[--thread-content-margin:--spacing(6)] @w-lg\/main:[--thread-content-margin:--spacing(16)] px-(--thread-content-margin)\">\n<div class=\"[--thread-content-max-width:40rem] @w-lg\/main:[--thread-content-max-width:48rem] mx-auto max-w-(--thread-content-max-width) flex-1 group\/turn-messages focus-visible:outline-hidden relative flex w-full min-w-0 flex-col agent-turn\" tabindex=\"-1\">\n<div class=\"flex max-w-full flex-col grow\">\n<div class=\"min-h-8 text-message relative flex w-full flex-col items-end gap-2 text-start break-words whitespace-normal [.text-message+&amp;]:mt-1\" dir=\"auto\" data-message-author-role=\"assistant\" data-message-id=\"370325a1-2e03-4ed2-9b16-18960ddf0293\" data-message-model-slug=\"gpt-5-1\">\n<div class=\"flex w-full flex-col gap-1 empty:hidden first:pt-[1px]\">\n<div class=\"markdown prose dark:prose-invert w-full break-words light markdown-new-styling\">\n<p data-start=\"0\" data-end=\"139\">\n<ol data-start=\"141\" data-end=\"1633\">\n<li data-start=\"141\" data-end=\"427\">\n<p data-start=\"144\" data-end=\"427\"><strong data-start=\"144\" data-end=\"221\">Ist der Bang 36000 Smart Disposable Vape f\u00fcr MTL oder einen lockereren Zug geeignet?<\/strong><br data-start=\"221\" data-end=\"224\" \/>Ja. Das <strong data-start=\"233\" data-end=\"269\" data-is-only-node=\"\">Bang 36000 Smart Einweg-Vape<\/strong> Hat eine verstellbare Luftzufuhr, sodass sie f\u00fcr einen engeren MTL-\u00e4hnlichen Zug eingestellt oder f\u00fcr einen lockereren Inhalation ge\u00f6ffnet werden kann. Dies hilft Ex-Rauchern, den gewohnten Zug anzupassen.<\/p>\n<\/li>\n<li data-start=\"429\" data-end=\"754\">\n<p data-start=\"432\" data-end=\"754\"><strong data-start=\"432\" data-end=\"517\">Kann der Bang King 36K bis zum letzten Tropfen verwendet werden, ohne dass die Leistung nachl\u00e4sst?<\/strong><br data-start=\"517\" data-end=\"520\" \/>Der <strong data-start=\"524\" data-end=\"552\" data-is-only-node=\"\">Bang King 36K Einweg<\/strong> Verwendet eine 0,6\u03a9 Mesh-Spule und wiederaufladbare Batterie. Mesh-Heizung sorgt f\u00fcr gleichm\u00e4\u00dfigere Leistung bei einem gro\u00dfen Tank, und das Wiederaufladen verhindert einen vorzeitigen Batteriestillstand, sodass die Leistung auch bei l\u00e4ngerer Nutzung stabil bleibt.<\/p>\n<\/li>\n<li data-start=\"756\" data-end=\"1035\">\n<p data-start=\"759\" data-end=\"1035\"><strong data-start=\"759\" data-end=\"839\">Warum f\u00fchlt sich mein Bang 36.000 Z\u00fcge Einweg manchmal nach dem Aufladen schw\u00e4cher an?<\/strong><br data-start=\"839\" data-end=\"842\" \/>Direkt nach dem Aufladen kann Kondensation im Luftstrom die ersten paar Z\u00fcge leicht mildern. Machen Sie ein paar kurze Z\u00fcge, und es kl\u00e4rt sich normalerweise. Wenn es weiterhin schwach bleibt, \u00fcberpr\u00fcfen Sie, ob die Luftzufuhr nicht zu eng eingestellt ist.<\/p>\n<\/li>\n<li data-start=\"1037\" data-end=\"1313\">\n<p data-start=\"1040\" data-end=\"1313\"><strong data-start=\"1040\" data-end=\"1120\">Kommt der Bang 36000 Smart Disposable mit gemischten Geschmacksrichtungen f\u00fcr Gro\u00dfbestellungen?<\/strong><br data-start=\"1120\" data-end=\"1123\" \/>Die meisten Gro\u00dfh\u00e4ndler erlauben gemischte Geschmacksrichtungen bei den Kartons f\u00fcr die <strong data-start=\"1175\" data-end=\"1206\" data-is-only-node=\"\">Bang 36000 Smart Disposable<\/strong> Linie. Mit 12 verf\u00fcgbaren Geschmacksrichtungen mischen Gesch\u00e4fte oft Bestseller mit einigen regionalen Favoriten, um die Nachfrage zu testen.<\/p>\n<\/li>\n<li data-start=\"1315\" data-end=\"1633\">\n<p data-start=\"1318\" data-end=\"1633\"><strong data-start=\"1318\" data-end=\"1399\">Wie sollte ich den Bang 36K Smart Disposable aufbewahren, um Leckagen oder Trockenhits zu vermeiden?<\/strong><br data-start=\"1399\" data-end=\"1402\" \/>Bewahren Sie den <strong data-start=\"1412\" data-end=\"1446\" data-is-only-node=\"\">Bang 36K Smart Disposable Vape<\/strong> m\u00f6glichst aufrecht auf und halten Sie ihn von hei\u00dfen Autos oder Frostbedingungen fern. Extreme Temperaturschwankungen k\u00f6nnen Kondensation oder Verd\u00fcnnung des E-Liquids verursachen, was die \u00fcbliche Ursache f\u00fcr kleinere Lecks ist.<\/p>\n<\/li>\n<\/ol>\n<\/div>\n<\/div>\n<\/div>\n<\/div>\n<\/div>\n<\/div>\n<\/article>\n<\/div>\n<\/div>\n<\/div>\n<\/div>\n<\/div>\n<\/div>\n<\/div>\n<\/div>\n<\/div>\n<\/div>","protected":false},"excerpt":{"rendered":"<p>Bang 36000 Smart Einweg-Vape \u2014 36.000 Z\u00fcge, entwickelt f\u00fcr den langen t\u00e4glichen Gebrauch<br \/>\nBang 36K Mesh-Spule und einstellbarer Luftstrom f\u00fcr glatten, dichten Dampf<br \/>\nBang 36000 Smart Einweg mit LED-Bildschirm und Typ-C-Aufladung<\/p>\n<p><strong>F\u00fcge Amy auf WhatsApp hinzu, um sofort eine Antwort und einen Vape-Gutschein zu erhalten!<\/strong><\/p>\n<p><img fetchpriority=\"high\" decoding=\"async\" class=\"size-full wp-image-2932\" src=\"https:\/\/vapestornado.com\/wp-content\/uploads\/2024\/12\/Vape-Wholesale.jpg\" alt=\"Vape-Gro\u00dfhandel\" width=\"229\" height=\"300\" \/><\/p>\n<h3><a href=\"https:\/\/wa.me\/8617776015835\"><span style=\"color: #ff0000;\"><strong>WhatsApp: +86 17776015835<\/strong><\/span><\/a><\/h3>\n<p>&nbsp;<\/p>","protected":false},"featured_media":3006,"comment_status":"open","ping_status":"closed","template":"","meta":{"_acf_changed":false,"_uag_custom_page_level_css":"","_lmt_disableupdate":"no","_lmt_disable":"","_monsterinsights_skip_tracking":false,"_monsterinsights_sitenote_active":false,"_monsterinsights_sitenote_note":"","_monsterinsights_sitenote_category":0,"site-sidebar-layout":"default","site-content-layout":"","ast-site-content-layout":"default","site-content-style":"default","site-sidebar-style":"default","ast-global-header-display":"","ast-banner-title-visibility":"","ast-main-header-display":"","ast-hfb-above-header-display":"","ast-hfb-below-header-display":"","ast-hfb-mobile-header-display":"","site-post-title":"","ast-breadcrumbs-content":"","ast-featured-img":"","footer-sml-layout":"","ast-disable-related-posts":"","theme-transparent-header-meta":"default","adv-header-id-meta":"","stick-header-meta":"","header-above-stick-meta":"","header-main-stick-meta":"","header-below-stick-meta":"","astra-migrate-meta-layouts":"set","ast-page-background-enabled":"default","ast-page-background-meta":{"desktop":{"background-color":"","background-image":"","background-repeat":"repeat","background-position":"center center","background-size":"auto","background-attachment":"scroll","background-type":"","background-media":"","overlay-type":"","overlay-color":"","overlay-opacity":"","overlay-gradient":""},"tablet":{"background-color":"","background-image":"","background-repeat":"repeat","background-position":"center center","background-size":"auto","background-attachment":"scroll","background-type":"","background-media":"","overlay-type":"","overlay-color":"","overlay-opacity":"","overlay-gradient":""},"mobile":{"background-color":"","background-image":"","background-repeat":"repeat","background-position":"center center","background-size":"auto","background-attachment":"scroll","background-type":"","background-media":"","overlay-type":"","overlay-color":"","overlay-opacity":"","overlay-gradient":""}},"ast-content-background-meta":{"desktop":{"background-color":"var(--ast-global-color-5)","background-image":"","background-repeat":"repeat","background-position":"center center","background-size":"auto","background-attachment":"scroll","background-type":"","background-media":"","overlay-type":"","overlay-color":"","overlay-opacity":"","overlay-gradient":""},"tablet":{"background-color":"var(--ast-global-color-5)","background-image":"","background-repeat":"repeat","background-position":"center center","background-size":"auto","background-attachment":"scroll","background-type":"","background-media":"","overlay-type":"","overlay-color":"","overlay-opacity":"","overlay-gradient":""},"mobile":{"background-color":"var(--ast-global-color-5)","background-image":"","background-repeat":"repeat","background-position":"center center","background-size":"auto","background-attachment":"scroll","background-type":"","background-media":"","overlay-type":"","overlay-color":"","overlay-opacity":"","overlay-gradient":""}},"_joinchat":{"telephone":"+8617776015835"}},"product_brand":[],"product_cat":[66,62,149,154,160,146],"product_tag":[109,108,110,105,93],"class_list":{"0":"post-3021","1":"product","2":"type-product","3":"status-publish","4":"has-post-thumbnail","6":"product_cat-36000-puff","7":"product_cat-bang-vape","8":"product_cat-buy-disposable-vapes-in-austria","9":"product_cat-buy-disposable-vapes-in-netherlands","10":"product_cat-buy-disposable-vapes-in-switzerland","11":"product_cat-rechargeable-disposable-vapes","12":"product_tag-bang-36000","13":"product_tag-bang-vape-36000","14":"product_tag-bang-vape-36k","15":"product_tag-digital-disposable-vape","16":"product_tag-vape-wholesale","17":"desktop-align-left","18":"tablet-align-left","19":"mobile-align-left","21":"first","22":"instock","23":"sale","24":"shipping-taxable","25":"purchasable","26":"product-type-simple"},"acf":[],"uagb_featured_image_src":{"full":["https:\/\/vapestornado.com\/wp-content\/uploads\/2024\/12\/Bang-36000-Puffs-Disposable-Vape-Wholesale-Price.jpg",1126,1126,false],"thumbnail":["https:\/\/vapestornado.com\/wp-content\/uploads\/2024\/12\/Bang-36000-Puffs-Disposable-Vape-Wholesale-Price-150x150.jpg",150,150,true],"medium":["https:\/\/vapestornado.com\/wp-content\/uploads\/2024\/12\/Bang-36000-Puffs-Disposable-Vape-Wholesale-Price-300x300.jpg",300,300,true],"medium_large":["https:\/\/vapestornado.com\/wp-content\/uploads\/2024\/12\/Bang-36000-Puffs-Disposable-Vape-Wholesale-Price-768x768.jpg",768,768,true],"large":["https:\/\/vapestornado.com\/wp-content\/uploads\/2024\/12\/Bang-36000-Puffs-Disposable-Vape-Wholesale-Price-1024x1024.jpg",1024,1024,true],"1536x1536":["https:\/\/vapestornado.com\/wp-content\/uploads\/2024\/12\/Bang-36000-Puffs-Disposable-Vape-Wholesale-Price.jpg",1126,1126,false],"2048x2048":["https:\/\/vapestornado.com\/wp-content\/uploads\/2024\/12\/Bang-36000-Puffs-Disposable-Vape-Wholesale-Price.jpg",1126,1126,false],"trp-custom-language-flag":["https:\/\/vapestornado.com\/wp-content\/uploads\/2024\/12\/Bang-36000-Puffs-Disposable-Vape-Wholesale-Price.jpg",12,12,false],"woocommerce_thumbnail":["https:\/\/vapestornado.com\/wp-content\/uploads\/2024\/12\/Bang-36000-Puffs-Disposable-Vape-Wholesale-Price-300x300.jpg",300,300,true],"woocommerce_single":["https:\/\/vapestornado.com\/wp-content\/uploads\/2024\/12\/Bang-36000-Puffs-Disposable-Vape-Wholesale-Price-600x600.jpg",600,600,true],"woocommerce_gallery_thumbnail":["https:\/\/vapestornado.com\/wp-content\/uploads\/2024\/12\/Bang-36000-Puffs-Disposable-Vape-Wholesale-Price-100x100.jpg",100,100,true]},"uagb_author_info":{"display_name":"ESAMY","author_link":"https:\/\/vapestornado.com\/de\/author\/"},"uagb_comment_info":0,"uagb_excerpt":"Bang 36000 Smart Disposable Vape \u2014 36K Puffs Built for Long Daily Use Bang 36K Mesh Coil and Adjustable Airflow for Smooth, Dense Vapor Bang 36000 Smart Disposable with LED Screen and Type-C Rechargeable Power Add Amy's whatsapp to get right reply and vape vape coupon! WhatsApp: +86 17776015835 &nbsp;","_links":{"self":[{"href":"https:\/\/vapestornado.com\/de\/wp-json\/wp\/v2\/product\/3021","targetHints":{"allow":["GET"]}}],"collection":[{"href":"https:\/\/vapestornado.com\/de\/wp-json\/wp\/v2\/product"}],"about":[{"href":"https:\/\/vapestornado.com\/de\/wp-json\/wp\/v2\/types\/product"}],"replies":[{"embeddable":true,"href":"https:\/\/vapestornado.com\/de\/wp-json\/wp\/v2\/comments?post=3021"}],"wp:featuredmedia":[{"embeddable":true,"href":"https:\/\/vapestornado.com\/de\/wp-json\/wp\/v2\/media\/3006"}],"wp:attachment":[{"href":"https:\/\/vapestornado.com\/de\/wp-json\/wp\/v2\/media?parent=3021"}],"wp:term":[{"taxonomy":"product_brand","embeddable":true,"href":"https:\/\/vapestornado.com\/de\/wp-json\/wp\/v2\/product_brand?post=3021"},{"taxonomy":"product_cat","embeddable":true,"href":"https:\/\/vapestornado.com\/de\/wp-json\/wp\/v2\/product_cat?post=3021"},{"taxonomy":"product_tag","embeddable":true,"href":"https:\/\/vapestornado.com\/de\/wp-json\/wp\/v2\/product_tag?post=3021"}],"curies":[{"name":"wp","href":"https:\/\/api.w.org\/{rel}","templated":true}]}}